{"id":230719,"date":"2025-04-04T15:50:12","date_gmt":"2025-04-04T18:50:12","guid":{"rendered":"https:\/\/centroreservasbariloche.com\/?post_type=product&#038;p=230719"},"modified":"2026-04-09T09:15:38","modified_gmt":"2026-04-09T12:15:38","slug":"puerto-blest-cascada-cantaros-lago-frias","status":"publish","type":"product","link":"https:\/\/centroreservasbariloche.com\/en\/product\/puerto-blest-cantaros-waterfall-frias-lake","title":{"rendered":"Puerto Blest and Lago Fr\u00edas from Puerto Pa\u00f1uelo (without transfer)"},"content":{"rendered":"<h3 data-start=\"516\" data-end=\"605\">Two navigations and a nature walk, with direct departure from the pier<\/h3>\n<p data-start=\"606\" data-end=\"937\">If you or your group already have your own mobility, this option is perfect to enjoy the best of Nahuel Huapi National Park without depending on transfers. The starting point is <strong data-start=\"788\" data-end=\"806\">Puerto Pa\u00f1uelo<\/strong>, located at kilometer 25 of Bustillo Avenue. The activity begins at <strong data-start=\"884\" data-end=\"895\">9:00 a.m.<\/strong>, with an estimated return at <strong data-start=\"924\" data-end=\"936\">18:00 hs<\/strong>.<\/p>\n<p data-start=\"939\" data-end=\"1255\">From the dock you will embark on a guided navigation along the <strong data-start=\"996\" data-end=\"1033\">Blest Arm of Lake Nahuel Huapi<\/strong>, We will cross an imposing environment of mountains and Valdivian jungle. Arriving at <strong data-start=\"1112\" data-end=\"1128\">Puerto Blest<\/strong>, a second boat will take you through the <strong data-start=\"1170\" data-end=\"1184\">Lake Frias<\/strong>, The area is a place of glacial green waters and unique landscapes in front of Cerro Tronador.<\/p>\n<p data-start=\"1257\" data-end=\"1589\">During the excursion you can also take the optional hike to the <strong data-start=\"1327\" data-end=\"1351\">Los C\u00e1ntaros Waterfall<\/strong>, The tour is accessible by wooden walkways through the native vegetation. The entire tour is accompanied by a guide in Spanish (optional bilingual), and is suitable for individual travelers as well as educational, international or institutional groups.<\/p>\n<h3 data-start=\"1596\" data-end=\"1622\">Frequently Asked Questions<\/h3>\n<p data-start=\"1623\" data-end=\"1768\"><strong data-start=\"1623\" data-end=\"1670\">How do I get to Puerto Pa\u00f1uelo on my own?<\/strong><br data-start=\"1670\" data-end=\"1673\" \/>It is located at km 25 of Bustillo Avenue. It can be reached by car, cab, remis or colectivo.<\/p>\n<p data-start=\"1770\" data-end=\"1908\"><strong data-start=\"1770\" data-end=\"1802\">What does this tour include?<\/strong><br data-start=\"1802\" data-end=\"1805\" \/>Includes navigation to Puerto Blest and Lago Frias, Spanish speaking guide and optional hike to the waterfall.<\/p>\n<p data-start=\"1910\" data-end=\"2046\"><strong data-start=\"1910\" data-end=\"1936\">What is not included?<\/strong><br data-start=\"1936\" data-end=\"1939\" \/>It does not include transfer to the port, entrance fees to the National Park, boarding fees or meals.<\/p>\n<p data-start=\"2048\" data-end=\"2197\"><strong data-start=\"2048\" data-end=\"2101\">Is it suitable for large groups or educational trips?<\/strong><br data-start=\"2101\" data-end=\"2104\" \/>Yes, it is ideal for self-managed groups looking for a complete and well-organized activity.<\/p>","protected":false},"excerpt":{"rendered":"<p data-start=\"2449\" data-end=\"2631\">Excursion without transfer from Puerto Pa\u00f1uelo. Navigation to Puerto Blest and Lago Frias, hike to Los Cantaros waterfall and guide in Spanish. Ideal for groups arriving on their own.<\/p>","protected":false},"featured_media":231593,"comment_status":"open","ping_status":"closed","template":"","meta":[],"product_brand":[],"product_cat":[38,32,45,53,36,35,55],"product_tag":[],"class_list":{"0":"post-230719","1":"product","2":"type-product","3":"status-publish","4":"has-post-thumbnail","6":"product_cat-adultos","7":"product_cat-familia","8":"product_cat-lacustre","9":"product_cat-ninos","10":"product_cat-sin-comida","11":"product_cat-sin-traslado","12":"product_cat-todo-el-ano-temporada","14":"first","15":"instock","16":"virtual","17":"sold-individually","18":"purchasable","19":"product-type-booking"},"booking_location":"","booking_location_type":"","booking_duration":60,"booking_duration_unit":"minute","booking_buffer":0,"booking_cost":0,"booking_resources":[],"exclude_global_add_ons":false,"addons":[{"name":"ADU | Adult","type":"input_multiplier","position":0,"required":false,"title_format":"label","default":"","description_enable":false,"description":"","placeholder_enable":false,"placeholder":"","display":"select","restrictions_type":"any_text","adjust_price":true,"price":"190000","price_type":"quantity_based","restrictions":false,"min":"0","max":"0","options":[],"id":1773233364},{"name":"MEN512 | from 5 to 12","type":"input_multiplier","position":1,"required":false,"title_format":"label","default":"","description_enable":false,"description":"","placeholder_enable":false,"placeholder":"","display":"select","restrictions_type":"any_text","adjust_price":true,"price":"97000","price_type":"quantity_based","restrictions":false,"min":"0","max":"0","options":[],"id":1773233365},{"name":"ADUJ : Retired","type":"input_multiplier","position":2,"required":false,"title_format":"label","default":"","description_enable":false,"description":"","placeholder_enable":false,"placeholder":"","display":"select","restrictions_type":"any_text","adjust_price":true,"price":"97000","price_type":"quantity_based","restrictions":false,"min":"0","max":"0","options":[],"id":1773233366}],"yoast_head":"<!-- This site is optimized with the Yoast SEO Premium plugin v24.5 (Yoast SEO v24.8) - https:\/\/yoast.com\/wordpress\/plugins\/seo\/ -->\n<title>Puerto Blest y Lago Fr\u00edas desde Puerto Pa\u00f1uelo (sin traslado) - Centro Reservas Bariloche Patagonia Argentina<\/title>\n<meta name=\"description\" content=\"Excursi\u00f3n sin traslado a Puerto Blest y Lago Fr\u00edas desde Puerto Pa\u00f1uelo. Ideal para viajeros internacionales o grupos con movilidad propia. Incluye dos navegaciones y gu\u00eda.\" \/>\n<meta name=\"robots\" content=\"index, follow, max-snippet:-1, max-image-preview:large, max-video-preview:-1\" \/>\n<link rel=\"canonical\" href=\"https:\/\/centroreservasbariloche.com\/en\/product\/puerto-blest-cantaros-waterfall-frias-lake\/\" \/>\n<meta property=\"og:locale\" content=\"en_US\" \/>\n<meta property=\"og:type\" content=\"article\" \/>\n<meta property=\"og:title\" content=\"Puerto Blest y Lago Fr\u00edas desde Puerto Pa\u00f1uelo (sin traslado)\" \/>\n<meta property=\"og:description\" content=\"Excursi\u00f3n sin traslado a Puerto Blest y Lago Fr\u00edas desde Puerto Pa\u00f1uelo. Ideal para viajeros internacionales o grupos con movilidad propia. Incluye dos navegaciones y gu\u00eda.\" \/>\n<meta property=\"og:url\" content=\"https:\/\/centroreservasbariloche.com\/en\/product\/puerto-blest-cantaros-waterfall-frias-lake\/\" \/>\n<meta property=\"og:site_name\" content=\"Centro Reservas Bariloche Patagonia Argentina\" \/>\n<meta property=\"article:publisher\" content=\"https:\/\/www.facebook.com\/centroreservasbariloche\" \/>\n<meta property=\"article:modified_time\" content=\"2026-04-09T12:15:38+00:00\" \/>\n<meta property=\"og:image\" content=\"https:\/\/buck.getjasper.digital\/2025\/04\/5-B-WhatsApp-Image-2023-02-21-at-10.55.35-2-scaled.jpg\" \/>\n\t<meta property=\"og:image:width\" content=\"1920\" \/>\n\t<meta property=\"og:image:height\" content=\"2560\" \/>\n\t<meta property=\"og:image:type\" content=\"image\/jpeg\" \/>\n<meta name=\"twitter:card\" content=\"summary_large_image\" \/>\n<meta name=\"twitter:label1\" content=\"Price\" \/>\n\t<meta name=\"twitter:data1\" content=\"&#036;&nbsp;190.000,00\" \/>\n\t<meta name=\"twitter:label2\" content=\"Availability\" \/>\n\t<meta name=\"twitter:data2\" content=\"In stock\" \/>\n<script type=\"application\/ld+json\" class=\"yoast-schema-graph\">{\"@context\":\"https:\/\/schema.org\",\"@graph\":[{\"@type\":[\"WebPage\",\"ItemPage\"],\"@id\":\"https:\/\/centroreservasbariloche.com\/product\/puerto-blest-cascada-cantaros-lago-frias\",\"url\":\"https:\/\/centroreservasbariloche.com\/product\/puerto-blest-cascada-cantaros-lago-frias\",\"name\":\"Puerto Blest y Lago Fr\u00edas desde Puerto Pa\u00f1uelo (sin traslado) - Centro Reservas Bariloche Patagonia Argentina\",\"isPartOf\":{\"@id\":\"https:\/\/centroreservasbariloche.com\/#website\"},\"primaryImageOfPage\":{\"@id\":\"https:\/\/centroreservasbariloche.com\/product\/puerto-blest-cascada-cantaros-lago-frias#primaryimage\"},\"image\":{\"@id\":\"https:\/\/centroreservasbariloche.com\/product\/puerto-blest-cascada-cantaros-lago-frias#primaryimage\"},\"thumbnailUrl\":\"https:\/\/buck.getjasper.digital\/2025\/04\/5-B-WhatsApp-Image-2023-02-21-at-10.55.35-2-scaled.jpg\",\"datePublished\":\"2025-04-04T18:50:12+00:00\",\"dateModified\":\"2026-04-09T12:15:38+00:00\",\"description\":\"Excursi\u00f3n sin traslado a Puerto Blest y Lago Fr\u00edas desde Puerto Pa\u00f1uelo. Ideal para viajeros internacionales o grupos con movilidad propia. Incluye dos navegaciones y gu\u00eda.\",\"breadcrumb\":{\"@id\":\"https:\/\/centroreservasbariloche.com\/product\/puerto-blest-cascada-cantaros-lago-frias#breadcrumb\"},\"inLanguage\":\"en-US\",\"potentialAction\":[{\"@type\":\"ReadAction\",\"target\":[\"https:\/\/centroreservasbariloche.com\/product\/puerto-blest-cascada-cantaros-lago-frias\"]}]},{\"@type\":\"ImageObject\",\"inLanguage\":\"en-US\",\"@id\":\"https:\/\/centroreservasbariloche.com\/product\/puerto-blest-cascada-cantaros-lago-frias#primaryimage\",\"url\":\"https:\/\/buck.getjasper.digital\/2025\/04\/5-B-WhatsApp-Image-2023-02-21-at-10.55.35-2-scaled.jpg\",\"contentUrl\":\"https:\/\/buck.getjasper.digital\/2025\/04\/5-B-WhatsApp-Image-2023-02-21-at-10.55.35-2-scaled.jpg\",\"width\":1920,\"height\":2560},{\"@type\":\"BreadcrumbList\",\"@id\":\"https:\/\/centroreservasbariloche.com\/product\/puerto-blest-cascada-cantaros-lago-frias#breadcrumb\",\"itemListElement\":[{\"@type\":\"ListItem\",\"position\":1,\"name\":\"Home\",\"item\":\"https:\/\/centroreservasbariloche.com\/\"},{\"@type\":\"ListItem\",\"position\":2,\"name\":\"Nuestras actividades\",\"item\":\"https:\/\/centroreservasbariloche.com\/shop\"},{\"@type\":\"ListItem\",\"position\":3,\"name\":\"Puerto Blest y Lago Fr\u00edas desde Puerto Pa\u00f1uelo (sin traslado)\"}]},{\"@type\":\"WebSite\",\"@id\":\"https:\/\/centroreservasbariloche.com\/#website\",\"url\":\"https:\/\/centroreservasbariloche.com\/\",\"name\":\"Centro Reservas Bariloche Patagonia Argentina\",\"description\":\"Centro Reservas Bariloche Patagonia\",\"publisher\":{\"@id\":\"https:\/\/centroreservasbariloche.com\/#organization\"},\"alternateName\":\"tur centra bariloche\",\"potentialAction\":[{\"@type\":\"SearchAction\",\"target\":{\"@type\":\"EntryPoint\",\"urlTemplate\":\"https:\/\/centroreservasbariloche.com\/?s={search_term_string}\"},\"query-input\":{\"@type\":\"PropertyValueSpecification\",\"valueRequired\":true,\"valueName\":\"search_term_string\"}}],\"inLanguage\":\"en-US\"},{\"@type\":[\"Organization\",\"Place\",\"TravelAgency\"],\"@id\":\"https:\/\/centroreservasbariloche.com\/#organization\",\"name\":\"Centro Reservas Bariloche\",\"alternateName\":\"Centro de Reservas\",\"url\":\"https:\/\/centroreservasbariloche.com\/\",\"logo\":{\"@id\":\"https:\/\/centroreservasbariloche.com\/product\/puerto-blest-cascada-cantaros-lago-frias#local-main-organization-logo\"},\"image\":{\"@id\":\"https:\/\/centroreservasbariloche.com\/product\/puerto-blest-cascada-cantaros-lago-frias#local-main-organization-logo\"},\"sameAs\":[\"https:\/\/www.facebook.com\/centroreservasbariloche\"],\"description\":\"Estamos comprometidos en brindarles una experiencia inolvidable, llena de aventura, belleza natural y descubrimientos. No importa si es su primera visita a Bariloche o si ya ha tenido el placer de conocerla, estamos seguros de que encontrar\u00e1 en nuestras excursiones la oportunidad de crear recuerdos duraderos.\",\"legalName\":\"Centro Reservas Bariloche\",\"address\":{\"@id\":\"https:\/\/centroreservasbariloche.com\/product\/puerto-blest-cascada-cantaros-lago-frias#local-main-place-address\"},\"telephone\":[],\"openingHoursSpecification\":[{\"@type\":\"OpeningHoursSpecification\",\"dayOfWeek\":[\"Monday\",\"Tuesday\",\"Wednesday\",\"Thursday\",\"Friday\",\"Saturday\",\"Sunday\"],\"opens\":\"09:00\",\"closes\":\"17:00\"}],\"priceRange\":\"$$\"},{\"@type\":\"PostalAddress\",\"@id\":\"https:\/\/centroreservasbariloche.com\/product\/puerto-blest-cascada-cantaros-lago-frias#local-main-place-address\",\"streetAddress\":\"Mitre 131\",\"addressLocality\":\"San Carlos de Bariloche\",\"postalCode\":\"8400\",\"addressRegion\":\"R\u00edo Negro\",\"addressCountry\":\"AR\"},{\"@type\":\"ImageObject\",\"inLanguage\":\"en-US\",\"@id\":\"https:\/\/centroreservasbariloche.com\/product\/puerto-blest-cascada-cantaros-lago-frias#local-main-organization-logo\",\"url\":\"https:\/\/buck.getjasper.digital\/2025\/06\/centro-de-reservas-2-1.png\",\"contentUrl\":\"https:\/\/buck.getjasper.digital\/2025\/06\/centro-de-reservas-2-1.png\",\"width\":512,\"height\":512,\"caption\":\"Centro Reservas Bariloche\"}]}<\/script>\n<meta property=\"product:price:amount\" content=\"190000.00\" \/>\n<meta property=\"product:price:currency\" content=\"ARS\" \/>\n<meta property=\"og:availability\" content=\"instock\" \/>\n<meta property=\"product:availability\" content=\"instock\" \/>\n<meta property=\"product:retailer_item_id\" content=\"ADV2025PUBLYC33V7\" \/>\n<meta property=\"product:condition\" content=\"new\" \/>\n<meta name=\"geo.placename\" content=\"San Carlos de Bariloche\" \/>\n<meta name=\"geo.region\" content=\"Argentina\" \/>\n<!-- \/ Yoast SEO Premium plugin. -->","yoast_head_json":{"title":"Puerto Blest and Lago Frias from Puerto Pa\u00f1uelo (without transfer) - Centro Reservas Bariloche Patagonia Argentina","description":"Excursion without transfer to Puerto Blest and Lago Frias from Puerto Pa\u00f1uelo. Ideal for international travelers or groups with their own mobility. Includes two navigations and guide.","robots":{"index":"index","follow":"follow","max-snippet":"max-snippet:-1","max-image-preview":"max-image-preview:large","max-video-preview":"max-video-preview:-1"},"canonical":"https:\/\/centroreservasbariloche.com\/en\/product\/puerto-blest-cantaros-waterfall-frias-lake\/","og_locale":"en_US","og_type":"article","og_title":"Puerto Blest y Lago Fr\u00edas desde Puerto Pa\u00f1uelo (sin traslado)","og_description":"Excursi\u00f3n sin traslado a Puerto Blest y Lago Fr\u00edas desde Puerto Pa\u00f1uelo. Ideal para viajeros internacionales o grupos con movilidad propia. Incluye dos navegaciones y gu\u00eda.","og_url":"https:\/\/centroreservasbariloche.com\/en\/product\/puerto-blest-cantaros-waterfall-frias-lake\/","og_site_name":"Centro Reservas Bariloche Patagonia Argentina","article_publisher":"https:\/\/www.facebook.com\/centroreservasbariloche","article_modified_time":"2026-04-09T12:15:38+00:00","og_image":[{"width":1920,"height":2560,"url":"https:\/\/buck.getjasper.digital\/2025\/04\/5-B-WhatsApp-Image-2023-02-21-at-10.55.35-2-scaled.jpg","type":"image\/jpeg"}],"twitter_card":"summary_large_image","twitter_misc":{"Price":"&#36;&nbsp;190.000,00","Availability":"In stock"},"schema":{"@context":"https:\/\/schema.org","@graph":[{"@type":["WebPage","ItemPage"],"@id":"https:\/\/centroreservasbariloche.com\/product\/puerto-blest-cascada-cantaros-lago-frias","url":"https:\/\/centroreservasbariloche.com\/product\/puerto-blest-cascada-cantaros-lago-frias","name":"Puerto Blest and Lago Frias from Puerto Pa\u00f1uelo (without transfer) - Centro Reservas Bariloche Patagonia Argentina","isPartOf":{"@id":"https:\/\/centroreservasbariloche.com\/#website"},"primaryImageOfPage":{"@id":"https:\/\/centroreservasbariloche.com\/product\/puerto-blest-cascada-cantaros-lago-frias#primaryimage"},"image":{"@id":"https:\/\/centroreservasbariloche.com\/product\/puerto-blest-cascada-cantaros-lago-frias#primaryimage"},"thumbnailUrl":"https:\/\/buck.getjasper.digital\/2025\/04\/5-B-WhatsApp-Image-2023-02-21-at-10.55.35-2-scaled.jpg","datePublished":"2025-04-04T18:50:12+00:00","dateModified":"2026-04-09T12:15:38+00:00","description":"Excursion without transfer to Puerto Blest and Lago Frias from Puerto Pa\u00f1uelo. Ideal for international travelers or groups with their own mobility. Includes two navigations and guide.","breadcrumb":{"@id":"https:\/\/centroreservasbariloche.com\/product\/puerto-blest-cascada-cantaros-lago-frias#breadcrumb"},"inLanguage":"en-US","potentialAction":[{"@type":"ReadAction","target":["https:\/\/centroreservasbariloche.com\/product\/puerto-blest-cascada-cantaros-lago-frias"]}]},{"@type":"ImageObject","inLanguage":"en-US","@id":"https:\/\/centroreservasbariloche.com\/product\/puerto-blest-cascada-cantaros-lago-frias#primaryimage","url":"https:\/\/buck.getjasper.digital\/2025\/04\/5-B-WhatsApp-Image-2023-02-21-at-10.55.35-2-scaled.jpg","contentUrl":"https:\/\/buck.getjasper.digital\/2025\/04\/5-B-WhatsApp-Image-2023-02-21-at-10.55.35-2-scaled.jpg","width":1920,"height":2560},{"@type":"BreadcrumbList","@id":"https:\/\/centroreservasbariloche.com\/product\/puerto-blest-cascada-cantaros-lago-frias#breadcrumb","itemListElement":[{"@type":"ListItem","position":1,"name":"Home","item":"https:\/\/centroreservasbariloche.com\/"},{"@type":"ListItem","position":2,"name":"Nuestras actividades","item":"https:\/\/centroreservasbariloche.com\/shop"},{"@type":"ListItem","position":3,"name":"Puerto Blest y Lago Fr\u00edas desde Puerto Pa\u00f1uelo (sin traslado)"}]},{"@type":"WebSite","@id":"https:\/\/centroreservasbariloche.com\/#website","url":"https:\/\/centroreservasbariloche.com\/","name":"Bariloche Reservation Center Patagonia Argentina","description":"Bariloche Patagonia Reserves Center","publisher":{"@id":"https:\/\/centroreservasbariloche.com\/#organization"},"alternateName":"tur centra bariloche","potentialAction":[{"@type":"SearchAction","target":{"@type":"EntryPoint","urlTemplate":"https:\/\/centroreservasbariloche.com\/?s={search_term_string}"},"query-input":{"@type":"PropertyValueSpecification","valueRequired":true,"valueName":"search_term_string"}}],"inLanguage":"en-US"},{"@type":["Organization","Place","TravelAgency"],"@id":"https:\/\/centroreservasbariloche.com\/#organization","name":"Bariloche Reserves Center","alternateName":"Centro de Reservas","url":"https:\/\/centroreservasbariloche.com\/","logo":{"@id":"https:\/\/centroreservasbariloche.com\/product\/puerto-blest-cascada-cantaros-lago-frias#local-main-organization-logo"},"image":{"@id":"https:\/\/centroreservasbariloche.com\/product\/puerto-blest-cascada-cantaros-lago-frias#local-main-organization-logo"},"sameAs":["https:\/\/www.facebook.com\/centroreservasbariloche"],"description":"We are committed to providing you with an unforgettable experience, full of adventure, natural beauty and discovery. Whether it is your first visit to Bariloche or if you have already had the pleasure of knowing it, we are sure that you will find in our excursions the opportunity to create lasting memories.","legalName":"Centro Reservas Bariloche","address":{"@id":"https:\/\/centroreservasbariloche.com\/product\/puerto-blest-cascada-cantaros-lago-frias#local-main-place-address"},"telephone":[],"openingHoursSpecification":[{"@type":"OpeningHoursSpecification","dayOfWeek":["Monday","Tuesday","Wednesday","Thursday","Friday","Saturday","Sunday"],"opens":"09:00","closes":"17:00"}],"priceRange":"$$"},{"@type":"PostalAddress","@id":"https:\/\/centroreservasbariloche.com\/product\/puerto-blest-cascada-cantaros-lago-frias#local-main-place-address","streetAddress":"Mitre 131","addressLocality":"San Carlos de Bariloche","postalCode":"8400","addressRegion":"R\u00edo Negro","addressCountry":"AR"},{"@type":"ImageObject","inLanguage":"en-US","@id":"https:\/\/centroreservasbariloche.com\/product\/puerto-blest-cascada-cantaros-lago-frias#local-main-organization-logo","url":"https:\/\/buck.getjasper.digital\/2025\/06\/centro-de-reservas-2-1.png","contentUrl":"https:\/\/buck.getjasper.digital\/2025\/06\/centro-de-reservas-2-1.png","width":512,"height":512,"caption":"Centro Reservas Bariloche"}]},"product_price_amount":"190000.00","product_price_currency":"ARS","og_availability":"instock","product_availability":"instock","product_retailer_item_id":"ADV2025PUBLYC33V7","product_condition":"new","geo.placename":"San Carlos de Bariloche","geo.region":"Argentina"},"_links":{"self":[{"href":"https:\/\/centroreservasbariloche.com\/en\/wp-json\/wp\/v2\/product\/230719","targetHints":{"allow":["GET"]}}],"collection":[{"href":"https:\/\/centroreservasbariloche.com\/en\/wp-json\/wp\/v2\/product"}],"about":[{"href":"https:\/\/centroreservasbariloche.com\/en\/wp-json\/wp\/v2\/types\/product"}],"replies":[{"embeddable":true,"href":"https:\/\/centroreservasbariloche.com\/en\/wp-json\/wp\/v2\/comments?post=230719"}],"wp:featuredmedia":[{"embeddable":true,"href":"https:\/\/centroreservasbariloche.com\/en\/wp-json\/wp\/v2\/media\/231593"}],"wp:attachment":[{"href":"https:\/\/centroreservasbariloche.com\/en\/wp-json\/wp\/v2\/media?parent=230719"}],"wp:term":[{"taxonomy":"product_brand","embeddable":true,"href":"https:\/\/centroreservasbariloche.com\/en\/wp-json\/wp\/v2\/product_brand?post=230719"},{"taxonomy":"product_cat","embeddable":true,"href":"https:\/\/centroreservasbariloche.com\/en\/wp-json\/wp\/v2\/product_cat?post=230719"},{"taxonomy":"product_tag","embeddable":true,"href":"https:\/\/centroreservasbariloche.com\/en\/wp-json\/wp\/v2\/product_tag?post=230719"}],"curies":[{"name":"wp","href":"https:\/\/api.w.org\/{rel}","templated":true}]}}