{"id":230723,"date":"2025-04-04T15:50:54","date_gmt":"2025-04-04T18:50:54","guid":{"rendered":"https:\/\/centroreservasbariloche.com\/?post_type=product&#038;p=230723"},"modified":"2026-04-09T09:14:08","modified_gmt":"2026-04-09T12:14:08","slug":"puerto-blest-cascada-los-cantaros-bariloche","status":"publish","type":"product","link":"https:\/\/centroreservasbariloche.com\/en\/product\/puerto-blest-los-cantaros-waterfall-bariloche","title":{"rendered":"Explore the Majestic Puerto Blest and Los C\u00e1ntaros Waterfall"},"content":{"rendered":"<h3 data-start=\"482\" data-end=\"528\">Immerse yourself in an unforgettable experience.<\/h3>\n<p data-start=\"529\" data-end=\"830\">Start the day with a comfortable transfer from your accommodation or meeting point in Bariloche to Puerto Pa\u00f1uelo, located on the shores of Lake Nahuel Huapi. The journey, of approximately 25 kilometers, will anticipate what will be a unique day, surrounded by Andean landscapes, lakes and forests.<\/p>\n<h3 data-start=\"832\" data-end=\"876\">Scenic navigation along the Blest Arm<\/h3>\n<p data-start=\"877\" data-end=\"1206\">From Puerto Pa\u00f1uelo, we board a modern catamaran to sail for an hour along the Blest Arm, one of the deepest and greenest corners of the Nahuel Huapi. On the way, we pass by Centinela islet, a historical place where the remains of Perito Moreno, a key figure in the conservation of these landscapes, rest.<\/p>\n<p data-start=\"1208\" data-end=\"1498\">The navigation culminates in Puerto Blest, where a guided hike begins along wooden walkways immersed in the Valdivian rainforest. Gradually ascending, you access the different viewpoints of the Los C\u00e1ntaros Waterfall, a majestic waterfall that descends between rocks of glacial origin.<\/p>\n<h3 data-start=\"1505\" data-end=\"1535\">Charms of Puerto Blest<\/h3>\n<p data-start=\"1536\" data-end=\"1951\"><strong data-start=\"1536\" data-end=\"1559\">Panoramic views:<\/strong> From the bay, Lake Frias and Cerro Tronador can be seen, creating a natural postcard of great visual impact.<br data-start=\"1673\" data-end=\"1676\" \/><strong data-start=\"1676\" data-end=\"1702\">Hikes in the jungle:<\/strong> Safe and marked trails allow visitors to explore one of the most biodiverse ecosystems in the region.<br data-start=\"1804\" data-end=\"1807\" \/><strong data-start=\"1807\" data-end=\"1829\">Lake Frias option:<\/strong> optionally, you can add an additional navigation on this lake of emerald green waters, fed by glaciers.<\/p>\n<h3 data-start=\"1958\" data-end=\"1998\">A complete and organized adventure<\/h3>\n<p data-start=\"1999\" data-end=\"2277\">We end the experience with the return by catamaran to Puerto Pa\u00f1uelo, and the transfer back to Bariloche, with no need to worry about logistics. An excursion designed to be enjoyed in a group or with the family, with everything taken care of so that you can experience Patagonia in its essence.<\/p>\n<h3 data-start=\"2284\" data-end=\"2310\">Important details<\/h3>\n<p data-start=\"2311\" data-end=\"2372\"><strong data-start=\"2311\" data-end=\"2323\">Schedule:<\/strong> from 8:30 a.m. to 6:00 p.m. approximately.<br data-start=\"2355\" data-end=\"2358\" \/><strong data-start=\"2358\" data-end=\"2370\">Includes:<\/strong><\/p>\n<ul data-start=\"2373\" data-end=\"2732\">\n<li data-start=\"2373\" data-end=\"2430\">\n<p data-start=\"2375\" data-end=\"2430\">Round trip transfer from Bariloche to the port.<\/p>\n<\/li>\n<li data-start=\"2431\" data-end=\"2465\">\n<p data-start=\"2433\" data-end=\"2465\">Guided catamaran navigation.<\/p>\n<\/li>\n<li data-start=\"2466\" data-end=\"2526\">\n<p data-start=\"2468\" data-end=\"2526\">Organized hikes to the waterfall.<br data-start=\"2506\" data-end=\"2509\" \/><strong data-start=\"2509\" data-end=\"2524\">Does not include:<\/strong><\/p>\n<\/li>\n<li data-start=\"2527\" data-end=\"2583\">\n<p data-start=\"2529\" data-end=\"2583\">Meals (there are gastronomic options in Puerto Blest).<\/p>\n<\/li>\n<li data-start=\"2584\" data-end=\"2636\">\n<p data-start=\"2586\" data-end=\"2636\">Entrance fees to Nahuel Huapi National Park.<\/p>\n<\/li>\n<li data-start=\"2637\" data-end=\"2675\">\n<p data-start=\"2639\" data-end=\"2675\">Embarkation fee at Puerto Pa\u00f1uelo.<\/p>\n<\/li>\n<li data-start=\"2676\" data-end=\"2732\">\n<p data-start=\"2678\" data-end=\"2732\">Navigation to Lake Frias (optional with additional cost).<\/p>\n<\/li>\n<\/ul>\n<h3 data-start=\"2739\" data-end=\"2765\">Frequently Asked Questions<\/h3>\n<p data-start=\"2766\" data-end=\"2903\"><strong data-start=\"2766\" data-end=\"2814\">Is the tour suitable for all ages?<\/strong><br data-start=\"2814\" data-end=\"2817\" \/>Yes, it is a quiet activity, ideal for seniors, children and family groups.<\/p>\n<p data-start=\"2905\" data-end=\"3035\"><strong data-start=\"2905\" data-end=\"2935\">What clothes should I wear?<\/strong><br data-start=\"2935\" data-end=\"2938\" \/>Comfortable clothes, closed shoes and jacket. The weather may change during the day, even in summer.<\/p>\n<p data-start=\"3037\" data-end=\"3242\"><strong data-start=\"3037\" data-end=\"3077\">Is the waterfall accessible all year round?<\/strong><br data-start=\"3077\" data-end=\"3080\" \/>Yes, in general the trail is open all year round, but it may vary depending on winter weather conditions. Check availability in low season.<\/p>","protected":false},"excerpt":{"rendered":"<p>Organized excursion from Bariloche to Puerto Blest, with transfer included, navigation on the Nahuel Huapi, hike to Los C\u00e1ntaros Waterfall and option to add Lago Fr\u00edas. Ideal for groups and travelers looking for comfort.<\/p>","protected":false},"featured_media":231591,"comment_status":"open","ping_status":"closed","template":"","meta":[],"product_brand":[],"product_cat":[38,32,45,53,40,36,55],"product_tag":[],"class_list":{"0":"post-230723","1":"product","2":"type-product","3":"status-publish","4":"has-post-thumbnail","6":"product_cat-adultos","7":"product_cat-familia","8":"product_cat-lacustre","9":"product_cat-ninos","10":"product_cat-con-traslado","11":"product_cat-sin-comida","12":"product_cat-todo-el-ano-temporada","14":"first","15":"instock","16":"virtual","17":"sold-individually","18":"purchasable","19":"product-type-booking"},"booking_location":"","booking_location_type":"","booking_duration":60,"booking_duration_unit":"minute","booking_buffer":0,"booking_cost":0,"booking_resources":[],"exclude_global_add_ons":false,"addons":[{"name":"ADU | Adult","type":"input_multiplier","position":0,"required":false,"title_format":"label","default":"","description_enable":false,"description":"","placeholder_enable":false,"placeholder":"","display":"select","restrictions_type":"any_text","adjust_price":true,"price":"158000","price_type":"quantity_based","restrictions":false,"min":"0","max":"0","options":[],"id":1773234438},{"name":"MEN512 | from 5 to 12","type":"input_multiplier","position":1,"required":false,"title_format":"label","default":"","description_enable":false,"description":"","placeholder_enable":false,"placeholder":"","display":"select","restrictions_type":"any_text","adjust_price":true,"price":"92000","price_type":"quantity_based","restrictions":false,"min":"0","max":"0","options":[],"id":1773234439},{"name":"ADUJ : Retired","type":"input_multiplier","position":2,"required":false,"title_format":"label","default":"","description_enable":false,"description":"","placeholder_enable":false,"placeholder":"","display":"select","restrictions_type":"any_text","adjust_price":true,"price":"92000","price_type":"quantity_based","restrictions":false,"min":"0","max":"0","options":[],"id":1773234440}],"yoast_head":"<!-- This site is optimized with the Yoast SEO Premium plugin v24.5 (Yoast SEO v24.8) - https:\/\/yoast.com\/wordpress\/plugins\/seo\/ -->\n<title>Excursi\u00f3n Puerto Blest y Cascada Los C\u00e1ntaros con traslado - Centro Reservas Bariloche Patagonia Argentina<\/title>\n<meta name=\"description\" content=\"Excursi\u00f3n a Puerto Blest y Cascada Los C\u00e1ntaros con traslado desde Bariloche. Incluye navegaci\u00f3n por el Lago Nahuel Huapi y caminatas guiadas.\" \/>\n<meta name=\"robots\" content=\"index, follow, max-snippet:-1, max-image-preview:large, max-video-preview:-1\" \/>\n<link rel=\"canonical\" href=\"https:\/\/centroreservasbariloche.com\/en\/product\/puerto-blest-los-cantaros-waterfall-bariloche\/\" \/>\n<meta property=\"og:locale\" content=\"en_US\" \/>\n<meta property=\"og:type\" content=\"article\" \/>\n<meta property=\"og:title\" content=\"Explor\u00e1 la Majestuosidad de Puerto Blest y la Cascada Los C\u00e1ntaros\" \/>\n<meta property=\"og:description\" content=\"Excursi\u00f3n a Puerto Blest y Cascada Los C\u00e1ntaros con traslado desde Bariloche. Incluye navegaci\u00f3n por el Lago Nahuel Huapi y caminatas guiadas.\" \/>\n<meta property=\"og:url\" content=\"https:\/\/centroreservasbariloche.com\/en\/product\/puerto-blest-los-cantaros-waterfall-bariloche\/\" \/>\n<meta property=\"og:site_name\" content=\"Centro Reservas Bariloche Patagonia Argentina\" \/>\n<meta property=\"article:publisher\" content=\"https:\/\/www.facebook.com\/centroreservasbariloche\" \/>\n<meta property=\"article:modified_time\" content=\"2026-04-09T12:14:08+00:00\" \/>\n<meta property=\"og:image\" content=\"https:\/\/buck.getjasper.digital\/2025\/04\/5-B-captionGG-scaled.jpg\" \/>\n\t<meta property=\"og:image:width\" content=\"1920\" \/>\n\t<meta property=\"og:image:height\" content=\"2560\" \/>\n\t<meta property=\"og:image:type\" content=\"image\/jpeg\" \/>\n<meta name=\"twitter:card\" content=\"summary_large_image\" \/>\n<meta name=\"twitter:label1\" content=\"Price\" \/>\n\t<meta name=\"twitter:data1\" content=\"&#036;&nbsp;158.000,00\" \/>\n\t<meta name=\"twitter:label2\" content=\"Availability\" \/>\n\t<meta name=\"twitter:data2\" content=\"In stock\" \/>\n<script type=\"application\/ld+json\" class=\"yoast-schema-graph\">{\"@context\":\"https:\/\/schema.org\",\"@graph\":[{\"@type\":[\"WebPage\",\"ItemPage\"],\"@id\":\"https:\/\/centroreservasbariloche.com\/product\/puerto-blest-cascada-los-cantaros-bariloche\",\"url\":\"https:\/\/centroreservasbariloche.com\/product\/puerto-blest-cascada-los-cantaros-bariloche\",\"name\":\"Excursi\u00f3n Puerto Blest y Cascada Los C\u00e1ntaros con traslado - Centro Reservas Bariloche Patagonia Argentina\",\"isPartOf\":{\"@id\":\"https:\/\/centroreservasbariloche.com\/#website\"},\"primaryImageOfPage\":{\"@id\":\"https:\/\/centroreservasbariloche.com\/product\/puerto-blest-cascada-los-cantaros-bariloche#primaryimage\"},\"image\":{\"@id\":\"https:\/\/centroreservasbariloche.com\/product\/puerto-blest-cascada-los-cantaros-bariloche#primaryimage\"},\"thumbnailUrl\":\"https:\/\/buck.getjasper.digital\/2025\/04\/5-B-captionGG-scaled.jpg\",\"datePublished\":\"2025-04-04T18:50:54+00:00\",\"dateModified\":\"2026-04-09T12:14:08+00:00\",\"description\":\"Excursi\u00f3n a Puerto Blest y Cascada Los C\u00e1ntaros con traslado desde Bariloche. Incluye navegaci\u00f3n por el Lago Nahuel Huapi y caminatas guiadas.\",\"breadcrumb\":{\"@id\":\"https:\/\/centroreservasbariloche.com\/product\/puerto-blest-cascada-los-cantaros-bariloche#breadcrumb\"},\"inLanguage\":\"en-US\",\"potentialAction\":[{\"@type\":\"ReadAction\",\"target\":[\"https:\/\/centroreservasbariloche.com\/product\/puerto-blest-cascada-los-cantaros-bariloche\"]}]},{\"@type\":\"ImageObject\",\"inLanguage\":\"en-US\",\"@id\":\"https:\/\/centroreservasbariloche.com\/product\/puerto-blest-cascada-los-cantaros-bariloche#primaryimage\",\"url\":\"https:\/\/buck.getjasper.digital\/2025\/04\/5-B-captionGG-scaled.jpg\",\"contentUrl\":\"https:\/\/buck.getjasper.digital\/2025\/04\/5-B-captionGG-scaled.jpg\",\"width\":1920,\"height\":2560},{\"@type\":\"BreadcrumbList\",\"@id\":\"https:\/\/centroreservasbariloche.com\/product\/puerto-blest-cascada-los-cantaros-bariloche#breadcrumb\",\"itemListElement\":[{\"@type\":\"ListItem\",\"position\":1,\"name\":\"Home\",\"item\":\"https:\/\/centroreservasbariloche.com\/\"},{\"@type\":\"ListItem\",\"position\":2,\"name\":\"Nuestras actividades\",\"item\":\"https:\/\/centroreservasbariloche.com\/shop\"},{\"@type\":\"ListItem\",\"position\":3,\"name\":\"Explor\u00e1 la Majestuosidad de Puerto Blest y la Cascada Los C\u00e1ntaros\"}]},{\"@type\":\"WebSite\",\"@id\":\"https:\/\/centroreservasbariloche.com\/#website\",\"url\":\"https:\/\/centroreservasbariloche.com\/\",\"name\":\"Centro Reservas Bariloche Patagonia Argentina\",\"description\":\"Centro Reservas Bariloche Patagonia\",\"publisher\":{\"@id\":\"https:\/\/centroreservasbariloche.com\/#organization\"},\"alternateName\":\"tur centra bariloche\",\"potentialAction\":[{\"@type\":\"SearchAction\",\"target\":{\"@type\":\"EntryPoint\",\"urlTemplate\":\"https:\/\/centroreservasbariloche.com\/?s={search_term_string}\"},\"query-input\":{\"@type\":\"PropertyValueSpecification\",\"valueRequired\":true,\"valueName\":\"search_term_string\"}}],\"inLanguage\":\"en-US\"},{\"@type\":[\"Organization\",\"Place\",\"TravelAgency\"],\"@id\":\"https:\/\/centroreservasbariloche.com\/#organization\",\"name\":\"Centro Reservas Bariloche\",\"alternateName\":\"Centro de Reservas\",\"url\":\"https:\/\/centroreservasbariloche.com\/\",\"logo\":{\"@id\":\"https:\/\/centroreservasbariloche.com\/product\/puerto-blest-cascada-los-cantaros-bariloche#local-main-organization-logo\"},\"image\":{\"@id\":\"https:\/\/centroreservasbariloche.com\/product\/puerto-blest-cascada-los-cantaros-bariloche#local-main-organization-logo\"},\"sameAs\":[\"https:\/\/www.facebook.com\/centroreservasbariloche\"],\"description\":\"Estamos comprometidos en brindarles una experiencia inolvidable, llena de aventura, belleza natural y descubrimientos. No importa si es su primera visita a Bariloche o si ya ha tenido el placer de conocerla, estamos seguros de que encontrar\u00e1 en nuestras excursiones la oportunidad de crear recuerdos duraderos.\",\"legalName\":\"Centro Reservas Bariloche\",\"address\":{\"@id\":\"https:\/\/centroreservasbariloche.com\/product\/puerto-blest-cascada-los-cantaros-bariloche#local-main-place-address\"},\"telephone\":[],\"openingHoursSpecification\":[{\"@type\":\"OpeningHoursSpecification\",\"dayOfWeek\":[\"Monday\",\"Tuesday\",\"Wednesday\",\"Thursday\",\"Friday\",\"Saturday\",\"Sunday\"],\"opens\":\"09:00\",\"closes\":\"17:00\"}],\"priceRange\":\"$$\"},{\"@type\":\"PostalAddress\",\"@id\":\"https:\/\/centroreservasbariloche.com\/product\/puerto-blest-cascada-los-cantaros-bariloche#local-main-place-address\",\"streetAddress\":\"Mitre 131\",\"addressLocality\":\"San Carlos de Bariloche\",\"postalCode\":\"8400\",\"addressRegion\":\"R\u00edo Negro\",\"addressCountry\":\"AR\"},{\"@type\":\"ImageObject\",\"inLanguage\":\"en-US\",\"@id\":\"https:\/\/centroreservasbariloche.com\/product\/puerto-blest-cascada-los-cantaros-bariloche#local-main-organization-logo\",\"url\":\"https:\/\/buck.getjasper.digital\/2025\/06\/centro-de-reservas-2-1.png\",\"contentUrl\":\"https:\/\/buck.getjasper.digital\/2025\/06\/centro-de-reservas-2-1.png\",\"width\":512,\"height\":512,\"caption\":\"Centro Reservas Bariloche\"}]}<\/script>\n<meta property=\"product:price:amount\" content=\"158000.00\" \/>\n<meta property=\"product:price:currency\" content=\"ARS\" \/>\n<meta property=\"og:availability\" content=\"instock\" \/>\n<meta property=\"product:availability\" content=\"instock\" \/>\n<meta property=\"product:retailer_item_id\" content=\"ADV2025PUBLYCO2Q8\" \/>\n<meta property=\"product:condition\" content=\"new\" \/>\n<meta name=\"geo.placename\" content=\"San Carlos de Bariloche\" \/>\n<meta name=\"geo.region\" content=\"Argentina\" \/>\n<!-- \/ Yoast SEO Premium plugin. -->","yoast_head_json":{"title":"Excursion Puerto Blest and Los C\u00e1ntaros Waterfall with transfer - Centro Reservas Bariloche Patagonia Argentina","description":"Excursion to Puerto Blest and Los C\u00e1ntaros waterfall with transfer from Bariloche. Includes navigation on Nahuel Huapi Lake and guided walks.","robots":{"index":"index","follow":"follow","max-snippet":"max-snippet:-1","max-image-preview":"max-image-preview:large","max-video-preview":"max-video-preview:-1"},"canonical":"https:\/\/centroreservasbariloche.com\/en\/product\/puerto-blest-los-cantaros-waterfall-bariloche\/","og_locale":"en_US","og_type":"article","og_title":"Explor\u00e1 la Majestuosidad de Puerto Blest y la Cascada Los C\u00e1ntaros","og_description":"Excursi\u00f3n a Puerto Blest y Cascada Los C\u00e1ntaros con traslado desde Bariloche. Incluye navegaci\u00f3n por el Lago Nahuel Huapi y caminatas guiadas.","og_url":"https:\/\/centroreservasbariloche.com\/en\/product\/puerto-blest-los-cantaros-waterfall-bariloche\/","og_site_name":"Centro Reservas Bariloche Patagonia Argentina","article_publisher":"https:\/\/www.facebook.com\/centroreservasbariloche","article_modified_time":"2026-04-09T12:14:08+00:00","og_image":[{"width":1920,"height":2560,"url":"https:\/\/buck.getjasper.digital\/2025\/04\/5-B-captionGG-scaled.jpg","type":"image\/jpeg"}],"twitter_card":"summary_large_image","twitter_misc":{"Price":"&#36;&nbsp;158.000,00","Availability":"In stock"},"schema":{"@context":"https:\/\/schema.org","@graph":[{"@type":["WebPage","ItemPage"],"@id":"https:\/\/centroreservasbariloche.com\/product\/puerto-blest-cascada-los-cantaros-bariloche","url":"https:\/\/centroreservasbariloche.com\/product\/puerto-blest-cascada-los-cantaros-bariloche","name":"Excursion Puerto Blest and Los C\u00e1ntaros Waterfall with transfer - Centro Reservas Bariloche Patagonia Argentina","isPartOf":{"@id":"https:\/\/centroreservasbariloche.com\/#website"},"primaryImageOfPage":{"@id":"https:\/\/centroreservasbariloche.com\/product\/puerto-blest-cascada-los-cantaros-bariloche#primaryimage"},"image":{"@id":"https:\/\/centroreservasbariloche.com\/product\/puerto-blest-cascada-los-cantaros-bariloche#primaryimage"},"thumbnailUrl":"https:\/\/buck.getjasper.digital\/2025\/04\/5-B-captionGG-scaled.jpg","datePublished":"2025-04-04T18:50:54+00:00","dateModified":"2026-04-09T12:14:08+00:00","description":"Excursion to Puerto Blest and Los C\u00e1ntaros waterfall with transfer from Bariloche. Includes navigation on Nahuel Huapi Lake and guided walks.","breadcrumb":{"@id":"https:\/\/centroreservasbariloche.com\/product\/puerto-blest-cascada-los-cantaros-bariloche#breadcrumb"},"inLanguage":"en-US","potentialAction":[{"@type":"ReadAction","target":["https:\/\/centroreservasbariloche.com\/product\/puerto-blest-cascada-los-cantaros-bariloche"]}]},{"@type":"ImageObject","inLanguage":"en-US","@id":"https:\/\/centroreservasbariloche.com\/product\/puerto-blest-cascada-los-cantaros-bariloche#primaryimage","url":"https:\/\/buck.getjasper.digital\/2025\/04\/5-B-captionGG-scaled.jpg","contentUrl":"https:\/\/buck.getjasper.digital\/2025\/04\/5-B-captionGG-scaled.jpg","width":1920,"height":2560},{"@type":"BreadcrumbList","@id":"https:\/\/centroreservasbariloche.com\/product\/puerto-blest-cascada-los-cantaros-bariloche#breadcrumb","itemListElement":[{"@type":"ListItem","position":1,"name":"Home","item":"https:\/\/centroreservasbariloche.com\/"},{"@type":"ListItem","position":2,"name":"Nuestras actividades","item":"https:\/\/centroreservasbariloche.com\/shop"},{"@type":"ListItem","position":3,"name":"Explor\u00e1 la Majestuosidad de Puerto Blest y la Cascada Los C\u00e1ntaros"}]},{"@type":"WebSite","@id":"https:\/\/centroreservasbariloche.com\/#website","url":"https:\/\/centroreservasbariloche.com\/","name":"Bariloche Reservation Center Patagonia Argentina","description":"Bariloche Patagonia Reserves Center","publisher":{"@id":"https:\/\/centroreservasbariloche.com\/#organization"},"alternateName":"tur centra bariloche","potentialAction":[{"@type":"SearchAction","target":{"@type":"EntryPoint","urlTemplate":"https:\/\/centroreservasbariloche.com\/?s={search_term_string}"},"query-input":{"@type":"PropertyValueSpecification","valueRequired":true,"valueName":"search_term_string"}}],"inLanguage":"en-US"},{"@type":["Organization","Place","TravelAgency"],"@id":"https:\/\/centroreservasbariloche.com\/#organization","name":"Bariloche Reserves Center","alternateName":"Centro de Reservas","url":"https:\/\/centroreservasbariloche.com\/","logo":{"@id":"https:\/\/centroreservasbariloche.com\/product\/puerto-blest-cascada-los-cantaros-bariloche#local-main-organization-logo"},"image":{"@id":"https:\/\/centroreservasbariloche.com\/product\/puerto-blest-cascada-los-cantaros-bariloche#local-main-organization-logo"},"sameAs":["https:\/\/www.facebook.com\/centroreservasbariloche"],"description":"We are committed to providing you with an unforgettable experience, full of adventure, natural beauty and discovery. Whether it is your first visit to Bariloche or if you have already had the pleasure of knowing it, we are sure that you will find in our excursions the opportunity to create lasting memories.","legalName":"Centro Reservas Bariloche","address":{"@id":"https:\/\/centroreservasbariloche.com\/product\/puerto-blest-cascada-los-cantaros-bariloche#local-main-place-address"},"telephone":[],"openingHoursSpecification":[{"@type":"OpeningHoursSpecification","dayOfWeek":["Monday","Tuesday","Wednesday","Thursday","Friday","Saturday","Sunday"],"opens":"09:00","closes":"17:00"}],"priceRange":"$$"},{"@type":"PostalAddress","@id":"https:\/\/centroreservasbariloche.com\/product\/puerto-blest-cascada-los-cantaros-bariloche#local-main-place-address","streetAddress":"Mitre 131","addressLocality":"San Carlos de Bariloche","postalCode":"8400","addressRegion":"R\u00edo Negro","addressCountry":"AR"},{"@type":"ImageObject","inLanguage":"en-US","@id":"https:\/\/centroreservasbariloche.com\/product\/puerto-blest-cascada-los-cantaros-bariloche#local-main-organization-logo","url":"https:\/\/buck.getjasper.digital\/2025\/06\/centro-de-reservas-2-1.png","contentUrl":"https:\/\/buck.getjasper.digital\/2025\/06\/centro-de-reservas-2-1.png","width":512,"height":512,"caption":"Centro Reservas Bariloche"}]},"product_price_amount":"158000.00","product_price_currency":"ARS","og_availability":"instock","product_availability":"instock","product_retailer_item_id":"ADV2025PUBLYCO2Q8","product_condition":"new","geo.placename":"San Carlos de Bariloche","geo.region":"Argentina"},"_links":{"self":[{"href":"https:\/\/centroreservasbariloche.com\/en\/wp-json\/wp\/v2\/product\/230723","targetHints":{"allow":["GET"]}}],"collection":[{"href":"https:\/\/centroreservasbariloche.com\/en\/wp-json\/wp\/v2\/product"}],"about":[{"href":"https:\/\/centroreservasbariloche.com\/en\/wp-json\/wp\/v2\/types\/product"}],"replies":[{"embeddable":true,"href":"https:\/\/centroreservasbariloche.com\/en\/wp-json\/wp\/v2\/comments?post=230723"}],"wp:featuredmedia":[{"embeddable":true,"href":"https:\/\/centroreservasbariloche.com\/en\/wp-json\/wp\/v2\/media\/231591"}],"wp:attachment":[{"href":"https:\/\/centroreservasbariloche.com\/en\/wp-json\/wp\/v2\/media?parent=230723"}],"wp:term":[{"taxonomy":"product_brand","embeddable":true,"href":"https:\/\/centroreservasbariloche.com\/en\/wp-json\/wp\/v2\/product_brand?post=230723"},{"taxonomy":"product_cat","embeddable":true,"href":"https:\/\/centroreservasbariloche.com\/en\/wp-json\/wp\/v2\/product_cat?post=230723"},{"taxonomy":"product_tag","embeddable":true,"href":"https:\/\/centroreservasbariloche.com\/en\/wp-json\/wp\/v2\/product_tag?post=230723"}],"curies":[{"name":"wp","href":"https:\/\/api.w.org\/{rel}","templated":true}]}}