{"id":230732,"date":"2025-04-04T15:52:58","date_gmt":"2025-04-04T18:52:58","guid":{"rendered":"https:\/\/centroreservasbariloche.com\/?post_type=product&#038;p=230732"},"modified":"2026-04-14T11:00:53","modified_gmt":"2026-04-14T14:00:53","slug":"rafting-rio-manso-sin-traslado-bariloche","status":"publish","type":"product","link":"https:\/\/centroreservasbariloche.com\/en\/product\/manso-river-rafting-without-transfer-bariloche","title":{"rendered":"Manso River Adventure - Without Transfer"},"content":{"rendered":"<h2>Excitement within Everyone's Reach in the Manso River<\/h2>\n<p>Allow yourself to enjoy an aquatic experience full of discoveries and adventure with our light rafting proposal in the picturesque Manso River. This activity is designed to offer unforgettable moments for the whole family, being accessible even for children as young as 5 years old. With easy to navigate grade 1 and 2 rapids, it promises both safety and an exciting ride in contact with nature.<\/p>\n<h3>Rafting Highlights<\/h3>\n<ul>\n<li><strong>Duration of the Adventure:<\/strong> Approximately 1 hour and a half on the water.<\/li>\n<li><strong>Itinerary:<\/strong> Take a 40 km ride through dreamlike landscapes and gentle waves.<\/li>\n<li><strong>Equipment Provided:<\/strong> Everything you need for your protection: wetsuit, helmet and life jacket included.<\/li>\n<\/ul>\n<h3>Preparation and Welcome<\/h3>\n<p>Upon arrival at the meeting point, our trained staff will give you a warm welcome and instruct you with a talk on how to handle the raft, making sure you are perfectly prepared for your excursion. No previous experience is necessary; we take care of every detail for your comfort and safety.<\/p>\n<h3>Practical Advice<\/h3>\n<p>It is advisable to have the following ready:<\/p>\n<ul>\n<li>Personal towel.<\/li>\n<li>Change of clothes.<\/li>\n<li>Appropriate footwear to get wet.<\/li>\n<\/ul>\n<h3>Excursion without Transfer Inclusion<\/h3>\n<p>For those who prefer to manage their own mobility, they should go to our parador, located at the <strong data-start=\"372\" data-end=\"389\">Villegas Base<\/strong>, on the <strong data-start=\"400\" data-end=\"417\">Route 83, Km 1, San Carlos de Bariloche, R\u00edo Negro.\u00a0<\/strong><\/p>\n<p>&nbsp;<\/p>\n<h3>Details of Offered<\/h3>\n<ul>\n<li><strong>Includes:<\/strong> Rafting and complete equipment (wetsuit, life jacket, waterproof jacket, neoprene boots, paddles and helmets).<\/li>\n<li><strong>Does not include:<\/strong> Transportation, meals or refreshments.<\/li>\n<\/ul>\n<h2>Frequently Asked Questions<\/h2>\n<h3>How can I get to the meeting point on my own?<\/h3>\n<p>Those who choose to arrive by their own means, should go to our parador, located on the <strong data-start=\"372\" data-end=\"389\">Villegas Base<\/strong>, on the <strong data-start=\"400\" data-end=\"417\">Route 83, Km 1, San Carlos de Bariloche, R\u00edo Negro.\u00a0<\/strong>.<br data-start=\"418\" data-end=\"421\" \/>Location on Google Maps: <a class=\"\" href=\"https:\/\/maps.app.goo.gl\/NqbsUN6VB5Fnt7hVA\" target=\"_new\" rel=\"noopener\" data-start=\"449\" data-end=\"535\">https:\/\/maps.app.goo.gl\/NqbsUN6VB5Fnt7hVA\u00a0<\/a><\/p>\n<h3>Can I invite someone who is not participating in the rafting?<\/h3>\n<p>Of course, accompanying persons who do not take part in the activity are required to pay the <strong>50%<\/strong> of the corresponding tariff.<\/p>\n<p><strong>Important Notice<\/strong>This tour is currently available and has departures until April 30, according to the operating calendar.<\/p>","protected":false},"excerpt":{"rendered":"<p>Explore the serenity and excitement of the Manso River rapids with our light rafting, an ideal activity for all ages, including children as young as 5 years old. With expert guides and full equipment for your safety and comfort, you will embark on a 40 km journey through breathtaking landscapes. Prepare your own logistics and join us for an unforgettable journey, live the experience!<\/p>","protected":false},"featured_media":231543,"comment_status":"open","ping_status":"closed","template":"","meta":[],"product_brand":[],"product_cat":[38,39,32,53,52,54,36,35,51],"product_tag":[],"class_list":{"0":"post-230732","1":"product","2":"type-product","3":"status-publish","4":"has-post-thumbnail","6":"product_cat-adultos","7":"product_cat-aventura","8":"product_cat-familia","9":"product_cat-ninos","10":"product_cat-otono","11":"product_cat-primavera","12":"product_cat-sin-comida","13":"product_cat-sin-traslado","14":"product_cat-verano","16":"first","17":"instock","18":"virtual","19":"sold-individually","20":"purchasable","21":"product-type-booking"},"booking_location":"","booking_location_type":"","booking_duration":1,"booking_duration_unit":"hour","booking_buffer":0,"booking_cost":0,"booking_resources":[],"exclude_global_add_ons":false,"addons":[{"name":"ADU | Adult","type":"input_multiplier","position":0,"required":false,"title_format":"label","default":"","description_enable":false,"description":"","placeholder_enable":false,"placeholder":"","display":"select","restrictions_type":"any_text","adjust_price":true,"price":"75000","price_type":"quantity_based","restrictions":false,"min":"0","max":"0","options":[],"id":1773079069},{"name":"EXTRA | Companion","type":"input_multiplier","position":1,"required":false,"title_format":"label","default":"","description_enable":false,"description":"","placeholder_enable":false,"placeholder":"","display":"select","restrictions_type":"any_text","adjust_price":true,"price":"37500","price_type":"quantity_based","restrictions":false,"min":"0","max":"0","options":[],"id":1773079070},{"name":"MEN512 | from 5 to 12","type":"input_multiplier","position":2,"required":false,"title_format":"label","default":"","description_enable":false,"description":"","placeholder_enable":false,"placeholder":"","display":"select","restrictions_type":"any_text","adjust_price":true,"price":"75000","price_type":"quantity_based","restrictions":false,"min":"0","max":"0","options":[],"id":1773079071}],"yoast_head":"<!-- This site is optimized with the Yoast SEO Premium plugin v24.5 (Yoast SEO v24.8) - https:\/\/yoast.com\/wordpress\/plugins\/seo\/ -->\n<title>Rafting R\u00edo Manso sin Traslado | Actividad Familiar en Bariloche - Centro Reservas Bariloche Patagonia Argentina<\/title>\n<meta name=\"description\" content=\"Viv\u00ed el rafting en el R\u00edo Manso sin traslado. Aventura segura y divertida para toda la familia en Bariloche. Incluye equipo completo y gu\u00eda profesional.\" \/>\n<meta name=\"robots\" content=\"index, follow, max-snippet:-1, max-image-preview:large, max-video-preview:-1\" \/>\n<link rel=\"canonical\" href=\"https:\/\/centroreservasbariloche.com\/en\/product\/manso-river-rafting-without-transfer-bariloche\/\" \/>\n<meta property=\"og:locale\" content=\"en_US\" \/>\n<meta property=\"og:type\" content=\"article\" \/>\n<meta property=\"og:title\" content=\"Aventura en el R\u00edo Manso - sin Traslado\" \/>\n<meta property=\"og:description\" content=\"Viv\u00ed el rafting en el R\u00edo Manso sin traslado. Aventura segura y divertida para toda la familia en Bariloche. Incluye equipo completo y gu\u00eda profesional.\" \/>\n<meta property=\"og:url\" content=\"https:\/\/centroreservasbariloche.com\/en\/product\/manso-river-rafting-without-transfer-bariloche\/\" \/>\n<meta property=\"og:site_name\" content=\"Centro Reservas Bariloche Patagonia Argentina\" \/>\n<meta property=\"article:publisher\" content=\"https:\/\/www.facebook.com\/centroreservasbariloche\" \/>\n<meta property=\"article:modified_time\" content=\"2026-04-14T14:00:53+00:00\" \/>\n<meta property=\"og:image\" content=\"https:\/\/buck.getjasper.digital\/2025\/05\/5-B-GOPR9266-scaled.jpg\" \/>\n\t<meta property=\"og:image:width\" content=\"1920\" \/>\n\t<meta property=\"og:image:height\" content=\"2560\" \/>\n\t<meta property=\"og:image:type\" content=\"image\/jpeg\" \/>\n<meta name=\"twitter:card\" content=\"summary_large_image\" \/>\n<meta name=\"twitter:label1\" content=\"Price\" \/>\n\t<meta name=\"twitter:data1\" content=\"&#036;&nbsp;75.000,00\" \/>\n\t<meta name=\"twitter:label2\" content=\"Availability\" \/>\n\t<meta name=\"twitter:data2\" content=\"In stock\" \/>\n<script type=\"application\/ld+json\" class=\"yoast-schema-graph\">{\"@context\":\"https:\/\/schema.org\",\"@graph\":[{\"@type\":[\"WebPage\",\"ItemPage\"],\"@id\":\"https:\/\/centroreservasbariloche.com\/product\/rafting-rio-manso-sin-traslado-bariloche\",\"url\":\"https:\/\/centroreservasbariloche.com\/product\/rafting-rio-manso-sin-traslado-bariloche\",\"name\":\"Rafting R\u00edo Manso sin Traslado | Actividad Familiar en Bariloche - Centro Reservas Bariloche Patagonia Argentina\",\"isPartOf\":{\"@id\":\"https:\/\/centroreservasbariloche.com\/#website\"},\"primaryImageOfPage\":{\"@id\":\"https:\/\/centroreservasbariloche.com\/product\/rafting-rio-manso-sin-traslado-bariloche#primaryimage\"},\"image\":{\"@id\":\"https:\/\/centroreservasbariloche.com\/product\/rafting-rio-manso-sin-traslado-bariloche#primaryimage\"},\"thumbnailUrl\":\"https:\/\/buck.getjasper.digital\/2025\/05\/5-B-GOPR9266-scaled.jpg\",\"datePublished\":\"2025-04-04T18:52:58+00:00\",\"dateModified\":\"2026-04-14T14:00:53+00:00\",\"description\":\"Viv\u00ed el rafting en el R\u00edo Manso sin traslado. Aventura segura y divertida para toda la familia en Bariloche. Incluye equipo completo y gu\u00eda profesional.\",\"breadcrumb\":{\"@id\":\"https:\/\/centroreservasbariloche.com\/product\/rafting-rio-manso-sin-traslado-bariloche#breadcrumb\"},\"inLanguage\":\"en-US\",\"potentialAction\":[{\"@type\":\"ReadAction\",\"target\":[\"https:\/\/centroreservasbariloche.com\/product\/rafting-rio-manso-sin-traslado-bariloche\"]}]},{\"@type\":\"ImageObject\",\"inLanguage\":\"en-US\",\"@id\":\"https:\/\/centroreservasbariloche.com\/product\/rafting-rio-manso-sin-traslado-bariloche#primaryimage\",\"url\":\"https:\/\/buck.getjasper.digital\/2025\/05\/5-B-GOPR9266-scaled.jpg\",\"contentUrl\":\"https:\/\/buck.getjasper.digital\/2025\/05\/5-B-GOPR9266-scaled.jpg\",\"width\":1920,\"height\":2560,\"caption\":\"t\/sdcard\/DCIM\/100GOPRO\/GOPR9266\"},{\"@type\":\"BreadcrumbList\",\"@id\":\"https:\/\/centroreservasbariloche.com\/product\/rafting-rio-manso-sin-traslado-bariloche#breadcrumb\",\"itemListElement\":[{\"@type\":\"ListItem\",\"position\":1,\"name\":\"Home\",\"item\":\"https:\/\/centroreservasbariloche.com\/\"},{\"@type\":\"ListItem\",\"position\":2,\"name\":\"Nuestras actividades\",\"item\":\"https:\/\/centroreservasbariloche.com\/shop\"},{\"@type\":\"ListItem\",\"position\":3,\"name\":\"Aventura en el R\u00edo Manso &#8211; sin Traslado\"}]},{\"@type\":\"WebSite\",\"@id\":\"https:\/\/centroreservasbariloche.com\/#website\",\"url\":\"https:\/\/centroreservasbariloche.com\/\",\"name\":\"Centro Reservas Bariloche Patagonia Argentina\",\"description\":\"Centro Reservas Bariloche Patagonia\",\"publisher\":{\"@id\":\"https:\/\/centroreservasbariloche.com\/#organization\"},\"alternateName\":\"tur centra bariloche\",\"potentialAction\":[{\"@type\":\"SearchAction\",\"target\":{\"@type\":\"EntryPoint\",\"urlTemplate\":\"https:\/\/centroreservasbariloche.com\/?s={search_term_string}\"},\"query-input\":{\"@type\":\"PropertyValueSpecification\",\"valueRequired\":true,\"valueName\":\"search_term_string\"}}],\"inLanguage\":\"en-US\"},{\"@type\":[\"Organization\",\"Place\",\"TravelAgency\"],\"@id\":\"https:\/\/centroreservasbariloche.com\/#organization\",\"name\":\"Centro Reservas Bariloche\",\"alternateName\":\"Centro de Reservas\",\"url\":\"https:\/\/centroreservasbariloche.com\/\",\"logo\":{\"@id\":\"https:\/\/centroreservasbariloche.com\/product\/rafting-rio-manso-sin-traslado-bariloche#local-main-organization-logo\"},\"image\":{\"@id\":\"https:\/\/centroreservasbariloche.com\/product\/rafting-rio-manso-sin-traslado-bariloche#local-main-organization-logo\"},\"sameAs\":[\"https:\/\/www.facebook.com\/centroreservasbariloche\"],\"description\":\"Estamos comprometidos en brindarles una experiencia inolvidable, llena de aventura, belleza natural y descubrimientos. No importa si es su primera visita a Bariloche o si ya ha tenido el placer de conocerla, estamos seguros de que encontrar\u00e1 en nuestras excursiones la oportunidad de crear recuerdos duraderos.\",\"legalName\":\"Centro Reservas Bariloche\",\"address\":{\"@id\":\"https:\/\/centroreservasbariloche.com\/product\/rafting-rio-manso-sin-traslado-bariloche#local-main-place-address\"},\"telephone\":[],\"openingHoursSpecification\":[{\"@type\":\"OpeningHoursSpecification\",\"dayOfWeek\":[\"Monday\",\"Tuesday\",\"Wednesday\",\"Thursday\",\"Friday\",\"Saturday\",\"Sunday\"],\"opens\":\"09:00\",\"closes\":\"17:00\"}],\"priceRange\":\"$$\"},{\"@type\":\"PostalAddress\",\"@id\":\"https:\/\/centroreservasbariloche.com\/product\/rafting-rio-manso-sin-traslado-bariloche#local-main-place-address\",\"streetAddress\":\"Mitre 131\",\"addressLocality\":\"San Carlos de Bariloche\",\"postalCode\":\"8400\",\"addressRegion\":\"R\u00edo Negro\",\"addressCountry\":\"AR\"},{\"@type\":\"ImageObject\",\"inLanguage\":\"en-US\",\"@id\":\"https:\/\/centroreservasbariloche.com\/product\/rafting-rio-manso-sin-traslado-bariloche#local-main-organization-logo\",\"url\":\"https:\/\/buck.getjasper.digital\/2025\/06\/centro-de-reservas-2-1.png\",\"contentUrl\":\"https:\/\/buck.getjasper.digital\/2025\/06\/centro-de-reservas-2-1.png\",\"width\":512,\"height\":512,\"caption\":\"Centro Reservas Bariloche\"}]}<\/script>\n<meta property=\"product:price:amount\" content=\"75000.00\" \/>\n<meta property=\"product:price:currency\" content=\"ARS\" \/>\n<meta property=\"og:availability\" content=\"instock\" \/>\n<meta property=\"product:availability\" content=\"instock\" \/>\n<meta property=\"product:retailer_item_id\" content=\"ADV2025RALIENTUFA\" \/>\n<meta property=\"product:condition\" content=\"new\" \/>\n<meta name=\"geo.placename\" content=\"San Carlos de Bariloche\" \/>\n<meta name=\"geo.region\" content=\"Argentina\" \/>\n<!-- \/ Yoast SEO Premium plugin. -->","yoast_head_json":{"title":"Rafting Manso River without Transfer | Family Activity in Bariloche - Centro Reservas Bariloche Patagonia Argentina","description":"Experience rafting on the Manso River without transfer. Safe and fun adventure for the whole family in Bariloche. Includes full equipment and professional guide.","robots":{"index":"index","follow":"follow","max-snippet":"max-snippet:-1","max-image-preview":"max-image-preview:large","max-video-preview":"max-video-preview:-1"},"canonical":"https:\/\/centroreservasbariloche.com\/en\/product\/manso-river-rafting-without-transfer-bariloche\/","og_locale":"en_US","og_type":"article","og_title":"Aventura en el R\u00edo Manso - sin Traslado","og_description":"Viv\u00ed el rafting en el R\u00edo Manso sin traslado. Aventura segura y divertida para toda la familia en Bariloche. Incluye equipo completo y gu\u00eda profesional.","og_url":"https:\/\/centroreservasbariloche.com\/en\/product\/manso-river-rafting-without-transfer-bariloche\/","og_site_name":"Centro Reservas Bariloche Patagonia Argentina","article_publisher":"https:\/\/www.facebook.com\/centroreservasbariloche","article_modified_time":"2026-04-14T14:00:53+00:00","og_image":[{"width":1920,"height":2560,"url":"https:\/\/buck.getjasper.digital\/2025\/05\/5-B-GOPR9266-scaled.jpg","type":"image\/jpeg"}],"twitter_card":"summary_large_image","twitter_misc":{"Price":"&#36;&nbsp;75.000,00","Availability":"In stock"},"schema":{"@context":"https:\/\/schema.org","@graph":[{"@type":["WebPage","ItemPage"],"@id":"https:\/\/centroreservasbariloche.com\/product\/rafting-rio-manso-sin-traslado-bariloche","url":"https:\/\/centroreservasbariloche.com\/product\/rafting-rio-manso-sin-traslado-bariloche","name":"Rafting Manso River without Transfer | Family Activity in Bariloche - Centro Reservas Bariloche Patagonia Argentina","isPartOf":{"@id":"https:\/\/centroreservasbariloche.com\/#website"},"primaryImageOfPage":{"@id":"https:\/\/centroreservasbariloche.com\/product\/rafting-rio-manso-sin-traslado-bariloche#primaryimage"},"image":{"@id":"https:\/\/centroreservasbariloche.com\/product\/rafting-rio-manso-sin-traslado-bariloche#primaryimage"},"thumbnailUrl":"https:\/\/buck.getjasper.digital\/2025\/05\/5-B-GOPR9266-scaled.jpg","datePublished":"2025-04-04T18:52:58+00:00","dateModified":"2026-04-14T14:00:53+00:00","description":"Experience rafting on the Manso River without transfer. Safe and fun adventure for the whole family in Bariloche. Includes full equipment and professional guide.","breadcrumb":{"@id":"https:\/\/centroreservasbariloche.com\/product\/rafting-rio-manso-sin-traslado-bariloche#breadcrumb"},"inLanguage":"en-US","potentialAction":[{"@type":"ReadAction","target":["https:\/\/centroreservasbariloche.com\/product\/rafting-rio-manso-sin-traslado-bariloche"]}]},{"@type":"ImageObject","inLanguage":"en-US","@id":"https:\/\/centroreservasbariloche.com\/product\/rafting-rio-manso-sin-traslado-bariloche#primaryimage","url":"https:\/\/buck.getjasper.digital\/2025\/05\/5-B-GOPR9266-scaled.jpg","contentUrl":"https:\/\/buck.getjasper.digital\/2025\/05\/5-B-GOPR9266-scaled.jpg","width":1920,"height":2560,"caption":"t\/sdcard\/DCIM\/100GOPRO\/GOPR9266"},{"@type":"BreadcrumbList","@id":"https:\/\/centroreservasbariloche.com\/product\/rafting-rio-manso-sin-traslado-bariloche#breadcrumb","itemListElement":[{"@type":"ListItem","position":1,"name":"Home","item":"https:\/\/centroreservasbariloche.com\/"},{"@type":"ListItem","position":2,"name":"Nuestras actividades","item":"https:\/\/centroreservasbariloche.com\/shop"},{"@type":"ListItem","position":3,"name":"Aventura en el R\u00edo Manso &#8211; sin Traslado"}]},{"@type":"WebSite","@id":"https:\/\/centroreservasbariloche.com\/#website","url":"https:\/\/centroreservasbariloche.com\/","name":"Bariloche Reservation Center Patagonia Argentina","description":"Bariloche Patagonia Reserves Center","publisher":{"@id":"https:\/\/centroreservasbariloche.com\/#organization"},"alternateName":"tur centra bariloche","potentialAction":[{"@type":"SearchAction","target":{"@type":"EntryPoint","urlTemplate":"https:\/\/centroreservasbariloche.com\/?s={search_term_string}"},"query-input":{"@type":"PropertyValueSpecification","valueRequired":true,"valueName":"search_term_string"}}],"inLanguage":"en-US"},{"@type":["Organization","Place","TravelAgency"],"@id":"https:\/\/centroreservasbariloche.com\/#organization","name":"Bariloche Reserves Center","alternateName":"Centro de Reservas","url":"https:\/\/centroreservasbariloche.com\/","logo":{"@id":"https:\/\/centroreservasbariloche.com\/product\/rafting-rio-manso-sin-traslado-bariloche#local-main-organization-logo"},"image":{"@id":"https:\/\/centroreservasbariloche.com\/product\/rafting-rio-manso-sin-traslado-bariloche#local-main-organization-logo"},"sameAs":["https:\/\/www.facebook.com\/centroreservasbariloche"],"description":"We are committed to providing you with an unforgettable experience, full of adventure, natural beauty and discovery. Whether it is your first visit to Bariloche or if you have already had the pleasure of knowing it, we are sure that you will find in our excursions the opportunity to create lasting memories.","legalName":"Centro Reservas Bariloche","address":{"@id":"https:\/\/centroreservasbariloche.com\/product\/rafting-rio-manso-sin-traslado-bariloche#local-main-place-address"},"telephone":[],"openingHoursSpecification":[{"@type":"OpeningHoursSpecification","dayOfWeek":["Monday","Tuesday","Wednesday","Thursday","Friday","Saturday","Sunday"],"opens":"09:00","closes":"17:00"}],"priceRange":"$$"},{"@type":"PostalAddress","@id":"https:\/\/centroreservasbariloche.com\/product\/rafting-rio-manso-sin-traslado-bariloche#local-main-place-address","streetAddress":"Mitre 131","addressLocality":"San Carlos de Bariloche","postalCode":"8400","addressRegion":"R\u00edo Negro","addressCountry":"AR"},{"@type":"ImageObject","inLanguage":"en-US","@id":"https:\/\/centroreservasbariloche.com\/product\/rafting-rio-manso-sin-traslado-bariloche#local-main-organization-logo","url":"https:\/\/buck.getjasper.digital\/2025\/06\/centro-de-reservas-2-1.png","contentUrl":"https:\/\/buck.getjasper.digital\/2025\/06\/centro-de-reservas-2-1.png","width":512,"height":512,"caption":"Centro Reservas Bariloche"}]},"product_price_amount":"75000.00","product_price_currency":"ARS","og_availability":"instock","product_availability":"instock","product_retailer_item_id":"ADV2025RALIENTUFA","product_condition":"new","geo.placename":"San Carlos de Bariloche","geo.region":"Argentina"},"_links":{"self":[{"href":"https:\/\/centroreservasbariloche.com\/en\/wp-json\/wp\/v2\/product\/230732","targetHints":{"allow":["GET"]}}],"collection":[{"href":"https:\/\/centroreservasbariloche.com\/en\/wp-json\/wp\/v2\/product"}],"about":[{"href":"https:\/\/centroreservasbariloche.com\/en\/wp-json\/wp\/v2\/types\/product"}],"replies":[{"embeddable":true,"href":"https:\/\/centroreservasbariloche.com\/en\/wp-json\/wp\/v2\/comments?post=230732"}],"wp:featuredmedia":[{"embeddable":true,"href":"https:\/\/centroreservasbariloche.com\/en\/wp-json\/wp\/v2\/media\/231543"}],"wp:attachment":[{"href":"https:\/\/centroreservasbariloche.com\/en\/wp-json\/wp\/v2\/media?parent=230732"}],"wp:term":[{"taxonomy":"product_brand","embeddable":true,"href":"https:\/\/centroreservasbariloche.com\/en\/wp-json\/wp\/v2\/product_brand?post=230732"},{"taxonomy":"product_cat","embeddable":true,"href":"https:\/\/centroreservasbariloche.com\/en\/wp-json\/wp\/v2\/product_cat?post=230732"},{"taxonomy":"product_tag","embeddable":true,"href":"https:\/\/centroreservasbariloche.com\/en\/wp-json\/wp\/v2\/product_tag?post=230732"}],"curies":[{"name":"wp","href":"https:\/\/api.w.org\/{rel}","templated":true}]}}