{"id":230734,"date":"2025-04-04T15:53:23","date_gmt":"2025-04-04T18:53:23","guid":{"rendered":"https:\/\/centroreservasbariloche.com\/?post_type=product&#038;p=230734"},"modified":"2026-04-09T09:14:07","modified_gmt":"2026-04-09T12:14:07","slug":"el-bolson-y-lago-puelo-desde-bariloche","status":"publish","type":"product","link":"https:\/\/centroreservasbariloche.com\/en\/product\/el-bolson-and-lago-puelo-from-bariloche","title":{"rendered":"El Bols\u00f3n and Lago Puelo: local culture and unforgettable landscapes of the Andean South"},"content":{"rendered":"<h3 data-start=\"490\" data-end=\"606\"><strong data-start=\"494\" data-end=\"606\">An ideal excursion for those who wish to discover the essence of Patagonia off the beaten track.<\/strong><\/h3>\n<p data-start=\"608\" data-end=\"911\">This experience takes place on Tuesdays, Thursdays or Saturdays, and proposes a complete tour from San Carlos de Bariloche to the south along the famous National Route 40. It is designed for groups or travelers looking for a cultural, natural and organized proposal, with landscapes that impress from the beginning.<\/p>\n<p data-start=\"913\" data-end=\"1244\">During the trip you will visit the Guti\u00e9rrez, Mascardi and Guillelmo lakes, surrounded by the forests of the Nahuel Huapi National Park. The first stop is in <strong data-start=\"1073\" data-end=\"1086\">El Bolson<\/strong>, A town with its own identity, known for its artisan fair, its regional products and the quiet atmosphere that invites you to stroll through its streets.<\/p>\n<p data-start=\"1246\" data-end=\"1485\">Then, the trip continues to the <strong data-start=\"1280\" data-end=\"1310\">Lago Puelo National Park<\/strong>, in the province of Chubut. There, a lake of crystalline waters awaits you in an environment of Andean vegetation, ideal for walking, resting or simply contemplating the scenery.<\/p>\n<p data-start=\"1487\" data-end=\"1770\">The service includes ground transportation and Spanish speaking guide during the entire tour. We also offer the option of a bilingual guide at an additional cost. It does not include meals or the entrance fee to the national park, which is paid at the entrance. Departure is not suspended due to weather conditions.<\/p>\n<h3 data-start=\"1777\" data-end=\"1805\"><strong data-start=\"1781\" data-end=\"1805\">Frequently asked questions<\/strong><\/h3>\n<p data-start=\"1807\" data-end=\"1940\"><strong data-start=\"1807\" data-end=\"1830\">What is included?<\/strong><br data-start=\"1830\" data-end=\"1833\" \/>Round trip transportation from Bariloche and Spanish speaking guide. Possibility of bilingual guide with previous reservation.<\/p>\n<p data-start=\"1942\" data-end=\"2070\"><strong data-start=\"1942\" data-end=\"1975\">What days does the tour operate?<\/strong><br data-start=\"1975\" data-end=\"1978\" \/>Tuesdays, Thursdays and Saturdays, departing at approximately 8:30 am and returning at 6:30 pm.<\/p>\n<p data-start=\"2072\" data-end=\"2199\"><strong data-start=\"2072\" data-end=\"2100\">Is it done in bad weather?<\/strong><br data-start=\"2100\" data-end=\"2103\" \/>Yes, the walk takes place in rain or snow. We recommend wearing warm clothes and comfortable shoes.<\/p>\n<p data-start=\"2201\" data-end=\"2322\"><strong data-start=\"2201\" data-end=\"2241\">Is the entrance fee to the park included?<\/strong><br data-start=\"2241\" data-end=\"2244\" \/>No. The Lago Puelo National Park ticket is paid directly at the entrance.<\/p>","protected":false},"excerpt":{"rendered":"<p>Embark on a journey from San Carlos Bariloche to the charms of Bolson and Lago Puelo. Discover unique landscapes, artisan culture and the splendor of Patagonia on this select tour.<\/p>","protected":false},"featured_media":231568,"comment_status":"open","ping_status":"closed","template":"","meta":[],"product_brand":[],"product_cat":[38,32,53,40,36,37,55],"product_tag":[],"class_list":{"0":"post-230734","1":"product","2":"type-product","3":"status-publish","4":"has-post-thumbnail","6":"product_cat-adultos","7":"product_cat-familia","8":"product_cat-ninos","9":"product_cat-con-traslado","10":"product_cat-sin-comida","11":"product_cat-terrestre","12":"product_cat-todo-el-ano-temporada","14":"first","15":"instock","16":"virtual","17":"sold-individually","18":"purchasable","19":"product-type-booking"},"booking_location":"","booking_location_type":"","booking_duration":1,"booking_duration_unit":"hour","booking_buffer":0,"booking_cost":0,"booking_resources":[],"exclude_global_add_ons":false,"addons":[{"name":"STD | Passengers","type":"input_multiplier","position":0,"required":false,"title_format":"label","default":"","description_enable":false,"description":"","placeholder_enable":false,"placeholder":"","display":"select","restrictions_type":"any_text","adjust_price":true,"price":"59400","price_type":"flat_fee","restrictions":false,"min":"0","max":"0","options":[],"id":1773237174}],"yoast_head":"<!-- This site is optimized with the Yoast SEO Premium plugin v24.5 (Yoast SEO v24.8) - https:\/\/yoast.com\/wordpress\/plugins\/seo\/ -->\n<title>El Bols\u00f3n y Lago Puelo | Excursi\u00f3n desde Bariloche - Centro Reservas Bariloche Patagonia Argentina<\/title>\n<meta name=\"description\" content=\"Descubr\u00ed El Bols\u00f3n y Lago Puelo en una excursi\u00f3n desde Bariloche. Artesan\u00edas, monta\u00f1as y lagos patag\u00f3nicos en un paseo cultural y natural inolvidable.\" \/>\n<meta name=\"robots\" content=\"index, follow, max-snippet:-1, max-image-preview:large, max-video-preview:-1\" \/>\n<link rel=\"canonical\" href=\"https:\/\/centroreservasbariloche.com\/en\/product\/el-bolson-and-lago-puelo-from-bariloche\/\" \/>\n<meta property=\"og:locale\" content=\"en_US\" \/>\n<meta property=\"og:type\" content=\"article\" \/>\n<meta property=\"og:title\" content=\"El Bols\u00f3n y Lago Puelo: cultura local y paisajes inolvidables del sur andino\" \/>\n<meta property=\"og:description\" content=\"Descubr\u00ed El Bols\u00f3n y Lago Puelo en una excursi\u00f3n desde Bariloche. Artesan\u00edas, monta\u00f1as y lagos patag\u00f3nicos en un paseo cultural y natural inolvidable.\" \/>\n<meta property=\"og:url\" content=\"https:\/\/centroreservasbariloche.com\/en\/product\/el-bolson-and-lago-puelo-from-bariloche\/\" \/>\n<meta property=\"og:site_name\" content=\"Centro Reservas Bariloche Patagonia Argentina\" \/>\n<meta property=\"article:publisher\" content=\"https:\/\/www.facebook.com\/centroreservasbariloche\" \/>\n<meta property=\"article:modified_time\" content=\"2026-04-09T12:14:07+00:00\" \/>\n<meta property=\"og:image\" content=\"https:\/\/buck.getjasper.digital\/2025\/04\/5-A-unnamed9-scaled.jpg\" \/>\n\t<meta property=\"og:image:width\" content=\"1920\" \/>\n\t<meta property=\"og:image:height\" content=\"2560\" \/>\n\t<meta property=\"og:image:type\" content=\"image\/jpeg\" \/>\n<meta name=\"twitter:card\" content=\"summary_large_image\" \/>\n<meta name=\"twitter:label1\" content=\"Price\" \/>\n\t<meta name=\"twitter:data1\" content=\"&#036;&nbsp;59.400,00\" \/>\n\t<meta name=\"twitter:label2\" content=\"Availability\" \/>\n\t<meta name=\"twitter:data2\" content=\"In stock\" \/>\n<script type=\"application\/ld+json\" class=\"yoast-schema-graph\">{\"@context\":\"https:\/\/schema.org\",\"@graph\":[{\"@type\":[\"WebPage\",\"ItemPage\"],\"@id\":\"https:\/\/centroreservasbariloche.com\/product\/el-bolson-y-lago-puelo-desde-bariloche\",\"url\":\"https:\/\/centroreservasbariloche.com\/product\/el-bolson-y-lago-puelo-desde-bariloche\",\"name\":\"El Bols\u00f3n y Lago Puelo | Excursi\u00f3n desde Bariloche - Centro Reservas Bariloche Patagonia Argentina\",\"isPartOf\":{\"@id\":\"https:\/\/centroreservasbariloche.com\/#website\"},\"primaryImageOfPage\":{\"@id\":\"https:\/\/centroreservasbariloche.com\/product\/el-bolson-y-lago-puelo-desde-bariloche#primaryimage\"},\"image\":{\"@id\":\"https:\/\/centroreservasbariloche.com\/product\/el-bolson-y-lago-puelo-desde-bariloche#primaryimage\"},\"thumbnailUrl\":\"https:\/\/buck.getjasper.digital\/2025\/04\/5-A-unnamed9-scaled.jpg\",\"datePublished\":\"2025-04-04T18:53:23+00:00\",\"dateModified\":\"2026-04-09T12:14:07+00:00\",\"description\":\"Descubr\u00ed El Bols\u00f3n y Lago Puelo en una excursi\u00f3n desde Bariloche. Artesan\u00edas, monta\u00f1as y lagos patag\u00f3nicos en un paseo cultural y natural inolvidable.\",\"breadcrumb\":{\"@id\":\"https:\/\/centroreservasbariloche.com\/product\/el-bolson-y-lago-puelo-desde-bariloche#breadcrumb\"},\"inLanguage\":\"en-US\",\"potentialAction\":[{\"@type\":\"ReadAction\",\"target\":[\"https:\/\/centroreservasbariloche.com\/product\/el-bolson-y-lago-puelo-desde-bariloche\"]}]},{\"@type\":\"ImageObject\",\"inLanguage\":\"en-US\",\"@id\":\"https:\/\/centroreservasbariloche.com\/product\/el-bolson-y-lago-puelo-desde-bariloche#primaryimage\",\"url\":\"https:\/\/buck.getjasper.digital\/2025\/04\/5-A-unnamed9-scaled.jpg\",\"contentUrl\":\"https:\/\/buck.getjasper.digital\/2025\/04\/5-A-unnamed9-scaled.jpg\",\"width\":1920,\"height\":2560},{\"@type\":\"BreadcrumbList\",\"@id\":\"https:\/\/centroreservasbariloche.com\/product\/el-bolson-y-lago-puelo-desde-bariloche#breadcrumb\",\"itemListElement\":[{\"@type\":\"ListItem\",\"position\":1,\"name\":\"Home\",\"item\":\"https:\/\/centroreservasbariloche.com\/\"},{\"@type\":\"ListItem\",\"position\":2,\"name\":\"Nuestras actividades\",\"item\":\"https:\/\/centroreservasbariloche.com\/shop\"},{\"@type\":\"ListItem\",\"position\":3,\"name\":\"El Bols\u00f3n y Lago Puelo: cultura local y paisajes inolvidables del sur andino\"}]},{\"@type\":\"WebSite\",\"@id\":\"https:\/\/centroreservasbariloche.com\/#website\",\"url\":\"https:\/\/centroreservasbariloche.com\/\",\"name\":\"Centro Reservas Bariloche Patagonia Argentina\",\"description\":\"Centro Reservas Bariloche Patagonia\",\"publisher\":{\"@id\":\"https:\/\/centroreservasbariloche.com\/#organization\"},\"alternateName\":\"tur centra bariloche\",\"potentialAction\":[{\"@type\":\"SearchAction\",\"target\":{\"@type\":\"EntryPoint\",\"urlTemplate\":\"https:\/\/centroreservasbariloche.com\/?s={search_term_string}\"},\"query-input\":{\"@type\":\"PropertyValueSpecification\",\"valueRequired\":true,\"valueName\":\"search_term_string\"}}],\"inLanguage\":\"en-US\"},{\"@type\":[\"Organization\",\"Place\",\"TravelAgency\"],\"@id\":\"https:\/\/centroreservasbariloche.com\/#organization\",\"name\":\"Centro Reservas Bariloche\",\"alternateName\":\"Centro de Reservas\",\"url\":\"https:\/\/centroreservasbariloche.com\/\",\"logo\":{\"@id\":\"https:\/\/centroreservasbariloche.com\/product\/el-bolson-y-lago-puelo-desde-bariloche#local-main-organization-logo\"},\"image\":{\"@id\":\"https:\/\/centroreservasbariloche.com\/product\/el-bolson-y-lago-puelo-desde-bariloche#local-main-organization-logo\"},\"sameAs\":[\"https:\/\/www.facebook.com\/centroreservasbariloche\"],\"description\":\"Estamos comprometidos en brindarles una experiencia inolvidable, llena de aventura, belleza natural y descubrimientos. No importa si es su primera visita a Bariloche o si ya ha tenido el placer de conocerla, estamos seguros de que encontrar\u00e1 en nuestras excursiones la oportunidad de crear recuerdos duraderos.\",\"legalName\":\"Centro Reservas Bariloche\",\"address\":{\"@id\":\"https:\/\/centroreservasbariloche.com\/product\/el-bolson-y-lago-puelo-desde-bariloche#local-main-place-address\"},\"telephone\":[],\"openingHoursSpecification\":[{\"@type\":\"OpeningHoursSpecification\",\"dayOfWeek\":[\"Monday\",\"Tuesday\",\"Wednesday\",\"Thursday\",\"Friday\",\"Saturday\",\"Sunday\"],\"opens\":\"09:00\",\"closes\":\"17:00\"}],\"priceRange\":\"$$\"},{\"@type\":\"PostalAddress\",\"@id\":\"https:\/\/centroreservasbariloche.com\/product\/el-bolson-y-lago-puelo-desde-bariloche#local-main-place-address\",\"streetAddress\":\"Mitre 131\",\"addressLocality\":\"San Carlos de Bariloche\",\"postalCode\":\"8400\",\"addressRegion\":\"R\u00edo Negro\",\"addressCountry\":\"AR\"},{\"@type\":\"ImageObject\",\"inLanguage\":\"en-US\",\"@id\":\"https:\/\/centroreservasbariloche.com\/product\/el-bolson-y-lago-puelo-desde-bariloche#local-main-organization-logo\",\"url\":\"https:\/\/buck.getjasper.digital\/2025\/06\/centro-de-reservas-2-1.png\",\"contentUrl\":\"https:\/\/buck.getjasper.digital\/2025\/06\/centro-de-reservas-2-1.png\",\"width\":512,\"height\":512,\"caption\":\"Centro Reservas Bariloche\"}]}<\/script>\n<meta property=\"product:price:amount\" content=\"59400.00\" \/>\n<meta property=\"product:price:currency\" content=\"ARS\" \/>\n<meta property=\"og:availability\" content=\"instock\" \/>\n<meta property=\"product:availability\" content=\"instock\" \/>\n<meta property=\"product:retailer_item_id\" content=\"ADV2025BOYLAPYFHS\" \/>\n<meta property=\"product:condition\" content=\"new\" \/>\n<meta name=\"geo.placename\" content=\"San Carlos de Bariloche\" \/>\n<meta name=\"geo.region\" content=\"Argentina\" \/>\n<!-- \/ Yoast SEO Premium plugin. -->","yoast_head_json":{"title":"El Bols\u00f3n and Lago Puelo | Excursion from Bariloche - Bariloche Reservations Center Patagonia Argentina","description":"Discover El Bols\u00f3n and Lago Puelo on an excursion from Bariloche. Crafts, mountains and Patagonian lakes in an unforgettable cultural and natural tour.","robots":{"index":"index","follow":"follow","max-snippet":"max-snippet:-1","max-image-preview":"max-image-preview:large","max-video-preview":"max-video-preview:-1"},"canonical":"https:\/\/centroreservasbariloche.com\/en\/product\/el-bolson-and-lago-puelo-from-bariloche\/","og_locale":"en_US","og_type":"article","og_title":"El Bols\u00f3n y Lago Puelo: cultura local y paisajes inolvidables del sur andino","og_description":"Descubr\u00ed El Bols\u00f3n y Lago Puelo en una excursi\u00f3n desde Bariloche. Artesan\u00edas, monta\u00f1as y lagos patag\u00f3nicos en un paseo cultural y natural inolvidable.","og_url":"https:\/\/centroreservasbariloche.com\/en\/product\/el-bolson-and-lago-puelo-from-bariloche\/","og_site_name":"Centro Reservas Bariloche Patagonia Argentina","article_publisher":"https:\/\/www.facebook.com\/centroreservasbariloche","article_modified_time":"2026-04-09T12:14:07+00:00","og_image":[{"width":1920,"height":2560,"url":"https:\/\/buck.getjasper.digital\/2025\/04\/5-A-unnamed9-scaled.jpg","type":"image\/jpeg"}],"twitter_card":"summary_large_image","twitter_misc":{"Price":"&#36;&nbsp;59.400,00","Availability":"In stock"},"schema":{"@context":"https:\/\/schema.org","@graph":[{"@type":["WebPage","ItemPage"],"@id":"https:\/\/centroreservasbariloche.com\/product\/el-bolson-y-lago-puelo-desde-bariloche","url":"https:\/\/centroreservasbariloche.com\/product\/el-bolson-y-lago-puelo-desde-bariloche","name":"El Bols\u00f3n and Lago Puelo | Excursion from Bariloche - Bariloche Reservations Center Patagonia Argentina","isPartOf":{"@id":"https:\/\/centroreservasbariloche.com\/#website"},"primaryImageOfPage":{"@id":"https:\/\/centroreservasbariloche.com\/product\/el-bolson-y-lago-puelo-desde-bariloche#primaryimage"},"image":{"@id":"https:\/\/centroreservasbariloche.com\/product\/el-bolson-y-lago-puelo-desde-bariloche#primaryimage"},"thumbnailUrl":"https:\/\/buck.getjasper.digital\/2025\/04\/5-A-unnamed9-scaled.jpg","datePublished":"2025-04-04T18:53:23+00:00","dateModified":"2026-04-09T12:14:07+00:00","description":"Discover El Bols\u00f3n and Lago Puelo on an excursion from Bariloche. Crafts, mountains and Patagonian lakes in an unforgettable cultural and natural tour.","breadcrumb":{"@id":"https:\/\/centroreservasbariloche.com\/product\/el-bolson-y-lago-puelo-desde-bariloche#breadcrumb"},"inLanguage":"en-US","potentialAction":[{"@type":"ReadAction","target":["https:\/\/centroreservasbariloche.com\/product\/el-bolson-y-lago-puelo-desde-bariloche"]}]},{"@type":"ImageObject","inLanguage":"en-US","@id":"https:\/\/centroreservasbariloche.com\/product\/el-bolson-y-lago-puelo-desde-bariloche#primaryimage","url":"https:\/\/buck.getjasper.digital\/2025\/04\/5-A-unnamed9-scaled.jpg","contentUrl":"https:\/\/buck.getjasper.digital\/2025\/04\/5-A-unnamed9-scaled.jpg","width":1920,"height":2560},{"@type":"BreadcrumbList","@id":"https:\/\/centroreservasbariloche.com\/product\/el-bolson-y-lago-puelo-desde-bariloche#breadcrumb","itemListElement":[{"@type":"ListItem","position":1,"name":"Home","item":"https:\/\/centroreservasbariloche.com\/"},{"@type":"ListItem","position":2,"name":"Nuestras actividades","item":"https:\/\/centroreservasbariloche.com\/shop"},{"@type":"ListItem","position":3,"name":"El Bols\u00f3n y Lago Puelo: cultura local y paisajes inolvidables del sur andino"}]},{"@type":"WebSite","@id":"https:\/\/centroreservasbariloche.com\/#website","url":"https:\/\/centroreservasbariloche.com\/","name":"Bariloche Reservation Center Patagonia Argentina","description":"Bariloche Patagonia Reserves Center","publisher":{"@id":"https:\/\/centroreservasbariloche.com\/#organization"},"alternateName":"tur centra bariloche","potentialAction":[{"@type":"SearchAction","target":{"@type":"EntryPoint","urlTemplate":"https:\/\/centroreservasbariloche.com\/?s={search_term_string}"},"query-input":{"@type":"PropertyValueSpecification","valueRequired":true,"valueName":"search_term_string"}}],"inLanguage":"en-US"},{"@type":["Organization","Place","TravelAgency"],"@id":"https:\/\/centroreservasbariloche.com\/#organization","name":"Bariloche Reserves Center","alternateName":"Centro de Reservas","url":"https:\/\/centroreservasbariloche.com\/","logo":{"@id":"https:\/\/centroreservasbariloche.com\/product\/el-bolson-y-lago-puelo-desde-bariloche#local-main-organization-logo"},"image":{"@id":"https:\/\/centroreservasbariloche.com\/product\/el-bolson-y-lago-puelo-desde-bariloche#local-main-organization-logo"},"sameAs":["https:\/\/www.facebook.com\/centroreservasbariloche"],"description":"We are committed to providing you with an unforgettable experience, full of adventure, natural beauty and discovery. Whether it is your first visit to Bariloche or if you have already had the pleasure of knowing it, we are sure that you will find in our excursions the opportunity to create lasting memories.","legalName":"Centro Reservas Bariloche","address":{"@id":"https:\/\/centroreservasbariloche.com\/product\/el-bolson-y-lago-puelo-desde-bariloche#local-main-place-address"},"telephone":[],"openingHoursSpecification":[{"@type":"OpeningHoursSpecification","dayOfWeek":["Monday","Tuesday","Wednesday","Thursday","Friday","Saturday","Sunday"],"opens":"09:00","closes":"17:00"}],"priceRange":"$$"},{"@type":"PostalAddress","@id":"https:\/\/centroreservasbariloche.com\/product\/el-bolson-y-lago-puelo-desde-bariloche#local-main-place-address","streetAddress":"Mitre 131","addressLocality":"San Carlos de Bariloche","postalCode":"8400","addressRegion":"R\u00edo Negro","addressCountry":"AR"},{"@type":"ImageObject","inLanguage":"en-US","@id":"https:\/\/centroreservasbariloche.com\/product\/el-bolson-y-lago-puelo-desde-bariloche#local-main-organization-logo","url":"https:\/\/buck.getjasper.digital\/2025\/06\/centro-de-reservas-2-1.png","contentUrl":"https:\/\/buck.getjasper.digital\/2025\/06\/centro-de-reservas-2-1.png","width":512,"height":512,"caption":"Centro Reservas Bariloche"}]},"product_price_amount":"59400.00","product_price_currency":"ARS","og_availability":"instock","product_availability":"instock","product_retailer_item_id":"ADV2025BOYLAPYFHS","product_condition":"new","geo.placename":"San Carlos de Bariloche","geo.region":"Argentina"},"_links":{"self":[{"href":"https:\/\/centroreservasbariloche.com\/en\/wp-json\/wp\/v2\/product\/230734","targetHints":{"allow":["GET"]}}],"collection":[{"href":"https:\/\/centroreservasbariloche.com\/en\/wp-json\/wp\/v2\/product"}],"about":[{"href":"https:\/\/centroreservasbariloche.com\/en\/wp-json\/wp\/v2\/types\/product"}],"replies":[{"embeddable":true,"href":"https:\/\/centroreservasbariloche.com\/en\/wp-json\/wp\/v2\/comments?post=230734"}],"wp:featuredmedia":[{"embeddable":true,"href":"https:\/\/centroreservasbariloche.com\/en\/wp-json\/wp\/v2\/media\/231568"}],"wp:attachment":[{"href":"https:\/\/centroreservasbariloche.com\/en\/wp-json\/wp\/v2\/media?parent=230734"}],"wp:term":[{"taxonomy":"product_brand","embeddable":true,"href":"https:\/\/centroreservasbariloche.com\/en\/wp-json\/wp\/v2\/product_brand?post=230734"},{"taxonomy":"product_cat","embeddable":true,"href":"https:\/\/centroreservasbariloche.com\/en\/wp-json\/wp\/v2\/product_cat?post=230734"},{"taxonomy":"product_tag","embeddable":true,"href":"https:\/\/centroreservasbariloche.com\/en\/wp-json\/wp\/v2\/product_tag?post=230734"}],"curies":[{"name":"wp","href":"https:\/\/api.w.org\/{rel}","templated":true}]}}