{"id":230735,"date":"2025-04-04T15:53:38","date_gmt":"2025-04-04T18:53:38","guid":{"rendered":"https:\/\/centroreservasbariloche.com\/?post_type=product&#038;p=230735"},"modified":"2026-04-09T09:14:32","modified_gmt":"2026-04-09T12:14:32","slug":"circuito-chico-cerro-campanario-bariloche","status":"publish","type":"product","link":"https:\/\/centroreservasbariloche.com\/en\/product\/small-circuit-cerro-campanario-bariloche","title":{"rendered":"Circuito Chico and Cerro Campanario: the essence of Bariloche in half a day"},"content":{"rendered":"<h3 data-start=\"363\" data-end=\"462\"><strong data-start=\"367\" data-end=\"462\">Get to know the soul of Bariloche in an unmissable tour around its most representative landscapes.<\/strong><\/h3>\n<p data-start=\"464\" data-end=\"728\">This tour is the most recommended for those who visit Bariloche for the first time and wish to connect with its iconic landscapes in a comfortable and well-organized excursion. It is ideal for groups, families or travelers looking for a complete experience without complications.<\/p>\n<p data-start=\"730\" data-end=\"1130\">From meeting points close to your lodging, between downtown Bariloche and kilometer 8 of Bustillo Av. or Pioneros Av., we start a scenic drive along the impressive <strong data-start=\"921\" data-end=\"942\">Nahuel Huapi Lake<\/strong>. During the trip, you will get to know the historic <strong data-start=\"988\" data-end=\"1007\">Hotel Llao Llao<\/strong>, the <strong data-start=\"1012\" data-end=\"1035\">St. Edward's Chapel<\/strong> and the <strong data-start=\"1041\" data-end=\"1059\">Puerto Pa\u00f1uelo<\/strong>, from where many of the most popular lake excursions depart.<\/p>\n<p data-start=\"1132\" data-end=\"1315\">We continue to areas such as <strong data-start=\"1158\" data-end=\"1173\">Villa Tacul<\/strong>, the <strong data-start=\"1178\" data-end=\"1196\">Hidden Lake<\/strong> and the <strong data-start=\"1202\" data-end=\"1217\">Cerro Lopez<\/strong>, We will stop to take pictures and enjoy the scenery of the Nahuel Huapi National Park.<\/p>\n<p data-start=\"1317\" data-end=\"1534\">The excursion ends with the possibility of ascending by chairlift to the <strong data-start=\"1386\" data-end=\"1406\">Cerro Campanario<\/strong>, The 360\u00b0 panoramic view over lakes, mountains and valleys is a visual experience that remains in the memory. A visual experience that remains in the memory.<\/p>\n<p data-start=\"1536\" data-end=\"1802\">Available times are from 8:30 am to 12:30 pm or from 3:00 pm to 7:00 pm. The experience includes transportation and a professional guide in Spanish. If you need a bilingual guide, you can request one at an additional cost. Food and the ticket to climb the Bell Tower are not included.<\/p>\n<h3 data-start=\"1809\" data-end=\"1837\"><strong data-start=\"1813\" data-end=\"1837\">Frequently asked questions<\/strong><\/h3>\n<p data-start=\"1839\" data-end=\"2031\"><strong data-start=\"1839\" data-end=\"1877\">From where does the transfer start?<\/strong><br data-start=\"1877\" data-end=\"1880\" \/>The transfer takes place from defined meeting points between downtown Bariloche and nearby areas along Bustillo Av. and Pioneros Av. up to km 8.<\/p>\n<p data-start=\"2033\" data-end=\"2154\"><strong data-start=\"2033\" data-end=\"2077\">Is the ascent to the Campanario included?<\/strong><br data-start=\"2077\" data-end=\"2080\" \/>No. The chairlift is optional and the ticket is paid directly on site.<\/p>\n<p data-start=\"2156\" data-end=\"2283\"><strong data-start=\"2156\" data-end=\"2188\">Is it necessary to walk a lot?<\/strong><br data-start=\"2188\" data-end=\"2191\" \/>No, it is an excursion mostly by vehicle, with short stops. Suitable for all ages.<\/p>\n<p data-start=\"2285\" data-end=\"2432\"><strong data-start=\"2285\" data-end=\"2315\">Is it designed for groups?<\/strong><br data-start=\"2315\" data-end=\"2318\" \/>Yes, this tour is ideal for organized groups, whether general tourism, students or corporate tourism.<\/p>","protected":false},"excerpt":{"rendered":"<p>Immerse yourself in an unparalleled experience with the Circuito Chico and Cerro Campanario in Bariloche. Discover the beauty of the <strong>Bustillo Avenue<\/strong>, admire the <strong>Hotel Llao Llao<\/strong> and peek into the <strong>Cerro Campanario<\/strong> to capture breathtaking panoramic views. An itinerary that fuses majestic nature, comfort and adventure.<\/p>","protected":false},"featured_media":231566,"comment_status":"open","ping_status":"closed","template":"","meta":[],"product_brand":[],"product_cat":[38,32,53,40,36,37,55],"product_tag":[],"class_list":{"0":"post-230735","1":"product","2":"type-product","3":"status-publish","4":"has-post-thumbnail","6":"product_cat-adultos","7":"product_cat-familia","8":"product_cat-ninos","9":"product_cat-con-traslado","10":"product_cat-sin-comida","11":"product_cat-terrestre","12":"product_cat-todo-el-ano-temporada","14":"first","15":"instock","16":"virtual","17":"sold-individually","18":"purchasable","19":"product-type-booking"},"booking_location":"","booking_location_type":"","booking_duration":1,"booking_duration_unit":"hour","booking_buffer":0,"booking_cost":0,"booking_resources":[],"exclude_global_add_ons":false,"addons":[{"name":"STD | Passengers","type":"input_multiplier","position":0,"required":false,"title_format":"label","default":"","description_enable":false,"description":"","placeholder_enable":false,"placeholder":"","display":"select","restrictions_type":"any_text","adjust_price":true,"price":"23400","price_type":"flat_fee","restrictions":false,"min":"0","max":"0","options":[],"id":1773236982}],"yoast_head":"<!-- This site is optimized with the Yoast SEO Premium plugin v24.5 (Yoast SEO v24.8) - https:\/\/yoast.com\/wordpress\/plugins\/seo\/ -->\n<title>Circuito Chico y Cerro Campanario | Excursi\u00f3n en Bariloche - Centro Reservas Bariloche Patagonia Argentina<\/title>\n<meta name=\"description\" content=\"Recorr\u00e9 Circuito Chico y ascend\u00e9 al Cerro Campanario. Paisajes emblem\u00e1ticos de Bariloche con gu\u00eda y traslado incluido. Ideal para todo tipo de viajeros.\" \/>\n<meta name=\"robots\" content=\"index, follow, max-snippet:-1, max-image-preview:large, max-video-preview:-1\" \/>\n<link rel=\"canonical\" href=\"https:\/\/centroreservasbariloche.com\/en\/product\/small-circuit-cerro-campanario-bariloche\/\" \/>\n<meta property=\"og:locale\" content=\"en_US\" \/>\n<meta property=\"og:type\" content=\"article\" \/>\n<meta property=\"og:title\" content=\"Circuito Chico y Cerro Campanario: la esencia de Bariloche en medio d\u00eda\" \/>\n<meta property=\"og:description\" content=\"Recorr\u00e9 Circuito Chico y ascend\u00e9 al Cerro Campanario. Paisajes emblem\u00e1ticos de Bariloche con gu\u00eda y traslado incluido. Ideal para todo tipo de viajeros.\" \/>\n<meta property=\"og:url\" content=\"https:\/\/centroreservasbariloche.com\/en\/product\/small-circuit-cerro-campanario-bariloche\/\" \/>\n<meta property=\"og:site_name\" content=\"Centro Reservas Bariloche Patagonia Argentina\" \/>\n<meta property=\"article:publisher\" content=\"https:\/\/www.facebook.com\/centroreservasbariloche\" \/>\n<meta property=\"article:modified_time\" content=\"2026-04-09T12:14:32+00:00\" \/>\n<meta property=\"og:image\" content=\"https:\/\/buck.getjasper.digital\/2025\/04\/5-A-DSC_0032-scaled.jpg\" \/>\n\t<meta property=\"og:image:width\" content=\"1920\" \/>\n\t<meta property=\"og:image:height\" content=\"2560\" \/>\n\t<meta property=\"og:image:type\" content=\"image\/jpeg\" \/>\n<meta name=\"twitter:card\" content=\"summary_large_image\" \/>\n<meta name=\"twitter:label1\" content=\"Price\" \/>\n\t<meta name=\"twitter:data1\" content=\"&#036;&nbsp;23.400,00\" \/>\n\t<meta name=\"twitter:label2\" content=\"Availability\" \/>\n\t<meta name=\"twitter:data2\" content=\"In stock\" \/>\n<script type=\"application\/ld+json\" class=\"yoast-schema-graph\">{\"@context\":\"https:\/\/schema.org\",\"@graph\":[{\"@type\":[\"WebPage\",\"ItemPage\"],\"@id\":\"https:\/\/centroreservasbariloche.com\/product\/circuito-chico-cerro-campanario-bariloche\",\"url\":\"https:\/\/centroreservasbariloche.com\/product\/circuito-chico-cerro-campanario-bariloche\",\"name\":\"Circuito Chico y Cerro Campanario | Excursi\u00f3n en Bariloche - Centro Reservas Bariloche Patagonia Argentina\",\"isPartOf\":{\"@id\":\"https:\/\/centroreservasbariloche.com\/#website\"},\"primaryImageOfPage\":{\"@id\":\"https:\/\/centroreservasbariloche.com\/product\/circuito-chico-cerro-campanario-bariloche#primaryimage\"},\"image\":{\"@id\":\"https:\/\/centroreservasbariloche.com\/product\/circuito-chico-cerro-campanario-bariloche#primaryimage\"},\"thumbnailUrl\":\"https:\/\/buck.getjasper.digital\/2025\/04\/5-A-DSC_0032-scaled.jpg\",\"datePublished\":\"2025-04-04T18:53:38+00:00\",\"dateModified\":\"2026-04-09T12:14:32+00:00\",\"description\":\"Recorr\u00e9 Circuito Chico y ascend\u00e9 al Cerro Campanario. Paisajes emblem\u00e1ticos de Bariloche con gu\u00eda y traslado incluido. Ideal para todo tipo de viajeros.\",\"breadcrumb\":{\"@id\":\"https:\/\/centroreservasbariloche.com\/product\/circuito-chico-cerro-campanario-bariloche#breadcrumb\"},\"inLanguage\":\"en-US\",\"potentialAction\":[{\"@type\":\"ReadAction\",\"target\":[\"https:\/\/centroreservasbariloche.com\/product\/circuito-chico-cerro-campanario-bariloche\"]}]},{\"@type\":\"ImageObject\",\"inLanguage\":\"en-US\",\"@id\":\"https:\/\/centroreservasbariloche.com\/product\/circuito-chico-cerro-campanario-bariloche#primaryimage\",\"url\":\"https:\/\/buck.getjasper.digital\/2025\/04\/5-A-DSC_0032-scaled.jpg\",\"contentUrl\":\"https:\/\/buck.getjasper.digital\/2025\/04\/5-A-DSC_0032-scaled.jpg\",\"width\":1920,\"height\":2560},{\"@type\":\"BreadcrumbList\",\"@id\":\"https:\/\/centroreservasbariloche.com\/product\/circuito-chico-cerro-campanario-bariloche#breadcrumb\",\"itemListElement\":[{\"@type\":\"ListItem\",\"position\":1,\"name\":\"Home\",\"item\":\"https:\/\/centroreservasbariloche.com\/\"},{\"@type\":\"ListItem\",\"position\":2,\"name\":\"Nuestras actividades\",\"item\":\"https:\/\/centroreservasbariloche.com\/shop\"},{\"@type\":\"ListItem\",\"position\":3,\"name\":\"Circuito Chico y Cerro Campanario: la esencia de Bariloche en medio d\u00eda\"}]},{\"@type\":\"WebSite\",\"@id\":\"https:\/\/centroreservasbariloche.com\/#website\",\"url\":\"https:\/\/centroreservasbariloche.com\/\",\"name\":\"Centro Reservas Bariloche Patagonia Argentina\",\"description\":\"Centro Reservas Bariloche Patagonia\",\"publisher\":{\"@id\":\"https:\/\/centroreservasbariloche.com\/#organization\"},\"alternateName\":\"tur centra bariloche\",\"potentialAction\":[{\"@type\":\"SearchAction\",\"target\":{\"@type\":\"EntryPoint\",\"urlTemplate\":\"https:\/\/centroreservasbariloche.com\/?s={search_term_string}\"},\"query-input\":{\"@type\":\"PropertyValueSpecification\",\"valueRequired\":true,\"valueName\":\"search_term_string\"}}],\"inLanguage\":\"en-US\"},{\"@type\":[\"Organization\",\"Place\",\"TravelAgency\"],\"@id\":\"https:\/\/centroreservasbariloche.com\/#organization\",\"name\":\"Centro Reservas Bariloche\",\"alternateName\":\"Centro de Reservas\",\"url\":\"https:\/\/centroreservasbariloche.com\/\",\"logo\":{\"@id\":\"https:\/\/centroreservasbariloche.com\/product\/circuito-chico-cerro-campanario-bariloche#local-main-organization-logo\"},\"image\":{\"@id\":\"https:\/\/centroreservasbariloche.com\/product\/circuito-chico-cerro-campanario-bariloche#local-main-organization-logo\"},\"sameAs\":[\"https:\/\/www.facebook.com\/centroreservasbariloche\"],\"description\":\"Estamos comprometidos en brindarles una experiencia inolvidable, llena de aventura, belleza natural y descubrimientos. No importa si es su primera visita a Bariloche o si ya ha tenido el placer de conocerla, estamos seguros de que encontrar\u00e1 en nuestras excursiones la oportunidad de crear recuerdos duraderos.\",\"legalName\":\"Centro Reservas Bariloche\",\"address\":{\"@id\":\"https:\/\/centroreservasbariloche.com\/product\/circuito-chico-cerro-campanario-bariloche#local-main-place-address\"},\"telephone\":[],\"openingHoursSpecification\":[{\"@type\":\"OpeningHoursSpecification\",\"dayOfWeek\":[\"Monday\",\"Tuesday\",\"Wednesday\",\"Thursday\",\"Friday\",\"Saturday\",\"Sunday\"],\"opens\":\"09:00\",\"closes\":\"17:00\"}],\"priceRange\":\"$$\"},{\"@type\":\"PostalAddress\",\"@id\":\"https:\/\/centroreservasbariloche.com\/product\/circuito-chico-cerro-campanario-bariloche#local-main-place-address\",\"streetAddress\":\"Mitre 131\",\"addressLocality\":\"San Carlos de Bariloche\",\"postalCode\":\"8400\",\"addressRegion\":\"R\u00edo Negro\",\"addressCountry\":\"AR\"},{\"@type\":\"ImageObject\",\"inLanguage\":\"en-US\",\"@id\":\"https:\/\/centroreservasbariloche.com\/product\/circuito-chico-cerro-campanario-bariloche#local-main-organization-logo\",\"url\":\"https:\/\/buck.getjasper.digital\/2025\/06\/centro-de-reservas-2-1.png\",\"contentUrl\":\"https:\/\/buck.getjasper.digital\/2025\/06\/centro-de-reservas-2-1.png\",\"width\":512,\"height\":512,\"caption\":\"Centro Reservas Bariloche\"}]}<\/script>\n<meta property=\"product:price:amount\" content=\"23400.00\" \/>\n<meta property=\"product:price:currency\" content=\"ARS\" \/>\n<meta property=\"og:availability\" content=\"instock\" \/>\n<meta property=\"product:availability\" content=\"instock\" \/>\n<meta property=\"product:retailer_item_id\" content=\"ADV2025CICHYC1KOR\" \/>\n<meta property=\"product:condition\" content=\"new\" \/>\n<meta name=\"geo.placename\" content=\"San Carlos de Bariloche\" \/>\n<meta name=\"geo.region\" content=\"Argentina\" \/>\n<!-- \/ Yoast SEO Premium plugin. -->","yoast_head_json":{"title":"Circuito Chico and Cerro Campanario | Excursion in Bariloche - Centro Reservas Bariloche Patagonia Argentina","description":"Tour Circuito Chico and climb Cerro Campanario. Emblematic landscapes of Bariloche with guide and transfer included. Ideal for all kind of travelers.","robots":{"index":"index","follow":"follow","max-snippet":"max-snippet:-1","max-image-preview":"max-image-preview:large","max-video-preview":"max-video-preview:-1"},"canonical":"https:\/\/centroreservasbariloche.com\/en\/product\/small-circuit-cerro-campanario-bariloche\/","og_locale":"en_US","og_type":"article","og_title":"Circuito Chico y Cerro Campanario: la esencia de Bariloche en medio d\u00eda","og_description":"Recorr\u00e9 Circuito Chico y ascend\u00e9 al Cerro Campanario. Paisajes emblem\u00e1ticos de Bariloche con gu\u00eda y traslado incluido. Ideal para todo tipo de viajeros.","og_url":"https:\/\/centroreservasbariloche.com\/en\/product\/small-circuit-cerro-campanario-bariloche\/","og_site_name":"Centro Reservas Bariloche Patagonia Argentina","article_publisher":"https:\/\/www.facebook.com\/centroreservasbariloche","article_modified_time":"2026-04-09T12:14:32+00:00","og_image":[{"width":1920,"height":2560,"url":"https:\/\/buck.getjasper.digital\/2025\/04\/5-A-DSC_0032-scaled.jpg","type":"image\/jpeg"}],"twitter_card":"summary_large_image","twitter_misc":{"Price":"&#36;&nbsp;23.400,00","Availability":"In stock"},"schema":{"@context":"https:\/\/schema.org","@graph":[{"@type":["WebPage","ItemPage"],"@id":"https:\/\/centroreservasbariloche.com\/product\/circuito-chico-cerro-campanario-bariloche","url":"https:\/\/centroreservasbariloche.com\/product\/circuito-chico-cerro-campanario-bariloche","name":"Circuito Chico and Cerro Campanario | Excursion in Bariloche - Centro Reservas Bariloche Patagonia Argentina","isPartOf":{"@id":"https:\/\/centroreservasbariloche.com\/#website"},"primaryImageOfPage":{"@id":"https:\/\/centroreservasbariloche.com\/product\/circuito-chico-cerro-campanario-bariloche#primaryimage"},"image":{"@id":"https:\/\/centroreservasbariloche.com\/product\/circuito-chico-cerro-campanario-bariloche#primaryimage"},"thumbnailUrl":"https:\/\/buck.getjasper.digital\/2025\/04\/5-A-DSC_0032-scaled.jpg","datePublished":"2025-04-04T18:53:38+00:00","dateModified":"2026-04-09T12:14:32+00:00","description":"Tour Circuito Chico and climb Cerro Campanario. Emblematic landscapes of Bariloche with guide and transfer included. Ideal for all kind of travelers.","breadcrumb":{"@id":"https:\/\/centroreservasbariloche.com\/product\/circuito-chico-cerro-campanario-bariloche#breadcrumb"},"inLanguage":"en-US","potentialAction":[{"@type":"ReadAction","target":["https:\/\/centroreservasbariloche.com\/product\/circuito-chico-cerro-campanario-bariloche"]}]},{"@type":"ImageObject","inLanguage":"en-US","@id":"https:\/\/centroreservasbariloche.com\/product\/circuito-chico-cerro-campanario-bariloche#primaryimage","url":"https:\/\/buck.getjasper.digital\/2025\/04\/5-A-DSC_0032-scaled.jpg","contentUrl":"https:\/\/buck.getjasper.digital\/2025\/04\/5-A-DSC_0032-scaled.jpg","width":1920,"height":2560},{"@type":"BreadcrumbList","@id":"https:\/\/centroreservasbariloche.com\/product\/circuito-chico-cerro-campanario-bariloche#breadcrumb","itemListElement":[{"@type":"ListItem","position":1,"name":"Home","item":"https:\/\/centroreservasbariloche.com\/"},{"@type":"ListItem","position":2,"name":"Nuestras actividades","item":"https:\/\/centroreservasbariloche.com\/shop"},{"@type":"ListItem","position":3,"name":"Circuito Chico y Cerro Campanario: la esencia de Bariloche en medio d\u00eda"}]},{"@type":"WebSite","@id":"https:\/\/centroreservasbariloche.com\/#website","url":"https:\/\/centroreservasbariloche.com\/","name":"Bariloche Reservation Center Patagonia Argentina","description":"Bariloche Patagonia Reserves Center","publisher":{"@id":"https:\/\/centroreservasbariloche.com\/#organization"},"alternateName":"tur centra bariloche","potentialAction":[{"@type":"SearchAction","target":{"@type":"EntryPoint","urlTemplate":"https:\/\/centroreservasbariloche.com\/?s={search_term_string}"},"query-input":{"@type":"PropertyValueSpecification","valueRequired":true,"valueName":"search_term_string"}}],"inLanguage":"en-US"},{"@type":["Organization","Place","TravelAgency"],"@id":"https:\/\/centroreservasbariloche.com\/#organization","name":"Bariloche Reserves Center","alternateName":"Centro de Reservas","url":"https:\/\/centroreservasbariloche.com\/","logo":{"@id":"https:\/\/centroreservasbariloche.com\/product\/circuito-chico-cerro-campanario-bariloche#local-main-organization-logo"},"image":{"@id":"https:\/\/centroreservasbariloche.com\/product\/circuito-chico-cerro-campanario-bariloche#local-main-organization-logo"},"sameAs":["https:\/\/www.facebook.com\/centroreservasbariloche"],"description":"We are committed to providing you with an unforgettable experience, full of adventure, natural beauty and discovery. Whether it is your first visit to Bariloche or if you have already had the pleasure of knowing it, we are sure that you will find in our excursions the opportunity to create lasting memories.","legalName":"Centro Reservas Bariloche","address":{"@id":"https:\/\/centroreservasbariloche.com\/product\/circuito-chico-cerro-campanario-bariloche#local-main-place-address"},"telephone":[],"openingHoursSpecification":[{"@type":"OpeningHoursSpecification","dayOfWeek":["Monday","Tuesday","Wednesday","Thursday","Friday","Saturday","Sunday"],"opens":"09:00","closes":"17:00"}],"priceRange":"$$"},{"@type":"PostalAddress","@id":"https:\/\/centroreservasbariloche.com\/product\/circuito-chico-cerro-campanario-bariloche#local-main-place-address","streetAddress":"Mitre 131","addressLocality":"San Carlos de Bariloche","postalCode":"8400","addressRegion":"R\u00edo Negro","addressCountry":"AR"},{"@type":"ImageObject","inLanguage":"en-US","@id":"https:\/\/centroreservasbariloche.com\/product\/circuito-chico-cerro-campanario-bariloche#local-main-organization-logo","url":"https:\/\/buck.getjasper.digital\/2025\/06\/centro-de-reservas-2-1.png","contentUrl":"https:\/\/buck.getjasper.digital\/2025\/06\/centro-de-reservas-2-1.png","width":512,"height":512,"caption":"Centro Reservas Bariloche"}]},"product_price_amount":"23400.00","product_price_currency":"ARS","og_availability":"instock","product_availability":"instock","product_retailer_item_id":"ADV2025CICHYC1KOR","product_condition":"new","geo.placename":"San Carlos de Bariloche","geo.region":"Argentina"},"_links":{"self":[{"href":"https:\/\/centroreservasbariloche.com\/en\/wp-json\/wp\/v2\/product\/230735","targetHints":{"allow":["GET"]}}],"collection":[{"href":"https:\/\/centroreservasbariloche.com\/en\/wp-json\/wp\/v2\/product"}],"about":[{"href":"https:\/\/centroreservasbariloche.com\/en\/wp-json\/wp\/v2\/types\/product"}],"replies":[{"embeddable":true,"href":"https:\/\/centroreservasbariloche.com\/en\/wp-json\/wp\/v2\/comments?post=230735"}],"wp:featuredmedia":[{"embeddable":true,"href":"https:\/\/centroreservasbariloche.com\/en\/wp-json\/wp\/v2\/media\/231566"}],"wp:attachment":[{"href":"https:\/\/centroreservasbariloche.com\/en\/wp-json\/wp\/v2\/media?parent=230735"}],"wp:term":[{"taxonomy":"product_brand","embeddable":true,"href":"https:\/\/centroreservasbariloche.com\/en\/wp-json\/wp\/v2\/product_brand?post=230735"},{"taxonomy":"product_cat","embeddable":true,"href":"https:\/\/centroreservasbariloche.com\/en\/wp-json\/wp\/v2\/product_cat?post=230735"},{"taxonomy":"product_tag","embeddable":true,"href":"https:\/\/centroreservasbariloche.com\/en\/wp-json\/wp\/v2\/product_tag?post=230735"}],"curies":[{"name":"wp","href":"https:\/\/api.w.org\/{rel}","templated":true}]}}