{"id":231105,"date":"2025-05-13T12:37:10","date_gmt":"2025-05-13T15:37:10","guid":{"rendered":"https:\/\/centroreservasbariloche.com\/?post_type=product&#038;p=231105"},"modified":"2026-04-09T22:19:20","modified_gmt":"2026-04-10T01:19:20","slug":"villa-la-angostura-y-cerro-bayo","status":"publish","type":"product","link":"https:\/\/centroreservasbariloche.com\/en\/product\/villa-la-angostura-and-cerro-bayo","title":{"rendered":"Villa La Angostura and Cerro Bayo with organized transfers"},"content":{"rendered":"<h3 data-start=\"429\" data-end=\"492\">An ideal tour for groups and international travelers<\/h3>\n<p data-start=\"493\" data-end=\"872\">The tour starts at <strong data-start=\"521\" data-end=\"533\">08:00 hs<\/strong>, with departure from <strong data-start=\"552\" data-end=\"654\">meeting points established between downtown Bariloche and km 8 of Bustillo or Pioneros Av.<\/strong>. The return is scheduled around <strong data-start=\"698\" data-end=\"710\">18:00 hs<\/strong>. The whole itinerary is organized to offer a full day visit to two of the most picturesque destinations in the north of Nahuel Huapi National Park.<\/p>\n<p data-start=\"874\" data-end=\"1268\">During the tour you will visit the charming village of <strong data-start=\"929\" data-end=\"951\">Villa La Angostura<\/strong>, The tour continues on to the town of San Pedro Sula, famous for its mountain architecture, its snowy bays and its Andean forest landscapes. Then we continue to the <strong data-start=\"1073\" data-end=\"1087\">Cerro Bayo<\/strong>, The winter activity center where passengers have free time to make optional ascents, hike around the base or simply enjoy the snowy landscape.<\/p>\n<p data-start=\"1270\" data-end=\"1448\">The excursion is accompanied by a guide in Spanish throughout the trip. There is the possibility of having a bilingual guide for groups, with previous coordination and at an additional cost.<\/p>\n<h3 data-start=\"1455\" data-end=\"1474\">What does it include?<\/h3>\n<ul data-start=\"1475\" data-end=\"1661\">\n<li data-start=\"1475\" data-end=\"1540\">\n<p data-start=\"1477\" data-end=\"1540\">Round trip transfers from meeting points in Bariloche.<\/p>\n<\/li>\n<li data-start=\"1541\" data-end=\"1610\">\n<p data-start=\"1543\" data-end=\"1610\">Complete land tour of Villa La Angostura and Cerro Bayo.<\/p>\n<\/li>\n<li data-start=\"1611\" data-end=\"1661\">\n<p data-start=\"1613\" data-end=\"1661\">Professional guide in Spanish (bilingual optional).<\/p>\n<\/li>\n<\/ul>\n<h3 data-start=\"1668\" data-end=\"1684\">Does not include<\/h3>\n<ul data-start=\"1685\" data-end=\"1812\">\n<li data-start=\"1685\" data-end=\"1697\">\n<p data-start=\"1687\" data-end=\"1697\">Meals.<\/p>\n<\/li>\n<li data-start=\"1698\" data-end=\"1738\">\n<p data-start=\"1700\" data-end=\"1738\">National Park entrance fees.<\/p>\n<\/li>\n<li data-start=\"1739\" data-end=\"1775\">\n<p data-start=\"1741\" data-end=\"1775\">Ascent ticket in Cerro Bayo.<\/p>\n<\/li>\n<li data-start=\"1776\" data-end=\"1812\">\n<p data-start=\"1778\" data-end=\"1812\">Rental of snow clothing.<\/p>\n<\/li>\n<\/ul>\n<h3 data-start=\"1819\" data-end=\"1845\">Practical information<\/h3>\n<ul data-start=\"1846\" data-end=\"2086\">\n<li data-start=\"1846\" data-end=\"1895\">\n<p data-start=\"1848\" data-end=\"1895\"><strong data-start=\"1848\" data-end=\"1862\">Season:<\/strong> winter (June to September).<\/p>\n<\/li>\n<li data-start=\"1896\" data-end=\"1957\">\n<p data-start=\"1898\" data-end=\"1957\"><strong data-start=\"1898\" data-end=\"1917\">Departure days:<\/strong> Mondays, Wednesdays, Fridays and Sundays.<\/p>\n<\/li>\n<li data-start=\"1958\" data-end=\"1996\">\n<p data-start=\"1960\" data-end=\"1996\"><strong data-start=\"1960\" data-end=\"1973\">Duration:<\/strong> from 08:30 to 18:00 hs.<\/p>\n<\/li>\n<li data-start=\"1997\" data-end=\"2086\">\n<p data-start=\"1999\" data-end=\"2086\"><strong data-start=\"1999\" data-end=\"2017\">Recommendation:<\/strong> wear appropriate warm clothing or rent snow clothing beforehand.<\/p>\n<h3 data-start=\"2093\" data-end=\"2119\">Frequently Asked Questions<\/h3>\n<p data-start=\"2121\" data-end=\"2232\"><strong data-start=\"2121\" data-end=\"2155\">Where does the transfer depart from?<\/strong><br data-start=\"2155\" data-end=\"2158\" \/>From previously coordinated meeting points. We do not go through hotels.<\/p>\n<p data-start=\"2234\" data-end=\"2366\"><strong data-start=\"2234\" data-end=\"2278\">Is the ascent in Cerro Bayo included?<\/strong><br data-start=\"2278\" data-end=\"2281\" \/>No. Activities within the ski center are optional and are payable at destination.<\/p>\n<p data-start=\"2368\" data-end=\"2454\"><strong data-start=\"2368\" data-end=\"2404\">Is previous experience required?<\/strong><br data-start=\"2404\" data-end=\"2407\" \/>No. It is a land ride accessible to all.<\/p>\n<p data-start=\"2456\" data-end=\"2572\"><strong data-start=\"2456\" data-end=\"2481\">Is it suitable for groups?<\/strong><br data-start=\"2481\" data-end=\"2484\" \/>Yes, ideal for student groups, corporate groups, families or international travelers.<\/p>\n<p>Important notice: This tour is now available for advance booking. Departures operate from June 15 through August 20, subject to seasonal calendar.<\/p>\n<\/li>\n<\/ul>","protected":false},"excerpt":{"rendered":"<p data-start=\"2819\" data-end=\"3008\">Winter excursion with transfer and guide from meeting points. Visit Villa La Angostura and Cerro Bayo, with free time for optional activities. Departure 08:00 hs, return 18:00 hs.<\/p>","protected":false},"featured_media":231515,"comment_status":"open","ping_status":"closed","template":"","meta":[],"product_brand":[],"product_cat":[38,32,53,40,49,36,37],"product_tag":[],"class_list":{"0":"post-231105","1":"product","2":"type-product","3":"status-publish","4":"has-post-thumbnail","6":"product_cat-adultos","7":"product_cat-familia","8":"product_cat-ninos","9":"product_cat-con-traslado","10":"product_cat-invierno","11":"product_cat-sin-comida","12":"product_cat-terrestre","14":"first","15":"instock","16":"virtual","17":"sold-individually","18":"purchasable","19":"product-type-booking"},"booking_location":"","booking_location_type":"","booking_duration":1,"booking_duration_unit":"hour","booking_buffer":0,"booking_cost":59400,"booking_resources":[],"exclude_global_add_ons":[],"addons":[],"yoast_head":"<!-- This site is optimized with the Yoast SEO Premium plugin v24.5 (Yoast SEO v24.8) - https:\/\/yoast.com\/wordpress\/plugins\/seo\/ -->\n<title>Villa La Angostura y Cerro Bayo con traslado organizado - Centro Reservas Bariloche Patagonia Argentina<\/title>\n<meta name=\"description\" content=\"Excursi\u00f3n a Villa La Angostura y Cerro Bayo con traslado desde Bariloche. Disfrut\u00e1 paisajes nevados, gu\u00eda profesional y tiempo libre para explorar.\" \/>\n<meta name=\"robots\" content=\"index, follow, max-snippet:-1, max-image-preview:large, max-video-preview:-1\" \/>\n<link rel=\"canonical\" href=\"https:\/\/centroreservasbariloche.com\/en\/product\/villa-la-angostura-and-cerro-bayo\/\" \/>\n<meta property=\"og:locale\" content=\"en_US\" \/>\n<meta property=\"og:type\" content=\"article\" \/>\n<meta property=\"og:title\" content=\"Villa La Angostura y Cerro Bayo con traslado organizado\" \/>\n<meta property=\"og:description\" content=\"Excursi\u00f3n a Villa La Angostura y Cerro Bayo con traslado desde Bariloche. Disfrut\u00e1 paisajes nevados, gu\u00eda profesional y tiempo libre para explorar.\" \/>\n<meta property=\"og:url\" content=\"https:\/\/centroreservasbariloche.com\/en\/product\/villa-la-angostura-and-cerro-bayo\/\" \/>\n<meta property=\"og:site_name\" content=\"Centro Reservas Bariloche Patagonia Argentina\" \/>\n<meta property=\"article:publisher\" content=\"https:\/\/www.facebook.com\/centroreservasbariloche\" \/>\n<meta property=\"article:modified_time\" content=\"2026-04-10T01:19:20+00:00\" \/>\n<meta property=\"og:image\" content=\"https:\/\/buck.getjasper.digital\/2025\/05\/5-A5-A-copia-copia-scaled.jpg\" \/>\n\t<meta property=\"og:image:width\" content=\"1920\" \/>\n\t<meta property=\"og:image:height\" content=\"2560\" \/>\n\t<meta property=\"og:image:type\" content=\"image\/jpeg\" \/>\n<meta name=\"twitter:card\" content=\"summary_large_image\" \/>\n<meta name=\"twitter:label1\" content=\"Price\" \/>\n\t<meta name=\"twitter:data1\" content=\"&#036;&nbsp;59.400,00\" \/>\n\t<meta name=\"twitter:label2\" content=\"Availability\" \/>\n\t<meta name=\"twitter:data2\" content=\"In stock\" \/>\n<script type=\"application\/ld+json\" class=\"yoast-schema-graph\">{\"@context\":\"https:\/\/schema.org\",\"@graph\":[{\"@type\":[\"WebPage\",\"ItemPage\"],\"@id\":\"https:\/\/centroreservasbariloche.com\/product\/villa-la-angostura-y-cerro-bayo\",\"url\":\"https:\/\/centroreservasbariloche.com\/product\/villa-la-angostura-y-cerro-bayo\",\"name\":\"Villa La Angostura y Cerro Bayo con traslado organizado - Centro Reservas Bariloche Patagonia Argentina\",\"isPartOf\":{\"@id\":\"https:\/\/centroreservasbariloche.com\/#website\"},\"primaryImageOfPage\":{\"@id\":\"https:\/\/centroreservasbariloche.com\/product\/villa-la-angostura-y-cerro-bayo#primaryimage\"},\"image\":{\"@id\":\"https:\/\/centroreservasbariloche.com\/product\/villa-la-angostura-y-cerro-bayo#primaryimage\"},\"thumbnailUrl\":\"https:\/\/buck.getjasper.digital\/2025\/05\/5-A5-A-copia-copia-scaled.jpg\",\"datePublished\":\"2025-05-13T15:37:10+00:00\",\"dateModified\":\"2026-04-10T01:19:20+00:00\",\"description\":\"Excursi\u00f3n a Villa La Angostura y Cerro Bayo con traslado desde Bariloche. Disfrut\u00e1 paisajes nevados, gu\u00eda profesional y tiempo libre para explorar.\",\"breadcrumb\":{\"@id\":\"https:\/\/centroreservasbariloche.com\/product\/villa-la-angostura-y-cerro-bayo#breadcrumb\"},\"inLanguage\":\"en-US\",\"potentialAction\":[{\"@type\":\"ReadAction\",\"target\":[\"https:\/\/centroreservasbariloche.com\/product\/villa-la-angostura-y-cerro-bayo\"]}]},{\"@type\":\"ImageObject\",\"inLanguage\":\"en-US\",\"@id\":\"https:\/\/centroreservasbariloche.com\/product\/villa-la-angostura-y-cerro-bayo#primaryimage\",\"url\":\"https:\/\/buck.getjasper.digital\/2025\/05\/5-A5-A-copia-copia-scaled.jpg\",\"contentUrl\":\"https:\/\/buck.getjasper.digital\/2025\/05\/5-A5-A-copia-copia-scaled.jpg\",\"width\":1920,\"height\":2560},{\"@type\":\"BreadcrumbList\",\"@id\":\"https:\/\/centroreservasbariloche.com\/product\/villa-la-angostura-y-cerro-bayo#breadcrumb\",\"itemListElement\":[{\"@type\":\"ListItem\",\"position\":1,\"name\":\"Home\",\"item\":\"https:\/\/centroreservasbariloche.com\/\"},{\"@type\":\"ListItem\",\"position\":2,\"name\":\"Nuestras actividades\",\"item\":\"https:\/\/centroreservasbariloche.com\/shop\"},{\"@type\":\"ListItem\",\"position\":3,\"name\":\"Villa La Angostura y Cerro Bayo con traslado organizado\"}]},{\"@type\":\"WebSite\",\"@id\":\"https:\/\/centroreservasbariloche.com\/#website\",\"url\":\"https:\/\/centroreservasbariloche.com\/\",\"name\":\"Centro Reservas Bariloche Patagonia Argentina\",\"description\":\"Centro Reservas Bariloche Patagonia\",\"publisher\":{\"@id\":\"https:\/\/centroreservasbariloche.com\/#organization\"},\"alternateName\":\"tur centra bariloche\",\"potentialAction\":[{\"@type\":\"SearchAction\",\"target\":{\"@type\":\"EntryPoint\",\"urlTemplate\":\"https:\/\/centroreservasbariloche.com\/?s={search_term_string}\"},\"query-input\":{\"@type\":\"PropertyValueSpecification\",\"valueRequired\":true,\"valueName\":\"search_term_string\"}}],\"inLanguage\":\"en-US\"},{\"@type\":[\"Organization\",\"Place\",\"TravelAgency\"],\"@id\":\"https:\/\/centroreservasbariloche.com\/#organization\",\"name\":\"Centro Reservas Bariloche\",\"alternateName\":\"Centro de Reservas\",\"url\":\"https:\/\/centroreservasbariloche.com\/\",\"logo\":{\"@id\":\"https:\/\/centroreservasbariloche.com\/product\/villa-la-angostura-y-cerro-bayo#local-main-organization-logo\"},\"image\":{\"@id\":\"https:\/\/centroreservasbariloche.com\/product\/villa-la-angostura-y-cerro-bayo#local-main-organization-logo\"},\"sameAs\":[\"https:\/\/www.facebook.com\/centroreservasbariloche\"],\"description\":\"Estamos comprometidos en brindarles una experiencia inolvidable, llena de aventura, belleza natural y descubrimientos. No importa si es su primera visita a Bariloche o si ya ha tenido el placer de conocerla, estamos seguros de que encontrar\u00e1 en nuestras excursiones la oportunidad de crear recuerdos duraderos.\",\"legalName\":\"Centro Reservas Bariloche\",\"address\":{\"@id\":\"https:\/\/centroreservasbariloche.com\/product\/villa-la-angostura-y-cerro-bayo#local-main-place-address\"},\"telephone\":[],\"openingHoursSpecification\":[{\"@type\":\"OpeningHoursSpecification\",\"dayOfWeek\":[\"Monday\",\"Tuesday\",\"Wednesday\",\"Thursday\",\"Friday\",\"Saturday\",\"Sunday\"],\"opens\":\"09:00\",\"closes\":\"17:00\"}],\"priceRange\":\"$$\"},{\"@type\":\"PostalAddress\",\"@id\":\"https:\/\/centroreservasbariloche.com\/product\/villa-la-angostura-y-cerro-bayo#local-main-place-address\",\"streetAddress\":\"Mitre 131\",\"addressLocality\":\"San Carlos de Bariloche\",\"postalCode\":\"8400\",\"addressRegion\":\"R\u00edo Negro\",\"addressCountry\":\"AR\"},{\"@type\":\"ImageObject\",\"inLanguage\":\"en-US\",\"@id\":\"https:\/\/centroreservasbariloche.com\/product\/villa-la-angostura-y-cerro-bayo#local-main-organization-logo\",\"url\":\"https:\/\/buck.getjasper.digital\/2025\/06\/centro-de-reservas-2-1.png\",\"contentUrl\":\"https:\/\/buck.getjasper.digital\/2025\/06\/centro-de-reservas-2-1.png\",\"width\":512,\"height\":512,\"caption\":\"Centro Reservas Bariloche\"}]}<\/script>\n<meta property=\"product:price:amount\" content=\"59400.00\" \/>\n<meta property=\"product:price:currency\" content=\"ARS\" \/>\n<meta property=\"og:availability\" content=\"instock\" \/>\n<meta property=\"product:availability\" content=\"instock\" \/>\n<meta property=\"product:retailer_item_id\" content=\"ADV2025VILAANM9K2\" \/>\n<meta property=\"product:condition\" content=\"new\" \/>\n<meta name=\"geo.placename\" content=\"San Carlos de Bariloche\" \/>\n<meta name=\"geo.region\" content=\"Argentina\" \/>\n<!-- \/ Yoast SEO Premium plugin. -->","yoast_head_json":{"title":"Villa La Angostura and Cerro Bayo with organized transfer - Centro Reservas Bariloche Patagonia Argentina","description":"Excursion to Villa La Angostura and Cerro Bayo with transfer from Bariloche. Enjoy snowy landscapes, professional guide and free time to explore.","robots":{"index":"index","follow":"follow","max-snippet":"max-snippet:-1","max-image-preview":"max-image-preview:large","max-video-preview":"max-video-preview:-1"},"canonical":"https:\/\/centroreservasbariloche.com\/en\/product\/villa-la-angostura-and-cerro-bayo\/","og_locale":"en_US","og_type":"article","og_title":"Villa La Angostura y Cerro Bayo con traslado organizado","og_description":"Excursi\u00f3n a Villa La Angostura y Cerro Bayo con traslado desde Bariloche. Disfrut\u00e1 paisajes nevados, gu\u00eda profesional y tiempo libre para explorar.","og_url":"https:\/\/centroreservasbariloche.com\/en\/product\/villa-la-angostura-and-cerro-bayo\/","og_site_name":"Centro Reservas Bariloche Patagonia Argentina","article_publisher":"https:\/\/www.facebook.com\/centroreservasbariloche","article_modified_time":"2026-04-10T01:19:20+00:00","og_image":[{"width":1920,"height":2560,"url":"https:\/\/buck.getjasper.digital\/2025\/05\/5-A5-A-copia-copia-scaled.jpg","type":"image\/jpeg"}],"twitter_card":"summary_large_image","twitter_misc":{"Price":"&#36;&nbsp;59.400,00","Availability":"In stock"},"schema":{"@context":"https:\/\/schema.org","@graph":[{"@type":["WebPage","ItemPage"],"@id":"https:\/\/centroreservasbariloche.com\/product\/villa-la-angostura-y-cerro-bayo","url":"https:\/\/centroreservasbariloche.com\/product\/villa-la-angostura-y-cerro-bayo","name":"Villa La Angostura and Cerro Bayo with organized transfer - Centro Reservas Bariloche Patagonia Argentina","isPartOf":{"@id":"https:\/\/centroreservasbariloche.com\/#website"},"primaryImageOfPage":{"@id":"https:\/\/centroreservasbariloche.com\/product\/villa-la-angostura-y-cerro-bayo#primaryimage"},"image":{"@id":"https:\/\/centroreservasbariloche.com\/product\/villa-la-angostura-y-cerro-bayo#primaryimage"},"thumbnailUrl":"https:\/\/buck.getjasper.digital\/2025\/05\/5-A5-A-copia-copia-scaled.jpg","datePublished":"2025-05-13T15:37:10+00:00","dateModified":"2026-04-10T01:19:20+00:00","description":"Excursion to Villa La Angostura and Cerro Bayo with transfer from Bariloche. Enjoy snowy landscapes, professional guide and free time to explore.","breadcrumb":{"@id":"https:\/\/centroreservasbariloche.com\/product\/villa-la-angostura-y-cerro-bayo#breadcrumb"},"inLanguage":"en-US","potentialAction":[{"@type":"ReadAction","target":["https:\/\/centroreservasbariloche.com\/product\/villa-la-angostura-y-cerro-bayo"]}]},{"@type":"ImageObject","inLanguage":"en-US","@id":"https:\/\/centroreservasbariloche.com\/product\/villa-la-angostura-y-cerro-bayo#primaryimage","url":"https:\/\/buck.getjasper.digital\/2025\/05\/5-A5-A-copia-copia-scaled.jpg","contentUrl":"https:\/\/buck.getjasper.digital\/2025\/05\/5-A5-A-copia-copia-scaled.jpg","width":1920,"height":2560},{"@type":"BreadcrumbList","@id":"https:\/\/centroreservasbariloche.com\/product\/villa-la-angostura-y-cerro-bayo#breadcrumb","itemListElement":[{"@type":"ListItem","position":1,"name":"Home","item":"https:\/\/centroreservasbariloche.com\/"},{"@type":"ListItem","position":2,"name":"Nuestras actividades","item":"https:\/\/centroreservasbariloche.com\/shop"},{"@type":"ListItem","position":3,"name":"Villa La Angostura y Cerro Bayo con traslado organizado"}]},{"@type":"WebSite","@id":"https:\/\/centroreservasbariloche.com\/#website","url":"https:\/\/centroreservasbariloche.com\/","name":"Bariloche Reservation Center Patagonia Argentina","description":"Bariloche Patagonia Reserves Center","publisher":{"@id":"https:\/\/centroreservasbariloche.com\/#organization"},"alternateName":"tur centra bariloche","potentialAction":[{"@type":"SearchAction","target":{"@type":"EntryPoint","urlTemplate":"https:\/\/centroreservasbariloche.com\/?s={search_term_string}"},"query-input":{"@type":"PropertyValueSpecification","valueRequired":true,"valueName":"search_term_string"}}],"inLanguage":"en-US"},{"@type":["Organization","Place","TravelAgency"],"@id":"https:\/\/centroreservasbariloche.com\/#organization","name":"Bariloche Reserves Center","alternateName":"Centro de Reservas","url":"https:\/\/centroreservasbariloche.com\/","logo":{"@id":"https:\/\/centroreservasbariloche.com\/product\/villa-la-angostura-y-cerro-bayo#local-main-organization-logo"},"image":{"@id":"https:\/\/centroreservasbariloche.com\/product\/villa-la-angostura-y-cerro-bayo#local-main-organization-logo"},"sameAs":["https:\/\/www.facebook.com\/centroreservasbariloche"],"description":"We are committed to providing you with an unforgettable experience, full of adventure, natural beauty and discovery. Whether it is your first visit to Bariloche or if you have already had the pleasure of knowing it, we are sure that you will find in our excursions the opportunity to create lasting memories.","legalName":"Centro Reservas Bariloche","address":{"@id":"https:\/\/centroreservasbariloche.com\/product\/villa-la-angostura-y-cerro-bayo#local-main-place-address"},"telephone":[],"openingHoursSpecification":[{"@type":"OpeningHoursSpecification","dayOfWeek":["Monday","Tuesday","Wednesday","Thursday","Friday","Saturday","Sunday"],"opens":"09:00","closes":"17:00"}],"priceRange":"$$"},{"@type":"PostalAddress","@id":"https:\/\/centroreservasbariloche.com\/product\/villa-la-angostura-y-cerro-bayo#local-main-place-address","streetAddress":"Mitre 131","addressLocality":"San Carlos de Bariloche","postalCode":"8400","addressRegion":"R\u00edo Negro","addressCountry":"AR"},{"@type":"ImageObject","inLanguage":"en-US","@id":"https:\/\/centroreservasbariloche.com\/product\/villa-la-angostura-y-cerro-bayo#local-main-organization-logo","url":"https:\/\/buck.getjasper.digital\/2025\/06\/centro-de-reservas-2-1.png","contentUrl":"https:\/\/buck.getjasper.digital\/2025\/06\/centro-de-reservas-2-1.png","width":512,"height":512,"caption":"Centro Reservas Bariloche"}]},"product_price_amount":"59400.00","product_price_currency":"ARS","og_availability":"instock","product_availability":"instock","product_retailer_item_id":"ADV2025VILAANM9K2","product_condition":"new","geo.placename":"San Carlos de Bariloche","geo.region":"Argentina"},"_links":{"self":[{"href":"https:\/\/centroreservasbariloche.com\/en\/wp-json\/wp\/v2\/product\/231105","targetHints":{"allow":["GET"]}}],"collection":[{"href":"https:\/\/centroreservasbariloche.com\/en\/wp-json\/wp\/v2\/product"}],"about":[{"href":"https:\/\/centroreservasbariloche.com\/en\/wp-json\/wp\/v2\/types\/product"}],"replies":[{"embeddable":true,"href":"https:\/\/centroreservasbariloche.com\/en\/wp-json\/wp\/v2\/comments?post=231105"}],"wp:featuredmedia":[{"embeddable":true,"href":"https:\/\/centroreservasbariloche.com\/en\/wp-json\/wp\/v2\/media\/231515"}],"wp:attachment":[{"href":"https:\/\/centroreservasbariloche.com\/en\/wp-json\/wp\/v2\/media?parent=231105"}],"wp:term":[{"taxonomy":"product_brand","embeddable":true,"href":"https:\/\/centroreservasbariloche.com\/en\/wp-json\/wp\/v2\/product_brand?post=231105"},{"taxonomy":"product_cat","embeddable":true,"href":"https:\/\/centroreservasbariloche.com\/en\/wp-json\/wp\/v2\/product_cat?post=231105"},{"taxonomy":"product_tag","embeddable":true,"href":"https:\/\/centroreservasbariloche.com\/en\/wp-json\/wp\/v2\/product_tag?post=231105"}],"curies":[{"name":"wp","href":"https:\/\/api.w.org\/{rel}","templated":true}]}}