{"id":231664,"date":"2025-09-12T12:46:52","date_gmt":"2025-09-12T15:46:52","guid":{"rendered":"https:\/\/centroreservasbariloche.com\/?post_type=product&#038;p=231664"},"modified":"2026-04-09T09:15:38","modified_gmt":"2026-04-09T12:15:38","slug":"bariloche-beer-experience-cerveceria","status":"publish","type":"product","link":"https:\/\/centroreservasbariloche.com\/en\/product\/bariloche-beer-experience-brewery","title":{"rendered":"Bariloche Beer Experience"},"content":{"rendered":"<p data-start=\"333\" data-end=\"413\"><strong data-start=\"336\" data-end=\"411\">Beer Experience Bariloche: a unique beer tour in Patagonia<\/strong><\/p>\n<p data-start=\"415\" data-end=\"655\">I experienced an exclusive outing for people over 18 years old with the <strong data-start=\"472\" data-end=\"501\">Beer Experience Bariloche<\/strong>, a beer tour that combines landscapes, flavors and tradition in three of the most emblematic breweries of the city: <strong data-start=\"621\" data-end=\"652\">Wesley, Patagonia and Gilbert<\/strong>.<\/p>\n<p data-start=\"657\" data-end=\"997\">During the tour you will enjoy <strong data-start=\"697\" data-end=\"737\">7 half pints of craft beer<\/strong>, Each beer is paired with regional snacks and products that enhance the flavors of each style. In addition, you will learn firsthand the brewing process, ingredients and secrets of the local beer culture, accompanied by a <strong data-start=\"965\" data-end=\"994\">professional bilingual guide<\/strong>.<\/p>\n<p data-start=\"999\" data-end=\"1208\">The plan is perfect for those who are looking for a different, authentic and gourmet experience: relax with friends, discover the essence of Bariloche's beer scene and take away a <strong data-start=\"1166\" data-end=\"1187\">special souvenir<\/strong> at the end of the tour.<\/p>\n<h3 data-start=\"1215\" data-end=\"1244\"><\/h3>\n<h3 data-start=\"1215\" data-end=\"1244\">\u00a0Practical information<\/h3>\n<ul data-start=\"1245\" data-end=\"1487\">\n<li data-start=\"1245\" data-end=\"1278\">\n<p data-start=\"1247\" data-end=\"1278\"><strong data-start=\"1247\" data-end=\"1256\">Days:<\/strong> Wednesdays and Fridays.<\/p>\n<\/li>\n<li data-start=\"1279\" data-end=\"1312\">\n<p data-start=\"1281\" data-end=\"1312\"><strong data-start=\"1281\" data-end=\"1293\">Schedule:<\/strong> 15:00 to 21:00 hs.<\/p>\n<\/li>\n<li data-start=\"1313\" data-end=\"1345\">\n<p data-start=\"1315\" data-end=\"1345\"><strong data-start=\"1315\" data-end=\"1328\">Duration:<\/strong> 6 hours approx.<\/p>\n<\/li>\n<li data-start=\"1346\" data-end=\"1487\">\n<p data-start=\"1348\" data-end=\"1487\"><strong data-start=\"1348\" data-end=\"1371\">Meeting point:<\/strong> Coordinated at the time of booking. Options available from downtown and surrounding areas (Bustillo or Pioneros).<\/p>\n<\/li>\n<\/ul>\n<h3 data-start=\"1494\" data-end=\"1509\">\u00a0Includes<\/h3>\n<ul data-start=\"1510\" data-end=\"1761\">\n<li data-start=\"1510\" data-end=\"1565\">\n<p data-start=\"1512\" data-end=\"1565\">Round trip transfer in an authorized tourist van.<\/p>\n<\/li>\n<li data-start=\"1566\" data-end=\"1597\">\n<p data-start=\"1568\" data-end=\"1597\">Specialized bilingual guide.<\/p>\n<\/li>\n<li data-start=\"1598\" data-end=\"1648\">\n<p data-start=\"1600\" data-end=\"1648\">Guided tours in Wesley, Patagonia and Gilbert.<\/p>\n<\/li>\n<li data-start=\"1649\" data-end=\"1683\">\n<p data-start=\"1651\" data-end=\"1683\">Tasting of 7 half pints.<\/p>\n<\/li>\n<li data-start=\"1684\" data-end=\"1720\">\n<p data-start=\"1686\" data-end=\"1720\">Pairings with regional appetizers.<\/p>\n<\/li>\n<li data-start=\"1721\" data-end=\"1761\">\n<p data-start=\"1723\" data-end=\"1761\">Exclusive souvenir of the experience.<\/p>\n<\/li>\n<\/ul>\n<h3 data-start=\"1768\" data-end=\"1786\">\u00a0Does not include<\/h3>\n<ul data-start=\"1787\" data-end=\"1864\">\n<li data-start=\"1787\" data-end=\"1799\">\n<p data-start=\"1789\" data-end=\"1799\">Gratuities.<\/p>\n<\/li>\n<li data-start=\"1800\" data-end=\"1840\">\n<p data-start=\"1802\" data-end=\"1840\">Extras or consumption outside the program.<\/p>\n<\/li>\n<li data-start=\"1841\" data-end=\"1864\">\n<p data-start=\"1843\" data-end=\"1864\">Additional beverages.<\/p>\n<\/li>\n<\/ul>","protected":false},"excerpt":{"rendered":"<p>Beer Experience Bariloche: visit to Wesley, Patagonia and Gilbert with tasting of 7 beers, regional pairings, bilingual guide and transfer included.<\/p>","protected":false},"featured_media":231681,"comment_status":"open","ping_status":"closed","template":"","meta":[],"product_brand":[],"product_cat":[38,40,37,55],"product_tag":[],"class_list":{"0":"post-231664","1":"product","2":"type-product","3":"status-publish","4":"has-post-thumbnail","6":"product_cat-adultos","7":"product_cat-con-traslado","8":"product_cat-terrestre","9":"product_cat-todo-el-ano-temporada","11":"first","12":"instock","13":"virtual","14":"sold-individually","15":"purchasable","16":"product-type-booking"},"booking_location":"","booking_location_type":"","booking_duration":1,"booking_duration_unit":"hour","booking_buffer":0,"booking_cost":0,"booking_resources":[],"exclude_global_add_ons":false,"addons":[{"name":"ADU | Adult","type":"input_multiplier","position":0,"required":false,"title_format":"label","default":"","description_enable":false,"description":"","placeholder_enable":false,"placeholder":"","display":"select","restrictions_type":"any_text","adjust_price":true,"price":"222000","price_type":"quantity_based","restrictions":false,"min":"0","max":"0","options":[],"id":1773232132}],"yoast_head":"<!-- This site is optimized with the Yoast SEO Premium plugin v24.5 (Yoast SEO v24.8) - https:\/\/yoast.com\/wordpress\/plugins\/seo\/ -->\n<title>Bariloche Beer Experience - Centro Reservas Bariloche Patagonia Argentina<\/title>\n<meta name=\"description\" content=\"Disfrut\u00e1 la Bariloche Beer Experience: recorridos cerveceros, paisajes \u00fanicos y sabores patag\u00f3nicos. Viv\u00ed una experiencia aut\u00e9ntica en Bariloche.\" \/>\n<meta name=\"robots\" content=\"index, follow, max-snippet:-1, max-image-preview:large, max-video-preview:-1\" \/>\n<link rel=\"canonical\" href=\"https:\/\/centroreservasbariloche.com\/en\/product\/bariloche-beer-experience-brewery\/\" \/>\n<meta property=\"og:locale\" content=\"en_US\" \/>\n<meta property=\"og:type\" content=\"article\" \/>\n<meta property=\"og:title\" content=\"Bariloche Beer Experience\" \/>\n<meta property=\"og:description\" content=\"Disfrut\u00e1 la Bariloche Beer Experience: recorridos cerveceros, paisajes \u00fanicos y sabores patag\u00f3nicos. Viv\u00ed una experiencia aut\u00e9ntica en Bariloche.\" \/>\n<meta property=\"og:url\" content=\"https:\/\/centroreservasbariloche.com\/en\/product\/bariloche-beer-experience-brewery\/\" \/>\n<meta property=\"og:site_name\" content=\"Centro Reservas Bariloche Patagonia Argentina\" \/>\n<meta property=\"article:publisher\" content=\"https:\/\/www.facebook.com\/centroreservasbariloche\" \/>\n<meta property=\"article:modified_time\" content=\"2026-04-09T12:15:38+00:00\" \/>\n<meta property=\"og:image\" content=\"https:\/\/buck.getjasper.digital\/2025\/09\/5-C-gallery-home-img-5-big-1-scaled.jpg\" \/>\n\t<meta property=\"og:image:width\" content=\"1920\" \/>\n\t<meta property=\"og:image:height\" content=\"2560\" \/>\n\t<meta property=\"og:image:type\" content=\"image\/jpeg\" \/>\n<meta name=\"twitter:card\" content=\"summary_large_image\" \/>\n<meta name=\"twitter:label1\" content=\"Price\" \/>\n\t<meta name=\"twitter:data1\" content=\"&#036;&nbsp;222.000,00\" \/>\n\t<meta name=\"twitter:label2\" content=\"Availability\" \/>\n\t<meta name=\"twitter:data2\" content=\"In stock\" \/>\n<script type=\"application\/ld+json\" class=\"yoast-schema-graph\">{\"@context\":\"https:\/\/schema.org\",\"@graph\":[{\"@type\":[\"WebPage\",\"ItemPage\"],\"@id\":\"https:\/\/centroreservasbariloche.com\/product\/bariloche-beer-experience-cerveceria\",\"url\":\"https:\/\/centroreservasbariloche.com\/product\/bariloche-beer-experience-cerveceria\",\"name\":\"Bariloche Beer Experience - Centro Reservas Bariloche Patagonia Argentina\",\"isPartOf\":{\"@id\":\"https:\/\/centroreservasbariloche.com\/#website\"},\"primaryImageOfPage\":{\"@id\":\"https:\/\/centroreservasbariloche.com\/product\/bariloche-beer-experience-cerveceria#primaryimage\"},\"image\":{\"@id\":\"https:\/\/centroreservasbariloche.com\/product\/bariloche-beer-experience-cerveceria#primaryimage\"},\"thumbnailUrl\":\"https:\/\/buck.getjasper.digital\/2025\/09\/5-C-gallery-home-img-5-big-1-scaled.jpg\",\"datePublished\":\"2025-09-12T15:46:52+00:00\",\"dateModified\":\"2026-04-09T12:15:38+00:00\",\"description\":\"Disfrut\u00e1 la Bariloche Beer Experience: recorridos cerveceros, paisajes \u00fanicos y sabores patag\u00f3nicos. Viv\u00ed una experiencia aut\u00e9ntica en Bariloche.\",\"breadcrumb\":{\"@id\":\"https:\/\/centroreservasbariloche.com\/product\/bariloche-beer-experience-cerveceria#breadcrumb\"},\"inLanguage\":\"en-US\",\"potentialAction\":[{\"@type\":\"ReadAction\",\"target\":[\"https:\/\/centroreservasbariloche.com\/product\/bariloche-beer-experience-cerveceria\"]}]},{\"@type\":\"ImageObject\",\"inLanguage\":\"en-US\",\"@id\":\"https:\/\/centroreservasbariloche.com\/product\/bariloche-beer-experience-cerveceria#primaryimage\",\"url\":\"https:\/\/buck.getjasper.digital\/2025\/09\/5-C-gallery-home-img-5-big-1-scaled.jpg\",\"contentUrl\":\"https:\/\/buck.getjasper.digital\/2025\/09\/5-C-gallery-home-img-5-big-1-scaled.jpg\",\"width\":1920,\"height\":2560},{\"@type\":\"BreadcrumbList\",\"@id\":\"https:\/\/centroreservasbariloche.com\/product\/bariloche-beer-experience-cerveceria#breadcrumb\",\"itemListElement\":[{\"@type\":\"ListItem\",\"position\":1,\"name\":\"Home\",\"item\":\"https:\/\/centroreservasbariloche.com\/\"},{\"@type\":\"ListItem\",\"position\":2,\"name\":\"Nuestras actividades\",\"item\":\"https:\/\/centroreservasbariloche.com\/shop\"},{\"@type\":\"ListItem\",\"position\":3,\"name\":\"Bariloche Beer Experience\"}]},{\"@type\":\"WebSite\",\"@id\":\"https:\/\/centroreservasbariloche.com\/#website\",\"url\":\"https:\/\/centroreservasbariloche.com\/\",\"name\":\"Centro Reservas Bariloche Patagonia Argentina\",\"description\":\"Centro Reservas Bariloche Patagonia\",\"publisher\":{\"@id\":\"https:\/\/centroreservasbariloche.com\/#organization\"},\"alternateName\":\"tur centra bariloche\",\"potentialAction\":[{\"@type\":\"SearchAction\",\"target\":{\"@type\":\"EntryPoint\",\"urlTemplate\":\"https:\/\/centroreservasbariloche.com\/?s={search_term_string}\"},\"query-input\":{\"@type\":\"PropertyValueSpecification\",\"valueRequired\":true,\"valueName\":\"search_term_string\"}}],\"inLanguage\":\"en-US\"},{\"@type\":[\"Organization\",\"Place\",\"TravelAgency\"],\"@id\":\"https:\/\/centroreservasbariloche.com\/#organization\",\"name\":\"Centro Reservas Bariloche\",\"alternateName\":\"Centro de Reservas\",\"url\":\"https:\/\/centroreservasbariloche.com\/\",\"logo\":{\"@id\":\"https:\/\/centroreservasbariloche.com\/product\/bariloche-beer-experience-cerveceria#local-main-organization-logo\"},\"image\":{\"@id\":\"https:\/\/centroreservasbariloche.com\/product\/bariloche-beer-experience-cerveceria#local-main-organization-logo\"},\"sameAs\":[\"https:\/\/www.facebook.com\/centroreservasbariloche\"],\"description\":\"Estamos comprometidos en brindarles una experiencia inolvidable, llena de aventura, belleza natural y descubrimientos. No importa si es su primera visita a Bariloche o si ya ha tenido el placer de conocerla, estamos seguros de que encontrar\u00e1 en nuestras excursiones la oportunidad de crear recuerdos duraderos.\",\"legalName\":\"Centro Reservas Bariloche\",\"address\":{\"@id\":\"https:\/\/centroreservasbariloche.com\/product\/bariloche-beer-experience-cerveceria#local-main-place-address\"},\"telephone\":[],\"openingHoursSpecification\":[{\"@type\":\"OpeningHoursSpecification\",\"dayOfWeek\":[\"Monday\",\"Tuesday\",\"Wednesday\",\"Thursday\",\"Friday\",\"Saturday\",\"Sunday\"],\"opens\":\"09:00\",\"closes\":\"17:00\"}],\"priceRange\":\"$$\"},{\"@type\":\"PostalAddress\",\"@id\":\"https:\/\/centroreservasbariloche.com\/product\/bariloche-beer-experience-cerveceria#local-main-place-address\",\"streetAddress\":\"Mitre 131\",\"addressLocality\":\"San Carlos de Bariloche\",\"postalCode\":\"8400\",\"addressRegion\":\"R\u00edo Negro\",\"addressCountry\":\"AR\"},{\"@type\":\"ImageObject\",\"inLanguage\":\"en-US\",\"@id\":\"https:\/\/centroreservasbariloche.com\/product\/bariloche-beer-experience-cerveceria#local-main-organization-logo\",\"url\":\"https:\/\/buck.getjasper.digital\/2025\/06\/centro-de-reservas-2-1.png\",\"contentUrl\":\"https:\/\/buck.getjasper.digital\/2025\/06\/centro-de-reservas-2-1.png\",\"width\":512,\"height\":512,\"caption\":\"Centro Reservas Bariloche\"}]}<\/script>\n<meta property=\"product:price:amount\" content=\"222000.00\" \/>\n<meta property=\"product:price:currency\" content=\"ARS\" \/>\n<meta property=\"og:availability\" content=\"instock\" \/>\n<meta property=\"product:availability\" content=\"instock\" \/>\n<meta property=\"product:retailer_item_id\" content=\"ADV2025BABEEX7FQ9\" \/>\n<meta property=\"product:condition\" content=\"new\" \/>\n<meta name=\"geo.placename\" content=\"San Carlos de Bariloche\" \/>\n<meta name=\"geo.region\" content=\"Argentina\" \/>\n<!-- \/ Yoast SEO Premium plugin. -->","yoast_head_json":{"title":"Bariloche Beer Experience - Bariloche Beer Experience - Bariloche Reservation Center Patagonia Argentina","description":"Enjoy the Bariloche Beer Experience: beer tours, unique landscapes and Patagonian flavors. Live an authentic experience in Bariloche.","robots":{"index":"index","follow":"follow","max-snippet":"max-snippet:-1","max-image-preview":"max-image-preview:large","max-video-preview":"max-video-preview:-1"},"canonical":"https:\/\/centroreservasbariloche.com\/en\/product\/bariloche-beer-experience-brewery\/","og_locale":"en_US","og_type":"article","og_title":"Bariloche Beer Experience","og_description":"Disfrut\u00e1 la Bariloche Beer Experience: recorridos cerveceros, paisajes \u00fanicos y sabores patag\u00f3nicos. Viv\u00ed una experiencia aut\u00e9ntica en Bariloche.","og_url":"https:\/\/centroreservasbariloche.com\/en\/product\/bariloche-beer-experience-brewery\/","og_site_name":"Centro Reservas Bariloche Patagonia Argentina","article_publisher":"https:\/\/www.facebook.com\/centroreservasbariloche","article_modified_time":"2026-04-09T12:15:38+00:00","og_image":[{"width":1920,"height":2560,"url":"https:\/\/buck.getjasper.digital\/2025\/09\/5-C-gallery-home-img-5-big-1-scaled.jpg","type":"image\/jpeg"}],"twitter_card":"summary_large_image","twitter_misc":{"Price":"&#36;&nbsp;222.000,00","Availability":"In stock"},"schema":{"@context":"https:\/\/schema.org","@graph":[{"@type":["WebPage","ItemPage"],"@id":"https:\/\/centroreservasbariloche.com\/product\/bariloche-beer-experience-cerveceria","url":"https:\/\/centroreservasbariloche.com\/product\/bariloche-beer-experience-cerveceria","name":"Bariloche Beer Experience - Bariloche Beer Experience - Bariloche Reservation Center Patagonia Argentina","isPartOf":{"@id":"https:\/\/centroreservasbariloche.com\/#website"},"primaryImageOfPage":{"@id":"https:\/\/centroreservasbariloche.com\/product\/bariloche-beer-experience-cerveceria#primaryimage"},"image":{"@id":"https:\/\/centroreservasbariloche.com\/product\/bariloche-beer-experience-cerveceria#primaryimage"},"thumbnailUrl":"https:\/\/buck.getjasper.digital\/2025\/09\/5-C-gallery-home-img-5-big-1-scaled.jpg","datePublished":"2025-09-12T15:46:52+00:00","dateModified":"2026-04-09T12:15:38+00:00","description":"Enjoy the Bariloche Beer Experience: beer tours, unique landscapes and Patagonian flavors. Live an authentic experience in Bariloche.","breadcrumb":{"@id":"https:\/\/centroreservasbariloche.com\/product\/bariloche-beer-experience-cerveceria#breadcrumb"},"inLanguage":"en-US","potentialAction":[{"@type":"ReadAction","target":["https:\/\/centroreservasbariloche.com\/product\/bariloche-beer-experience-cerveceria"]}]},{"@type":"ImageObject","inLanguage":"en-US","@id":"https:\/\/centroreservasbariloche.com\/product\/bariloche-beer-experience-cerveceria#primaryimage","url":"https:\/\/buck.getjasper.digital\/2025\/09\/5-C-gallery-home-img-5-big-1-scaled.jpg","contentUrl":"https:\/\/buck.getjasper.digital\/2025\/09\/5-C-gallery-home-img-5-big-1-scaled.jpg","width":1920,"height":2560},{"@type":"BreadcrumbList","@id":"https:\/\/centroreservasbariloche.com\/product\/bariloche-beer-experience-cerveceria#breadcrumb","itemListElement":[{"@type":"ListItem","position":1,"name":"Home","item":"https:\/\/centroreservasbariloche.com\/"},{"@type":"ListItem","position":2,"name":"Nuestras actividades","item":"https:\/\/centroreservasbariloche.com\/shop"},{"@type":"ListItem","position":3,"name":"Bariloche Beer Experience"}]},{"@type":"WebSite","@id":"https:\/\/centroreservasbariloche.com\/#website","url":"https:\/\/centroreservasbariloche.com\/","name":"Bariloche Reservation Center Patagonia Argentina","description":"Bariloche Patagonia Reserves Center","publisher":{"@id":"https:\/\/centroreservasbariloche.com\/#organization"},"alternateName":"tur centra bariloche","potentialAction":[{"@type":"SearchAction","target":{"@type":"EntryPoint","urlTemplate":"https:\/\/centroreservasbariloche.com\/?s={search_term_string}"},"query-input":{"@type":"PropertyValueSpecification","valueRequired":true,"valueName":"search_term_string"}}],"inLanguage":"en-US"},{"@type":["Organization","Place","TravelAgency"],"@id":"https:\/\/centroreservasbariloche.com\/#organization","name":"Bariloche Reserves Center","alternateName":"Centro de Reservas","url":"https:\/\/centroreservasbariloche.com\/","logo":{"@id":"https:\/\/centroreservasbariloche.com\/product\/bariloche-beer-experience-cerveceria#local-main-organization-logo"},"image":{"@id":"https:\/\/centroreservasbariloche.com\/product\/bariloche-beer-experience-cerveceria#local-main-organization-logo"},"sameAs":["https:\/\/www.facebook.com\/centroreservasbariloche"],"description":"We are committed to providing you with an unforgettable experience, full of adventure, natural beauty and discovery. Whether it is your first visit to Bariloche or if you have already had the pleasure of knowing it, we are sure that you will find in our excursions the opportunity to create lasting memories.","legalName":"Centro Reservas Bariloche","address":{"@id":"https:\/\/centroreservasbariloche.com\/product\/bariloche-beer-experience-cerveceria#local-main-place-address"},"telephone":[],"openingHoursSpecification":[{"@type":"OpeningHoursSpecification","dayOfWeek":["Monday","Tuesday","Wednesday","Thursday","Friday","Saturday","Sunday"],"opens":"09:00","closes":"17:00"}],"priceRange":"$$"},{"@type":"PostalAddress","@id":"https:\/\/centroreservasbariloche.com\/product\/bariloche-beer-experience-cerveceria#local-main-place-address","streetAddress":"Mitre 131","addressLocality":"San Carlos de Bariloche","postalCode":"8400","addressRegion":"R\u00edo Negro","addressCountry":"AR"},{"@type":"ImageObject","inLanguage":"en-US","@id":"https:\/\/centroreservasbariloche.com\/product\/bariloche-beer-experience-cerveceria#local-main-organization-logo","url":"https:\/\/buck.getjasper.digital\/2025\/06\/centro-de-reservas-2-1.png","contentUrl":"https:\/\/buck.getjasper.digital\/2025\/06\/centro-de-reservas-2-1.png","width":512,"height":512,"caption":"Centro Reservas Bariloche"}]},"product_price_amount":"222000.00","product_price_currency":"ARS","og_availability":"instock","product_availability":"instock","product_retailer_item_id":"ADV2025BABEEX7FQ9","product_condition":"new","geo.placename":"San Carlos de Bariloche","geo.region":"Argentina"},"_links":{"self":[{"href":"https:\/\/centroreservasbariloche.com\/en\/wp-json\/wp\/v2\/product\/231664","targetHints":{"allow":["GET"]}}],"collection":[{"href":"https:\/\/centroreservasbariloche.com\/en\/wp-json\/wp\/v2\/product"}],"about":[{"href":"https:\/\/centroreservasbariloche.com\/en\/wp-json\/wp\/v2\/types\/product"}],"replies":[{"embeddable":true,"href":"https:\/\/centroreservasbariloche.com\/en\/wp-json\/wp\/v2\/comments?post=231664"}],"wp:featuredmedia":[{"embeddable":true,"href":"https:\/\/centroreservasbariloche.com\/en\/wp-json\/wp\/v2\/media\/231681"}],"wp:attachment":[{"href":"https:\/\/centroreservasbariloche.com\/en\/wp-json\/wp\/v2\/media?parent=231664"}],"wp:term":[{"taxonomy":"product_brand","embeddable":true,"href":"https:\/\/centroreservasbariloche.com\/en\/wp-json\/wp\/v2\/product_brand?post=231664"},{"taxonomy":"product_cat","embeddable":true,"href":"https:\/\/centroreservasbariloche.com\/en\/wp-json\/wp\/v2\/product_cat?post=231664"},{"taxonomy":"product_tag","embeddable":true,"href":"https:\/\/centroreservasbariloche.com\/en\/wp-json\/wp\/v2\/product_tag?post=231664"}],"curies":[{"name":"wp","href":"https:\/\/api.w.org\/{rel}","templated":true}]}}