{"id":230710,"date":"2025-04-04T15:47:58","date_gmt":"2025-04-04T18:47:58","guid":{"rendered":"https:\/\/centroreservasbariloche.com\/?post_type=product&#038;p=230710"},"modified":"2026-04-09T22:17:37","modified_gmt":"2026-04-10T01:17:37","slug":"traslado-al-cerro-piedras-blancas","status":"publish","type":"product","link":"https:\/\/centroreservasbariloche.com\/pt\/product\/traslado-para-o-cerro-piedras-blancas","title":{"rendered":"Traslado para Cerro Piedras Blancas"},"content":{"rendered":"<h2>Embarque em uma viagem inesquec\u00edvel ao Cerro Piedras Blancas<\/h2>\n<p>Venha se maravilhar com um dos enclaves de inverno mais distintos da Am\u00e9rica do Sul. Nosso exclusivo traslado de meio dia a partir do centro de Bariloche o convida a conhecer a tradi\u00e7\u00e3o e os confortos modernos da excepcional esta\u00e7\u00e3o de esqui. Al\u00e9m disso, voc\u00ea pode enriquecer seu dia com uma visita ao famoso Circuito Chico.<\/p>\n<h3>Informa\u00e7\u00f5es sobre o itiner\u00e1rio<\/h3>\n<ul>\n<li><strong>Rota:<\/strong> De Bariloche a Cerro Piedras Blancas.<\/li>\n<li><strong>Hor\u00e1rios de partida:<\/strong> Das 8:00 \u00e0s 16:00 e das 13:00 \u00e0s 18:00.<\/li>\n<li><strong>Incluindo:<\/strong> Traslados de e para o aeroporto.<\/li>\n<li><strong>N\u00e3o inclu\u00eddo:<\/strong> Refei\u00e7\u00f5es e ingressos para o telef\u00e9rico.<\/li>\n<\/ul>\n<h3>Vantagens da experi\u00eancia<\/h3>\n<p>Esse traslado combina emo\u00e7\u00e3o e conforto, permitindo que voc\u00ea descubra paisagens fascinantes em um ambiente bem cuidado e adaptado \u00e0s suas necessidades. Projetado para tornar cada momento inesquec\u00edvel, nosso servi\u00e7o promete aten\u00e7\u00e3o personalizada e exclusiva.<\/p>\n<h3>Perguntas frequentes (FAQ)<\/h3>\n<ul>\n<li><strong>De onde come\u00e7a a transfer\u00eancia?<\/strong>O ponto de partida \u00e9 o centro de Bariloche, proporcionando f\u00e1cil acesso a essa fascinante jornada.<\/li>\n<li><strong>\u00c9 poss\u00edvel combinar a transfer\u00eancia com outras atividades?<\/strong>\u00c9 claro que voc\u00ea pode integrar a visita ao Cerro com um passeio pelo Circuito Chico para ter uma experi\u00eancia completa.<\/li>\n<li><strong>De quais inclus\u00f5es e exclus\u00f5es devo estar ciente?<\/strong>O servi\u00e7o inclui traslados de ida e volta para o aeroporto. As refei\u00e7\u00f5es e os ingressos para o telef\u00e9rico s\u00e3o de responsabilidade individual.<br \/>\nAviso importante: Este passeio j\u00e1 est\u00e1 dispon\u00edvel para pr\u00e9-reserva. As sa\u00eddas operam de 15 de junho a 20 de agosto, sujeitas ao calend\u00e1rio sazonal.<\/li>\n<\/ul>","protected":false},"excerpt":{"rendered":"<p>Embarque neste traslado exclusivo de meio dia de Bariloche para Cerro Piedras Blancas e descubra a atra\u00e7\u00e3o da esta\u00e7\u00e3o de esqui mais importante da regi\u00e3o. Experimente uma aventura excepcional que une o melhor da natureza com o conforto.<\/p>","protected":false},"featured_media":231540,"comment_status":"open","ping_status":"closed","template":"","meta":[],"product_brand":[],"product_cat":[38,32,53,40,49,36,37],"product_tag":[],"class_list":{"0":"post-230710","1":"product","2":"type-product","3":"status-publish","4":"has-post-thumbnail","6":"product_cat-adultos","7":"product_cat-familia","8":"product_cat-ninos","9":"product_cat-con-traslado","10":"product_cat-invierno","11":"product_cat-sin-comida","12":"product_cat-terrestre","14":"first","15":"instock","16":"virtual","17":"sold-individually","18":"purchasable","19":"product-type-booking"},"booking_location":"","booking_location_type":"","booking_duration":5,"booking_duration_unit":"hour","booking_buffer":0,"booking_cost":0,"booking_resources":[],"exclude_global_add_ons":[],"addons":[],"yoast_head":"<!-- This site is optimized with the Yoast SEO Premium plugin v24.5 (Yoast SEO v24.8) - https:\/\/yoast.com\/wordpress\/plugins\/seo\/ -->\n<title>Traslado al Cerro Piedras Blancas - Centro Reservas Bariloche Patagonia Argentina<\/title>\n<meta name=\"robots\" content=\"index, follow, max-snippet:-1, max-image-preview:large, max-video-preview:-1\" \/>\n<link rel=\"canonical\" href=\"https:\/\/centroreservasbariloche.com\/pt\/product\/traslado-para-o-cerro-piedras-blancas\/\" \/>\n<meta property=\"og:locale\" content=\"pt_BR\" \/>\n<meta property=\"og:type\" content=\"article\" \/>\n<meta property=\"og:title\" content=\"Traslado al Cerro Piedras Blancas\" \/>\n<meta property=\"og:description\" content=\"Emb\u00e1rcate en este exclusivo traslado de medio d\u00eda desde Bariloche hacia el Cerro Piedras Blancas, y descubre el atractivo del centro de esqu\u00ed m\u00e1s relevante de la regi\u00f3n. Vive una aventura excepcional que une lo mejor de la naturaleza con el confort.\" \/>\n<meta property=\"og:url\" content=\"https:\/\/centroreservasbariloche.com\/pt\/product\/traslado-para-o-cerro-piedras-blancas\/\" \/>\n<meta property=\"og:site_name\" content=\"Centro Reservas Bariloche Patagonia Argentina\" \/>\n<meta property=\"article:publisher\" content=\"https:\/\/www.facebook.com\/centroreservasbariloche\" \/>\n<meta property=\"article:modified_time\" content=\"2026-04-10T01:17:37+00:00\" \/>\n<meta property=\"og:image\" content=\"https:\/\/buck.getjasper.digital\/2025\/04\/5-B-20180727-120849-largejpg-scaled.jpg\" \/>\n\t<meta property=\"og:image:width\" content=\"1920\" \/>\n\t<meta property=\"og:image:height\" content=\"2560\" \/>\n\t<meta property=\"og:image:type\" content=\"image\/jpeg\" \/>\n<meta name=\"twitter:card\" content=\"summary_large_image\" \/>\n<meta name=\"twitter:label1\" content=\"Pre\u00e7o\" \/>\n\t<meta name=\"twitter:data1\" content=\"&#036;&nbsp;26.000,00\" \/>\n\t<meta name=\"twitter:label2\" content=\"Disponibilidade\" \/>\n\t<meta name=\"twitter:data2\" content=\"Em Estoque\" \/>\n<script type=\"application\/ld+json\" class=\"yoast-schema-graph\">{\"@context\":\"https:\/\/schema.org\",\"@graph\":[{\"@type\":[\"WebPage\",\"ItemPage\"],\"@id\":\"https:\/\/centroreservasbariloche.com\/product\/traslado-al-cerro-piedras-blancas\",\"url\":\"https:\/\/centroreservasbariloche.com\/product\/traslado-al-cerro-piedras-blancas\",\"name\":\"Traslado al Cerro Piedras Blancas - Centro Reservas Bariloche Patagonia Argentina\",\"isPartOf\":{\"@id\":\"https:\/\/centroreservasbariloche.com\/#website\"},\"primaryImageOfPage\":{\"@id\":\"https:\/\/centroreservasbariloche.com\/product\/traslado-al-cerro-piedras-blancas#primaryimage\"},\"image\":{\"@id\":\"https:\/\/centroreservasbariloche.com\/product\/traslado-al-cerro-piedras-blancas#primaryimage\"},\"thumbnailUrl\":\"https:\/\/buck.getjasper.digital\/2025\/04\/5-B-20180727-120849-largejpg-scaled.jpg\",\"datePublished\":\"2025-04-04T18:47:58+00:00\",\"dateModified\":\"2026-04-10T01:17:37+00:00\",\"breadcrumb\":{\"@id\":\"https:\/\/centroreservasbariloche.com\/product\/traslado-al-cerro-piedras-blancas#breadcrumb\"},\"inLanguage\":\"pt-BR\",\"potentialAction\":[{\"@type\":\"ReadAction\",\"target\":[\"https:\/\/centroreservasbariloche.com\/product\/traslado-al-cerro-piedras-blancas\"]}]},{\"@type\":\"ImageObject\",\"inLanguage\":\"pt-BR\",\"@id\":\"https:\/\/centroreservasbariloche.com\/product\/traslado-al-cerro-piedras-blancas#primaryimage\",\"url\":\"https:\/\/buck.getjasper.digital\/2025\/04\/5-B-20180727-120849-largejpg-scaled.jpg\",\"contentUrl\":\"https:\/\/buck.getjasper.digital\/2025\/04\/5-B-20180727-120849-largejpg-scaled.jpg\",\"width\":1920,\"height\":2560},{\"@type\":\"BreadcrumbList\",\"@id\":\"https:\/\/centroreservasbariloche.com\/product\/traslado-al-cerro-piedras-blancas#breadcrumb\",\"itemListElement\":[{\"@type\":\"ListItem\",\"position\":1,\"name\":\"Home\",\"item\":\"https:\/\/centroreservasbariloche.com\/\"},{\"@type\":\"ListItem\",\"position\":2,\"name\":\"Nuestras actividades\",\"item\":\"https:\/\/centroreservasbariloche.com\/shop\"},{\"@type\":\"ListItem\",\"position\":3,\"name\":\"Traslado al Cerro Piedras Blancas\"}]},{\"@type\":\"WebSite\",\"@id\":\"https:\/\/centroreservasbariloche.com\/#website\",\"url\":\"https:\/\/centroreservasbariloche.com\/\",\"name\":\"Centro Reservas Bariloche Patagonia Argentina\",\"description\":\"Centro Reservas Bariloche Patagonia\",\"publisher\":{\"@id\":\"https:\/\/centroreservasbariloche.com\/#organization\"},\"alternateName\":\"tur centra bariloche\",\"potentialAction\":[{\"@type\":\"SearchAction\",\"target\":{\"@type\":\"EntryPoint\",\"urlTemplate\":\"https:\/\/centroreservasbariloche.com\/?s={search_term_string}\"},\"query-input\":{\"@type\":\"PropertyValueSpecification\",\"valueRequired\":true,\"valueName\":\"search_term_string\"}}],\"inLanguage\":\"pt-BR\"},{\"@type\":[\"Organization\",\"Place\",\"TravelAgency\"],\"@id\":\"https:\/\/centroreservasbariloche.com\/#organization\",\"name\":\"Centro Reservas Bariloche\",\"alternateName\":\"Centro de Reservas\",\"url\":\"https:\/\/centroreservasbariloche.com\/\",\"logo\":{\"@id\":\"https:\/\/centroreservasbariloche.com\/product\/traslado-al-cerro-piedras-blancas#local-main-organization-logo\"},\"image\":{\"@id\":\"https:\/\/centroreservasbariloche.com\/product\/traslado-al-cerro-piedras-blancas#local-main-organization-logo\"},\"sameAs\":[\"https:\/\/www.facebook.com\/centroreservasbariloche\"],\"description\":\"Estamos comprometidos en brindarles una experiencia inolvidable, llena de aventura, belleza natural y descubrimientos. No importa si es su primera visita a Bariloche o si ya ha tenido el placer de conocerla, estamos seguros de que encontrar\u00e1 en nuestras excursiones la oportunidad de crear recuerdos duraderos.\",\"legalName\":\"Centro Reservas Bariloche\",\"address\":{\"@id\":\"https:\/\/centroreservasbariloche.com\/product\/traslado-al-cerro-piedras-blancas#local-main-place-address\"},\"telephone\":[],\"openingHoursSpecification\":[{\"@type\":\"OpeningHoursSpecification\",\"dayOfWeek\":[\"Monday\",\"Tuesday\",\"Wednesday\",\"Thursday\",\"Friday\",\"Saturday\",\"Sunday\"],\"opens\":\"09:00\",\"closes\":\"17:00\"}],\"priceRange\":\"$$\"},{\"@type\":\"PostalAddress\",\"@id\":\"https:\/\/centroreservasbariloche.com\/product\/traslado-al-cerro-piedras-blancas#local-main-place-address\",\"streetAddress\":\"Mitre 131\",\"addressLocality\":\"San Carlos de Bariloche\",\"postalCode\":\"8400\",\"addressRegion\":\"R\u00edo Negro\",\"addressCountry\":\"AR\"},{\"@type\":\"ImageObject\",\"inLanguage\":\"pt-BR\",\"@id\":\"https:\/\/centroreservasbariloche.com\/product\/traslado-al-cerro-piedras-blancas#local-main-organization-logo\",\"url\":\"https:\/\/buck.getjasper.digital\/2025\/06\/centro-de-reservas-2-1.png\",\"contentUrl\":\"https:\/\/buck.getjasper.digital\/2025\/06\/centro-de-reservas-2-1.png\",\"width\":512,\"height\":512,\"caption\":\"Centro Reservas Bariloche\"}]}<\/script>\n<meta property=\"product:price:amount\" content=\"26000.00\" \/>\n<meta property=\"product:price:currency\" content=\"ARS\" \/>\n<meta property=\"og:availability\" content=\"instock\" \/>\n<meta property=\"product:availability\" content=\"instock\" \/>\n<meta property=\"product:retailer_item_id\" content=\"ADV2025TRALCE1K3T\" \/>\n<meta property=\"product:condition\" content=\"new\" \/>\n<meta name=\"geo.placename\" content=\"San Carlos de Bariloche\" \/>\n<meta name=\"geo.region\" content=\"Argentina\" \/>\n<!-- \/ Yoast SEO Premium plugin. -->","yoast_head_json":{"title":"Traslado para Cerro Piedras Blancas - Centro Reservas Bariloche Patag\u00f4nia Argentina","robots":{"index":"index","follow":"follow","max-snippet":"max-snippet:-1","max-image-preview":"max-image-preview:large","max-video-preview":"max-video-preview:-1"},"canonical":"https:\/\/centroreservasbariloche.com\/pt\/product\/traslado-para-o-cerro-piedras-blancas\/","og_locale":"pt_BR","og_type":"article","og_title":"Traslado al Cerro Piedras Blancas","og_description":"Emb\u00e1rcate en este exclusivo traslado de medio d\u00eda desde Bariloche hacia el Cerro Piedras Blancas, y descubre el atractivo del centro de esqu\u00ed m\u00e1s relevante de la regi\u00f3n. Vive una aventura excepcional que une lo mejor de la naturaleza con el confort.","og_url":"https:\/\/centroreservasbariloche.com\/pt\/product\/traslado-para-o-cerro-piedras-blancas\/","og_site_name":"Centro Reservas Bariloche Patagonia Argentina","article_publisher":"https:\/\/www.facebook.com\/centroreservasbariloche","article_modified_time":"2026-04-10T01:17:37+00:00","og_image":[{"width":1920,"height":2560,"url":"https:\/\/buck.getjasper.digital\/2025\/04\/5-B-20180727-120849-largejpg-scaled.jpg","type":"image\/jpeg"}],"twitter_card":"summary_large_image","twitter_misc":{"Pre\u00e7o":"&#36;&nbsp;26.000,00","Disponibilidade":"Em Estoque"},"schema":{"@context":"https:\/\/schema.org","@graph":[{"@type":["WebPage","ItemPage"],"@id":"https:\/\/centroreservasbariloche.com\/product\/traslado-al-cerro-piedras-blancas","url":"https:\/\/centroreservasbariloche.com\/product\/traslado-al-cerro-piedras-blancas","name":"Traslado para Cerro Piedras Blancas - Centro Reservas Bariloche Patag\u00f4nia Argentina","isPartOf":{"@id":"https:\/\/centroreservasbariloche.com\/#website"},"primaryImageOfPage":{"@id":"https:\/\/centroreservasbariloche.com\/product\/traslado-al-cerro-piedras-blancas#primaryimage"},"image":{"@id":"https:\/\/centroreservasbariloche.com\/product\/traslado-al-cerro-piedras-blancas#primaryimage"},"thumbnailUrl":"https:\/\/buck.getjasper.digital\/2025\/04\/5-B-20180727-120849-largejpg-scaled.jpg","datePublished":"2025-04-04T18:47:58+00:00","dateModified":"2026-04-10T01:17:37+00:00","breadcrumb":{"@id":"https:\/\/centroreservasbariloche.com\/product\/traslado-al-cerro-piedras-blancas#breadcrumb"},"inLanguage":"pt-BR","potentialAction":[{"@type":"ReadAction","target":["https:\/\/centroreservasbariloche.com\/product\/traslado-al-cerro-piedras-blancas"]}]},{"@type":"ImageObject","inLanguage":"pt-BR","@id":"https:\/\/centroreservasbariloche.com\/product\/traslado-al-cerro-piedras-blancas#primaryimage","url":"https:\/\/buck.getjasper.digital\/2025\/04\/5-B-20180727-120849-largejpg-scaled.jpg","contentUrl":"https:\/\/buck.getjasper.digital\/2025\/04\/5-B-20180727-120849-largejpg-scaled.jpg","width":1920,"height":2560},{"@type":"BreadcrumbList","@id":"https:\/\/centroreservasbariloche.com\/product\/traslado-al-cerro-piedras-blancas#breadcrumb","itemListElement":[{"@type":"ListItem","position":1,"name":"Home","item":"https:\/\/centroreservasbariloche.com\/"},{"@type":"ListItem","position":2,"name":"Nuestras actividades","item":"https:\/\/centroreservasbariloche.com\/shop"},{"@type":"ListItem","position":3,"name":"Traslado al Cerro Piedras Blancas"}]},{"@type":"WebSite","@id":"https:\/\/centroreservasbariloche.com\/#website","url":"https:\/\/centroreservasbariloche.com\/","name":"Centro de Reservas de Bariloche Patag\u00f4nia Argentina","description":"Central de Reservas de Bariloche Patag\u00f4nia","publisher":{"@id":"https:\/\/centroreservasbariloche.com\/#organization"},"alternateName":"tur centra bariloche","potentialAction":[{"@type":"SearchAction","target":{"@type":"EntryPoint","urlTemplate":"https:\/\/centroreservasbariloche.com\/?s={search_term_string}"},"query-input":{"@type":"PropertyValueSpecification","valueRequired":true,"valueName":"search_term_string"}}],"inLanguage":"pt-BR"},{"@type":["Organization","Place","TravelAgency"],"@id":"https:\/\/centroreservasbariloche.com\/#organization","name":"Centro de Reservas de Bariloche","alternateName":"Centro de Reservas","url":"https:\/\/centroreservasbariloche.com\/","logo":{"@id":"https:\/\/centroreservasbariloche.com\/product\/traslado-al-cerro-piedras-blancas#local-main-organization-logo"},"image":{"@id":"https:\/\/centroreservasbariloche.com\/product\/traslado-al-cerro-piedras-blancas#local-main-organization-logo"},"sameAs":["https:\/\/www.facebook.com\/centroreservasbariloche"],"description":"Temos o compromisso de proporcionar a voc\u00ea uma experi\u00eancia inesquec\u00edvel, cheia de aventura, beleza natural e descobertas. Quer seja sua primeira visita a Bariloche ou se j\u00e1 teve o prazer de conhec\u00ea-la, temos certeza de que encontrar\u00e1 em nossas excurs\u00f5es a oportunidade de criar mem\u00f3rias duradouras.","legalName":"Centro Reservas Bariloche","address":{"@id":"https:\/\/centroreservasbariloche.com\/product\/traslado-al-cerro-piedras-blancas#local-main-place-address"},"telephone":[],"openingHoursSpecification":[{"@type":"OpeningHoursSpecification","dayOfWeek":["Monday","Tuesday","Wednesday","Thursday","Friday","Saturday","Sunday"],"opens":"09:00","closes":"17:00"}],"priceRange":"$$"},{"@type":"PostalAddress","@id":"https:\/\/centroreservasbariloche.com\/product\/traslado-al-cerro-piedras-blancas#local-main-place-address","streetAddress":"Mitre 131","addressLocality":"San Carlos de Bariloche","postalCode":"8400","addressRegion":"R\u00edo Negro","addressCountry":"AR"},{"@type":"ImageObject","inLanguage":"pt-BR","@id":"https:\/\/centroreservasbariloche.com\/product\/traslado-al-cerro-piedras-blancas#local-main-organization-logo","url":"https:\/\/buck.getjasper.digital\/2025\/06\/centro-de-reservas-2-1.png","contentUrl":"https:\/\/buck.getjasper.digital\/2025\/06\/centro-de-reservas-2-1.png","width":512,"height":512,"caption":"Centro Reservas Bariloche"}]},"product_price_amount":"26000.00","product_price_currency":"ARS","og_availability":"instock","product_availability":"instock","product_retailer_item_id":"ADV2025TRALCE1K3T","product_condition":"new","geo.placename":"San Carlos de Bariloche","geo.region":"Argentina"},"_links":{"self":[{"href":"https:\/\/centroreservasbariloche.com\/pt\/wp-json\/wp\/v2\/product\/230710","targetHints":{"allow":["GET"]}}],"collection":[{"href":"https:\/\/centroreservasbariloche.com\/pt\/wp-json\/wp\/v2\/product"}],"about":[{"href":"https:\/\/centroreservasbariloche.com\/pt\/wp-json\/wp\/v2\/types\/product"}],"replies":[{"embeddable":true,"href":"https:\/\/centroreservasbariloche.com\/pt\/wp-json\/wp\/v2\/comments?post=230710"}],"wp:featuredmedia":[{"embeddable":true,"href":"https:\/\/centroreservasbariloche.com\/pt\/wp-json\/wp\/v2\/media\/231540"}],"wp:attachment":[{"href":"https:\/\/centroreservasbariloche.com\/pt\/wp-json\/wp\/v2\/media?parent=230710"}],"wp:term":[{"taxonomy":"product_brand","embeddable":true,"href":"https:\/\/centroreservasbariloche.com\/pt\/wp-json\/wp\/v2\/product_brand?post=230710"},{"taxonomy":"product_cat","embeddable":true,"href":"https:\/\/centroreservasbariloche.com\/pt\/wp-json\/wp\/v2\/product_cat?post=230710"},{"taxonomy":"product_tag","embeddable":true,"href":"https:\/\/centroreservasbariloche.com\/pt\/wp-json\/wp\/v2\/product_tag?post=230710"}],"curies":[{"name":"wp","href":"https:\/\/api.w.org\/{rel}","templated":true}]}}