{"id":230711,"date":"2025-04-04T15:48:11","date_gmt":"2025-04-04T18:48:11","guid":{"rendered":"https:\/\/centroreservasbariloche.com\/?post_type=product&#038;p=230711"},"modified":"2026-04-09T22:03:55","modified_gmt":"2026-04-10T01:03:55","slug":"traslado-al-cerro-catedral","status":"publish","type":"product","link":"https:\/\/centroreservasbariloche.com\/pt\/product\/traslado-para-a-colina-da-catedral","title":{"rendered":"Traslado para o Cerro Catedral - Servi\u00e7o organizado para grupos e viajantes internacionais"},"content":{"rendered":"<h3 data-start=\"219\" data-end=\"300\">A maneira mais pr\u00e1tica de chegar \u00e0 esta\u00e7\u00e3o de esqui mais importante da Am\u00e9rica do Sul<\/h3>\n<p data-start=\"302\" data-end=\"638\">Esse servi\u00e7o foi especialmente projetado para visitantes internacionais e grupos que desejam chegar ao Cerro Catedral sem se preocupar com a log\u00edstica de transporte. Do centro de Bariloche, organizamos o traslado at\u00e9 a base da esta\u00e7\u00e3o de esqui, com assist\u00eancia permanente para que voc\u00ea s\u00f3 tenha que se preocupar em aproveitar seu dia de neve.<\/p>\n<p data-start=\"640\" data-end=\"760\">Ideal para grupos familiares, amigos ou viajantes da Am\u00e9rica Latina que buscam seguran\u00e7a, pontualidade e boa organiza\u00e7\u00e3o.<\/p>\n<h3 data-start=\"767\" data-end=\"793\">O que a transfer\u00eancia oferece<\/h3>\n<ul data-start=\"795\" data-end=\"1022\">\n<li data-start=\"795\" data-end=\"855\">\n<p data-start=\"797\" data-end=\"855\">Transporte de ida e volta de Bariloche para Cerro Catedral.<\/p>\n<\/li>\n<li data-start=\"856\" data-end=\"934\">\n<p data-start=\"858\" data-end=\"934\">Assist\u00eancia durante todo o traslado, com organiza\u00e7\u00e3o pr\u00e9via de acordo com o grupo.<\/p>\n<\/li>\n<li data-start=\"935\" data-end=\"1022\">\n<p data-start=\"937\" data-end=\"1022\">Tempo livre na esta\u00e7\u00e3o de esqui para desfrutar de atividades, caminhadas e gastronomia.<\/p>\n<\/li>\n<\/ul>\n<p data-start=\"1024\" data-end=\"1166\"><strong data-start=\"1024\" data-end=\"1033\">Observa\u00e7\u00e3o:<\/strong> O servi\u00e7o inclui apenas o traslado. Os ingressos de acesso, passes e aluguel de equipamentos s\u00e3o pagos separadamente no destino.<\/p>\n<h3 data-start=\"1173\" data-end=\"1197\">Informa\u00e7\u00f5es pr\u00e1ticas<\/h3>\n<p data-start=\"1199\" data-end=\"1224\"><strong data-start=\"1199\" data-end=\"1222\">Hor\u00e1rios de partida:<\/strong><\/p>\n<ul data-start=\"1225\" data-end=\"1279\">\n<li data-start=\"1225\" data-end=\"1253\">\n<p data-start=\"1227\" data-end=\"1253\">Manh\u00e3: 08:00 a.m. a 4:00 p.m.<\/p>\n<\/li>\n<li data-start=\"1254\" data-end=\"1279\">\n<p data-start=\"1256\" data-end=\"1279\">Tarde: 13:00 \u00e0s 18:00 hs<\/p>\n<\/li>\n<\/ul>\n<p data-start=\"1281\" data-end=\"1304\"><strong data-start=\"1281\" data-end=\"1294\">Dura\u00e7\u00e3o:<\/strong> Meio dia<\/p>\n<p data-start=\"1306\" data-end=\"1480\"><strong data-start=\"1306\" data-end=\"1329\">Ponto de encontro:<\/strong> Coordenamos o ponto de partida mais conveniente, dependendo da localiza\u00e7\u00e3o da acomoda\u00e7\u00e3o (entre o centro de Bariloche e o km 8 da Avenida Bustillo ou Pioneros).<\/p>\n<p data-start=\"1482\" data-end=\"1555\"><strong data-start=\"1482\" data-end=\"1494\">Ele inclui:<\/strong> Transporte de ida e volta do aeroporto em ve\u00edculos tur\u00edsticos autorizados.<\/p>\n<p data-start=\"1557\" data-end=\"1651\"><strong data-start=\"1557\" data-end=\"1572\">N\u00e3o inclu\u00eddo:<\/strong> Refei\u00e7\u00f5es, passe de esqui, aluguel de equipamentos ou atividades.<\/p>\n<h3 data-start=\"1658\" data-end=\"1682\">Perguntas frequentes<\/h3>\n<p data-start=\"1684\" data-end=\"1832\"><strong data-start=\"1684\" data-end=\"1719\">Onde a reuni\u00e3o ser\u00e1 realizada?<\/strong><br data-start=\"1719\" data-end=\"1722\" \/>Designamos o ponto de encontro mais pr\u00f3ximo da acomoda\u00e7\u00e3o, com anteced\u00eancia e com boa organiza\u00e7\u00e3o para o grupo.<\/p>\n<p data-start=\"1834\" data-end=\"1966\"><strong data-start=\"1834\" data-end=\"1866\">Isso inclui o acesso ao Cerro?<\/strong><br data-start=\"1866\" data-end=\"1869\" \/>N\u00e3o, o servi\u00e7o cobre apenas o transporte. Os ingressos e as atividades s\u00e3o comprados no resort.<\/p>\n<p data-start=\"1968\" data-end=\"2090\"><strong data-start=\"1968\" data-end=\"2003\">\u00c9 adequado para todas as idades?<\/strong><br data-start=\"2003\" data-end=\"2006\" \/>Sim, \u00e9 ideal para grupos de familiares ou amigos, incluindo idosos ou crian\u00e7as.<\/p>\n<p data-start=\"2092\" data-end=\"2199\"><strong data-start=\"2092\" data-end=\"2132\">H\u00e1 assist\u00eancia dispon\u00edvel durante a transfer\u00eancia?<\/strong><br data-start=\"2132\" data-end=\"2135\" \/>Sim, oferecemos assist\u00eancia personalizada durante todo o servi\u00e7o.<\/p>\n<p>Aviso importante: Este passeio j\u00e1 est\u00e1 dispon\u00edvel para pr\u00e9-reserva. As sa\u00eddas operam de 15 de junho a 20 de agosto, sujeitas ao calend\u00e1rio sazonal.<\/p>","protected":false},"excerpt":{"rendered":"<p><strong>Um ref\u00fagio \u00fanico:<\/strong> Experimente um traslado de ida e volta do centro de Bariloche at\u00e9 o magn\u00edfico Cerro Catedral. Perfeito para aventureiros que buscam conforto e esplendor natural, com a op\u00e7\u00e3o de participar do Circuito Chico.<\/p>","protected":false},"featured_media":231537,"comment_status":"open","ping_status":"closed","template":"","meta":[],"product_brand":[],"product_cat":[38,32,53,40,49,36,37],"product_tag":[],"class_list":{"0":"post-230711","1":"product","2":"type-product","3":"status-publish","4":"has-post-thumbnail","6":"product_cat-adultos","7":"product_cat-familia","8":"product_cat-ninos","9":"product_cat-con-traslado","10":"product_cat-invierno","11":"product_cat-sin-comida","12":"product_cat-terrestre","14":"first","15":"instock","16":"virtual","17":"sold-individually","18":"purchasable","19":"product-type-booking"},"booking_location":"","booking_location_type":"","booking_duration":1,"booking_duration_unit":"hour","booking_buffer":0,"booking_cost":31200,"booking_resources":[],"exclude_global_add_ons":[],"addons":[],"yoast_head":"<!-- This site is optimized with the Yoast SEO Premium plugin v24.5 (Yoast SEO v24.8) - https:\/\/yoast.com\/wordpress\/plugins\/seo\/ -->\n<title>Traslado al Cerro Catedral \u2013 Servicio organizado para grupos y viajeros internacionales - Centro Reservas Bariloche Patagonia Argentina<\/title>\n<meta name=\"robots\" content=\"index, follow, max-snippet:-1, max-image-preview:large, max-video-preview:-1\" \/>\n<link rel=\"canonical\" href=\"https:\/\/centroreservasbariloche.com\/pt\/product\/traslado-para-a-colina-da-catedral\/\" \/>\n<meta property=\"og:locale\" content=\"pt_BR\" \/>\n<meta property=\"og:type\" content=\"article\" \/>\n<meta property=\"og:title\" content=\"Traslado al Cerro Catedral \u2013 Servicio organizado para grupos y viajeros internacionales\" \/>\n<meta property=\"og:description\" content=\"Escapada \u00fanica: Experiment\u00e1 un traslado de ida y vuelta del centro de Bariloche al magn\u00edfico Cerro Catedral. Perfecto para aventureros que buscan confort y esplendor natural, con la opci\u00f3n de sumarse al Circuito Chico.\" \/>\n<meta property=\"og:url\" content=\"https:\/\/centroreservasbariloche.com\/pt\/product\/traslado-para-a-colina-da-catedral\/\" \/>\n<meta property=\"og:site_name\" content=\"Centro Reservas Bariloche Patagonia Argentina\" \/>\n<meta property=\"article:publisher\" content=\"https:\/\/www.facebook.com\/centroreservasbariloche\" \/>\n<meta property=\"article:modified_time\" content=\"2026-04-10T01:03:55+00:00\" \/>\n<meta property=\"og:image\" content=\"https:\/\/buck.getjasper.digital\/2025\/04\/5-C-mbvcaption-scaled.jpg\" \/>\n\t<meta property=\"og:image:width\" content=\"1920\" \/>\n\t<meta property=\"og:image:height\" content=\"2560\" \/>\n\t<meta property=\"og:image:type\" content=\"image\/jpeg\" \/>\n<meta name=\"twitter:card\" content=\"summary_large_image\" \/>\n<meta name=\"twitter:label1\" content=\"Pre\u00e7o\" \/>\n\t<meta name=\"twitter:data1\" content=\"&#036;&nbsp;31.200,00\" \/>\n\t<meta name=\"twitter:label2\" content=\"Disponibilidade\" \/>\n\t<meta name=\"twitter:data2\" content=\"Em Estoque\" \/>\n<script type=\"application\/ld+json\" class=\"yoast-schema-graph\">{\"@context\":\"https:\/\/schema.org\",\"@graph\":[{\"@type\":[\"WebPage\",\"ItemPage\"],\"@id\":\"https:\/\/centroreservasbariloche.com\/product\/traslado-al-cerro-catedral\",\"url\":\"https:\/\/centroreservasbariloche.com\/product\/traslado-al-cerro-catedral\",\"name\":\"Traslado al Cerro Catedral \u2013 Servicio organizado para grupos y viajeros internacionales - Centro Reservas Bariloche Patagonia Argentina\",\"isPartOf\":{\"@id\":\"https:\/\/centroreservasbariloche.com\/#website\"},\"primaryImageOfPage\":{\"@id\":\"https:\/\/centroreservasbariloche.com\/product\/traslado-al-cerro-catedral#primaryimage\"},\"image\":{\"@id\":\"https:\/\/centroreservasbariloche.com\/product\/traslado-al-cerro-catedral#primaryimage\"},\"thumbnailUrl\":\"https:\/\/buck.getjasper.digital\/2025\/04\/5-C-mbvcaption-scaled.jpg\",\"datePublished\":\"2025-04-04T18:48:11+00:00\",\"dateModified\":\"2026-04-10T01:03:55+00:00\",\"breadcrumb\":{\"@id\":\"https:\/\/centroreservasbariloche.com\/product\/traslado-al-cerro-catedral#breadcrumb\"},\"inLanguage\":\"pt-BR\",\"potentialAction\":[{\"@type\":\"ReadAction\",\"target\":[\"https:\/\/centroreservasbariloche.com\/product\/traslado-al-cerro-catedral\"]}]},{\"@type\":\"ImageObject\",\"inLanguage\":\"pt-BR\",\"@id\":\"https:\/\/centroreservasbariloche.com\/product\/traslado-al-cerro-catedral#primaryimage\",\"url\":\"https:\/\/buck.getjasper.digital\/2025\/04\/5-C-mbvcaption-scaled.jpg\",\"contentUrl\":\"https:\/\/buck.getjasper.digital\/2025\/04\/5-C-mbvcaption-scaled.jpg\",\"width\":1920,\"height\":2560},{\"@type\":\"BreadcrumbList\",\"@id\":\"https:\/\/centroreservasbariloche.com\/product\/traslado-al-cerro-catedral#breadcrumb\",\"itemListElement\":[{\"@type\":\"ListItem\",\"position\":1,\"name\":\"Home\",\"item\":\"https:\/\/centroreservasbariloche.com\/\"},{\"@type\":\"ListItem\",\"position\":2,\"name\":\"Nuestras actividades\",\"item\":\"https:\/\/centroreservasbariloche.com\/shop\"},{\"@type\":\"ListItem\",\"position\":3,\"name\":\"Traslado al Cerro Catedral \u2013 Servicio organizado para grupos y viajeros internacionales\"}]},{\"@type\":\"WebSite\",\"@id\":\"https:\/\/centroreservasbariloche.com\/#website\",\"url\":\"https:\/\/centroreservasbariloche.com\/\",\"name\":\"Centro Reservas Bariloche Patagonia Argentina\",\"description\":\"Centro Reservas Bariloche Patagonia\",\"publisher\":{\"@id\":\"https:\/\/centroreservasbariloche.com\/#organization\"},\"alternateName\":\"tur centra bariloche\",\"potentialAction\":[{\"@type\":\"SearchAction\",\"target\":{\"@type\":\"EntryPoint\",\"urlTemplate\":\"https:\/\/centroreservasbariloche.com\/?s={search_term_string}\"},\"query-input\":{\"@type\":\"PropertyValueSpecification\",\"valueRequired\":true,\"valueName\":\"search_term_string\"}}],\"inLanguage\":\"pt-BR\"},{\"@type\":[\"Organization\",\"Place\",\"TravelAgency\"],\"@id\":\"https:\/\/centroreservasbariloche.com\/#organization\",\"name\":\"Centro Reservas Bariloche\",\"alternateName\":\"Centro de Reservas\",\"url\":\"https:\/\/centroreservasbariloche.com\/\",\"logo\":{\"@id\":\"https:\/\/centroreservasbariloche.com\/product\/traslado-al-cerro-catedral#local-main-organization-logo\"},\"image\":{\"@id\":\"https:\/\/centroreservasbariloche.com\/product\/traslado-al-cerro-catedral#local-main-organization-logo\"},\"sameAs\":[\"https:\/\/www.facebook.com\/centroreservasbariloche\"],\"description\":\"Estamos comprometidos en brindarles una experiencia inolvidable, llena de aventura, belleza natural y descubrimientos. No importa si es su primera visita a Bariloche o si ya ha tenido el placer de conocerla, estamos seguros de que encontrar\u00e1 en nuestras excursiones la oportunidad de crear recuerdos duraderos.\",\"legalName\":\"Centro Reservas Bariloche\",\"address\":{\"@id\":\"https:\/\/centroreservasbariloche.com\/product\/traslado-al-cerro-catedral#local-main-place-address\"},\"telephone\":[],\"openingHoursSpecification\":[{\"@type\":\"OpeningHoursSpecification\",\"dayOfWeek\":[\"Monday\",\"Tuesday\",\"Wednesday\",\"Thursday\",\"Friday\",\"Saturday\",\"Sunday\"],\"opens\":\"09:00\",\"closes\":\"17:00\"}],\"priceRange\":\"$$\"},{\"@type\":\"PostalAddress\",\"@id\":\"https:\/\/centroreservasbariloche.com\/product\/traslado-al-cerro-catedral#local-main-place-address\",\"streetAddress\":\"Mitre 131\",\"addressLocality\":\"San Carlos de Bariloche\",\"postalCode\":\"8400\",\"addressRegion\":\"R\u00edo Negro\",\"addressCountry\":\"AR\"},{\"@type\":\"ImageObject\",\"inLanguage\":\"pt-BR\",\"@id\":\"https:\/\/centroreservasbariloche.com\/product\/traslado-al-cerro-catedral#local-main-organization-logo\",\"url\":\"https:\/\/buck.getjasper.digital\/2025\/06\/centro-de-reservas-2-1.png\",\"contentUrl\":\"https:\/\/buck.getjasper.digital\/2025\/06\/centro-de-reservas-2-1.png\",\"width\":512,\"height\":512,\"caption\":\"Centro Reservas Bariloche\"}]}<\/script>\n<meta property=\"product:price:amount\" content=\"31200.00\" \/>\n<meta property=\"product:price:currency\" content=\"ARS\" \/>\n<meta property=\"og:availability\" content=\"instock\" \/>\n<meta property=\"product:availability\" content=\"instock\" \/>\n<meta property=\"product:retailer_item_id\" content=\"ADV2025TRALCESHGU\" \/>\n<meta property=\"product:condition\" content=\"new\" \/>\n<meta name=\"geo.placename\" content=\"San Carlos de Bariloche\" \/>\n<meta name=\"geo.region\" content=\"Argentina\" \/>\n<!-- \/ Yoast SEO Premium plugin. -->","yoast_head_json":{"title":"Traslado para o Cerro Catedral - Servi\u00e7o organizado para grupos e viajantes internacionais - Centro Reservas Bariloche Patag\u00f4nia Argentina","robots":{"index":"index","follow":"follow","max-snippet":"max-snippet:-1","max-image-preview":"max-image-preview:large","max-video-preview":"max-video-preview:-1"},"canonical":"https:\/\/centroreservasbariloche.com\/pt\/product\/traslado-para-a-colina-da-catedral\/","og_locale":"pt_BR","og_type":"article","og_title":"Traslado al Cerro Catedral \u2013 Servicio organizado para grupos y viajeros internacionales","og_description":"Escapada \u00fanica: Experiment\u00e1 un traslado de ida y vuelta del centro de Bariloche al magn\u00edfico Cerro Catedral. Perfecto para aventureros que buscan confort y esplendor natural, con la opci\u00f3n de sumarse al Circuito Chico.","og_url":"https:\/\/centroreservasbariloche.com\/pt\/product\/traslado-para-a-colina-da-catedral\/","og_site_name":"Centro Reservas Bariloche Patagonia Argentina","article_publisher":"https:\/\/www.facebook.com\/centroreservasbariloche","article_modified_time":"2026-04-10T01:03:55+00:00","og_image":[{"width":1920,"height":2560,"url":"https:\/\/buck.getjasper.digital\/2025\/04\/5-C-mbvcaption-scaled.jpg","type":"image\/jpeg"}],"twitter_card":"summary_large_image","twitter_misc":{"Pre\u00e7o":"&#36;&nbsp;31.200,00","Disponibilidade":"Em Estoque"},"schema":{"@context":"https:\/\/schema.org","@graph":[{"@type":["WebPage","ItemPage"],"@id":"https:\/\/centroreservasbariloche.com\/product\/traslado-al-cerro-catedral","url":"https:\/\/centroreservasbariloche.com\/product\/traslado-al-cerro-catedral","name":"Traslado para o Cerro Catedral - Servi\u00e7o organizado para grupos e viajantes internacionais - Centro Reservas Bariloche Patag\u00f4nia Argentina","isPartOf":{"@id":"https:\/\/centroreservasbariloche.com\/#website"},"primaryImageOfPage":{"@id":"https:\/\/centroreservasbariloche.com\/product\/traslado-al-cerro-catedral#primaryimage"},"image":{"@id":"https:\/\/centroreservasbariloche.com\/product\/traslado-al-cerro-catedral#primaryimage"},"thumbnailUrl":"https:\/\/buck.getjasper.digital\/2025\/04\/5-C-mbvcaption-scaled.jpg","datePublished":"2025-04-04T18:48:11+00:00","dateModified":"2026-04-10T01:03:55+00:00","breadcrumb":{"@id":"https:\/\/centroreservasbariloche.com\/product\/traslado-al-cerro-catedral#breadcrumb"},"inLanguage":"pt-BR","potentialAction":[{"@type":"ReadAction","target":["https:\/\/centroreservasbariloche.com\/product\/traslado-al-cerro-catedral"]}]},{"@type":"ImageObject","inLanguage":"pt-BR","@id":"https:\/\/centroreservasbariloche.com\/product\/traslado-al-cerro-catedral#primaryimage","url":"https:\/\/buck.getjasper.digital\/2025\/04\/5-C-mbvcaption-scaled.jpg","contentUrl":"https:\/\/buck.getjasper.digital\/2025\/04\/5-C-mbvcaption-scaled.jpg","width":1920,"height":2560},{"@type":"BreadcrumbList","@id":"https:\/\/centroreservasbariloche.com\/product\/traslado-al-cerro-catedral#breadcrumb","itemListElement":[{"@type":"ListItem","position":1,"name":"Home","item":"https:\/\/centroreservasbariloche.com\/"},{"@type":"ListItem","position":2,"name":"Nuestras actividades","item":"https:\/\/centroreservasbariloche.com\/shop"},{"@type":"ListItem","position":3,"name":"Traslado al Cerro Catedral \u2013 Servicio organizado para grupos y viajeros internacionales"}]},{"@type":"WebSite","@id":"https:\/\/centroreservasbariloche.com\/#website","url":"https:\/\/centroreservasbariloche.com\/","name":"Centro de Reservas de Bariloche Patag\u00f4nia Argentina","description":"Central de Reservas de Bariloche Patag\u00f4nia","publisher":{"@id":"https:\/\/centroreservasbariloche.com\/#organization"},"alternateName":"tur centra bariloche","potentialAction":[{"@type":"SearchAction","target":{"@type":"EntryPoint","urlTemplate":"https:\/\/centroreservasbariloche.com\/?s={search_term_string}"},"query-input":{"@type":"PropertyValueSpecification","valueRequired":true,"valueName":"search_term_string"}}],"inLanguage":"pt-BR"},{"@type":["Organization","Place","TravelAgency"],"@id":"https:\/\/centroreservasbariloche.com\/#organization","name":"Centro de Reservas de Bariloche","alternateName":"Centro de Reservas","url":"https:\/\/centroreservasbariloche.com\/","logo":{"@id":"https:\/\/centroreservasbariloche.com\/product\/traslado-al-cerro-catedral#local-main-organization-logo"},"image":{"@id":"https:\/\/centroreservasbariloche.com\/product\/traslado-al-cerro-catedral#local-main-organization-logo"},"sameAs":["https:\/\/www.facebook.com\/centroreservasbariloche"],"description":"Temos o compromisso de proporcionar a voc\u00ea uma experi\u00eancia inesquec\u00edvel, cheia de aventura, beleza natural e descobertas. Quer seja sua primeira visita a Bariloche ou se j\u00e1 teve o prazer de conhec\u00ea-la, temos certeza de que encontrar\u00e1 em nossas excurs\u00f5es a oportunidade de criar mem\u00f3rias duradouras.","legalName":"Centro Reservas Bariloche","address":{"@id":"https:\/\/centroreservasbariloche.com\/product\/traslado-al-cerro-catedral#local-main-place-address"},"telephone":[],"openingHoursSpecification":[{"@type":"OpeningHoursSpecification","dayOfWeek":["Monday","Tuesday","Wednesday","Thursday","Friday","Saturday","Sunday"],"opens":"09:00","closes":"17:00"}],"priceRange":"$$"},{"@type":"PostalAddress","@id":"https:\/\/centroreservasbariloche.com\/product\/traslado-al-cerro-catedral#local-main-place-address","streetAddress":"Mitre 131","addressLocality":"San Carlos de Bariloche","postalCode":"8400","addressRegion":"R\u00edo Negro","addressCountry":"AR"},{"@type":"ImageObject","inLanguage":"pt-BR","@id":"https:\/\/centroreservasbariloche.com\/product\/traslado-al-cerro-catedral#local-main-organization-logo","url":"https:\/\/buck.getjasper.digital\/2025\/06\/centro-de-reservas-2-1.png","contentUrl":"https:\/\/buck.getjasper.digital\/2025\/06\/centro-de-reservas-2-1.png","width":512,"height":512,"caption":"Centro Reservas Bariloche"}]},"product_price_amount":"31200.00","product_price_currency":"ARS","og_availability":"instock","product_availability":"instock","product_retailer_item_id":"ADV2025TRALCESHGU","product_condition":"new","geo.placename":"San Carlos de Bariloche","geo.region":"Argentina"},"_links":{"self":[{"href":"https:\/\/centroreservasbariloche.com\/pt\/wp-json\/wp\/v2\/product\/230711","targetHints":{"allow":["GET"]}}],"collection":[{"href":"https:\/\/centroreservasbariloche.com\/pt\/wp-json\/wp\/v2\/product"}],"about":[{"href":"https:\/\/centroreservasbariloche.com\/pt\/wp-json\/wp\/v2\/types\/product"}],"replies":[{"embeddable":true,"href":"https:\/\/centroreservasbariloche.com\/pt\/wp-json\/wp\/v2\/comments?post=230711"}],"wp:featuredmedia":[{"embeddable":true,"href":"https:\/\/centroreservasbariloche.com\/pt\/wp-json\/wp\/v2\/media\/231537"}],"wp:attachment":[{"href":"https:\/\/centroreservasbariloche.com\/pt\/wp-json\/wp\/v2\/media?parent=230711"}],"wp:term":[{"taxonomy":"product_brand","embeddable":true,"href":"https:\/\/centroreservasbariloche.com\/pt\/wp-json\/wp\/v2\/product_brand?post=230711"},{"taxonomy":"product_cat","embeddable":true,"href":"https:\/\/centroreservasbariloche.com\/pt\/wp-json\/wp\/v2\/product_cat?post=230711"},{"taxonomy":"product_tag","embeddable":true,"href":"https:\/\/centroreservasbariloche.com\/pt\/wp-json\/wp\/v2\/product_tag?post=230711"}],"curies":[{"name":"wp","href":"https:\/\/api.w.org\/{rel}","templated":true}]}}