{"id":230712,"date":"2025-04-04T15:48:35","date_gmt":"2025-04-04T18:48:35","guid":{"rendered":"https:\/\/centroreservasbariloche.com\/?post_type=product&#038;p=230712"},"modified":"2026-04-09T22:05:06","modified_gmt":"2026-04-10T01:05:06","slug":"alquiler-ropa-nieve-equipo-completo","status":"publish","type":"product","link":"https:\/\/centroreservasbariloche.com\/pt\/product\/aluguel-de-roupas-de-neve-equipamento-completo","title":{"rendered":"Aluguel de roupas para neve: tudo pronto para se divertir sem preocupa\u00e7\u00f5es"},"content":{"rendered":"<h3 data-start=\"403\" data-end=\"464\"><strong data-start=\"407\" data-end=\"464\">Roupas t\u00e9cnicas de qualidade para viver a neve ao m\u00e1ximo<\/strong><\/h3>\n<p data-start=\"466\" data-end=\"704\">Se voc\u00ea estiver viajando do exterior ou em grupo e n\u00e3o quiser carregar roupas pesadas, essa \u00e9 a op\u00e7\u00e3o ideal. Alugue roupas preparadas para o inverno patag\u00f4nico e garanta conforto, calor e praticidade durante suas atividades em Bariloche.<\/p>\n<h3 data-start=\"711\" data-end=\"801\"><strong data-start=\"715\" data-end=\"801\">Descri\u00e7\u00e3o principal: Equipe-se de forma simples e segura para seus dias na neve.<\/strong><\/h3>\n<p data-start=\"803\" data-end=\"1094\">O servi\u00e7o de aluguel de roupas t\u00e9cnicas do Centro de Reservas foi criado para facilitar sua experi\u00eancia em Bariloche. Especialmente \u00fatil para quem viaja de outros pa\u00edses ou com crian\u00e7as, ele permite que voc\u00ea tenha roupas adequadas para o frio sem ter que traz\u00ea-las de seu local de origem.<\/p>\n<p data-start=\"1096\" data-end=\"1338\">O servi\u00e7o est\u00e1 dispon\u00edvel todos os dias, das 8:00 \u00e0s 21:00 horas. Voc\u00ea pode retirar e devolver o equipamento em pontos estrat\u00e9gicos da cidade, o que facilita a log\u00edstica de excurs\u00f5es e atividades.<\/p>\n<p data-start=\"1340\" data-end=\"1595\">Oferecemos equipamentos completos, incluindo jaqueta, cal\u00e7a, botas e luvas, com a possibilidade de adicionar capacete e \u00f3culos de prote\u00e7\u00e3o. Todas as pe\u00e7as de vestu\u00e1rio s\u00e3o selecionadas por sua qualidade t\u00e9rmica e impermeabilidade, adaptadas \u00e0s condi\u00e7\u00f5es de Bariloche no inverno.<\/p>\n<p data-start=\"1597\" data-end=\"1695\">O servi\u00e7o n\u00e3o inclui a entrega na acomoda\u00e7\u00e3o nem seguro contra quebra, perda ou dano ao equipamento.<\/p>\n<h3 data-start=\"1702\" data-end=\"1730\"><strong data-start=\"1706\" data-end=\"1730\">Perguntas frequentes<\/strong><\/h3>\n<p data-start=\"1732\" data-end=\"1874\"><strong data-start=\"1732\" data-end=\"1770\">O que est\u00e1 inclu\u00eddo no servi\u00e7o?<\/strong><br data-start=\"1770\" data-end=\"1773\" \/>Jaqueta, cal\u00e7a, botas e luvas. Capacete e \u00f3culos de prote\u00e7\u00e3o est\u00e3o dispon\u00edveis como opcionais.<\/p>\n<p data-start=\"1991\" data-end=\"2149\"><strong data-start=\"1991\" data-end=\"2020\">Onde posso pegar minhas roupas?<\/strong><br data-start=\"2020\" data-end=\"2023\" \/>Em pontos centrais e acess\u00edveis de San Carlos de Bariloche. Ao confirmar a reserva, ser\u00e1 informado o local mais conveniente.<\/p>\n<p data-start=\"2151\" data-end=\"2270\"><strong data-start=\"2151\" data-end=\"2183\">O que n\u00e3o est\u00e1 inclu\u00eddo no aluguel?<\/strong><br data-start=\"2183\" data-end=\"2186\" \/>Nenhum seguro est\u00e1 inclu\u00eddo para quebra, perda ou dano, nem para transfer\u00eancia para hot\u00e9is ou resid\u00eancias.<\/p>\n<p>Aviso importante: Este passeio j\u00e1 est\u00e1 dispon\u00edvel para pr\u00e9-reserva. As sa\u00eddas operam de 1\u00ba de junho a 20 de agosto, sujeitas ao calend\u00e1rio sazonal.<\/p>","protected":false},"excerpt":{"rendered":"<p><strong>Aluguel de equipamentos para neve<\/strong> em San Carlos de Bariloche. Oferecemos roupas de primeira qualidade para aventuras seguras e confort\u00e1veis, com pontos de embarque e desembarque localizados no centro da cidade - prepare-se para a temporada de neve!<\/p>","protected":false},"featured_media":231596,"comment_status":"open","ping_status":"closed","template":"","meta":[],"product_brand":[],"product_cat":[38,32,53,46,49],"product_tag":[],"class_list":{"0":"post-230712","1":"product","2":"type-product","3":"status-publish","4":"has-post-thumbnail","6":"product_cat-adultos","7":"product_cat-familia","8":"product_cat-ninos","9":"product_cat-otros","10":"product_cat-invierno","12":"first","13":"instock","14":"virtual","15":"sold-individually","16":"purchasable","17":"product-type-booking"},"booking_location":"","booking_location_type":"","booking_duration":1,"booking_duration_unit":"day","booking_buffer":0,"booking_cost":36000,"booking_resources":[],"exclude_global_add_ons":[],"addons":[],"yoast_head":"<!-- This site is optimized with the Yoast SEO Premium plugin v24.5 (Yoast SEO v24.8) - https:\/\/yoast.com\/wordpress\/plugins\/seo\/ -->\n<title>Alquiler de ropa para nieve: todo listo para disfrutar sin preocupaciones - Centro Reservas Bariloche Patagonia Argentina<\/title>\n<meta name=\"description\" content=\"Alquiler de ropa de nieve en Bariloche para viajeros internacionales y grupos. Incluye equipo completo y opciones personalizadas. F\u00e1cil, seguro y bien ubicado.\" \/>\n<meta name=\"robots\" content=\"index, follow, max-snippet:-1, max-image-preview:large, max-video-preview:-1\" \/>\n<link rel=\"canonical\" href=\"https:\/\/centroreservasbariloche.com\/pt\/product\/aluguel-de-roupas-de-neve-equipamento-completo\/\" \/>\n<meta property=\"og:locale\" content=\"pt_BR\" \/>\n<meta property=\"og:type\" content=\"article\" \/>\n<meta property=\"og:title\" content=\"Alquiler de ropa para nieve: todo listo para disfrutar sin preocupaciones\" \/>\n<meta property=\"og:description\" content=\"Alquiler de ropa de nieve en Bariloche para viajeros internacionales y grupos. Incluye equipo completo y opciones personalizadas. F\u00e1cil, seguro y bien ubicado.\" \/>\n<meta property=\"og:url\" content=\"https:\/\/centroreservasbariloche.com\/pt\/product\/aluguel-de-roupas-de-neve-equipamento-completo\/\" \/>\n<meta property=\"og:site_name\" content=\"Centro Reservas Bariloche Patagonia Argentina\" \/>\n<meta property=\"article:publisher\" content=\"https:\/\/www.facebook.com\/centroreservasbariloche\" \/>\n<meta property=\"article:modified_time\" content=\"2026-04-10T01:05:06+00:00\" \/>\n<meta property=\"og:image\" content=\"https:\/\/buck.getjasper.digital\/2025\/04\/5-A-2018-invierno_43550838642_o-scaled.jpg\" \/>\n\t<meta property=\"og:image:width\" content=\"1920\" \/>\n\t<meta property=\"og:image:height\" content=\"2560\" \/>\n\t<meta property=\"og:image:type\" content=\"image\/jpeg\" \/>\n<meta name=\"twitter:card\" content=\"summary_large_image\" \/>\n<meta name=\"twitter:label1\" content=\"Pre\u00e7o\" \/>\n\t<meta name=\"twitter:data1\" content=\"&#036;&nbsp;36.000,00\" \/>\n\t<meta name=\"twitter:label2\" content=\"Disponibilidade\" \/>\n\t<meta name=\"twitter:data2\" content=\"Em Estoque\" \/>\n<script type=\"application\/ld+json\" class=\"yoast-schema-graph\">{\"@context\":\"https:\/\/schema.org\",\"@graph\":[{\"@type\":[\"WebPage\",\"ItemPage\"],\"@id\":\"https:\/\/centroreservasbariloche.com\/product\/alquiler-ropa-nieve-equipo-completo\",\"url\":\"https:\/\/centroreservasbariloche.com\/product\/alquiler-ropa-nieve-equipo-completo\",\"name\":\"Alquiler de ropa para nieve: todo listo para disfrutar sin preocupaciones - Centro Reservas Bariloche Patagonia Argentina\",\"isPartOf\":{\"@id\":\"https:\/\/centroreservasbariloche.com\/#website\"},\"primaryImageOfPage\":{\"@id\":\"https:\/\/centroreservasbariloche.com\/product\/alquiler-ropa-nieve-equipo-completo#primaryimage\"},\"image\":{\"@id\":\"https:\/\/centroreservasbariloche.com\/product\/alquiler-ropa-nieve-equipo-completo#primaryimage\"},\"thumbnailUrl\":\"https:\/\/buck.getjasper.digital\/2025\/04\/5-A-2018-invierno_43550838642_o-scaled.jpg\",\"datePublished\":\"2025-04-04T18:48:35+00:00\",\"dateModified\":\"2026-04-10T01:05:06+00:00\",\"description\":\"Alquiler de ropa de nieve en Bariloche para viajeros internacionales y grupos. Incluye equipo completo y opciones personalizadas. F\u00e1cil, seguro y bien ubicado.\",\"breadcrumb\":{\"@id\":\"https:\/\/centroreservasbariloche.com\/product\/alquiler-ropa-nieve-equipo-completo#breadcrumb\"},\"inLanguage\":\"pt-BR\",\"potentialAction\":[{\"@type\":\"ReadAction\",\"target\":[\"https:\/\/centroreservasbariloche.com\/product\/alquiler-ropa-nieve-equipo-completo\"]}]},{\"@type\":\"ImageObject\",\"inLanguage\":\"pt-BR\",\"@id\":\"https:\/\/centroreservasbariloche.com\/product\/alquiler-ropa-nieve-equipo-completo#primaryimage\",\"url\":\"https:\/\/buck.getjasper.digital\/2025\/04\/5-A-2018-invierno_43550838642_o-scaled.jpg\",\"contentUrl\":\"https:\/\/buck.getjasper.digital\/2025\/04\/5-A-2018-invierno_43550838642_o-scaled.jpg\",\"width\":1920,\"height\":2560},{\"@type\":\"BreadcrumbList\",\"@id\":\"https:\/\/centroreservasbariloche.com\/product\/alquiler-ropa-nieve-equipo-completo#breadcrumb\",\"itemListElement\":[{\"@type\":\"ListItem\",\"position\":1,\"name\":\"Home\",\"item\":\"https:\/\/centroreservasbariloche.com\/\"},{\"@type\":\"ListItem\",\"position\":2,\"name\":\"Nuestras actividades\",\"item\":\"https:\/\/centroreservasbariloche.com\/shop\"},{\"@type\":\"ListItem\",\"position\":3,\"name\":\"Alquiler de ropa para nieve: todo listo para disfrutar sin preocupaciones\"}]},{\"@type\":\"WebSite\",\"@id\":\"https:\/\/centroreservasbariloche.com\/#website\",\"url\":\"https:\/\/centroreservasbariloche.com\/\",\"name\":\"Centro Reservas Bariloche Patagonia Argentina\",\"description\":\"Centro Reservas Bariloche Patagonia\",\"publisher\":{\"@id\":\"https:\/\/centroreservasbariloche.com\/#organization\"},\"alternateName\":\"tur centra bariloche\",\"potentialAction\":[{\"@type\":\"SearchAction\",\"target\":{\"@type\":\"EntryPoint\",\"urlTemplate\":\"https:\/\/centroreservasbariloche.com\/?s={search_term_string}\"},\"query-input\":{\"@type\":\"PropertyValueSpecification\",\"valueRequired\":true,\"valueName\":\"search_term_string\"}}],\"inLanguage\":\"pt-BR\"},{\"@type\":[\"Organization\",\"Place\",\"TravelAgency\"],\"@id\":\"https:\/\/centroreservasbariloche.com\/#organization\",\"name\":\"Centro Reservas Bariloche\",\"alternateName\":\"Centro de Reservas\",\"url\":\"https:\/\/centroreservasbariloche.com\/\",\"logo\":{\"@id\":\"https:\/\/centroreservasbariloche.com\/product\/alquiler-ropa-nieve-equipo-completo#local-main-organization-logo\"},\"image\":{\"@id\":\"https:\/\/centroreservasbariloche.com\/product\/alquiler-ropa-nieve-equipo-completo#local-main-organization-logo\"},\"sameAs\":[\"https:\/\/www.facebook.com\/centroreservasbariloche\"],\"description\":\"Estamos comprometidos en brindarles una experiencia inolvidable, llena de aventura, belleza natural y descubrimientos. No importa si es su primera visita a Bariloche o si ya ha tenido el placer de conocerla, estamos seguros de que encontrar\u00e1 en nuestras excursiones la oportunidad de crear recuerdos duraderos.\",\"legalName\":\"Centro Reservas Bariloche\",\"address\":{\"@id\":\"https:\/\/centroreservasbariloche.com\/product\/alquiler-ropa-nieve-equipo-completo#local-main-place-address\"},\"telephone\":[],\"openingHoursSpecification\":[{\"@type\":\"OpeningHoursSpecification\",\"dayOfWeek\":[\"Monday\",\"Tuesday\",\"Wednesday\",\"Thursday\",\"Friday\",\"Saturday\",\"Sunday\"],\"opens\":\"09:00\",\"closes\":\"17:00\"}],\"priceRange\":\"$$\"},{\"@type\":\"PostalAddress\",\"@id\":\"https:\/\/centroreservasbariloche.com\/product\/alquiler-ropa-nieve-equipo-completo#local-main-place-address\",\"streetAddress\":\"Mitre 131\",\"addressLocality\":\"San Carlos de Bariloche\",\"postalCode\":\"8400\",\"addressRegion\":\"R\u00edo Negro\",\"addressCountry\":\"AR\"},{\"@type\":\"ImageObject\",\"inLanguage\":\"pt-BR\",\"@id\":\"https:\/\/centroreservasbariloche.com\/product\/alquiler-ropa-nieve-equipo-completo#local-main-organization-logo\",\"url\":\"https:\/\/buck.getjasper.digital\/2025\/06\/centro-de-reservas-2-1.png\",\"contentUrl\":\"https:\/\/buck.getjasper.digital\/2025\/06\/centro-de-reservas-2-1.png\",\"width\":512,\"height\":512,\"caption\":\"Centro Reservas Bariloche\"}]}<\/script>\n<meta property=\"product:price:amount\" content=\"36000.00\" \/>\n<meta property=\"product:price:currency\" content=\"ARS\" \/>\n<meta property=\"og:availability\" content=\"instock\" \/>\n<meta property=\"product:availability\" content=\"instock\" \/>\n<meta property=\"product:retailer_item_id\" content=\"ADV2025ALROPAZG1D\" \/>\n<meta property=\"product:condition\" content=\"new\" \/>\n<meta name=\"geo.placename\" content=\"San Carlos de Bariloche\" \/>\n<meta name=\"geo.region\" content=\"Argentina\" \/>\n<!-- \/ Yoast SEO Premium plugin. -->","yoast_head_json":{"title":"Aluguel de roupas de neve: tudo pronto para desfrutar sem preocupa\u00e7\u00f5es - Centro Reservas Bariloche Patagonia Argentina","description":"Aluguel de roupas de neve em Bariloche para viajantes internacionais e grupos. Inclui equipamento completo e op\u00e7\u00f5es personalizadas. F\u00e1cil, seguro e bem localizado.","robots":{"index":"index","follow":"follow","max-snippet":"max-snippet:-1","max-image-preview":"max-image-preview:large","max-video-preview":"max-video-preview:-1"},"canonical":"https:\/\/centroreservasbariloche.com\/pt\/product\/aluguel-de-roupas-de-neve-equipamento-completo\/","og_locale":"pt_BR","og_type":"article","og_title":"Alquiler de ropa para nieve: todo listo para disfrutar sin preocupaciones","og_description":"Alquiler de ropa de nieve en Bariloche para viajeros internacionales y grupos. Incluye equipo completo y opciones personalizadas. F\u00e1cil, seguro y bien ubicado.","og_url":"https:\/\/centroreservasbariloche.com\/pt\/product\/aluguel-de-roupas-de-neve-equipamento-completo\/","og_site_name":"Centro Reservas Bariloche Patagonia Argentina","article_publisher":"https:\/\/www.facebook.com\/centroreservasbariloche","article_modified_time":"2026-04-10T01:05:06+00:00","og_image":[{"width":1920,"height":2560,"url":"https:\/\/buck.getjasper.digital\/2025\/04\/5-A-2018-invierno_43550838642_o-scaled.jpg","type":"image\/jpeg"}],"twitter_card":"summary_large_image","twitter_misc":{"Pre\u00e7o":"&#36;&nbsp;36.000,00","Disponibilidade":"Em Estoque"},"schema":{"@context":"https:\/\/schema.org","@graph":[{"@type":["WebPage","ItemPage"],"@id":"https:\/\/centroreservasbariloche.com\/product\/alquiler-ropa-nieve-equipo-completo","url":"https:\/\/centroreservasbariloche.com\/product\/alquiler-ropa-nieve-equipo-completo","name":"Aluguel de roupas de neve: tudo pronto para desfrutar sem preocupa\u00e7\u00f5es - Centro Reservas Bariloche Patagonia Argentina","isPartOf":{"@id":"https:\/\/centroreservasbariloche.com\/#website"},"primaryImageOfPage":{"@id":"https:\/\/centroreservasbariloche.com\/product\/alquiler-ropa-nieve-equipo-completo#primaryimage"},"image":{"@id":"https:\/\/centroreservasbariloche.com\/product\/alquiler-ropa-nieve-equipo-completo#primaryimage"},"thumbnailUrl":"https:\/\/buck.getjasper.digital\/2025\/04\/5-A-2018-invierno_43550838642_o-scaled.jpg","datePublished":"2025-04-04T18:48:35+00:00","dateModified":"2026-04-10T01:05:06+00:00","description":"Aluguel de roupas de neve em Bariloche para viajantes internacionais e grupos. Inclui equipamento completo e op\u00e7\u00f5es personalizadas. F\u00e1cil, seguro e bem localizado.","breadcrumb":{"@id":"https:\/\/centroreservasbariloche.com\/product\/alquiler-ropa-nieve-equipo-completo#breadcrumb"},"inLanguage":"pt-BR","potentialAction":[{"@type":"ReadAction","target":["https:\/\/centroreservasbariloche.com\/product\/alquiler-ropa-nieve-equipo-completo"]}]},{"@type":"ImageObject","inLanguage":"pt-BR","@id":"https:\/\/centroreservasbariloche.com\/product\/alquiler-ropa-nieve-equipo-completo#primaryimage","url":"https:\/\/buck.getjasper.digital\/2025\/04\/5-A-2018-invierno_43550838642_o-scaled.jpg","contentUrl":"https:\/\/buck.getjasper.digital\/2025\/04\/5-A-2018-invierno_43550838642_o-scaled.jpg","width":1920,"height":2560},{"@type":"BreadcrumbList","@id":"https:\/\/centroreservasbariloche.com\/product\/alquiler-ropa-nieve-equipo-completo#breadcrumb","itemListElement":[{"@type":"ListItem","position":1,"name":"Home","item":"https:\/\/centroreservasbariloche.com\/"},{"@type":"ListItem","position":2,"name":"Nuestras actividades","item":"https:\/\/centroreservasbariloche.com\/shop"},{"@type":"ListItem","position":3,"name":"Alquiler de ropa para nieve: todo listo para disfrutar sin preocupaciones"}]},{"@type":"WebSite","@id":"https:\/\/centroreservasbariloche.com\/#website","url":"https:\/\/centroreservasbariloche.com\/","name":"Centro de Reservas de Bariloche Patag\u00f4nia Argentina","description":"Central de Reservas de Bariloche Patag\u00f4nia","publisher":{"@id":"https:\/\/centroreservasbariloche.com\/#organization"},"alternateName":"tur centra bariloche","potentialAction":[{"@type":"SearchAction","target":{"@type":"EntryPoint","urlTemplate":"https:\/\/centroreservasbariloche.com\/?s={search_term_string}"},"query-input":{"@type":"PropertyValueSpecification","valueRequired":true,"valueName":"search_term_string"}}],"inLanguage":"pt-BR"},{"@type":["Organization","Place","TravelAgency"],"@id":"https:\/\/centroreservasbariloche.com\/#organization","name":"Centro de Reservas de Bariloche","alternateName":"Centro de Reservas","url":"https:\/\/centroreservasbariloche.com\/","logo":{"@id":"https:\/\/centroreservasbariloche.com\/product\/alquiler-ropa-nieve-equipo-completo#local-main-organization-logo"},"image":{"@id":"https:\/\/centroreservasbariloche.com\/product\/alquiler-ropa-nieve-equipo-completo#local-main-organization-logo"},"sameAs":["https:\/\/www.facebook.com\/centroreservasbariloche"],"description":"Temos o compromisso de proporcionar a voc\u00ea uma experi\u00eancia inesquec\u00edvel, cheia de aventura, beleza natural e descobertas. Quer seja sua primeira visita a Bariloche ou se j\u00e1 teve o prazer de conhec\u00ea-la, temos certeza de que encontrar\u00e1 em nossas excurs\u00f5es a oportunidade de criar mem\u00f3rias duradouras.","legalName":"Centro Reservas Bariloche","address":{"@id":"https:\/\/centroreservasbariloche.com\/product\/alquiler-ropa-nieve-equipo-completo#local-main-place-address"},"telephone":[],"openingHoursSpecification":[{"@type":"OpeningHoursSpecification","dayOfWeek":["Monday","Tuesday","Wednesday","Thursday","Friday","Saturday","Sunday"],"opens":"09:00","closes":"17:00"}],"priceRange":"$$"},{"@type":"PostalAddress","@id":"https:\/\/centroreservasbariloche.com\/product\/alquiler-ropa-nieve-equipo-completo#local-main-place-address","streetAddress":"Mitre 131","addressLocality":"San Carlos de Bariloche","postalCode":"8400","addressRegion":"R\u00edo Negro","addressCountry":"AR"},{"@type":"ImageObject","inLanguage":"pt-BR","@id":"https:\/\/centroreservasbariloche.com\/product\/alquiler-ropa-nieve-equipo-completo#local-main-organization-logo","url":"https:\/\/buck.getjasper.digital\/2025\/06\/centro-de-reservas-2-1.png","contentUrl":"https:\/\/buck.getjasper.digital\/2025\/06\/centro-de-reservas-2-1.png","width":512,"height":512,"caption":"Centro Reservas Bariloche"}]},"product_price_amount":"36000.00","product_price_currency":"ARS","og_availability":"instock","product_availability":"instock","product_retailer_item_id":"ADV2025ALROPAZG1D","product_condition":"new","geo.placename":"San Carlos de Bariloche","geo.region":"Argentina"},"_links":{"self":[{"href":"https:\/\/centroreservasbariloche.com\/pt\/wp-json\/wp\/v2\/product\/230712","targetHints":{"allow":["GET"]}}],"collection":[{"href":"https:\/\/centroreservasbariloche.com\/pt\/wp-json\/wp\/v2\/product"}],"about":[{"href":"https:\/\/centroreservasbariloche.com\/pt\/wp-json\/wp\/v2\/types\/product"}],"replies":[{"embeddable":true,"href":"https:\/\/centroreservasbariloche.com\/pt\/wp-json\/wp\/v2\/comments?post=230712"}],"wp:featuredmedia":[{"embeddable":true,"href":"https:\/\/centroreservasbariloche.com\/pt\/wp-json\/wp\/v2\/media\/231596"}],"wp:attachment":[{"href":"https:\/\/centroreservasbariloche.com\/pt\/wp-json\/wp\/v2\/media?parent=230712"}],"wp:term":[{"taxonomy":"product_brand","embeddable":true,"href":"https:\/\/centroreservasbariloche.com\/pt\/wp-json\/wp\/v2\/product_brand?post=230712"},{"taxonomy":"product_cat","embeddable":true,"href":"https:\/\/centroreservasbariloche.com\/pt\/wp-json\/wp\/v2\/product_cat?post=230712"},{"taxonomy":"product_tag","embeddable":true,"href":"https:\/\/centroreservasbariloche.com\/pt\/wp-json\/wp\/v2\/product_tag?post=230712"}],"curies":[{"name":"wp","href":"https:\/\/api.w.org\/{rel}","templated":true}]}}