{"id":230713,"date":"2025-04-04T15:48:48","date_gmt":"2025-04-04T18:48:48","guid":{"rendered":"https:\/\/centroreservasbariloche.com\/?post_type=product&#038;p=230713"},"modified":"2026-04-09T22:06:33","modified_gmt":"2026-04-10T01:06:33","slug":"winter-park-ski-principiantes","status":"publish","type":"product","link":"https:\/\/centroreservasbariloche.com\/pt\/product\/iniciantes-em-esqui-em-winter-park","title":{"rendered":"Winter Park - Iniciantes no esqui"},"content":{"rendered":"<h2>Venha e aproveite o inverno em Winter Park<\/h2>\n<p>N\u00f3s o convidamos a descobrir uma proposta \u00fanica no cora\u00e7\u00e3o do Cerro Otto, em Bariloche. O Winter Park lhe oferece a oportunidade perfeita para se iniciar no esqui, rodeado por um ambiente natural, seguro e exclusivo, especialmente projetado para fam\u00edlias e para aqueles que est\u00e3o dando seus primeiros passos nesse esporte.<\/p>\n<h3>Informa\u00e7\u00f5es sobre a atividade<\/h3>\n<ul>\n<li><strong>In\u00edcio da aventura:<\/strong> Do centro de Bariloche.<\/li>\n<li><strong>Acesso \u00e0 pista:<\/strong> Inclui passe para o telef\u00e9rico panor\u00e2mico.<\/li>\n<li><strong>Hor\u00e1rios dispon\u00edveis:<\/strong> Sa\u00eddas di\u00e1rias \u00e0s 9:30, 12:00 e 14:00.<\/li>\n<li><strong>Ele inclui:<\/strong> O equipamento completo de esqui carving garante uma experi\u00eancia confort\u00e1vel.<\/li>\n<li><strong>Adicional:<\/strong> Aulas em grupo podem ser organizadas para iniciantes, garantindo um aprendizado eficaz e seguro.<\/li>\n<li><strong>Modo de caminhada:<\/strong> Voc\u00ea pode escolher entre um dia inteiro ou meio dia.<\/li>\n<li><strong>Idade m\u00ednima:<\/strong> A atividade \u00e9 adequada para crian\u00e7as a partir de 5 anos de idade. Tamb\u00e9m damos as boas-vindas \u00e0queles que desejam participar e apreciar a paisagem.<\/li>\n<\/ul>\n<h3>Extras e considera\u00e7\u00f5es<\/h3>\n<ul>\n<li><strong>O que ele inclui:<\/strong> Equipamento de esqui, acesso ao telef\u00e9rico e aulas em grupo opcionais.<\/li>\n<li><strong>O que n\u00e3o inclui:<\/strong> Roupas e alimentos para neve, portanto, \u00e9 aconselh\u00e1vel fornecer esses itens para seu conforto.<\/li>\n<\/ul>\n<h3>Perguntas frequentes (FAQ)<\/h3>\n<ul>\n<li><strong>Quais s\u00e3o os hor\u00e1rios de partida?<\/strong>Os passeios saem \u00e0s 9h30, 12h e 14h, partindo do centro de Bariloche.<\/li>\n<li><strong>Qual \u00e9 a idade m\u00ednima recomendada para essa experi\u00eancia?<\/strong>\u00c9 recomendado para maiores de 5 anos, mas acompanhantes que queiram apenas apreciar o ambiente tamb\u00e9m s\u00e3o bem-vindos.<\/li>\n<li><strong>Existe a possibilidade de fazer aulas de esqui?<\/strong>As aulas em grupo s\u00e3o opcionais e se destinam a iniciantes que desejam aprender de forma segura e estruturada.<\/li>\n<li><strong>O que devo preparar para o dia da excurs\u00e3o?<\/strong>\u00c9 recomend\u00e1vel levar roupas apropriadas para a neve e alimentos, j\u00e1 que esses itens n\u00e3o est\u00e3o inclu\u00eddos no pre\u00e7o do pacote.\n<p>Aviso importante: Este passeio j\u00e1 est\u00e1 dispon\u00edvel para pr\u00e9-reserva. As sa\u00eddas operam de 15 de junho a 20 de agosto, sujeitas ao calend\u00e1rio sazonal.<\/li>\n<\/ul>","protected":false},"excerpt":{"rendered":"<p>Entre na exclusividade do Winter Park em Cerro Otto, onde aprender a esquiar se torna uma experi\u00eancia natural e familiar. Possui equipamento completo e a op\u00e7\u00e3o de aulas em grupo em um ambiente seguro e agrad\u00e1vel.<\/p>","protected":false},"featured_media":231532,"comment_status":"open","ping_status":"closed","template":"","meta":[],"product_brand":[],"product_cat":[38,39,32,53,40,49,36,37],"product_tag":[],"class_list":{"0":"post-230713","1":"product","2":"type-product","3":"status-publish","4":"has-post-thumbnail","6":"product_cat-adultos","7":"product_cat-aventura","8":"product_cat-familia","9":"product_cat-ninos","10":"product_cat-con-traslado","11":"product_cat-invierno","12":"product_cat-sin-comida","13":"product_cat-terrestre","15":"first","16":"instock","17":"virtual","18":"sold-individually","19":"purchasable","20":"product-type-booking"},"booking_location":"","booking_location_type":"","booking_duration":1,"booking_duration_unit":"hour","booking_buffer":0,"booking_cost":271200,"booking_resources":[],"exclude_global_add_ons":[],"addons":[],"yoast_head":"<!-- This site is optimized with the Yoast SEO Premium plugin v24.5 (Yoast SEO v24.8) - https:\/\/yoast.com\/wordpress\/plugins\/seo\/ -->\n<title>Winter Park - Ski principiantes - Centro Reservas Bariloche Patagonia Argentina<\/title>\n<meta name=\"robots\" content=\"index, follow, max-snippet:-1, max-image-preview:large, max-video-preview:-1\" \/>\n<link rel=\"canonical\" href=\"https:\/\/centroreservasbariloche.com\/pt\/product\/iniciantes-em-esqui-em-winter-park\/\" \/>\n<meta property=\"og:locale\" content=\"pt_BR\" \/>\n<meta property=\"og:type\" content=\"article\" \/>\n<meta property=\"og:title\" content=\"Winter Park - Ski principiantes\" \/>\n<meta property=\"og:description\" content=\"Adentr\u00e1te en la exclusividad de Winter Park en cerro Otto, donde aprender a esquiar se convierte en una experiencia natural y familiar. Cont\u00e1 con equipamiento completo y la opci\u00f3n de clases grupales en un entorno seguro y ameno.\" \/>\n<meta property=\"og:url\" content=\"https:\/\/centroreservasbariloche.com\/pt\/product\/iniciantes-em-esqui-em-winter-park\/\" \/>\n<meta property=\"og:site_name\" content=\"Centro Reservas Bariloche Patagonia Argentina\" \/>\n<meta property=\"article:publisher\" content=\"https:\/\/www.facebook.com\/centroreservasbariloche\" \/>\n<meta property=\"article:modified_time\" content=\"2026-04-10T01:06:33+00:00\" \/>\n<meta property=\"og:image\" content=\"https:\/\/buck.getjasper.digital\/2025\/04\/5-B-A-thumb_13221_cactus_product_tours_by_locals_large-copia-scaled.jpg\" \/>\n\t<meta property=\"og:image:width\" content=\"1920\" \/>\n\t<meta property=\"og:image:height\" content=\"2560\" \/>\n\t<meta property=\"og:image:type\" content=\"image\/jpeg\" \/>\n<meta name=\"twitter:card\" content=\"summary_large_image\" \/>\n<meta name=\"twitter:label1\" content=\"Pre\u00e7o\" \/>\n\t<meta name=\"twitter:data1\" content=\"&#036;&nbsp;271.200,00\" \/>\n\t<meta name=\"twitter:label2\" content=\"Disponibilidade\" \/>\n\t<meta name=\"twitter:data2\" content=\"Em Estoque\" \/>\n<script type=\"application\/ld+json\" class=\"yoast-schema-graph\">{\"@context\":\"https:\/\/schema.org\",\"@graph\":[{\"@type\":[\"WebPage\",\"ItemPage\"],\"@id\":\"https:\/\/centroreservasbariloche.com\/product\/winter-park-ski-principiantes\",\"url\":\"https:\/\/centroreservasbariloche.com\/product\/winter-park-ski-principiantes\",\"name\":\"Winter Park - Ski principiantes - Centro Reservas Bariloche Patagonia Argentina\",\"isPartOf\":{\"@id\":\"https:\/\/centroreservasbariloche.com\/#website\"},\"primaryImageOfPage\":{\"@id\":\"https:\/\/centroreservasbariloche.com\/product\/winter-park-ski-principiantes#primaryimage\"},\"image\":{\"@id\":\"https:\/\/centroreservasbariloche.com\/product\/winter-park-ski-principiantes#primaryimage\"},\"thumbnailUrl\":\"https:\/\/buck.getjasper.digital\/2025\/04\/5-B-A-thumb_13221_cactus_product_tours_by_locals_large-copia-scaled.jpg\",\"datePublished\":\"2025-04-04T18:48:48+00:00\",\"dateModified\":\"2026-04-10T01:06:33+00:00\",\"breadcrumb\":{\"@id\":\"https:\/\/centroreservasbariloche.com\/product\/winter-park-ski-principiantes#breadcrumb\"},\"inLanguage\":\"pt-BR\",\"potentialAction\":[{\"@type\":\"ReadAction\",\"target\":[\"https:\/\/centroreservasbariloche.com\/product\/winter-park-ski-principiantes\"]}]},{\"@type\":\"ImageObject\",\"inLanguage\":\"pt-BR\",\"@id\":\"https:\/\/centroreservasbariloche.com\/product\/winter-park-ski-principiantes#primaryimage\",\"url\":\"https:\/\/buck.getjasper.digital\/2025\/04\/5-B-A-thumb_13221_cactus_product_tours_by_locals_large-copia-scaled.jpg\",\"contentUrl\":\"https:\/\/buck.getjasper.digital\/2025\/04\/5-B-A-thumb_13221_cactus_product_tours_by_locals_large-copia-scaled.jpg\",\"width\":1920,\"height\":2560},{\"@type\":\"BreadcrumbList\",\"@id\":\"https:\/\/centroreservasbariloche.com\/product\/winter-park-ski-principiantes#breadcrumb\",\"itemListElement\":[{\"@type\":\"ListItem\",\"position\":1,\"name\":\"Home\",\"item\":\"https:\/\/centroreservasbariloche.com\/\"},{\"@type\":\"ListItem\",\"position\":2,\"name\":\"Nuestras actividades\",\"item\":\"https:\/\/centroreservasbariloche.com\/shop\"},{\"@type\":\"ListItem\",\"position\":3,\"name\":\"Winter Park &#8211; Ski principiantes\"}]},{\"@type\":\"WebSite\",\"@id\":\"https:\/\/centroreservasbariloche.com\/#website\",\"url\":\"https:\/\/centroreservasbariloche.com\/\",\"name\":\"Centro Reservas Bariloche Patagonia Argentina\",\"description\":\"Centro Reservas Bariloche Patagonia\",\"publisher\":{\"@id\":\"https:\/\/centroreservasbariloche.com\/#organization\"},\"alternateName\":\"tur centra bariloche\",\"potentialAction\":[{\"@type\":\"SearchAction\",\"target\":{\"@type\":\"EntryPoint\",\"urlTemplate\":\"https:\/\/centroreservasbariloche.com\/?s={search_term_string}\"},\"query-input\":{\"@type\":\"PropertyValueSpecification\",\"valueRequired\":true,\"valueName\":\"search_term_string\"}}],\"inLanguage\":\"pt-BR\"},{\"@type\":[\"Organization\",\"Place\",\"TravelAgency\"],\"@id\":\"https:\/\/centroreservasbariloche.com\/#organization\",\"name\":\"Centro Reservas Bariloche\",\"alternateName\":\"Centro de Reservas\",\"url\":\"https:\/\/centroreservasbariloche.com\/\",\"logo\":{\"@id\":\"https:\/\/centroreservasbariloche.com\/product\/winter-park-ski-principiantes#local-main-organization-logo\"},\"image\":{\"@id\":\"https:\/\/centroreservasbariloche.com\/product\/winter-park-ski-principiantes#local-main-organization-logo\"},\"sameAs\":[\"https:\/\/www.facebook.com\/centroreservasbariloche\"],\"description\":\"Estamos comprometidos en brindarles una experiencia inolvidable, llena de aventura, belleza natural y descubrimientos. No importa si es su primera visita a Bariloche o si ya ha tenido el placer de conocerla, estamos seguros de que encontrar\u00e1 en nuestras excursiones la oportunidad de crear recuerdos duraderos.\",\"legalName\":\"Centro Reservas Bariloche\",\"address\":{\"@id\":\"https:\/\/centroreservasbariloche.com\/product\/winter-park-ski-principiantes#local-main-place-address\"},\"telephone\":[],\"openingHoursSpecification\":[{\"@type\":\"OpeningHoursSpecification\",\"dayOfWeek\":[\"Monday\",\"Tuesday\",\"Wednesday\",\"Thursday\",\"Friday\",\"Saturday\",\"Sunday\"],\"opens\":\"09:00\",\"closes\":\"17:00\"}],\"priceRange\":\"$$\"},{\"@type\":\"PostalAddress\",\"@id\":\"https:\/\/centroreservasbariloche.com\/product\/winter-park-ski-principiantes#local-main-place-address\",\"streetAddress\":\"Mitre 131\",\"addressLocality\":\"San Carlos de Bariloche\",\"postalCode\":\"8400\",\"addressRegion\":\"R\u00edo Negro\",\"addressCountry\":\"AR\"},{\"@type\":\"ImageObject\",\"inLanguage\":\"pt-BR\",\"@id\":\"https:\/\/centroreservasbariloche.com\/product\/winter-park-ski-principiantes#local-main-organization-logo\",\"url\":\"https:\/\/buck.getjasper.digital\/2025\/06\/centro-de-reservas-2-1.png\",\"contentUrl\":\"https:\/\/buck.getjasper.digital\/2025\/06\/centro-de-reservas-2-1.png\",\"width\":512,\"height\":512,\"caption\":\"Centro Reservas Bariloche\"}]}<\/script>\n<meta property=\"product:price:amount\" content=\"271200.00\" \/>\n<meta property=\"product:price:currency\" content=\"ARS\" \/>\n<meta property=\"og:availability\" content=\"instock\" \/>\n<meta property=\"product:availability\" content=\"instock\" \/>\n<meta property=\"product:retailer_item_id\" content=\"ADV2025WIPAS782G\" \/>\n<meta property=\"product:condition\" content=\"new\" \/>\n<meta name=\"geo.placename\" content=\"San Carlos de Bariloche\" \/>\n<meta name=\"geo.region\" content=\"Argentina\" \/>\n<!-- \/ Yoast SEO Premium plugin. -->","yoast_head_json":{"title":"Winter Park - Iniciantes no esqui - Centro Reservas Bariloche Patag\u00f4nia Argentina","robots":{"index":"index","follow":"follow","max-snippet":"max-snippet:-1","max-image-preview":"max-image-preview:large","max-video-preview":"max-video-preview:-1"},"canonical":"https:\/\/centroreservasbariloche.com\/pt\/product\/iniciantes-em-esqui-em-winter-park\/","og_locale":"pt_BR","og_type":"article","og_title":"Winter Park - Ski principiantes","og_description":"Adentr\u00e1te en la exclusividad de Winter Park en cerro Otto, donde aprender a esquiar se convierte en una experiencia natural y familiar. Cont\u00e1 con equipamiento completo y la opci\u00f3n de clases grupales en un entorno seguro y ameno.","og_url":"https:\/\/centroreservasbariloche.com\/pt\/product\/iniciantes-em-esqui-em-winter-park\/","og_site_name":"Centro Reservas Bariloche Patagonia Argentina","article_publisher":"https:\/\/www.facebook.com\/centroreservasbariloche","article_modified_time":"2026-04-10T01:06:33+00:00","og_image":[{"width":1920,"height":2560,"url":"https:\/\/buck.getjasper.digital\/2025\/04\/5-B-A-thumb_13221_cactus_product_tours_by_locals_large-copia-scaled.jpg","type":"image\/jpeg"}],"twitter_card":"summary_large_image","twitter_misc":{"Pre\u00e7o":"&#36;&nbsp;271.200,00","Disponibilidade":"Em Estoque"},"schema":{"@context":"https:\/\/schema.org","@graph":[{"@type":["WebPage","ItemPage"],"@id":"https:\/\/centroreservasbariloche.com\/product\/winter-park-ski-principiantes","url":"https:\/\/centroreservasbariloche.com\/product\/winter-park-ski-principiantes","name":"Winter Park - Iniciantes no esqui - Centro Reservas Bariloche Patag\u00f4nia Argentina","isPartOf":{"@id":"https:\/\/centroreservasbariloche.com\/#website"},"primaryImageOfPage":{"@id":"https:\/\/centroreservasbariloche.com\/product\/winter-park-ski-principiantes#primaryimage"},"image":{"@id":"https:\/\/centroreservasbariloche.com\/product\/winter-park-ski-principiantes#primaryimage"},"thumbnailUrl":"https:\/\/buck.getjasper.digital\/2025\/04\/5-B-A-thumb_13221_cactus_product_tours_by_locals_large-copia-scaled.jpg","datePublished":"2025-04-04T18:48:48+00:00","dateModified":"2026-04-10T01:06:33+00:00","breadcrumb":{"@id":"https:\/\/centroreservasbariloche.com\/product\/winter-park-ski-principiantes#breadcrumb"},"inLanguage":"pt-BR","potentialAction":[{"@type":"ReadAction","target":["https:\/\/centroreservasbariloche.com\/product\/winter-park-ski-principiantes"]}]},{"@type":"ImageObject","inLanguage":"pt-BR","@id":"https:\/\/centroreservasbariloche.com\/product\/winter-park-ski-principiantes#primaryimage","url":"https:\/\/buck.getjasper.digital\/2025\/04\/5-B-A-thumb_13221_cactus_product_tours_by_locals_large-copia-scaled.jpg","contentUrl":"https:\/\/buck.getjasper.digital\/2025\/04\/5-B-A-thumb_13221_cactus_product_tours_by_locals_large-copia-scaled.jpg","width":1920,"height":2560},{"@type":"BreadcrumbList","@id":"https:\/\/centroreservasbariloche.com\/product\/winter-park-ski-principiantes#breadcrumb","itemListElement":[{"@type":"ListItem","position":1,"name":"Home","item":"https:\/\/centroreservasbariloche.com\/"},{"@type":"ListItem","position":2,"name":"Nuestras actividades","item":"https:\/\/centroreservasbariloche.com\/shop"},{"@type":"ListItem","position":3,"name":"Winter Park &#8211; Ski principiantes"}]},{"@type":"WebSite","@id":"https:\/\/centroreservasbariloche.com\/#website","url":"https:\/\/centroreservasbariloche.com\/","name":"Centro de Reservas de Bariloche Patag\u00f4nia Argentina","description":"Central de Reservas de Bariloche Patag\u00f4nia","publisher":{"@id":"https:\/\/centroreservasbariloche.com\/#organization"},"alternateName":"tur centra bariloche","potentialAction":[{"@type":"SearchAction","target":{"@type":"EntryPoint","urlTemplate":"https:\/\/centroreservasbariloche.com\/?s={search_term_string}"},"query-input":{"@type":"PropertyValueSpecification","valueRequired":true,"valueName":"search_term_string"}}],"inLanguage":"pt-BR"},{"@type":["Organization","Place","TravelAgency"],"@id":"https:\/\/centroreservasbariloche.com\/#organization","name":"Centro de Reservas de Bariloche","alternateName":"Centro de Reservas","url":"https:\/\/centroreservasbariloche.com\/","logo":{"@id":"https:\/\/centroreservasbariloche.com\/product\/winter-park-ski-principiantes#local-main-organization-logo"},"image":{"@id":"https:\/\/centroreservasbariloche.com\/product\/winter-park-ski-principiantes#local-main-organization-logo"},"sameAs":["https:\/\/www.facebook.com\/centroreservasbariloche"],"description":"Temos o compromisso de proporcionar a voc\u00ea uma experi\u00eancia inesquec\u00edvel, cheia de aventura, beleza natural e descobertas. Quer seja sua primeira visita a Bariloche ou se j\u00e1 teve o prazer de conhec\u00ea-la, temos certeza de que encontrar\u00e1 em nossas excurs\u00f5es a oportunidade de criar mem\u00f3rias duradouras.","legalName":"Centro Reservas Bariloche","address":{"@id":"https:\/\/centroreservasbariloche.com\/product\/winter-park-ski-principiantes#local-main-place-address"},"telephone":[],"openingHoursSpecification":[{"@type":"OpeningHoursSpecification","dayOfWeek":["Monday","Tuesday","Wednesday","Thursday","Friday","Saturday","Sunday"],"opens":"09:00","closes":"17:00"}],"priceRange":"$$"},{"@type":"PostalAddress","@id":"https:\/\/centroreservasbariloche.com\/product\/winter-park-ski-principiantes#local-main-place-address","streetAddress":"Mitre 131","addressLocality":"San Carlos de Bariloche","postalCode":"8400","addressRegion":"R\u00edo Negro","addressCountry":"AR"},{"@type":"ImageObject","inLanguage":"pt-BR","@id":"https:\/\/centroreservasbariloche.com\/product\/winter-park-ski-principiantes#local-main-organization-logo","url":"https:\/\/buck.getjasper.digital\/2025\/06\/centro-de-reservas-2-1.png","contentUrl":"https:\/\/buck.getjasper.digital\/2025\/06\/centro-de-reservas-2-1.png","width":512,"height":512,"caption":"Centro Reservas Bariloche"}]},"product_price_amount":"271200.00","product_price_currency":"ARS","og_availability":"instock","product_availability":"instock","product_retailer_item_id":"ADV2025WIPAS782G","product_condition":"new","geo.placename":"San Carlos de Bariloche","geo.region":"Argentina"},"_links":{"self":[{"href":"https:\/\/centroreservasbariloche.com\/pt\/wp-json\/wp\/v2\/product\/230713","targetHints":{"allow":["GET"]}}],"collection":[{"href":"https:\/\/centroreservasbariloche.com\/pt\/wp-json\/wp\/v2\/product"}],"about":[{"href":"https:\/\/centroreservasbariloche.com\/pt\/wp-json\/wp\/v2\/types\/product"}],"replies":[{"embeddable":true,"href":"https:\/\/centroreservasbariloche.com\/pt\/wp-json\/wp\/v2\/comments?post=230713"}],"wp:featuredmedia":[{"embeddable":true,"href":"https:\/\/centroreservasbariloche.com\/pt\/wp-json\/wp\/v2\/media\/231532"}],"wp:attachment":[{"href":"https:\/\/centroreservasbariloche.com\/pt\/wp-json\/wp\/v2\/media?parent=230713"}],"wp:term":[{"taxonomy":"product_brand","embeddable":true,"href":"https:\/\/centroreservasbariloche.com\/pt\/wp-json\/wp\/v2\/product_brand?post=230713"},{"taxonomy":"product_cat","embeddable":true,"href":"https:\/\/centroreservasbariloche.com\/pt\/wp-json\/wp\/v2\/product_cat?post=230713"},{"taxonomy":"product_tag","embeddable":true,"href":"https:\/\/centroreservasbariloche.com\/pt\/wp-json\/wp\/v2\/product_tag?post=230713"}],"curies":[{"name":"wp","href":"https:\/\/api.w.org\/{rel}","templated":true}]}}