{"id":230714,"date":"2025-04-04T15:49:01","date_gmt":"2025-04-04T18:49:01","guid":{"rendered":"https:\/\/centroreservasbariloche.com\/?post_type=product&#038;p=230714"},"modified":"2026-04-09T22:08:57","modified_gmt":"2026-04-10T01:08:57","slug":"extremo-encantado","status":"publish","type":"product","link":"https:\/\/centroreservasbariloche.com\/pt\/product\/fim-encantado","title":{"rendered":"Enchanted Snow: Aventura patag\u00f4nica com tren\u00f3s, raquetes de neve e sabores regionais"},"content":{"rendered":"<h3 data-start=\"441\" data-end=\"559\"><strong data-start=\"445\" data-end=\"559\">Uma experi\u00eancia de inverno projetada para grupos que buscam natureza, divers\u00e3o e cultura local em Bariloche.<\/strong><\/h3>\n<p data-start=\"561\" data-end=\"894\">Neve Encantada \u00e9 uma atividade de meio dia que lhe permite desfrutar da neve em todos os seus aspectos: aventura, paisagens, gastronomia e momentos \u00fanicos. Ideal para viajantes da Am\u00e9rica Latina que visitam Bariloche no inverno, esta excurs\u00e3o combina log\u00edstica organizada, aten\u00e7\u00e3o personalizada e um ambiente natural que deixa sua marca.<\/p>\n<p data-start=\"896\" data-end=\"994\">Dispon\u00edvel todos os dias entre <strong data-start=\"931\" data-end=\"964\">15 de junho e 20 de agosto<\/strong>, com op\u00e7\u00e3o de dois hor\u00e1rios.<\/p>\n<h3 data-start=\"1001\" data-end=\"1025\">Destaques do itiner\u00e1rio<\/h3>\n<p data-start=\"1027\" data-end=\"1185\"><strong data-start=\"1027\" data-end=\"1055\">Escalada em ve\u00edculos 4\u00d74:<\/strong> Come\u00e7aremos a caminhada nos pontos de encontro pr\u00f3ximos \u00e0 sua acomoda\u00e7\u00e3o, subindo pelas trilhas da montanha at\u00e9 o ref\u00fagio.<\/p>\n<p data-start=\"1187\" data-end=\"1217\"><strong data-start=\"1187\" data-end=\"1215\">Atividades na neve:<\/strong><\/p>\n<ul data-start=\"1218\" data-end=\"1373\">\n<li data-start=\"1218\" data-end=\"1282\">\n<p data-start=\"1220\" data-end=\"1282\">Downhill com culipatinas em pistas especialmente preparadas.<\/p>\n<\/li>\n<li data-start=\"1283\" data-end=\"1373\">\n<p data-start=\"1285\" data-end=\"1373\">Caminhada na neve guiada por especialistas, com vistas \u00fanicas da floresta andina.<\/p>\n<\/li>\n<\/ul>\n<p data-start=\"1375\" data-end=\"1507\"><strong data-start=\"1375\" data-end=\"1400\">Gastronomia regional:<\/strong> No ref\u00fagio, um almo\u00e7o ou lanche t\u00edpico \u00e9 servido em um ambiente acolhedor acompanhado de m\u00fasica ao vivo.<\/p>\n<h3 data-start=\"1514\" data-end=\"1536\">Turnos dispon\u00edveis<\/h3>\n<ul data-start=\"1538\" data-end=\"1623\">\n<li data-start=\"1538\" data-end=\"1579\">\n<p data-start=\"1540\" data-end=\"1579\"><strong data-start=\"1540\" data-end=\"1560\">Sa\u00edda pela manh\u00e3:<\/strong> 08:30 \u00e0s 14:30 hs<\/p>\n<\/li>\n<li data-start=\"1580\" data-end=\"1623\">\n<p data-start=\"1582\" data-end=\"1623\"><strong data-start=\"1582\" data-end=\"1604\">Sa\u00edda \u00e0 noite:<\/strong> 12:30 \u00e0s 18:30 hs<\/p>\n<\/li>\n<\/ul>\n<p data-start=\"1625\" data-end=\"1754\"><strong data-start=\"1625\" data-end=\"1634\">Observa\u00e7\u00e3o:<\/strong> Os traslados s\u00e3o organizados a partir de pontos localizados entre o centro de Bariloche e o km 8 da Av. Bustillo ou Av. Pioneros.<\/p>\n<h3 data-start=\"1761\" data-end=\"1784\">Servi\u00e7os inclu\u00eddos<\/h3>\n<ul data-start=\"1786\" data-end=\"1973\">\n<li data-start=\"1786\" data-end=\"1840\">\n<p data-start=\"1788\" data-end=\"1840\">Transporte de e para pontos estrat\u00e9gicos.<\/p>\n<\/li>\n<li data-start=\"1841\" data-end=\"1860\">\n<p data-start=\"1843\" data-end=\"1860\">Subida em 4\u00d74.<\/p>\n<\/li>\n<li data-start=\"1861\" data-end=\"1894\">\n<p data-start=\"1863\" data-end=\"1894\">Caminhada guiada com raquetes de neve.<\/p>\n<\/li>\n<li data-start=\"1895\" data-end=\"1921\">\n<p data-start=\"1897\" data-end=\"1921\">Atividade de tren\u00f3.<\/p>\n<\/li>\n<li data-start=\"1922\" data-end=\"1941\">\n<p data-start=\"1924\" data-end=\"1941\">M\u00fasica ao vivo.<\/p>\n<\/li>\n<li data-start=\"1942\" data-end=\"1973\">\n<p data-start=\"1944\" data-end=\"1973\">Almo\u00e7o ou lanche regional.<\/p>\n<\/li>\n<\/ul>\n<p data-start=\"1975\" data-end=\"2016\"><strong data-start=\"1975\" data-end=\"1990\">N\u00e3o inclu\u00eddo:<\/strong> roupas e bebidas para neve.<\/p>\n<h3 data-start=\"2023\" data-end=\"2047\">Perguntas frequentes<\/h3>\n<p data-start=\"2049\" data-end=\"2190\"><strong data-start=\"2049\" data-end=\"2093\">A atividade \u00e9 adequada para todos?<\/strong><br data-start=\"2093\" data-end=\"2096\" \/>Sim, \u00e9 uma experi\u00eancia acess\u00edvel para todas as idades, sem requisitos f\u00edsicos especiais.<\/p>\n<p data-start=\"2192\" data-end=\"2335\"><strong data-start=\"2192\" data-end=\"2217\">O que eu preciso levar?<\/strong><br data-start=\"2217\" data-end=\"2220\" \/>Roupas de inverno: jaqueta, cal\u00e7as imperme\u00e1veis, botas, luvas, chap\u00e9u e \u00f3culos de sol. Nenhuma roupa \u00e9 fornecida.<\/p>\n<p data-start=\"2337\" data-end=\"2517\"><strong data-start=\"2337\" data-end=\"2391\">Ele \u00e9 destinado a grupos ou a viajantes individuais?<\/strong><br data-start=\"2391\" data-end=\"2394\" \/>Ambos os perfis podem aproveit\u00e1-lo. Ele se adapta bem a fam\u00edlias, grupos de amigos, ag\u00eancias de receptivo ou circuitos tur\u00edsticos.<\/p>\n<p data-start=\"2337\" data-end=\"2517\">Aviso importante: Este passeio j\u00e1 est\u00e1 dispon\u00edvel para pr\u00e9-reserva. As sa\u00eddas operam de 15 de junho a 20 de agosto, sujeitas ao calend\u00e1rio sazonal.<\/p>","protected":false},"excerpt":{"rendered":"<p><strong>Fim Encantado<\/strong> oferece a voc\u00ea uma escapada de inverno exclusiva. Participe de um emocionante passeio de 4\u00d74, tobog\u00e3 e caminhada guiada, culminando em uma pausa culin\u00e1ria incompar\u00e1vel. Participe de uma oportunidade \u00fanica de apreciar a natureza em todo o seu esplendor.<\/p>","protected":false},"featured_media":231523,"comment_status":"open","ping_status":"closed","template":"","meta":[],"product_brand":[],"product_cat":[38,39,44,32,53,40,49,37],"product_tag":[],"class_list":{"0":"post-230714","1":"product","2":"type-product","3":"status-publish","4":"has-post-thumbnail","6":"product_cat-adultos","7":"product_cat-aventura","8":"product_cat-con-comida","9":"product_cat-familia","10":"product_cat-ninos","11":"product_cat-con-traslado","12":"product_cat-invierno","13":"product_cat-terrestre","15":"first","16":"instock","17":"virtual","18":"sold-individually","19":"purchasable","20":"product-type-booking"},"booking_location":"","booking_location_type":"","booking_duration":1,"booking_duration_unit":"hour","booking_buffer":0,"booking_cost":0,"booking_resources":[],"exclude_global_add_ons":[],"addons":[],"yoast_head":"<!-- This site is optimized with the Yoast SEO Premium plugin v24.5 (Yoast SEO v24.8) - https:\/\/yoast.com\/wordpress\/plugins\/seo\/ -->\n<title>Nieve encantada: Aventura Patag\u00f3nica con Trineos, Raquetas y Sabores Regionales - Centro Reservas Bariloche Patagonia Argentina<\/title>\n<meta name=\"description\" content=\"Extremo Encantado en Bariloche: trineos, raquetas y comida t\u00edpica en la nieve. Ideal para grupos de Latinoam\u00e9rica que buscan aventura con confort y cultura local.\" \/>\n<meta name=\"robots\" content=\"index, follow, max-snippet:-1, max-image-preview:large, max-video-preview:-1\" \/>\n<link rel=\"canonical\" href=\"https:\/\/centroreservasbariloche.com\/pt\/product\/fim-encantado\/\" \/>\n<meta property=\"og:locale\" content=\"pt_BR\" \/>\n<meta property=\"og:type\" content=\"article\" \/>\n<meta property=\"og:title\" content=\"Nieve encantada: Aventura Patag\u00f3nica con Trineos, Raquetas y Sabores Regionales\" \/>\n<meta property=\"og:description\" content=\"Extremo Encantado en Bariloche: trineos, raquetas y comida t\u00edpica en la nieve. Ideal para grupos de Latinoam\u00e9rica que buscan aventura con confort y cultura local.\" \/>\n<meta property=\"og:url\" content=\"https:\/\/centroreservasbariloche.com\/pt\/product\/fim-encantado\/\" \/>\n<meta property=\"og:site_name\" content=\"Centro Reservas Bariloche Patagonia Argentina\" \/>\n<meta property=\"article:publisher\" content=\"https:\/\/www.facebook.com\/centroreservasbariloche\" \/>\n<meta property=\"article:modified_time\" content=\"2026-04-10T01:08:57+00:00\" \/>\n<meta property=\"og:image\" content=\"https:\/\/buck.getjasper.digital\/2025\/04\/5-A-IMG_3638-scaled.jpg\" \/>\n\t<meta property=\"og:image:width\" content=\"1920\" \/>\n\t<meta property=\"og:image:height\" content=\"2560\" \/>\n\t<meta property=\"og:image:type\" content=\"image\/jpeg\" \/>\n<meta name=\"twitter:card\" content=\"summary_large_image\" \/>\n<meta name=\"twitter:label1\" content=\"Pre\u00e7o\" \/>\n\t<meta name=\"twitter:data1\" content=\"&#036;&nbsp;312.000,00\" \/>\n\t<meta name=\"twitter:label2\" content=\"Disponibilidade\" \/>\n\t<meta name=\"twitter:data2\" content=\"Em Estoque\" \/>\n<script type=\"application\/ld+json\" class=\"yoast-schema-graph\">{\"@context\":\"https:\/\/schema.org\",\"@graph\":[{\"@type\":[\"WebPage\",\"ItemPage\"],\"@id\":\"https:\/\/centroreservasbariloche.com\/product\/extremo-encantado\",\"url\":\"https:\/\/centroreservasbariloche.com\/product\/extremo-encantado\",\"name\":\"Nieve encantada: Aventura Patag\u00f3nica con Trineos, Raquetas y Sabores Regionales - Centro Reservas Bariloche Patagonia Argentina\",\"isPartOf\":{\"@id\":\"https:\/\/centroreservasbariloche.com\/#website\"},\"primaryImageOfPage\":{\"@id\":\"https:\/\/centroreservasbariloche.com\/product\/extremo-encantado#primaryimage\"},\"image\":{\"@id\":\"https:\/\/centroreservasbariloche.com\/product\/extremo-encantado#primaryimage\"},\"thumbnailUrl\":\"https:\/\/buck.getjasper.digital\/2025\/04\/5-A-IMG_3638-scaled.jpg\",\"datePublished\":\"2025-04-04T18:49:01+00:00\",\"dateModified\":\"2026-04-10T01:08:57+00:00\",\"description\":\"Extremo Encantado en Bariloche: trineos, raquetas y comida t\u00edpica en la nieve. Ideal para grupos de Latinoam\u00e9rica que buscan aventura con confort y cultura local.\",\"breadcrumb\":{\"@id\":\"https:\/\/centroreservasbariloche.com\/product\/extremo-encantado#breadcrumb\"},\"inLanguage\":\"pt-BR\",\"potentialAction\":[{\"@type\":\"ReadAction\",\"target\":[\"https:\/\/centroreservasbariloche.com\/product\/extremo-encantado\"]}]},{\"@type\":\"ImageObject\",\"inLanguage\":\"pt-BR\",\"@id\":\"https:\/\/centroreservasbariloche.com\/product\/extremo-encantado#primaryimage\",\"url\":\"https:\/\/buck.getjasper.digital\/2025\/04\/5-A-IMG_3638-scaled.jpg\",\"contentUrl\":\"https:\/\/buck.getjasper.digital\/2025\/04\/5-A-IMG_3638-scaled.jpg\",\"width\":1920,\"height\":2560},{\"@type\":\"BreadcrumbList\",\"@id\":\"https:\/\/centroreservasbariloche.com\/product\/extremo-encantado#breadcrumb\",\"itemListElement\":[{\"@type\":\"ListItem\",\"position\":1,\"name\":\"Home\",\"item\":\"https:\/\/centroreservasbariloche.com\/\"},{\"@type\":\"ListItem\",\"position\":2,\"name\":\"Nuestras actividades\",\"item\":\"https:\/\/centroreservasbariloche.com\/shop\"},{\"@type\":\"ListItem\",\"position\":3,\"name\":\"Nieve encantada: Aventura Patag\u00f3nica con Trineos, Raquetas y Sabores Regionales\"}]},{\"@type\":\"WebSite\",\"@id\":\"https:\/\/centroreservasbariloche.com\/#website\",\"url\":\"https:\/\/centroreservasbariloche.com\/\",\"name\":\"Centro Reservas Bariloche Patagonia Argentina\",\"description\":\"Centro Reservas Bariloche Patagonia\",\"publisher\":{\"@id\":\"https:\/\/centroreservasbariloche.com\/#organization\"},\"alternateName\":\"tur centra bariloche\",\"potentialAction\":[{\"@type\":\"SearchAction\",\"target\":{\"@type\":\"EntryPoint\",\"urlTemplate\":\"https:\/\/centroreservasbariloche.com\/?s={search_term_string}\"},\"query-input\":{\"@type\":\"PropertyValueSpecification\",\"valueRequired\":true,\"valueName\":\"search_term_string\"}}],\"inLanguage\":\"pt-BR\"},{\"@type\":[\"Organization\",\"Place\",\"TravelAgency\"],\"@id\":\"https:\/\/centroreservasbariloche.com\/#organization\",\"name\":\"Centro Reservas Bariloche\",\"alternateName\":\"Centro de Reservas\",\"url\":\"https:\/\/centroreservasbariloche.com\/\",\"logo\":{\"@id\":\"https:\/\/centroreservasbariloche.com\/product\/extremo-encantado#local-main-organization-logo\"},\"image\":{\"@id\":\"https:\/\/centroreservasbariloche.com\/product\/extremo-encantado#local-main-organization-logo\"},\"sameAs\":[\"https:\/\/www.facebook.com\/centroreservasbariloche\"],\"description\":\"Estamos comprometidos en brindarles una experiencia inolvidable, llena de aventura, belleza natural y descubrimientos. No importa si es su primera visita a Bariloche o si ya ha tenido el placer de conocerla, estamos seguros de que encontrar\u00e1 en nuestras excursiones la oportunidad de crear recuerdos duraderos.\",\"legalName\":\"Centro Reservas Bariloche\",\"address\":{\"@id\":\"https:\/\/centroreservasbariloche.com\/product\/extremo-encantado#local-main-place-address\"},\"telephone\":[],\"openingHoursSpecification\":[{\"@type\":\"OpeningHoursSpecification\",\"dayOfWeek\":[\"Monday\",\"Tuesday\",\"Wednesday\",\"Thursday\",\"Friday\",\"Saturday\",\"Sunday\"],\"opens\":\"09:00\",\"closes\":\"17:00\"}],\"priceRange\":\"$$\"},{\"@type\":\"PostalAddress\",\"@id\":\"https:\/\/centroreservasbariloche.com\/product\/extremo-encantado#local-main-place-address\",\"streetAddress\":\"Mitre 131\",\"addressLocality\":\"San Carlos de Bariloche\",\"postalCode\":\"8400\",\"addressRegion\":\"R\u00edo Negro\",\"addressCountry\":\"AR\"},{\"@type\":\"ImageObject\",\"inLanguage\":\"pt-BR\",\"@id\":\"https:\/\/centroreservasbariloche.com\/product\/extremo-encantado#local-main-organization-logo\",\"url\":\"https:\/\/buck.getjasper.digital\/2025\/06\/centro-de-reservas-2-1.png\",\"contentUrl\":\"https:\/\/buck.getjasper.digital\/2025\/06\/centro-de-reservas-2-1.png\",\"width\":512,\"height\":512,\"caption\":\"Centro Reservas Bariloche\"}]}<\/script>\n<meta property=\"product:price:amount\" content=\"312000.00\" \/>\n<meta property=\"product:price:currency\" content=\"ARS\" \/>\n<meta property=\"og:availability\" content=\"instock\" \/>\n<meta property=\"product:availability\" content=\"instock\" \/>\n<meta property=\"product:retailer_item_id\" content=\"ADV2025EXENCL99\" \/>\n<meta property=\"product:condition\" content=\"new\" \/>\n<meta name=\"geo.placename\" content=\"San Carlos de Bariloche\" \/>\n<meta name=\"geo.region\" content=\"Argentina\" \/>\n<!-- \/ Yoast SEO Premium plugin. -->","yoast_head_json":{"title":"Neve Encantada: Aventura Patag\u00f4nica com tren\u00f3s, raquetes de neve e sabores regionais - Centro Reservas Bariloche Patag\u00f4nia Argentina","description":"Extremo Encantado em Bariloche: tren\u00f3, raquetes de neve e comida t\u00edpica na neve. Ideal para grupos latino-americanos que buscam aventura com conforto e cultura local.","robots":{"index":"index","follow":"follow","max-snippet":"max-snippet:-1","max-image-preview":"max-image-preview:large","max-video-preview":"max-video-preview:-1"},"canonical":"https:\/\/centroreservasbariloche.com\/pt\/product\/fim-encantado\/","og_locale":"pt_BR","og_type":"article","og_title":"Nieve encantada: Aventura Patag\u00f3nica con Trineos, Raquetas y Sabores Regionales","og_description":"Extremo Encantado en Bariloche: trineos, raquetas y comida t\u00edpica en la nieve. Ideal para grupos de Latinoam\u00e9rica que buscan aventura con confort y cultura local.","og_url":"https:\/\/centroreservasbariloche.com\/pt\/product\/fim-encantado\/","og_site_name":"Centro Reservas Bariloche Patagonia Argentina","article_publisher":"https:\/\/www.facebook.com\/centroreservasbariloche","article_modified_time":"2026-04-10T01:08:57+00:00","og_image":[{"width":1920,"height":2560,"url":"https:\/\/buck.getjasper.digital\/2025\/04\/5-A-IMG_3638-scaled.jpg","type":"image\/jpeg"}],"twitter_card":"summary_large_image","twitter_misc":{"Pre\u00e7o":"&#36;&nbsp;312.000,00","Disponibilidade":"Em Estoque"},"schema":{"@context":"https:\/\/schema.org","@graph":[{"@type":["WebPage","ItemPage"],"@id":"https:\/\/centroreservasbariloche.com\/product\/extremo-encantado","url":"https:\/\/centroreservasbariloche.com\/product\/extremo-encantado","name":"Neve Encantada: Aventura Patag\u00f4nica com tren\u00f3s, raquetes de neve e sabores regionais - Centro Reservas Bariloche Patag\u00f4nia Argentina","isPartOf":{"@id":"https:\/\/centroreservasbariloche.com\/#website"},"primaryImageOfPage":{"@id":"https:\/\/centroreservasbariloche.com\/product\/extremo-encantado#primaryimage"},"image":{"@id":"https:\/\/centroreservasbariloche.com\/product\/extremo-encantado#primaryimage"},"thumbnailUrl":"https:\/\/buck.getjasper.digital\/2025\/04\/5-A-IMG_3638-scaled.jpg","datePublished":"2025-04-04T18:49:01+00:00","dateModified":"2026-04-10T01:08:57+00:00","description":"Extremo Encantado em Bariloche: tren\u00f3, raquetes de neve e comida t\u00edpica na neve. Ideal para grupos latino-americanos que buscam aventura com conforto e cultura local.","breadcrumb":{"@id":"https:\/\/centroreservasbariloche.com\/product\/extremo-encantado#breadcrumb"},"inLanguage":"pt-BR","potentialAction":[{"@type":"ReadAction","target":["https:\/\/centroreservasbariloche.com\/product\/extremo-encantado"]}]},{"@type":"ImageObject","inLanguage":"pt-BR","@id":"https:\/\/centroreservasbariloche.com\/product\/extremo-encantado#primaryimage","url":"https:\/\/buck.getjasper.digital\/2025\/04\/5-A-IMG_3638-scaled.jpg","contentUrl":"https:\/\/buck.getjasper.digital\/2025\/04\/5-A-IMG_3638-scaled.jpg","width":1920,"height":2560},{"@type":"BreadcrumbList","@id":"https:\/\/centroreservasbariloche.com\/product\/extremo-encantado#breadcrumb","itemListElement":[{"@type":"ListItem","position":1,"name":"Home","item":"https:\/\/centroreservasbariloche.com\/"},{"@type":"ListItem","position":2,"name":"Nuestras actividades","item":"https:\/\/centroreservasbariloche.com\/shop"},{"@type":"ListItem","position":3,"name":"Nieve encantada: Aventura Patag\u00f3nica con Trineos, Raquetas y Sabores Regionales"}]},{"@type":"WebSite","@id":"https:\/\/centroreservasbariloche.com\/#website","url":"https:\/\/centroreservasbariloche.com\/","name":"Centro de Reservas de Bariloche Patag\u00f4nia Argentina","description":"Central de Reservas de Bariloche Patag\u00f4nia","publisher":{"@id":"https:\/\/centroreservasbariloche.com\/#organization"},"alternateName":"tur centra bariloche","potentialAction":[{"@type":"SearchAction","target":{"@type":"EntryPoint","urlTemplate":"https:\/\/centroreservasbariloche.com\/?s={search_term_string}"},"query-input":{"@type":"PropertyValueSpecification","valueRequired":true,"valueName":"search_term_string"}}],"inLanguage":"pt-BR"},{"@type":["Organization","Place","TravelAgency"],"@id":"https:\/\/centroreservasbariloche.com\/#organization","name":"Centro de Reservas de Bariloche","alternateName":"Centro de Reservas","url":"https:\/\/centroreservasbariloche.com\/","logo":{"@id":"https:\/\/centroreservasbariloche.com\/product\/extremo-encantado#local-main-organization-logo"},"image":{"@id":"https:\/\/centroreservasbariloche.com\/product\/extremo-encantado#local-main-organization-logo"},"sameAs":["https:\/\/www.facebook.com\/centroreservasbariloche"],"description":"Temos o compromisso de proporcionar a voc\u00ea uma experi\u00eancia inesquec\u00edvel, cheia de aventura, beleza natural e descobertas. Quer seja sua primeira visita a Bariloche ou se j\u00e1 teve o prazer de conhec\u00ea-la, temos certeza de que encontrar\u00e1 em nossas excurs\u00f5es a oportunidade de criar mem\u00f3rias duradouras.","legalName":"Centro Reservas Bariloche","address":{"@id":"https:\/\/centroreservasbariloche.com\/product\/extremo-encantado#local-main-place-address"},"telephone":[],"openingHoursSpecification":[{"@type":"OpeningHoursSpecification","dayOfWeek":["Monday","Tuesday","Wednesday","Thursday","Friday","Saturday","Sunday"],"opens":"09:00","closes":"17:00"}],"priceRange":"$$"},{"@type":"PostalAddress","@id":"https:\/\/centroreservasbariloche.com\/product\/extremo-encantado#local-main-place-address","streetAddress":"Mitre 131","addressLocality":"San Carlos de Bariloche","postalCode":"8400","addressRegion":"R\u00edo Negro","addressCountry":"AR"},{"@type":"ImageObject","inLanguage":"pt-BR","@id":"https:\/\/centroreservasbariloche.com\/product\/extremo-encantado#local-main-organization-logo","url":"https:\/\/buck.getjasper.digital\/2025\/06\/centro-de-reservas-2-1.png","contentUrl":"https:\/\/buck.getjasper.digital\/2025\/06\/centro-de-reservas-2-1.png","width":512,"height":512,"caption":"Centro Reservas Bariloche"}]},"product_price_amount":"312000.00","product_price_currency":"ARS","og_availability":"instock","product_availability":"instock","product_retailer_item_id":"ADV2025EXENCL99","product_condition":"new","geo.placename":"San Carlos de Bariloche","geo.region":"Argentina"},"_links":{"self":[{"href":"https:\/\/centroreservasbariloche.com\/pt\/wp-json\/wp\/v2\/product\/230714","targetHints":{"allow":["GET"]}}],"collection":[{"href":"https:\/\/centroreservasbariloche.com\/pt\/wp-json\/wp\/v2\/product"}],"about":[{"href":"https:\/\/centroreservasbariloche.com\/pt\/wp-json\/wp\/v2\/types\/product"}],"replies":[{"embeddable":true,"href":"https:\/\/centroreservasbariloche.com\/pt\/wp-json\/wp\/v2\/comments?post=230714"}],"wp:featuredmedia":[{"embeddable":true,"href":"https:\/\/centroreservasbariloche.com\/pt\/wp-json\/wp\/v2\/media\/231523"}],"wp:attachment":[{"href":"https:\/\/centroreservasbariloche.com\/pt\/wp-json\/wp\/v2\/media?parent=230714"}],"wp:term":[{"taxonomy":"product_brand","embeddable":true,"href":"https:\/\/centroreservasbariloche.com\/pt\/wp-json\/wp\/v2\/product_brand?post=230714"},{"taxonomy":"product_cat","embeddable":true,"href":"https:\/\/centroreservasbariloche.com\/pt\/wp-json\/wp\/v2\/product_cat?post=230714"},{"taxonomy":"product_tag","embeddable":true,"href":"https:\/\/centroreservasbariloche.com\/pt\/wp-json\/wp\/v2\/product_tag?post=230714"}],"curies":[{"name":"wp","href":"https:\/\/api.w.org\/{rel}","templated":true}]}}