{"id":230715,"date":"2025-04-04T15:49:19","date_gmt":"2025-04-04T18:49:19","guid":{"rendered":"https:\/\/centroreservasbariloche.com\/?post_type=product&#038;p=230715"},"modified":"2026-04-09T22:10:47","modified_gmt":"2026-04-10T01:10:47","slug":"piedras-blancas-trineos-culipatin-traslado","status":"publish","type":"product","link":"https:\/\/centroreservasbariloche.com\/pt\/product\/piedras-blancas-sledges-transferencia-de-culipatina","title":{"rendered":"Piedras Blancas com tren\u00f3 e traslados organizados"},"content":{"rendered":"<h2 data-start=\"405\" data-end=\"491\"><strong data-start=\"405\" data-end=\"491\">Uma atividade segura e divertida para grupos, com tudo planejado a partir de Bariloche.<\/strong><\/h2>\n<h3 data-start=\"498\" data-end=\"571\">Aproveite a neve com seu grupo, sem se preocupar com a organiza\u00e7\u00e3o.<\/h3>\n<p data-start=\"572\" data-end=\"928\">H\u00e1 dois turnos dispon\u00edveis: <strong data-start=\"620\" data-end=\"639\">Das 8:30 \u00e0s 12:30.<\/strong> o <strong data-start=\"642\" data-end=\"662\">Das 11:00 \u00e0s 15:30 horas.<\/strong>, com <strong data-start=\"668\" data-end=\"689\">traslado inclu\u00eddo<\/strong> de <strong data-start=\"696\" data-end=\"785\">pontos de encontro entre o centro de Bariloche e o km 8 da Av. Bustillo ou Pioneros.<\/strong>. De l\u00e1, seguimos para o complexo <strong data-start=\"824\" data-end=\"843\">Piedras Blancas<\/strong>, localizado no Cerro Otto, um centro ideal para atividades recreativas na neve.<\/p>\n<p data-start=\"930\" data-end=\"1310\">A experi\u00eancia inclui <strong data-start=\"953\" data-end=\"983\">seis subidas de telef\u00e9rico<\/strong> e o uso de <strong data-start=\"996\" data-end=\"1022\">tren\u00f3s de culipatina<\/strong>, para cair em mais de <strong data-start=\"1050\" data-end=\"1075\">3000 metros de trilhas<\/strong> projetado exclusivamente para essa atividade. H\u00e1 circuitos diferenciados por idade e equipe treinada em todos os momentos, o que a torna uma atividade ideal para <strong data-start=\"1248\" data-end=\"1309\">grupos escolares, fam\u00edlias ou contingentes internacionais<\/strong>.<\/p>\n<p data-start=\"1312\" data-end=\"1511\">O complexo \u00e9 equipado com servi\u00e7os de apoio, seguran\u00e7a e \u00e1reas de descanso. A excurs\u00e3o \u00e9 acompanhada por um guia que fala ingl\u00eas, com op\u00e7\u00e3o bil\u00edngue para grupos (consulte a disponibilidade e as tarifas).<\/p>\n<h3 data-start=\"1518\" data-end=\"1537\">O que ele inclui?<\/h3>\n<ul data-start=\"1538\" data-end=\"1736\">\n<li data-start=\"1538\" data-end=\"1590\">\n<p data-start=\"1540\" data-end=\"1590\">Traslado de ida e volta para os pontos de encontro.<\/p>\n<\/li>\n<li data-start=\"1591\" data-end=\"1631\">\n<p data-start=\"1593\" data-end=\"1631\">Entrada para o complexo de Piedras Blancas.<\/p>\n<\/li>\n<li data-start=\"1632\" data-end=\"1663\">\n<p data-start=\"1634\" data-end=\"1663\">Seis subidas de telef\u00e9rico.<\/p>\n<\/li>\n<li data-start=\"1664\" data-end=\"1695\">\n<p data-start=\"1666\" data-end=\"1695\">Sledges para uso em pista.<\/p>\n<\/li>\n<li data-start=\"1696\" data-end=\"1736\">\n<p data-start=\"1698\" data-end=\"1736\">Assist\u00eancia e coordena\u00e7\u00e3o para grupos.<\/p>\n<\/li>\n<\/ul>\n<h3 data-start=\"1743\" data-end=\"1759\">N\u00e3o inclui<\/h3>\n<ul data-start=\"1760\" data-end=\"1849\">\n<li data-start=\"1760\" data-end=\"1810\">\n<p data-start=\"1762\" data-end=\"1810\">Roupas para neve (podem ser alugadas na cidade).<\/p>\n<\/li>\n<li data-start=\"1811\" data-end=\"1828\">\n<p data-start=\"1813\" data-end=\"1828\">Alimentos.<\/p>\n<\/li>\n<li data-start=\"1829\" data-end=\"1849\">\n<p data-start=\"1831\" data-end=\"1849\">Despesas pessoais.<\/p>\n<\/li>\n<\/ul>\n<h3 data-start=\"1856\" data-end=\"1878\">Informa\u00e7\u00f5es \u00fateis<\/h3>\n<ul data-start=\"1879\" data-end=\"2187\">\n<li data-start=\"1930\" data-end=\"2047\">\n<p data-start=\"1932\" data-end=\"2047\"><strong data-start=\"1932\" data-end=\"1943\">Idade:<\/strong> a partir de 1 ano. Crian\u00e7as com menos de 11 meses podem entrar no complexo, mas n\u00e3o podem descer.<\/p>\n<\/li>\n<li data-start=\"2048\" data-end=\"2106\">\n<p data-start=\"2050\" data-end=\"2106\"><strong data-start=\"2050\" data-end=\"2068\">Restri\u00e7\u00f5es:<\/strong> atividade n\u00e3o adequada para mulheres gr\u00e1vidas.<\/p>\n<\/li>\n<li data-start=\"2107\" data-end=\"2187\">\n<p data-start=\"2109\" data-end=\"2187\"><strong data-start=\"2109\" data-end=\"2127\">Recomenda\u00e7\u00e3o:<\/strong> Traga roupas \u00e0 prova d'\u00e1gua, luvas, agasalhos e cal\u00e7ados adequados.<\/p>\n<\/li>\n<\/ul>\n<h3 data-start=\"2194\" data-end=\"2220\">Perguntas frequentes<\/h3>\n<p data-start=\"2222\" data-end=\"2349\"><strong data-start=\"2222\" data-end=\"2269\">Essa atividade \u00e9 adequada para grupos grandes?<\/strong><br data-start=\"2269\" data-end=\"2272\" \/>Sim, \u00e9 uma das excurs\u00f5es mais populares para escolas, ag\u00eancias e fam\u00edlias.<\/p>\n<p data-start=\"2351\" data-end=\"2457\"><strong data-start=\"2351\" data-end=\"2374\">H\u00e1 um guia inclu\u00eddo?<\/strong><br data-start=\"2374\" data-end=\"2377\" \/>Sim, guia que fala ingl\u00eas inclu\u00eddo. Op\u00e7\u00e3o bil\u00edngue para grupos (com custo adicional).<\/p>\n<p data-start=\"2459\" data-end=\"2559\"><strong data-start=\"2459\" data-end=\"2495\">A transfer\u00eancia \u00e9 porta a porta?<\/strong><br data-start=\"2495\" data-end=\"2498\" \/>N\u00e3o. O servi\u00e7o parte de pontos de encontro predefinidos.<\/p>\n<p data-start=\"2561\" data-end=\"2670\"><strong data-start=\"2561\" data-end=\"2586\">O que eu preciso levar?<\/strong><br data-start=\"2586\" data-end=\"2589\" \/>Somente roupas adequadas para neve. Todos os equipamentos est\u00e3o inclu\u00eddos no servi\u00e7o.<\/p>\n<p>Aviso importante: Este passeio j\u00e1 est\u00e1 dispon\u00edvel para pr\u00e9-reserva. As sa\u00eddas operam de 15 de junho a 20 de agosto, sujeitas ao calend\u00e1rio sazonal.<\/p>","protected":false},"excerpt":{"rendered":"<p data-start=\"2910\" data-end=\"3106\">Excurs\u00e3o organizada a Piedras Blancas com traslado dos pontos de encontro. Inclui tren\u00f3, seis subidas e assist\u00eancia para grupos. Ideal para estudantes, fam\u00edlias e viajantes internacionais.<\/p>","protected":false},"featured_media":231527,"comment_status":"open","ping_status":"closed","template":"","meta":[],"product_brand":[],"product_cat":[38,39,32,53,40,49,36,37],"product_tag":[],"class_list":{"0":"post-230715","1":"product","2":"type-product","3":"status-publish","4":"has-post-thumbnail","6":"product_cat-adultos","7":"product_cat-aventura","8":"product_cat-familia","9":"product_cat-ninos","10":"product_cat-con-traslado","11":"product_cat-invierno","12":"product_cat-sin-comida","13":"product_cat-terrestre","15":"first","16":"instock","17":"virtual","18":"sold-individually","19":"purchasable","20":"product-type-booking"},"booking_location":"","booking_location_type":"","booking_duration":1,"booking_duration_unit":"hour","booking_buffer":0,"booking_cost":174000,"booking_resources":[],"exclude_global_add_ons":[],"addons":[],"yoast_head":"<!-- This site is optimized with the Yoast SEO Premium plugin v24.5 (Yoast SEO v24.8) - https:\/\/yoast.com\/wordpress\/plugins\/seo\/ -->\n<title>Piedras Blancas con Trineos y Traslado Organizado - Centro Reservas Bariloche Patagonia Argentina<\/title>\n<meta name=\"description\" content=\"Excursi\u00f3n a Piedras Blancas con traslado y trineos incluida. Ideal para grupos escolares, agencias y familias. Seis ascensos en aerosilla y organizaci\u00f3n completa.\" \/>\n<meta name=\"robots\" content=\"index, follow, max-snippet:-1, max-image-preview:large, max-video-preview:-1\" \/>\n<link rel=\"canonical\" href=\"https:\/\/centroreservasbariloche.com\/pt\/product\/piedras-blancas-sledges-transferencia-de-culipatina\/\" \/>\n<meta property=\"og:locale\" content=\"pt_BR\" \/>\n<meta property=\"og:type\" content=\"article\" \/>\n<meta property=\"og:title\" content=\"Piedras Blancas con Trineos y Traslado Organizado\" \/>\n<meta property=\"og:description\" content=\"Excursi\u00f3n a Piedras Blancas con traslado y trineos incluida. Ideal para grupos escolares, agencias y familias. Seis ascensos en aerosilla y organizaci\u00f3n completa.\" \/>\n<meta property=\"og:url\" content=\"https:\/\/centroreservasbariloche.com\/pt\/product\/piedras-blancas-sledges-transferencia-de-culipatina\/\" \/>\n<meta property=\"og:site_name\" content=\"Centro Reservas Bariloche Patagonia Argentina\" \/>\n<meta property=\"article:publisher\" content=\"https:\/\/www.facebook.com\/centroreservasbariloche\" \/>\n<meta property=\"article:modified_time\" content=\"2026-04-10T01:10:47+00:00\" \/>\n<meta property=\"og:image\" content=\"https:\/\/buck.getjasper.digital\/2025\/04\/5-A-IMG_7132-scaled.jpg\" \/>\n\t<meta property=\"og:image:width\" content=\"1920\" \/>\n\t<meta property=\"og:image:height\" content=\"2560\" \/>\n\t<meta property=\"og:image:type\" content=\"image\/jpeg\" \/>\n<meta name=\"twitter:card\" content=\"summary_large_image\" \/>\n<meta name=\"twitter:label1\" content=\"Pre\u00e7o\" \/>\n\t<meta name=\"twitter:data1\" content=\"&#036;&nbsp;174.000,00\" \/>\n\t<meta name=\"twitter:label2\" content=\"Disponibilidade\" \/>\n\t<meta name=\"twitter:data2\" content=\"Em Estoque\" \/>\n<script type=\"application\/ld+json\" class=\"yoast-schema-graph\">{\"@context\":\"https:\/\/schema.org\",\"@graph\":[{\"@type\":[\"WebPage\",\"ItemPage\"],\"@id\":\"https:\/\/centroreservasbariloche.com\/product\/piedras-blancas-trineos-culipatin-traslado\",\"url\":\"https:\/\/centroreservasbariloche.com\/product\/piedras-blancas-trineos-culipatin-traslado\",\"name\":\"Piedras Blancas con Trineos y Traslado Organizado - Centro Reservas Bariloche Patagonia Argentina\",\"isPartOf\":{\"@id\":\"https:\/\/centroreservasbariloche.com\/#website\"},\"primaryImageOfPage\":{\"@id\":\"https:\/\/centroreservasbariloche.com\/product\/piedras-blancas-trineos-culipatin-traslado#primaryimage\"},\"image\":{\"@id\":\"https:\/\/centroreservasbariloche.com\/product\/piedras-blancas-trineos-culipatin-traslado#primaryimage\"},\"thumbnailUrl\":\"https:\/\/buck.getjasper.digital\/2025\/04\/5-A-IMG_7132-scaled.jpg\",\"datePublished\":\"2025-04-04T18:49:19+00:00\",\"dateModified\":\"2026-04-10T01:10:47+00:00\",\"description\":\"Excursi\u00f3n a Piedras Blancas con traslado y trineos incluida. Ideal para grupos escolares, agencias y familias. Seis ascensos en aerosilla y organizaci\u00f3n completa.\",\"breadcrumb\":{\"@id\":\"https:\/\/centroreservasbariloche.com\/product\/piedras-blancas-trineos-culipatin-traslado#breadcrumb\"},\"inLanguage\":\"pt-BR\",\"potentialAction\":[{\"@type\":\"ReadAction\",\"target\":[\"https:\/\/centroreservasbariloche.com\/product\/piedras-blancas-trineos-culipatin-traslado\"]}]},{\"@type\":\"ImageObject\",\"inLanguage\":\"pt-BR\",\"@id\":\"https:\/\/centroreservasbariloche.com\/product\/piedras-blancas-trineos-culipatin-traslado#primaryimage\",\"url\":\"https:\/\/buck.getjasper.digital\/2025\/04\/5-A-IMG_7132-scaled.jpg\",\"contentUrl\":\"https:\/\/buck.getjasper.digital\/2025\/04\/5-A-IMG_7132-scaled.jpg\",\"width\":1920,\"height\":2560},{\"@type\":\"BreadcrumbList\",\"@id\":\"https:\/\/centroreservasbariloche.com\/product\/piedras-blancas-trineos-culipatin-traslado#breadcrumb\",\"itemListElement\":[{\"@type\":\"ListItem\",\"position\":1,\"name\":\"Home\",\"item\":\"https:\/\/centroreservasbariloche.com\/\"},{\"@type\":\"ListItem\",\"position\":2,\"name\":\"Nuestras actividades\",\"item\":\"https:\/\/centroreservasbariloche.com\/shop\"},{\"@type\":\"ListItem\",\"position\":3,\"name\":\"Piedras Blancas con Trineos y Traslado Organizado\"}]},{\"@type\":\"WebSite\",\"@id\":\"https:\/\/centroreservasbariloche.com\/#website\",\"url\":\"https:\/\/centroreservasbariloche.com\/\",\"name\":\"Centro Reservas Bariloche Patagonia Argentina\",\"description\":\"Centro Reservas Bariloche Patagonia\",\"publisher\":{\"@id\":\"https:\/\/centroreservasbariloche.com\/#organization\"},\"alternateName\":\"tur centra bariloche\",\"potentialAction\":[{\"@type\":\"SearchAction\",\"target\":{\"@type\":\"EntryPoint\",\"urlTemplate\":\"https:\/\/centroreservasbariloche.com\/?s={search_term_string}\"},\"query-input\":{\"@type\":\"PropertyValueSpecification\",\"valueRequired\":true,\"valueName\":\"search_term_string\"}}],\"inLanguage\":\"pt-BR\"},{\"@type\":[\"Organization\",\"Place\",\"TravelAgency\"],\"@id\":\"https:\/\/centroreservasbariloche.com\/#organization\",\"name\":\"Centro Reservas Bariloche\",\"alternateName\":\"Centro de Reservas\",\"url\":\"https:\/\/centroreservasbariloche.com\/\",\"logo\":{\"@id\":\"https:\/\/centroreservasbariloche.com\/product\/piedras-blancas-trineos-culipatin-traslado#local-main-organization-logo\"},\"image\":{\"@id\":\"https:\/\/centroreservasbariloche.com\/product\/piedras-blancas-trineos-culipatin-traslado#local-main-organization-logo\"},\"sameAs\":[\"https:\/\/www.facebook.com\/centroreservasbariloche\"],\"description\":\"Estamos comprometidos en brindarles una experiencia inolvidable, llena de aventura, belleza natural y descubrimientos. No importa si es su primera visita a Bariloche o si ya ha tenido el placer de conocerla, estamos seguros de que encontrar\u00e1 en nuestras excursiones la oportunidad de crear recuerdos duraderos.\",\"legalName\":\"Centro Reservas Bariloche\",\"address\":{\"@id\":\"https:\/\/centroreservasbariloche.com\/product\/piedras-blancas-trineos-culipatin-traslado#local-main-place-address\"},\"telephone\":[],\"openingHoursSpecification\":[{\"@type\":\"OpeningHoursSpecification\",\"dayOfWeek\":[\"Monday\",\"Tuesday\",\"Wednesday\",\"Thursday\",\"Friday\",\"Saturday\",\"Sunday\"],\"opens\":\"09:00\",\"closes\":\"17:00\"}],\"priceRange\":\"$$\"},{\"@type\":\"PostalAddress\",\"@id\":\"https:\/\/centroreservasbariloche.com\/product\/piedras-blancas-trineos-culipatin-traslado#local-main-place-address\",\"streetAddress\":\"Mitre 131\",\"addressLocality\":\"San Carlos de Bariloche\",\"postalCode\":\"8400\",\"addressRegion\":\"R\u00edo Negro\",\"addressCountry\":\"AR\"},{\"@type\":\"ImageObject\",\"inLanguage\":\"pt-BR\",\"@id\":\"https:\/\/centroreservasbariloche.com\/product\/piedras-blancas-trineos-culipatin-traslado#local-main-organization-logo\",\"url\":\"https:\/\/buck.getjasper.digital\/2025\/06\/centro-de-reservas-2-1.png\",\"contentUrl\":\"https:\/\/buck.getjasper.digital\/2025\/06\/centro-de-reservas-2-1.png\",\"width\":512,\"height\":512,\"caption\":\"Centro Reservas Bariloche\"}]}<\/script>\n<meta property=\"product:price:amount\" content=\"174000.00\" \/>\n<meta property=\"product:price:currency\" content=\"ARS\" \/>\n<meta property=\"og:availability\" content=\"instock\" \/>\n<meta property=\"product:availability\" content=\"instock\" \/>\n<meta property=\"product:retailer_item_id\" content=\"ADV2025PIBLTR3QM1\" \/>\n<meta property=\"product:condition\" content=\"new\" \/>\n<meta name=\"geo.placename\" content=\"San Carlos de Bariloche\" \/>\n<meta name=\"geo.region\" content=\"Argentina\" \/>\n<!-- \/ Yoast SEO Premium plugin. -->","yoast_head_json":{"title":"Piedras Blancas com tren\u00f3s e traslados organizados - Centro Reservas Bariloche Patag\u00f4nia Argentina","description":"Excurs\u00e3o a Piedras Blancas com traslado e tren\u00f3 inclu\u00eddos. Ideal para grupos escolares, ag\u00eancias e fam\u00edlias. Seis subidas de telef\u00e9rico e organiza\u00e7\u00e3o completa.","robots":{"index":"index","follow":"follow","max-snippet":"max-snippet:-1","max-image-preview":"max-image-preview:large","max-video-preview":"max-video-preview:-1"},"canonical":"https:\/\/centroreservasbariloche.com\/pt\/product\/piedras-blancas-sledges-transferencia-de-culipatina\/","og_locale":"pt_BR","og_type":"article","og_title":"Piedras Blancas con Trineos y Traslado Organizado","og_description":"Excursi\u00f3n a Piedras Blancas con traslado y trineos incluida. Ideal para grupos escolares, agencias y familias. Seis ascensos en aerosilla y organizaci\u00f3n completa.","og_url":"https:\/\/centroreservasbariloche.com\/pt\/product\/piedras-blancas-sledges-transferencia-de-culipatina\/","og_site_name":"Centro Reservas Bariloche Patagonia Argentina","article_publisher":"https:\/\/www.facebook.com\/centroreservasbariloche","article_modified_time":"2026-04-10T01:10:47+00:00","og_image":[{"width":1920,"height":2560,"url":"https:\/\/buck.getjasper.digital\/2025\/04\/5-A-IMG_7132-scaled.jpg","type":"image\/jpeg"}],"twitter_card":"summary_large_image","twitter_misc":{"Pre\u00e7o":"&#36;&nbsp;174.000,00","Disponibilidade":"Em Estoque"},"schema":{"@context":"https:\/\/schema.org","@graph":[{"@type":["WebPage","ItemPage"],"@id":"https:\/\/centroreservasbariloche.com\/product\/piedras-blancas-trineos-culipatin-traslado","url":"https:\/\/centroreservasbariloche.com\/product\/piedras-blancas-trineos-culipatin-traslado","name":"Piedras Blancas com tren\u00f3s e traslados organizados - Centro Reservas Bariloche Patag\u00f4nia Argentina","isPartOf":{"@id":"https:\/\/centroreservasbariloche.com\/#website"},"primaryImageOfPage":{"@id":"https:\/\/centroreservasbariloche.com\/product\/piedras-blancas-trineos-culipatin-traslado#primaryimage"},"image":{"@id":"https:\/\/centroreservasbariloche.com\/product\/piedras-blancas-trineos-culipatin-traslado#primaryimage"},"thumbnailUrl":"https:\/\/buck.getjasper.digital\/2025\/04\/5-A-IMG_7132-scaled.jpg","datePublished":"2025-04-04T18:49:19+00:00","dateModified":"2026-04-10T01:10:47+00:00","description":"Excurs\u00e3o a Piedras Blancas com traslado e tren\u00f3 inclu\u00eddos. Ideal para grupos escolares, ag\u00eancias e fam\u00edlias. Seis subidas de telef\u00e9rico e organiza\u00e7\u00e3o completa.","breadcrumb":{"@id":"https:\/\/centroreservasbariloche.com\/product\/piedras-blancas-trineos-culipatin-traslado#breadcrumb"},"inLanguage":"pt-BR","potentialAction":[{"@type":"ReadAction","target":["https:\/\/centroreservasbariloche.com\/product\/piedras-blancas-trineos-culipatin-traslado"]}]},{"@type":"ImageObject","inLanguage":"pt-BR","@id":"https:\/\/centroreservasbariloche.com\/product\/piedras-blancas-trineos-culipatin-traslado#primaryimage","url":"https:\/\/buck.getjasper.digital\/2025\/04\/5-A-IMG_7132-scaled.jpg","contentUrl":"https:\/\/buck.getjasper.digital\/2025\/04\/5-A-IMG_7132-scaled.jpg","width":1920,"height":2560},{"@type":"BreadcrumbList","@id":"https:\/\/centroreservasbariloche.com\/product\/piedras-blancas-trineos-culipatin-traslado#breadcrumb","itemListElement":[{"@type":"ListItem","position":1,"name":"Home","item":"https:\/\/centroreservasbariloche.com\/"},{"@type":"ListItem","position":2,"name":"Nuestras actividades","item":"https:\/\/centroreservasbariloche.com\/shop"},{"@type":"ListItem","position":3,"name":"Piedras Blancas con Trineos y Traslado Organizado"}]},{"@type":"WebSite","@id":"https:\/\/centroreservasbariloche.com\/#website","url":"https:\/\/centroreservasbariloche.com\/","name":"Centro de Reservas de Bariloche Patag\u00f4nia Argentina","description":"Central de Reservas de Bariloche Patag\u00f4nia","publisher":{"@id":"https:\/\/centroreservasbariloche.com\/#organization"},"alternateName":"tur centra bariloche","potentialAction":[{"@type":"SearchAction","target":{"@type":"EntryPoint","urlTemplate":"https:\/\/centroreservasbariloche.com\/?s={search_term_string}"},"query-input":{"@type":"PropertyValueSpecification","valueRequired":true,"valueName":"search_term_string"}}],"inLanguage":"pt-BR"},{"@type":["Organization","Place","TravelAgency"],"@id":"https:\/\/centroreservasbariloche.com\/#organization","name":"Centro de Reservas de Bariloche","alternateName":"Centro de Reservas","url":"https:\/\/centroreservasbariloche.com\/","logo":{"@id":"https:\/\/centroreservasbariloche.com\/product\/piedras-blancas-trineos-culipatin-traslado#local-main-organization-logo"},"image":{"@id":"https:\/\/centroreservasbariloche.com\/product\/piedras-blancas-trineos-culipatin-traslado#local-main-organization-logo"},"sameAs":["https:\/\/www.facebook.com\/centroreservasbariloche"],"description":"Temos o compromisso de proporcionar a voc\u00ea uma experi\u00eancia inesquec\u00edvel, cheia de aventura, beleza natural e descobertas. Quer seja sua primeira visita a Bariloche ou se j\u00e1 teve o prazer de conhec\u00ea-la, temos certeza de que encontrar\u00e1 em nossas excurs\u00f5es a oportunidade de criar mem\u00f3rias duradouras.","legalName":"Centro Reservas Bariloche","address":{"@id":"https:\/\/centroreservasbariloche.com\/product\/piedras-blancas-trineos-culipatin-traslado#local-main-place-address"},"telephone":[],"openingHoursSpecification":[{"@type":"OpeningHoursSpecification","dayOfWeek":["Monday","Tuesday","Wednesday","Thursday","Friday","Saturday","Sunday"],"opens":"09:00","closes":"17:00"}],"priceRange":"$$"},{"@type":"PostalAddress","@id":"https:\/\/centroreservasbariloche.com\/product\/piedras-blancas-trineos-culipatin-traslado#local-main-place-address","streetAddress":"Mitre 131","addressLocality":"San Carlos de Bariloche","postalCode":"8400","addressRegion":"R\u00edo Negro","addressCountry":"AR"},{"@type":"ImageObject","inLanguage":"pt-BR","@id":"https:\/\/centroreservasbariloche.com\/product\/piedras-blancas-trineos-culipatin-traslado#local-main-organization-logo","url":"https:\/\/buck.getjasper.digital\/2025\/06\/centro-de-reservas-2-1.png","contentUrl":"https:\/\/buck.getjasper.digital\/2025\/06\/centro-de-reservas-2-1.png","width":512,"height":512,"caption":"Centro Reservas Bariloche"}]},"product_price_amount":"174000.00","product_price_currency":"ARS","og_availability":"instock","product_availability":"instock","product_retailer_item_id":"ADV2025PIBLTR3QM1","product_condition":"new","geo.placename":"San Carlos de Bariloche","geo.region":"Argentina"},"_links":{"self":[{"href":"https:\/\/centroreservasbariloche.com\/pt\/wp-json\/wp\/v2\/product\/230715","targetHints":{"allow":["GET"]}}],"collection":[{"href":"https:\/\/centroreservasbariloche.com\/pt\/wp-json\/wp\/v2\/product"}],"about":[{"href":"https:\/\/centroreservasbariloche.com\/pt\/wp-json\/wp\/v2\/types\/product"}],"replies":[{"embeddable":true,"href":"https:\/\/centroreservasbariloche.com\/pt\/wp-json\/wp\/v2\/comments?post=230715"}],"wp:featuredmedia":[{"embeddable":true,"href":"https:\/\/centroreservasbariloche.com\/pt\/wp-json\/wp\/v2\/media\/231527"}],"wp:attachment":[{"href":"https:\/\/centroreservasbariloche.com\/pt\/wp-json\/wp\/v2\/media?parent=230715"}],"wp:term":[{"taxonomy":"product_brand","embeddable":true,"href":"https:\/\/centroreservasbariloche.com\/pt\/wp-json\/wp\/v2\/product_brand?post=230715"},{"taxonomy":"product_cat","embeddable":true,"href":"https:\/\/centroreservasbariloche.com\/pt\/wp-json\/wp\/v2\/product_cat?post=230715"},{"taxonomy":"product_tag","embeddable":true,"href":"https:\/\/centroreservasbariloche.com\/pt\/wp-json\/wp\/v2\/product_tag?post=230715"}],"curies":[{"name":"wp","href":"https:\/\/api.w.org\/{rel}","templated":true}]}}