{"id":230717,"date":"2025-04-04T15:49:44","date_gmt":"2025-04-04T18:49:44","guid":{"rendered":"https:\/\/centroreservasbariloche.com\/?post_type=product&#038;p=230717"},"modified":"2026-04-09T22:11:27","modified_gmt":"2026-04-10T01:11:27","slug":"caminata-laguna-congelada-neumeyer","status":"publish","type":"product","link":"https:\/\/centroreservasbariloche.com\/pt\/product\/caminhada-na-lagoa-congelada-de-neumeyer","title":{"rendered":"Caminhada at\u00e9 a Laguna Congelada: natureza, neve e aventura segura na Patag\u00f4nia"},"content":{"rendered":"<h3 data-start=\"457\" data-end=\"588\"><strong data-start=\"461\" data-end=\"588\">Uma caminhada guiada de inverno por paisagens nevadas, ideal para grupos e visitantes que desejam conhecer a Patag\u00f4nia mais aut\u00eantica.<\/strong><\/h3>\n<p data-start=\"590\" data-end=\"881\">Essa excurs\u00e3o \u00e9 uma excelente op\u00e7\u00e3o para quem est\u00e1 procurando uma atividade diferente durante sua estada em Bariloche. A caminhada at\u00e9 o <strong data-start=\"727\" data-end=\"768\">Lagoa congelada do Ref\u00fagio Neumeyer<\/strong> combina explora\u00e7\u00e3o suave, contato com a neve, gastronomia regional e tempo para desfrutar em paz e tranquilidade.<\/p>\n<p data-start=\"883\" data-end=\"1125\">A sa\u00edda \u00e9 feita dos pontos de encontro pr\u00f3ximos \u00e0 acomoda\u00e7\u00e3o, localizados na Av. Bustillo ou na Av. Pioneros at\u00e9 o km 8. H\u00e1 dois turnos dispon\u00edveis: das 9:00 \u00e0s 16:00 ou das 11:00 \u00e0s 18:00 hs, para que voc\u00ea possa escolher o que melhor se adapta ao seu itiner\u00e1rio.<\/p>\n<p data-start=\"1127\" data-end=\"1518\">Uma vez no ref\u00fagio, os guias entregam o equipamento e o acompanham em uma caminhada com raquetes de neve por trilhas nevadas. Durante a caminhada, s\u00e3o feitas paradas para observar a flora da floresta andina, tirar fotos e aprender mais sobre o ambiente natural. Na lagoa, j\u00e1 congelada, \u00e9 oferecido um ch\u00e1 com alfajor regional e, no caminho de volta, um <strong data-start=\"1467\" data-end=\"1502\">almo\u00e7o completo no ref\u00fagio<\/strong> aquecido.<\/p>\n<p data-start=\"1520\" data-end=\"1741\">No final, h\u00e1 tempo livre para desfrutar de culipatinas na neve. Uma atividade segura e divertida, ideal para grupos de amigos ou viajantes que queiram conhecer a Patag\u00f4nia al\u00e9m dos circuitos tradicionais.<\/p>\n<p data-start=\"1743\" data-end=\"1891\">Inclui traslados dos pontos de encontro, guia profissional, equipamento para raquetes de neve, ch\u00e1 com alfajor e almo\u00e7o. Bebidas e roupas de neve n\u00e3o est\u00e3o inclu\u00eddas.<\/p>\n<h3 data-start=\"1898\" data-end=\"1926\"><strong data-start=\"1902\" data-end=\"1926\">Perguntas frequentes<\/strong><\/h3>\n<p data-start=\"1928\" data-end=\"2029\"><strong data-start=\"1928\" data-end=\"1957\">Quais s\u00e3o os hor\u00e1rios?<\/strong><br data-start=\"1957\" data-end=\"1960\" \/>Voc\u00ea pode escolher entre dois turnos: das 9:00 \u00e0s 16:00 ou das 11:00 \u00e0s 18:00 horas.<\/p>\n<p data-start=\"2031\" data-end=\"2192\"><strong data-start=\"2031\" data-end=\"2051\">O que est\u00e1 inclu\u00eddo?<\/strong><br data-start=\"2051\" data-end=\"2054\" \/>Traslados dos pontos de encontro, guia especializado, caminhada com raquetes de neve, bebidas na lagoa e almo\u00e7o completo no ref\u00fagio.<\/p>\n<p data-start=\"2194\" data-end=\"2336\"><strong data-start=\"2194\" data-end=\"2244\">\u00c9 necess\u00e1rio ter experi\u00eancia ou preparo f\u00edsico?<\/strong><br data-start=\"2244\" data-end=\"2247\" \/>N\u00e3o. \u00c9 uma caminhada acess\u00edvel, projetada para todos em bom estado geral de sa\u00fade.<\/p>\n<p data-start=\"2338\" data-end=\"2497\"><strong data-start=\"2338\" data-end=\"2372\">O que acontece em caso de mau tempo?<\/strong><br data-start=\"2372\" data-end=\"2375\" \/>A atividade \u00e9 realizada desde que seja segura. Em caso de condi\u00e7\u00f5es extremas, ser\u00e1 dado aviso pr\u00e9vio para reagendamento.<\/p>\n<p>Aviso importante: Este passeio j\u00e1 est\u00e1 dispon\u00edvel para pr\u00e9-reserva. As sa\u00eddas operam de 15 de junho a 20 de agosto, sujeitas ao calend\u00e1rio sazonal.<\/p>","protected":false},"excerpt":{"rendered":"<p>Descubra uma Patag\u00f4nia \u00fanica, de Bariloche ao ref\u00fagio Neumeyer. Embarque em uma caminhada guiada cercada de neve, fascine-se com a lagoa cristalizada e delicie-se com um almo\u00e7o inesquec\u00edvel. Ideal para quem busca aventura e conex\u00e3o com a natureza.<\/p>","protected":false},"featured_media":231598,"comment_status":"open","ping_status":"closed","template":"","meta":[],"product_brand":[],"product_cat":[38,39,44,32,53,40,52,37],"product_tag":[],"class_list":{"0":"post-230717","1":"product","2":"type-product","3":"status-publish","4":"has-post-thumbnail","6":"product_cat-adultos","7":"product_cat-aventura","8":"product_cat-con-comida","9":"product_cat-familia","10":"product_cat-ninos","11":"product_cat-con-traslado","12":"product_cat-otono","13":"product_cat-terrestre","15":"first","16":"instock","17":"virtual","18":"sold-individually","19":"purchasable","20":"product-type-booking"},"booking_location":"","booking_location_type":"","booking_duration":1,"booking_duration_unit":"hour","booking_buffer":0,"booking_cost":0,"booking_resources":[],"exclude_global_add_ons":[],"addons":[],"yoast_head":"<!-- This site is optimized with the Yoast SEO Premium plugin v24.5 (Yoast SEO v24.8) - https:\/\/yoast.com\/wordpress\/plugins\/seo\/ -->\n<title>Caminata a la Laguna Congelada: naturaleza, nieve y aventura segura en la Patagonia - Centro Reservas Bariloche Patagonia Argentina<\/title>\n<meta name=\"description\" content=\"Excursi\u00f3n a la Laguna Congelada en Refugio Neumeyer. Caminata guiada, almuerzo y nieve. Ideal para grupos y p\u00fablico extranjero. Salidas diarias desde Bariloche en invierno.\" \/>\n<meta name=\"robots\" content=\"index, follow, max-snippet:-1, max-image-preview:large, max-video-preview:-1\" \/>\n<link rel=\"canonical\" href=\"https:\/\/centroreservasbariloche.com\/pt\/product\/caminhada-na-lagoa-congelada-de-neumeyer\/\" \/>\n<meta property=\"og:locale\" content=\"pt_BR\" \/>\n<meta property=\"og:type\" content=\"article\" \/>\n<meta property=\"og:title\" content=\"Caminata a la Laguna Congelada: naturaleza, nieve y aventura segura en la Patagonia\" \/>\n<meta property=\"og:description\" content=\"Excursi\u00f3n a la Laguna Congelada en Refugio Neumeyer. Caminata guiada, almuerzo y nieve. Ideal para grupos y p\u00fablico extranjero. Salidas diarias desde Bariloche en invierno.\" \/>\n<meta property=\"og:url\" content=\"https:\/\/centroreservasbariloche.com\/pt\/product\/caminhada-na-lagoa-congelada-de-neumeyer\/\" \/>\n<meta property=\"og:site_name\" content=\"Centro Reservas Bariloche Patagonia Argentina\" \/>\n<meta property=\"article:publisher\" content=\"https:\/\/www.facebook.com\/centroreservasbariloche\" \/>\n<meta property=\"article:modified_time\" content=\"2026-04-10T01:11:27+00:00\" \/>\n<meta property=\"og:image\" content=\"https:\/\/buck.getjasper.digital\/2025\/04\/5-A-1-Laguna-copia-1-scaled.jpg\" \/>\n\t<meta property=\"og:image:width\" content=\"1920\" \/>\n\t<meta property=\"og:image:height\" content=\"2560\" \/>\n\t<meta property=\"og:image:type\" content=\"image\/jpeg\" \/>\n<meta name=\"twitter:card\" content=\"summary_large_image\" \/>\n<meta name=\"twitter:label1\" content=\"Pre\u00e7o\" \/>\n\t<meta name=\"twitter:data1\" content=\"&#036;&nbsp;264.000,00\" \/>\n\t<meta name=\"twitter:label2\" content=\"Disponibilidade\" \/>\n\t<meta name=\"twitter:data2\" content=\"Em Estoque\" \/>\n<script type=\"application\/ld+json\" class=\"yoast-schema-graph\">{\"@context\":\"https:\/\/schema.org\",\"@graph\":[{\"@type\":[\"WebPage\",\"ItemPage\"],\"@id\":\"https:\/\/centroreservasbariloche.com\/product\/caminata-laguna-congelada-neumeyer\",\"url\":\"https:\/\/centroreservasbariloche.com\/product\/caminata-laguna-congelada-neumeyer\",\"name\":\"Caminata a la Laguna Congelada: naturaleza, nieve y aventura segura en la Patagonia - Centro Reservas Bariloche Patagonia Argentina\",\"isPartOf\":{\"@id\":\"https:\/\/centroreservasbariloche.com\/#website\"},\"primaryImageOfPage\":{\"@id\":\"https:\/\/centroreservasbariloche.com\/product\/caminata-laguna-congelada-neumeyer#primaryimage\"},\"image\":{\"@id\":\"https:\/\/centroreservasbariloche.com\/product\/caminata-laguna-congelada-neumeyer#primaryimage\"},\"thumbnailUrl\":\"https:\/\/buck.getjasper.digital\/2025\/04\/5-A-1-Laguna-copia-1-scaled.jpg\",\"datePublished\":\"2025-04-04T18:49:44+00:00\",\"dateModified\":\"2026-04-10T01:11:27+00:00\",\"description\":\"Excursi\u00f3n a la Laguna Congelada en Refugio Neumeyer. Caminata guiada, almuerzo y nieve. Ideal para grupos y p\u00fablico extranjero. Salidas diarias desde Bariloche en invierno.\",\"breadcrumb\":{\"@id\":\"https:\/\/centroreservasbariloche.com\/product\/caminata-laguna-congelada-neumeyer#breadcrumb\"},\"inLanguage\":\"pt-BR\",\"potentialAction\":[{\"@type\":\"ReadAction\",\"target\":[\"https:\/\/centroreservasbariloche.com\/product\/caminata-laguna-congelada-neumeyer\"]}]},{\"@type\":\"ImageObject\",\"inLanguage\":\"pt-BR\",\"@id\":\"https:\/\/centroreservasbariloche.com\/product\/caminata-laguna-congelada-neumeyer#primaryimage\",\"url\":\"https:\/\/buck.getjasper.digital\/2025\/04\/5-A-1-Laguna-copia-1-scaled.jpg\",\"contentUrl\":\"https:\/\/buck.getjasper.digital\/2025\/04\/5-A-1-Laguna-copia-1-scaled.jpg\",\"width\":1920,\"height\":2560},{\"@type\":\"BreadcrumbList\",\"@id\":\"https:\/\/centroreservasbariloche.com\/product\/caminata-laguna-congelada-neumeyer#breadcrumb\",\"itemListElement\":[{\"@type\":\"ListItem\",\"position\":1,\"name\":\"Home\",\"item\":\"https:\/\/centroreservasbariloche.com\/\"},{\"@type\":\"ListItem\",\"position\":2,\"name\":\"Nuestras actividades\",\"item\":\"https:\/\/centroreservasbariloche.com\/shop\"},{\"@type\":\"ListItem\",\"position\":3,\"name\":\"Caminata a la Laguna Congelada: naturaleza, nieve y aventura segura en la Patagonia\"}]},{\"@type\":\"WebSite\",\"@id\":\"https:\/\/centroreservasbariloche.com\/#website\",\"url\":\"https:\/\/centroreservasbariloche.com\/\",\"name\":\"Centro Reservas Bariloche Patagonia Argentina\",\"description\":\"Centro Reservas Bariloche Patagonia\",\"publisher\":{\"@id\":\"https:\/\/centroreservasbariloche.com\/#organization\"},\"alternateName\":\"tur centra bariloche\",\"potentialAction\":[{\"@type\":\"SearchAction\",\"target\":{\"@type\":\"EntryPoint\",\"urlTemplate\":\"https:\/\/centroreservasbariloche.com\/?s={search_term_string}\"},\"query-input\":{\"@type\":\"PropertyValueSpecification\",\"valueRequired\":true,\"valueName\":\"search_term_string\"}}],\"inLanguage\":\"pt-BR\"},{\"@type\":[\"Organization\",\"Place\",\"TravelAgency\"],\"@id\":\"https:\/\/centroreservasbariloche.com\/#organization\",\"name\":\"Centro Reservas Bariloche\",\"alternateName\":\"Centro de Reservas\",\"url\":\"https:\/\/centroreservasbariloche.com\/\",\"logo\":{\"@id\":\"https:\/\/centroreservasbariloche.com\/product\/caminata-laguna-congelada-neumeyer#local-main-organization-logo\"},\"image\":{\"@id\":\"https:\/\/centroreservasbariloche.com\/product\/caminata-laguna-congelada-neumeyer#local-main-organization-logo\"},\"sameAs\":[\"https:\/\/www.facebook.com\/centroreservasbariloche\"],\"description\":\"Estamos comprometidos en brindarles una experiencia inolvidable, llena de aventura, belleza natural y descubrimientos. No importa si es su primera visita a Bariloche o si ya ha tenido el placer de conocerla, estamos seguros de que encontrar\u00e1 en nuestras excursiones la oportunidad de crear recuerdos duraderos.\",\"legalName\":\"Centro Reservas Bariloche\",\"address\":{\"@id\":\"https:\/\/centroreservasbariloche.com\/product\/caminata-laguna-congelada-neumeyer#local-main-place-address\"},\"telephone\":[],\"openingHoursSpecification\":[{\"@type\":\"OpeningHoursSpecification\",\"dayOfWeek\":[\"Monday\",\"Tuesday\",\"Wednesday\",\"Thursday\",\"Friday\",\"Saturday\",\"Sunday\"],\"opens\":\"09:00\",\"closes\":\"17:00\"}],\"priceRange\":\"$$\"},{\"@type\":\"PostalAddress\",\"@id\":\"https:\/\/centroreservasbariloche.com\/product\/caminata-laguna-congelada-neumeyer#local-main-place-address\",\"streetAddress\":\"Mitre 131\",\"addressLocality\":\"San Carlos de Bariloche\",\"postalCode\":\"8400\",\"addressRegion\":\"R\u00edo Negro\",\"addressCountry\":\"AR\"},{\"@type\":\"ImageObject\",\"inLanguage\":\"pt-BR\",\"@id\":\"https:\/\/centroreservasbariloche.com\/product\/caminata-laguna-congelada-neumeyer#local-main-organization-logo\",\"url\":\"https:\/\/buck.getjasper.digital\/2025\/06\/centro-de-reservas-2-1.png\",\"contentUrl\":\"https:\/\/buck.getjasper.digital\/2025\/06\/centro-de-reservas-2-1.png\",\"width\":512,\"height\":512,\"caption\":\"Centro Reservas Bariloche\"}]}<\/script>\n<meta property=\"product:price:amount\" content=\"264000.00\" \/>\n<meta property=\"product:price:currency\" content=\"ARS\" \/>\n<meta property=\"og:availability\" content=\"instock\" \/>\n<meta property=\"product:availability\" content=\"instock\" \/>\n<meta property=\"product:retailer_item_id\" content=\"ADV2025CAALALE5DM\" \/>\n<meta property=\"product:condition\" content=\"new\" \/>\n<meta name=\"geo.placename\" content=\"San Carlos de Bariloche\" \/>\n<meta name=\"geo.region\" content=\"Argentina\" \/>\n<!-- \/ Yoast SEO Premium plugin. -->","yoast_head_json":{"title":"Caminhada at\u00e9 a Laguna Congelada: natureza, neve e aventura segura na Patag\u00f4nia - Centro Reservas Bariloche Patag\u00f4nia Argentina","description":"Excurs\u00e3o \u00e0 Lagoa Gelada no Ref\u00fagio Neumeyer. Caminhada guiada, almo\u00e7o e neve. Ideal para grupos e visitantes estrangeiros. Sa\u00eddas di\u00e1rias de Bariloche no inverno.","robots":{"index":"index","follow":"follow","max-snippet":"max-snippet:-1","max-image-preview":"max-image-preview:large","max-video-preview":"max-video-preview:-1"},"canonical":"https:\/\/centroreservasbariloche.com\/pt\/product\/caminhada-na-lagoa-congelada-de-neumeyer\/","og_locale":"pt_BR","og_type":"article","og_title":"Caminata a la Laguna Congelada: naturaleza, nieve y aventura segura en la Patagonia","og_description":"Excursi\u00f3n a la Laguna Congelada en Refugio Neumeyer. Caminata guiada, almuerzo y nieve. Ideal para grupos y p\u00fablico extranjero. Salidas diarias desde Bariloche en invierno.","og_url":"https:\/\/centroreservasbariloche.com\/pt\/product\/caminhada-na-lagoa-congelada-de-neumeyer\/","og_site_name":"Centro Reservas Bariloche Patagonia Argentina","article_publisher":"https:\/\/www.facebook.com\/centroreservasbariloche","article_modified_time":"2026-04-10T01:11:27+00:00","og_image":[{"width":1920,"height":2560,"url":"https:\/\/buck.getjasper.digital\/2025\/04\/5-A-1-Laguna-copia-1-scaled.jpg","type":"image\/jpeg"}],"twitter_card":"summary_large_image","twitter_misc":{"Pre\u00e7o":"&#36;&nbsp;264.000,00","Disponibilidade":"Em Estoque"},"schema":{"@context":"https:\/\/schema.org","@graph":[{"@type":["WebPage","ItemPage"],"@id":"https:\/\/centroreservasbariloche.com\/product\/caminata-laguna-congelada-neumeyer","url":"https:\/\/centroreservasbariloche.com\/product\/caminata-laguna-congelada-neumeyer","name":"Caminhada at\u00e9 a Laguna Congelada: natureza, neve e aventura segura na Patag\u00f4nia - Centro Reservas Bariloche Patag\u00f4nia Argentina","isPartOf":{"@id":"https:\/\/centroreservasbariloche.com\/#website"},"primaryImageOfPage":{"@id":"https:\/\/centroreservasbariloche.com\/product\/caminata-laguna-congelada-neumeyer#primaryimage"},"image":{"@id":"https:\/\/centroreservasbariloche.com\/product\/caminata-laguna-congelada-neumeyer#primaryimage"},"thumbnailUrl":"https:\/\/buck.getjasper.digital\/2025\/04\/5-A-1-Laguna-copia-1-scaled.jpg","datePublished":"2025-04-04T18:49:44+00:00","dateModified":"2026-04-10T01:11:27+00:00","description":"Excurs\u00e3o \u00e0 Lagoa Gelada no Ref\u00fagio Neumeyer. Caminhada guiada, almo\u00e7o e neve. Ideal para grupos e visitantes estrangeiros. Sa\u00eddas di\u00e1rias de Bariloche no inverno.","breadcrumb":{"@id":"https:\/\/centroreservasbariloche.com\/product\/caminata-laguna-congelada-neumeyer#breadcrumb"},"inLanguage":"pt-BR","potentialAction":[{"@type":"ReadAction","target":["https:\/\/centroreservasbariloche.com\/product\/caminata-laguna-congelada-neumeyer"]}]},{"@type":"ImageObject","inLanguage":"pt-BR","@id":"https:\/\/centroreservasbariloche.com\/product\/caminata-laguna-congelada-neumeyer#primaryimage","url":"https:\/\/buck.getjasper.digital\/2025\/04\/5-A-1-Laguna-copia-1-scaled.jpg","contentUrl":"https:\/\/buck.getjasper.digital\/2025\/04\/5-A-1-Laguna-copia-1-scaled.jpg","width":1920,"height":2560},{"@type":"BreadcrumbList","@id":"https:\/\/centroreservasbariloche.com\/product\/caminata-laguna-congelada-neumeyer#breadcrumb","itemListElement":[{"@type":"ListItem","position":1,"name":"Home","item":"https:\/\/centroreservasbariloche.com\/"},{"@type":"ListItem","position":2,"name":"Nuestras actividades","item":"https:\/\/centroreservasbariloche.com\/shop"},{"@type":"ListItem","position":3,"name":"Caminata a la Laguna Congelada: naturaleza, nieve y aventura segura en la Patagonia"}]},{"@type":"WebSite","@id":"https:\/\/centroreservasbariloche.com\/#website","url":"https:\/\/centroreservasbariloche.com\/","name":"Centro de Reservas de Bariloche Patag\u00f4nia Argentina","description":"Central de Reservas de Bariloche Patag\u00f4nia","publisher":{"@id":"https:\/\/centroreservasbariloche.com\/#organization"},"alternateName":"tur centra bariloche","potentialAction":[{"@type":"SearchAction","target":{"@type":"EntryPoint","urlTemplate":"https:\/\/centroreservasbariloche.com\/?s={search_term_string}"},"query-input":{"@type":"PropertyValueSpecification","valueRequired":true,"valueName":"search_term_string"}}],"inLanguage":"pt-BR"},{"@type":["Organization","Place","TravelAgency"],"@id":"https:\/\/centroreservasbariloche.com\/#organization","name":"Centro de Reservas de Bariloche","alternateName":"Centro de Reservas","url":"https:\/\/centroreservasbariloche.com\/","logo":{"@id":"https:\/\/centroreservasbariloche.com\/product\/caminata-laguna-congelada-neumeyer#local-main-organization-logo"},"image":{"@id":"https:\/\/centroreservasbariloche.com\/product\/caminata-laguna-congelada-neumeyer#local-main-organization-logo"},"sameAs":["https:\/\/www.facebook.com\/centroreservasbariloche"],"description":"Temos o compromisso de proporcionar a voc\u00ea uma experi\u00eancia inesquec\u00edvel, cheia de aventura, beleza natural e descobertas. Quer seja sua primeira visita a Bariloche ou se j\u00e1 teve o prazer de conhec\u00ea-la, temos certeza de que encontrar\u00e1 em nossas excurs\u00f5es a oportunidade de criar mem\u00f3rias duradouras.","legalName":"Centro Reservas Bariloche","address":{"@id":"https:\/\/centroreservasbariloche.com\/product\/caminata-laguna-congelada-neumeyer#local-main-place-address"},"telephone":[],"openingHoursSpecification":[{"@type":"OpeningHoursSpecification","dayOfWeek":["Monday","Tuesday","Wednesday","Thursday","Friday","Saturday","Sunday"],"opens":"09:00","closes":"17:00"}],"priceRange":"$$"},{"@type":"PostalAddress","@id":"https:\/\/centroreservasbariloche.com\/product\/caminata-laguna-congelada-neumeyer#local-main-place-address","streetAddress":"Mitre 131","addressLocality":"San Carlos de Bariloche","postalCode":"8400","addressRegion":"R\u00edo Negro","addressCountry":"AR"},{"@type":"ImageObject","inLanguage":"pt-BR","@id":"https:\/\/centroreservasbariloche.com\/product\/caminata-laguna-congelada-neumeyer#local-main-organization-logo","url":"https:\/\/buck.getjasper.digital\/2025\/06\/centro-de-reservas-2-1.png","contentUrl":"https:\/\/buck.getjasper.digital\/2025\/06\/centro-de-reservas-2-1.png","width":512,"height":512,"caption":"Centro Reservas Bariloche"}]},"product_price_amount":"264000.00","product_price_currency":"ARS","og_availability":"instock","product_availability":"instock","product_retailer_item_id":"ADV2025CAALALE5DM","product_condition":"new","geo.placename":"San Carlos de Bariloche","geo.region":"Argentina"},"_links":{"self":[{"href":"https:\/\/centroreservasbariloche.com\/pt\/wp-json\/wp\/v2\/product\/230717","targetHints":{"allow":["GET"]}}],"collection":[{"href":"https:\/\/centroreservasbariloche.com\/pt\/wp-json\/wp\/v2\/product"}],"about":[{"href":"https:\/\/centroreservasbariloche.com\/pt\/wp-json\/wp\/v2\/types\/product"}],"replies":[{"embeddable":true,"href":"https:\/\/centroreservasbariloche.com\/pt\/wp-json\/wp\/v2\/comments?post=230717"}],"wp:featuredmedia":[{"embeddable":true,"href":"https:\/\/centroreservasbariloche.com\/pt\/wp-json\/wp\/v2\/media\/231598"}],"wp:attachment":[{"href":"https:\/\/centroreservasbariloche.com\/pt\/wp-json\/wp\/v2\/media?parent=230717"}],"wp:term":[{"taxonomy":"product_brand","embeddable":true,"href":"https:\/\/centroreservasbariloche.com\/pt\/wp-json\/wp\/v2\/product_brand?post=230717"},{"taxonomy":"product_cat","embeddable":true,"href":"https:\/\/centroreservasbariloche.com\/pt\/wp-json\/wp\/v2\/product_cat?post=230717"},{"taxonomy":"product_tag","embeddable":true,"href":"https:\/\/centroreservasbariloche.com\/pt\/wp-json\/wp\/v2\/product_tag?post=230717"}],"curies":[{"name":"wp","href":"https:\/\/api.w.org\/{rel}","templated":true}]}}