{"id":230718,"date":"2025-04-04T15:49:57","date_gmt":"2025-04-04T18:49:57","guid":{"rendered":"https:\/\/centroreservasbariloche.com\/?post_type=product&#038;p=230718"},"modified":"2026-04-09T22:13:09","modified_gmt":"2026-04-10T01:13:09","slug":"clase-bautismo-ski-snow-cerro-catedral","status":"publish","type":"product","link":"https:\/\/centroreservasbariloche.com\/pt\/product\/aula-de-batismo-esqui-neve-esqui-cerro-catedral","title":{"rendered":"Primeira experi\u00eancia de snowboard: aula de batismo de esqui ou snowboard no Cerro Catedral"},"content":{"rendered":"<h3 data-start=\"368\" data-end=\"500\"><strong data-start=\"372\" data-end=\"500\">Comece a praticar esqui ou snowboard com o apoio de instrutores especializados no resort de montanha mais renomado da Am\u00e9rica do Sul.<\/strong><\/h3>\n<p data-start=\"502\" data-end=\"774\">Essa atividade foi especialmente projetada para aqueles que visitam Bariloche e querem experimentar o esqui ou o snowboard pela primeira vez de forma segura e guiada. Ideal para grupos, fam\u00edlias ou turistas individuais que queiram experimentar um dia inteiro na neve com tudo planejado.<\/p>\n<p data-start=\"776\" data-end=\"1088\">A experi\u00eancia come\u00e7a com um traslado de pontos estrat\u00e9gicos entre o centro de Bariloche e o km 8 das avenidas Bustillo ou Pioneros. Ao chegar \u00e0 base do Cerro Catedral, voc\u00ea receber\u00e1 o equipamento t\u00e9cnico completo e participar\u00e1 de uma aula em grupo de duas horas conduzida por instrutores especializados.<\/p>\n<p data-start=\"1090\" data-end=\"1224\">Ap\u00f3s o treinamento, voc\u00ea ter\u00e1 tempo livre para continuar praticando com o equipamento inclu\u00eddo em \u00e1reas projetadas para iniciantes.<\/p>\n<p data-start=\"1226\" data-end=\"1342\">Dispon\u00edvel a partir de 16 de junho, das 8:00 \u00e0s 16:00 hs. Atividade recomendada para maiores de 12 anos.<\/p>\n<h3 data-start=\"1349\" data-end=\"1365\"><strong data-start=\"1353\" data-end=\"1365\">Ele inclui:<\/strong><\/h3>\n<ul data-start=\"1367\" data-end=\"1589\">\n<li data-start=\"1367\" data-end=\"1433\">\n<p data-start=\"1369\" data-end=\"1433\">Traslado de e para pontos de encontro pr\u00e9-agendados.<\/p>\n<\/li>\n<li data-start=\"1434\" data-end=\"1487\">\n<p data-start=\"1436\" data-end=\"1487\">Equipamento t\u00e9cnico completo para esqui e snowboard.<\/p>\n<\/li>\n<li data-start=\"1488\" data-end=\"1526\">\n<p data-start=\"1490\" data-end=\"1526\">Aula em grupo intensiva de duas horas.<\/p>\n<\/li>\n<li data-start=\"1527\" data-end=\"1589\">\n<p data-start=\"1529\" data-end=\"1589\">Tempo livre com uso de equipamentos em \u00e1reas de baixa dificuldade.<\/p>\n<\/li>\n<\/ul>\n<p data-start=\"1591\" data-end=\"1674\"><strong data-start=\"1591\" data-end=\"1606\">N\u00e3o inclu\u00eddo:<\/strong> equipamento de neve, refei\u00e7\u00f5es, sem telef\u00e9ricos ou elevadores.<\/p>\n<h3 data-start=\"1681\" data-end=\"1709\"><strong data-start=\"1685\" data-end=\"1709\">Perguntas frequentes<\/strong><\/h3>\n<p data-start=\"1711\" data-end=\"1817\"><strong data-start=\"1711\" data-end=\"1747\">Ele \u00e9 voltado para iniciantes?<\/strong><br data-start=\"1747\" data-end=\"1750\" \/>Sim, ele foi projetado para aqueles que nunca praticaram esportes de neve.<\/p>\n<p data-start=\"1819\" data-end=\"1923\"><strong data-start=\"1819\" data-end=\"1854\">Qual \u00e9 a idade m\u00ednima recomendada?<\/strong><br data-start=\"1854\" data-end=\"1857\" \/>A partir de 12 anos de idade. N\u00e3o \u00e9 necess\u00e1rio ter experi\u00eancia anterior.<\/p>\n<p data-start=\"1925\" data-end=\"2045\"><strong data-start=\"1925\" data-end=\"1980\">Posso continuar usando o equipamento depois da aula?<\/strong><br data-start=\"1980\" data-end=\"1983\" \/>Sim, o equipamento permanece \u00e0 sua disposi\u00e7\u00e3o pelo resto do dia.<\/p>\n<p data-start=\"2047\" data-end=\"2166\"><strong data-start=\"2047\" data-end=\"2081\">Ele inclui um passe para o telef\u00e9rico?<\/strong><br data-start=\"2081\" data-end=\"2084\" \/>N\u00e3o, esse servi\u00e7o deve ser contratado separadamente se voc\u00ea quiser usar equipamentos de eleva\u00e7\u00e3o.<\/p>\n<p>Aviso importante: Este passeio j\u00e1 est\u00e1 dispon\u00edvel para pr\u00e9-reserva. As sa\u00eddas operam de 15 de junho a 20 de agosto, sujeitas ao calend\u00e1rio sazonal.<\/p>","protected":false},"excerpt":{"rendered":"<p>Mergulhe na aventura de esquiar ou praticar snowboard no majestoso Cerro Catedral. Com traslado, equipamento completo e aulas em grupo, viva uma experi\u00eancia \u00fanica e emocionante a partir de Bariloche.<\/p>","protected":false},"featured_media":231520,"comment_status":"open","ping_status":"closed","template":"","meta":[],"product_brand":[],"product_cat":[38,39,32,53,40,49,36,37],"product_tag":[],"class_list":{"0":"post-230718","1":"product","2":"type-product","3":"status-publish","4":"has-post-thumbnail","6":"product_cat-adultos","7":"product_cat-aventura","8":"product_cat-familia","9":"product_cat-ninos","10":"product_cat-con-traslado","11":"product_cat-invierno","12":"product_cat-sin-comida","13":"product_cat-terrestre","15":"first","16":"instock","17":"virtual","18":"sold-individually","19":"purchasable","20":"product-type-booking"},"booking_location":"","booking_location_type":"","booking_duration":1,"booking_duration_unit":"hour","booking_buffer":0,"booking_cost":144000,"booking_resources":[],"exclude_global_add_ons":[],"addons":[],"yoast_head":"<!-- This site is optimized with the Yoast SEO Premium plugin v24.5 (Yoast SEO v24.8) - https:\/\/yoast.com\/wordpress\/plugins\/seo\/ -->\n<title>Primera Experiencia en Nieve: Clase Bautismo de Ski o Snowboard en Cerro Catedral - Centro Reservas Bariloche Patagonia Argentina<\/title>\n<meta name=\"robots\" content=\"index, follow, max-snippet:-1, max-image-preview:large, max-video-preview:-1\" \/>\n<link rel=\"canonical\" href=\"https:\/\/centroreservasbariloche.com\/pt\/product\/aula-de-batismo-esqui-neve-esqui-cerro-catedral\/\" \/>\n<meta property=\"og:locale\" content=\"pt_BR\" \/>\n<meta property=\"og:type\" content=\"article\" \/>\n<meta property=\"og:title\" content=\"Primera Experiencia en Nieve: Clase Bautismo de Ski o Snowboard en Cerro Catedral\" \/>\n<meta property=\"og:description\" content=\"Sumergite en la aventura del ski o snowboard en el majestuoso Cerro Catedral. Con traslado, equipamiento completo y clases grupales, viv\u00ed una experiencia \u00fanica y emocionante desde Bariloche.\" \/>\n<meta property=\"og:url\" content=\"https:\/\/centroreservasbariloche.com\/pt\/product\/aula-de-batismo-esqui-neve-esqui-cerro-catedral\/\" \/>\n<meta property=\"og:site_name\" content=\"Centro Reservas Bariloche Patagonia Argentina\" \/>\n<meta property=\"article:publisher\" content=\"https:\/\/www.facebook.com\/centroreservasbariloche\" \/>\n<meta property=\"article:modified_time\" content=\"2026-04-10T01:13:09+00:00\" \/>\n<meta property=\"og:image\" content=\"https:\/\/buck.getjasper.digital\/2025\/04\/5-B-IMG_9395-scaled.jpg\" \/>\n\t<meta property=\"og:image:width\" content=\"1920\" \/>\n\t<meta property=\"og:image:height\" content=\"2560\" \/>\n\t<meta property=\"og:image:type\" content=\"image\/jpeg\" \/>\n<meta name=\"twitter:card\" content=\"summary_large_image\" \/>\n<meta name=\"twitter:label1\" content=\"Pre\u00e7o\" \/>\n\t<meta name=\"twitter:data1\" content=\"&#036;&nbsp;144.000,00\" \/>\n\t<meta name=\"twitter:label2\" content=\"Disponibilidade\" \/>\n\t<meta name=\"twitter:data2\" content=\"Em Estoque\" \/>\n<script type=\"application\/ld+json\" class=\"yoast-schema-graph\">{\"@context\":\"https:\/\/schema.org\",\"@graph\":[{\"@type\":[\"WebPage\",\"ItemPage\"],\"@id\":\"https:\/\/centroreservasbariloche.com\/product\/clase-bautismo-ski-snow-cerro-catedral\",\"url\":\"https:\/\/centroreservasbariloche.com\/product\/clase-bautismo-ski-snow-cerro-catedral\",\"name\":\"Primera Experiencia en Nieve: Clase Bautismo de Ski o Snowboard en Cerro Catedral - Centro Reservas Bariloche Patagonia Argentina\",\"isPartOf\":{\"@id\":\"https:\/\/centroreservasbariloche.com\/#website\"},\"primaryImageOfPage\":{\"@id\":\"https:\/\/centroreservasbariloche.com\/product\/clase-bautismo-ski-snow-cerro-catedral#primaryimage\"},\"image\":{\"@id\":\"https:\/\/centroreservasbariloche.com\/product\/clase-bautismo-ski-snow-cerro-catedral#primaryimage\"},\"thumbnailUrl\":\"https:\/\/buck.getjasper.digital\/2025\/04\/5-B-IMG_9395-scaled.jpg\",\"datePublished\":\"2025-04-04T18:49:57+00:00\",\"dateModified\":\"2026-04-10T01:13:09+00:00\",\"breadcrumb\":{\"@id\":\"https:\/\/centroreservasbariloche.com\/product\/clase-bautismo-ski-snow-cerro-catedral#breadcrumb\"},\"inLanguage\":\"pt-BR\",\"potentialAction\":[{\"@type\":\"ReadAction\",\"target\":[\"https:\/\/centroreservasbariloche.com\/product\/clase-bautismo-ski-snow-cerro-catedral\"]}]},{\"@type\":\"ImageObject\",\"inLanguage\":\"pt-BR\",\"@id\":\"https:\/\/centroreservasbariloche.com\/product\/clase-bautismo-ski-snow-cerro-catedral#primaryimage\",\"url\":\"https:\/\/buck.getjasper.digital\/2025\/04\/5-B-IMG_9395-scaled.jpg\",\"contentUrl\":\"https:\/\/buck.getjasper.digital\/2025\/04\/5-B-IMG_9395-scaled.jpg\",\"width\":1920,\"height\":2560},{\"@type\":\"BreadcrumbList\",\"@id\":\"https:\/\/centroreservasbariloche.com\/product\/clase-bautismo-ski-snow-cerro-catedral#breadcrumb\",\"itemListElement\":[{\"@type\":\"ListItem\",\"position\":1,\"name\":\"Home\",\"item\":\"https:\/\/centroreservasbariloche.com\/\"},{\"@type\":\"ListItem\",\"position\":2,\"name\":\"Nuestras actividades\",\"item\":\"https:\/\/centroreservasbariloche.com\/shop\"},{\"@type\":\"ListItem\",\"position\":3,\"name\":\"Primera Experiencia en Nieve: Clase Bautismo de Ski o Snowboard en Cerro Catedral\"}]},{\"@type\":\"WebSite\",\"@id\":\"https:\/\/centroreservasbariloche.com\/#website\",\"url\":\"https:\/\/centroreservasbariloche.com\/\",\"name\":\"Centro Reservas Bariloche Patagonia Argentina\",\"description\":\"Centro Reservas Bariloche Patagonia\",\"publisher\":{\"@id\":\"https:\/\/centroreservasbariloche.com\/#organization\"},\"alternateName\":\"tur centra bariloche\",\"potentialAction\":[{\"@type\":\"SearchAction\",\"target\":{\"@type\":\"EntryPoint\",\"urlTemplate\":\"https:\/\/centroreservasbariloche.com\/?s={search_term_string}\"},\"query-input\":{\"@type\":\"PropertyValueSpecification\",\"valueRequired\":true,\"valueName\":\"search_term_string\"}}],\"inLanguage\":\"pt-BR\"},{\"@type\":[\"Organization\",\"Place\",\"TravelAgency\"],\"@id\":\"https:\/\/centroreservasbariloche.com\/#organization\",\"name\":\"Centro Reservas Bariloche\",\"alternateName\":\"Centro de Reservas\",\"url\":\"https:\/\/centroreservasbariloche.com\/\",\"logo\":{\"@id\":\"https:\/\/centroreservasbariloche.com\/product\/clase-bautismo-ski-snow-cerro-catedral#local-main-organization-logo\"},\"image\":{\"@id\":\"https:\/\/centroreservasbariloche.com\/product\/clase-bautismo-ski-snow-cerro-catedral#local-main-organization-logo\"},\"sameAs\":[\"https:\/\/www.facebook.com\/centroreservasbariloche\"],\"description\":\"Estamos comprometidos en brindarles una experiencia inolvidable, llena de aventura, belleza natural y descubrimientos. No importa si es su primera visita a Bariloche o si ya ha tenido el placer de conocerla, estamos seguros de que encontrar\u00e1 en nuestras excursiones la oportunidad de crear recuerdos duraderos.\",\"legalName\":\"Centro Reservas Bariloche\",\"address\":{\"@id\":\"https:\/\/centroreservasbariloche.com\/product\/clase-bautismo-ski-snow-cerro-catedral#local-main-place-address\"},\"telephone\":[],\"openingHoursSpecification\":[{\"@type\":\"OpeningHoursSpecification\",\"dayOfWeek\":[\"Monday\",\"Tuesday\",\"Wednesday\",\"Thursday\",\"Friday\",\"Saturday\",\"Sunday\"],\"opens\":\"09:00\",\"closes\":\"17:00\"}],\"priceRange\":\"$$\"},{\"@type\":\"PostalAddress\",\"@id\":\"https:\/\/centroreservasbariloche.com\/product\/clase-bautismo-ski-snow-cerro-catedral#local-main-place-address\",\"streetAddress\":\"Mitre 131\",\"addressLocality\":\"San Carlos de Bariloche\",\"postalCode\":\"8400\",\"addressRegion\":\"R\u00edo Negro\",\"addressCountry\":\"AR\"},{\"@type\":\"ImageObject\",\"inLanguage\":\"pt-BR\",\"@id\":\"https:\/\/centroreservasbariloche.com\/product\/clase-bautismo-ski-snow-cerro-catedral#local-main-organization-logo\",\"url\":\"https:\/\/buck.getjasper.digital\/2025\/06\/centro-de-reservas-2-1.png\",\"contentUrl\":\"https:\/\/buck.getjasper.digital\/2025\/06\/centro-de-reservas-2-1.png\",\"width\":512,\"height\":512,\"caption\":\"Centro Reservas Bariloche\"}]}<\/script>\n<meta property=\"product:price:amount\" content=\"144000.00\" \/>\n<meta property=\"product:price:currency\" content=\"ARS\" \/>\n<meta property=\"og:availability\" content=\"instock\" \/>\n<meta property=\"product:availability\" content=\"instock\" \/>\n<meta property=\"product:retailer_item_id\" content=\"ADV2025CLBADEBK70\" \/>\n<meta property=\"product:condition\" content=\"new\" \/>\n<meta name=\"geo.placename\" content=\"San Carlos de Bariloche\" \/>\n<meta name=\"geo.region\" content=\"Argentina\" \/>\n<!-- \/ Yoast SEO Premium plugin. -->","yoast_head_json":{"title":"Primeira experi\u00eancia na neve: aula de batismo de esqui ou snowboard no Cerro Catedral - Centro Reservas Bariloche Patag\u00f4nia Argentina","robots":{"index":"index","follow":"follow","max-snippet":"max-snippet:-1","max-image-preview":"max-image-preview:large","max-video-preview":"max-video-preview:-1"},"canonical":"https:\/\/centroreservasbariloche.com\/pt\/product\/aula-de-batismo-esqui-neve-esqui-cerro-catedral\/","og_locale":"pt_BR","og_type":"article","og_title":"Primera Experiencia en Nieve: Clase Bautismo de Ski o Snowboard en Cerro Catedral","og_description":"Sumergite en la aventura del ski o snowboard en el majestuoso Cerro Catedral. Con traslado, equipamiento completo y clases grupales, viv\u00ed una experiencia \u00fanica y emocionante desde Bariloche.","og_url":"https:\/\/centroreservasbariloche.com\/pt\/product\/aula-de-batismo-esqui-neve-esqui-cerro-catedral\/","og_site_name":"Centro Reservas Bariloche Patagonia Argentina","article_publisher":"https:\/\/www.facebook.com\/centroreservasbariloche","article_modified_time":"2026-04-10T01:13:09+00:00","og_image":[{"width":1920,"height":2560,"url":"https:\/\/buck.getjasper.digital\/2025\/04\/5-B-IMG_9395-scaled.jpg","type":"image\/jpeg"}],"twitter_card":"summary_large_image","twitter_misc":{"Pre\u00e7o":"&#36;&nbsp;144.000,00","Disponibilidade":"Em Estoque"},"schema":{"@context":"https:\/\/schema.org","@graph":[{"@type":["WebPage","ItemPage"],"@id":"https:\/\/centroreservasbariloche.com\/product\/clase-bautismo-ski-snow-cerro-catedral","url":"https:\/\/centroreservasbariloche.com\/product\/clase-bautismo-ski-snow-cerro-catedral","name":"Primeira experi\u00eancia na neve: aula de batismo de esqui ou snowboard no Cerro Catedral - Centro Reservas Bariloche Patag\u00f4nia Argentina","isPartOf":{"@id":"https:\/\/centroreservasbariloche.com\/#website"},"primaryImageOfPage":{"@id":"https:\/\/centroreservasbariloche.com\/product\/clase-bautismo-ski-snow-cerro-catedral#primaryimage"},"image":{"@id":"https:\/\/centroreservasbariloche.com\/product\/clase-bautismo-ski-snow-cerro-catedral#primaryimage"},"thumbnailUrl":"https:\/\/buck.getjasper.digital\/2025\/04\/5-B-IMG_9395-scaled.jpg","datePublished":"2025-04-04T18:49:57+00:00","dateModified":"2026-04-10T01:13:09+00:00","breadcrumb":{"@id":"https:\/\/centroreservasbariloche.com\/product\/clase-bautismo-ski-snow-cerro-catedral#breadcrumb"},"inLanguage":"pt-BR","potentialAction":[{"@type":"ReadAction","target":["https:\/\/centroreservasbariloche.com\/product\/clase-bautismo-ski-snow-cerro-catedral"]}]},{"@type":"ImageObject","inLanguage":"pt-BR","@id":"https:\/\/centroreservasbariloche.com\/product\/clase-bautismo-ski-snow-cerro-catedral#primaryimage","url":"https:\/\/buck.getjasper.digital\/2025\/04\/5-B-IMG_9395-scaled.jpg","contentUrl":"https:\/\/buck.getjasper.digital\/2025\/04\/5-B-IMG_9395-scaled.jpg","width":1920,"height":2560},{"@type":"BreadcrumbList","@id":"https:\/\/centroreservasbariloche.com\/product\/clase-bautismo-ski-snow-cerro-catedral#breadcrumb","itemListElement":[{"@type":"ListItem","position":1,"name":"Home","item":"https:\/\/centroreservasbariloche.com\/"},{"@type":"ListItem","position":2,"name":"Nuestras actividades","item":"https:\/\/centroreservasbariloche.com\/shop"},{"@type":"ListItem","position":3,"name":"Primera Experiencia en Nieve: Clase Bautismo de Ski o Snowboard en Cerro Catedral"}]},{"@type":"WebSite","@id":"https:\/\/centroreservasbariloche.com\/#website","url":"https:\/\/centroreservasbariloche.com\/","name":"Centro de Reservas de Bariloche Patag\u00f4nia Argentina","description":"Central de Reservas de Bariloche Patag\u00f4nia","publisher":{"@id":"https:\/\/centroreservasbariloche.com\/#organization"},"alternateName":"tur centra bariloche","potentialAction":[{"@type":"SearchAction","target":{"@type":"EntryPoint","urlTemplate":"https:\/\/centroreservasbariloche.com\/?s={search_term_string}"},"query-input":{"@type":"PropertyValueSpecification","valueRequired":true,"valueName":"search_term_string"}}],"inLanguage":"pt-BR"},{"@type":["Organization","Place","TravelAgency"],"@id":"https:\/\/centroreservasbariloche.com\/#organization","name":"Centro de Reservas de Bariloche","alternateName":"Centro de Reservas","url":"https:\/\/centroreservasbariloche.com\/","logo":{"@id":"https:\/\/centroreservasbariloche.com\/product\/clase-bautismo-ski-snow-cerro-catedral#local-main-organization-logo"},"image":{"@id":"https:\/\/centroreservasbariloche.com\/product\/clase-bautismo-ski-snow-cerro-catedral#local-main-organization-logo"},"sameAs":["https:\/\/www.facebook.com\/centroreservasbariloche"],"description":"Temos o compromisso de proporcionar a voc\u00ea uma experi\u00eancia inesquec\u00edvel, cheia de aventura, beleza natural e descobertas. Quer seja sua primeira visita a Bariloche ou se j\u00e1 teve o prazer de conhec\u00ea-la, temos certeza de que encontrar\u00e1 em nossas excurs\u00f5es a oportunidade de criar mem\u00f3rias duradouras.","legalName":"Centro Reservas Bariloche","address":{"@id":"https:\/\/centroreservasbariloche.com\/product\/clase-bautismo-ski-snow-cerro-catedral#local-main-place-address"},"telephone":[],"openingHoursSpecification":[{"@type":"OpeningHoursSpecification","dayOfWeek":["Monday","Tuesday","Wednesday","Thursday","Friday","Saturday","Sunday"],"opens":"09:00","closes":"17:00"}],"priceRange":"$$"},{"@type":"PostalAddress","@id":"https:\/\/centroreservasbariloche.com\/product\/clase-bautismo-ski-snow-cerro-catedral#local-main-place-address","streetAddress":"Mitre 131","addressLocality":"San Carlos de Bariloche","postalCode":"8400","addressRegion":"R\u00edo Negro","addressCountry":"AR"},{"@type":"ImageObject","inLanguage":"pt-BR","@id":"https:\/\/centroreservasbariloche.com\/product\/clase-bautismo-ski-snow-cerro-catedral#local-main-organization-logo","url":"https:\/\/buck.getjasper.digital\/2025\/06\/centro-de-reservas-2-1.png","contentUrl":"https:\/\/buck.getjasper.digital\/2025\/06\/centro-de-reservas-2-1.png","width":512,"height":512,"caption":"Centro Reservas Bariloche"}]},"product_price_amount":"144000.00","product_price_currency":"ARS","og_availability":"instock","product_availability":"instock","product_retailer_item_id":"ADV2025CLBADEBK70","product_condition":"new","geo.placename":"San Carlos de Bariloche","geo.region":"Argentina"},"_links":{"self":[{"href":"https:\/\/centroreservasbariloche.com\/pt\/wp-json\/wp\/v2\/product\/230718","targetHints":{"allow":["GET"]}}],"collection":[{"href":"https:\/\/centroreservasbariloche.com\/pt\/wp-json\/wp\/v2\/product"}],"about":[{"href":"https:\/\/centroreservasbariloche.com\/pt\/wp-json\/wp\/v2\/types\/product"}],"replies":[{"embeddable":true,"href":"https:\/\/centroreservasbariloche.com\/pt\/wp-json\/wp\/v2\/comments?post=230718"}],"wp:featuredmedia":[{"embeddable":true,"href":"https:\/\/centroreservasbariloche.com\/pt\/wp-json\/wp\/v2\/media\/231520"}],"wp:attachment":[{"href":"https:\/\/centroreservasbariloche.com\/pt\/wp-json\/wp\/v2\/media?parent=230718"}],"wp:term":[{"taxonomy":"product_brand","embeddable":true,"href":"https:\/\/centroreservasbariloche.com\/pt\/wp-json\/wp\/v2\/product_brand?post=230718"},{"taxonomy":"product_cat","embeddable":true,"href":"https:\/\/centroreservasbariloche.com\/pt\/wp-json\/wp\/v2\/product_cat?post=230718"},{"taxonomy":"product_tag","embeddable":true,"href":"https:\/\/centroreservasbariloche.com\/pt\/wp-json\/wp\/v2\/product_tag?post=230718"}],"curies":[{"name":"wp","href":"https:\/\/api.w.org\/{rel}","templated":true}]}}