{"id":230719,"date":"2025-04-04T15:50:12","date_gmt":"2025-04-04T18:50:12","guid":{"rendered":"https:\/\/centroreservasbariloche.com\/?post_type=product&#038;p=230719"},"modified":"2026-04-09T09:15:38","modified_gmt":"2026-04-09T12:15:38","slug":"puerto-blest-cascada-cantaros-lago-frias","status":"publish","type":"product","link":"https:\/\/centroreservasbariloche.com\/pt\/product\/puerto-blest-cachoeira-cantaros-lago-frias","title":{"rendered":"Puerto Blest e Lago Frias a partir de Puerto Pa\u00f1uelo (sem traslado)"},"content":{"rendered":"<h3 data-start=\"516\" data-end=\"605\">Duas navega\u00e7\u00f5es e uma caminhada pela natureza, com sa\u00edda direta do p\u00eder.<\/h3>\n<p data-start=\"606\" data-end=\"937\">Se voc\u00ea ou seu grupo j\u00e1 t\u00eam mobilidade pr\u00f3pria, essa op\u00e7\u00e3o \u00e9 perfeita para aproveitar o melhor do Parque Nacional Nahuel Huapi sem depender de traslados. O ponto de partida \u00e9 <strong data-start=\"788\" data-end=\"806\">Puerto Pa\u00f1uelo<\/strong>, localizado no quil\u00f4metro 25 da Avenida Bustillo. A atividade come\u00e7a \u00e0s <strong data-start=\"884\" data-end=\"895\">9:00 a.m.<\/strong>, com um retorno estimado em <strong data-start=\"924\" data-end=\"936\">18:00 hs<\/strong>.<\/p>\n<p data-start=\"939\" data-end=\"1255\">Do cais, voc\u00ea embarca em uma navega\u00e7\u00e3o guiada ao longo do <strong data-start=\"996\" data-end=\"1033\">Bra\u00e7o aben\u00e7oado do Lago Nahuel Huapi<\/strong>, Dirigimos por um ambiente imponente de montanhas e floresta tropical valdiviana. Chegando a <strong data-start=\"1112\" data-end=\"1128\">Puerto Blest<\/strong>, Um segundo barco o levar\u00e1 atrav\u00e9s do <strong data-start=\"1170\" data-end=\"1184\">Lago Frias<\/strong>, A \u00e1rea \u00e9 um lugar de \u00e1guas verdes glaciais e paisagens \u00fanicas em frente ao Cerro Tronador.<\/p>\n<p data-start=\"1257\" data-end=\"1589\">Durante a excurs\u00e3o, voc\u00ea tamb\u00e9m pode fazer a caminhada opcional at\u00e9 o <strong data-start=\"1327\" data-end=\"1351\">Cachoeira Los C\u00e1ntaros<\/strong>, A caminhada \u00e9 feita em passarelas de madeira em meio \u00e0 vegeta\u00e7\u00e3o nativa. Todo o passeio \u00e9 acompanhado por um guia em espanhol (bil\u00edngue opcional) e \u00e9 adequado para viajantes individuais, bem como para grupos educacionais, internacionais ou institucionais.<\/p>\n<h3 data-start=\"1596\" data-end=\"1622\">Perguntas frequentes<\/h3>\n<p data-start=\"1623\" data-end=\"1768\"><strong data-start=\"1623\" data-end=\"1670\">Como fa\u00e7o para chegar a Puerto Pa\u00f1uelo por conta pr\u00f3pria?<\/strong><br data-start=\"1670\" data-end=\"1673\" \/>Est\u00e1 localizado no km 25 da Avenida Bustillo. Pode-se chegar de carro, t\u00e1xi, remis ou coletivo.<\/p>\n<p data-start=\"1770\" data-end=\"1908\"><strong data-start=\"1770\" data-end=\"1802\">O que esse passeio inclui?<\/strong><br data-start=\"1802\" data-end=\"1805\" \/>Inclui navega\u00e7\u00e3o at\u00e9 Puerto Blest e Lago Frias, guia que fala ingl\u00eas e caminhada opcional at\u00e9 a cachoeira.<\/p>\n<p data-start=\"1910\" data-end=\"2046\"><strong data-start=\"1910\" data-end=\"1936\">O que n\u00e3o est\u00e1 inclu\u00eddo?<\/strong><br data-start=\"1936\" data-end=\"1939\" \/>N\u00e3o inclui traslado at\u00e9 o porto, taxas de entrada no Parque Nacional, taxa de embarque e alimenta\u00e7\u00e3o.<\/p>\n<p data-start=\"2048\" data-end=\"2197\"><strong data-start=\"2048\" data-end=\"2101\">\u00c9 adequado para grupos grandes ou viagens educacionais?<\/strong><br data-start=\"2101\" data-end=\"2104\" \/>Sim, \u00e9 ideal para grupos aut\u00f4nomos que buscam uma atividade completa e bem organizada.<\/p>","protected":false},"excerpt":{"rendered":"<p data-start=\"2449\" data-end=\"2631\">Excurs\u00e3o sem traslado de Puerto Pa\u00f1uelo. Navega\u00e7\u00e3o para Puerto Blest e Lago Frias, caminhada at\u00e9 a cachoeira Los Cantaros e guia em espanhol. Ideal para grupos que chegam por conta pr\u00f3pria.<\/p>","protected":false},"featured_media":231593,"comment_status":"open","ping_status":"closed","template":"","meta":[],"product_brand":[],"product_cat":[38,32,45,53,36,35,55],"product_tag":[],"class_list":{"0":"post-230719","1":"product","2":"type-product","3":"status-publish","4":"has-post-thumbnail","6":"product_cat-adultos","7":"product_cat-familia","8":"product_cat-lacustre","9":"product_cat-ninos","10":"product_cat-sin-comida","11":"product_cat-sin-traslado","12":"product_cat-todo-el-ano-temporada","14":"first","15":"instock","16":"virtual","17":"sold-individually","18":"purchasable","19":"product-type-booking"},"booking_location":"","booking_location_type":"","booking_duration":60,"booking_duration_unit":"minute","booking_buffer":0,"booking_cost":0,"booking_resources":[],"exclude_global_add_ons":false,"addons":[{"name":"ADU: Adulto","type":"input_multiplier","position":0,"required":false,"title_format":"label","default":"","description_enable":false,"description":"","placeholder_enable":false,"placeholder":"","display":"select","restrictions_type":"any_text","adjust_price":true,"price":"190000","price_type":"quantity_based","restrictions":false,"min":"0","max":"0","options":[],"id":1773233364},{"name":"MEN512 | 5 a 12","type":"input_multiplier","position":1,"required":false,"title_format":"label","default":"","description_enable":false,"description":"","placeholder_enable":false,"placeholder":"","display":"select","restrictions_type":"any_text","adjust_price":true,"price":"97000","price_type":"quantity_based","restrictions":false,"min":"0","max":"0","options":[],"id":1773233365},{"name":"ADUJ : Aposentado","type":"input_multiplier","position":2,"required":false,"title_format":"label","default":"","description_enable":false,"description":"","placeholder_enable":false,"placeholder":"","display":"select","restrictions_type":"any_text","adjust_price":true,"price":"97000","price_type":"quantity_based","restrictions":false,"min":"0","max":"0","options":[],"id":1773233366}],"yoast_head":"<!-- This site is optimized with the Yoast SEO Premium plugin v24.5 (Yoast SEO v24.8) - https:\/\/yoast.com\/wordpress\/plugins\/seo\/ -->\n<title>Puerto Blest y Lago Fr\u00edas desde Puerto Pa\u00f1uelo (sin traslado) - Centro Reservas Bariloche Patagonia Argentina<\/title>\n<meta name=\"description\" content=\"Excursi\u00f3n sin traslado a Puerto Blest y Lago Fr\u00edas desde Puerto Pa\u00f1uelo. Ideal para viajeros internacionales o grupos con movilidad propia. Incluye dos navegaciones y gu\u00eda.\" \/>\n<meta name=\"robots\" content=\"index, follow, max-snippet:-1, max-image-preview:large, max-video-preview:-1\" \/>\n<link rel=\"canonical\" href=\"https:\/\/centroreservasbariloche.com\/pt\/product\/puerto-blest-cachoeira-cantaros-lago-frias\/\" \/>\n<meta property=\"og:locale\" content=\"pt_BR\" \/>\n<meta property=\"og:type\" content=\"article\" \/>\n<meta property=\"og:title\" content=\"Puerto Blest y Lago Fr\u00edas desde Puerto Pa\u00f1uelo (sin traslado)\" \/>\n<meta property=\"og:description\" content=\"Excursi\u00f3n sin traslado a Puerto Blest y Lago Fr\u00edas desde Puerto Pa\u00f1uelo. Ideal para viajeros internacionales o grupos con movilidad propia. Incluye dos navegaciones y gu\u00eda.\" \/>\n<meta property=\"og:url\" content=\"https:\/\/centroreservasbariloche.com\/pt\/product\/puerto-blest-cachoeira-cantaros-lago-frias\/\" \/>\n<meta property=\"og:site_name\" content=\"Centro Reservas Bariloche Patagonia Argentina\" \/>\n<meta property=\"article:publisher\" content=\"https:\/\/www.facebook.com\/centroreservasbariloche\" \/>\n<meta property=\"article:modified_time\" content=\"2026-04-09T12:15:38+00:00\" \/>\n<meta property=\"og:image\" content=\"https:\/\/buck.getjasper.digital\/2025\/04\/5-B-WhatsApp-Image-2023-02-21-at-10.55.35-2-scaled.jpg\" \/>\n\t<meta property=\"og:image:width\" content=\"1920\" \/>\n\t<meta property=\"og:image:height\" content=\"2560\" \/>\n\t<meta property=\"og:image:type\" content=\"image\/jpeg\" \/>\n<meta name=\"twitter:card\" content=\"summary_large_image\" \/>\n<meta name=\"twitter:label1\" content=\"Pre\u00e7o\" \/>\n\t<meta name=\"twitter:data1\" content=\"&#036;&nbsp;190.000,00\" \/>\n\t<meta name=\"twitter:label2\" content=\"Disponibilidade\" \/>\n\t<meta name=\"twitter:data2\" content=\"Em Estoque\" \/>\n<script type=\"application\/ld+json\" class=\"yoast-schema-graph\">{\"@context\":\"https:\/\/schema.org\",\"@graph\":[{\"@type\":[\"WebPage\",\"ItemPage\"],\"@id\":\"https:\/\/centroreservasbariloche.com\/product\/puerto-blest-cascada-cantaros-lago-frias\",\"url\":\"https:\/\/centroreservasbariloche.com\/product\/puerto-blest-cascada-cantaros-lago-frias\",\"name\":\"Puerto Blest y Lago Fr\u00edas desde Puerto Pa\u00f1uelo (sin traslado) - Centro Reservas Bariloche Patagonia Argentina\",\"isPartOf\":{\"@id\":\"https:\/\/centroreservasbariloche.com\/#website\"},\"primaryImageOfPage\":{\"@id\":\"https:\/\/centroreservasbariloche.com\/product\/puerto-blest-cascada-cantaros-lago-frias#primaryimage\"},\"image\":{\"@id\":\"https:\/\/centroreservasbariloche.com\/product\/puerto-blest-cascada-cantaros-lago-frias#primaryimage\"},\"thumbnailUrl\":\"https:\/\/buck.getjasper.digital\/2025\/04\/5-B-WhatsApp-Image-2023-02-21-at-10.55.35-2-scaled.jpg\",\"datePublished\":\"2025-04-04T18:50:12+00:00\",\"dateModified\":\"2026-04-09T12:15:38+00:00\",\"description\":\"Excursi\u00f3n sin traslado a Puerto Blest y Lago Fr\u00edas desde Puerto Pa\u00f1uelo. Ideal para viajeros internacionales o grupos con movilidad propia. Incluye dos navegaciones y gu\u00eda.\",\"breadcrumb\":{\"@id\":\"https:\/\/centroreservasbariloche.com\/product\/puerto-blest-cascada-cantaros-lago-frias#breadcrumb\"},\"inLanguage\":\"pt-BR\",\"potentialAction\":[{\"@type\":\"ReadAction\",\"target\":[\"https:\/\/centroreservasbariloche.com\/product\/puerto-blest-cascada-cantaros-lago-frias\"]}]},{\"@type\":\"ImageObject\",\"inLanguage\":\"pt-BR\",\"@id\":\"https:\/\/centroreservasbariloche.com\/product\/puerto-blest-cascada-cantaros-lago-frias#primaryimage\",\"url\":\"https:\/\/buck.getjasper.digital\/2025\/04\/5-B-WhatsApp-Image-2023-02-21-at-10.55.35-2-scaled.jpg\",\"contentUrl\":\"https:\/\/buck.getjasper.digital\/2025\/04\/5-B-WhatsApp-Image-2023-02-21-at-10.55.35-2-scaled.jpg\",\"width\":1920,\"height\":2560},{\"@type\":\"BreadcrumbList\",\"@id\":\"https:\/\/centroreservasbariloche.com\/product\/puerto-blest-cascada-cantaros-lago-frias#breadcrumb\",\"itemListElement\":[{\"@type\":\"ListItem\",\"position\":1,\"name\":\"Home\",\"item\":\"https:\/\/centroreservasbariloche.com\/\"},{\"@type\":\"ListItem\",\"position\":2,\"name\":\"Nuestras actividades\",\"item\":\"https:\/\/centroreservasbariloche.com\/shop\"},{\"@type\":\"ListItem\",\"position\":3,\"name\":\"Puerto Blest y Lago Fr\u00edas desde Puerto Pa\u00f1uelo (sin traslado)\"}]},{\"@type\":\"WebSite\",\"@id\":\"https:\/\/centroreservasbariloche.com\/#website\",\"url\":\"https:\/\/centroreservasbariloche.com\/\",\"name\":\"Centro Reservas Bariloche Patagonia Argentina\",\"description\":\"Centro Reservas Bariloche Patagonia\",\"publisher\":{\"@id\":\"https:\/\/centroreservasbariloche.com\/#organization\"},\"alternateName\":\"tur centra bariloche\",\"potentialAction\":[{\"@type\":\"SearchAction\",\"target\":{\"@type\":\"EntryPoint\",\"urlTemplate\":\"https:\/\/centroreservasbariloche.com\/?s={search_term_string}\"},\"query-input\":{\"@type\":\"PropertyValueSpecification\",\"valueRequired\":true,\"valueName\":\"search_term_string\"}}],\"inLanguage\":\"pt-BR\"},{\"@type\":[\"Organization\",\"Place\",\"TravelAgency\"],\"@id\":\"https:\/\/centroreservasbariloche.com\/#organization\",\"name\":\"Centro Reservas Bariloche\",\"alternateName\":\"Centro de Reservas\",\"url\":\"https:\/\/centroreservasbariloche.com\/\",\"logo\":{\"@id\":\"https:\/\/centroreservasbariloche.com\/product\/puerto-blest-cascada-cantaros-lago-frias#local-main-organization-logo\"},\"image\":{\"@id\":\"https:\/\/centroreservasbariloche.com\/product\/puerto-blest-cascada-cantaros-lago-frias#local-main-organization-logo\"},\"sameAs\":[\"https:\/\/www.facebook.com\/centroreservasbariloche\"],\"description\":\"Estamos comprometidos en brindarles una experiencia inolvidable, llena de aventura, belleza natural y descubrimientos. No importa si es su primera visita a Bariloche o si ya ha tenido el placer de conocerla, estamos seguros de que encontrar\u00e1 en nuestras excursiones la oportunidad de crear recuerdos duraderos.\",\"legalName\":\"Centro Reservas Bariloche\",\"address\":{\"@id\":\"https:\/\/centroreservasbariloche.com\/product\/puerto-blest-cascada-cantaros-lago-frias#local-main-place-address\"},\"telephone\":[],\"openingHoursSpecification\":[{\"@type\":\"OpeningHoursSpecification\",\"dayOfWeek\":[\"Monday\",\"Tuesday\",\"Wednesday\",\"Thursday\",\"Friday\",\"Saturday\",\"Sunday\"],\"opens\":\"09:00\",\"closes\":\"17:00\"}],\"priceRange\":\"$$\"},{\"@type\":\"PostalAddress\",\"@id\":\"https:\/\/centroreservasbariloche.com\/product\/puerto-blest-cascada-cantaros-lago-frias#local-main-place-address\",\"streetAddress\":\"Mitre 131\",\"addressLocality\":\"San Carlos de Bariloche\",\"postalCode\":\"8400\",\"addressRegion\":\"R\u00edo Negro\",\"addressCountry\":\"AR\"},{\"@type\":\"ImageObject\",\"inLanguage\":\"pt-BR\",\"@id\":\"https:\/\/centroreservasbariloche.com\/product\/puerto-blest-cascada-cantaros-lago-frias#local-main-organization-logo\",\"url\":\"https:\/\/buck.getjasper.digital\/2025\/06\/centro-de-reservas-2-1.png\",\"contentUrl\":\"https:\/\/buck.getjasper.digital\/2025\/06\/centro-de-reservas-2-1.png\",\"width\":512,\"height\":512,\"caption\":\"Centro Reservas Bariloche\"}]}<\/script>\n<meta property=\"product:price:amount\" content=\"190000.00\" \/>\n<meta property=\"product:price:currency\" content=\"ARS\" \/>\n<meta property=\"og:availability\" content=\"instock\" \/>\n<meta property=\"product:availability\" content=\"instock\" \/>\n<meta property=\"product:retailer_item_id\" content=\"ADV2025PUBLYC33V7\" \/>\n<meta property=\"product:condition\" content=\"new\" \/>\n<meta name=\"geo.placename\" content=\"San Carlos de Bariloche\" \/>\n<meta name=\"geo.region\" content=\"Argentina\" \/>\n<!-- \/ Yoast SEO Premium plugin. -->","yoast_head_json":{"title":"Puerto Blest e Lago Frias desde Puerto Pa\u00f1uelo (sem traslado) - Centro Reservas Bariloche Patag\u00f4nia Argentina","description":"Excurs\u00e3o sem traslado para Puerto Blest e Lago Frias a partir de Puerto Pa\u00f1uelo. Ideal para viajantes internacionais ou grupos com mobilidade pr\u00f3pria. Inclui duas navega\u00e7\u00f5es e guia.","robots":{"index":"index","follow":"follow","max-snippet":"max-snippet:-1","max-image-preview":"max-image-preview:large","max-video-preview":"max-video-preview:-1"},"canonical":"https:\/\/centroreservasbariloche.com\/pt\/product\/puerto-blest-cachoeira-cantaros-lago-frias\/","og_locale":"pt_BR","og_type":"article","og_title":"Puerto Blest y Lago Fr\u00edas desde Puerto Pa\u00f1uelo (sin traslado)","og_description":"Excursi\u00f3n sin traslado a Puerto Blest y Lago Fr\u00edas desde Puerto Pa\u00f1uelo. Ideal para viajeros internacionales o grupos con movilidad propia. Incluye dos navegaciones y gu\u00eda.","og_url":"https:\/\/centroreservasbariloche.com\/pt\/product\/puerto-blest-cachoeira-cantaros-lago-frias\/","og_site_name":"Centro Reservas Bariloche Patagonia Argentina","article_publisher":"https:\/\/www.facebook.com\/centroreservasbariloche","article_modified_time":"2026-04-09T12:15:38+00:00","og_image":[{"width":1920,"height":2560,"url":"https:\/\/buck.getjasper.digital\/2025\/04\/5-B-WhatsApp-Image-2023-02-21-at-10.55.35-2-scaled.jpg","type":"image\/jpeg"}],"twitter_card":"summary_large_image","twitter_misc":{"Pre\u00e7o":"&#36;&nbsp;190.000,00","Disponibilidade":"Em Estoque"},"schema":{"@context":"https:\/\/schema.org","@graph":[{"@type":["WebPage","ItemPage"],"@id":"https:\/\/centroreservasbariloche.com\/product\/puerto-blest-cascada-cantaros-lago-frias","url":"https:\/\/centroreservasbariloche.com\/product\/puerto-blest-cascada-cantaros-lago-frias","name":"Puerto Blest e Lago Frias desde Puerto Pa\u00f1uelo (sem traslado) - Centro Reservas Bariloche Patag\u00f4nia Argentina","isPartOf":{"@id":"https:\/\/centroreservasbariloche.com\/#website"},"primaryImageOfPage":{"@id":"https:\/\/centroreservasbariloche.com\/product\/puerto-blest-cascada-cantaros-lago-frias#primaryimage"},"image":{"@id":"https:\/\/centroreservasbariloche.com\/product\/puerto-blest-cascada-cantaros-lago-frias#primaryimage"},"thumbnailUrl":"https:\/\/buck.getjasper.digital\/2025\/04\/5-B-WhatsApp-Image-2023-02-21-at-10.55.35-2-scaled.jpg","datePublished":"2025-04-04T18:50:12+00:00","dateModified":"2026-04-09T12:15:38+00:00","description":"Excurs\u00e3o sem traslado para Puerto Blest e Lago Frias a partir de Puerto Pa\u00f1uelo. Ideal para viajantes internacionais ou grupos com mobilidade pr\u00f3pria. Inclui duas navega\u00e7\u00f5es e guia.","breadcrumb":{"@id":"https:\/\/centroreservasbariloche.com\/product\/puerto-blest-cascada-cantaros-lago-frias#breadcrumb"},"inLanguage":"pt-BR","potentialAction":[{"@type":"ReadAction","target":["https:\/\/centroreservasbariloche.com\/product\/puerto-blest-cascada-cantaros-lago-frias"]}]},{"@type":"ImageObject","inLanguage":"pt-BR","@id":"https:\/\/centroreservasbariloche.com\/product\/puerto-blest-cascada-cantaros-lago-frias#primaryimage","url":"https:\/\/buck.getjasper.digital\/2025\/04\/5-B-WhatsApp-Image-2023-02-21-at-10.55.35-2-scaled.jpg","contentUrl":"https:\/\/buck.getjasper.digital\/2025\/04\/5-B-WhatsApp-Image-2023-02-21-at-10.55.35-2-scaled.jpg","width":1920,"height":2560},{"@type":"BreadcrumbList","@id":"https:\/\/centroreservasbariloche.com\/product\/puerto-blest-cascada-cantaros-lago-frias#breadcrumb","itemListElement":[{"@type":"ListItem","position":1,"name":"Home","item":"https:\/\/centroreservasbariloche.com\/"},{"@type":"ListItem","position":2,"name":"Nuestras actividades","item":"https:\/\/centroreservasbariloche.com\/shop"},{"@type":"ListItem","position":3,"name":"Puerto Blest y Lago Fr\u00edas desde Puerto Pa\u00f1uelo (sin traslado)"}]},{"@type":"WebSite","@id":"https:\/\/centroreservasbariloche.com\/#website","url":"https:\/\/centroreservasbariloche.com\/","name":"Centro de Reservas de Bariloche Patag\u00f4nia Argentina","description":"Central de Reservas de Bariloche Patag\u00f4nia","publisher":{"@id":"https:\/\/centroreservasbariloche.com\/#organization"},"alternateName":"tur centra bariloche","potentialAction":[{"@type":"SearchAction","target":{"@type":"EntryPoint","urlTemplate":"https:\/\/centroreservasbariloche.com\/?s={search_term_string}"},"query-input":{"@type":"PropertyValueSpecification","valueRequired":true,"valueName":"search_term_string"}}],"inLanguage":"pt-BR"},{"@type":["Organization","Place","TravelAgency"],"@id":"https:\/\/centroreservasbariloche.com\/#organization","name":"Centro de Reservas de Bariloche","alternateName":"Centro de Reservas","url":"https:\/\/centroreservasbariloche.com\/","logo":{"@id":"https:\/\/centroreservasbariloche.com\/product\/puerto-blest-cascada-cantaros-lago-frias#local-main-organization-logo"},"image":{"@id":"https:\/\/centroreservasbariloche.com\/product\/puerto-blest-cascada-cantaros-lago-frias#local-main-organization-logo"},"sameAs":["https:\/\/www.facebook.com\/centroreservasbariloche"],"description":"Temos o compromisso de proporcionar a voc\u00ea uma experi\u00eancia inesquec\u00edvel, cheia de aventura, beleza natural e descobertas. Quer seja sua primeira visita a Bariloche ou se j\u00e1 teve o prazer de conhec\u00ea-la, temos certeza de que encontrar\u00e1 em nossas excurs\u00f5es a oportunidade de criar mem\u00f3rias duradouras.","legalName":"Centro Reservas Bariloche","address":{"@id":"https:\/\/centroreservasbariloche.com\/product\/puerto-blest-cascada-cantaros-lago-frias#local-main-place-address"},"telephone":[],"openingHoursSpecification":[{"@type":"OpeningHoursSpecification","dayOfWeek":["Monday","Tuesday","Wednesday","Thursday","Friday","Saturday","Sunday"],"opens":"09:00","closes":"17:00"}],"priceRange":"$$"},{"@type":"PostalAddress","@id":"https:\/\/centroreservasbariloche.com\/product\/puerto-blest-cascada-cantaros-lago-frias#local-main-place-address","streetAddress":"Mitre 131","addressLocality":"San Carlos de Bariloche","postalCode":"8400","addressRegion":"R\u00edo Negro","addressCountry":"AR"},{"@type":"ImageObject","inLanguage":"pt-BR","@id":"https:\/\/centroreservasbariloche.com\/product\/puerto-blest-cascada-cantaros-lago-frias#local-main-organization-logo","url":"https:\/\/buck.getjasper.digital\/2025\/06\/centro-de-reservas-2-1.png","contentUrl":"https:\/\/buck.getjasper.digital\/2025\/06\/centro-de-reservas-2-1.png","width":512,"height":512,"caption":"Centro Reservas Bariloche"}]},"product_price_amount":"190000.00","product_price_currency":"ARS","og_availability":"instock","product_availability":"instock","product_retailer_item_id":"ADV2025PUBLYC33V7","product_condition":"new","geo.placename":"San Carlos de Bariloche","geo.region":"Argentina"},"_links":{"self":[{"href":"https:\/\/centroreservasbariloche.com\/pt\/wp-json\/wp\/v2\/product\/230719","targetHints":{"allow":["GET"]}}],"collection":[{"href":"https:\/\/centroreservasbariloche.com\/pt\/wp-json\/wp\/v2\/product"}],"about":[{"href":"https:\/\/centroreservasbariloche.com\/pt\/wp-json\/wp\/v2\/types\/product"}],"replies":[{"embeddable":true,"href":"https:\/\/centroreservasbariloche.com\/pt\/wp-json\/wp\/v2\/comments?post=230719"}],"wp:featuredmedia":[{"embeddable":true,"href":"https:\/\/centroreservasbariloche.com\/pt\/wp-json\/wp\/v2\/media\/231593"}],"wp:attachment":[{"href":"https:\/\/centroreservasbariloche.com\/pt\/wp-json\/wp\/v2\/media?parent=230719"}],"wp:term":[{"taxonomy":"product_brand","embeddable":true,"href":"https:\/\/centroreservasbariloche.com\/pt\/wp-json\/wp\/v2\/product_brand?post=230719"},{"taxonomy":"product_cat","embeddable":true,"href":"https:\/\/centroreservasbariloche.com\/pt\/wp-json\/wp\/v2\/product_cat?post=230719"},{"taxonomy":"product_tag","embeddable":true,"href":"https:\/\/centroreservasbariloche.com\/pt\/wp-json\/wp\/v2\/product_tag?post=230719"}],"curies":[{"name":"wp","href":"https:\/\/api.w.org\/{rel}","templated":true}]}}