{"id":230720,"date":"2025-04-04T15:50:22","date_gmt":"2025-04-04T18:50:22","guid":{"rendered":"https:\/\/centroreservasbariloche.com\/?post_type=product&#038;p=230720"},"modified":"2026-04-08T16:19:04","modified_gmt":"2026-04-08T19:19:04","slug":"puerto-blest-cascada-los-cantaros-sin-traslado","status":"publish","type":"product","link":"https:\/\/centroreservasbariloche.com\/pt\/product\/puerto-blest-waterfall-los-cantaros-no-transfer","title":{"rendered":"Puerto Blest e Cachoeira Los C\u00e1ntaros - Sa\u00edda de Puerto Pa\u00f1uelo (sem traslado)"},"content":{"rendered":"<h3 data-start=\"591\" data-end=\"673\">Uma op\u00e7\u00e3o pr\u00e1tica para conhecer o melhor do Parque Nacional Nahuel Huapi<\/h3>\n<p data-start=\"674\" data-end=\"1011\">Se voc\u00ea estiver hospedado nas proximidades de Puerto Pa\u00f1uelo ou se chegar de carro, essa vers\u00e3o sem traslado \u00e9 ideal para aproveitar a excurs\u00e3o sem complica\u00e7\u00f5es. O ponto de partida \u00e9 diretamente no cais localizado no 25\u00ba quil\u00f4metro da Avenida Bustillo, de onde voc\u00ea embarca em um catamar\u00e3 que navega pelo Brazo Blest do Lago Nahuel Huapi.<\/p>\n<p data-start=\"1013\" data-end=\"1487\">Durante a navega\u00e7\u00e3o, com um guia que fala ingl\u00eas, voc\u00ea viajar\u00e1 por um ambiente natural deslumbrante e passar\u00e1 pelo <strong data-start=\"1115\" data-end=\"1135\">Ilhota Sentinela<\/strong>, O local \u00e9 um local de valor hist\u00f3rico nacional. Chegando ao <strong data-start=\"1184\" data-end=\"1200\">Puerto Blest<\/strong>, O grupo desce para uma caminhada guiada por trilhas e passarelas de madeira at\u00e9 o impressionante <strong data-start=\"1309\" data-end=\"1333\">Cachoeira Los C\u00e1ntaros<\/strong>. \u00c9 uma experi\u00eancia muito acess\u00edvel, ideal para todos os tipos de viajantes, com a possibilidade de adicionar (se desejado) a navega\u00e7\u00e3o adicional ao <strong data-start=\"1472\" data-end=\"1486\">Lago Frias<\/strong>.<\/p>\n<p data-start=\"1489\" data-end=\"1770\">O passeio se estende por todo o dia, retornando ao porto no final da tarde. \u00c9 especialmente recomendado para viajantes internacionais que preferem se deslocar em seu pr\u00f3prio ritmo, sem depender de traslados da cidade, mas com organiza\u00e7\u00e3o profissional garantida uma vez no ponto de partida.<\/p>\n<h3 data-start=\"1777\" data-end=\"1803\">Perguntas frequentes<\/h3>\n<p data-start=\"1804\" data-end=\"1960\"><strong data-start=\"1804\" data-end=\"1858\">Como fa\u00e7o para chegar a Puerto Pa\u00f1uelo se n\u00e3o tiver um traslado?<\/strong><br data-start=\"1858\" data-end=\"1861\" \/>Voc\u00ea pode ir de carro, t\u00e1xi, remis ou transporte p\u00fablico. Fica a 25 km do centro, na Avenida Bustillo.<\/p>\n<p data-start=\"1962\" data-end=\"2105\"><strong data-start=\"1962\" data-end=\"2002\">H\u00e1 um guia para todo o passeio?<\/strong><br data-start=\"2002\" data-end=\"2005\" \/>Sim, durante a navega\u00e7\u00e3o e nas caminhadas, h\u00e1 um guia em espanhol. Consulte a disponibilidade bil\u00edngue.<\/p>\n<p data-start=\"2107\" data-end=\"2230\"><strong data-start=\"2107\" data-end=\"2132\">O que eu preciso levar?<\/strong><br data-start=\"2132\" data-end=\"2135\" \/>Sapatos confort\u00e1veis, roupas quentes, prote\u00e7\u00e3o solar e alimentos, caso n\u00e3o v\u00e1 usar o restaurante Blest.<\/p>\n<p data-start=\"2232\" data-end=\"2369\"><strong data-start=\"2232\" data-end=\"2268\">A excurs\u00e3o funciona durante todo o ano?<\/strong><br data-start=\"2268\" data-end=\"2271\" \/>Sim, mas o hor\u00e1rio pode variar no inverno. Recomenda-se consultar em datas de baixa temporada.<\/p>","protected":false},"excerpt":{"rendered":"<p>Participe desta fascinante excurs\u00e3o e descubra Puerto Blest e a impressionante Cachoeira Los C\u00e1ntaros. Navegue pelo Lago Nahuel Huapi e explore a floresta tropical Valdiviana no cora\u00e7\u00e3o da Patag\u00f4nia Argentina para uma experi\u00eancia inesquec\u00edvel.<\/p>","protected":false},"featured_media":231588,"comment_status":"open","ping_status":"closed","template":"","meta":[],"product_brand":[],"product_cat":[38,32,45,53,36,35,55],"product_tag":[],"class_list":{"0":"post-230720","1":"product","2":"type-product","3":"status-publish","4":"has-post-thumbnail","6":"product_cat-adultos","7":"product_cat-familia","8":"product_cat-lacustre","9":"product_cat-ninos","10":"product_cat-sin-comida","11":"product_cat-sin-traslado","12":"product_cat-todo-el-ano-temporada","14":"first","15":"instock","16":"virtual","17":"sold-individually","18":"purchasable","19":"product-type-booking"},"booking_location":"","booking_location_type":"","booking_duration":60,"booking_duration_unit":"minute","booking_buffer":0,"booking_cost":0,"booking_resources":[],"exclude_global_add_ons":false,"addons":[{"name":"ADU: Adulto","type":"input_multiplier","position":0,"required":false,"title_format":"label","default":"","description_enable":false,"description":"","placeholder_enable":false,"placeholder":"","display":"select","restrictions_type":"any_text","adjust_price":true,"price":"136000","price_type":"quantity_based","restrictions":false,"min":"0","max":"0","options":[],"id":1773233626},{"name":"MEN512 | 5 a 12","type":"input_multiplier","position":1,"required":false,"title_format":"label","default":"","description_enable":false,"description":"","placeholder_enable":false,"placeholder":"","display":"select","restrictions_type":"any_text","adjust_price":true,"price":"70000","price_type":"quantity_based","restrictions":false,"min":"0","max":"0","options":[],"id":1773233627},{"name":"ADUJ : Aposentado","type":"input_multiplier","position":2,"required":false,"title_format":"label","default":"","description_enable":false,"description":"","placeholder_enable":false,"placeholder":"","display":"select","restrictions_type":"any_text","adjust_price":true,"price":"70000","price_type":"quantity_based","restrictions":false,"min":"0","max":"0","options":[],"id":1773233628}],"yoast_head":"<!-- This site is optimized with the Yoast SEO Premium plugin v24.5 (Yoast SEO v24.8) - https:\/\/yoast.com\/wordpress\/plugins\/seo\/ -->\n<title>Excursi\u00f3n Puerto Blest y Cascada Los C\u00e1ntaros - Centro Reservas Bariloche Patagonia Argentina<\/title>\n<meta name=\"description\" content=\"Excursi\u00f3n a Puerto Blest y Cascada Los C\u00e1ntaros sin traslado desde Puerto Pa\u00f1uelo. Incluye navegaci\u00f3n y caminata con paisajes \u00fanicos de Bariloche.\" \/>\n<meta name=\"robots\" content=\"index, follow, max-snippet:-1, max-image-preview:large, max-video-preview:-1\" \/>\n<link rel=\"canonical\" href=\"https:\/\/centroreservasbariloche.com\/pt\/product\/puerto-blest-waterfall-los-cantaros-no-transfer\/\" \/>\n<meta property=\"og:locale\" content=\"pt_BR\" \/>\n<meta property=\"og:type\" content=\"article\" \/>\n<meta property=\"og:title\" content=\"Puerto Blest y Cascada Los C\u00e1ntaros \u2013 Salida desde Puerto Pa\u00f1uelo (sin traslado)\" \/>\n<meta property=\"og:description\" content=\"Excursi\u00f3n a Puerto Blest y Cascada Los C\u00e1ntaros sin traslado desde Puerto Pa\u00f1uelo. Incluye navegaci\u00f3n y caminata con paisajes \u00fanicos de Bariloche.\" \/>\n<meta property=\"og:url\" content=\"https:\/\/centroreservasbariloche.com\/pt\/product\/puerto-blest-waterfall-los-cantaros-no-transfer\/\" \/>\n<meta property=\"og:site_name\" content=\"Centro Reservas Bariloche Patagonia Argentina\" \/>\n<meta property=\"article:publisher\" content=\"https:\/\/www.facebook.com\/centroreservasbariloche\" \/>\n<meta property=\"article:modified_time\" content=\"2026-04-08T19:19:04+00:00\" \/>\n<meta property=\"og:image\" content=\"https:\/\/buck.getjasper.digital\/2025\/04\/5-C-20211209_113220-scaled.jpg\" \/>\n\t<meta property=\"og:image:width\" content=\"1920\" \/>\n\t<meta property=\"og:image:height\" content=\"2560\" \/>\n\t<meta property=\"og:image:type\" content=\"image\/jpeg\" \/>\n<meta name=\"twitter:card\" content=\"summary_large_image\" \/>\n<meta name=\"twitter:label1\" content=\"Pre\u00e7o\" \/>\n\t<meta name=\"twitter:data1\" content=\"&#036;&nbsp;136.000,00\" \/>\n\t<meta name=\"twitter:label2\" content=\"Disponibilidade\" \/>\n\t<meta name=\"twitter:data2\" content=\"Em Estoque\" \/>\n<script type=\"application\/ld+json\" class=\"yoast-schema-graph\">{\"@context\":\"https:\/\/schema.org\",\"@graph\":[{\"@type\":[\"WebPage\",\"ItemPage\"],\"@id\":\"https:\/\/centroreservasbariloche.com\/product\/puerto-blest-cascada-los-cantaros-sin-traslado\",\"url\":\"https:\/\/centroreservasbariloche.com\/product\/puerto-blest-cascada-los-cantaros-sin-traslado\",\"name\":\"Excursi\u00f3n Puerto Blest y Cascada Los C\u00e1ntaros - Centro Reservas Bariloche Patagonia Argentina\",\"isPartOf\":{\"@id\":\"https:\/\/centroreservasbariloche.com\/#website\"},\"primaryImageOfPage\":{\"@id\":\"https:\/\/centroreservasbariloche.com\/product\/puerto-blest-cascada-los-cantaros-sin-traslado#primaryimage\"},\"image\":{\"@id\":\"https:\/\/centroreservasbariloche.com\/product\/puerto-blest-cascada-los-cantaros-sin-traslado#primaryimage\"},\"thumbnailUrl\":\"https:\/\/buck.getjasper.digital\/2025\/04\/5-C-20211209_113220-scaled.jpg\",\"datePublished\":\"2025-04-04T18:50:22+00:00\",\"dateModified\":\"2026-04-08T19:19:04+00:00\",\"description\":\"Excursi\u00f3n a Puerto Blest y Cascada Los C\u00e1ntaros sin traslado desde Puerto Pa\u00f1uelo. Incluye navegaci\u00f3n y caminata con paisajes \u00fanicos de Bariloche.\",\"breadcrumb\":{\"@id\":\"https:\/\/centroreservasbariloche.com\/product\/puerto-blest-cascada-los-cantaros-sin-traslado#breadcrumb\"},\"inLanguage\":\"pt-BR\",\"potentialAction\":[{\"@type\":\"ReadAction\",\"target\":[\"https:\/\/centroreservasbariloche.com\/product\/puerto-blest-cascada-los-cantaros-sin-traslado\"]}]},{\"@type\":\"ImageObject\",\"inLanguage\":\"pt-BR\",\"@id\":\"https:\/\/centroreservasbariloche.com\/product\/puerto-blest-cascada-los-cantaros-sin-traslado#primaryimage\",\"url\":\"https:\/\/buck.getjasper.digital\/2025\/04\/5-C-20211209_113220-scaled.jpg\",\"contentUrl\":\"https:\/\/buck.getjasper.digital\/2025\/04\/5-C-20211209_113220-scaled.jpg\",\"width\":1920,\"height\":2560},{\"@type\":\"BreadcrumbList\",\"@id\":\"https:\/\/centroreservasbariloche.com\/product\/puerto-blest-cascada-los-cantaros-sin-traslado#breadcrumb\",\"itemListElement\":[{\"@type\":\"ListItem\",\"position\":1,\"name\":\"Home\",\"item\":\"https:\/\/centroreservasbariloche.com\/\"},{\"@type\":\"ListItem\",\"position\":2,\"name\":\"Nuestras actividades\",\"item\":\"https:\/\/centroreservasbariloche.com\/shop\"},{\"@type\":\"ListItem\",\"position\":3,\"name\":\"Puerto Blest y Cascada Los C\u00e1ntaros \u2013 Salida desde Puerto Pa\u00f1uelo (sin traslado)\"}]},{\"@type\":\"WebSite\",\"@id\":\"https:\/\/centroreservasbariloche.com\/#website\",\"url\":\"https:\/\/centroreservasbariloche.com\/\",\"name\":\"Centro Reservas Bariloche Patagonia Argentina\",\"description\":\"Centro Reservas Bariloche Patagonia\",\"publisher\":{\"@id\":\"https:\/\/centroreservasbariloche.com\/#organization\"},\"alternateName\":\"tur centra bariloche\",\"potentialAction\":[{\"@type\":\"SearchAction\",\"target\":{\"@type\":\"EntryPoint\",\"urlTemplate\":\"https:\/\/centroreservasbariloche.com\/?s={search_term_string}\"},\"query-input\":{\"@type\":\"PropertyValueSpecification\",\"valueRequired\":true,\"valueName\":\"search_term_string\"}}],\"inLanguage\":\"pt-BR\"},{\"@type\":[\"Organization\",\"Place\",\"TravelAgency\"],\"@id\":\"https:\/\/centroreservasbariloche.com\/#organization\",\"name\":\"Centro Reservas Bariloche\",\"alternateName\":\"Centro de Reservas\",\"url\":\"https:\/\/centroreservasbariloche.com\/\",\"logo\":{\"@id\":\"https:\/\/centroreservasbariloche.com\/product\/puerto-blest-cascada-los-cantaros-sin-traslado#local-main-organization-logo\"},\"image\":{\"@id\":\"https:\/\/centroreservasbariloche.com\/product\/puerto-blest-cascada-los-cantaros-sin-traslado#local-main-organization-logo\"},\"sameAs\":[\"https:\/\/www.facebook.com\/centroreservasbariloche\"],\"description\":\"Estamos comprometidos en brindarles una experiencia inolvidable, llena de aventura, belleza natural y descubrimientos. No importa si es su primera visita a Bariloche o si ya ha tenido el placer de conocerla, estamos seguros de que encontrar\u00e1 en nuestras excursiones la oportunidad de crear recuerdos duraderos.\",\"legalName\":\"Centro Reservas Bariloche\",\"address\":{\"@id\":\"https:\/\/centroreservasbariloche.com\/product\/puerto-blest-cascada-los-cantaros-sin-traslado#local-main-place-address\"},\"telephone\":[],\"openingHoursSpecification\":[{\"@type\":\"OpeningHoursSpecification\",\"dayOfWeek\":[\"Monday\",\"Tuesday\",\"Wednesday\",\"Thursday\",\"Friday\",\"Saturday\",\"Sunday\"],\"opens\":\"09:00\",\"closes\":\"17:00\"}],\"priceRange\":\"$$\"},{\"@type\":\"PostalAddress\",\"@id\":\"https:\/\/centroreservasbariloche.com\/product\/puerto-blest-cascada-los-cantaros-sin-traslado#local-main-place-address\",\"streetAddress\":\"Mitre 131\",\"addressLocality\":\"San Carlos de Bariloche\",\"postalCode\":\"8400\",\"addressRegion\":\"R\u00edo Negro\",\"addressCountry\":\"AR\"},{\"@type\":\"ImageObject\",\"inLanguage\":\"pt-BR\",\"@id\":\"https:\/\/centroreservasbariloche.com\/product\/puerto-blest-cascada-los-cantaros-sin-traslado#local-main-organization-logo\",\"url\":\"https:\/\/buck.getjasper.digital\/2025\/06\/centro-de-reservas-2-1.png\",\"contentUrl\":\"https:\/\/buck.getjasper.digital\/2025\/06\/centro-de-reservas-2-1.png\",\"width\":512,\"height\":512,\"caption\":\"Centro Reservas Bariloche\"}]}<\/script>\n<meta property=\"product:price:amount\" content=\"136000.00\" \/>\n<meta property=\"product:price:currency\" content=\"ARS\" \/>\n<meta property=\"og:availability\" content=\"instock\" \/>\n<meta property=\"product:availability\" content=\"instock\" \/>\n<meta property=\"product:retailer_item_id\" content=\"ADV2025PUBLYC297O\" \/>\n<meta property=\"product:condition\" content=\"new\" \/>\n<meta name=\"geo.placename\" content=\"San Carlos de Bariloche\" \/>\n<meta name=\"geo.region\" content=\"Argentina\" \/>\n<!-- \/ Yoast SEO Premium plugin. -->","yoast_head_json":{"title":"Excurs\u00e3o Puerto Blest e Cachoeira Los C\u00e1ntaros - Centro Reservas Bariloche Patag\u00f4nia Argentina","description":"Excurs\u00e3o a Puerto Blest e \u00e0 cachoeira Los C\u00e1ntaros sem traslado de Puerto Pa\u00f1uelo. Inclui navega\u00e7\u00e3o e caminhadas com paisagens \u00fanicas de Bariloche.","robots":{"index":"index","follow":"follow","max-snippet":"max-snippet:-1","max-image-preview":"max-image-preview:large","max-video-preview":"max-video-preview:-1"},"canonical":"https:\/\/centroreservasbariloche.com\/pt\/product\/puerto-blest-waterfall-los-cantaros-no-transfer\/","og_locale":"pt_BR","og_type":"article","og_title":"Puerto Blest y Cascada Los C\u00e1ntaros \u2013 Salida desde Puerto Pa\u00f1uelo (sin traslado)","og_description":"Excursi\u00f3n a Puerto Blest y Cascada Los C\u00e1ntaros sin traslado desde Puerto Pa\u00f1uelo. Incluye navegaci\u00f3n y caminata con paisajes \u00fanicos de Bariloche.","og_url":"https:\/\/centroreservasbariloche.com\/pt\/product\/puerto-blest-waterfall-los-cantaros-no-transfer\/","og_site_name":"Centro Reservas Bariloche Patagonia Argentina","article_publisher":"https:\/\/www.facebook.com\/centroreservasbariloche","article_modified_time":"2026-04-08T19:19:04+00:00","og_image":[{"width":1920,"height":2560,"url":"https:\/\/buck.getjasper.digital\/2025\/04\/5-C-20211209_113220-scaled.jpg","type":"image\/jpeg"}],"twitter_card":"summary_large_image","twitter_misc":{"Pre\u00e7o":"&#36;&nbsp;136.000,00","Disponibilidade":"Em Estoque"},"schema":{"@context":"https:\/\/schema.org","@graph":[{"@type":["WebPage","ItemPage"],"@id":"https:\/\/centroreservasbariloche.com\/product\/puerto-blest-cascada-los-cantaros-sin-traslado","url":"https:\/\/centroreservasbariloche.com\/product\/puerto-blest-cascada-los-cantaros-sin-traslado","name":"Excurs\u00e3o Puerto Blest e Cachoeira Los C\u00e1ntaros - Centro Reservas Bariloche Patag\u00f4nia Argentina","isPartOf":{"@id":"https:\/\/centroreservasbariloche.com\/#website"},"primaryImageOfPage":{"@id":"https:\/\/centroreservasbariloche.com\/product\/puerto-blest-cascada-los-cantaros-sin-traslado#primaryimage"},"image":{"@id":"https:\/\/centroreservasbariloche.com\/product\/puerto-blest-cascada-los-cantaros-sin-traslado#primaryimage"},"thumbnailUrl":"https:\/\/buck.getjasper.digital\/2025\/04\/5-C-20211209_113220-scaled.jpg","datePublished":"2025-04-04T18:50:22+00:00","dateModified":"2026-04-08T19:19:04+00:00","description":"Excurs\u00e3o a Puerto Blest e \u00e0 cachoeira Los C\u00e1ntaros sem traslado de Puerto Pa\u00f1uelo. Inclui navega\u00e7\u00e3o e caminhadas com paisagens \u00fanicas de Bariloche.","breadcrumb":{"@id":"https:\/\/centroreservasbariloche.com\/product\/puerto-blest-cascada-los-cantaros-sin-traslado#breadcrumb"},"inLanguage":"pt-BR","potentialAction":[{"@type":"ReadAction","target":["https:\/\/centroreservasbariloche.com\/product\/puerto-blest-cascada-los-cantaros-sin-traslado"]}]},{"@type":"ImageObject","inLanguage":"pt-BR","@id":"https:\/\/centroreservasbariloche.com\/product\/puerto-blest-cascada-los-cantaros-sin-traslado#primaryimage","url":"https:\/\/buck.getjasper.digital\/2025\/04\/5-C-20211209_113220-scaled.jpg","contentUrl":"https:\/\/buck.getjasper.digital\/2025\/04\/5-C-20211209_113220-scaled.jpg","width":1920,"height":2560},{"@type":"BreadcrumbList","@id":"https:\/\/centroreservasbariloche.com\/product\/puerto-blest-cascada-los-cantaros-sin-traslado#breadcrumb","itemListElement":[{"@type":"ListItem","position":1,"name":"Home","item":"https:\/\/centroreservasbariloche.com\/"},{"@type":"ListItem","position":2,"name":"Nuestras actividades","item":"https:\/\/centroreservasbariloche.com\/shop"},{"@type":"ListItem","position":3,"name":"Puerto Blest y Cascada Los C\u00e1ntaros \u2013 Salida desde Puerto Pa\u00f1uelo (sin traslado)"}]},{"@type":"WebSite","@id":"https:\/\/centroreservasbariloche.com\/#website","url":"https:\/\/centroreservasbariloche.com\/","name":"Centro de Reservas de Bariloche Patag\u00f4nia Argentina","description":"Central de Reservas de Bariloche Patag\u00f4nia","publisher":{"@id":"https:\/\/centroreservasbariloche.com\/#organization"},"alternateName":"tur centra bariloche","potentialAction":[{"@type":"SearchAction","target":{"@type":"EntryPoint","urlTemplate":"https:\/\/centroreservasbariloche.com\/?s={search_term_string}"},"query-input":{"@type":"PropertyValueSpecification","valueRequired":true,"valueName":"search_term_string"}}],"inLanguage":"pt-BR"},{"@type":["Organization","Place","TravelAgency"],"@id":"https:\/\/centroreservasbariloche.com\/#organization","name":"Centro de Reservas de Bariloche","alternateName":"Centro de Reservas","url":"https:\/\/centroreservasbariloche.com\/","logo":{"@id":"https:\/\/centroreservasbariloche.com\/product\/puerto-blest-cascada-los-cantaros-sin-traslado#local-main-organization-logo"},"image":{"@id":"https:\/\/centroreservasbariloche.com\/product\/puerto-blest-cascada-los-cantaros-sin-traslado#local-main-organization-logo"},"sameAs":["https:\/\/www.facebook.com\/centroreservasbariloche"],"description":"Temos o compromisso de proporcionar a voc\u00ea uma experi\u00eancia inesquec\u00edvel, cheia de aventura, beleza natural e descobertas. Quer seja sua primeira visita a Bariloche ou se j\u00e1 teve o prazer de conhec\u00ea-la, temos certeza de que encontrar\u00e1 em nossas excurs\u00f5es a oportunidade de criar mem\u00f3rias duradouras.","legalName":"Centro Reservas Bariloche","address":{"@id":"https:\/\/centroreservasbariloche.com\/product\/puerto-blest-cascada-los-cantaros-sin-traslado#local-main-place-address"},"telephone":[],"openingHoursSpecification":[{"@type":"OpeningHoursSpecification","dayOfWeek":["Monday","Tuesday","Wednesday","Thursday","Friday","Saturday","Sunday"],"opens":"09:00","closes":"17:00"}],"priceRange":"$$"},{"@type":"PostalAddress","@id":"https:\/\/centroreservasbariloche.com\/product\/puerto-blest-cascada-los-cantaros-sin-traslado#local-main-place-address","streetAddress":"Mitre 131","addressLocality":"San Carlos de Bariloche","postalCode":"8400","addressRegion":"R\u00edo Negro","addressCountry":"AR"},{"@type":"ImageObject","inLanguage":"pt-BR","@id":"https:\/\/centroreservasbariloche.com\/product\/puerto-blest-cascada-los-cantaros-sin-traslado#local-main-organization-logo","url":"https:\/\/buck.getjasper.digital\/2025\/06\/centro-de-reservas-2-1.png","contentUrl":"https:\/\/buck.getjasper.digital\/2025\/06\/centro-de-reservas-2-1.png","width":512,"height":512,"caption":"Centro Reservas Bariloche"}]},"product_price_amount":"136000.00","product_price_currency":"ARS","og_availability":"instock","product_availability":"instock","product_retailer_item_id":"ADV2025PUBLYC297O","product_condition":"new","geo.placename":"San Carlos de Bariloche","geo.region":"Argentina"},"_links":{"self":[{"href":"https:\/\/centroreservasbariloche.com\/pt\/wp-json\/wp\/v2\/product\/230720","targetHints":{"allow":["GET"]}}],"collection":[{"href":"https:\/\/centroreservasbariloche.com\/pt\/wp-json\/wp\/v2\/product"}],"about":[{"href":"https:\/\/centroreservasbariloche.com\/pt\/wp-json\/wp\/v2\/types\/product"}],"replies":[{"embeddable":true,"href":"https:\/\/centroreservasbariloche.com\/pt\/wp-json\/wp\/v2\/comments?post=230720"}],"wp:featuredmedia":[{"embeddable":true,"href":"https:\/\/centroreservasbariloche.com\/pt\/wp-json\/wp\/v2\/media\/231588"}],"wp:attachment":[{"href":"https:\/\/centroreservasbariloche.com\/pt\/wp-json\/wp\/v2\/media?parent=230720"}],"wp:term":[{"taxonomy":"product_brand","embeddable":true,"href":"https:\/\/centroreservasbariloche.com\/pt\/wp-json\/wp\/v2\/product_brand?post=230720"},{"taxonomy":"product_cat","embeddable":true,"href":"https:\/\/centroreservasbariloche.com\/pt\/wp-json\/wp\/v2\/product_cat?post=230720"},{"taxonomy":"product_tag","embeddable":true,"href":"https:\/\/centroreservasbariloche.com\/pt\/wp-json\/wp\/v2\/product_tag?post=230720"}],"curies":[{"name":"wp","href":"https:\/\/api.w.org\/{rel}","templated":true}]}}