{"id":230722,"date":"2025-04-04T15:50:44","date_gmt":"2025-04-04T18:50:44","guid":{"rendered":"https:\/\/centroreservasbariloche.com\/?post_type=product&#038;p=230722"},"modified":"2026-04-09T09:14:07","modified_gmt":"2026-04-09T12:14:07","slug":"puerto-blest-lago-frias-excursion-bariloche","status":"publish","type":"product","link":"https:\/\/centroreservasbariloche.com\/pt\/product\/puerto-blest-lago-frias-excursao-bariloche","title":{"rendered":"Puerto Blest e Lago Frias com traslado de Bariloche"},"content":{"rendered":"<p data-start=\"625\" data-end=\"999\">Esse passeio come\u00e7a \u00e0s <strong data-start=\"652\" data-end=\"663\">8:30 a.m.<\/strong>, com a transfer\u00eancia de <strong data-start=\"687\" data-end=\"722\">pontos de encontro coordenados<\/strong> entre o centro de Bariloche e o km 8 da Av. Bustillo o Pioneros, em dire\u00e7\u00e3o a <strong data-start=\"796\" data-end=\"814\">Puerto Pa\u00f1uelo<\/strong>, O p\u00eder est\u00e1 localizado a 25 km do centro. Foi aqui que a primeira navega\u00e7\u00e3o no <strong data-start=\"902\" data-end=\"939\">Bra\u00e7o aben\u00e7oado do Lago Nahuel Huapi<\/strong>, cercado por montanhas, floresta valdiviana e \u00e1guas cristalinas.<\/p>\n<p data-start=\"1001\" data-end=\"1364\">Em <strong data-start=\"1004\" data-end=\"1020\">Puerto Blest<\/strong>, A excurs\u00e3o continua com uma segunda navega\u00e7\u00e3o no <strong data-start=\"1078\" data-end=\"1092\">Lago Frias<\/strong>, cujas \u00e1guas verde-esmeralda v\u00eam das geleiras do <strong data-start=\"1153\" data-end=\"1171\">Serra do Tronador<\/strong>. O ambiente \u00e9 \u00fanico, pouco intervencionado e de alto valor ecol\u00f3gico. Voc\u00ea tamb\u00e9m ter\u00e1 a op\u00e7\u00e3o de fazer uma caminhada at\u00e9 o <strong data-start=\"1298\" data-end=\"1322\">Cachoeira Los C\u00e1ntaros<\/strong>, uma caminhada acess\u00edvel em trilhas seguras.<\/p>\n<p data-start=\"1366\" data-end=\"1649\">Durante toda a experi\u00eancia, voc\u00ea ter\u00e1 um guia que fala espanhol (bil\u00edngue opcional com reserva), o que a torna ideal para grupos internacionais, estudantes ou viajantes independentes que procuram um dia bem organizado. O retorno a Bariloche est\u00e1 programado para aproximadamente <strong data-start=\"1636\" data-end=\"1648\">18:00 hs<\/strong>.<\/p>\n<h3 data-start=\"1656\" data-end=\"1682\">Perguntas frequentes<\/h3>\n<p data-start=\"1683\" data-end=\"1824\"><strong data-start=\"1683\" data-end=\"1715\">De onde \u00e9 a transfer\u00eancia?<\/strong><br data-start=\"1715\" data-end=\"1718\" \/>A partir de pontos de encontro estabelecidos, entre o centro de Bariloche e o km 8 da Avenida Bustillo ou Pioneros.<\/p>\n<p data-start=\"1826\" data-end=\"1973\"><strong data-start=\"1826\" data-end=\"1849\">O que est\u00e1 inclu\u00eddo?<\/strong><br data-start=\"1849\" data-end=\"1852\" \/>Traslado de ida e volta para os pontos indicados, navega\u00e7\u00e3o para Puerto Blest e Lago Frias, caminhada opcional e guia em espanhol.<\/p>\n<p data-start=\"1975\" data-end=\"2086\"><strong data-start=\"1975\" data-end=\"2007\">Quais s\u00e3o os custos adicionais?<\/strong><br data-start=\"2007\" data-end=\"2010\" \/>As taxas de entrada no Parque Nacional, taxas de embarque e refei\u00e7\u00f5es n\u00e3o est\u00e3o inclu\u00eddas.<\/p>\n<p data-start=\"2088\" data-end=\"2194\"><strong data-start=\"2088\" data-end=\"2113\">Posso levar comida?<\/strong><br data-start=\"2113\" data-end=\"2116\" \/>Sim, voc\u00ea pode levar sua pr\u00f3pria comida ou compr\u00e1-la no restaurante em Puerto Blest.<\/p>","protected":false},"excerpt":{"rendered":"<p data-start=\"2442\" data-end=\"2659\">Sa\u00edda \u00e0s 8h30 dos pontos de encontro em Bariloche. Navega\u00e7\u00e3o para Puerto Blest e Lago Frias, caminhada opcional at\u00e9 a cachoeira, com guia que fala espanhol. Retorno \u00e0s 17:30 hs. Ideal para viajantes internacionais e grupos.<\/p>","protected":false},"featured_media":231595,"comment_status":"open","ping_status":"closed","template":"","meta":[],"product_brand":[],"product_cat":[38,32,45,53,40,36,55],"product_tag":[],"class_list":{"0":"post-230722","1":"product","2":"type-product","3":"status-publish","4":"has-post-thumbnail","6":"product_cat-adultos","7":"product_cat-familia","8":"product_cat-lacustre","9":"product_cat-ninos","10":"product_cat-con-traslado","11":"product_cat-sin-comida","12":"product_cat-todo-el-ano-temporada","14":"first","15":"instock","16":"virtual","17":"sold-individually","18":"purchasable","19":"product-type-booking"},"booking_location":"","booking_location_type":"","booking_duration":60,"booking_duration_unit":"minute","booking_buffer":0,"booking_cost":0,"booking_resources":[],"exclude_global_add_ons":false,"addons":[{"name":"ADU: Adulto","type":"input_multiplier","position":0,"required":true,"title_format":"label","default":"","description_enable":false,"description":"","placeholder_enable":false,"placeholder":"","display":"select","restrictions_type":"any_text","adjust_price":true,"price":"212000","price_type":"quantity_based","restrictions":false,"min":"0","max":"0","options":[],"id":1773233993},{"name":"MEN512 | 5 a 12","type":"input_multiplier","position":1,"required":false,"title_format":"label","default":"","description_enable":false,"description":"","placeholder_enable":false,"placeholder":"","display":"select","restrictions_type":"any_text","adjust_price":true,"price":"119000","price_type":"quantity_based","restrictions":false,"min":"0","max":"0","options":[],"id":1773233994},{"name":"ADUJ : Aposentado","type":"input_multiplier","position":2,"required":false,"title_format":"label","default":"","description_enable":false,"description":"","placeholder_enable":false,"placeholder":"","display":"select","restrictions_type":"any_text","adjust_price":true,"price":"119000","price_type":"quantity_based","restrictions":false,"min":"0","max":"0","options":[],"id":1773233995}],"yoast_head":"<!-- This site is optimized with the Yoast SEO Premium plugin v24.5 (Yoast SEO v24.8) - https:\/\/yoast.com\/wordpress\/plugins\/seo\/ -->\n<title>Puerto Blest y Lago Fr\u00edas | Excursi\u00f3n desde Bariloche - Centro Reservas Bariloche Patagonia Argentina<\/title>\n<meta name=\"description\" content=\"Explor\u00e1 Puerto Blest y el Lago Fr\u00edas en una experiencia esc\u00e9nica desde Bariloche. Naveg\u00e1 entre monta\u00f1as y cruz\u00e1 aguas color esmeralda.\" \/>\n<meta name=\"robots\" content=\"index, follow, max-snippet:-1, max-image-preview:large, max-video-preview:-1\" \/>\n<link rel=\"canonical\" href=\"https:\/\/centroreservasbariloche.com\/pt\/product\/puerto-blest-lago-frias-excursao-bariloche\/\" \/>\n<meta property=\"og:locale\" content=\"pt_BR\" \/>\n<meta property=\"og:type\" content=\"article\" \/>\n<meta property=\"og:title\" content=\"Puerto Blest y Lago Fr\u00edas con traslado desde Bariloche\" \/>\n<meta property=\"og:description\" content=\"Explor\u00e1 Puerto Blest y el Lago Fr\u00edas en una experiencia esc\u00e9nica desde Bariloche. Naveg\u00e1 entre monta\u00f1as y cruz\u00e1 aguas color esmeralda.\" \/>\n<meta property=\"og:url\" content=\"https:\/\/centroreservasbariloche.com\/pt\/product\/puerto-blest-lago-frias-excursao-bariloche\/\" \/>\n<meta property=\"og:site_name\" content=\"Centro Reservas Bariloche Patagonia Argentina\" \/>\n<meta property=\"article:publisher\" content=\"https:\/\/www.facebook.com\/centroreservasbariloche\" \/>\n<meta property=\"article:modified_time\" content=\"2026-04-09T12:14:07+00:00\" \/>\n<meta property=\"og:image\" content=\"https:\/\/buck.getjasper.digital\/2025\/04\/5-D-20211209_125158-1-scaled.jpg\" \/>\n\t<meta property=\"og:image:width\" content=\"1920\" \/>\n\t<meta property=\"og:image:height\" content=\"2560\" \/>\n\t<meta property=\"og:image:type\" content=\"image\/jpeg\" \/>\n<meta name=\"twitter:card\" content=\"summary_large_image\" \/>\n<meta name=\"twitter:label1\" content=\"Pre\u00e7o\" \/>\n\t<meta name=\"twitter:data1\" content=\"&#036;&nbsp;212.000,00\" \/>\n\t<meta name=\"twitter:label2\" content=\"Disponibilidade\" \/>\n\t<meta name=\"twitter:data2\" content=\"Em Estoque\" \/>\n<script type=\"application\/ld+json\" class=\"yoast-schema-graph\">{\"@context\":\"https:\/\/schema.org\",\"@graph\":[{\"@type\":[\"WebPage\",\"ItemPage\"],\"@id\":\"https:\/\/centroreservasbariloche.com\/product\/puerto-blest-lago-frias-excursion-bariloche\",\"url\":\"https:\/\/centroreservasbariloche.com\/product\/puerto-blest-lago-frias-excursion-bariloche\",\"name\":\"Puerto Blest y Lago Fr\u00edas | Excursi\u00f3n desde Bariloche - Centro Reservas Bariloche Patagonia Argentina\",\"isPartOf\":{\"@id\":\"https:\/\/centroreservasbariloche.com\/#website\"},\"primaryImageOfPage\":{\"@id\":\"https:\/\/centroreservasbariloche.com\/product\/puerto-blest-lago-frias-excursion-bariloche#primaryimage\"},\"image\":{\"@id\":\"https:\/\/centroreservasbariloche.com\/product\/puerto-blest-lago-frias-excursion-bariloche#primaryimage\"},\"thumbnailUrl\":\"https:\/\/buck.getjasper.digital\/2025\/04\/5-D-20211209_125158-1-scaled.jpg\",\"datePublished\":\"2025-04-04T18:50:44+00:00\",\"dateModified\":\"2026-04-09T12:14:07+00:00\",\"description\":\"Explor\u00e1 Puerto Blest y el Lago Fr\u00edas en una experiencia esc\u00e9nica desde Bariloche. Naveg\u00e1 entre monta\u00f1as y cruz\u00e1 aguas color esmeralda.\",\"breadcrumb\":{\"@id\":\"https:\/\/centroreservasbariloche.com\/product\/puerto-blest-lago-frias-excursion-bariloche#breadcrumb\"},\"inLanguage\":\"pt-BR\",\"potentialAction\":[{\"@type\":\"ReadAction\",\"target\":[\"https:\/\/centroreservasbariloche.com\/product\/puerto-blest-lago-frias-excursion-bariloche\"]}]},{\"@type\":\"ImageObject\",\"inLanguage\":\"pt-BR\",\"@id\":\"https:\/\/centroreservasbariloche.com\/product\/puerto-blest-lago-frias-excursion-bariloche#primaryimage\",\"url\":\"https:\/\/buck.getjasper.digital\/2025\/04\/5-D-20211209_125158-1-scaled.jpg\",\"contentUrl\":\"https:\/\/buck.getjasper.digital\/2025\/04\/5-D-20211209_125158-1-scaled.jpg\",\"width\":1920,\"height\":2560},{\"@type\":\"BreadcrumbList\",\"@id\":\"https:\/\/centroreservasbariloche.com\/product\/puerto-blest-lago-frias-excursion-bariloche#breadcrumb\",\"itemListElement\":[{\"@type\":\"ListItem\",\"position\":1,\"name\":\"Home\",\"item\":\"https:\/\/centroreservasbariloche.com\/\"},{\"@type\":\"ListItem\",\"position\":2,\"name\":\"Nuestras actividades\",\"item\":\"https:\/\/centroreservasbariloche.com\/shop\"},{\"@type\":\"ListItem\",\"position\":3,\"name\":\"Puerto Blest y Lago Fr\u00edas con traslado desde Bariloche\"}]},{\"@type\":\"WebSite\",\"@id\":\"https:\/\/centroreservasbariloche.com\/#website\",\"url\":\"https:\/\/centroreservasbariloche.com\/\",\"name\":\"Centro Reservas Bariloche Patagonia Argentina\",\"description\":\"Centro Reservas Bariloche Patagonia\",\"publisher\":{\"@id\":\"https:\/\/centroreservasbariloche.com\/#organization\"},\"alternateName\":\"tur centra bariloche\",\"potentialAction\":[{\"@type\":\"SearchAction\",\"target\":{\"@type\":\"EntryPoint\",\"urlTemplate\":\"https:\/\/centroreservasbariloche.com\/?s={search_term_string}\"},\"query-input\":{\"@type\":\"PropertyValueSpecification\",\"valueRequired\":true,\"valueName\":\"search_term_string\"}}],\"inLanguage\":\"pt-BR\"},{\"@type\":[\"Organization\",\"Place\",\"TravelAgency\"],\"@id\":\"https:\/\/centroreservasbariloche.com\/#organization\",\"name\":\"Centro Reservas Bariloche\",\"alternateName\":\"Centro de Reservas\",\"url\":\"https:\/\/centroreservasbariloche.com\/\",\"logo\":{\"@id\":\"https:\/\/centroreservasbariloche.com\/product\/puerto-blest-lago-frias-excursion-bariloche#local-main-organization-logo\"},\"image\":{\"@id\":\"https:\/\/centroreservasbariloche.com\/product\/puerto-blest-lago-frias-excursion-bariloche#local-main-organization-logo\"},\"sameAs\":[\"https:\/\/www.facebook.com\/centroreservasbariloche\"],\"description\":\"Estamos comprometidos en brindarles una experiencia inolvidable, llena de aventura, belleza natural y descubrimientos. No importa si es su primera visita a Bariloche o si ya ha tenido el placer de conocerla, estamos seguros de que encontrar\u00e1 en nuestras excursiones la oportunidad de crear recuerdos duraderos.\",\"legalName\":\"Centro Reservas Bariloche\",\"address\":{\"@id\":\"https:\/\/centroreservasbariloche.com\/product\/puerto-blest-lago-frias-excursion-bariloche#local-main-place-address\"},\"telephone\":[],\"openingHoursSpecification\":[{\"@type\":\"OpeningHoursSpecification\",\"dayOfWeek\":[\"Monday\",\"Tuesday\",\"Wednesday\",\"Thursday\",\"Friday\",\"Saturday\",\"Sunday\"],\"opens\":\"09:00\",\"closes\":\"17:00\"}],\"priceRange\":\"$$\"},{\"@type\":\"PostalAddress\",\"@id\":\"https:\/\/centroreservasbariloche.com\/product\/puerto-blest-lago-frias-excursion-bariloche#local-main-place-address\",\"streetAddress\":\"Mitre 131\",\"addressLocality\":\"San Carlos de Bariloche\",\"postalCode\":\"8400\",\"addressRegion\":\"R\u00edo Negro\",\"addressCountry\":\"AR\"},{\"@type\":\"ImageObject\",\"inLanguage\":\"pt-BR\",\"@id\":\"https:\/\/centroreservasbariloche.com\/product\/puerto-blest-lago-frias-excursion-bariloche#local-main-organization-logo\",\"url\":\"https:\/\/buck.getjasper.digital\/2025\/06\/centro-de-reservas-2-1.png\",\"contentUrl\":\"https:\/\/buck.getjasper.digital\/2025\/06\/centro-de-reservas-2-1.png\",\"width\":512,\"height\":512,\"caption\":\"Centro Reservas Bariloche\"}]}<\/script>\n<meta property=\"product:price:amount\" content=\"212000.00\" \/>\n<meta property=\"product:price:currency\" content=\"ARS\" \/>\n<meta property=\"og:availability\" content=\"instock\" \/>\n<meta property=\"product:availability\" content=\"instock\" \/>\n<meta property=\"product:retailer_item_id\" content=\"ADV2025PUBLYC9CR1\" \/>\n<meta property=\"product:condition\" content=\"new\" \/>\n<meta name=\"geo.placename\" content=\"San Carlos de Bariloche\" \/>\n<meta name=\"geo.region\" content=\"Argentina\" \/>\n<!-- \/ Yoast SEO Premium plugin. -->","yoast_head_json":{"title":"Excurs\u00e3o a Puerto Blest e Lago Frias saindo de Bariloche - Centro Reservas Bariloche Patag\u00f4nia Argentina","description":"Explore Puerto Blest e Lago Frias em uma experi\u00eancia c\u00eanica saindo de Bariloche. Navegue pelas montanhas e pelas \u00e1guas cor de esmeralda.","robots":{"index":"index","follow":"follow","max-snippet":"max-snippet:-1","max-image-preview":"max-image-preview:large","max-video-preview":"max-video-preview:-1"},"canonical":"https:\/\/centroreservasbariloche.com\/pt\/product\/puerto-blest-lago-frias-excursao-bariloche\/","og_locale":"pt_BR","og_type":"article","og_title":"Puerto Blest y Lago Fr\u00edas con traslado desde Bariloche","og_description":"Explor\u00e1 Puerto Blest y el Lago Fr\u00edas en una experiencia esc\u00e9nica desde Bariloche. Naveg\u00e1 entre monta\u00f1as y cruz\u00e1 aguas color esmeralda.","og_url":"https:\/\/centroreservasbariloche.com\/pt\/product\/puerto-blest-lago-frias-excursao-bariloche\/","og_site_name":"Centro Reservas Bariloche Patagonia Argentina","article_publisher":"https:\/\/www.facebook.com\/centroreservasbariloche","article_modified_time":"2026-04-09T12:14:07+00:00","og_image":[{"width":1920,"height":2560,"url":"https:\/\/buck.getjasper.digital\/2025\/04\/5-D-20211209_125158-1-scaled.jpg","type":"image\/jpeg"}],"twitter_card":"summary_large_image","twitter_misc":{"Pre\u00e7o":"&#36;&nbsp;212.000,00","Disponibilidade":"Em Estoque"},"schema":{"@context":"https:\/\/schema.org","@graph":[{"@type":["WebPage","ItemPage"],"@id":"https:\/\/centroreservasbariloche.com\/product\/puerto-blest-lago-frias-excursion-bariloche","url":"https:\/\/centroreservasbariloche.com\/product\/puerto-blest-lago-frias-excursion-bariloche","name":"Excurs\u00e3o a Puerto Blest e Lago Frias saindo de Bariloche - Centro Reservas Bariloche Patag\u00f4nia Argentina","isPartOf":{"@id":"https:\/\/centroreservasbariloche.com\/#website"},"primaryImageOfPage":{"@id":"https:\/\/centroreservasbariloche.com\/product\/puerto-blest-lago-frias-excursion-bariloche#primaryimage"},"image":{"@id":"https:\/\/centroreservasbariloche.com\/product\/puerto-blest-lago-frias-excursion-bariloche#primaryimage"},"thumbnailUrl":"https:\/\/buck.getjasper.digital\/2025\/04\/5-D-20211209_125158-1-scaled.jpg","datePublished":"2025-04-04T18:50:44+00:00","dateModified":"2026-04-09T12:14:07+00:00","description":"Explore Puerto Blest e Lago Frias em uma experi\u00eancia c\u00eanica saindo de Bariloche. Navegue pelas montanhas e pelas \u00e1guas cor de esmeralda.","breadcrumb":{"@id":"https:\/\/centroreservasbariloche.com\/product\/puerto-blest-lago-frias-excursion-bariloche#breadcrumb"},"inLanguage":"pt-BR","potentialAction":[{"@type":"ReadAction","target":["https:\/\/centroreservasbariloche.com\/product\/puerto-blest-lago-frias-excursion-bariloche"]}]},{"@type":"ImageObject","inLanguage":"pt-BR","@id":"https:\/\/centroreservasbariloche.com\/product\/puerto-blest-lago-frias-excursion-bariloche#primaryimage","url":"https:\/\/buck.getjasper.digital\/2025\/04\/5-D-20211209_125158-1-scaled.jpg","contentUrl":"https:\/\/buck.getjasper.digital\/2025\/04\/5-D-20211209_125158-1-scaled.jpg","width":1920,"height":2560},{"@type":"BreadcrumbList","@id":"https:\/\/centroreservasbariloche.com\/product\/puerto-blest-lago-frias-excursion-bariloche#breadcrumb","itemListElement":[{"@type":"ListItem","position":1,"name":"Home","item":"https:\/\/centroreservasbariloche.com\/"},{"@type":"ListItem","position":2,"name":"Nuestras actividades","item":"https:\/\/centroreservasbariloche.com\/shop"},{"@type":"ListItem","position":3,"name":"Puerto Blest y Lago Fr\u00edas con traslado desde Bariloche"}]},{"@type":"WebSite","@id":"https:\/\/centroreservasbariloche.com\/#website","url":"https:\/\/centroreservasbariloche.com\/","name":"Centro de Reservas de Bariloche Patag\u00f4nia Argentina","description":"Central de Reservas de Bariloche Patag\u00f4nia","publisher":{"@id":"https:\/\/centroreservasbariloche.com\/#organization"},"alternateName":"tur centra bariloche","potentialAction":[{"@type":"SearchAction","target":{"@type":"EntryPoint","urlTemplate":"https:\/\/centroreservasbariloche.com\/?s={search_term_string}"},"query-input":{"@type":"PropertyValueSpecification","valueRequired":true,"valueName":"search_term_string"}}],"inLanguage":"pt-BR"},{"@type":["Organization","Place","TravelAgency"],"@id":"https:\/\/centroreservasbariloche.com\/#organization","name":"Centro de Reservas de Bariloche","alternateName":"Centro de Reservas","url":"https:\/\/centroreservasbariloche.com\/","logo":{"@id":"https:\/\/centroreservasbariloche.com\/product\/puerto-blest-lago-frias-excursion-bariloche#local-main-organization-logo"},"image":{"@id":"https:\/\/centroreservasbariloche.com\/product\/puerto-blest-lago-frias-excursion-bariloche#local-main-organization-logo"},"sameAs":["https:\/\/www.facebook.com\/centroreservasbariloche"],"description":"Temos o compromisso de proporcionar a voc\u00ea uma experi\u00eancia inesquec\u00edvel, cheia de aventura, beleza natural e descobertas. Quer seja sua primeira visita a Bariloche ou se j\u00e1 teve o prazer de conhec\u00ea-la, temos certeza de que encontrar\u00e1 em nossas excurs\u00f5es a oportunidade de criar mem\u00f3rias duradouras.","legalName":"Centro Reservas Bariloche","address":{"@id":"https:\/\/centroreservasbariloche.com\/product\/puerto-blest-lago-frias-excursion-bariloche#local-main-place-address"},"telephone":[],"openingHoursSpecification":[{"@type":"OpeningHoursSpecification","dayOfWeek":["Monday","Tuesday","Wednesday","Thursday","Friday","Saturday","Sunday"],"opens":"09:00","closes":"17:00"}],"priceRange":"$$"},{"@type":"PostalAddress","@id":"https:\/\/centroreservasbariloche.com\/product\/puerto-blest-lago-frias-excursion-bariloche#local-main-place-address","streetAddress":"Mitre 131","addressLocality":"San Carlos de Bariloche","postalCode":"8400","addressRegion":"R\u00edo Negro","addressCountry":"AR"},{"@type":"ImageObject","inLanguage":"pt-BR","@id":"https:\/\/centroreservasbariloche.com\/product\/puerto-blest-lago-frias-excursion-bariloche#local-main-organization-logo","url":"https:\/\/buck.getjasper.digital\/2025\/06\/centro-de-reservas-2-1.png","contentUrl":"https:\/\/buck.getjasper.digital\/2025\/06\/centro-de-reservas-2-1.png","width":512,"height":512,"caption":"Centro Reservas Bariloche"}]},"product_price_amount":"212000.00","product_price_currency":"ARS","og_availability":"instock","product_availability":"instock","product_retailer_item_id":"ADV2025PUBLYC9CR1","product_condition":"new","geo.placename":"San Carlos de Bariloche","geo.region":"Argentina"},"_links":{"self":[{"href":"https:\/\/centroreservasbariloche.com\/pt\/wp-json\/wp\/v2\/product\/230722","targetHints":{"allow":["GET"]}}],"collection":[{"href":"https:\/\/centroreservasbariloche.com\/pt\/wp-json\/wp\/v2\/product"}],"about":[{"href":"https:\/\/centroreservasbariloche.com\/pt\/wp-json\/wp\/v2\/types\/product"}],"replies":[{"embeddable":true,"href":"https:\/\/centroreservasbariloche.com\/pt\/wp-json\/wp\/v2\/comments?post=230722"}],"wp:featuredmedia":[{"embeddable":true,"href":"https:\/\/centroreservasbariloche.com\/pt\/wp-json\/wp\/v2\/media\/231595"}],"wp:attachment":[{"href":"https:\/\/centroreservasbariloche.com\/pt\/wp-json\/wp\/v2\/media?parent=230722"}],"wp:term":[{"taxonomy":"product_brand","embeddable":true,"href":"https:\/\/centroreservasbariloche.com\/pt\/wp-json\/wp\/v2\/product_brand?post=230722"},{"taxonomy":"product_cat","embeddable":true,"href":"https:\/\/centroreservasbariloche.com\/pt\/wp-json\/wp\/v2\/product_cat?post=230722"},{"taxonomy":"product_tag","embeddable":true,"href":"https:\/\/centroreservasbariloche.com\/pt\/wp-json\/wp\/v2\/product_tag?post=230722"}],"curies":[{"name":"wp","href":"https:\/\/api.w.org\/{rel}","templated":true}]}}