{"id":230723,"date":"2025-04-04T15:50:54","date_gmt":"2025-04-04T18:50:54","guid":{"rendered":"https:\/\/centroreservasbariloche.com\/?post_type=product&#038;p=230723"},"modified":"2026-04-09T09:14:08","modified_gmt":"2026-04-09T12:14:08","slug":"puerto-blest-cascada-los-cantaros-bariloche","status":"publish","type":"product","link":"https:\/\/centroreservasbariloche.com\/pt\/product\/puerto-blest-los-cantaros-cachoeira-bariloche","title":{"rendered":"Explore o majestoso Puerto Blest e a cachoeira Los C\u00e1ntaros"},"content":{"rendered":"<h3 data-start=\"482\" data-end=\"528\">Mergulhe em uma experi\u00eancia inesquec\u00edvel<\/h3>\n<p data-start=\"529\" data-end=\"830\">Comece o dia com um confort\u00e1vel traslado de sua acomoda\u00e7\u00e3o ou ponto de encontro em Bariloche at\u00e9 Puerto Pa\u00f1uelo, localizado \u00e0s margens do Lago Nahuel Huapi. A viagem, de aproximadamente 25 quil\u00f4metros, lhe dar\u00e1 uma pr\u00e9via do que ser\u00e1 um dia \u00fanico, cercado por paisagens andinas, lagos e florestas.<\/p>\n<h3 data-start=\"832\" data-end=\"876\">Navega\u00e7\u00e3o c\u00eanica no Blest Arm<\/h3>\n<p data-start=\"877\" data-end=\"1206\">De Puerto Pa\u00f1uelo, embarcamos em um moderno catamar\u00e3 para navegar por uma hora ao longo do Brazo Blest, um dos cantos mais profundos e verdes do Nahuel Huapi. No caminho, passaremos pela ilhota Centinela, um lugar hist\u00f3rico onde repousam os restos mortais de Perito Moreno, uma figura-chave na conserva\u00e7\u00e3o dessas paisagens.<\/p>\n<p data-start=\"1208\" data-end=\"1498\">A navega\u00e7\u00e3o culmina em Puerto Blest, onde come\u00e7a uma caminhada guiada por passarelas de madeira imersas na floresta valdiviana. Subindo gradualmente, voc\u00ea chegar\u00e1 aos diferentes pontos de vista da cachoeira Los C\u00e1ntaros, uma majestosa cachoeira que desce entre rochas glaciais.<\/p>\n<h3 data-start=\"1505\" data-end=\"1535\">Encantamentos de Puerto Blest<\/h3>\n<p data-start=\"1536\" data-end=\"1951\"><strong data-start=\"1536\" data-end=\"1559\">Vistas panor\u00e2micas:<\/strong> Da ba\u00eda, \u00e9 poss\u00edvel ver o Lago Fr\u00edas e o Cerro Tronador, criando um cart\u00e3o postal natural de grande impacto visual.<br data-start=\"1673\" data-end=\"1676\" \/><strong data-start=\"1676\" data-end=\"1702\">Caminhadas na selva:<\/strong> Trilhas seguras e sinalizadas permitem que voc\u00ea caminhe por um dos ecossistemas de maior biodiversidade da regi\u00e3o.<br data-start=\"1804\" data-end=\"1807\" \/><strong data-start=\"1807\" data-end=\"1829\">Op\u00e7\u00e3o do Lago Frias:<\/strong> Opcionalmente, voc\u00ea pode acrescentar uma navega\u00e7\u00e3o adicional nesse lago de \u00e1guas verde-esmeralda, alimentado por geleiras.<\/p>\n<h3 data-start=\"1958\" data-end=\"1998\">Uma aventura completa e organizada<\/h3>\n<p data-start=\"1999\" data-end=\"2277\">Terminamos a experi\u00eancia com o retorno de catamar\u00e3 a Puerto Pa\u00f1uelo e o traslado de volta a Bariloche, sem a necessidade de se preocupar com a log\u00edstica. Uma excurs\u00e3o projetada para ser desfrutada em grupo ou com a fam\u00edlia, com tudo cuidado para que voc\u00ea possa conhecer a Patag\u00f4nia em sua ess\u00eancia.<\/p>\n<h3 data-start=\"2284\" data-end=\"2310\">Detalhes importantes<\/h3>\n<p data-start=\"2311\" data-end=\"2372\"><strong data-start=\"2311\" data-end=\"2323\">Hor\u00e1rio:<\/strong> das 8:30 \u00e0s 18:00, aproximadamente.<br data-start=\"2355\" data-end=\"2358\" \/><strong data-start=\"2358\" data-end=\"2370\">Ele inclui:<\/strong><\/p>\n<ul data-start=\"2373\" data-end=\"2732\">\n<li data-start=\"2373\" data-end=\"2430\">\n<p data-start=\"2375\" data-end=\"2430\">Traslado de ida e volta de Bariloche para o porto.<\/p>\n<\/li>\n<li data-start=\"2431\" data-end=\"2465\">\n<p data-start=\"2433\" data-end=\"2465\">Navega\u00e7\u00e3o guiada em catamar\u00e3.<\/p>\n<\/li>\n<li data-start=\"2466\" data-end=\"2526\">\n<p data-start=\"2468\" data-end=\"2526\">Caminhadas organizadas at\u00e9 a cachoeira.<br data-start=\"2506\" data-end=\"2509\" \/><strong data-start=\"2509\" data-end=\"2524\">N\u00e3o inclu\u00eddo:<\/strong><\/p>\n<\/li>\n<li data-start=\"2527\" data-end=\"2583\">\n<p data-start=\"2529\" data-end=\"2583\">Refei\u00e7\u00f5es (h\u00e1 op\u00e7\u00f5es gastron\u00f4micas em Puerto Blest).<\/p>\n<\/li>\n<li data-start=\"2584\" data-end=\"2636\">\n<p data-start=\"2586\" data-end=\"2636\">Taxas de entrada no Parque Nacional Nahuel Huapi.<\/p>\n<\/li>\n<li data-start=\"2637\" data-end=\"2675\">\n<p data-start=\"2639\" data-end=\"2675\">Taxa de embarque em Puerto Pa\u00f1uelo.<\/p>\n<\/li>\n<li data-start=\"2676\" data-end=\"2732\">\n<p data-start=\"2678\" data-end=\"2732\">Navega\u00e7\u00e3o para o Lago Frias (opcional com custo adicional).<\/p>\n<\/li>\n<\/ul>\n<h3 data-start=\"2739\" data-end=\"2765\">Perguntas frequentes<\/h3>\n<p data-start=\"2766\" data-end=\"2903\"><strong data-start=\"2766\" data-end=\"2814\">A excurs\u00e3o \u00e9 adequada para todas as idades?<\/strong><br data-start=\"2814\" data-end=\"2817\" \/>Sim, \u00e9 uma atividade tranquila, ideal para idosos, crian\u00e7as e grupos familiares.<\/p>\n<p data-start=\"2905\" data-end=\"3035\"><strong data-start=\"2905\" data-end=\"2935\">O que vestir?<\/strong><br data-start=\"2935\" data-end=\"2938\" \/>Roupas confort\u00e1veis, sapatos fechados e jaqueta. O clima pode mudar durante o dia, mesmo no ver\u00e3o.<\/p>\n<p data-start=\"3037\" data-end=\"3242\"><strong data-start=\"3037\" data-end=\"3077\">A cachoeira \u00e9 acess\u00edvel durante todo o ano?<\/strong><br data-start=\"3077\" data-end=\"3080\" \/>Sim, em geral a trilha fica aberta o ano todo, mas pode variar dependendo das condi\u00e7\u00f5es clim\u00e1ticas do inverno. Verifique a disponibilidade na baixa temporada.<\/p>","protected":false},"excerpt":{"rendered":"<p>Excurs\u00e3o organizada de Bariloche a Puerto Blest, com traslado inclu\u00eddo, navega\u00e7\u00e3o no Nahuel Huapi, caminhada at\u00e9 a cachoeira Los C\u00e1ntaros e op\u00e7\u00e3o de adicionar o Lago Fr\u00edas. Ideal para grupos e viajantes que buscam conforto.<\/p>","protected":false},"featured_media":231591,"comment_status":"open","ping_status":"closed","template":"","meta":[],"product_brand":[],"product_cat":[38,32,45,53,40,36,55],"product_tag":[],"class_list":{"0":"post-230723","1":"product","2":"type-product","3":"status-publish","4":"has-post-thumbnail","6":"product_cat-adultos","7":"product_cat-familia","8":"product_cat-lacustre","9":"product_cat-ninos","10":"product_cat-con-traslado","11":"product_cat-sin-comida","12":"product_cat-todo-el-ano-temporada","14":"first","15":"instock","16":"virtual","17":"sold-individually","18":"purchasable","19":"product-type-booking"},"booking_location":"","booking_location_type":"","booking_duration":60,"booking_duration_unit":"minute","booking_buffer":0,"booking_cost":0,"booking_resources":[],"exclude_global_add_ons":false,"addons":[{"name":"ADU: Adulto","type":"input_multiplier","position":0,"required":false,"title_format":"label","default":"","description_enable":false,"description":"","placeholder_enable":false,"placeholder":"","display":"select","restrictions_type":"any_text","adjust_price":true,"price":"158000","price_type":"quantity_based","restrictions":false,"min":"0","max":"0","options":[],"id":1773234438},{"name":"MEN512 | 5 a 12","type":"input_multiplier","position":1,"required":false,"title_format":"label","default":"","description_enable":false,"description":"","placeholder_enable":false,"placeholder":"","display":"select","restrictions_type":"any_text","adjust_price":true,"price":"92000","price_type":"quantity_based","restrictions":false,"min":"0","max":"0","options":[],"id":1773234439},{"name":"ADUJ : Aposentado","type":"input_multiplier","position":2,"required":false,"title_format":"label","default":"","description_enable":false,"description":"","placeholder_enable":false,"placeholder":"","display":"select","restrictions_type":"any_text","adjust_price":true,"price":"92000","price_type":"quantity_based","restrictions":false,"min":"0","max":"0","options":[],"id":1773234440}],"yoast_head":"<!-- This site is optimized with the Yoast SEO Premium plugin v24.5 (Yoast SEO v24.8) - https:\/\/yoast.com\/wordpress\/plugins\/seo\/ -->\n<title>Excursi\u00f3n Puerto Blest y Cascada Los C\u00e1ntaros con traslado - Centro Reservas Bariloche Patagonia Argentina<\/title>\n<meta name=\"description\" content=\"Excursi\u00f3n a Puerto Blest y Cascada Los C\u00e1ntaros con traslado desde Bariloche. Incluye navegaci\u00f3n por el Lago Nahuel Huapi y caminatas guiadas.\" \/>\n<meta name=\"robots\" content=\"index, follow, max-snippet:-1, max-image-preview:large, max-video-preview:-1\" \/>\n<link rel=\"canonical\" href=\"https:\/\/centroreservasbariloche.com\/pt\/product\/puerto-blest-los-cantaros-cachoeira-bariloche\/\" \/>\n<meta property=\"og:locale\" content=\"pt_BR\" \/>\n<meta property=\"og:type\" content=\"article\" \/>\n<meta property=\"og:title\" content=\"Explor\u00e1 la Majestuosidad de Puerto Blest y la Cascada Los C\u00e1ntaros\" \/>\n<meta property=\"og:description\" content=\"Excursi\u00f3n a Puerto Blest y Cascada Los C\u00e1ntaros con traslado desde Bariloche. Incluye navegaci\u00f3n por el Lago Nahuel Huapi y caminatas guiadas.\" \/>\n<meta property=\"og:url\" content=\"https:\/\/centroreservasbariloche.com\/pt\/product\/puerto-blest-los-cantaros-cachoeira-bariloche\/\" \/>\n<meta property=\"og:site_name\" content=\"Centro Reservas Bariloche Patagonia Argentina\" \/>\n<meta property=\"article:publisher\" content=\"https:\/\/www.facebook.com\/centroreservasbariloche\" \/>\n<meta property=\"article:modified_time\" content=\"2026-04-09T12:14:08+00:00\" \/>\n<meta property=\"og:image\" content=\"https:\/\/buck.getjasper.digital\/2025\/04\/5-B-captionGG-scaled.jpg\" \/>\n\t<meta property=\"og:image:width\" content=\"1920\" \/>\n\t<meta property=\"og:image:height\" content=\"2560\" \/>\n\t<meta property=\"og:image:type\" content=\"image\/jpeg\" \/>\n<meta name=\"twitter:card\" content=\"summary_large_image\" \/>\n<meta name=\"twitter:label1\" content=\"Pre\u00e7o\" \/>\n\t<meta name=\"twitter:data1\" content=\"&#036;&nbsp;158.000,00\" \/>\n\t<meta name=\"twitter:label2\" content=\"Disponibilidade\" \/>\n\t<meta name=\"twitter:data2\" content=\"Em Estoque\" \/>\n<script type=\"application\/ld+json\" class=\"yoast-schema-graph\">{\"@context\":\"https:\/\/schema.org\",\"@graph\":[{\"@type\":[\"WebPage\",\"ItemPage\"],\"@id\":\"https:\/\/centroreservasbariloche.com\/product\/puerto-blest-cascada-los-cantaros-bariloche\",\"url\":\"https:\/\/centroreservasbariloche.com\/product\/puerto-blest-cascada-los-cantaros-bariloche\",\"name\":\"Excursi\u00f3n Puerto Blest y Cascada Los C\u00e1ntaros con traslado - Centro Reservas Bariloche Patagonia Argentina\",\"isPartOf\":{\"@id\":\"https:\/\/centroreservasbariloche.com\/#website\"},\"primaryImageOfPage\":{\"@id\":\"https:\/\/centroreservasbariloche.com\/product\/puerto-blest-cascada-los-cantaros-bariloche#primaryimage\"},\"image\":{\"@id\":\"https:\/\/centroreservasbariloche.com\/product\/puerto-blest-cascada-los-cantaros-bariloche#primaryimage\"},\"thumbnailUrl\":\"https:\/\/buck.getjasper.digital\/2025\/04\/5-B-captionGG-scaled.jpg\",\"datePublished\":\"2025-04-04T18:50:54+00:00\",\"dateModified\":\"2026-04-09T12:14:08+00:00\",\"description\":\"Excursi\u00f3n a Puerto Blest y Cascada Los C\u00e1ntaros con traslado desde Bariloche. Incluye navegaci\u00f3n por el Lago Nahuel Huapi y caminatas guiadas.\",\"breadcrumb\":{\"@id\":\"https:\/\/centroreservasbariloche.com\/product\/puerto-blest-cascada-los-cantaros-bariloche#breadcrumb\"},\"inLanguage\":\"pt-BR\",\"potentialAction\":[{\"@type\":\"ReadAction\",\"target\":[\"https:\/\/centroreservasbariloche.com\/product\/puerto-blest-cascada-los-cantaros-bariloche\"]}]},{\"@type\":\"ImageObject\",\"inLanguage\":\"pt-BR\",\"@id\":\"https:\/\/centroreservasbariloche.com\/product\/puerto-blest-cascada-los-cantaros-bariloche#primaryimage\",\"url\":\"https:\/\/buck.getjasper.digital\/2025\/04\/5-B-captionGG-scaled.jpg\",\"contentUrl\":\"https:\/\/buck.getjasper.digital\/2025\/04\/5-B-captionGG-scaled.jpg\",\"width\":1920,\"height\":2560},{\"@type\":\"BreadcrumbList\",\"@id\":\"https:\/\/centroreservasbariloche.com\/product\/puerto-blest-cascada-los-cantaros-bariloche#breadcrumb\",\"itemListElement\":[{\"@type\":\"ListItem\",\"position\":1,\"name\":\"Home\",\"item\":\"https:\/\/centroreservasbariloche.com\/\"},{\"@type\":\"ListItem\",\"position\":2,\"name\":\"Nuestras actividades\",\"item\":\"https:\/\/centroreservasbariloche.com\/shop\"},{\"@type\":\"ListItem\",\"position\":3,\"name\":\"Explor\u00e1 la Majestuosidad de Puerto Blest y la Cascada Los C\u00e1ntaros\"}]},{\"@type\":\"WebSite\",\"@id\":\"https:\/\/centroreservasbariloche.com\/#website\",\"url\":\"https:\/\/centroreservasbariloche.com\/\",\"name\":\"Centro Reservas Bariloche Patagonia Argentina\",\"description\":\"Centro Reservas Bariloche Patagonia\",\"publisher\":{\"@id\":\"https:\/\/centroreservasbariloche.com\/#organization\"},\"alternateName\":\"tur centra bariloche\",\"potentialAction\":[{\"@type\":\"SearchAction\",\"target\":{\"@type\":\"EntryPoint\",\"urlTemplate\":\"https:\/\/centroreservasbariloche.com\/?s={search_term_string}\"},\"query-input\":{\"@type\":\"PropertyValueSpecification\",\"valueRequired\":true,\"valueName\":\"search_term_string\"}}],\"inLanguage\":\"pt-BR\"},{\"@type\":[\"Organization\",\"Place\",\"TravelAgency\"],\"@id\":\"https:\/\/centroreservasbariloche.com\/#organization\",\"name\":\"Centro Reservas Bariloche\",\"alternateName\":\"Centro de Reservas\",\"url\":\"https:\/\/centroreservasbariloche.com\/\",\"logo\":{\"@id\":\"https:\/\/centroreservasbariloche.com\/product\/puerto-blest-cascada-los-cantaros-bariloche#local-main-organization-logo\"},\"image\":{\"@id\":\"https:\/\/centroreservasbariloche.com\/product\/puerto-blest-cascada-los-cantaros-bariloche#local-main-organization-logo\"},\"sameAs\":[\"https:\/\/www.facebook.com\/centroreservasbariloche\"],\"description\":\"Estamos comprometidos en brindarles una experiencia inolvidable, llena de aventura, belleza natural y descubrimientos. No importa si es su primera visita a Bariloche o si ya ha tenido el placer de conocerla, estamos seguros de que encontrar\u00e1 en nuestras excursiones la oportunidad de crear recuerdos duraderos.\",\"legalName\":\"Centro Reservas Bariloche\",\"address\":{\"@id\":\"https:\/\/centroreservasbariloche.com\/product\/puerto-blest-cascada-los-cantaros-bariloche#local-main-place-address\"},\"telephone\":[],\"openingHoursSpecification\":[{\"@type\":\"OpeningHoursSpecification\",\"dayOfWeek\":[\"Monday\",\"Tuesday\",\"Wednesday\",\"Thursday\",\"Friday\",\"Saturday\",\"Sunday\"],\"opens\":\"09:00\",\"closes\":\"17:00\"}],\"priceRange\":\"$$\"},{\"@type\":\"PostalAddress\",\"@id\":\"https:\/\/centroreservasbariloche.com\/product\/puerto-blest-cascada-los-cantaros-bariloche#local-main-place-address\",\"streetAddress\":\"Mitre 131\",\"addressLocality\":\"San Carlos de Bariloche\",\"postalCode\":\"8400\",\"addressRegion\":\"R\u00edo Negro\",\"addressCountry\":\"AR\"},{\"@type\":\"ImageObject\",\"inLanguage\":\"pt-BR\",\"@id\":\"https:\/\/centroreservasbariloche.com\/product\/puerto-blest-cascada-los-cantaros-bariloche#local-main-organization-logo\",\"url\":\"https:\/\/buck.getjasper.digital\/2025\/06\/centro-de-reservas-2-1.png\",\"contentUrl\":\"https:\/\/buck.getjasper.digital\/2025\/06\/centro-de-reservas-2-1.png\",\"width\":512,\"height\":512,\"caption\":\"Centro Reservas Bariloche\"}]}<\/script>\n<meta property=\"product:price:amount\" content=\"158000.00\" \/>\n<meta property=\"product:price:currency\" content=\"ARS\" \/>\n<meta property=\"og:availability\" content=\"instock\" \/>\n<meta property=\"product:availability\" content=\"instock\" \/>\n<meta property=\"product:retailer_item_id\" content=\"ADV2025PUBLYCO2Q8\" \/>\n<meta property=\"product:condition\" content=\"new\" \/>\n<meta name=\"geo.placename\" content=\"San Carlos de Bariloche\" \/>\n<meta name=\"geo.region\" content=\"Argentina\" \/>\n<!-- \/ Yoast SEO Premium plugin. -->","yoast_head_json":{"title":"Excurs\u00e3o Puerto Blest e Cachoeira Los C\u00e1ntaros com traslado - Centro Reservas Bariloche Patag\u00f4nia Argentina","description":"Excurs\u00e3o a Puerto Blest e \u00e0 cachoeira Los C\u00e1ntaros com traslado de Bariloche. Inclui navega\u00e7\u00e3o no Lago Nahuel Huapi e caminhadas guiadas.","robots":{"index":"index","follow":"follow","max-snippet":"max-snippet:-1","max-image-preview":"max-image-preview:large","max-video-preview":"max-video-preview:-1"},"canonical":"https:\/\/centroreservasbariloche.com\/pt\/product\/puerto-blest-los-cantaros-cachoeira-bariloche\/","og_locale":"pt_BR","og_type":"article","og_title":"Explor\u00e1 la Majestuosidad de Puerto Blest y la Cascada Los C\u00e1ntaros","og_description":"Excursi\u00f3n a Puerto Blest y Cascada Los C\u00e1ntaros con traslado desde Bariloche. Incluye navegaci\u00f3n por el Lago Nahuel Huapi y caminatas guiadas.","og_url":"https:\/\/centroreservasbariloche.com\/pt\/product\/puerto-blest-los-cantaros-cachoeira-bariloche\/","og_site_name":"Centro Reservas Bariloche Patagonia Argentina","article_publisher":"https:\/\/www.facebook.com\/centroreservasbariloche","article_modified_time":"2026-04-09T12:14:08+00:00","og_image":[{"width":1920,"height":2560,"url":"https:\/\/buck.getjasper.digital\/2025\/04\/5-B-captionGG-scaled.jpg","type":"image\/jpeg"}],"twitter_card":"summary_large_image","twitter_misc":{"Pre\u00e7o":"&#36;&nbsp;158.000,00","Disponibilidade":"Em Estoque"},"schema":{"@context":"https:\/\/schema.org","@graph":[{"@type":["WebPage","ItemPage"],"@id":"https:\/\/centroreservasbariloche.com\/product\/puerto-blest-cascada-los-cantaros-bariloche","url":"https:\/\/centroreservasbariloche.com\/product\/puerto-blest-cascada-los-cantaros-bariloche","name":"Excurs\u00e3o Puerto Blest e Cachoeira Los C\u00e1ntaros com traslado - Centro Reservas Bariloche Patag\u00f4nia Argentina","isPartOf":{"@id":"https:\/\/centroreservasbariloche.com\/#website"},"primaryImageOfPage":{"@id":"https:\/\/centroreservasbariloche.com\/product\/puerto-blest-cascada-los-cantaros-bariloche#primaryimage"},"image":{"@id":"https:\/\/centroreservasbariloche.com\/product\/puerto-blest-cascada-los-cantaros-bariloche#primaryimage"},"thumbnailUrl":"https:\/\/buck.getjasper.digital\/2025\/04\/5-B-captionGG-scaled.jpg","datePublished":"2025-04-04T18:50:54+00:00","dateModified":"2026-04-09T12:14:08+00:00","description":"Excurs\u00e3o a Puerto Blest e \u00e0 cachoeira Los C\u00e1ntaros com traslado de Bariloche. Inclui navega\u00e7\u00e3o no Lago Nahuel Huapi e caminhadas guiadas.","breadcrumb":{"@id":"https:\/\/centroreservasbariloche.com\/product\/puerto-blest-cascada-los-cantaros-bariloche#breadcrumb"},"inLanguage":"pt-BR","potentialAction":[{"@type":"ReadAction","target":["https:\/\/centroreservasbariloche.com\/product\/puerto-blest-cascada-los-cantaros-bariloche"]}]},{"@type":"ImageObject","inLanguage":"pt-BR","@id":"https:\/\/centroreservasbariloche.com\/product\/puerto-blest-cascada-los-cantaros-bariloche#primaryimage","url":"https:\/\/buck.getjasper.digital\/2025\/04\/5-B-captionGG-scaled.jpg","contentUrl":"https:\/\/buck.getjasper.digital\/2025\/04\/5-B-captionGG-scaled.jpg","width":1920,"height":2560},{"@type":"BreadcrumbList","@id":"https:\/\/centroreservasbariloche.com\/product\/puerto-blest-cascada-los-cantaros-bariloche#breadcrumb","itemListElement":[{"@type":"ListItem","position":1,"name":"Home","item":"https:\/\/centroreservasbariloche.com\/"},{"@type":"ListItem","position":2,"name":"Nuestras actividades","item":"https:\/\/centroreservasbariloche.com\/shop"},{"@type":"ListItem","position":3,"name":"Explor\u00e1 la Majestuosidad de Puerto Blest y la Cascada Los C\u00e1ntaros"}]},{"@type":"WebSite","@id":"https:\/\/centroreservasbariloche.com\/#website","url":"https:\/\/centroreservasbariloche.com\/","name":"Centro de Reservas de Bariloche Patag\u00f4nia Argentina","description":"Central de Reservas de Bariloche Patag\u00f4nia","publisher":{"@id":"https:\/\/centroreservasbariloche.com\/#organization"},"alternateName":"tur centra bariloche","potentialAction":[{"@type":"SearchAction","target":{"@type":"EntryPoint","urlTemplate":"https:\/\/centroreservasbariloche.com\/?s={search_term_string}"},"query-input":{"@type":"PropertyValueSpecification","valueRequired":true,"valueName":"search_term_string"}}],"inLanguage":"pt-BR"},{"@type":["Organization","Place","TravelAgency"],"@id":"https:\/\/centroreservasbariloche.com\/#organization","name":"Centro de Reservas de Bariloche","alternateName":"Centro de Reservas","url":"https:\/\/centroreservasbariloche.com\/","logo":{"@id":"https:\/\/centroreservasbariloche.com\/product\/puerto-blest-cascada-los-cantaros-bariloche#local-main-organization-logo"},"image":{"@id":"https:\/\/centroreservasbariloche.com\/product\/puerto-blest-cascada-los-cantaros-bariloche#local-main-organization-logo"},"sameAs":["https:\/\/www.facebook.com\/centroreservasbariloche"],"description":"Temos o compromisso de proporcionar a voc\u00ea uma experi\u00eancia inesquec\u00edvel, cheia de aventura, beleza natural e descobertas. Quer seja sua primeira visita a Bariloche ou se j\u00e1 teve o prazer de conhec\u00ea-la, temos certeza de que encontrar\u00e1 em nossas excurs\u00f5es a oportunidade de criar mem\u00f3rias duradouras.","legalName":"Centro Reservas Bariloche","address":{"@id":"https:\/\/centroreservasbariloche.com\/product\/puerto-blest-cascada-los-cantaros-bariloche#local-main-place-address"},"telephone":[],"openingHoursSpecification":[{"@type":"OpeningHoursSpecification","dayOfWeek":["Monday","Tuesday","Wednesday","Thursday","Friday","Saturday","Sunday"],"opens":"09:00","closes":"17:00"}],"priceRange":"$$"},{"@type":"PostalAddress","@id":"https:\/\/centroreservasbariloche.com\/product\/puerto-blest-cascada-los-cantaros-bariloche#local-main-place-address","streetAddress":"Mitre 131","addressLocality":"San Carlos de Bariloche","postalCode":"8400","addressRegion":"R\u00edo Negro","addressCountry":"AR"},{"@type":"ImageObject","inLanguage":"pt-BR","@id":"https:\/\/centroreservasbariloche.com\/product\/puerto-blest-cascada-los-cantaros-bariloche#local-main-organization-logo","url":"https:\/\/buck.getjasper.digital\/2025\/06\/centro-de-reservas-2-1.png","contentUrl":"https:\/\/buck.getjasper.digital\/2025\/06\/centro-de-reservas-2-1.png","width":512,"height":512,"caption":"Centro Reservas Bariloche"}]},"product_price_amount":"158000.00","product_price_currency":"ARS","og_availability":"instock","product_availability":"instock","product_retailer_item_id":"ADV2025PUBLYCO2Q8","product_condition":"new","geo.placename":"San Carlos de Bariloche","geo.region":"Argentina"},"_links":{"self":[{"href":"https:\/\/centroreservasbariloche.com\/pt\/wp-json\/wp\/v2\/product\/230723","targetHints":{"allow":["GET"]}}],"collection":[{"href":"https:\/\/centroreservasbariloche.com\/pt\/wp-json\/wp\/v2\/product"}],"about":[{"href":"https:\/\/centroreservasbariloche.com\/pt\/wp-json\/wp\/v2\/types\/product"}],"replies":[{"embeddable":true,"href":"https:\/\/centroreservasbariloche.com\/pt\/wp-json\/wp\/v2\/comments?post=230723"}],"wp:featuredmedia":[{"embeddable":true,"href":"https:\/\/centroreservasbariloche.com\/pt\/wp-json\/wp\/v2\/media\/231591"}],"wp:attachment":[{"href":"https:\/\/centroreservasbariloche.com\/pt\/wp-json\/wp\/v2\/media?parent=230723"}],"wp:term":[{"taxonomy":"product_brand","embeddable":true,"href":"https:\/\/centroreservasbariloche.com\/pt\/wp-json\/wp\/v2\/product_brand?post=230723"},{"taxonomy":"product_cat","embeddable":true,"href":"https:\/\/centroreservasbariloche.com\/pt\/wp-json\/wp\/v2\/product_cat?post=230723"},{"taxonomy":"product_tag","embeddable":true,"href":"https:\/\/centroreservasbariloche.com\/pt\/wp-json\/wp\/v2\/product_tag?post=230723"}],"curies":[{"name":"wp","href":"https:\/\/api.w.org\/{rel}","templated":true}]}}