{"id":230724,"date":"2025-04-04T15:51:08","date_gmt":"2025-04-04T18:51:08","guid":{"rendered":"https:\/\/centroreservasbariloche.com\/?post_type=product&#038;p=230724"},"modified":"2026-04-09T09:15:38","modified_gmt":"2026-04-09T12:15:38","slug":"isla-victoria-bosque-arrayanes-traslado","status":"publish","type":"product","link":"https:\/\/centroreservasbariloche.com\/pt\/product\/victoria-island-myrtle-forest-transfer","title":{"rendered":"Ilha Victoria e Bosque de Arrayanes - Uma experi\u00eancia natural inesquec\u00edvel na Patag\u00f4nia Argentina - Com traslado"},"content":{"rendered":"<h3 data-start=\"456\" data-end=\"580\">Projetado para aqueles que desejam conhecer Bariloche com uma experi\u00eancia organizada, paisagens \u00fanicas e acompanhamento profissional.<\/h3>\n<p data-start=\"582\" data-end=\"887\">Esta excurs\u00e3o combina o melhor da navega\u00e7\u00e3o no Lago Nahuel Huapi com caminhadas guiadas em um ambiente \u00fanico. Partimos de Puerto Pa\u00f1uelo, um dos pontos mais emblem\u00e1ticos de Bariloche, para explorar duas joias do Parque Nacional: a m\u00e1gica Ilha Victoria e o \u00fanico bosque de murtas do mundo.<\/p>\n<h3 data-start=\"894\" data-end=\"979\">Uma rota imperd\u00edvel para conhecer a hist\u00f3ria, a natureza e paisagens inesquec\u00edveis.<\/h3>\n<p data-start=\"981\" data-end=\"1302\">Come\u00e7amos com uma navega\u00e7\u00e3o de aproximadamente uma hora at\u00e9 a Pen\u00ednsula de Quetrihu\u00e9, onde est\u00e1 localizada a Floresta de Arrayanes. Essa floresta \u00fanica \u00e9 formada por \u00e1rvores centen\u00e1rias que crescem naturalmente em um \u00fanico lugar do planeta. O ambiente \u00e9 t\u00e3o especial que se diz que inspirou os criadores do Bambi.<\/p>\n<p data-start=\"1304\" data-end=\"1529\">Em seguida, o barco segue para a Ilha Victoria, um para\u00edso natural repleto de trilhas cercadas pela flora nativa. L\u00e1, visitaremos a Playa del Toro, com suas areias vulc\u00e2nicas e pinturas rupestres, um lugar cheio de hist\u00f3ria e beleza.<\/p>\n<h3 data-start=\"1536\" data-end=\"1571\">Informa\u00e7\u00f5es importantes para seu grupo<\/h3>\n<ul data-start=\"1573\" data-end=\"2021\">\n<li data-start=\"1573\" data-end=\"1657\">\n<p data-start=\"1575\" data-end=\"1657\"><strong data-start=\"1575\" data-end=\"1587\">Dura\u00e7\u00e3o<\/strong>Meio dia - sa\u00edda \u00e0s 12:30 hs e retorno previsto \u00e0s 19:00 hs.<\/p>\n<\/li>\n<li data-start=\"1658\" data-end=\"1785\">\n<p data-start=\"1660\" data-end=\"1785\"><strong data-start=\"1660\" data-end=\"1671\">Inclui<\/strong>Traslado de pontos pr\u00f3ximos \u00e0 sua acomoda\u00e7\u00e3o para Puerto Pa\u00f1uelo, navega\u00e7\u00e3o e guia tur\u00edstico especializado.<\/p>\n<\/li>\n<li data-start=\"1786\" data-end=\"1918\">\n<p data-start=\"1788\" data-end=\"1918\"><strong data-start=\"1788\" data-end=\"1802\">N\u00e3o inclui<\/strong>Taxas de embarque e do Parque Nacional (a serem pagas no porto), sem refei\u00e7\u00f5es (paradores e quiosques est\u00e3o dispon\u00edveis).<\/p>\n<\/li>\n<li data-start=\"1919\" data-end=\"2021\">\n<p data-start=\"1921\" data-end=\"2021\"><strong data-start=\"1921\" data-end=\"1944\">Pontos de encontro<\/strong>Pr\u00f3ximo ao centro de Bariloche e entre o km 1 e o km 20 da Avenida Bustillo.<\/p>\n<\/li>\n<\/ul>\n<h3 data-start=\"2028\" data-end=\"2052\">Perguntas frequentes<\/h3>\n<p data-start=\"2054\" data-end=\"2207\"><strong data-start=\"2054\" data-end=\"2084\">Onde posso pagar as taxas?<\/strong><br data-start=\"2084\" data-end=\"2087\" \/>As taxas de embarque e do parque s\u00e3o pagas diretamente em Puerto Pa\u00f1uelo no dia da excurs\u00e3o. Aceita-se dinheiro.<\/p>\n<p data-start=\"2209\" data-end=\"2392\"><strong data-start=\"2209\" data-end=\"2257\">Pessoas idosas ou crian\u00e7as podem participar?<\/strong><br data-start=\"2257\" data-end=\"2260\" \/>Sim, \u00e9 uma excurs\u00e3o de baixa dificuldade, ideal para todas as idades e altamente recomendada para grupos familiares ou idosos.<\/p>\n<p data-start=\"2394\" data-end=\"2526\"><strong data-start=\"2394\" data-end=\"2441\">\u00c9 poss\u00edvel comprar comida durante o passeio?<\/strong><br data-start=\"2441\" data-end=\"2444\" \/>Sim, h\u00e1 op\u00e7\u00f5es de alimenta\u00e7\u00e3o a bordo e nas ilhas. Voc\u00ea tamb\u00e9m pode levar seu pr\u00f3prio almo\u00e7o.<\/p>\n<p data-start=\"2528\" data-end=\"2649\"><strong data-start=\"2528\" data-end=\"2566\">Ele est\u00e1 dispon\u00edvel em outros idiomas?<\/strong><br data-start=\"2566\" data-end=\"2569\" \/>Sim, consulte-nos sobre op\u00e7\u00f5es de guias bil\u00edngues para grupos em portugu\u00eas ou ingl\u00eas.<\/p>","protected":false},"excerpt":{"rendered":"<p>Aventure-se em uma viagem espetacular para <strong>Ilha Victoria<\/strong> e o exclusivo <strong>Floresta Myrtle<\/strong>, onde a natureza \u00e9 mostrada em sua melhor forma. Incluindo traslado, navega\u00e7\u00e3o guiada e caminhadas em paisagens emblem\u00e1ticas, garanta j\u00e1 a sua experi\u00eancia \u00fanica na Patag\u00f4nia!<\/p>","protected":false},"featured_media":231584,"comment_status":"open","ping_status":"closed","template":"","meta":[],"product_brand":[],"product_cat":[38,32,45,53,40,36,55],"product_tag":[],"class_list":{"0":"post-230724","1":"product","2":"type-product","3":"status-publish","4":"has-post-thumbnail","6":"product_cat-adultos","7":"product_cat-familia","8":"product_cat-lacustre","9":"product_cat-ninos","10":"product_cat-con-traslado","11":"product_cat-sin-comida","12":"product_cat-todo-el-ano-temporada","14":"first","15":"instock","16":"virtual","17":"sold-individually","18":"purchasable","19":"product-type-booking"},"booking_location":"","booking_location_type":"","booking_duration":60,"booking_duration_unit":"minute","booking_buffer":0,"booking_cost":0,"booking_resources":[],"exclude_global_add_ons":false,"addons":[{"name":"ADU: Adulto","type":"input_multiplier","position":0,"required":false,"title_format":"label","default":"","description_enable":false,"description":"","placeholder_enable":false,"placeholder":"","display":"select","restrictions_type":"any_text","adjust_price":true,"price":"158000","price_type":"quantity_based","restrictions":false,"min":"0","max":"0","options":[],"id":1773234582},{"name":"MEN512 | 5 a 12","type":"input_multiplier","position":1,"required":false,"title_format":"label","default":"","description_enable":false,"description":"","placeholder_enable":false,"placeholder":"","display":"select","restrictions_type":"any_text","adjust_price":true,"price":"92000","price_type":"quantity_based","restrictions":false,"min":"0","max":"0","options":[],"id":1773234583},{"name":"ADUJ : Aposentado","type":"input_multiplier","position":2,"required":false,"title_format":"label","default":"","description_enable":false,"description":"","placeholder_enable":false,"placeholder":"","display":"select","restrictions_type":"any_text","adjust_price":true,"price":"92000","price_type":"quantity_based","restrictions":false,"min":"0","max":"0","options":[],"id":1773234584}],"yoast_head":"<!-- This site is optimized with the Yoast SEO Premium plugin v24.5 (Yoast SEO v24.8) - https:\/\/yoast.com\/wordpress\/plugins\/seo\/ -->\n<title>Isla Victoria y Bosque de Arrayanes | Excursi\u00f3n desde Bariloche - Centro Reservas Bariloche Patagonia Argentina<\/title>\n<meta name=\"description\" content=\"Recorrido a Isla Victoria y Bosque de Arrayanes para grupos y viajeros LATAM. Incluye navegaci\u00f3n, gu\u00edas y paisajes \u00fanicos desde Bariloche.\" \/>\n<meta name=\"robots\" content=\"index, follow, max-snippet:-1, max-image-preview:large, max-video-preview:-1\" \/>\n<link rel=\"canonical\" href=\"https:\/\/centroreservasbariloche.com\/pt\/product\/victoria-island-myrtle-forest-transfer\/\" \/>\n<meta property=\"og:locale\" content=\"pt_BR\" \/>\n<meta property=\"og:type\" content=\"article\" \/>\n<meta property=\"og:title\" content=\"Isla Victoria y Bosque de Arrayanes \u2013 Una Experiencia Natural Inolvidable en la Patagonia Argentina- Con traslado\" \/>\n<meta property=\"og:description\" content=\"Recorrido a Isla Victoria y Bosque de Arrayanes para grupos y viajeros LATAM. Incluye navegaci\u00f3n, gu\u00edas y paisajes \u00fanicos desde Bariloche.\" \/>\n<meta property=\"og:url\" content=\"https:\/\/centroreservasbariloche.com\/pt\/product\/victoria-island-myrtle-forest-transfer\/\" \/>\n<meta property=\"og:site_name\" content=\"Centro Reservas Bariloche Patagonia Argentina\" \/>\n<meta property=\"article:publisher\" content=\"https:\/\/www.facebook.com\/centroreservasbariloche\" \/>\n<meta property=\"article:modified_time\" content=\"2026-04-09T12:15:38+00:00\" \/>\n<meta property=\"og:image\" content=\"https:\/\/buck.getjasper.digital\/2025\/04\/5-A-DSC_0058-scaled.jpg\" \/>\n\t<meta property=\"og:image:width\" content=\"1920\" \/>\n\t<meta property=\"og:image:height\" content=\"2560\" \/>\n\t<meta property=\"og:image:type\" content=\"image\/jpeg\" \/>\n<meta name=\"twitter:card\" content=\"summary_large_image\" \/>\n<meta name=\"twitter:label1\" content=\"Pre\u00e7o\" \/>\n\t<meta name=\"twitter:data1\" content=\"&#036;&nbsp;158.000,00\" \/>\n\t<meta name=\"twitter:label2\" content=\"Disponibilidade\" \/>\n\t<meta name=\"twitter:data2\" content=\"Em Estoque\" \/>\n<script type=\"application\/ld+json\" class=\"yoast-schema-graph\">{\"@context\":\"https:\/\/schema.org\",\"@graph\":[{\"@type\":[\"WebPage\",\"ItemPage\"],\"@id\":\"https:\/\/centroreservasbariloche.com\/product\/isla-victoria-bosque-arrayanes-traslado\",\"url\":\"https:\/\/centroreservasbariloche.com\/product\/isla-victoria-bosque-arrayanes-traslado\",\"name\":\"Isla Victoria y Bosque de Arrayanes | Excursi\u00f3n desde Bariloche - Centro Reservas Bariloche Patagonia Argentina\",\"isPartOf\":{\"@id\":\"https:\/\/centroreservasbariloche.com\/#website\"},\"primaryImageOfPage\":{\"@id\":\"https:\/\/centroreservasbariloche.com\/product\/isla-victoria-bosque-arrayanes-traslado#primaryimage\"},\"image\":{\"@id\":\"https:\/\/centroreservasbariloche.com\/product\/isla-victoria-bosque-arrayanes-traslado#primaryimage\"},\"thumbnailUrl\":\"https:\/\/buck.getjasper.digital\/2025\/04\/5-A-DSC_0058-scaled.jpg\",\"datePublished\":\"2025-04-04T18:51:08+00:00\",\"dateModified\":\"2026-04-09T12:15:38+00:00\",\"description\":\"Recorrido a Isla Victoria y Bosque de Arrayanes para grupos y viajeros LATAM. Incluye navegaci\u00f3n, gu\u00edas y paisajes \u00fanicos desde Bariloche.\",\"breadcrumb\":{\"@id\":\"https:\/\/centroreservasbariloche.com\/product\/isla-victoria-bosque-arrayanes-traslado#breadcrumb\"},\"inLanguage\":\"pt-BR\",\"potentialAction\":[{\"@type\":\"ReadAction\",\"target\":[\"https:\/\/centroreservasbariloche.com\/product\/isla-victoria-bosque-arrayanes-traslado\"]}]},{\"@type\":\"ImageObject\",\"inLanguage\":\"pt-BR\",\"@id\":\"https:\/\/centroreservasbariloche.com\/product\/isla-victoria-bosque-arrayanes-traslado#primaryimage\",\"url\":\"https:\/\/buck.getjasper.digital\/2025\/04\/5-A-DSC_0058-scaled.jpg\",\"contentUrl\":\"https:\/\/buck.getjasper.digital\/2025\/04\/5-A-DSC_0058-scaled.jpg\",\"width\":1920,\"height\":2560},{\"@type\":\"BreadcrumbList\",\"@id\":\"https:\/\/centroreservasbariloche.com\/product\/isla-victoria-bosque-arrayanes-traslado#breadcrumb\",\"itemListElement\":[{\"@type\":\"ListItem\",\"position\":1,\"name\":\"Home\",\"item\":\"https:\/\/centroreservasbariloche.com\/\"},{\"@type\":\"ListItem\",\"position\":2,\"name\":\"Nuestras actividades\",\"item\":\"https:\/\/centroreservasbariloche.com\/shop\"},{\"@type\":\"ListItem\",\"position\":3,\"name\":\"Isla Victoria y Bosque de Arrayanes \u2013 Una Experiencia Natural Inolvidable en la Patagonia Argentina- Con traslado\"}]},{\"@type\":\"WebSite\",\"@id\":\"https:\/\/centroreservasbariloche.com\/#website\",\"url\":\"https:\/\/centroreservasbariloche.com\/\",\"name\":\"Centro Reservas Bariloche Patagonia Argentina\",\"description\":\"Centro Reservas Bariloche Patagonia\",\"publisher\":{\"@id\":\"https:\/\/centroreservasbariloche.com\/#organization\"},\"alternateName\":\"tur centra bariloche\",\"potentialAction\":[{\"@type\":\"SearchAction\",\"target\":{\"@type\":\"EntryPoint\",\"urlTemplate\":\"https:\/\/centroreservasbariloche.com\/?s={search_term_string}\"},\"query-input\":{\"@type\":\"PropertyValueSpecification\",\"valueRequired\":true,\"valueName\":\"search_term_string\"}}],\"inLanguage\":\"pt-BR\"},{\"@type\":[\"Organization\",\"Place\",\"TravelAgency\"],\"@id\":\"https:\/\/centroreservasbariloche.com\/#organization\",\"name\":\"Centro Reservas Bariloche\",\"alternateName\":\"Centro de Reservas\",\"url\":\"https:\/\/centroreservasbariloche.com\/\",\"logo\":{\"@id\":\"https:\/\/centroreservasbariloche.com\/product\/isla-victoria-bosque-arrayanes-traslado#local-main-organization-logo\"},\"image\":{\"@id\":\"https:\/\/centroreservasbariloche.com\/product\/isla-victoria-bosque-arrayanes-traslado#local-main-organization-logo\"},\"sameAs\":[\"https:\/\/www.facebook.com\/centroreservasbariloche\"],\"description\":\"Estamos comprometidos en brindarles una experiencia inolvidable, llena de aventura, belleza natural y descubrimientos. No importa si es su primera visita a Bariloche o si ya ha tenido el placer de conocerla, estamos seguros de que encontrar\u00e1 en nuestras excursiones la oportunidad de crear recuerdos duraderos.\",\"legalName\":\"Centro Reservas Bariloche\",\"address\":{\"@id\":\"https:\/\/centroreservasbariloche.com\/product\/isla-victoria-bosque-arrayanes-traslado#local-main-place-address\"},\"telephone\":[],\"openingHoursSpecification\":[{\"@type\":\"OpeningHoursSpecification\",\"dayOfWeek\":[\"Monday\",\"Tuesday\",\"Wednesday\",\"Thursday\",\"Friday\",\"Saturday\",\"Sunday\"],\"opens\":\"09:00\",\"closes\":\"17:00\"}],\"priceRange\":\"$$\"},{\"@type\":\"PostalAddress\",\"@id\":\"https:\/\/centroreservasbariloche.com\/product\/isla-victoria-bosque-arrayanes-traslado#local-main-place-address\",\"streetAddress\":\"Mitre 131\",\"addressLocality\":\"San Carlos de Bariloche\",\"postalCode\":\"8400\",\"addressRegion\":\"R\u00edo Negro\",\"addressCountry\":\"AR\"},{\"@type\":\"ImageObject\",\"inLanguage\":\"pt-BR\",\"@id\":\"https:\/\/centroreservasbariloche.com\/product\/isla-victoria-bosque-arrayanes-traslado#local-main-organization-logo\",\"url\":\"https:\/\/buck.getjasper.digital\/2025\/06\/centro-de-reservas-2-1.png\",\"contentUrl\":\"https:\/\/buck.getjasper.digital\/2025\/06\/centro-de-reservas-2-1.png\",\"width\":512,\"height\":512,\"caption\":\"Centro Reservas Bariloche\"}]}<\/script>\n<meta property=\"product:price:amount\" content=\"158000.00\" \/>\n<meta property=\"product:price:currency\" content=\"ARS\" \/>\n<meta property=\"og:availability\" content=\"instock\" \/>\n<meta property=\"product:availability\" content=\"instock\" \/>\n<meta property=\"product:retailer_item_id\" content=\"ADV2025ISVIYBMX11\" \/>\n<meta property=\"product:condition\" content=\"new\" \/>\n<meta name=\"geo.placename\" content=\"San Carlos de Bariloche\" \/>\n<meta name=\"geo.region\" content=\"Argentina\" \/>\n<!-- \/ Yoast SEO Premium plugin. -->","yoast_head_json":{"title":"Ilha Victoria e Bosque de Arrayanes - Excurs\u00e3o desde Bariloche - Centro Reservas Bariloche Patag\u00f4nia Argentina","description":"Tour \u00e0 Ilha Victoria e \u00e0 Floresta de Arrayanes para grupos e viajantes da LATAM. Inclui navega\u00e7\u00e3o, guias e paisagens \u00fanicas a partir de Bariloche.","robots":{"index":"index","follow":"follow","max-snippet":"max-snippet:-1","max-image-preview":"max-image-preview:large","max-video-preview":"max-video-preview:-1"},"canonical":"https:\/\/centroreservasbariloche.com\/pt\/product\/victoria-island-myrtle-forest-transfer\/","og_locale":"pt_BR","og_type":"article","og_title":"Isla Victoria y Bosque de Arrayanes \u2013 Una Experiencia Natural Inolvidable en la Patagonia Argentina- Con traslado","og_description":"Recorrido a Isla Victoria y Bosque de Arrayanes para grupos y viajeros LATAM. Incluye navegaci\u00f3n, gu\u00edas y paisajes \u00fanicos desde Bariloche.","og_url":"https:\/\/centroreservasbariloche.com\/pt\/product\/victoria-island-myrtle-forest-transfer\/","og_site_name":"Centro Reservas Bariloche Patagonia Argentina","article_publisher":"https:\/\/www.facebook.com\/centroreservasbariloche","article_modified_time":"2026-04-09T12:15:38+00:00","og_image":[{"width":1920,"height":2560,"url":"https:\/\/buck.getjasper.digital\/2025\/04\/5-A-DSC_0058-scaled.jpg","type":"image\/jpeg"}],"twitter_card":"summary_large_image","twitter_misc":{"Pre\u00e7o":"&#36;&nbsp;158.000,00","Disponibilidade":"Em Estoque"},"schema":{"@context":"https:\/\/schema.org","@graph":[{"@type":["WebPage","ItemPage"],"@id":"https:\/\/centroreservasbariloche.com\/product\/isla-victoria-bosque-arrayanes-traslado","url":"https:\/\/centroreservasbariloche.com\/product\/isla-victoria-bosque-arrayanes-traslado","name":"Ilha Victoria e Bosque de Arrayanes - Excurs\u00e3o desde Bariloche - Centro Reservas Bariloche Patag\u00f4nia Argentina","isPartOf":{"@id":"https:\/\/centroreservasbariloche.com\/#website"},"primaryImageOfPage":{"@id":"https:\/\/centroreservasbariloche.com\/product\/isla-victoria-bosque-arrayanes-traslado#primaryimage"},"image":{"@id":"https:\/\/centroreservasbariloche.com\/product\/isla-victoria-bosque-arrayanes-traslado#primaryimage"},"thumbnailUrl":"https:\/\/buck.getjasper.digital\/2025\/04\/5-A-DSC_0058-scaled.jpg","datePublished":"2025-04-04T18:51:08+00:00","dateModified":"2026-04-09T12:15:38+00:00","description":"Tour \u00e0 Ilha Victoria e \u00e0 Floresta de Arrayanes para grupos e viajantes da LATAM. Inclui navega\u00e7\u00e3o, guias e paisagens \u00fanicas a partir de Bariloche.","breadcrumb":{"@id":"https:\/\/centroreservasbariloche.com\/product\/isla-victoria-bosque-arrayanes-traslado#breadcrumb"},"inLanguage":"pt-BR","potentialAction":[{"@type":"ReadAction","target":["https:\/\/centroreservasbariloche.com\/product\/isla-victoria-bosque-arrayanes-traslado"]}]},{"@type":"ImageObject","inLanguage":"pt-BR","@id":"https:\/\/centroreservasbariloche.com\/product\/isla-victoria-bosque-arrayanes-traslado#primaryimage","url":"https:\/\/buck.getjasper.digital\/2025\/04\/5-A-DSC_0058-scaled.jpg","contentUrl":"https:\/\/buck.getjasper.digital\/2025\/04\/5-A-DSC_0058-scaled.jpg","width":1920,"height":2560},{"@type":"BreadcrumbList","@id":"https:\/\/centroreservasbariloche.com\/product\/isla-victoria-bosque-arrayanes-traslado#breadcrumb","itemListElement":[{"@type":"ListItem","position":1,"name":"Home","item":"https:\/\/centroreservasbariloche.com\/"},{"@type":"ListItem","position":2,"name":"Nuestras actividades","item":"https:\/\/centroreservasbariloche.com\/shop"},{"@type":"ListItem","position":3,"name":"Isla Victoria y Bosque de Arrayanes \u2013 Una Experiencia Natural Inolvidable en la Patagonia Argentina- Con traslado"}]},{"@type":"WebSite","@id":"https:\/\/centroreservasbariloche.com\/#website","url":"https:\/\/centroreservasbariloche.com\/","name":"Centro de Reservas de Bariloche Patag\u00f4nia Argentina","description":"Central de Reservas de Bariloche Patag\u00f4nia","publisher":{"@id":"https:\/\/centroreservasbariloche.com\/#organization"},"alternateName":"tur centra bariloche","potentialAction":[{"@type":"SearchAction","target":{"@type":"EntryPoint","urlTemplate":"https:\/\/centroreservasbariloche.com\/?s={search_term_string}"},"query-input":{"@type":"PropertyValueSpecification","valueRequired":true,"valueName":"search_term_string"}}],"inLanguage":"pt-BR"},{"@type":["Organization","Place","TravelAgency"],"@id":"https:\/\/centroreservasbariloche.com\/#organization","name":"Centro de Reservas de Bariloche","alternateName":"Centro de Reservas","url":"https:\/\/centroreservasbariloche.com\/","logo":{"@id":"https:\/\/centroreservasbariloche.com\/product\/isla-victoria-bosque-arrayanes-traslado#local-main-organization-logo"},"image":{"@id":"https:\/\/centroreservasbariloche.com\/product\/isla-victoria-bosque-arrayanes-traslado#local-main-organization-logo"},"sameAs":["https:\/\/www.facebook.com\/centroreservasbariloche"],"description":"Temos o compromisso de proporcionar a voc\u00ea uma experi\u00eancia inesquec\u00edvel, cheia de aventura, beleza natural e descobertas. Quer seja sua primeira visita a Bariloche ou se j\u00e1 teve o prazer de conhec\u00ea-la, temos certeza de que encontrar\u00e1 em nossas excurs\u00f5es a oportunidade de criar mem\u00f3rias duradouras.","legalName":"Centro Reservas Bariloche","address":{"@id":"https:\/\/centroreservasbariloche.com\/product\/isla-victoria-bosque-arrayanes-traslado#local-main-place-address"},"telephone":[],"openingHoursSpecification":[{"@type":"OpeningHoursSpecification","dayOfWeek":["Monday","Tuesday","Wednesday","Thursday","Friday","Saturday","Sunday"],"opens":"09:00","closes":"17:00"}],"priceRange":"$$"},{"@type":"PostalAddress","@id":"https:\/\/centroreservasbariloche.com\/product\/isla-victoria-bosque-arrayanes-traslado#local-main-place-address","streetAddress":"Mitre 131","addressLocality":"San Carlos de Bariloche","postalCode":"8400","addressRegion":"R\u00edo Negro","addressCountry":"AR"},{"@type":"ImageObject","inLanguage":"pt-BR","@id":"https:\/\/centroreservasbariloche.com\/product\/isla-victoria-bosque-arrayanes-traslado#local-main-organization-logo","url":"https:\/\/buck.getjasper.digital\/2025\/06\/centro-de-reservas-2-1.png","contentUrl":"https:\/\/buck.getjasper.digital\/2025\/06\/centro-de-reservas-2-1.png","width":512,"height":512,"caption":"Centro Reservas Bariloche"}]},"product_price_amount":"158000.00","product_price_currency":"ARS","og_availability":"instock","product_availability":"instock","product_retailer_item_id":"ADV2025ISVIYBMX11","product_condition":"new","geo.placename":"San Carlos de Bariloche","geo.region":"Argentina"},"_links":{"self":[{"href":"https:\/\/centroreservasbariloche.com\/pt\/wp-json\/wp\/v2\/product\/230724","targetHints":{"allow":["GET"]}}],"collection":[{"href":"https:\/\/centroreservasbariloche.com\/pt\/wp-json\/wp\/v2\/product"}],"about":[{"href":"https:\/\/centroreservasbariloche.com\/pt\/wp-json\/wp\/v2\/types\/product"}],"replies":[{"embeddable":true,"href":"https:\/\/centroreservasbariloche.com\/pt\/wp-json\/wp\/v2\/comments?post=230724"}],"wp:featuredmedia":[{"embeddable":true,"href":"https:\/\/centroreservasbariloche.com\/pt\/wp-json\/wp\/v2\/media\/231584"}],"wp:attachment":[{"href":"https:\/\/centroreservasbariloche.com\/pt\/wp-json\/wp\/v2\/media?parent=230724"}],"wp:term":[{"taxonomy":"product_brand","embeddable":true,"href":"https:\/\/centroreservasbariloche.com\/pt\/wp-json\/wp\/v2\/product_brand?post=230724"},{"taxonomy":"product_cat","embeddable":true,"href":"https:\/\/centroreservasbariloche.com\/pt\/wp-json\/wp\/v2\/product_cat?post=230724"},{"taxonomy":"product_tag","embeddable":true,"href":"https:\/\/centroreservasbariloche.com\/pt\/wp-json\/wp\/v2\/product_tag?post=230724"}],"curies":[{"name":"wp","href":"https:\/\/api.w.org\/{rel}","templated":true}]}}