{"id":230729,"date":"2025-04-04T15:52:14","date_gmt":"2025-04-04T18:52:14","guid":{"rendered":"https:\/\/centroreservasbariloche.com\/?post_type=product&#038;p=230729"},"modified":"2026-04-09T09:15:38","modified_gmt":"2026-04-09T12:15:38","slug":"travesia-en-kayak-por-el-lago-gutierrez-2","status":"publish","type":"product","link":"https:\/\/centroreservasbariloche.com\/pt\/product\/passeio-de-caiaque-no-lago-gutierrez-2","title":{"rendered":"Caiaque no Lago Moreno"},"content":{"rendered":"<h2>Uma experi\u00eancia natural, segura e adapt\u00e1vel<\/h2>\n<p data-start=\"500\" data-end=\"800\">A experi\u00eancia come\u00e7a com o traslado de pontos de encontro previamente coordenados, percorrendo o cl\u00e1ssico Circuito Chico at\u00e9 chegar \u00e0s margens do Lago Moreno. L\u00e1, a equipe d\u00e1 uma palestra introdut\u00f3ria e entrega o equipamento, garantindo uma atividade segura e bem organizada.<\/p>\n<p data-start=\"802\" data-end=\"1115\">A navega\u00e7\u00e3o \u00e9 feita em caiaques do tipo <em data-start=\"842\" data-end=\"854\">Sentar no topo<\/em>, As \u00e1guas s\u00e3o calmas e transparentes, cercadas pela floresta andina patag\u00f4nica, colinas e vistas abertas que convidam \u00e0 contempla\u00e7\u00e3o e ao lazer. Durante o passeio, os participantes desfrutam de \u00e1guas calmas e transparentes, cercadas pela floresta andina patag\u00f4nica, colinas e vistas abertas que convidam \u00e0 contempla\u00e7\u00e3o e ao desfrute do ambiente.<\/p>\n<p data-start=\"1117\" data-end=\"1294\">\u00c9 uma atividade de baixa dificuldade, projetada para se conectar com a natureza sem exig\u00eancias f\u00edsicas, ideal para quem procura uma experi\u00eancia ativa, mas descontra\u00edda, em Bariloche.<\/p>\n<h3 data-start=\"1301\" data-end=\"1328\">Informa\u00e7\u00f5es pr\u00e1ticas<\/h3>\n<ul data-start=\"1329\" data-end=\"1694\">\n<li data-start=\"1329\" data-end=\"1406\">\n<p data-start=\"1331\" data-end=\"1406\"><strong data-start=\"1331\" data-end=\"1344\">Hor\u00e1rios:<\/strong><br data-start=\"1344\" data-end=\"1347\" \/>- 11:00 \u00e0s 15:00 hs aproximadamente.<br data-start=\"1374\" data-end=\"1377\" \/>- 13:00 \u00e0s 17:00 hs aproximadamente.<\/p>\n<\/li>\n<li data-start=\"1407\" data-end=\"1438\">\n<p data-start=\"1409\" data-end=\"1438\"><strong data-start=\"1409\" data-end=\"1422\">Dura\u00e7\u00e3o:<\/strong> Meio per\u00edodo<\/p>\n<\/li>\n<li data-start=\"1439\" data-end=\"1596\">\n<p data-start=\"1441\" data-end=\"1596\"><strong data-start=\"1441\" data-end=\"1464\">Ponto de encontro:<\/strong><br data-start=\"1464\" data-end=\"1467\" \/>Hot\u00e9is e pontos de encontro desde o centro de Bariloche at\u00e9 o km 18 da Av. Bustillo ou Av. Pioneros. Outros pontos, favor consultar.<\/p>\n<\/li>\n<li data-start=\"1597\" data-end=\"1662\">\n<p data-start=\"1599\" data-end=\"1662\"><strong data-start=\"1599\" data-end=\"1611\">Ele inclui:<\/strong><br data-start=\"1611\" data-end=\"1614\" \/>\u00a0Caiaque e equipamentos de seguran\u00e7a<br data-start=\"1645\" data-end=\"1648\" \/>\u00a0Mudan\u00e7a<\/p>\n<\/li>\n<li data-start=\"1663\" data-end=\"1694\">\n<p data-start=\"1665\" data-end=\"1694\"><strong data-start=\"1665\" data-end=\"1680\">N\u00e3o inclu\u00eddo:<\/strong><br data-start=\"1680\" data-end=\"1683\" \/>\u00a0Refei\u00e7\u00f5es<\/p>\n<\/li>\n<\/ul>\n<h3 data-start=\"1701\" data-end=\"1724\">Consultas comuns<\/h3>\n<p data-start=\"1725\" data-end=\"1829\"><strong data-start=\"1725\" data-end=\"1761\">\u00c9 necess\u00e1rio ter experi\u00eancia anterior?<\/strong><br data-start=\"1761\" data-end=\"1764\" \/>N\u00e3o. \u00c9 uma atividade de baixa dificuldade, adequada para iniciantes.<\/p>\n<p data-start=\"1831\" data-end=\"1912\"><strong data-start=\"1831\" data-end=\"1865\">Que tipo de caiaque \u00e9 usado?<\/strong><br data-start=\"1865\" data-end=\"1868\" \/>Caiaques <em data-start=\"1875\" data-end=\"1887\">Sentar no topo<\/em>, muito est\u00e1vel e confort\u00e1vel.<\/p>\n<p data-start=\"1914\" data-end=\"2038\"><strong data-start=\"1914\" data-end=\"1951\">Que roupa \u00e9 recomend\u00e1vel usar?<\/strong><br data-start=\"1951\" data-end=\"1954\" \/>Roupas confort\u00e1veis, roupas quentes dependendo do clima, chap\u00e9u, protetor solar e cal\u00e7ados que possam ser molhados.<\/p>","protected":false},"excerpt":{"rendered":"<p>Descubra a natureza \u00fanica da Patag\u00f4nia participando de um <strong>emocionante viagem de caiaque<\/strong> no Lago Gutierrez. Um passeio de baixa dificuldade, acompanhado por guias profissionais, em um cen\u00e1rio natural de tirar o f\u00f4lego. Reserve agora e viva uma experi\u00eancia irrepet\u00edvel em contato com a natureza!<\/p>","protected":false},"featured_media":231575,"comment_status":"open","ping_status":"closed","template":"","meta":[],"product_brand":[],"product_cat":[38,39,32,45,53,40,36,51],"product_tag":[],"class_list":{"0":"post-230729","1":"product","2":"type-product","3":"status-publish","4":"has-post-thumbnail","6":"product_cat-adultos","7":"product_cat-aventura","8":"product_cat-familia","9":"product_cat-lacustre","10":"product_cat-ninos","11":"product_cat-con-traslado","12":"product_cat-sin-comida","13":"product_cat-verano","15":"first","16":"instock","17":"virtual","18":"sold-individually","19":"purchasable","20":"product-type-booking"},"booking_location":"","booking_location_type":"","booking_duration":1,"booking_duration_unit":"hour","booking_buffer":0,"booking_cost":0,"booking_resources":[],"exclude_global_add_ons":false,"addons":[{"name":"ADU: Adulto","type":"input_multiplier","position":0,"required":false,"title_format":"label","default":"","description_enable":false,"description":"","placeholder_enable":false,"placeholder":"","display":"select","restrictions_type":"any_text","adjust_price":true,"price":"107400","price_type":"quantity_based","restrictions":false,"min":"0","max":"0","options":[],"id":1773074737},{"name":"MEN512 | 5 a 12","type":"input_multiplier","position":1,"required":false,"title_format":"label","default":"","description_enable":false,"description":"","placeholder_enable":false,"placeholder":"","display":"select","restrictions_type":"any_text","adjust_price":true,"price":"107400","price_type":"quantity_based","restrictions":false,"min":"0","max":"0","options":[],"id":1773075048}],"yoast_head":"<!-- This site is optimized with the Yoast SEO Premium plugin v24.5 (Yoast SEO v24.8) - https:\/\/yoast.com\/wordpress\/plugins\/seo\/ -->\n<title>Kayak en Lago Guti\u00e9rrez | Aventura Natural en Bariloche - Centro Reservas Bariloche Patagonia Argentina<\/title>\n<meta name=\"description\" content=\"Explor\u00e1 el Lago Guti\u00e9rrez en kayak desde Bariloche. Traves\u00eda guiada con transporte, refrigerio y vistas \u00fanicas de la Patagonia. Apta a partir de 5 a\u00f1os.\" \/>\n<meta name=\"robots\" content=\"index, follow, max-snippet:-1, max-image-preview:large, max-video-preview:-1\" \/>\n<link rel=\"canonical\" href=\"https:\/\/centroreservasbariloche.com\/pt\/product\/passeio-de-caiaque-no-lago-gutierrez-2\/\" \/>\n<meta property=\"og:locale\" content=\"pt_BR\" \/>\n<meta property=\"og:type\" content=\"article\" \/>\n<meta property=\"og:title\" content=\"Kayak por el Lago Moreno\" \/>\n<meta property=\"og:description\" content=\"Explor\u00e1 el Lago Guti\u00e9rrez en kayak desde Bariloche. Traves\u00eda guiada con transporte, refrigerio y vistas \u00fanicas de la Patagonia. Apta a partir de 5 a\u00f1os.\" \/>\n<meta property=\"og:url\" content=\"https:\/\/centroreservasbariloche.com\/pt\/product\/passeio-de-caiaque-no-lago-gutierrez-2\/\" \/>\n<meta property=\"og:site_name\" content=\"Centro Reservas Bariloche Patagonia Argentina\" \/>\n<meta property=\"article:publisher\" content=\"https:\/\/www.facebook.com\/centroreservasbariloche\" \/>\n<meta property=\"article:modified_time\" content=\"2026-04-09T12:15:38+00:00\" \/>\n<meta property=\"og:image\" content=\"https:\/\/buck.getjasper.digital\/2025\/04\/5-A-GOPR1074-scaled.jpg\" \/>\n\t<meta property=\"og:image:width\" content=\"1920\" \/>\n\t<meta property=\"og:image:height\" content=\"2560\" \/>\n\t<meta property=\"og:image:type\" content=\"image\/jpeg\" \/>\n<meta name=\"twitter:card\" content=\"summary_large_image\" \/>\n<meta name=\"twitter:label1\" content=\"Pre\u00e7o\" \/>\n\t<meta name=\"twitter:data1\" content=\"&#036;&nbsp;107.400,00\" \/>\n\t<meta name=\"twitter:label2\" content=\"Disponibilidade\" \/>\n\t<meta name=\"twitter:data2\" content=\"Em Estoque\" \/>\n<script type=\"application\/ld+json\" class=\"yoast-schema-graph\">{\"@context\":\"https:\/\/schema.org\",\"@graph\":[{\"@type\":[\"WebPage\",\"ItemPage\"],\"@id\":\"https:\/\/centroreservasbariloche.com\/product\/travesia-en-kayak-por-el-lago-gutierrez-2\",\"url\":\"https:\/\/centroreservasbariloche.com\/product\/travesia-en-kayak-por-el-lago-gutierrez-2\",\"name\":\"Kayak en Lago Guti\u00e9rrez | Aventura Natural en Bariloche - Centro Reservas Bariloche Patagonia Argentina\",\"isPartOf\":{\"@id\":\"https:\/\/centroreservasbariloche.com\/#website\"},\"primaryImageOfPage\":{\"@id\":\"https:\/\/centroreservasbariloche.com\/product\/travesia-en-kayak-por-el-lago-gutierrez-2#primaryimage\"},\"image\":{\"@id\":\"https:\/\/centroreservasbariloche.com\/product\/travesia-en-kayak-por-el-lago-gutierrez-2#primaryimage\"},\"thumbnailUrl\":\"https:\/\/buck.getjasper.digital\/2025\/04\/5-A-GOPR1074-scaled.jpg\",\"datePublished\":\"2025-04-04T18:52:14+00:00\",\"dateModified\":\"2026-04-09T12:15:38+00:00\",\"description\":\"Explor\u00e1 el Lago Guti\u00e9rrez en kayak desde Bariloche. Traves\u00eda guiada con transporte, refrigerio y vistas \u00fanicas de la Patagonia. Apta a partir de 5 a\u00f1os.\",\"breadcrumb\":{\"@id\":\"https:\/\/centroreservasbariloche.com\/product\/travesia-en-kayak-por-el-lago-gutierrez-2#breadcrumb\"},\"inLanguage\":\"pt-BR\",\"potentialAction\":[{\"@type\":\"ReadAction\",\"target\":[\"https:\/\/centroreservasbariloche.com\/product\/travesia-en-kayak-por-el-lago-gutierrez-2\"]}]},{\"@type\":\"ImageObject\",\"inLanguage\":\"pt-BR\",\"@id\":\"https:\/\/centroreservasbariloche.com\/product\/travesia-en-kayak-por-el-lago-gutierrez-2#primaryimage\",\"url\":\"https:\/\/buck.getjasper.digital\/2025\/04\/5-A-GOPR1074-scaled.jpg\",\"contentUrl\":\"https:\/\/buck.getjasper.digital\/2025\/04\/5-A-GOPR1074-scaled.jpg\",\"width\":1920,\"height\":2560,\"caption\":\"DCIM100GOPROGOPR1074.JPG\"},{\"@type\":\"BreadcrumbList\",\"@id\":\"https:\/\/centroreservasbariloche.com\/product\/travesia-en-kayak-por-el-lago-gutierrez-2#breadcrumb\",\"itemListElement\":[{\"@type\":\"ListItem\",\"position\":1,\"name\":\"Home\",\"item\":\"https:\/\/centroreservasbariloche.com\/\"},{\"@type\":\"ListItem\",\"position\":2,\"name\":\"Nuestras actividades\",\"item\":\"https:\/\/centroreservasbariloche.com\/shop\"},{\"@type\":\"ListItem\",\"position\":3,\"name\":\"Kayak por el Lago Moreno\"}]},{\"@type\":\"WebSite\",\"@id\":\"https:\/\/centroreservasbariloche.com\/#website\",\"url\":\"https:\/\/centroreservasbariloche.com\/\",\"name\":\"Centro Reservas Bariloche Patagonia Argentina\",\"description\":\"Centro Reservas Bariloche Patagonia\",\"publisher\":{\"@id\":\"https:\/\/centroreservasbariloche.com\/#organization\"},\"alternateName\":\"tur centra bariloche\",\"potentialAction\":[{\"@type\":\"SearchAction\",\"target\":{\"@type\":\"EntryPoint\",\"urlTemplate\":\"https:\/\/centroreservasbariloche.com\/?s={search_term_string}\"},\"query-input\":{\"@type\":\"PropertyValueSpecification\",\"valueRequired\":true,\"valueName\":\"search_term_string\"}}],\"inLanguage\":\"pt-BR\"},{\"@type\":[\"Organization\",\"Place\",\"TravelAgency\"],\"@id\":\"https:\/\/centroreservasbariloche.com\/#organization\",\"name\":\"Centro Reservas Bariloche\",\"alternateName\":\"Centro de Reservas\",\"url\":\"https:\/\/centroreservasbariloche.com\/\",\"logo\":{\"@id\":\"https:\/\/centroreservasbariloche.com\/product\/travesia-en-kayak-por-el-lago-gutierrez-2#local-main-organization-logo\"},\"image\":{\"@id\":\"https:\/\/centroreservasbariloche.com\/product\/travesia-en-kayak-por-el-lago-gutierrez-2#local-main-organization-logo\"},\"sameAs\":[\"https:\/\/www.facebook.com\/centroreservasbariloche\"],\"description\":\"Estamos comprometidos en brindarles una experiencia inolvidable, llena de aventura, belleza natural y descubrimientos. No importa si es su primera visita a Bariloche o si ya ha tenido el placer de conocerla, estamos seguros de que encontrar\u00e1 en nuestras excursiones la oportunidad de crear recuerdos duraderos.\",\"legalName\":\"Centro Reservas Bariloche\",\"address\":{\"@id\":\"https:\/\/centroreservasbariloche.com\/product\/travesia-en-kayak-por-el-lago-gutierrez-2#local-main-place-address\"},\"telephone\":[],\"openingHoursSpecification\":[{\"@type\":\"OpeningHoursSpecification\",\"dayOfWeek\":[\"Monday\",\"Tuesday\",\"Wednesday\",\"Thursday\",\"Friday\",\"Saturday\",\"Sunday\"],\"opens\":\"09:00\",\"closes\":\"17:00\"}],\"priceRange\":\"$$\"},{\"@type\":\"PostalAddress\",\"@id\":\"https:\/\/centroreservasbariloche.com\/product\/travesia-en-kayak-por-el-lago-gutierrez-2#local-main-place-address\",\"streetAddress\":\"Mitre 131\",\"addressLocality\":\"San Carlos de Bariloche\",\"postalCode\":\"8400\",\"addressRegion\":\"R\u00edo Negro\",\"addressCountry\":\"AR\"},{\"@type\":\"ImageObject\",\"inLanguage\":\"pt-BR\",\"@id\":\"https:\/\/centroreservasbariloche.com\/product\/travesia-en-kayak-por-el-lago-gutierrez-2#local-main-organization-logo\",\"url\":\"https:\/\/buck.getjasper.digital\/2025\/06\/centro-de-reservas-2-1.png\",\"contentUrl\":\"https:\/\/buck.getjasper.digital\/2025\/06\/centro-de-reservas-2-1.png\",\"width\":512,\"height\":512,\"caption\":\"Centro Reservas Bariloche\"}]}<\/script>\n<meta property=\"product:price:amount\" content=\"107400.00\" \/>\n<meta property=\"product:price:currency\" content=\"ARS\" \/>\n<meta property=\"og:availability\" content=\"instock\" \/>\n<meta property=\"product:availability\" content=\"instock\" \/>\n<meta property=\"product:retailer_item_id\" content=\"ADV2025TRENKAH9J5\" \/>\n<meta property=\"product:condition\" content=\"new\" \/>\n<meta name=\"geo.placename\" content=\"San Carlos de Bariloche\" \/>\n<meta name=\"geo.region\" content=\"Argentina\" \/>\n<!-- \/ Yoast SEO Premium plugin. -->","yoast_head_json":{"title":"Caiaque no Lago Gutierrez - Aventura natural em Bariloche - Centro Reservas Bariloche Patag\u00f4nia Argentina","description":"Explore o Lago Gutierrez de caiaque a partir de Bariloche. Passeio guiado com transporte, bebidas e vistas \u00fanicas da Patag\u00f4nia. Adequado para maiores de 5 anos.","robots":{"index":"index","follow":"follow","max-snippet":"max-snippet:-1","max-image-preview":"max-image-preview:large","max-video-preview":"max-video-preview:-1"},"canonical":"https:\/\/centroreservasbariloche.com\/pt\/product\/passeio-de-caiaque-no-lago-gutierrez-2\/","og_locale":"pt_BR","og_type":"article","og_title":"Kayak por el Lago Moreno","og_description":"Explor\u00e1 el Lago Guti\u00e9rrez en kayak desde Bariloche. Traves\u00eda guiada con transporte, refrigerio y vistas \u00fanicas de la Patagonia. Apta a partir de 5 a\u00f1os.","og_url":"https:\/\/centroreservasbariloche.com\/pt\/product\/passeio-de-caiaque-no-lago-gutierrez-2\/","og_site_name":"Centro Reservas Bariloche Patagonia Argentina","article_publisher":"https:\/\/www.facebook.com\/centroreservasbariloche","article_modified_time":"2026-04-09T12:15:38+00:00","og_image":[{"width":1920,"height":2560,"url":"https:\/\/buck.getjasper.digital\/2025\/04\/5-A-GOPR1074-scaled.jpg","type":"image\/jpeg"}],"twitter_card":"summary_large_image","twitter_misc":{"Pre\u00e7o":"&#36;&nbsp;107.400,00","Disponibilidade":"Em Estoque"},"schema":{"@context":"https:\/\/schema.org","@graph":[{"@type":["WebPage","ItemPage"],"@id":"https:\/\/centroreservasbariloche.com\/product\/travesia-en-kayak-por-el-lago-gutierrez-2","url":"https:\/\/centroreservasbariloche.com\/product\/travesia-en-kayak-por-el-lago-gutierrez-2","name":"Caiaque no Lago Gutierrez - Aventura natural em Bariloche - Centro Reservas Bariloche Patag\u00f4nia Argentina","isPartOf":{"@id":"https:\/\/centroreservasbariloche.com\/#website"},"primaryImageOfPage":{"@id":"https:\/\/centroreservasbariloche.com\/product\/travesia-en-kayak-por-el-lago-gutierrez-2#primaryimage"},"image":{"@id":"https:\/\/centroreservasbariloche.com\/product\/travesia-en-kayak-por-el-lago-gutierrez-2#primaryimage"},"thumbnailUrl":"https:\/\/buck.getjasper.digital\/2025\/04\/5-A-GOPR1074-scaled.jpg","datePublished":"2025-04-04T18:52:14+00:00","dateModified":"2026-04-09T12:15:38+00:00","description":"Explore o Lago Gutierrez de caiaque a partir de Bariloche. Passeio guiado com transporte, bebidas e vistas \u00fanicas da Patag\u00f4nia. Adequado para maiores de 5 anos.","breadcrumb":{"@id":"https:\/\/centroreservasbariloche.com\/product\/travesia-en-kayak-por-el-lago-gutierrez-2#breadcrumb"},"inLanguage":"pt-BR","potentialAction":[{"@type":"ReadAction","target":["https:\/\/centroreservasbariloche.com\/product\/travesia-en-kayak-por-el-lago-gutierrez-2"]}]},{"@type":"ImageObject","inLanguage":"pt-BR","@id":"https:\/\/centroreservasbariloche.com\/product\/travesia-en-kayak-por-el-lago-gutierrez-2#primaryimage","url":"https:\/\/buck.getjasper.digital\/2025\/04\/5-A-GOPR1074-scaled.jpg","contentUrl":"https:\/\/buck.getjasper.digital\/2025\/04\/5-A-GOPR1074-scaled.jpg","width":1920,"height":2560,"caption":"DCIM100GOPROGOPR1074.JPG"},{"@type":"BreadcrumbList","@id":"https:\/\/centroreservasbariloche.com\/product\/travesia-en-kayak-por-el-lago-gutierrez-2#breadcrumb","itemListElement":[{"@type":"ListItem","position":1,"name":"Home","item":"https:\/\/centroreservasbariloche.com\/"},{"@type":"ListItem","position":2,"name":"Nuestras actividades","item":"https:\/\/centroreservasbariloche.com\/shop"},{"@type":"ListItem","position":3,"name":"Kayak por el Lago Moreno"}]},{"@type":"WebSite","@id":"https:\/\/centroreservasbariloche.com\/#website","url":"https:\/\/centroreservasbariloche.com\/","name":"Centro de Reservas de Bariloche Patag\u00f4nia Argentina","description":"Central de Reservas de Bariloche Patag\u00f4nia","publisher":{"@id":"https:\/\/centroreservasbariloche.com\/#organization"},"alternateName":"tur centra bariloche","potentialAction":[{"@type":"SearchAction","target":{"@type":"EntryPoint","urlTemplate":"https:\/\/centroreservasbariloche.com\/?s={search_term_string}"},"query-input":{"@type":"PropertyValueSpecification","valueRequired":true,"valueName":"search_term_string"}}],"inLanguage":"pt-BR"},{"@type":["Organization","Place","TravelAgency"],"@id":"https:\/\/centroreservasbariloche.com\/#organization","name":"Centro de Reservas de Bariloche","alternateName":"Centro de Reservas","url":"https:\/\/centroreservasbariloche.com\/","logo":{"@id":"https:\/\/centroreservasbariloche.com\/product\/travesia-en-kayak-por-el-lago-gutierrez-2#local-main-organization-logo"},"image":{"@id":"https:\/\/centroreservasbariloche.com\/product\/travesia-en-kayak-por-el-lago-gutierrez-2#local-main-organization-logo"},"sameAs":["https:\/\/www.facebook.com\/centroreservasbariloche"],"description":"Temos o compromisso de proporcionar a voc\u00ea uma experi\u00eancia inesquec\u00edvel, cheia de aventura, beleza natural e descobertas. Quer seja sua primeira visita a Bariloche ou se j\u00e1 teve o prazer de conhec\u00ea-la, temos certeza de que encontrar\u00e1 em nossas excurs\u00f5es a oportunidade de criar mem\u00f3rias duradouras.","legalName":"Centro Reservas Bariloche","address":{"@id":"https:\/\/centroreservasbariloche.com\/product\/travesia-en-kayak-por-el-lago-gutierrez-2#local-main-place-address"},"telephone":[],"openingHoursSpecification":[{"@type":"OpeningHoursSpecification","dayOfWeek":["Monday","Tuesday","Wednesday","Thursday","Friday","Saturday","Sunday"],"opens":"09:00","closes":"17:00"}],"priceRange":"$$"},{"@type":"PostalAddress","@id":"https:\/\/centroreservasbariloche.com\/product\/travesia-en-kayak-por-el-lago-gutierrez-2#local-main-place-address","streetAddress":"Mitre 131","addressLocality":"San Carlos de Bariloche","postalCode":"8400","addressRegion":"R\u00edo Negro","addressCountry":"AR"},{"@type":"ImageObject","inLanguage":"pt-BR","@id":"https:\/\/centroreservasbariloche.com\/product\/travesia-en-kayak-por-el-lago-gutierrez-2#local-main-organization-logo","url":"https:\/\/buck.getjasper.digital\/2025\/06\/centro-de-reservas-2-1.png","contentUrl":"https:\/\/buck.getjasper.digital\/2025\/06\/centro-de-reservas-2-1.png","width":512,"height":512,"caption":"Centro Reservas Bariloche"}]},"product_price_amount":"107400.00","product_price_currency":"ARS","og_availability":"instock","product_availability":"instock","product_retailer_item_id":"ADV2025TRENKAH9J5","product_condition":"new","geo.placename":"San Carlos de Bariloche","geo.region":"Argentina"},"_links":{"self":[{"href":"https:\/\/centroreservasbariloche.com\/pt\/wp-json\/wp\/v2\/product\/230729","targetHints":{"allow":["GET"]}}],"collection":[{"href":"https:\/\/centroreservasbariloche.com\/pt\/wp-json\/wp\/v2\/product"}],"about":[{"href":"https:\/\/centroreservasbariloche.com\/pt\/wp-json\/wp\/v2\/types\/product"}],"replies":[{"embeddable":true,"href":"https:\/\/centroreservasbariloche.com\/pt\/wp-json\/wp\/v2\/comments?post=230729"}],"wp:featuredmedia":[{"embeddable":true,"href":"https:\/\/centroreservasbariloche.com\/pt\/wp-json\/wp\/v2\/media\/231575"}],"wp:attachment":[{"href":"https:\/\/centroreservasbariloche.com\/pt\/wp-json\/wp\/v2\/media?parent=230729"}],"wp:term":[{"taxonomy":"product_brand","embeddable":true,"href":"https:\/\/centroreservasbariloche.com\/pt\/wp-json\/wp\/v2\/product_brand?post=230729"},{"taxonomy":"product_cat","embeddable":true,"href":"https:\/\/centroreservasbariloche.com\/pt\/wp-json\/wp\/v2\/product_cat?post=230729"},{"taxonomy":"product_tag","embeddable":true,"href":"https:\/\/centroreservasbariloche.com\/pt\/wp-json\/wp\/v2\/product_tag?post=230729"}],"curies":[{"name":"wp","href":"https:\/\/api.w.org\/{rel}","templated":true}]}}