{"id":230730,"date":"2025-04-04T15:52:29","date_gmt":"2025-04-04T18:52:29","guid":{"rendered":"https:\/\/centroreservasbariloche.com\/?post_type=product&#038;p=230730"},"modified":"2026-04-14T11:01:07","modified_gmt":"2026-04-14T14:01:07","slug":"rapidos-hasta-chile-aventura-de-rafting-sin-traslado","status":"publish","type":"product","link":"https:\/\/centroreservasbariloche.com\/pt\/product\/aventura-de-rafting-sem-traslado-para-o-chile","title":{"rendered":"Rapids to Chile - Aventura de Rafting - Sem traslado"},"content":{"rendered":"<h2>Aventura at\u00e9 o limite no rio Manso<\/h2>\n<p>Entre em uma jornada que combina natureza e emo\u00e7\u00e3o em sua melhor forma. Prepare-se para experimentar <strong>rafting<\/strong> n\u00edvel <strong>3 y 4<\/strong> ao longo do impressionante rio Manso at\u00e9 a majestosa fronteira com o Chile.<\/p>\n<h3>In\u00edcio de uma experi\u00eancia \u00fanica<\/h3>\n<p>N\u00f3s o encontraremos no ponto designado para come\u00e7ar o dia. Nossa equipe de profissionais lhe fornecer\u00e1 equipamentos de seguran\u00e7a de alta qualidade, como roupas de mergulho, capacetes e coletes salva-vidas, garantindo sua seguran\u00e7a e conforto durante toda a atividade.<\/p>\n<h3>Explora\u00e7\u00e3o do Rio Manso<\/h3>\n<ul>\n<li><strong>Viagem:<\/strong> Visitar <strong>10 km<\/strong> no emocionante percurso do rio, com dura\u00e7\u00e3o de aproximadamente <strong>2 horas<\/strong>.<\/li>\n<li><strong>Desafio:<\/strong> Ven\u00e7a as corredeiras de classe vertiginosa <strong>III\/IV<\/strong>.<\/li>\n<li>Ao chegar \u00e0 fronteira com o Chile, voc\u00ea ser\u00e1 transferido de volta ao Parador.<\/li>\n<\/ul>\n<h3>Op\u00e7\u00f5es gastron\u00f4micas<\/h3>\n<p>No final da descida, voc\u00ea poder\u00e1 desfrutar de um almo\u00e7o opcional de sua escolha entre <strong>churrasco<\/strong>, <strong>massa<\/strong> ou uma salada fresca, dispon\u00edvel por um custo adicional.<\/p>\n<h3>Sugest\u00f5es<\/h3>\n<ul>\n<li>Atividade recomendada para <strong>jovens com 14 anos ou mais<\/strong>.<\/li>\n<li>\u00c9 aconselh\u00e1vel levar um <strong>toalha<\/strong> e roupas sobressalentes para depois da atividade.<\/li>\n<\/ul>\n<h3>Modo sem transfer\u00eancia<\/h3>\n<p>Para aqueles que escolherem a excurs\u00e3o sem transporte, devem ir ao nosso parador, localizado na <strong data-start=\"372\" data-end=\"389\">Base Villegas<\/strong>, no <strong data-start=\"400\" data-end=\"417\">Ruta 83, Km 1, San Carlos de Bariloche, R\u00edo Negro.\u00a0<\/strong>.<br data-start=\"418\" data-end=\"421\" \/>Localiza\u00e7\u00e3o no Google Maps: <a class=\"\" href=\"https:\/\/maps.app.goo.gl\/NqbsUN6VB5Fnt7hVA\" target=\"_new\" rel=\"noopener\" data-start=\"449\" data-end=\"535\">https:\/\/maps.app.goo.gl\/NqbsUN6VB5Fnt7hVA\u00a0<\/a><\/p>\n<h3>Detalhes adicionais<\/h3>\n<ul>\n<li><strong>Dura\u00e7\u00e3o:<\/strong> De <strong>9:00 a.m. \u00e0s 6:00 p.m.<\/strong> aproximadamente.<\/li>\n<li><strong>Ele inclui:<\/strong> A atividade de rafting e o equipamento necess\u00e1rio (roupa de mergulho, colete, jaqueta, botas, remos e capacete).<\/li>\n<li><strong>Exclus\u00f5es:<\/strong> N\u00e3o inclui o traslado at\u00e9 o ponto de encontro, o transporte de sua acomoda\u00e7\u00e3o ou o almo\u00e7o.<\/li>\n<\/ul>\n<h2>Perguntas frequentes sobre rafting at\u00e9 a fronteira com o Chile<\/h2>\n<h3>Qual \u00e9 o n\u00edvel de experi\u00eancia necess\u00e1rio para participar?<\/h3>\n<p>N\u00e3o \u00e9 necess\u00e1rio ter experi\u00eancia pr\u00e9via para aproveitar essa atividade; nossos guias oferecem instru\u00e7\u00f5es detalhadas e suporte cont\u00ednuo.<\/p>\n<h3>\u00c9 seguro fazer rafting no rio Manso?<\/h3>\n<p>Sim, todos os participantes recebem equipamento de seguran\u00e7a completo e nossos guias s\u00e3o treinados para garantir uma experi\u00eancia segura em todos os momentos.<\/p>\n<h3>O que devo levar no dia da excurs\u00e3o?<\/h3>\n<p>Recomendamos que voc\u00ea traga um traje de banho, uma toalha, protetor solar e uma muda de roupa para vestir ap\u00f3s a atividade.<\/p>\n<p><strong>Aviso importante<\/strong>Esse passeio est\u00e1 dispon\u00edvel no momento e tem sa\u00eddas at\u00e9 30 de abril, de acordo com o calend\u00e1rio operacional.<\/p>","protected":false},"excerpt":{"rendered":"<p>Experimente a emo\u00e7\u00e3o do rafting no Rio Manso sem preocupa\u00e7\u00f5es log\u00edsticas. Comece esta aventura cheia de adrenalina e paisagens inesquec\u00edveis, desfrutando de um caf\u00e9 da manh\u00e3 completo, ideal para maiores de 14 anos. Uma experi\u00eancia incompar\u00e1vel no limite do Chile.<\/p>","protected":false},"featured_media":231473,"comment_status":"open","ping_status":"closed","template":"","meta":[],"product_brand":[],"product_cat":[38,39,32,52,54,36,35,51],"product_tag":[],"class_list":{"0":"post-230730","1":"product","2":"type-product","3":"status-publish","4":"has-post-thumbnail","6":"product_cat-adultos","7":"product_cat-aventura","8":"product_cat-familia","9":"product_cat-otono","10":"product_cat-primavera","11":"product_cat-sin-comida","12":"product_cat-sin-traslado","13":"product_cat-verano","15":"first","16":"instock","17":"virtual","18":"sold-individually","19":"purchasable","20":"product-type-booking"},"booking_location":"","booking_location_type":"","booking_duration":1,"booking_duration_unit":"hour","booking_buffer":0,"booking_cost":0,"booking_resources":[],"exclude_global_add_ons":false,"addons":[{"name":"ADU: Adulto","type":"input_multiplier","position":0,"required":false,"title_format":"label","default":"","description_enable":false,"description":"","placeholder_enable":false,"placeholder":"","display":"select","restrictions_type":"any_text","adjust_price":true,"price":"140400","price_type":"quantity_based","restrictions":false,"min":"0","max":"0","options":[],"id":1773236380},{"name":"EXTRA: acompanhante","type":"input_multiplier","position":1,"required":false,"title_format":"label","default":"","description_enable":false,"description":"","placeholder_enable":false,"placeholder":"","display":"select","restrictions_type":"any_text","adjust_price":true,"price":"70200","price_type":"quantity_based","restrictions":false,"min":"0","max":"0","options":[],"id":1773236381},{"name":"MEN1418 | de 14 a 18","type":"input_multiplier","position":2,"required":false,"title_format":"label","default":"","description_enable":false,"description":"","placeholder_enable":false,"placeholder":"","display":"select","restrictions_type":"any_text","adjust_price":true,"price":"140400","price_type":"quantity_based","restrictions":false,"min":"0","max":"0","options":[],"id":1773236382}],"yoast_head":"<!-- This site is optimized with the Yoast SEO Premium plugin v24.5 (Yoast SEO v24.8) - https:\/\/yoast.com\/wordpress\/plugins\/seo\/ -->\n<title>Rafting R\u00edo Manso hasta Chile sin Traslado | Bariloche - Centro Reservas Bariloche Patagonia Argentina<\/title>\n<meta name=\"description\" content=\"Presentate en Base Villegas y viv\u00ed el descenso hasta la frontera con Chile. R\u00e1pidos grado III y IV con equipo completo y gu\u00edas certificados incluidos.\" \/>\n<meta name=\"robots\" content=\"index, follow, max-snippet:-1, max-image-preview:large, max-video-preview:-1\" \/>\n<link rel=\"canonical\" href=\"https:\/\/centroreservasbariloche.com\/pt\/product\/aventura-de-rafting-sem-traslado-para-o-chile\/\" \/>\n<meta property=\"og:locale\" content=\"pt_BR\" \/>\n<meta property=\"og:type\" content=\"article\" \/>\n<meta property=\"og:title\" content=\"R\u00e1pidos hasta Chile \u2013 Aventura de Rafting - Sin traslado\" \/>\n<meta property=\"og:description\" content=\"Presentate en Base Villegas y viv\u00ed el descenso hasta la frontera con Chile. R\u00e1pidos grado III y IV con equipo completo y gu\u00edas certificados incluidos.\" \/>\n<meta property=\"og:url\" content=\"https:\/\/centroreservasbariloche.com\/pt\/product\/aventura-de-rafting-sem-traslado-para-o-chile\/\" \/>\n<meta property=\"og:site_name\" content=\"Centro Reservas Bariloche Patagonia Argentina\" \/>\n<meta property=\"article:publisher\" content=\"https:\/\/www.facebook.com\/centroreservasbariloche\" \/>\n<meta property=\"article:modified_time\" content=\"2026-04-14T14:01:07+00:00\" \/>\n<meta property=\"og:image\" content=\"https:\/\/buck.getjasper.digital\/2025\/04\/5-C-rafting-adventure-2-scaled.jpg\" \/>\n\t<meta property=\"og:image:width\" content=\"1920\" \/>\n\t<meta property=\"og:image:height\" content=\"2560\" \/>\n\t<meta property=\"og:image:type\" content=\"image\/jpeg\" \/>\n<meta name=\"twitter:card\" content=\"summary_large_image\" \/>\n<meta name=\"twitter:label1\" content=\"Pre\u00e7o\" \/>\n\t<meta name=\"twitter:data1\" content=\"&#036;&nbsp;140.400,00\" \/>\n\t<meta name=\"twitter:label2\" content=\"Disponibilidade\" \/>\n\t<meta name=\"twitter:data2\" content=\"Em Estoque\" \/>\n<script type=\"application\/ld+json\" class=\"yoast-schema-graph\">{\"@context\":\"https:\/\/schema.org\",\"@graph\":[{\"@type\":[\"WebPage\",\"ItemPage\"],\"@id\":\"https:\/\/centroreservasbariloche.com\/product\/rapidos-hasta-chile-aventura-de-rafting-sin-traslado\",\"url\":\"https:\/\/centroreservasbariloche.com\/product\/rapidos-hasta-chile-aventura-de-rafting-sin-traslado\",\"name\":\"Rafting R\u00edo Manso hasta Chile sin Traslado | Bariloche - Centro Reservas Bariloche Patagonia Argentina\",\"isPartOf\":{\"@id\":\"https:\/\/centroreservasbariloche.com\/#website\"},\"primaryImageOfPage\":{\"@id\":\"https:\/\/centroreservasbariloche.com\/product\/rapidos-hasta-chile-aventura-de-rafting-sin-traslado#primaryimage\"},\"image\":{\"@id\":\"https:\/\/centroreservasbariloche.com\/product\/rapidos-hasta-chile-aventura-de-rafting-sin-traslado#primaryimage\"},\"thumbnailUrl\":\"https:\/\/buck.getjasper.digital\/2025\/04\/5-C-rafting-adventure-2-scaled.jpg\",\"datePublished\":\"2025-04-04T18:52:29+00:00\",\"dateModified\":\"2026-04-14T14:01:07+00:00\",\"description\":\"Presentate en Base Villegas y viv\u00ed el descenso hasta la frontera con Chile. R\u00e1pidos grado III y IV con equipo completo y gu\u00edas certificados incluidos.\",\"breadcrumb\":{\"@id\":\"https:\/\/centroreservasbariloche.com\/product\/rapidos-hasta-chile-aventura-de-rafting-sin-traslado#breadcrumb\"},\"inLanguage\":\"pt-BR\",\"potentialAction\":[{\"@type\":\"ReadAction\",\"target\":[\"https:\/\/centroreservasbariloche.com\/product\/rapidos-hasta-chile-aventura-de-rafting-sin-traslado\"]}]},{\"@type\":\"ImageObject\",\"inLanguage\":\"pt-BR\",\"@id\":\"https:\/\/centroreservasbariloche.com\/product\/rapidos-hasta-chile-aventura-de-rafting-sin-traslado#primaryimage\",\"url\":\"https:\/\/buck.getjasper.digital\/2025\/04\/5-C-rafting-adventure-2-scaled.jpg\",\"contentUrl\":\"https:\/\/buck.getjasper.digital\/2025\/04\/5-C-rafting-adventure-2-scaled.jpg\",\"width\":1920,\"height\":2560},{\"@type\":\"BreadcrumbList\",\"@id\":\"https:\/\/centroreservasbariloche.com\/product\/rapidos-hasta-chile-aventura-de-rafting-sin-traslado#breadcrumb\",\"itemListElement\":[{\"@type\":\"ListItem\",\"position\":1,\"name\":\"Home\",\"item\":\"https:\/\/centroreservasbariloche.com\/\"},{\"@type\":\"ListItem\",\"position\":2,\"name\":\"Nuestras actividades\",\"item\":\"https:\/\/centroreservasbariloche.com\/shop\"},{\"@type\":\"ListItem\",\"position\":3,\"name\":\"R\u00e1pidos hasta Chile \u2013 Aventura de Rafting &#8211; Sin traslado\"}]},{\"@type\":\"WebSite\",\"@id\":\"https:\/\/centroreservasbariloche.com\/#website\",\"url\":\"https:\/\/centroreservasbariloche.com\/\",\"name\":\"Centro Reservas Bariloche Patagonia Argentina\",\"description\":\"Centro Reservas Bariloche Patagonia\",\"publisher\":{\"@id\":\"https:\/\/centroreservasbariloche.com\/#organization\"},\"alternateName\":\"tur centra bariloche\",\"potentialAction\":[{\"@type\":\"SearchAction\",\"target\":{\"@type\":\"EntryPoint\",\"urlTemplate\":\"https:\/\/centroreservasbariloche.com\/?s={search_term_string}\"},\"query-input\":{\"@type\":\"PropertyValueSpecification\",\"valueRequired\":true,\"valueName\":\"search_term_string\"}}],\"inLanguage\":\"pt-BR\"},{\"@type\":[\"Organization\",\"Place\",\"TravelAgency\"],\"@id\":\"https:\/\/centroreservasbariloche.com\/#organization\",\"name\":\"Centro Reservas Bariloche\",\"alternateName\":\"Centro de Reservas\",\"url\":\"https:\/\/centroreservasbariloche.com\/\",\"logo\":{\"@id\":\"https:\/\/centroreservasbariloche.com\/product\/rapidos-hasta-chile-aventura-de-rafting-sin-traslado#local-main-organization-logo\"},\"image\":{\"@id\":\"https:\/\/centroreservasbariloche.com\/product\/rapidos-hasta-chile-aventura-de-rafting-sin-traslado#local-main-organization-logo\"},\"sameAs\":[\"https:\/\/www.facebook.com\/centroreservasbariloche\"],\"description\":\"Estamos comprometidos en brindarles una experiencia inolvidable, llena de aventura, belleza natural y descubrimientos. No importa si es su primera visita a Bariloche o si ya ha tenido el placer de conocerla, estamos seguros de que encontrar\u00e1 en nuestras excursiones la oportunidad de crear recuerdos duraderos.\",\"legalName\":\"Centro Reservas Bariloche\",\"address\":{\"@id\":\"https:\/\/centroreservasbariloche.com\/product\/rapidos-hasta-chile-aventura-de-rafting-sin-traslado#local-main-place-address\"},\"telephone\":[],\"openingHoursSpecification\":[{\"@type\":\"OpeningHoursSpecification\",\"dayOfWeek\":[\"Monday\",\"Tuesday\",\"Wednesday\",\"Thursday\",\"Friday\",\"Saturday\",\"Sunday\"],\"opens\":\"09:00\",\"closes\":\"17:00\"}],\"priceRange\":\"$$\"},{\"@type\":\"PostalAddress\",\"@id\":\"https:\/\/centroreservasbariloche.com\/product\/rapidos-hasta-chile-aventura-de-rafting-sin-traslado#local-main-place-address\",\"streetAddress\":\"Mitre 131\",\"addressLocality\":\"San Carlos de Bariloche\",\"postalCode\":\"8400\",\"addressRegion\":\"R\u00edo Negro\",\"addressCountry\":\"AR\"},{\"@type\":\"ImageObject\",\"inLanguage\":\"pt-BR\",\"@id\":\"https:\/\/centroreservasbariloche.com\/product\/rapidos-hasta-chile-aventura-de-rafting-sin-traslado#local-main-organization-logo\",\"url\":\"https:\/\/buck.getjasper.digital\/2025\/06\/centro-de-reservas-2-1.png\",\"contentUrl\":\"https:\/\/buck.getjasper.digital\/2025\/06\/centro-de-reservas-2-1.png\",\"width\":512,\"height\":512,\"caption\":\"Centro Reservas Bariloche\"}]}<\/script>\n<meta property=\"product:price:amount\" content=\"140400.00\" \/>\n<meta property=\"product:price:currency\" content=\"ARS\" \/>\n<meta property=\"og:availability\" content=\"instock\" \/>\n<meta property=\"product:availability\" content=\"instock\" \/>\n<meta property=\"product:retailer_item_id\" content=\"ADV2025RAALL\u00cd530P\" \/>\n<meta property=\"product:condition\" content=\"new\" \/>\n<meta name=\"geo.placename\" content=\"San Carlos de Bariloche\" \/>\n<meta name=\"geo.region\" content=\"Argentina\" \/>\n<!-- \/ Yoast SEO Premium plugin. -->","yoast_head_json":{"title":"Rafting Rio Manso ao Chile sem traslado | Bariloche - Centro Reservas Bariloche Patag\u00f4nia Argentina","description":"Apresente-se na Base Villegas e experimente a descida at\u00e9 a fronteira com o Chile. Corredeiras de grau III e IV com equipamento completo e guias certificados inclu\u00eddos.","robots":{"index":"index","follow":"follow","max-snippet":"max-snippet:-1","max-image-preview":"max-image-preview:large","max-video-preview":"max-video-preview:-1"},"canonical":"https:\/\/centroreservasbariloche.com\/pt\/product\/aventura-de-rafting-sem-traslado-para-o-chile\/","og_locale":"pt_BR","og_type":"article","og_title":"R\u00e1pidos hasta Chile \u2013 Aventura de Rafting - Sin traslado","og_description":"Presentate en Base Villegas y viv\u00ed el descenso hasta la frontera con Chile. R\u00e1pidos grado III y IV con equipo completo y gu\u00edas certificados incluidos.","og_url":"https:\/\/centroreservasbariloche.com\/pt\/product\/aventura-de-rafting-sem-traslado-para-o-chile\/","og_site_name":"Centro Reservas Bariloche Patagonia Argentina","article_publisher":"https:\/\/www.facebook.com\/centroreservasbariloche","article_modified_time":"2026-04-14T14:01:07+00:00","og_image":[{"width":1920,"height":2560,"url":"https:\/\/buck.getjasper.digital\/2025\/04\/5-C-rafting-adventure-2-scaled.jpg","type":"image\/jpeg"}],"twitter_card":"summary_large_image","twitter_misc":{"Pre\u00e7o":"&#36;&nbsp;140.400,00","Disponibilidade":"Em Estoque"},"schema":{"@context":"https:\/\/schema.org","@graph":[{"@type":["WebPage","ItemPage"],"@id":"https:\/\/centroreservasbariloche.com\/product\/rapidos-hasta-chile-aventura-de-rafting-sin-traslado","url":"https:\/\/centroreservasbariloche.com\/product\/rapidos-hasta-chile-aventura-de-rafting-sin-traslado","name":"Rafting Rio Manso ao Chile sem traslado | Bariloche - Centro Reservas Bariloche Patag\u00f4nia Argentina","isPartOf":{"@id":"https:\/\/centroreservasbariloche.com\/#website"},"primaryImageOfPage":{"@id":"https:\/\/centroreservasbariloche.com\/product\/rapidos-hasta-chile-aventura-de-rafting-sin-traslado#primaryimage"},"image":{"@id":"https:\/\/centroreservasbariloche.com\/product\/rapidos-hasta-chile-aventura-de-rafting-sin-traslado#primaryimage"},"thumbnailUrl":"https:\/\/buck.getjasper.digital\/2025\/04\/5-C-rafting-adventure-2-scaled.jpg","datePublished":"2025-04-04T18:52:29+00:00","dateModified":"2026-04-14T14:01:07+00:00","description":"Apresente-se na Base Villegas e experimente a descida at\u00e9 a fronteira com o Chile. Corredeiras de grau III e IV com equipamento completo e guias certificados inclu\u00eddos.","breadcrumb":{"@id":"https:\/\/centroreservasbariloche.com\/product\/rapidos-hasta-chile-aventura-de-rafting-sin-traslado#breadcrumb"},"inLanguage":"pt-BR","potentialAction":[{"@type":"ReadAction","target":["https:\/\/centroreservasbariloche.com\/product\/rapidos-hasta-chile-aventura-de-rafting-sin-traslado"]}]},{"@type":"ImageObject","inLanguage":"pt-BR","@id":"https:\/\/centroreservasbariloche.com\/product\/rapidos-hasta-chile-aventura-de-rafting-sin-traslado#primaryimage","url":"https:\/\/buck.getjasper.digital\/2025\/04\/5-C-rafting-adventure-2-scaled.jpg","contentUrl":"https:\/\/buck.getjasper.digital\/2025\/04\/5-C-rafting-adventure-2-scaled.jpg","width":1920,"height":2560},{"@type":"BreadcrumbList","@id":"https:\/\/centroreservasbariloche.com\/product\/rapidos-hasta-chile-aventura-de-rafting-sin-traslado#breadcrumb","itemListElement":[{"@type":"ListItem","position":1,"name":"Home","item":"https:\/\/centroreservasbariloche.com\/"},{"@type":"ListItem","position":2,"name":"Nuestras actividades","item":"https:\/\/centroreservasbariloche.com\/shop"},{"@type":"ListItem","position":3,"name":"R\u00e1pidos hasta Chile \u2013 Aventura de Rafting &#8211; Sin traslado"}]},{"@type":"WebSite","@id":"https:\/\/centroreservasbariloche.com\/#website","url":"https:\/\/centroreservasbariloche.com\/","name":"Centro de Reservas de Bariloche Patag\u00f4nia Argentina","description":"Central de Reservas de Bariloche Patag\u00f4nia","publisher":{"@id":"https:\/\/centroreservasbariloche.com\/#organization"},"alternateName":"tur centra bariloche","potentialAction":[{"@type":"SearchAction","target":{"@type":"EntryPoint","urlTemplate":"https:\/\/centroreservasbariloche.com\/?s={search_term_string}"},"query-input":{"@type":"PropertyValueSpecification","valueRequired":true,"valueName":"search_term_string"}}],"inLanguage":"pt-BR"},{"@type":["Organization","Place","TravelAgency"],"@id":"https:\/\/centroreservasbariloche.com\/#organization","name":"Centro de Reservas de Bariloche","alternateName":"Centro de Reservas","url":"https:\/\/centroreservasbariloche.com\/","logo":{"@id":"https:\/\/centroreservasbariloche.com\/product\/rapidos-hasta-chile-aventura-de-rafting-sin-traslado#local-main-organization-logo"},"image":{"@id":"https:\/\/centroreservasbariloche.com\/product\/rapidos-hasta-chile-aventura-de-rafting-sin-traslado#local-main-organization-logo"},"sameAs":["https:\/\/www.facebook.com\/centroreservasbariloche"],"description":"Temos o compromisso de proporcionar a voc\u00ea uma experi\u00eancia inesquec\u00edvel, cheia de aventura, beleza natural e descobertas. Quer seja sua primeira visita a Bariloche ou se j\u00e1 teve o prazer de conhec\u00ea-la, temos certeza de que encontrar\u00e1 em nossas excurs\u00f5es a oportunidade de criar mem\u00f3rias duradouras.","legalName":"Centro Reservas Bariloche","address":{"@id":"https:\/\/centroreservasbariloche.com\/product\/rapidos-hasta-chile-aventura-de-rafting-sin-traslado#local-main-place-address"},"telephone":[],"openingHoursSpecification":[{"@type":"OpeningHoursSpecification","dayOfWeek":["Monday","Tuesday","Wednesday","Thursday","Friday","Saturday","Sunday"],"opens":"09:00","closes":"17:00"}],"priceRange":"$$"},{"@type":"PostalAddress","@id":"https:\/\/centroreservasbariloche.com\/product\/rapidos-hasta-chile-aventura-de-rafting-sin-traslado#local-main-place-address","streetAddress":"Mitre 131","addressLocality":"San Carlos de Bariloche","postalCode":"8400","addressRegion":"R\u00edo Negro","addressCountry":"AR"},{"@type":"ImageObject","inLanguage":"pt-BR","@id":"https:\/\/centroreservasbariloche.com\/product\/rapidos-hasta-chile-aventura-de-rafting-sin-traslado#local-main-organization-logo","url":"https:\/\/buck.getjasper.digital\/2025\/06\/centro-de-reservas-2-1.png","contentUrl":"https:\/\/buck.getjasper.digital\/2025\/06\/centro-de-reservas-2-1.png","width":512,"height":512,"caption":"Centro Reservas Bariloche"}]},"product_price_amount":"140400.00","product_price_currency":"ARS","og_availability":"instock","product_availability":"instock","product_retailer_item_id":"ADV2025RAALL\u00cd530P","product_condition":"new","geo.placename":"San Carlos de Bariloche","geo.region":"Argentina"},"_links":{"self":[{"href":"https:\/\/centroreservasbariloche.com\/pt\/wp-json\/wp\/v2\/product\/230730","targetHints":{"allow":["GET"]}}],"collection":[{"href":"https:\/\/centroreservasbariloche.com\/pt\/wp-json\/wp\/v2\/product"}],"about":[{"href":"https:\/\/centroreservasbariloche.com\/pt\/wp-json\/wp\/v2\/types\/product"}],"replies":[{"embeddable":true,"href":"https:\/\/centroreservasbariloche.com\/pt\/wp-json\/wp\/v2\/comments?post=230730"}],"wp:featuredmedia":[{"embeddable":true,"href":"https:\/\/centroreservasbariloche.com\/pt\/wp-json\/wp\/v2\/media\/231473"}],"wp:attachment":[{"href":"https:\/\/centroreservasbariloche.com\/pt\/wp-json\/wp\/v2\/media?parent=230730"}],"wp:term":[{"taxonomy":"product_brand","embeddable":true,"href":"https:\/\/centroreservasbariloche.com\/pt\/wp-json\/wp\/v2\/product_brand?post=230730"},{"taxonomy":"product_cat","embeddable":true,"href":"https:\/\/centroreservasbariloche.com\/pt\/wp-json\/wp\/v2\/product_cat?post=230730"},{"taxonomy":"product_tag","embeddable":true,"href":"https:\/\/centroreservasbariloche.com\/pt\/wp-json\/wp\/v2\/product_tag?post=230730"}],"curies":[{"name":"wp","href":"https:\/\/api.w.org\/{rel}","templated":true}]}}