{"id":230731,"date":"2025-04-04T15:52:43","date_gmt":"2025-04-04T18:52:43","guid":{"rendered":"https:\/\/centroreservasbariloche.com\/?post_type=product&#038;p=230731"},"modified":"2026-04-14T11:00:59","modified_gmt":"2026-04-14T14:00:59","slug":"rafting-rio-manso-clase-iii-iv-hasta-chile-bariloche","status":"publish","type":"product","link":"https:\/\/centroreservasbariloche.com\/pt\/product\/rafting-rio-manso-classe-iii-iv-para-chile-bariloche","title":{"rendered":"Rapids to Chile - Aventura de Rafting saindo de Bariloche"},"content":{"rendered":"<h2>Aventura de rafting at\u00e9 a fronteira com o Chile<\/h2>\n<p>Abrace a emo\u00e7\u00e3o pura participando de nosso <strong>rafting<\/strong> pelo magn\u00edfico <strong>Rio Manso<\/strong>. Experimente o poder da natureza e a adrenalina de descer corredeiras de n\u00edvel III e IV. Essa viagem incompar\u00e1vel o levar\u00e1 ao limiar do Chile, prometendo paisagens deslumbrantes e emo\u00e7\u00f5es inigual\u00e1veis.<\/p>\n<h3>Plano de excurs\u00e3o<\/h3>\n<ul>\n<li><strong>In\u00edcio da experi\u00eancia:<\/strong> Come\u00e7aremos \u00e0s 8h no ponto de encontro na Rua Mitre, a poucos metros do Centro C\u00edvico de Bariloche.<\/li>\n<li><strong>Equipamento fornecido:<\/strong> Voc\u00ea receber\u00e1 uma roupa de mergulho, capacete e colete salva-vidas. Tudo o que voc\u00ea precisa para um dia seguro na \u00e1gua.<\/li>\n<li><strong>Rota:<\/strong> A viagem de 11 km leva aproximadamente 2 horas, navegando pelas desafiadoras corredeiras do rio.<\/li>\n<li><strong>Almo\u00e7o opcional:<\/strong> Ap\u00f3s o rafting, desfrute de um churrasco ou saladas (n\u00e3o inclu\u00eddos no custo do pacote).<\/li>\n<li><strong>Seguran\u00e7a garantida:<\/strong> Um grupo de caiaqueiros experientes o acompanhar\u00e1 durante toda a atividade.<\/li>\n<\/ul>\n<h3>Informa\u00e7\u00f5es cruciais<\/h3>\n<ul>\n<li><strong>Comodidades adicionais:<\/strong> N\u00e3o se esque\u00e7a de levar uma toalha e uma muda de roupa.<\/li>\n<li><strong>Requisito de idade:<\/strong> A partir de 14 anos, adequado tanto para adolescentes quanto para adultos que buscam experi\u00eancias memor\u00e1veis.<\/li>\n<\/ul>\n<h3>Dura\u00e7\u00e3o total<\/h3>\n<p>O passeio come\u00e7a \u00e0s 8:00 horas e termina aproximadamente \u00e0s 18:00 horas.<\/p>\n<h3>O que est\u00e1 inclu\u00eddo<\/h3>\n<ul>\n<li>Rafting nas impressionantes corredeiras<\/li>\n<li>Equipamento necess\u00e1rio: roupa de mergulho, colete, jaqueta seca, botas, remos, p\u00e1s e capacete.<\/li>\n<\/ul>\n<h3>Perguntas frequentes<\/h3>\n<h4>Como fa\u00e7o para coordenar se quiser chegar de forma independente?<\/h4>\n<p>Para aqueles que desejam dirigir seu pr\u00f3prio transporte, dirija-se ao nosso ponto de \u00f4nibus, localizado na <strong data-start=\"372\" data-end=\"389\">Base Villegas<\/strong>, no <strong data-start=\"400\" data-end=\"417\">Ruta 83, Km 1, San Carlos de Bariloche, R\u00edo Negro.\u00a0<\/strong>.<br data-start=\"418\" data-end=\"421\" \/>Localiza\u00e7\u00e3o no Google Maps: <a class=\"\" href=\"https:\/\/maps.app.goo.gl\/NqbsUN6VB5Fnt7hVA\" target=\"_new\" rel=\"noopener\" data-start=\"449\" data-end=\"535\">https:\/\/maps.app.goo.gl\/NqbsUN6VB5Fnt7hVA\u00a0<\/a><\/p>\n<h4>\u00c9 poss\u00edvel trazer um acompanhante que n\u00e3o esteja participando da atividade?<\/h4>\n<p>Obviamente, aqueles que n\u00e3o participarem do rafting pagar\u00e3o metade do custo e poder\u00e3o desfrutar do ambiente sem a atividade.<\/p>\n<p><strong>Aviso importante<\/strong>Esse passeio est\u00e1 dispon\u00edvel no momento e tem sa\u00eddas at\u00e9 30 de abril, de acordo com o calend\u00e1rio operacional.<\/p>","protected":false},"excerpt":{"rendered":"<p>Mergulhe no emocionante <strong>Aventura de rafting na fronteira com o Chile<\/strong>. Navegue pelas corredeiras de tirar o f\u00f4lego do <strong>Rio Manso<\/strong>, classe III\/IV, em um ambiente natural \u00fanico. Inclui equipamento completo e seguran\u00e7a, ideal para quem busca uma conex\u00e3o intensa com a natureza.<\/p>","protected":false},"featured_media":231476,"comment_status":"open","ping_status":"closed","template":"","meta":[],"product_brand":[],"product_cat":[38,39,32,40,52,54,36,51],"product_tag":[],"class_list":{"0":"post-230731","1":"product","2":"type-product","3":"status-publish","4":"has-post-thumbnail","6":"product_cat-adultos","7":"product_cat-aventura","8":"product_cat-familia","9":"product_cat-con-traslado","10":"product_cat-otono","11":"product_cat-primavera","12":"product_cat-sin-comida","13":"product_cat-verano","15":"first","16":"instock","17":"virtual","18":"sold-individually","19":"purchasable","20":"product-type-booking"},"booking_location":"","booking_location_type":"","booking_duration":1,"booking_duration_unit":"hour","booking_buffer":0,"booking_cost":0,"booking_resources":[],"exclude_global_add_ons":false,"addons":[{"name":"ADU: Adulto","type":"input_multiplier","position":0,"required":false,"title_format":"label","default":"","description_enable":false,"description":"","placeholder_enable":false,"placeholder":"","display":"select","restrictions_type":"any_text","adjust_price":true,"price":"155400","price_type":"quantity_based","restrictions":false,"min":"0","max":"0","options":[],"id":1773236614},{"name":"EXTRA: acompanhante","type":"input_multiplier","position":1,"required":false,"title_format":"label","default":"","description_enable":false,"description":"","placeholder_enable":false,"placeholder":"","display":"select","restrictions_type":"any_text","adjust_price":true,"price":"77700","price_type":"quantity_based","restrictions":false,"min":"0","max":"0","options":[],"id":1773236615},{"name":"MEN1418 | de 14 a 18","type":"input_multiplier","position":2,"required":false,"title_format":"label","default":"","description_enable":false,"description":"","placeholder_enable":false,"placeholder":"","display":"select","restrictions_type":"any_text","adjust_price":true,"price":"155400","price_type":"quantity_based","restrictions":false,"min":"0","max":"0","options":[],"id":1773236616}],"yoast_head":"<!-- This site is optimized with the Yoast SEO Premium plugin v24.5 (Yoast SEO v24.8) - https:\/\/yoast.com\/wordpress\/plugins\/seo\/ -->\n<title>Rafting R\u00edo Manso Clase III-IV hasta Chile desde Bariloche - Centro Reservas Bariloche Patagonia Argentina<\/title>\n<meta name=\"description\" content=\"Rafting clase III-IV en el R\u00edo Manso hasta la frontera con Chile. Salida desde Bariloche. 11 km y 2 h en el agua. Equipo y gu\u00edas incluidos. Desde 14 a\u00f1os.\" \/>\n<meta name=\"robots\" content=\"index, follow, max-snippet:-1, max-image-preview:large, max-video-preview:-1\" \/>\n<link rel=\"canonical\" href=\"https:\/\/centroreservasbariloche.com\/pt\/product\/rafting-rio-manso-classe-iii-iv-para-chile-bariloche\/\" \/>\n<meta property=\"og:locale\" content=\"pt_BR\" \/>\n<meta property=\"og:type\" content=\"article\" \/>\n<meta property=\"og:title\" content=\"R\u00e1pidos hasta Chile \u2013 Aventura de Rafting con Salida desde Bariloche\" \/>\n<meta property=\"og:description\" content=\"Rafting clase III-IV en el R\u00edo Manso hasta la frontera con Chile. Salida desde Bariloche. 11 km y 2 h en el agua. Equipo y gu\u00edas incluidos. Desde 14 a\u00f1os.\" \/>\n<meta property=\"og:url\" content=\"https:\/\/centroreservasbariloche.com\/pt\/product\/rafting-rio-manso-classe-iii-iv-para-chile-bariloche\/\" \/>\n<meta property=\"og:site_name\" content=\"Centro Reservas Bariloche Patagonia Argentina\" \/>\n<meta property=\"article:publisher\" content=\"https:\/\/www.facebook.com\/centroreservasbariloche\" \/>\n<meta property=\"article:modified_time\" content=\"2026-04-14T14:00:59+00:00\" \/>\n<meta property=\"og:image\" content=\"https:\/\/buck.getjasper.digital\/2025\/04\/5-A-RaftingAlLimiteconChile_icon_1140_1601666035-1-scaled.jpg\" \/>\n\t<meta property=\"og:image:width\" content=\"1920\" \/>\n\t<meta property=\"og:image:height\" content=\"2560\" \/>\n\t<meta property=\"og:image:type\" content=\"image\/jpeg\" \/>\n<meta name=\"twitter:card\" content=\"summary_large_image\" \/>\n<meta name=\"twitter:label1\" content=\"Pre\u00e7o\" \/>\n\t<meta name=\"twitter:data1\" content=\"&#036;&nbsp;155.400,00\" \/>\n\t<meta name=\"twitter:label2\" content=\"Disponibilidade\" \/>\n\t<meta name=\"twitter:data2\" content=\"Em Estoque\" \/>\n<script type=\"application\/ld+json\" class=\"yoast-schema-graph\">{\"@context\":\"https:\/\/schema.org\",\"@graph\":[{\"@type\":[\"WebPage\",\"ItemPage\"],\"@id\":\"https:\/\/centroreservasbariloche.com\/product\/rafting-rio-manso-clase-iii-iv-hasta-chile-bariloche\",\"url\":\"https:\/\/centroreservasbariloche.com\/product\/rafting-rio-manso-clase-iii-iv-hasta-chile-bariloche\",\"name\":\"Rafting R\u00edo Manso Clase III-IV hasta Chile desde Bariloche - Centro Reservas Bariloche Patagonia Argentina\",\"isPartOf\":{\"@id\":\"https:\/\/centroreservasbariloche.com\/#website\"},\"primaryImageOfPage\":{\"@id\":\"https:\/\/centroreservasbariloche.com\/product\/rafting-rio-manso-clase-iii-iv-hasta-chile-bariloche#primaryimage\"},\"image\":{\"@id\":\"https:\/\/centroreservasbariloche.com\/product\/rafting-rio-manso-clase-iii-iv-hasta-chile-bariloche#primaryimage\"},\"thumbnailUrl\":\"https:\/\/buck.getjasper.digital\/2025\/04\/5-A-RaftingAlLimiteconChile_icon_1140_1601666035-1-scaled.jpg\",\"datePublished\":\"2025-04-04T18:52:43+00:00\",\"dateModified\":\"2026-04-14T14:00:59+00:00\",\"description\":\"Rafting clase III-IV en el R\u00edo Manso hasta la frontera con Chile. Salida desde Bariloche. 11 km y 2 h en el agua. Equipo y gu\u00edas incluidos. Desde 14 a\u00f1os.\",\"breadcrumb\":{\"@id\":\"https:\/\/centroreservasbariloche.com\/product\/rafting-rio-manso-clase-iii-iv-hasta-chile-bariloche#breadcrumb\"},\"inLanguage\":\"pt-BR\",\"potentialAction\":[{\"@type\":\"ReadAction\",\"target\":[\"https:\/\/centroreservasbariloche.com\/product\/rafting-rio-manso-clase-iii-iv-hasta-chile-bariloche\"]}]},{\"@type\":\"ImageObject\",\"inLanguage\":\"pt-BR\",\"@id\":\"https:\/\/centroreservasbariloche.com\/product\/rafting-rio-manso-clase-iii-iv-hasta-chile-bariloche#primaryimage\",\"url\":\"https:\/\/buck.getjasper.digital\/2025\/04\/5-A-RaftingAlLimiteconChile_icon_1140_1601666035-1-scaled.jpg\",\"contentUrl\":\"https:\/\/buck.getjasper.digital\/2025\/04\/5-A-RaftingAlLimiteconChile_icon_1140_1601666035-1-scaled.jpg\",\"width\":1920,\"height\":2560},{\"@type\":\"BreadcrumbList\",\"@id\":\"https:\/\/centroreservasbariloche.com\/product\/rafting-rio-manso-clase-iii-iv-hasta-chile-bariloche#breadcrumb\",\"itemListElement\":[{\"@type\":\"ListItem\",\"position\":1,\"name\":\"Home\",\"item\":\"https:\/\/centroreservasbariloche.com\/\"},{\"@type\":\"ListItem\",\"position\":2,\"name\":\"Nuestras actividades\",\"item\":\"https:\/\/centroreservasbariloche.com\/shop\"},{\"@type\":\"ListItem\",\"position\":3,\"name\":\"R\u00e1pidos hasta Chile \u2013 Aventura de Rafting con Salida desde Bariloche\"}]},{\"@type\":\"WebSite\",\"@id\":\"https:\/\/centroreservasbariloche.com\/#website\",\"url\":\"https:\/\/centroreservasbariloche.com\/\",\"name\":\"Centro Reservas Bariloche Patagonia Argentina\",\"description\":\"Centro Reservas Bariloche Patagonia\",\"publisher\":{\"@id\":\"https:\/\/centroreservasbariloche.com\/#organization\"},\"alternateName\":\"tur centra bariloche\",\"potentialAction\":[{\"@type\":\"SearchAction\",\"target\":{\"@type\":\"EntryPoint\",\"urlTemplate\":\"https:\/\/centroreservasbariloche.com\/?s={search_term_string}\"},\"query-input\":{\"@type\":\"PropertyValueSpecification\",\"valueRequired\":true,\"valueName\":\"search_term_string\"}}],\"inLanguage\":\"pt-BR\"},{\"@type\":[\"Organization\",\"Place\",\"TravelAgency\"],\"@id\":\"https:\/\/centroreservasbariloche.com\/#organization\",\"name\":\"Centro Reservas Bariloche\",\"alternateName\":\"Centro de Reservas\",\"url\":\"https:\/\/centroreservasbariloche.com\/\",\"logo\":{\"@id\":\"https:\/\/centroreservasbariloche.com\/product\/rafting-rio-manso-clase-iii-iv-hasta-chile-bariloche#local-main-organization-logo\"},\"image\":{\"@id\":\"https:\/\/centroreservasbariloche.com\/product\/rafting-rio-manso-clase-iii-iv-hasta-chile-bariloche#local-main-organization-logo\"},\"sameAs\":[\"https:\/\/www.facebook.com\/centroreservasbariloche\"],\"description\":\"Estamos comprometidos en brindarles una experiencia inolvidable, llena de aventura, belleza natural y descubrimientos. No importa si es su primera visita a Bariloche o si ya ha tenido el placer de conocerla, estamos seguros de que encontrar\u00e1 en nuestras excursiones la oportunidad de crear recuerdos duraderos.\",\"legalName\":\"Centro Reservas Bariloche\",\"address\":{\"@id\":\"https:\/\/centroreservasbariloche.com\/product\/rafting-rio-manso-clase-iii-iv-hasta-chile-bariloche#local-main-place-address\"},\"telephone\":[],\"openingHoursSpecification\":[{\"@type\":\"OpeningHoursSpecification\",\"dayOfWeek\":[\"Monday\",\"Tuesday\",\"Wednesday\",\"Thursday\",\"Friday\",\"Saturday\",\"Sunday\"],\"opens\":\"09:00\",\"closes\":\"17:00\"}],\"priceRange\":\"$$\"},{\"@type\":\"PostalAddress\",\"@id\":\"https:\/\/centroreservasbariloche.com\/product\/rafting-rio-manso-clase-iii-iv-hasta-chile-bariloche#local-main-place-address\",\"streetAddress\":\"Mitre 131\",\"addressLocality\":\"San Carlos de Bariloche\",\"postalCode\":\"8400\",\"addressRegion\":\"R\u00edo Negro\",\"addressCountry\":\"AR\"},{\"@type\":\"ImageObject\",\"inLanguage\":\"pt-BR\",\"@id\":\"https:\/\/centroreservasbariloche.com\/product\/rafting-rio-manso-clase-iii-iv-hasta-chile-bariloche#local-main-organization-logo\",\"url\":\"https:\/\/buck.getjasper.digital\/2025\/06\/centro-de-reservas-2-1.png\",\"contentUrl\":\"https:\/\/buck.getjasper.digital\/2025\/06\/centro-de-reservas-2-1.png\",\"width\":512,\"height\":512,\"caption\":\"Centro Reservas Bariloche\"}]}<\/script>\n<meta property=\"product:price:amount\" content=\"155400.00\" \/>\n<meta property=\"product:price:currency\" content=\"ARS\" \/>\n<meta property=\"og:availability\" content=\"instock\" \/>\n<meta property=\"product:availability\" content=\"instock\" \/>\n<meta property=\"product:retailer_item_id\" content=\"ADV2025RAALL\u00cd7HIR\" \/>\n<meta property=\"product:condition\" content=\"new\" \/>\n<meta name=\"geo.placename\" content=\"San Carlos de Bariloche\" \/>\n<meta name=\"geo.region\" content=\"Argentina\" \/>\n<!-- \/ Yoast SEO Premium plugin. -->","yoast_head_json":{"title":"Rafting no Rio Manso Classe III-IV para o Chile a partir de Bariloche - Centro Reservas Bariloche Patag\u00f4nia Argentina","description":"Rafting de classe III-IV no Rio Manso at\u00e9 a fronteira com o Chile. Sa\u00edda de Bariloche. 11 km e 2 horas na \u00e1gua. Equipamento e guias inclu\u00eddos. A partir de 14 anos de idade.","robots":{"index":"index","follow":"follow","max-snippet":"max-snippet:-1","max-image-preview":"max-image-preview:large","max-video-preview":"max-video-preview:-1"},"canonical":"https:\/\/centroreservasbariloche.com\/pt\/product\/rafting-rio-manso-classe-iii-iv-para-chile-bariloche\/","og_locale":"pt_BR","og_type":"article","og_title":"R\u00e1pidos hasta Chile \u2013 Aventura de Rafting con Salida desde Bariloche","og_description":"Rafting clase III-IV en el R\u00edo Manso hasta la frontera con Chile. Salida desde Bariloche. 11 km y 2 h en el agua. Equipo y gu\u00edas incluidos. Desde 14 a\u00f1os.","og_url":"https:\/\/centroreservasbariloche.com\/pt\/product\/rafting-rio-manso-classe-iii-iv-para-chile-bariloche\/","og_site_name":"Centro Reservas Bariloche Patagonia Argentina","article_publisher":"https:\/\/www.facebook.com\/centroreservasbariloche","article_modified_time":"2026-04-14T14:00:59+00:00","og_image":[{"width":1920,"height":2560,"url":"https:\/\/buck.getjasper.digital\/2025\/04\/5-A-RaftingAlLimiteconChile_icon_1140_1601666035-1-scaled.jpg","type":"image\/jpeg"}],"twitter_card":"summary_large_image","twitter_misc":{"Pre\u00e7o":"&#36;&nbsp;155.400,00","Disponibilidade":"Em Estoque"},"schema":{"@context":"https:\/\/schema.org","@graph":[{"@type":["WebPage","ItemPage"],"@id":"https:\/\/centroreservasbariloche.com\/product\/rafting-rio-manso-clase-iii-iv-hasta-chile-bariloche","url":"https:\/\/centroreservasbariloche.com\/product\/rafting-rio-manso-clase-iii-iv-hasta-chile-bariloche","name":"Rafting no Rio Manso Classe III-IV para o Chile a partir de Bariloche - Centro Reservas Bariloche Patag\u00f4nia Argentina","isPartOf":{"@id":"https:\/\/centroreservasbariloche.com\/#website"},"primaryImageOfPage":{"@id":"https:\/\/centroreservasbariloche.com\/product\/rafting-rio-manso-clase-iii-iv-hasta-chile-bariloche#primaryimage"},"image":{"@id":"https:\/\/centroreservasbariloche.com\/product\/rafting-rio-manso-clase-iii-iv-hasta-chile-bariloche#primaryimage"},"thumbnailUrl":"https:\/\/buck.getjasper.digital\/2025\/04\/5-A-RaftingAlLimiteconChile_icon_1140_1601666035-1-scaled.jpg","datePublished":"2025-04-04T18:52:43+00:00","dateModified":"2026-04-14T14:00:59+00:00","description":"Rafting de classe III-IV no Rio Manso at\u00e9 a fronteira com o Chile. Sa\u00edda de Bariloche. 11 km e 2 horas na \u00e1gua. Equipamento e guias inclu\u00eddos. A partir de 14 anos de idade.","breadcrumb":{"@id":"https:\/\/centroreservasbariloche.com\/product\/rafting-rio-manso-clase-iii-iv-hasta-chile-bariloche#breadcrumb"},"inLanguage":"pt-BR","potentialAction":[{"@type":"ReadAction","target":["https:\/\/centroreservasbariloche.com\/product\/rafting-rio-manso-clase-iii-iv-hasta-chile-bariloche"]}]},{"@type":"ImageObject","inLanguage":"pt-BR","@id":"https:\/\/centroreservasbariloche.com\/product\/rafting-rio-manso-clase-iii-iv-hasta-chile-bariloche#primaryimage","url":"https:\/\/buck.getjasper.digital\/2025\/04\/5-A-RaftingAlLimiteconChile_icon_1140_1601666035-1-scaled.jpg","contentUrl":"https:\/\/buck.getjasper.digital\/2025\/04\/5-A-RaftingAlLimiteconChile_icon_1140_1601666035-1-scaled.jpg","width":1920,"height":2560},{"@type":"BreadcrumbList","@id":"https:\/\/centroreservasbariloche.com\/product\/rafting-rio-manso-clase-iii-iv-hasta-chile-bariloche#breadcrumb","itemListElement":[{"@type":"ListItem","position":1,"name":"Home","item":"https:\/\/centroreservasbariloche.com\/"},{"@type":"ListItem","position":2,"name":"Nuestras actividades","item":"https:\/\/centroreservasbariloche.com\/shop"},{"@type":"ListItem","position":3,"name":"R\u00e1pidos hasta Chile \u2013 Aventura de Rafting con Salida desde Bariloche"}]},{"@type":"WebSite","@id":"https:\/\/centroreservasbariloche.com\/#website","url":"https:\/\/centroreservasbariloche.com\/","name":"Centro de Reservas de Bariloche Patag\u00f4nia Argentina","description":"Central de Reservas de Bariloche Patag\u00f4nia","publisher":{"@id":"https:\/\/centroreservasbariloche.com\/#organization"},"alternateName":"tur centra bariloche","potentialAction":[{"@type":"SearchAction","target":{"@type":"EntryPoint","urlTemplate":"https:\/\/centroreservasbariloche.com\/?s={search_term_string}"},"query-input":{"@type":"PropertyValueSpecification","valueRequired":true,"valueName":"search_term_string"}}],"inLanguage":"pt-BR"},{"@type":["Organization","Place","TravelAgency"],"@id":"https:\/\/centroreservasbariloche.com\/#organization","name":"Centro de Reservas de Bariloche","alternateName":"Centro de Reservas","url":"https:\/\/centroreservasbariloche.com\/","logo":{"@id":"https:\/\/centroreservasbariloche.com\/product\/rafting-rio-manso-clase-iii-iv-hasta-chile-bariloche#local-main-organization-logo"},"image":{"@id":"https:\/\/centroreservasbariloche.com\/product\/rafting-rio-manso-clase-iii-iv-hasta-chile-bariloche#local-main-organization-logo"},"sameAs":["https:\/\/www.facebook.com\/centroreservasbariloche"],"description":"Temos o compromisso de proporcionar a voc\u00ea uma experi\u00eancia inesquec\u00edvel, cheia de aventura, beleza natural e descobertas. Quer seja sua primeira visita a Bariloche ou se j\u00e1 teve o prazer de conhec\u00ea-la, temos certeza de que encontrar\u00e1 em nossas excurs\u00f5es a oportunidade de criar mem\u00f3rias duradouras.","legalName":"Centro Reservas Bariloche","address":{"@id":"https:\/\/centroreservasbariloche.com\/product\/rafting-rio-manso-clase-iii-iv-hasta-chile-bariloche#local-main-place-address"},"telephone":[],"openingHoursSpecification":[{"@type":"OpeningHoursSpecification","dayOfWeek":["Monday","Tuesday","Wednesday","Thursday","Friday","Saturday","Sunday"],"opens":"09:00","closes":"17:00"}],"priceRange":"$$"},{"@type":"PostalAddress","@id":"https:\/\/centroreservasbariloche.com\/product\/rafting-rio-manso-clase-iii-iv-hasta-chile-bariloche#local-main-place-address","streetAddress":"Mitre 131","addressLocality":"San Carlos de Bariloche","postalCode":"8400","addressRegion":"R\u00edo Negro","addressCountry":"AR"},{"@type":"ImageObject","inLanguage":"pt-BR","@id":"https:\/\/centroreservasbariloche.com\/product\/rafting-rio-manso-clase-iii-iv-hasta-chile-bariloche#local-main-organization-logo","url":"https:\/\/buck.getjasper.digital\/2025\/06\/centro-de-reservas-2-1.png","contentUrl":"https:\/\/buck.getjasper.digital\/2025\/06\/centro-de-reservas-2-1.png","width":512,"height":512,"caption":"Centro Reservas Bariloche"}]},"product_price_amount":"155400.00","product_price_currency":"ARS","og_availability":"instock","product_availability":"instock","product_retailer_item_id":"ADV2025RAALL\u00cd7HIR","product_condition":"new","geo.placename":"San Carlos de Bariloche","geo.region":"Argentina"},"_links":{"self":[{"href":"https:\/\/centroreservasbariloche.com\/pt\/wp-json\/wp\/v2\/product\/230731","targetHints":{"allow":["GET"]}}],"collection":[{"href":"https:\/\/centroreservasbariloche.com\/pt\/wp-json\/wp\/v2\/product"}],"about":[{"href":"https:\/\/centroreservasbariloche.com\/pt\/wp-json\/wp\/v2\/types\/product"}],"replies":[{"embeddable":true,"href":"https:\/\/centroreservasbariloche.com\/pt\/wp-json\/wp\/v2\/comments?post=230731"}],"wp:featuredmedia":[{"embeddable":true,"href":"https:\/\/centroreservasbariloche.com\/pt\/wp-json\/wp\/v2\/media\/231476"}],"wp:attachment":[{"href":"https:\/\/centroreservasbariloche.com\/pt\/wp-json\/wp\/v2\/media?parent=230731"}],"wp:term":[{"taxonomy":"product_brand","embeddable":true,"href":"https:\/\/centroreservasbariloche.com\/pt\/wp-json\/wp\/v2\/product_brand?post=230731"},{"taxonomy":"product_cat","embeddable":true,"href":"https:\/\/centroreservasbariloche.com\/pt\/wp-json\/wp\/v2\/product_cat?post=230731"},{"taxonomy":"product_tag","embeddable":true,"href":"https:\/\/centroreservasbariloche.com\/pt\/wp-json\/wp\/v2\/product_tag?post=230731"}],"curies":[{"name":"wp","href":"https:\/\/api.w.org\/{rel}","templated":true}]}}