{"id":230732,"date":"2025-04-04T15:52:58","date_gmt":"2025-04-04T18:52:58","guid":{"rendered":"https:\/\/centroreservasbariloche.com\/?post_type=product&#038;p=230732"},"modified":"2026-04-14T11:00:53","modified_gmt":"2026-04-14T14:00:53","slug":"rafting-rio-manso-sin-traslado-bariloche","status":"publish","type":"product","link":"https:\/\/centroreservasbariloche.com\/pt\/product\/rafting-no-rio-manso-sem-traslado-bariloche","title":{"rendered":"Aventura no Rio Manso - sem traslado"},"content":{"rendered":"<h2>Excita\u00e7\u00e3o ao alcance de todos no Rio Manso<\/h2>\n<p>Permita-se desfrutar de uma experi\u00eancia aqu\u00e1tica cheia de descobertas e aventuras com nossa proposta de rafting leve no pitoresco Rio Manso. Essa atividade foi projetada para oferecer momentos inesquec\u00edveis para toda a fam\u00edlia, sendo acess\u00edvel at\u00e9 mesmo para crian\u00e7as a partir de 5 anos de idade. Com corredeiras de grau 1 e 2 f\u00e1ceis de navegar, promete seguran\u00e7a e um passeio emocionante em contato com a natureza.<\/p>\n<h3>Destaques do Rafting<\/h3>\n<ul>\n<li><strong>Dura\u00e7\u00e3o da aventura:<\/strong> Aproximadamente 1,5 hora na \u00e1gua.<\/li>\n<li><strong>Itiner\u00e1rio:<\/strong> Fa\u00e7a um passeio de 40 km por paisagens de tirar o f\u00f4lego e ondas suaves.<\/li>\n<li><strong>Equipamento fornecido:<\/strong> Tudo o que voc\u00ea precisa para sua prote\u00e7\u00e3o: roupa de mergulho, capacete e colete salva-vidas inclu\u00eddos.<\/li>\n<\/ul>\n<h3>Prepara\u00e7\u00e3o e boas-vindas<\/h3>\n<p>Ao chegar ao ponto de encontro, nossa equipe treinada lhe dar\u00e1 as boas-vindas calorosas e o instruir\u00e1 com uma palestra sobre como manusear a balsa, garantindo que voc\u00ea esteja perfeitamente preparado para a excurs\u00e3o. N\u00e3o \u00e9 necess\u00e1rio ter experi\u00eancia pr\u00e9via; cuidamos de cada detalhe para seu conforto e seguran\u00e7a.<\/p>\n<h3>Conselhos pr\u00e1ticos<\/h3>\n<p>\u00c9 aconselh\u00e1vel ter os seguintes itens prontos:<\/p>\n<ul>\n<li>Toalha pessoal.<\/li>\n<li>Troca de roupa.<\/li>\n<li>Cal\u00e7ados apropriados para se molhar.<\/li>\n<\/ul>\n<h3>Excurs\u00e3o sem inclus\u00e3o de traslado<\/h3>\n<p>Para aqueles que preferem gerenciar sua pr\u00f3pria mobilidade, devem ir ao nosso Parador, localizado no <strong data-start=\"372\" data-end=\"389\">Base Villegas<\/strong>, no <strong data-start=\"400\" data-end=\"417\">Ruta 83, Km 1, San Carlos de Bariloche, R\u00edo Negro.\u00a0<\/strong><\/p>\n<p>&nbsp;<\/p>\n<h3>Detalhes do Oferecido<\/h3>\n<ul>\n<li><strong>Ele inclui:<\/strong> Rafting e equipamento completo (roupa de mergulho, colete salva-vidas, jaqueta imperme\u00e1vel, botas de neoprene, remos e capacetes).<\/li>\n<li><strong>N\u00e3o inclu\u00eddo:<\/strong> Transporte, refei\u00e7\u00f5es ou bebidas.<\/li>\n<\/ul>\n<h2>Perguntas frequentes<\/h2>\n<h3>Como posso chegar ao ponto de encontro por conta pr\u00f3pria?<\/h3>\n<p>Aqueles que optarem por chegar por seus pr\u00f3prios meios devem se dirigir ao nosso parador, localizado na <strong data-start=\"372\" data-end=\"389\">Base Villegas<\/strong>, no <strong data-start=\"400\" data-end=\"417\">Ruta 83, Km 1, San Carlos de Bariloche, R\u00edo Negro.\u00a0<\/strong>.<br data-start=\"418\" data-end=\"421\" \/>Localiza\u00e7\u00e3o no Google Maps: <a class=\"\" href=\"https:\/\/maps.app.goo.gl\/NqbsUN6VB5Fnt7hVA\" target=\"_new\" rel=\"noopener\" data-start=\"449\" data-end=\"535\">https:\/\/maps.app.goo.gl\/NqbsUN6VB5Fnt7hVA\u00a0<\/a><\/p>\n<h3>Posso convidar algu\u00e9m que n\u00e3o esteja participando do rafting?<\/h3>\n<p>Obviamente, os acompanhantes que n\u00e3o participarem da atividade dever\u00e3o pagar o <strong>50%<\/strong> da tarifa correspondente.<\/p>\n<p><strong>Aviso importante<\/strong>Esse passeio est\u00e1 dispon\u00edvel no momento e tem sa\u00eddas at\u00e9 30 de abril, de acordo com o calend\u00e1rio operacional.<\/p>","protected":false},"excerpt":{"rendered":"<p>Explore a serenidade e a emo\u00e7\u00e3o das corredeiras do Rio Manso com nosso rafting leve, uma atividade ideal para todas as idades, incluindo crian\u00e7as a partir de 5 anos. Com guias especializados e equipamento completo para sua seguran\u00e7a e conforto, voc\u00ea embarcar\u00e1 em uma viagem de 40 km por paisagens de tirar o f\u00f4lego. Prepare sua pr\u00f3pria log\u00edstica e junte-se a n\u00f3s para uma viagem inesquec\u00edvel e viva essa experi\u00eancia!<\/p>","protected":false},"featured_media":231543,"comment_status":"open","ping_status":"closed","template":"","meta":[],"product_brand":[],"product_cat":[38,39,32,53,52,54,36,35,51],"product_tag":[],"class_list":{"0":"post-230732","1":"product","2":"type-product","3":"status-publish","4":"has-post-thumbnail","6":"product_cat-adultos","7":"product_cat-aventura","8":"product_cat-familia","9":"product_cat-ninos","10":"product_cat-otono","11":"product_cat-primavera","12":"product_cat-sin-comida","13":"product_cat-sin-traslado","14":"product_cat-verano","16":"first","17":"instock","18":"virtual","19":"sold-individually","20":"purchasable","21":"product-type-booking"},"booking_location":"","booking_location_type":"","booking_duration":1,"booking_duration_unit":"hour","booking_buffer":0,"booking_cost":0,"booking_resources":[],"exclude_global_add_ons":false,"addons":[{"name":"ADU: Adulto","type":"input_multiplier","position":0,"required":false,"title_format":"label","default":"","description_enable":false,"description":"","placeholder_enable":false,"placeholder":"","display":"select","restrictions_type":"any_text","adjust_price":true,"price":"75000","price_type":"quantity_based","restrictions":false,"min":"0","max":"0","options":[],"id":1773079069},{"name":"EXTRA: acompanhante","type":"input_multiplier","position":1,"required":false,"title_format":"label","default":"","description_enable":false,"description":"","placeholder_enable":false,"placeholder":"","display":"select","restrictions_type":"any_text","adjust_price":true,"price":"37500","price_type":"quantity_based","restrictions":false,"min":"0","max":"0","options":[],"id":1773079070},{"name":"MEN512 | 5 a 12","type":"input_multiplier","position":2,"required":false,"title_format":"label","default":"","description_enable":false,"description":"","placeholder_enable":false,"placeholder":"","display":"select","restrictions_type":"any_text","adjust_price":true,"price":"75000","price_type":"quantity_based","restrictions":false,"min":"0","max":"0","options":[],"id":1773079071}],"yoast_head":"<!-- This site is optimized with the Yoast SEO Premium plugin v24.5 (Yoast SEO v24.8) - https:\/\/yoast.com\/wordpress\/plugins\/seo\/ -->\n<title>Rafting R\u00edo Manso sin Traslado | Actividad Familiar en Bariloche - Centro Reservas Bariloche Patagonia Argentina<\/title>\n<meta name=\"description\" content=\"Viv\u00ed el rafting en el R\u00edo Manso sin traslado. Aventura segura y divertida para toda la familia en Bariloche. Incluye equipo completo y gu\u00eda profesional.\" \/>\n<meta name=\"robots\" content=\"index, follow, max-snippet:-1, max-image-preview:large, max-video-preview:-1\" \/>\n<link rel=\"canonical\" href=\"https:\/\/centroreservasbariloche.com\/pt\/product\/rafting-no-rio-manso-sem-traslado-bariloche\/\" \/>\n<meta property=\"og:locale\" content=\"pt_BR\" \/>\n<meta property=\"og:type\" content=\"article\" \/>\n<meta property=\"og:title\" content=\"Aventura en el R\u00edo Manso - sin Traslado\" \/>\n<meta property=\"og:description\" content=\"Viv\u00ed el rafting en el R\u00edo Manso sin traslado. Aventura segura y divertida para toda la familia en Bariloche. Incluye equipo completo y gu\u00eda profesional.\" \/>\n<meta property=\"og:url\" content=\"https:\/\/centroreservasbariloche.com\/pt\/product\/rafting-no-rio-manso-sem-traslado-bariloche\/\" \/>\n<meta property=\"og:site_name\" content=\"Centro Reservas Bariloche Patagonia Argentina\" \/>\n<meta property=\"article:publisher\" content=\"https:\/\/www.facebook.com\/centroreservasbariloche\" \/>\n<meta property=\"article:modified_time\" content=\"2026-04-14T14:00:53+00:00\" \/>\n<meta property=\"og:image\" content=\"https:\/\/buck.getjasper.digital\/2025\/05\/5-B-GOPR9266-scaled.jpg\" \/>\n\t<meta property=\"og:image:width\" content=\"1920\" \/>\n\t<meta property=\"og:image:height\" content=\"2560\" \/>\n\t<meta property=\"og:image:type\" content=\"image\/jpeg\" \/>\n<meta name=\"twitter:card\" content=\"summary_large_image\" \/>\n<meta name=\"twitter:label1\" content=\"Pre\u00e7o\" \/>\n\t<meta name=\"twitter:data1\" content=\"&#036;&nbsp;75.000,00\" \/>\n\t<meta name=\"twitter:label2\" content=\"Disponibilidade\" \/>\n\t<meta name=\"twitter:data2\" content=\"Em Estoque\" \/>\n<script type=\"application\/ld+json\" class=\"yoast-schema-graph\">{\"@context\":\"https:\/\/schema.org\",\"@graph\":[{\"@type\":[\"WebPage\",\"ItemPage\"],\"@id\":\"https:\/\/centroreservasbariloche.com\/product\/rafting-rio-manso-sin-traslado-bariloche\",\"url\":\"https:\/\/centroreservasbariloche.com\/product\/rafting-rio-manso-sin-traslado-bariloche\",\"name\":\"Rafting R\u00edo Manso sin Traslado | Actividad Familiar en Bariloche - Centro Reservas Bariloche Patagonia Argentina\",\"isPartOf\":{\"@id\":\"https:\/\/centroreservasbariloche.com\/#website\"},\"primaryImageOfPage\":{\"@id\":\"https:\/\/centroreservasbariloche.com\/product\/rafting-rio-manso-sin-traslado-bariloche#primaryimage\"},\"image\":{\"@id\":\"https:\/\/centroreservasbariloche.com\/product\/rafting-rio-manso-sin-traslado-bariloche#primaryimage\"},\"thumbnailUrl\":\"https:\/\/buck.getjasper.digital\/2025\/05\/5-B-GOPR9266-scaled.jpg\",\"datePublished\":\"2025-04-04T18:52:58+00:00\",\"dateModified\":\"2026-04-14T14:00:53+00:00\",\"description\":\"Viv\u00ed el rafting en el R\u00edo Manso sin traslado. Aventura segura y divertida para toda la familia en Bariloche. Incluye equipo completo y gu\u00eda profesional.\",\"breadcrumb\":{\"@id\":\"https:\/\/centroreservasbariloche.com\/product\/rafting-rio-manso-sin-traslado-bariloche#breadcrumb\"},\"inLanguage\":\"pt-BR\",\"potentialAction\":[{\"@type\":\"ReadAction\",\"target\":[\"https:\/\/centroreservasbariloche.com\/product\/rafting-rio-manso-sin-traslado-bariloche\"]}]},{\"@type\":\"ImageObject\",\"inLanguage\":\"pt-BR\",\"@id\":\"https:\/\/centroreservasbariloche.com\/product\/rafting-rio-manso-sin-traslado-bariloche#primaryimage\",\"url\":\"https:\/\/buck.getjasper.digital\/2025\/05\/5-B-GOPR9266-scaled.jpg\",\"contentUrl\":\"https:\/\/buck.getjasper.digital\/2025\/05\/5-B-GOPR9266-scaled.jpg\",\"width\":1920,\"height\":2560,\"caption\":\"t\/sdcard\/DCIM\/100GOPRO\/GOPR9266\"},{\"@type\":\"BreadcrumbList\",\"@id\":\"https:\/\/centroreservasbariloche.com\/product\/rafting-rio-manso-sin-traslado-bariloche#breadcrumb\",\"itemListElement\":[{\"@type\":\"ListItem\",\"position\":1,\"name\":\"Home\",\"item\":\"https:\/\/centroreservasbariloche.com\/\"},{\"@type\":\"ListItem\",\"position\":2,\"name\":\"Nuestras actividades\",\"item\":\"https:\/\/centroreservasbariloche.com\/shop\"},{\"@type\":\"ListItem\",\"position\":3,\"name\":\"Aventura en el R\u00edo Manso &#8211; sin Traslado\"}]},{\"@type\":\"WebSite\",\"@id\":\"https:\/\/centroreservasbariloche.com\/#website\",\"url\":\"https:\/\/centroreservasbariloche.com\/\",\"name\":\"Centro Reservas Bariloche Patagonia Argentina\",\"description\":\"Centro Reservas Bariloche Patagonia\",\"publisher\":{\"@id\":\"https:\/\/centroreservasbariloche.com\/#organization\"},\"alternateName\":\"tur centra bariloche\",\"potentialAction\":[{\"@type\":\"SearchAction\",\"target\":{\"@type\":\"EntryPoint\",\"urlTemplate\":\"https:\/\/centroreservasbariloche.com\/?s={search_term_string}\"},\"query-input\":{\"@type\":\"PropertyValueSpecification\",\"valueRequired\":true,\"valueName\":\"search_term_string\"}}],\"inLanguage\":\"pt-BR\"},{\"@type\":[\"Organization\",\"Place\",\"TravelAgency\"],\"@id\":\"https:\/\/centroreservasbariloche.com\/#organization\",\"name\":\"Centro Reservas Bariloche\",\"alternateName\":\"Centro de Reservas\",\"url\":\"https:\/\/centroreservasbariloche.com\/\",\"logo\":{\"@id\":\"https:\/\/centroreservasbariloche.com\/product\/rafting-rio-manso-sin-traslado-bariloche#local-main-organization-logo\"},\"image\":{\"@id\":\"https:\/\/centroreservasbariloche.com\/product\/rafting-rio-manso-sin-traslado-bariloche#local-main-organization-logo\"},\"sameAs\":[\"https:\/\/www.facebook.com\/centroreservasbariloche\"],\"description\":\"Estamos comprometidos en brindarles una experiencia inolvidable, llena de aventura, belleza natural y descubrimientos. No importa si es su primera visita a Bariloche o si ya ha tenido el placer de conocerla, estamos seguros de que encontrar\u00e1 en nuestras excursiones la oportunidad de crear recuerdos duraderos.\",\"legalName\":\"Centro Reservas Bariloche\",\"address\":{\"@id\":\"https:\/\/centroreservasbariloche.com\/product\/rafting-rio-manso-sin-traslado-bariloche#local-main-place-address\"},\"telephone\":[],\"openingHoursSpecification\":[{\"@type\":\"OpeningHoursSpecification\",\"dayOfWeek\":[\"Monday\",\"Tuesday\",\"Wednesday\",\"Thursday\",\"Friday\",\"Saturday\",\"Sunday\"],\"opens\":\"09:00\",\"closes\":\"17:00\"}],\"priceRange\":\"$$\"},{\"@type\":\"PostalAddress\",\"@id\":\"https:\/\/centroreservasbariloche.com\/product\/rafting-rio-manso-sin-traslado-bariloche#local-main-place-address\",\"streetAddress\":\"Mitre 131\",\"addressLocality\":\"San Carlos de Bariloche\",\"postalCode\":\"8400\",\"addressRegion\":\"R\u00edo Negro\",\"addressCountry\":\"AR\"},{\"@type\":\"ImageObject\",\"inLanguage\":\"pt-BR\",\"@id\":\"https:\/\/centroreservasbariloche.com\/product\/rafting-rio-manso-sin-traslado-bariloche#local-main-organization-logo\",\"url\":\"https:\/\/buck.getjasper.digital\/2025\/06\/centro-de-reservas-2-1.png\",\"contentUrl\":\"https:\/\/buck.getjasper.digital\/2025\/06\/centro-de-reservas-2-1.png\",\"width\":512,\"height\":512,\"caption\":\"Centro Reservas Bariloche\"}]}<\/script>\n<meta property=\"product:price:amount\" content=\"75000.00\" \/>\n<meta property=\"product:price:currency\" content=\"ARS\" \/>\n<meta property=\"og:availability\" content=\"instock\" \/>\n<meta property=\"product:availability\" content=\"instock\" \/>\n<meta property=\"product:retailer_item_id\" content=\"ADV2025RALIENTUFA\" \/>\n<meta property=\"product:condition\" content=\"new\" \/>\n<meta name=\"geo.placename\" content=\"San Carlos de Bariloche\" \/>\n<meta name=\"geo.region\" content=\"Argentina\" \/>\n<!-- \/ Yoast SEO Premium plugin. -->","yoast_head_json":{"title":"Rafting no Rio Manso sem traslado | Atividade familiar em Bariloche - Centro Reservas Bariloche Patag\u00f4nia Argentina","description":"Experi\u00eancia de rafting no Rio Manso sem traslado. Aventura segura e divertida para toda a fam\u00edlia em Bariloche. Inclui equipamento completo e guia profissional.","robots":{"index":"index","follow":"follow","max-snippet":"max-snippet:-1","max-image-preview":"max-image-preview:large","max-video-preview":"max-video-preview:-1"},"canonical":"https:\/\/centroreservasbariloche.com\/pt\/product\/rafting-no-rio-manso-sem-traslado-bariloche\/","og_locale":"pt_BR","og_type":"article","og_title":"Aventura en el R\u00edo Manso - sin Traslado","og_description":"Viv\u00ed el rafting en el R\u00edo Manso sin traslado. Aventura segura y divertida para toda la familia en Bariloche. Incluye equipo completo y gu\u00eda profesional.","og_url":"https:\/\/centroreservasbariloche.com\/pt\/product\/rafting-no-rio-manso-sem-traslado-bariloche\/","og_site_name":"Centro Reservas Bariloche Patagonia Argentina","article_publisher":"https:\/\/www.facebook.com\/centroreservasbariloche","article_modified_time":"2026-04-14T14:00:53+00:00","og_image":[{"width":1920,"height":2560,"url":"https:\/\/buck.getjasper.digital\/2025\/05\/5-B-GOPR9266-scaled.jpg","type":"image\/jpeg"}],"twitter_card":"summary_large_image","twitter_misc":{"Pre\u00e7o":"&#36;&nbsp;75.000,00","Disponibilidade":"Em Estoque"},"schema":{"@context":"https:\/\/schema.org","@graph":[{"@type":["WebPage","ItemPage"],"@id":"https:\/\/centroreservasbariloche.com\/product\/rafting-rio-manso-sin-traslado-bariloche","url":"https:\/\/centroreservasbariloche.com\/product\/rafting-rio-manso-sin-traslado-bariloche","name":"Rafting no Rio Manso sem traslado | Atividade familiar em Bariloche - Centro Reservas Bariloche Patag\u00f4nia Argentina","isPartOf":{"@id":"https:\/\/centroreservasbariloche.com\/#website"},"primaryImageOfPage":{"@id":"https:\/\/centroreservasbariloche.com\/product\/rafting-rio-manso-sin-traslado-bariloche#primaryimage"},"image":{"@id":"https:\/\/centroreservasbariloche.com\/product\/rafting-rio-manso-sin-traslado-bariloche#primaryimage"},"thumbnailUrl":"https:\/\/buck.getjasper.digital\/2025\/05\/5-B-GOPR9266-scaled.jpg","datePublished":"2025-04-04T18:52:58+00:00","dateModified":"2026-04-14T14:00:53+00:00","description":"Experi\u00eancia de rafting no Rio Manso sem traslado. Aventura segura e divertida para toda a fam\u00edlia em Bariloche. Inclui equipamento completo e guia profissional.","breadcrumb":{"@id":"https:\/\/centroreservasbariloche.com\/product\/rafting-rio-manso-sin-traslado-bariloche#breadcrumb"},"inLanguage":"pt-BR","potentialAction":[{"@type":"ReadAction","target":["https:\/\/centroreservasbariloche.com\/product\/rafting-rio-manso-sin-traslado-bariloche"]}]},{"@type":"ImageObject","inLanguage":"pt-BR","@id":"https:\/\/centroreservasbariloche.com\/product\/rafting-rio-manso-sin-traslado-bariloche#primaryimage","url":"https:\/\/buck.getjasper.digital\/2025\/05\/5-B-GOPR9266-scaled.jpg","contentUrl":"https:\/\/buck.getjasper.digital\/2025\/05\/5-B-GOPR9266-scaled.jpg","width":1920,"height":2560,"caption":"t\/sdcard\/DCIM\/100GOPRO\/GOPR9266"},{"@type":"BreadcrumbList","@id":"https:\/\/centroreservasbariloche.com\/product\/rafting-rio-manso-sin-traslado-bariloche#breadcrumb","itemListElement":[{"@type":"ListItem","position":1,"name":"Home","item":"https:\/\/centroreservasbariloche.com\/"},{"@type":"ListItem","position":2,"name":"Nuestras actividades","item":"https:\/\/centroreservasbariloche.com\/shop"},{"@type":"ListItem","position":3,"name":"Aventura en el R\u00edo Manso &#8211; sin Traslado"}]},{"@type":"WebSite","@id":"https:\/\/centroreservasbariloche.com\/#website","url":"https:\/\/centroreservasbariloche.com\/","name":"Centro de Reservas de Bariloche Patag\u00f4nia Argentina","description":"Central de Reservas de Bariloche Patag\u00f4nia","publisher":{"@id":"https:\/\/centroreservasbariloche.com\/#organization"},"alternateName":"tur centra bariloche","potentialAction":[{"@type":"SearchAction","target":{"@type":"EntryPoint","urlTemplate":"https:\/\/centroreservasbariloche.com\/?s={search_term_string}"},"query-input":{"@type":"PropertyValueSpecification","valueRequired":true,"valueName":"search_term_string"}}],"inLanguage":"pt-BR"},{"@type":["Organization","Place","TravelAgency"],"@id":"https:\/\/centroreservasbariloche.com\/#organization","name":"Centro de Reservas de Bariloche","alternateName":"Centro de Reservas","url":"https:\/\/centroreservasbariloche.com\/","logo":{"@id":"https:\/\/centroreservasbariloche.com\/product\/rafting-rio-manso-sin-traslado-bariloche#local-main-organization-logo"},"image":{"@id":"https:\/\/centroreservasbariloche.com\/product\/rafting-rio-manso-sin-traslado-bariloche#local-main-organization-logo"},"sameAs":["https:\/\/www.facebook.com\/centroreservasbariloche"],"description":"Temos o compromisso de proporcionar a voc\u00ea uma experi\u00eancia inesquec\u00edvel, cheia de aventura, beleza natural e descobertas. Quer seja sua primeira visita a Bariloche ou se j\u00e1 teve o prazer de conhec\u00ea-la, temos certeza de que encontrar\u00e1 em nossas excurs\u00f5es a oportunidade de criar mem\u00f3rias duradouras.","legalName":"Centro Reservas Bariloche","address":{"@id":"https:\/\/centroreservasbariloche.com\/product\/rafting-rio-manso-sin-traslado-bariloche#local-main-place-address"},"telephone":[],"openingHoursSpecification":[{"@type":"OpeningHoursSpecification","dayOfWeek":["Monday","Tuesday","Wednesday","Thursday","Friday","Saturday","Sunday"],"opens":"09:00","closes":"17:00"}],"priceRange":"$$"},{"@type":"PostalAddress","@id":"https:\/\/centroreservasbariloche.com\/product\/rafting-rio-manso-sin-traslado-bariloche#local-main-place-address","streetAddress":"Mitre 131","addressLocality":"San Carlos de Bariloche","postalCode":"8400","addressRegion":"R\u00edo Negro","addressCountry":"AR"},{"@type":"ImageObject","inLanguage":"pt-BR","@id":"https:\/\/centroreservasbariloche.com\/product\/rafting-rio-manso-sin-traslado-bariloche#local-main-organization-logo","url":"https:\/\/buck.getjasper.digital\/2025\/06\/centro-de-reservas-2-1.png","contentUrl":"https:\/\/buck.getjasper.digital\/2025\/06\/centro-de-reservas-2-1.png","width":512,"height":512,"caption":"Centro Reservas Bariloche"}]},"product_price_amount":"75000.00","product_price_currency":"ARS","og_availability":"instock","product_availability":"instock","product_retailer_item_id":"ADV2025RALIENTUFA","product_condition":"new","geo.placename":"San Carlos de Bariloche","geo.region":"Argentina"},"_links":{"self":[{"href":"https:\/\/centroreservasbariloche.com\/pt\/wp-json\/wp\/v2\/product\/230732","targetHints":{"allow":["GET"]}}],"collection":[{"href":"https:\/\/centroreservasbariloche.com\/pt\/wp-json\/wp\/v2\/product"}],"about":[{"href":"https:\/\/centroreservasbariloche.com\/pt\/wp-json\/wp\/v2\/types\/product"}],"replies":[{"embeddable":true,"href":"https:\/\/centroreservasbariloche.com\/pt\/wp-json\/wp\/v2\/comments?post=230732"}],"wp:featuredmedia":[{"embeddable":true,"href":"https:\/\/centroreservasbariloche.com\/pt\/wp-json\/wp\/v2\/media\/231543"}],"wp:attachment":[{"href":"https:\/\/centroreservasbariloche.com\/pt\/wp-json\/wp\/v2\/media?parent=230732"}],"wp:term":[{"taxonomy":"product_brand","embeddable":true,"href":"https:\/\/centroreservasbariloche.com\/pt\/wp-json\/wp\/v2\/product_brand?post=230732"},{"taxonomy":"product_cat","embeddable":true,"href":"https:\/\/centroreservasbariloche.com\/pt\/wp-json\/wp\/v2\/product_cat?post=230732"},{"taxonomy":"product_tag","embeddable":true,"href":"https:\/\/centroreservasbariloche.com\/pt\/wp-json\/wp\/v2\/product_tag?post=230732"}],"curies":[{"name":"wp","href":"https:\/\/api.w.org\/{rel}","templated":true}]}}