{"id":230733,"date":"2025-04-04T15:53:08","date_gmt":"2025-04-04T18:53:08","guid":{"rendered":"https:\/\/centroreservasbariloche.com\/?post_type=product&#038;p=230733"},"modified":"2026-04-14T10:58:54","modified_gmt":"2026-04-14T13:58:54","slug":"aventura-en-el-rio-manso","status":"publish","type":"product","link":"https:\/\/centroreservasbariloche.com\/pt\/product\/aventura-no-rio-manso","title":{"rendered":"Aventura no Rio Manso"},"content":{"rendered":"<h2>Rafting seguro e acess\u00edvel para todas as idades<\/h2>\n<p>Descubra o encanto do Rio Manso com uma atividade perfeita para todas as idades. Esse passeio de rafting de 6 quil\u00f4metros em \u00e1guas de grau I e II combina seguran\u00e7a, divers\u00e3o e a oportunidade de se conectar com a natureza patag\u00f4nica. \u00c9 uma op\u00e7\u00e3o ideal para fam\u00edlias, grupos escolares ou grupos que desejam uma experi\u00eancia ativa e acess\u00edvel.<\/p>\n<p data-start=\"989\" data-end=\"1296\">O passeio come\u00e7a no ponto de encontro, onde nossos guias profissionais lhe dar\u00e3o as boas-vindas e fornecer\u00e3o o equipamento necess\u00e1rio: roupa de mergulho, capacete, colete salva-vidas e outros equipamentos de seguran\u00e7a. Antes de partir, voc\u00ea receber\u00e1 uma breve instru\u00e7\u00e3o para garantir uma navega\u00e7\u00e3o segura e agrad\u00e1vel.<\/p>\n<p data-start=\"1298\" data-end=\"1570\">Durante cerca de uma hora e meia, voc\u00ea navegar\u00e1 por paisagens de florestas e montanhas, com trechos de correnteza suave, perfeitos para fotografia e contempla\u00e7\u00e3o. No final, o Parador ser\u00e1 o local ideal para descansar e compartilhar impress\u00f5es antes da viagem de volta.<\/p>\n<ul data-start=\"419\" data-end=\"611\">\n<li data-start=\"419\" data-end=\"494\">\n<p data-start=\"421\" data-end=\"494\">Se\u00e7\u00e3o tranquila, ideal para fam\u00edlias, grupos escolares e iniciantes.<\/p>\n<\/li>\n<li data-start=\"495\" data-end=\"551\">\n<p data-start=\"497\" data-end=\"551\">Guias certificados e equipamento completo inclu\u00eddos.<\/p>\n<\/li>\n<li data-start=\"552\" data-end=\"611\">\n<p data-start=\"554\" data-end=\"611\">Navegando em um ambiente natural \u00fanico na Patag\u00f4nia.<\/p>\n<\/li>\n<\/ul>\n<p data-start=\"1572\" data-end=\"1598\"><strong data-start=\"1572\" data-end=\"1596\">Informa\u00e7\u00f5es pr\u00e1ticas<\/strong><\/p>\n<ul data-start=\"1599\" data-end=\"1943\">\n<li data-start=\"1599\" data-end=\"1650\">\n<p data-start=\"1601\" data-end=\"1650\">Hor\u00e1rios: Sa\u00eddas pela manh\u00e3 e \u00e0 tarde.<\/p>\n<\/li>\n<li data-start=\"1651\" data-end=\"1707\">\n<p data-start=\"1653\" data-end=\"1707\">Dura\u00e7\u00e3o: Meio dia (1h 30min de navega\u00e7\u00e3o aprox.).<\/p>\n<\/li>\n<li data-start=\"1708\" data-end=\"1795\">\n<p data-start=\"1710\" data-end=\"1795\">Ponto de encontro: Centro da cidade de Bariloche ou local a ser combinado. Traslados dispon\u00edveis. Se voc\u00ea quiser ir por conta pr\u00f3pria, deve estar em nossa parada onde a excurs\u00e3o de rafting \u00e9 realizada na Base Villegas, Rota 83 Km 1. <a class=\"theme markdown__link\" href=\"https:\/\/maps.app.goo.gl\/NqbsUN6VB5Fnt7hVA\" target=\"_blank\" rel=\"noopener noreferrer\">https:\/\/maps.app.goo.gl\/NqbsUN6VB5Fnt7hVA<\/a> este \u00e9 o link para a localiza\u00e7\u00e3o do parador.<\/p>\n<\/li>\n<li data-start=\"1796\" data-end=\"1890\">\n<p data-start=\"1798\" data-end=\"1890\">Inclui: Guias certificados, equipamento completo, seguro da atividade. Traslado opcional.<\/p>\n<\/li>\n<li data-start=\"1891\" data-end=\"1943\">\n<p data-start=\"1893\" data-end=\"1943\">N\u00e3o inclui: refei\u00e7\u00f5es, bebidas, despesas pessoais.<\/p>\n<\/li>\n<\/ul>\n<p data-start=\"1945\" data-end=\"1971\"><strong data-start=\"1945\" data-end=\"1969\">Perguntas frequentes<\/strong><\/p>\n<ul data-start=\"1972\" data-end=\"2242\">\n<li data-start=\"1972\" data-end=\"2022\">\n<p data-start=\"1974\" data-end=\"2022\">\u00c9 adequado para crian\u00e7as? Sim, a partir de 5 anos de idade.<\/p>\n<\/li>\n<li data-start=\"2023\" data-end=\"2088\">\n<p data-start=\"2025\" data-end=\"2088\">Preciso de experi\u00eancia anterior? N\u00e3o, ele \u00e9 adequado para iniciantes.<\/p>\n<\/li>\n<li data-start=\"2089\" data-end=\"2157\">\n<p data-start=\"2091\" data-end=\"2157\">O que devo levar? Toalha, roupas secas e cal\u00e7ados que possam ser molhados.<\/p>\n<\/li>\n<li data-start=\"2158\" data-end=\"2242\">\n<p data-start=\"2160\" data-end=\"2242\">A viagem \u00e9 cancelada devido ao mau tempo? Somente em casos excepcionais; a partida \u00e9 remarcada.<\/p>\n<\/li>\n<\/ul>","protected":false},"excerpt":{"rendered":"<p>O rafting leve no Rio Manso oferece uma viagem segura e fascinante para iniciantes e fam\u00edlias. Desfrute de 6 km de paisagens majestosas em um ambiente natural incompar\u00e1vel.<\/p>","protected":false},"featured_media":231472,"comment_status":"open","ping_status":"closed","template":"","meta":[],"product_brand":[],"product_cat":[38,39,32,53,40,52,54,36,51],"product_tag":[],"class_list":{"0":"post-230733","1":"product","2":"type-product","3":"status-publish","4":"has-post-thumbnail","6":"product_cat-adultos","7":"product_cat-aventura","8":"product_cat-familia","9":"product_cat-ninos","10":"product_cat-con-traslado","11":"product_cat-otono","12":"product_cat-primavera","13":"product_cat-sin-comida","14":"product_cat-verano","16":"first","17":"instock","18":"virtual","19":"sold-individually","20":"purchasable","21":"product-type-booking"},"booking_location":"","booking_location_type":"","booking_duration":1,"booking_duration_unit":"hour","booking_buffer":0,"booking_cost":0,"booking_resources":[],"exclude_global_add_ons":false,"addons":[{"name":"ADU: Adulto","type":"input_multiplier","position":0,"required":false,"title_format":"label","default":"","description_enable":false,"description":"","placeholder_enable":false,"placeholder":"","display":"select","restrictions_type":"any_text","adjust_price":true,"price":"90000","price_type":"quantity_based","restrictions":false,"min":"0","max":"0","options":[],"id":1773236862},{"name":"EXTRA: acompanhante","type":"input_multiplier","position":1,"required":false,"title_format":"label","default":"","description_enable":false,"description":"","placeholder_enable":false,"placeholder":"","display":"select","restrictions_type":"any_text","adjust_price":true,"price":"45000","price_type":"quantity_based","restrictions":false,"min":"0","max":"0","options":[],"id":1773236863},{"name":"MEN512 | 5 a 12","type":"input_multiplier","position":2,"required":false,"title_format":"label","default":"","description_enable":false,"description":"","placeholder_enable":false,"placeholder":"","display":"select","restrictions_type":"any_text","adjust_price":true,"price":"90000","price_type":"quantity_based","restrictions":false,"min":"0","max":"0","options":[],"id":1773236864}],"yoast_head":"<!-- This site is optimized with the Yoast SEO Premium plugin v24.5 (Yoast SEO v24.8) - https:\/\/yoast.com\/wordpress\/plugins\/seo\/ -->\n<title>Rafting Light R\u00edo Manso | Aventura Familiar en Bariloche - Centro Reservas Bariloche Patagonia Argentina<\/title>\n<meta name=\"description\" content=\"Rafting en el R\u00edo Manso, Bariloche. Actividad segura para familias y grupos. Navegaci\u00f3n tranquila con gu\u00edas profesionales y vistas \u00fanicas de la Patagonia.\" \/>\n<meta name=\"robots\" content=\"index, follow, max-snippet:-1, max-image-preview:large, max-video-preview:-1\" \/>\n<link rel=\"canonical\" href=\"https:\/\/centroreservasbariloche.com\/pt\/product\/aventura-no-rio-manso\/\" \/>\n<meta property=\"og:locale\" content=\"pt_BR\" \/>\n<meta property=\"og:type\" content=\"article\" \/>\n<meta property=\"og:title\" content=\"Aventura en el R\u00edo Manso\" \/>\n<meta property=\"og:description\" content=\"Rafting en el R\u00edo Manso, Bariloche. Actividad segura para familias y grupos. Navegaci\u00f3n tranquila con gu\u00edas profesionales y vistas \u00fanicas de la Patagonia.\" \/>\n<meta property=\"og:url\" content=\"https:\/\/centroreservasbariloche.com\/pt\/product\/aventura-no-rio-manso\/\" \/>\n<meta property=\"og:site_name\" content=\"Centro Reservas Bariloche Patagonia Argentina\" \/>\n<meta property=\"article:publisher\" content=\"https:\/\/www.facebook.com\/centroreservasbariloche\" \/>\n<meta property=\"article:modified_time\" content=\"2026-04-14T13:58:54+00:00\" \/>\n<meta property=\"og:image\" content=\"https:\/\/buck.getjasper.digital\/2025\/04\/5-A-IMG_5172-copia-scaled.jpg\" \/>\n\t<meta property=\"og:image:width\" content=\"1920\" \/>\n\t<meta property=\"og:image:height\" content=\"2560\" \/>\n\t<meta property=\"og:image:type\" content=\"image\/jpeg\" \/>\n<meta name=\"twitter:card\" content=\"summary_large_image\" \/>\n<meta name=\"twitter:label1\" content=\"Pre\u00e7o\" \/>\n\t<meta name=\"twitter:data1\" content=\"&#036;&nbsp;90.000,00\" \/>\n\t<meta name=\"twitter:label2\" content=\"Disponibilidade\" \/>\n\t<meta name=\"twitter:data2\" content=\"Em Estoque\" \/>\n<script type=\"application\/ld+json\" class=\"yoast-schema-graph\">{\"@context\":\"https:\/\/schema.org\",\"@graph\":[{\"@type\":[\"WebPage\",\"ItemPage\"],\"@id\":\"https:\/\/centroreservasbariloche.com\/product\/aventura-en-el-rio-manso\",\"url\":\"https:\/\/centroreservasbariloche.com\/product\/aventura-en-el-rio-manso\",\"name\":\"Rafting Light R\u00edo Manso | Aventura Familiar en Bariloche - Centro Reservas Bariloche Patagonia Argentina\",\"isPartOf\":{\"@id\":\"https:\/\/centroreservasbariloche.com\/#website\"},\"primaryImageOfPage\":{\"@id\":\"https:\/\/centroreservasbariloche.com\/product\/aventura-en-el-rio-manso#primaryimage\"},\"image\":{\"@id\":\"https:\/\/centroreservasbariloche.com\/product\/aventura-en-el-rio-manso#primaryimage\"},\"thumbnailUrl\":\"https:\/\/buck.getjasper.digital\/2025\/04\/5-A-IMG_5172-copia-scaled.jpg\",\"datePublished\":\"2025-04-04T18:53:08+00:00\",\"dateModified\":\"2026-04-14T13:58:54+00:00\",\"description\":\"Rafting en el R\u00edo Manso, Bariloche. Actividad segura para familias y grupos. Navegaci\u00f3n tranquila con gu\u00edas profesionales y vistas \u00fanicas de la Patagonia.\",\"breadcrumb\":{\"@id\":\"https:\/\/centroreservasbariloche.com\/product\/aventura-en-el-rio-manso#breadcrumb\"},\"inLanguage\":\"pt-BR\",\"potentialAction\":[{\"@type\":\"ReadAction\",\"target\":[\"https:\/\/centroreservasbariloche.com\/product\/aventura-en-el-rio-manso\"]}]},{\"@type\":\"ImageObject\",\"inLanguage\":\"pt-BR\",\"@id\":\"https:\/\/centroreservasbariloche.com\/product\/aventura-en-el-rio-manso#primaryimage\",\"url\":\"https:\/\/buck.getjasper.digital\/2025\/04\/5-A-IMG_5172-copia-scaled.jpg\",\"contentUrl\":\"https:\/\/buck.getjasper.digital\/2025\/04\/5-A-IMG_5172-copia-scaled.jpg\",\"width\":1920,\"height\":2560},{\"@type\":\"BreadcrumbList\",\"@id\":\"https:\/\/centroreservasbariloche.com\/product\/aventura-en-el-rio-manso#breadcrumb\",\"itemListElement\":[{\"@type\":\"ListItem\",\"position\":1,\"name\":\"Home\",\"item\":\"https:\/\/centroreservasbariloche.com\/\"},{\"@type\":\"ListItem\",\"position\":2,\"name\":\"Nuestras actividades\",\"item\":\"https:\/\/centroreservasbariloche.com\/shop\"},{\"@type\":\"ListItem\",\"position\":3,\"name\":\"Aventura en el R\u00edo Manso\"}]},{\"@type\":\"WebSite\",\"@id\":\"https:\/\/centroreservasbariloche.com\/#website\",\"url\":\"https:\/\/centroreservasbariloche.com\/\",\"name\":\"Centro Reservas Bariloche Patagonia Argentina\",\"description\":\"Centro Reservas Bariloche Patagonia\",\"publisher\":{\"@id\":\"https:\/\/centroreservasbariloche.com\/#organization\"},\"alternateName\":\"tur centra bariloche\",\"potentialAction\":[{\"@type\":\"SearchAction\",\"target\":{\"@type\":\"EntryPoint\",\"urlTemplate\":\"https:\/\/centroreservasbariloche.com\/?s={search_term_string}\"},\"query-input\":{\"@type\":\"PropertyValueSpecification\",\"valueRequired\":true,\"valueName\":\"search_term_string\"}}],\"inLanguage\":\"pt-BR\"},{\"@type\":[\"Organization\",\"Place\",\"TravelAgency\"],\"@id\":\"https:\/\/centroreservasbariloche.com\/#organization\",\"name\":\"Centro Reservas Bariloche\",\"alternateName\":\"Centro de Reservas\",\"url\":\"https:\/\/centroreservasbariloche.com\/\",\"logo\":{\"@id\":\"https:\/\/centroreservasbariloche.com\/product\/aventura-en-el-rio-manso#local-main-organization-logo\"},\"image\":{\"@id\":\"https:\/\/centroreservasbariloche.com\/product\/aventura-en-el-rio-manso#local-main-organization-logo\"},\"sameAs\":[\"https:\/\/www.facebook.com\/centroreservasbariloche\"],\"description\":\"Estamos comprometidos en brindarles una experiencia inolvidable, llena de aventura, belleza natural y descubrimientos. No importa si es su primera visita a Bariloche o si ya ha tenido el placer de conocerla, estamos seguros de que encontrar\u00e1 en nuestras excursiones la oportunidad de crear recuerdos duraderos.\",\"legalName\":\"Centro Reservas Bariloche\",\"address\":{\"@id\":\"https:\/\/centroreservasbariloche.com\/product\/aventura-en-el-rio-manso#local-main-place-address\"},\"telephone\":[],\"openingHoursSpecification\":[{\"@type\":\"OpeningHoursSpecification\",\"dayOfWeek\":[\"Monday\",\"Tuesday\",\"Wednesday\",\"Thursday\",\"Friday\",\"Saturday\",\"Sunday\"],\"opens\":\"09:00\",\"closes\":\"17:00\"}],\"priceRange\":\"$$\"},{\"@type\":\"PostalAddress\",\"@id\":\"https:\/\/centroreservasbariloche.com\/product\/aventura-en-el-rio-manso#local-main-place-address\",\"streetAddress\":\"Mitre 131\",\"addressLocality\":\"San Carlos de Bariloche\",\"postalCode\":\"8400\",\"addressRegion\":\"R\u00edo Negro\",\"addressCountry\":\"AR\"},{\"@type\":\"ImageObject\",\"inLanguage\":\"pt-BR\",\"@id\":\"https:\/\/centroreservasbariloche.com\/product\/aventura-en-el-rio-manso#local-main-organization-logo\",\"url\":\"https:\/\/buck.getjasper.digital\/2025\/06\/centro-de-reservas-2-1.png\",\"contentUrl\":\"https:\/\/buck.getjasper.digital\/2025\/06\/centro-de-reservas-2-1.png\",\"width\":512,\"height\":512,\"caption\":\"Centro Reservas Bariloche\"}]}<\/script>\n<meta property=\"product:price:amount\" content=\"90000.00\" \/>\n<meta property=\"product:price:currency\" content=\"ARS\" \/>\n<meta property=\"og:availability\" content=\"instock\" \/>\n<meta property=\"product:availability\" content=\"instock\" \/>\n<meta property=\"product:retailer_item_id\" content=\"ADV2025RALIENP3DA\" \/>\n<meta property=\"product:condition\" content=\"new\" \/>\n<meta name=\"geo.placename\" content=\"San Carlos de Bariloche\" \/>\n<meta name=\"geo.region\" content=\"Argentina\" \/>\n<!-- \/ Yoast SEO Premium plugin. -->","yoast_head_json":{"title":"Rafting no Rio Manso: Aventura em fam\u00edlia em Bariloche - Centro Reservas Bariloche Patag\u00f4nia Argentina","description":"Rafting no Rio Manso, Bariloche. Atividade segura para fam\u00edlias e grupos. Navega\u00e7\u00e3o tranquila com guias profissionais e vistas \u00fanicas da Patag\u00f4nia.","robots":{"index":"index","follow":"follow","max-snippet":"max-snippet:-1","max-image-preview":"max-image-preview:large","max-video-preview":"max-video-preview:-1"},"canonical":"https:\/\/centroreservasbariloche.com\/pt\/product\/aventura-no-rio-manso\/","og_locale":"pt_BR","og_type":"article","og_title":"Aventura en el R\u00edo Manso","og_description":"Rafting en el R\u00edo Manso, Bariloche. Actividad segura para familias y grupos. Navegaci\u00f3n tranquila con gu\u00edas profesionales y vistas \u00fanicas de la Patagonia.","og_url":"https:\/\/centroreservasbariloche.com\/pt\/product\/aventura-no-rio-manso\/","og_site_name":"Centro Reservas Bariloche Patagonia Argentina","article_publisher":"https:\/\/www.facebook.com\/centroreservasbariloche","article_modified_time":"2026-04-14T13:58:54+00:00","og_image":[{"width":1920,"height":2560,"url":"https:\/\/buck.getjasper.digital\/2025\/04\/5-A-IMG_5172-copia-scaled.jpg","type":"image\/jpeg"}],"twitter_card":"summary_large_image","twitter_misc":{"Pre\u00e7o":"&#36;&nbsp;90.000,00","Disponibilidade":"Em Estoque"},"schema":{"@context":"https:\/\/schema.org","@graph":[{"@type":["WebPage","ItemPage"],"@id":"https:\/\/centroreservasbariloche.com\/product\/aventura-en-el-rio-manso","url":"https:\/\/centroreservasbariloche.com\/product\/aventura-en-el-rio-manso","name":"Rafting no Rio Manso: Aventura em fam\u00edlia em Bariloche - Centro Reservas Bariloche Patag\u00f4nia Argentina","isPartOf":{"@id":"https:\/\/centroreservasbariloche.com\/#website"},"primaryImageOfPage":{"@id":"https:\/\/centroreservasbariloche.com\/product\/aventura-en-el-rio-manso#primaryimage"},"image":{"@id":"https:\/\/centroreservasbariloche.com\/product\/aventura-en-el-rio-manso#primaryimage"},"thumbnailUrl":"https:\/\/buck.getjasper.digital\/2025\/04\/5-A-IMG_5172-copia-scaled.jpg","datePublished":"2025-04-04T18:53:08+00:00","dateModified":"2026-04-14T13:58:54+00:00","description":"Rafting no Rio Manso, Bariloche. Atividade segura para fam\u00edlias e grupos. Navega\u00e7\u00e3o tranquila com guias profissionais e vistas \u00fanicas da Patag\u00f4nia.","breadcrumb":{"@id":"https:\/\/centroreservasbariloche.com\/product\/aventura-en-el-rio-manso#breadcrumb"},"inLanguage":"pt-BR","potentialAction":[{"@type":"ReadAction","target":["https:\/\/centroreservasbariloche.com\/product\/aventura-en-el-rio-manso"]}]},{"@type":"ImageObject","inLanguage":"pt-BR","@id":"https:\/\/centroreservasbariloche.com\/product\/aventura-en-el-rio-manso#primaryimage","url":"https:\/\/buck.getjasper.digital\/2025\/04\/5-A-IMG_5172-copia-scaled.jpg","contentUrl":"https:\/\/buck.getjasper.digital\/2025\/04\/5-A-IMG_5172-copia-scaled.jpg","width":1920,"height":2560},{"@type":"BreadcrumbList","@id":"https:\/\/centroreservasbariloche.com\/product\/aventura-en-el-rio-manso#breadcrumb","itemListElement":[{"@type":"ListItem","position":1,"name":"Home","item":"https:\/\/centroreservasbariloche.com\/"},{"@type":"ListItem","position":2,"name":"Nuestras actividades","item":"https:\/\/centroreservasbariloche.com\/shop"},{"@type":"ListItem","position":3,"name":"Aventura en el R\u00edo Manso"}]},{"@type":"WebSite","@id":"https:\/\/centroreservasbariloche.com\/#website","url":"https:\/\/centroreservasbariloche.com\/","name":"Centro de Reservas de Bariloche Patag\u00f4nia Argentina","description":"Central de Reservas de Bariloche Patag\u00f4nia","publisher":{"@id":"https:\/\/centroreservasbariloche.com\/#organization"},"alternateName":"tur centra bariloche","potentialAction":[{"@type":"SearchAction","target":{"@type":"EntryPoint","urlTemplate":"https:\/\/centroreservasbariloche.com\/?s={search_term_string}"},"query-input":{"@type":"PropertyValueSpecification","valueRequired":true,"valueName":"search_term_string"}}],"inLanguage":"pt-BR"},{"@type":["Organization","Place","TravelAgency"],"@id":"https:\/\/centroreservasbariloche.com\/#organization","name":"Centro de Reservas de Bariloche","alternateName":"Centro de Reservas","url":"https:\/\/centroreservasbariloche.com\/","logo":{"@id":"https:\/\/centroreservasbariloche.com\/product\/aventura-en-el-rio-manso#local-main-organization-logo"},"image":{"@id":"https:\/\/centroreservasbariloche.com\/product\/aventura-en-el-rio-manso#local-main-organization-logo"},"sameAs":["https:\/\/www.facebook.com\/centroreservasbariloche"],"description":"Temos o compromisso de proporcionar a voc\u00ea uma experi\u00eancia inesquec\u00edvel, cheia de aventura, beleza natural e descobertas. Quer seja sua primeira visita a Bariloche ou se j\u00e1 teve o prazer de conhec\u00ea-la, temos certeza de que encontrar\u00e1 em nossas excurs\u00f5es a oportunidade de criar mem\u00f3rias duradouras.","legalName":"Centro Reservas Bariloche","address":{"@id":"https:\/\/centroreservasbariloche.com\/product\/aventura-en-el-rio-manso#local-main-place-address"},"telephone":[],"openingHoursSpecification":[{"@type":"OpeningHoursSpecification","dayOfWeek":["Monday","Tuesday","Wednesday","Thursday","Friday","Saturday","Sunday"],"opens":"09:00","closes":"17:00"}],"priceRange":"$$"},{"@type":"PostalAddress","@id":"https:\/\/centroreservasbariloche.com\/product\/aventura-en-el-rio-manso#local-main-place-address","streetAddress":"Mitre 131","addressLocality":"San Carlos de Bariloche","postalCode":"8400","addressRegion":"R\u00edo Negro","addressCountry":"AR"},{"@type":"ImageObject","inLanguage":"pt-BR","@id":"https:\/\/centroreservasbariloche.com\/product\/aventura-en-el-rio-manso#local-main-organization-logo","url":"https:\/\/buck.getjasper.digital\/2025\/06\/centro-de-reservas-2-1.png","contentUrl":"https:\/\/buck.getjasper.digital\/2025\/06\/centro-de-reservas-2-1.png","width":512,"height":512,"caption":"Centro Reservas Bariloche"}]},"product_price_amount":"90000.00","product_price_currency":"ARS","og_availability":"instock","product_availability":"instock","product_retailer_item_id":"ADV2025RALIENP3DA","product_condition":"new","geo.placename":"San Carlos de Bariloche","geo.region":"Argentina"},"_links":{"self":[{"href":"https:\/\/centroreservasbariloche.com\/pt\/wp-json\/wp\/v2\/product\/230733","targetHints":{"allow":["GET"]}}],"collection":[{"href":"https:\/\/centroreservasbariloche.com\/pt\/wp-json\/wp\/v2\/product"}],"about":[{"href":"https:\/\/centroreservasbariloche.com\/pt\/wp-json\/wp\/v2\/types\/product"}],"replies":[{"embeddable":true,"href":"https:\/\/centroreservasbariloche.com\/pt\/wp-json\/wp\/v2\/comments?post=230733"}],"wp:featuredmedia":[{"embeddable":true,"href":"https:\/\/centroreservasbariloche.com\/pt\/wp-json\/wp\/v2\/media\/231472"}],"wp:attachment":[{"href":"https:\/\/centroreservasbariloche.com\/pt\/wp-json\/wp\/v2\/media?parent=230733"}],"wp:term":[{"taxonomy":"product_brand","embeddable":true,"href":"https:\/\/centroreservasbariloche.com\/pt\/wp-json\/wp\/v2\/product_brand?post=230733"},{"taxonomy":"product_cat","embeddable":true,"href":"https:\/\/centroreservasbariloche.com\/pt\/wp-json\/wp\/v2\/product_cat?post=230733"},{"taxonomy":"product_tag","embeddable":true,"href":"https:\/\/centroreservasbariloche.com\/pt\/wp-json\/wp\/v2\/product_tag?post=230733"}],"curies":[{"name":"wp","href":"https:\/\/api.w.org\/{rel}","templated":true}]}}