{"id":230735,"date":"2025-04-04T15:53:38","date_gmt":"2025-04-04T18:53:38","guid":{"rendered":"https:\/\/centroreservasbariloche.com\/?post_type=product&#038;p=230735"},"modified":"2026-04-09T09:14:32","modified_gmt":"2026-04-09T12:14:32","slug":"circuito-chico-cerro-campanario-bariloche","status":"publish","type":"product","link":"https:\/\/centroreservasbariloche.com\/pt\/product\/pequeno-circuito-cerro-campanario-bariloche","title":{"rendered":"Circuito Chico e Cerro Campanario: a ess\u00eancia de Bariloche em meio dia"},"content":{"rendered":"<h3 data-start=\"363\" data-end=\"462\"><strong data-start=\"367\" data-end=\"462\">Conhe\u00e7a a alma de Bariloche em um passeio imperd\u00edvel por suas paisagens mais representativas.<\/strong><\/h3>\n<p data-start=\"464\" data-end=\"728\">Esse passeio \u00e9 o mais recomendado para quem visita Bariloche pela primeira vez e deseja se conectar com suas paisagens ic\u00f4nicas em uma excurs\u00e3o confort\u00e1vel e bem organizada. \u00c9 ideal para grupos, fam\u00edlias ou viajantes que buscam uma experi\u00eancia completa sem complica\u00e7\u00f5es.<\/p>\n<p data-start=\"730\" data-end=\"1130\">Partindo de pontos de encontro pr\u00f3ximos \u00e0 sua acomoda\u00e7\u00e3o, entre o centro de Bariloche e o quil\u00f4metro 8 da Av. Bustillo ou Av. Pioneros, iniciamos um passeio panor\u00e2mico ao longo da impressionante <strong data-start=\"921\" data-end=\"942\">Lago Nahuel Huapi<\/strong>. Ao longo do caminho, voc\u00ea ver\u00e1 o hist\u00f3rico <strong data-start=\"988\" data-end=\"1007\">Hotel Llao Llao<\/strong>, o <strong data-start=\"1012\" data-end=\"1035\">Capela de S\u00e3o Eduardo<\/strong> e o <strong data-start=\"1041\" data-end=\"1059\">Puerto Pa\u00f1uelo<\/strong>, Muitas das excurs\u00f5es mais populares para o lago partem daqui.<\/p>\n<p data-start=\"1132\" data-end=\"1315\">Continuamos em \u00e1reas como <strong data-start=\"1158\" data-end=\"1173\">Vila Tacul<\/strong>, o <strong data-start=\"1178\" data-end=\"1196\">Lago escondido<\/strong> e o <strong data-start=\"1202\" data-end=\"1217\">Cerro L\u00f3pez<\/strong>, Faremos uma parada para tirar fotos e apreciar a paisagem do Parque Nacional Nahuel Huapi.<\/p>\n<p data-start=\"1317\" data-end=\"1534\">A excurs\u00e3o termina com a possibilidade de uma subida de telef\u00e9rico at\u00e9 o <strong data-start=\"1386\" data-end=\"1406\">Cerro Campanario<\/strong>, conhecido por sua vista panor\u00e2mica de 360\u00b0 sobre lagos, montanhas e vales. Uma experi\u00eancia visual que ficar\u00e1 em sua mem\u00f3ria.<\/p>\n<p data-start=\"1536\" data-end=\"1802\">Os hor\u00e1rios dispon\u00edveis s\u00e3o das 8h30min \u00e0s 12h30min ou das 15h \u00e0s 19h. A experi\u00eancia inclui transporte e um guia profissional em espanhol. Se precisar de um guia bil\u00edngue, voc\u00ea pode solicitar um por um custo adicional. A alimenta\u00e7\u00e3o e o ingresso para subir o campan\u00e1rio n\u00e3o est\u00e3o inclu\u00eddos.<\/p>\n<h3 data-start=\"1809\" data-end=\"1837\"><strong data-start=\"1813\" data-end=\"1837\">Perguntas frequentes<\/strong><\/h3>\n<p data-start=\"1839\" data-end=\"2031\"><strong data-start=\"1839\" data-end=\"1877\">De onde come\u00e7a a transfer\u00eancia?<\/strong><br data-start=\"1877\" data-end=\"1880\" \/>O traslado \u00e9 realizado a partir de pontos de encontro definidos entre o centro de Bariloche e as \u00e1reas pr\u00f3ximas ao longo da Av. Bustillo e da Av. Pioneros at\u00e9 o km 8.<\/p>\n<p data-start=\"2033\" data-end=\"2154\"><strong data-start=\"2033\" data-end=\"2077\">A subida ao Belfry est\u00e1 inclu\u00edda?<\/strong><br data-start=\"2077\" data-end=\"2080\" \/>N\u00e3o. O telef\u00e9rico \u00e9 opcional e o ingresso \u00e9 pago diretamente no local.<\/p>\n<p data-start=\"2156\" data-end=\"2283\"><strong data-start=\"2156\" data-end=\"2188\">\u00c9 necess\u00e1rio caminhar muito?<\/strong><br data-start=\"2188\" data-end=\"2191\" \/>N\u00e3o, \u00e9 um passeio principalmente veicular, com paradas curtas. Adequado para todas as idades.<\/p>\n<p data-start=\"2285\" data-end=\"2432\"><strong data-start=\"2285\" data-end=\"2315\">Ele \u00e9 destinado a grupos?<\/strong><br data-start=\"2315\" data-end=\"2318\" \/>Sim, esse passeio \u00e9 ideal para grupos organizados, seja para turismo geral, estudantes ou turismo corporativo.<\/p>","protected":false},"excerpt":{"rendered":"<p>Mergulhe em uma experi\u00eancia \u00fanica com o Circuito Chico e o Cerro Campanario em Bariloche. Descubra a beleza do <strong>Avenida Bustillo<\/strong>, admirar o <strong>Hotel Llao Llao<\/strong> e d\u00ea uma olhada no <strong>Cerro Campanario<\/strong> para capturar vistas panor\u00e2micas de tirar o f\u00f4lego. Um itiner\u00e1rio que combina natureza majestosa, conforto e aventura.<\/p>","protected":false},"featured_media":231566,"comment_status":"open","ping_status":"closed","template":"","meta":[],"product_brand":[],"product_cat":[38,32,53,40,36,37,55],"product_tag":[],"class_list":{"0":"post-230735","1":"product","2":"type-product","3":"status-publish","4":"has-post-thumbnail","6":"product_cat-adultos","7":"product_cat-familia","8":"product_cat-ninos","9":"product_cat-con-traslado","10":"product_cat-sin-comida","11":"product_cat-terrestre","12":"product_cat-todo-el-ano-temporada","14":"first","15":"instock","16":"virtual","17":"sold-individually","18":"purchasable","19":"product-type-booking"},"booking_location":"","booking_location_type":"","booking_duration":1,"booking_duration_unit":"hour","booking_buffer":0,"booking_cost":0,"booking_resources":[],"exclude_global_add_ons":false,"addons":[{"name":"STD: Passageiros","type":"input_multiplier","position":0,"required":false,"title_format":"label","default":"","description_enable":false,"description":"","placeholder_enable":false,"placeholder":"","display":"select","restrictions_type":"any_text","adjust_price":true,"price":"23400","price_type":"flat_fee","restrictions":false,"min":"0","max":"0","options":[],"id":1773236982}],"yoast_head":"<!-- This site is optimized with the Yoast SEO Premium plugin v24.5 (Yoast SEO v24.8) - https:\/\/yoast.com\/wordpress\/plugins\/seo\/ -->\n<title>Circuito Chico y Cerro Campanario | Excursi\u00f3n en Bariloche - Centro Reservas Bariloche Patagonia Argentina<\/title>\n<meta name=\"description\" content=\"Recorr\u00e9 Circuito Chico y ascend\u00e9 al Cerro Campanario. Paisajes emblem\u00e1ticos de Bariloche con gu\u00eda y traslado incluido. Ideal para todo tipo de viajeros.\" \/>\n<meta name=\"robots\" content=\"index, follow, max-snippet:-1, max-image-preview:large, max-video-preview:-1\" \/>\n<link rel=\"canonical\" href=\"https:\/\/centroreservasbariloche.com\/pt\/product\/pequeno-circuito-cerro-campanario-bariloche\/\" \/>\n<meta property=\"og:locale\" content=\"pt_BR\" \/>\n<meta property=\"og:type\" content=\"article\" \/>\n<meta property=\"og:title\" content=\"Circuito Chico y Cerro Campanario: la esencia de Bariloche en medio d\u00eda\" \/>\n<meta property=\"og:description\" content=\"Recorr\u00e9 Circuito Chico y ascend\u00e9 al Cerro Campanario. Paisajes emblem\u00e1ticos de Bariloche con gu\u00eda y traslado incluido. Ideal para todo tipo de viajeros.\" \/>\n<meta property=\"og:url\" content=\"https:\/\/centroreservasbariloche.com\/pt\/product\/pequeno-circuito-cerro-campanario-bariloche\/\" \/>\n<meta property=\"og:site_name\" content=\"Centro Reservas Bariloche Patagonia Argentina\" \/>\n<meta property=\"article:publisher\" content=\"https:\/\/www.facebook.com\/centroreservasbariloche\" \/>\n<meta property=\"article:modified_time\" content=\"2026-04-09T12:14:32+00:00\" \/>\n<meta property=\"og:image\" content=\"https:\/\/buck.getjasper.digital\/2025\/04\/5-A-DSC_0032-scaled.jpg\" \/>\n\t<meta property=\"og:image:width\" content=\"1920\" \/>\n\t<meta property=\"og:image:height\" content=\"2560\" \/>\n\t<meta property=\"og:image:type\" content=\"image\/jpeg\" \/>\n<meta name=\"twitter:card\" content=\"summary_large_image\" \/>\n<meta name=\"twitter:label1\" content=\"Pre\u00e7o\" \/>\n\t<meta name=\"twitter:data1\" content=\"&#036;&nbsp;23.400,00\" \/>\n\t<meta name=\"twitter:label2\" content=\"Disponibilidade\" \/>\n\t<meta name=\"twitter:data2\" content=\"Em Estoque\" \/>\n<script type=\"application\/ld+json\" class=\"yoast-schema-graph\">{\"@context\":\"https:\/\/schema.org\",\"@graph\":[{\"@type\":[\"WebPage\",\"ItemPage\"],\"@id\":\"https:\/\/centroreservasbariloche.com\/product\/circuito-chico-cerro-campanario-bariloche\",\"url\":\"https:\/\/centroreservasbariloche.com\/product\/circuito-chico-cerro-campanario-bariloche\",\"name\":\"Circuito Chico y Cerro Campanario | Excursi\u00f3n en Bariloche - Centro Reservas Bariloche Patagonia Argentina\",\"isPartOf\":{\"@id\":\"https:\/\/centroreservasbariloche.com\/#website\"},\"primaryImageOfPage\":{\"@id\":\"https:\/\/centroreservasbariloche.com\/product\/circuito-chico-cerro-campanario-bariloche#primaryimage\"},\"image\":{\"@id\":\"https:\/\/centroreservasbariloche.com\/product\/circuito-chico-cerro-campanario-bariloche#primaryimage\"},\"thumbnailUrl\":\"https:\/\/buck.getjasper.digital\/2025\/04\/5-A-DSC_0032-scaled.jpg\",\"datePublished\":\"2025-04-04T18:53:38+00:00\",\"dateModified\":\"2026-04-09T12:14:32+00:00\",\"description\":\"Recorr\u00e9 Circuito Chico y ascend\u00e9 al Cerro Campanario. Paisajes emblem\u00e1ticos de Bariloche con gu\u00eda y traslado incluido. Ideal para todo tipo de viajeros.\",\"breadcrumb\":{\"@id\":\"https:\/\/centroreservasbariloche.com\/product\/circuito-chico-cerro-campanario-bariloche#breadcrumb\"},\"inLanguage\":\"pt-BR\",\"potentialAction\":[{\"@type\":\"ReadAction\",\"target\":[\"https:\/\/centroreservasbariloche.com\/product\/circuito-chico-cerro-campanario-bariloche\"]}]},{\"@type\":\"ImageObject\",\"inLanguage\":\"pt-BR\",\"@id\":\"https:\/\/centroreservasbariloche.com\/product\/circuito-chico-cerro-campanario-bariloche#primaryimage\",\"url\":\"https:\/\/buck.getjasper.digital\/2025\/04\/5-A-DSC_0032-scaled.jpg\",\"contentUrl\":\"https:\/\/buck.getjasper.digital\/2025\/04\/5-A-DSC_0032-scaled.jpg\",\"width\":1920,\"height\":2560},{\"@type\":\"BreadcrumbList\",\"@id\":\"https:\/\/centroreservasbariloche.com\/product\/circuito-chico-cerro-campanario-bariloche#breadcrumb\",\"itemListElement\":[{\"@type\":\"ListItem\",\"position\":1,\"name\":\"Home\",\"item\":\"https:\/\/centroreservasbariloche.com\/\"},{\"@type\":\"ListItem\",\"position\":2,\"name\":\"Nuestras actividades\",\"item\":\"https:\/\/centroreservasbariloche.com\/shop\"},{\"@type\":\"ListItem\",\"position\":3,\"name\":\"Circuito Chico y Cerro Campanario: la esencia de Bariloche en medio d\u00eda\"}]},{\"@type\":\"WebSite\",\"@id\":\"https:\/\/centroreservasbariloche.com\/#website\",\"url\":\"https:\/\/centroreservasbariloche.com\/\",\"name\":\"Centro Reservas Bariloche Patagonia Argentina\",\"description\":\"Centro Reservas Bariloche Patagonia\",\"publisher\":{\"@id\":\"https:\/\/centroreservasbariloche.com\/#organization\"},\"alternateName\":\"tur centra bariloche\",\"potentialAction\":[{\"@type\":\"SearchAction\",\"target\":{\"@type\":\"EntryPoint\",\"urlTemplate\":\"https:\/\/centroreservasbariloche.com\/?s={search_term_string}\"},\"query-input\":{\"@type\":\"PropertyValueSpecification\",\"valueRequired\":true,\"valueName\":\"search_term_string\"}}],\"inLanguage\":\"pt-BR\"},{\"@type\":[\"Organization\",\"Place\",\"TravelAgency\"],\"@id\":\"https:\/\/centroreservasbariloche.com\/#organization\",\"name\":\"Centro Reservas Bariloche\",\"alternateName\":\"Centro de Reservas\",\"url\":\"https:\/\/centroreservasbariloche.com\/\",\"logo\":{\"@id\":\"https:\/\/centroreservasbariloche.com\/product\/circuito-chico-cerro-campanario-bariloche#local-main-organization-logo\"},\"image\":{\"@id\":\"https:\/\/centroreservasbariloche.com\/product\/circuito-chico-cerro-campanario-bariloche#local-main-organization-logo\"},\"sameAs\":[\"https:\/\/www.facebook.com\/centroreservasbariloche\"],\"description\":\"Estamos comprometidos en brindarles una experiencia inolvidable, llena de aventura, belleza natural y descubrimientos. No importa si es su primera visita a Bariloche o si ya ha tenido el placer de conocerla, estamos seguros de que encontrar\u00e1 en nuestras excursiones la oportunidad de crear recuerdos duraderos.\",\"legalName\":\"Centro Reservas Bariloche\",\"address\":{\"@id\":\"https:\/\/centroreservasbariloche.com\/product\/circuito-chico-cerro-campanario-bariloche#local-main-place-address\"},\"telephone\":[],\"openingHoursSpecification\":[{\"@type\":\"OpeningHoursSpecification\",\"dayOfWeek\":[\"Monday\",\"Tuesday\",\"Wednesday\",\"Thursday\",\"Friday\",\"Saturday\",\"Sunday\"],\"opens\":\"09:00\",\"closes\":\"17:00\"}],\"priceRange\":\"$$\"},{\"@type\":\"PostalAddress\",\"@id\":\"https:\/\/centroreservasbariloche.com\/product\/circuito-chico-cerro-campanario-bariloche#local-main-place-address\",\"streetAddress\":\"Mitre 131\",\"addressLocality\":\"San Carlos de Bariloche\",\"postalCode\":\"8400\",\"addressRegion\":\"R\u00edo Negro\",\"addressCountry\":\"AR\"},{\"@type\":\"ImageObject\",\"inLanguage\":\"pt-BR\",\"@id\":\"https:\/\/centroreservasbariloche.com\/product\/circuito-chico-cerro-campanario-bariloche#local-main-organization-logo\",\"url\":\"https:\/\/buck.getjasper.digital\/2025\/06\/centro-de-reservas-2-1.png\",\"contentUrl\":\"https:\/\/buck.getjasper.digital\/2025\/06\/centro-de-reservas-2-1.png\",\"width\":512,\"height\":512,\"caption\":\"Centro Reservas Bariloche\"}]}<\/script>\n<meta property=\"product:price:amount\" content=\"23400.00\" \/>\n<meta property=\"product:price:currency\" content=\"ARS\" \/>\n<meta property=\"og:availability\" content=\"instock\" \/>\n<meta property=\"product:availability\" content=\"instock\" \/>\n<meta property=\"product:retailer_item_id\" content=\"ADV2025CICHYC1KOR\" \/>\n<meta property=\"product:condition\" content=\"new\" \/>\n<meta name=\"geo.placename\" content=\"San Carlos de Bariloche\" \/>\n<meta name=\"geo.region\" content=\"Argentina\" \/>\n<!-- \/ Yoast SEO Premium plugin. -->","yoast_head_json":{"title":"Circuito Chico e Cerro Campanario | Excurs\u00e3o em Bariloche - Centro Reservas Bariloche Patag\u00f4nia Argentina","description":"Passeio pelo Circuito Chico e subida ao Cerro Campanario. Paisagens emblem\u00e1ticas de Bariloche com guia e traslado inclu\u00eddos. Ideal para todos os tipos de viajantes.","robots":{"index":"index","follow":"follow","max-snippet":"max-snippet:-1","max-image-preview":"max-image-preview:large","max-video-preview":"max-video-preview:-1"},"canonical":"https:\/\/centroreservasbariloche.com\/pt\/product\/pequeno-circuito-cerro-campanario-bariloche\/","og_locale":"pt_BR","og_type":"article","og_title":"Circuito Chico y Cerro Campanario: la esencia de Bariloche en medio d\u00eda","og_description":"Recorr\u00e9 Circuito Chico y ascend\u00e9 al Cerro Campanario. Paisajes emblem\u00e1ticos de Bariloche con gu\u00eda y traslado incluido. Ideal para todo tipo de viajeros.","og_url":"https:\/\/centroreservasbariloche.com\/pt\/product\/pequeno-circuito-cerro-campanario-bariloche\/","og_site_name":"Centro Reservas Bariloche Patagonia Argentina","article_publisher":"https:\/\/www.facebook.com\/centroreservasbariloche","article_modified_time":"2026-04-09T12:14:32+00:00","og_image":[{"width":1920,"height":2560,"url":"https:\/\/buck.getjasper.digital\/2025\/04\/5-A-DSC_0032-scaled.jpg","type":"image\/jpeg"}],"twitter_card":"summary_large_image","twitter_misc":{"Pre\u00e7o":"&#36;&nbsp;23.400,00","Disponibilidade":"Em Estoque"},"schema":{"@context":"https:\/\/schema.org","@graph":[{"@type":["WebPage","ItemPage"],"@id":"https:\/\/centroreservasbariloche.com\/product\/circuito-chico-cerro-campanario-bariloche","url":"https:\/\/centroreservasbariloche.com\/product\/circuito-chico-cerro-campanario-bariloche","name":"Circuito Chico e Cerro Campanario | Excurs\u00e3o em Bariloche - Centro Reservas Bariloche Patag\u00f4nia Argentina","isPartOf":{"@id":"https:\/\/centroreservasbariloche.com\/#website"},"primaryImageOfPage":{"@id":"https:\/\/centroreservasbariloche.com\/product\/circuito-chico-cerro-campanario-bariloche#primaryimage"},"image":{"@id":"https:\/\/centroreservasbariloche.com\/product\/circuito-chico-cerro-campanario-bariloche#primaryimage"},"thumbnailUrl":"https:\/\/buck.getjasper.digital\/2025\/04\/5-A-DSC_0032-scaled.jpg","datePublished":"2025-04-04T18:53:38+00:00","dateModified":"2026-04-09T12:14:32+00:00","description":"Passeio pelo Circuito Chico e subida ao Cerro Campanario. Paisagens emblem\u00e1ticas de Bariloche com guia e traslado inclu\u00eddos. Ideal para todos os tipos de viajantes.","breadcrumb":{"@id":"https:\/\/centroreservasbariloche.com\/product\/circuito-chico-cerro-campanario-bariloche#breadcrumb"},"inLanguage":"pt-BR","potentialAction":[{"@type":"ReadAction","target":["https:\/\/centroreservasbariloche.com\/product\/circuito-chico-cerro-campanario-bariloche"]}]},{"@type":"ImageObject","inLanguage":"pt-BR","@id":"https:\/\/centroreservasbariloche.com\/product\/circuito-chico-cerro-campanario-bariloche#primaryimage","url":"https:\/\/buck.getjasper.digital\/2025\/04\/5-A-DSC_0032-scaled.jpg","contentUrl":"https:\/\/buck.getjasper.digital\/2025\/04\/5-A-DSC_0032-scaled.jpg","width":1920,"height":2560},{"@type":"BreadcrumbList","@id":"https:\/\/centroreservasbariloche.com\/product\/circuito-chico-cerro-campanario-bariloche#breadcrumb","itemListElement":[{"@type":"ListItem","position":1,"name":"Home","item":"https:\/\/centroreservasbariloche.com\/"},{"@type":"ListItem","position":2,"name":"Nuestras actividades","item":"https:\/\/centroreservasbariloche.com\/shop"},{"@type":"ListItem","position":3,"name":"Circuito Chico y Cerro Campanario: la esencia de Bariloche en medio d\u00eda"}]},{"@type":"WebSite","@id":"https:\/\/centroreservasbariloche.com\/#website","url":"https:\/\/centroreservasbariloche.com\/","name":"Centro de Reservas de Bariloche Patag\u00f4nia Argentina","description":"Central de Reservas de Bariloche Patag\u00f4nia","publisher":{"@id":"https:\/\/centroreservasbariloche.com\/#organization"},"alternateName":"tur centra bariloche","potentialAction":[{"@type":"SearchAction","target":{"@type":"EntryPoint","urlTemplate":"https:\/\/centroreservasbariloche.com\/?s={search_term_string}"},"query-input":{"@type":"PropertyValueSpecification","valueRequired":true,"valueName":"search_term_string"}}],"inLanguage":"pt-BR"},{"@type":["Organization","Place","TravelAgency"],"@id":"https:\/\/centroreservasbariloche.com\/#organization","name":"Centro de Reservas de Bariloche","alternateName":"Centro de Reservas","url":"https:\/\/centroreservasbariloche.com\/","logo":{"@id":"https:\/\/centroreservasbariloche.com\/product\/circuito-chico-cerro-campanario-bariloche#local-main-organization-logo"},"image":{"@id":"https:\/\/centroreservasbariloche.com\/product\/circuito-chico-cerro-campanario-bariloche#local-main-organization-logo"},"sameAs":["https:\/\/www.facebook.com\/centroreservasbariloche"],"description":"Temos o compromisso de proporcionar a voc\u00ea uma experi\u00eancia inesquec\u00edvel, cheia de aventura, beleza natural e descobertas. Quer seja sua primeira visita a Bariloche ou se j\u00e1 teve o prazer de conhec\u00ea-la, temos certeza de que encontrar\u00e1 em nossas excurs\u00f5es a oportunidade de criar mem\u00f3rias duradouras.","legalName":"Centro Reservas Bariloche","address":{"@id":"https:\/\/centroreservasbariloche.com\/product\/circuito-chico-cerro-campanario-bariloche#local-main-place-address"},"telephone":[],"openingHoursSpecification":[{"@type":"OpeningHoursSpecification","dayOfWeek":["Monday","Tuesday","Wednesday","Thursday","Friday","Saturday","Sunday"],"opens":"09:00","closes":"17:00"}],"priceRange":"$$"},{"@type":"PostalAddress","@id":"https:\/\/centroreservasbariloche.com\/product\/circuito-chico-cerro-campanario-bariloche#local-main-place-address","streetAddress":"Mitre 131","addressLocality":"San Carlos de Bariloche","postalCode":"8400","addressRegion":"R\u00edo Negro","addressCountry":"AR"},{"@type":"ImageObject","inLanguage":"pt-BR","@id":"https:\/\/centroreservasbariloche.com\/product\/circuito-chico-cerro-campanario-bariloche#local-main-organization-logo","url":"https:\/\/buck.getjasper.digital\/2025\/06\/centro-de-reservas-2-1.png","contentUrl":"https:\/\/buck.getjasper.digital\/2025\/06\/centro-de-reservas-2-1.png","width":512,"height":512,"caption":"Centro Reservas Bariloche"}]},"product_price_amount":"23400.00","product_price_currency":"ARS","og_availability":"instock","product_availability":"instock","product_retailer_item_id":"ADV2025CICHYC1KOR","product_condition":"new","geo.placename":"San Carlos de Bariloche","geo.region":"Argentina"},"_links":{"self":[{"href":"https:\/\/centroreservasbariloche.com\/pt\/wp-json\/wp\/v2\/product\/230735","targetHints":{"allow":["GET"]}}],"collection":[{"href":"https:\/\/centroreservasbariloche.com\/pt\/wp-json\/wp\/v2\/product"}],"about":[{"href":"https:\/\/centroreservasbariloche.com\/pt\/wp-json\/wp\/v2\/types\/product"}],"replies":[{"embeddable":true,"href":"https:\/\/centroreservasbariloche.com\/pt\/wp-json\/wp\/v2\/comments?post=230735"}],"wp:featuredmedia":[{"embeddable":true,"href":"https:\/\/centroreservasbariloche.com\/pt\/wp-json\/wp\/v2\/media\/231566"}],"wp:attachment":[{"href":"https:\/\/centroreservasbariloche.com\/pt\/wp-json\/wp\/v2\/media?parent=230735"}],"wp:term":[{"taxonomy":"product_brand","embeddable":true,"href":"https:\/\/centroreservasbariloche.com\/pt\/wp-json\/wp\/v2\/product_brand?post=230735"},{"taxonomy":"product_cat","embeddable":true,"href":"https:\/\/centroreservasbariloche.com\/pt\/wp-json\/wp\/v2\/product_cat?post=230735"},{"taxonomy":"product_tag","embeddable":true,"href":"https:\/\/centroreservasbariloche.com\/pt\/wp-json\/wp\/v2\/product_tag?post=230735"}],"curies":[{"name":"wp","href":"https:\/\/api.w.org\/{rel}","templated":true}]}}