{"id":230737,"date":"2025-04-04T15:54:07","date_gmt":"2025-04-04T18:54:07","guid":{"rendered":"https:\/\/centroreservasbariloche.com\/?post_type=product&#038;p=230737"},"modified":"2026-04-09T09:15:38","modified_gmt":"2026-04-09T12:15:38","slug":"cerro-tronador-ventisquero-negro","status":"publish","type":"product","link":"https:\/\/centroreservasbariloche.com\/pt\/product\/cerro-tronador-black-snowdrift","title":{"rendered":"Cerro Tronador e Ventisquero Negro: natureza, conforto e paisagens inesquec\u00edveis."},"content":{"rendered":"<h3 data-start=\"510\" data-end=\"638\"><strong data-start=\"514\" data-end=\"638\">Uma viagem pela Patag\u00f4nia mais espetacular, ideal para grupos e viajantes que desejam conhecer Bariloche com tranquilidade.<\/strong><\/h3>\n<p data-start=\"640\" data-end=\"902\">Essa excurs\u00e3o \u00e9 uma das favoritas entre os visitantes de Bariloche de outros pa\u00edses da Am\u00e9rica Latina. O passeio combina paisagens montanhosas, lagos, geleiras e contato direto com a natureza, tudo organizado para que voc\u00ea se divirta sem preocupa\u00e7\u00f5es.<\/p>\n<p data-start=\"904\" data-end=\"1283\">O traslado parte de pontos de encontro entre o centro de Bariloche e o km 8 da Av. Bustillo ou Av. Pioneros. Durante o percurso, o guia acompanha e informa sobre as paisagens e a hist\u00f3ria local. Visitamos lugares emblem\u00e1ticos, como o Lago Guti\u00e9rrez, o Lago Mascardi, a Playa Negra, o acampamento Los R\u00e1pidos e o mirante da Isla Coraz\u00f3n, com paradas para fotografias e descanso.<\/p>\n<p data-start=\"1285\" data-end=\"1511\">O ponto mais marcante da rota \u00e9 a <strong data-start=\"1329\" data-end=\"1350\">Neve Negra<\/strong>, Uma geleira ativa que desce do Cerro Tronador, cercada por um ambiente natural majestoso. \u00c9 um lugar ideal para contemplar, aprender e tirar fotos \u00fanicas.<\/p>\n<p data-start=\"1513\" data-end=\"1654\">O intervalo para o almo\u00e7o ocorre nos paradores de <strong data-start=\"1570\" data-end=\"1585\">Pampa Linda<\/strong>, onde \u00e9 poss\u00edvel escolher entre v\u00e1rias op\u00e7\u00f5es gastron\u00f4micas regionais.<\/p>\n<p data-start=\"1656\" data-end=\"1889\">As sa\u00eddas s\u00e3o das 9:00 \u00e0s 18:30 hs e s\u00e3o planejadas para oferecer conforto, hor\u00e1rios bem distribu\u00eddos e aten\u00e7\u00e3o personalizada. Inclui transporte e guia em espanhol (com op\u00e7\u00e3o bil\u00edngue). N\u00e3o inclui almo\u00e7o nem entrada no parque nacional.<\/p>\n<h3 data-start=\"1896\" data-end=\"1924\"><strong data-start=\"1900\" data-end=\"1924\">Perguntas frequentes<\/strong><\/h3>\n<p data-start=\"1926\" data-end=\"2061\"><strong data-start=\"1926\" data-end=\"1957\">\u00c9 uma atividade exigente?<\/strong><br data-start=\"1957\" data-end=\"1960\" \/>N\u00e3o. \u00c9 um passeio de ve\u00edculo com pequenas caminhadas. Adequado para todos em boas condi\u00e7\u00f5es de sa\u00fade.<\/p>\n<p data-start=\"2063\" data-end=\"2179\"><strong data-start=\"2063\" data-end=\"2083\">O que est\u00e1 inclu\u00eddo?<\/strong><br data-start=\"2083\" data-end=\"2086\" \/>Traslado de ida e volta para os pontos de encontro e guia profissional durante todo o passeio.<\/p>\n<p data-start=\"2181\" data-end=\"2308\"><strong data-start=\"2181\" data-end=\"2204\">Onde voc\u00ea almo\u00e7a?<\/strong><br data-start=\"2204\" data-end=\"2207\" \/>Em Pampa Linda, onde h\u00e1 v\u00e1rios paradores com op\u00e7\u00f5es locais. O almo\u00e7o \u00e9 por conta do passageiro.<\/p>\n<p data-start=\"2310\" data-end=\"2425\"><strong data-start=\"2310\" data-end=\"2335\">O que eu preciso levar?<\/strong><br data-start=\"2335\" data-end=\"2338\" \/>Roupas confort\u00e1veis, roupas quentes, cal\u00e7ados fechados, \u00e1gua e dinheiro para a entrada no parque e alimenta\u00e7\u00e3o.<\/p>\n<p data-start=\"2310\" data-end=\"2425\">","protected":false},"excerpt":{"rendered":"<p>Embarque em uma viagem inesquec\u00edvel pelo Parque Nacional Nahuel Huapi, admirando o majestoso Cerro Tronador e o Glaciar Ventisquero Negro. Uma experi\u00eancia que combina beleza natural com aventura na Patag\u00f4nia.<\/p>","protected":false},"featured_media":231559,"comment_status":"open","ping_status":"closed","template":"","meta":[],"product_brand":[],"product_cat":[38,32,53,40,36,37,55],"product_tag":[],"class_list":{"0":"post-230737","1":"product","2":"type-product","3":"status-publish","4":"has-post-thumbnail","6":"product_cat-adultos","7":"product_cat-familia","8":"product_cat-ninos","9":"product_cat-con-traslado","10":"product_cat-sin-comida","11":"product_cat-terrestre","12":"product_cat-todo-el-ano-temporada","14":"first","15":"instock","16":"virtual","17":"sold-individually","18":"purchasable","19":"product-type-booking"},"booking_location":"","booking_location_type":"","booking_duration":1,"booking_duration_unit":"hour","booking_buffer":0,"booking_cost":0,"booking_resources":[],"exclude_global_add_ons":false,"addons":[{"name":"STD: Passageiros","type":"input_multiplier","position":0,"required":false,"title_format":"label","default":"","description_enable":false,"description":"","placeholder_enable":false,"placeholder":"","display":"select","restrictions_type":"any_text","adjust_price":true,"price":"59400","price_type":"quantity_based","restrictions":false,"min":"0","max":"0","options":[],"id":1773237140}],"yoast_head":"<!-- This site is optimized with the Yoast SEO Premium plugin v24.5 (Yoast SEO v24.8) - https:\/\/yoast.com\/wordpress\/plugins\/seo\/ -->\n<title>Cerro Tronador y Ventisquero Negro | Excursi\u00f3n desde Bariloche - Centro Reservas Bariloche Patagonia Argentina<\/title>\n<meta name=\"description\" content=\"Cerro Tronador y Ventisquero Negro desde Bariloche. Una excursi\u00f3n guiada ideal para extranjeros y grupos. Glaciares, lagos y confort en la Patagonia.\" \/>\n<meta name=\"robots\" content=\"index, follow, max-snippet:-1, max-image-preview:large, max-video-preview:-1\" \/>\n<link rel=\"canonical\" href=\"https:\/\/centroreservasbariloche.com\/pt\/product\/cerro-tronador-black-snowdrift\/\" \/>\n<meta property=\"og:locale\" content=\"pt_BR\" \/>\n<meta property=\"og:type\" content=\"article\" \/>\n<meta property=\"og:title\" content=\"Cerro Tronador y Ventisquero Negro: naturaleza, comodidad y paisajes inolvidables\" \/>\n<meta property=\"og:description\" content=\"Cerro Tronador y Ventisquero Negro desde Bariloche. Una excursi\u00f3n guiada ideal para extranjeros y grupos. Glaciares, lagos y confort en la Patagonia.\" \/>\n<meta property=\"og:url\" content=\"https:\/\/centroreservasbariloche.com\/pt\/product\/cerro-tronador-black-snowdrift\/\" \/>\n<meta property=\"og:site_name\" content=\"Centro Reservas Bariloche Patagonia Argentina\" \/>\n<meta property=\"article:publisher\" content=\"https:\/\/www.facebook.com\/centroreservasbariloche\" \/>\n<meta property=\"article:modified_time\" content=\"2026-04-09T12:15:38+00:00\" \/>\n<meta property=\"og:image\" content=\"https:\/\/buck.getjasper.digital\/2025\/04\/5-D-DSC_0451-scaled.jpg\" \/>\n\t<meta property=\"og:image:width\" content=\"1920\" \/>\n\t<meta property=\"og:image:height\" content=\"2560\" \/>\n\t<meta property=\"og:image:type\" content=\"image\/jpeg\" \/>\n<meta name=\"twitter:card\" content=\"summary_large_image\" \/>\n<meta name=\"twitter:label1\" content=\"Pre\u00e7o\" \/>\n\t<meta name=\"twitter:data1\" content=\"&#036;&nbsp;59.400,00\" \/>\n\t<meta name=\"twitter:label2\" content=\"Disponibilidade\" \/>\n\t<meta name=\"twitter:data2\" content=\"Em Estoque\" \/>\n<script type=\"application\/ld+json\" class=\"yoast-schema-graph\">{\"@context\":\"https:\/\/schema.org\",\"@graph\":[{\"@type\":[\"WebPage\",\"ItemPage\"],\"@id\":\"https:\/\/centroreservasbariloche.com\/product\/cerro-tronador-ventisquero-negro\",\"url\":\"https:\/\/centroreservasbariloche.com\/product\/cerro-tronador-ventisquero-negro\",\"name\":\"Cerro Tronador y Ventisquero Negro | Excursi\u00f3n desde Bariloche - Centro Reservas Bariloche Patagonia Argentina\",\"isPartOf\":{\"@id\":\"https:\/\/centroreservasbariloche.com\/#website\"},\"primaryImageOfPage\":{\"@id\":\"https:\/\/centroreservasbariloche.com\/product\/cerro-tronador-ventisquero-negro#primaryimage\"},\"image\":{\"@id\":\"https:\/\/centroreservasbariloche.com\/product\/cerro-tronador-ventisquero-negro#primaryimage\"},\"thumbnailUrl\":\"https:\/\/buck.getjasper.digital\/2025\/04\/5-D-DSC_0451-scaled.jpg\",\"datePublished\":\"2025-04-04T18:54:07+00:00\",\"dateModified\":\"2026-04-09T12:15:38+00:00\",\"description\":\"Cerro Tronador y Ventisquero Negro desde Bariloche. Una excursi\u00f3n guiada ideal para extranjeros y grupos. Glaciares, lagos y confort en la Patagonia.\",\"breadcrumb\":{\"@id\":\"https:\/\/centroreservasbariloche.com\/product\/cerro-tronador-ventisquero-negro#breadcrumb\"},\"inLanguage\":\"pt-BR\",\"potentialAction\":[{\"@type\":\"ReadAction\",\"target\":[\"https:\/\/centroreservasbariloche.com\/product\/cerro-tronador-ventisquero-negro\"]}]},{\"@type\":\"ImageObject\",\"inLanguage\":\"pt-BR\",\"@id\":\"https:\/\/centroreservasbariloche.com\/product\/cerro-tronador-ventisquero-negro#primaryimage\",\"url\":\"https:\/\/buck.getjasper.digital\/2025\/04\/5-D-DSC_0451-scaled.jpg\",\"contentUrl\":\"https:\/\/buck.getjasper.digital\/2025\/04\/5-D-DSC_0451-scaled.jpg\",\"width\":1920,\"height\":2560},{\"@type\":\"BreadcrumbList\",\"@id\":\"https:\/\/centroreservasbariloche.com\/product\/cerro-tronador-ventisquero-negro#breadcrumb\",\"itemListElement\":[{\"@type\":\"ListItem\",\"position\":1,\"name\":\"Home\",\"item\":\"https:\/\/centroreservasbariloche.com\/\"},{\"@type\":\"ListItem\",\"position\":2,\"name\":\"Nuestras actividades\",\"item\":\"https:\/\/centroreservasbariloche.com\/shop\"},{\"@type\":\"ListItem\",\"position\":3,\"name\":\"Cerro Tronador y Ventisquero Negro: naturaleza, comodidad y paisajes inolvidables\"}]},{\"@type\":\"WebSite\",\"@id\":\"https:\/\/centroreservasbariloche.com\/#website\",\"url\":\"https:\/\/centroreservasbariloche.com\/\",\"name\":\"Centro Reservas Bariloche Patagonia Argentina\",\"description\":\"Centro Reservas Bariloche Patagonia\",\"publisher\":{\"@id\":\"https:\/\/centroreservasbariloche.com\/#organization\"},\"alternateName\":\"tur centra bariloche\",\"potentialAction\":[{\"@type\":\"SearchAction\",\"target\":{\"@type\":\"EntryPoint\",\"urlTemplate\":\"https:\/\/centroreservasbariloche.com\/?s={search_term_string}\"},\"query-input\":{\"@type\":\"PropertyValueSpecification\",\"valueRequired\":true,\"valueName\":\"search_term_string\"}}],\"inLanguage\":\"pt-BR\"},{\"@type\":[\"Organization\",\"Place\",\"TravelAgency\"],\"@id\":\"https:\/\/centroreservasbariloche.com\/#organization\",\"name\":\"Centro Reservas Bariloche\",\"alternateName\":\"Centro de Reservas\",\"url\":\"https:\/\/centroreservasbariloche.com\/\",\"logo\":{\"@id\":\"https:\/\/centroreservasbariloche.com\/product\/cerro-tronador-ventisquero-negro#local-main-organization-logo\"},\"image\":{\"@id\":\"https:\/\/centroreservasbariloche.com\/product\/cerro-tronador-ventisquero-negro#local-main-organization-logo\"},\"sameAs\":[\"https:\/\/www.facebook.com\/centroreservasbariloche\"],\"description\":\"Estamos comprometidos en brindarles una experiencia inolvidable, llena de aventura, belleza natural y descubrimientos. No importa si es su primera visita a Bariloche o si ya ha tenido el placer de conocerla, estamos seguros de que encontrar\u00e1 en nuestras excursiones la oportunidad de crear recuerdos duraderos.\",\"legalName\":\"Centro Reservas Bariloche\",\"address\":{\"@id\":\"https:\/\/centroreservasbariloche.com\/product\/cerro-tronador-ventisquero-negro#local-main-place-address\"},\"telephone\":[],\"openingHoursSpecification\":[{\"@type\":\"OpeningHoursSpecification\",\"dayOfWeek\":[\"Monday\",\"Tuesday\",\"Wednesday\",\"Thursday\",\"Friday\",\"Saturday\",\"Sunday\"],\"opens\":\"09:00\",\"closes\":\"17:00\"}],\"priceRange\":\"$$\"},{\"@type\":\"PostalAddress\",\"@id\":\"https:\/\/centroreservasbariloche.com\/product\/cerro-tronador-ventisquero-negro#local-main-place-address\",\"streetAddress\":\"Mitre 131\",\"addressLocality\":\"San Carlos de Bariloche\",\"postalCode\":\"8400\",\"addressRegion\":\"R\u00edo Negro\",\"addressCountry\":\"AR\"},{\"@type\":\"ImageObject\",\"inLanguage\":\"pt-BR\",\"@id\":\"https:\/\/centroreservasbariloche.com\/product\/cerro-tronador-ventisquero-negro#local-main-organization-logo\",\"url\":\"https:\/\/buck.getjasper.digital\/2025\/06\/centro-de-reservas-2-1.png\",\"contentUrl\":\"https:\/\/buck.getjasper.digital\/2025\/06\/centro-de-reservas-2-1.png\",\"width\":512,\"height\":512,\"caption\":\"Centro Reservas Bariloche\"}]}<\/script>\n<meta property=\"product:price:amount\" content=\"59400.00\" \/>\n<meta property=\"product:price:currency\" content=\"ARS\" \/>\n<meta property=\"og:availability\" content=\"instock\" \/>\n<meta property=\"product:availability\" content=\"instock\" \/>\n<meta property=\"product:retailer_item_id\" content=\"ADV2025CETRYVHMNO\" \/>\n<meta property=\"product:condition\" content=\"new\" \/>\n<meta name=\"geo.placename\" content=\"San Carlos de Bariloche\" \/>\n<meta name=\"geo.region\" content=\"Argentina\" \/>\n<!-- \/ Yoast SEO Premium plugin. -->","yoast_head_json":{"title":"Cerro Tronador e Ventisquero Negro | Excurs\u00e3o de Bariloche - Centro Reservas Bariloche Patag\u00f4nia Argentina","description":"Cerro Tronador e Ventisquero Negro a partir de Bariloche. Uma excurs\u00e3o guiada ideal para estrangeiros e grupos. Geleiras, lagos e conforto na Patag\u00f4nia.","robots":{"index":"index","follow":"follow","max-snippet":"max-snippet:-1","max-image-preview":"max-image-preview:large","max-video-preview":"max-video-preview:-1"},"canonical":"https:\/\/centroreservasbariloche.com\/pt\/product\/cerro-tronador-black-snowdrift\/","og_locale":"pt_BR","og_type":"article","og_title":"Cerro Tronador y Ventisquero Negro: naturaleza, comodidad y paisajes inolvidables","og_description":"Cerro Tronador y Ventisquero Negro desde Bariloche. Una excursi\u00f3n guiada ideal para extranjeros y grupos. Glaciares, lagos y confort en la Patagonia.","og_url":"https:\/\/centroreservasbariloche.com\/pt\/product\/cerro-tronador-black-snowdrift\/","og_site_name":"Centro Reservas Bariloche Patagonia Argentina","article_publisher":"https:\/\/www.facebook.com\/centroreservasbariloche","article_modified_time":"2026-04-09T12:15:38+00:00","og_image":[{"width":1920,"height":2560,"url":"https:\/\/buck.getjasper.digital\/2025\/04\/5-D-DSC_0451-scaled.jpg","type":"image\/jpeg"}],"twitter_card":"summary_large_image","twitter_misc":{"Pre\u00e7o":"&#36;&nbsp;59.400,00","Disponibilidade":"Em Estoque"},"schema":{"@context":"https:\/\/schema.org","@graph":[{"@type":["WebPage","ItemPage"],"@id":"https:\/\/centroreservasbariloche.com\/product\/cerro-tronador-ventisquero-negro","url":"https:\/\/centroreservasbariloche.com\/product\/cerro-tronador-ventisquero-negro","name":"Cerro Tronador e Ventisquero Negro | Excurs\u00e3o de Bariloche - Centro Reservas Bariloche Patag\u00f4nia Argentina","isPartOf":{"@id":"https:\/\/centroreservasbariloche.com\/#website"},"primaryImageOfPage":{"@id":"https:\/\/centroreservasbariloche.com\/product\/cerro-tronador-ventisquero-negro#primaryimage"},"image":{"@id":"https:\/\/centroreservasbariloche.com\/product\/cerro-tronador-ventisquero-negro#primaryimage"},"thumbnailUrl":"https:\/\/buck.getjasper.digital\/2025\/04\/5-D-DSC_0451-scaled.jpg","datePublished":"2025-04-04T18:54:07+00:00","dateModified":"2026-04-09T12:15:38+00:00","description":"Cerro Tronador e Ventisquero Negro a partir de Bariloche. Uma excurs\u00e3o guiada ideal para estrangeiros e grupos. Geleiras, lagos e conforto na Patag\u00f4nia.","breadcrumb":{"@id":"https:\/\/centroreservasbariloche.com\/product\/cerro-tronador-ventisquero-negro#breadcrumb"},"inLanguage":"pt-BR","potentialAction":[{"@type":"ReadAction","target":["https:\/\/centroreservasbariloche.com\/product\/cerro-tronador-ventisquero-negro"]}]},{"@type":"ImageObject","inLanguage":"pt-BR","@id":"https:\/\/centroreservasbariloche.com\/product\/cerro-tronador-ventisquero-negro#primaryimage","url":"https:\/\/buck.getjasper.digital\/2025\/04\/5-D-DSC_0451-scaled.jpg","contentUrl":"https:\/\/buck.getjasper.digital\/2025\/04\/5-D-DSC_0451-scaled.jpg","width":1920,"height":2560},{"@type":"BreadcrumbList","@id":"https:\/\/centroreservasbariloche.com\/product\/cerro-tronador-ventisquero-negro#breadcrumb","itemListElement":[{"@type":"ListItem","position":1,"name":"Home","item":"https:\/\/centroreservasbariloche.com\/"},{"@type":"ListItem","position":2,"name":"Nuestras actividades","item":"https:\/\/centroreservasbariloche.com\/shop"},{"@type":"ListItem","position":3,"name":"Cerro Tronador y Ventisquero Negro: naturaleza, comodidad y paisajes inolvidables"}]},{"@type":"WebSite","@id":"https:\/\/centroreservasbariloche.com\/#website","url":"https:\/\/centroreservasbariloche.com\/","name":"Centro de Reservas de Bariloche Patag\u00f4nia Argentina","description":"Central de Reservas de Bariloche Patag\u00f4nia","publisher":{"@id":"https:\/\/centroreservasbariloche.com\/#organization"},"alternateName":"tur centra bariloche","potentialAction":[{"@type":"SearchAction","target":{"@type":"EntryPoint","urlTemplate":"https:\/\/centroreservasbariloche.com\/?s={search_term_string}"},"query-input":{"@type":"PropertyValueSpecification","valueRequired":true,"valueName":"search_term_string"}}],"inLanguage":"pt-BR"},{"@type":["Organization","Place","TravelAgency"],"@id":"https:\/\/centroreservasbariloche.com\/#organization","name":"Centro de Reservas de Bariloche","alternateName":"Centro de Reservas","url":"https:\/\/centroreservasbariloche.com\/","logo":{"@id":"https:\/\/centroreservasbariloche.com\/product\/cerro-tronador-ventisquero-negro#local-main-organization-logo"},"image":{"@id":"https:\/\/centroreservasbariloche.com\/product\/cerro-tronador-ventisquero-negro#local-main-organization-logo"},"sameAs":["https:\/\/www.facebook.com\/centroreservasbariloche"],"description":"Temos o compromisso de proporcionar a voc\u00ea uma experi\u00eancia inesquec\u00edvel, cheia de aventura, beleza natural e descobertas. Quer seja sua primeira visita a Bariloche ou se j\u00e1 teve o prazer de conhec\u00ea-la, temos certeza de que encontrar\u00e1 em nossas excurs\u00f5es a oportunidade de criar mem\u00f3rias duradouras.","legalName":"Centro Reservas Bariloche","address":{"@id":"https:\/\/centroreservasbariloche.com\/product\/cerro-tronador-ventisquero-negro#local-main-place-address"},"telephone":[],"openingHoursSpecification":[{"@type":"OpeningHoursSpecification","dayOfWeek":["Monday","Tuesday","Wednesday","Thursday","Friday","Saturday","Sunday"],"opens":"09:00","closes":"17:00"}],"priceRange":"$$"},{"@type":"PostalAddress","@id":"https:\/\/centroreservasbariloche.com\/product\/cerro-tronador-ventisquero-negro#local-main-place-address","streetAddress":"Mitre 131","addressLocality":"San Carlos de Bariloche","postalCode":"8400","addressRegion":"R\u00edo Negro","addressCountry":"AR"},{"@type":"ImageObject","inLanguage":"pt-BR","@id":"https:\/\/centroreservasbariloche.com\/product\/cerro-tronador-ventisquero-negro#local-main-organization-logo","url":"https:\/\/buck.getjasper.digital\/2025\/06\/centro-de-reservas-2-1.png","contentUrl":"https:\/\/buck.getjasper.digital\/2025\/06\/centro-de-reservas-2-1.png","width":512,"height":512,"caption":"Centro Reservas Bariloche"}]},"product_price_amount":"59400.00","product_price_currency":"ARS","og_availability":"instock","product_availability":"instock","product_retailer_item_id":"ADV2025CETRYVHMNO","product_condition":"new","geo.placename":"San Carlos de Bariloche","geo.region":"Argentina"},"_links":{"self":[{"href":"https:\/\/centroreservasbariloche.com\/pt\/wp-json\/wp\/v2\/product\/230737","targetHints":{"allow":["GET"]}}],"collection":[{"href":"https:\/\/centroreservasbariloche.com\/pt\/wp-json\/wp\/v2\/product"}],"about":[{"href":"https:\/\/centroreservasbariloche.com\/pt\/wp-json\/wp\/v2\/types\/product"}],"replies":[{"embeddable":true,"href":"https:\/\/centroreservasbariloche.com\/pt\/wp-json\/wp\/v2\/comments?post=230737"}],"wp:featuredmedia":[{"embeddable":true,"href":"https:\/\/centroreservasbariloche.com\/pt\/wp-json\/wp\/v2\/media\/231559"}],"wp:attachment":[{"href":"https:\/\/centroreservasbariloche.com\/pt\/wp-json\/wp\/v2\/media?parent=230737"}],"wp:term":[{"taxonomy":"product_brand","embeddable":true,"href":"https:\/\/centroreservasbariloche.com\/pt\/wp-json\/wp\/v2\/product_brand?post=230737"},{"taxonomy":"product_cat","embeddable":true,"href":"https:\/\/centroreservasbariloche.com\/pt\/wp-json\/wp\/v2\/product_cat?post=230737"},{"taxonomy":"product_tag","embeddable":true,"href":"https:\/\/centroreservasbariloche.com\/pt\/wp-json\/wp\/v2\/product_tag?post=230737"}],"curies":[{"name":"wp","href":"https:\/\/api.w.org\/{rel}","templated":true}]}}