{"id":230879,"date":"2025-04-09T14:51:11","date_gmt":"2025-04-09T17:51:11","guid":{"rendered":"https:\/\/centroreservasbariloche.com\/?post_type=product&#038;p=230879"},"modified":"2026-04-09T22:13:37","modified_gmt":"2026-04-10T01:13:37","slug":"la-cueva-paseo-nocturno-cena","status":"publish","type":"product","link":"https:\/\/centroreservasbariloche.com\/pt\/product\/a-caverna-caminhada-noturna-jantar","title":{"rendered":"La Cueva - Caminhada noturna e jantar"},"content":{"rendered":"<h2>Descubra La Cueva: Caminhada noturna e jantar gourmet no Cerro Catedral<\/h2>\n<p>Mergulhe em uma jornada \u00fanica que combina a emo\u00e7\u00e3o da aventura de inverno com o prazer da culin\u00e1ria regional exclusiva. Durante a temporada de inverno, a partir de 10 de junho, as colinas ficam cobertas de neve abundante, criando o cen\u00e1rio perfeito para explorar paisagens inigual\u00e1veis e sentir a adrenalina em cada quil\u00f4metro.<\/p>\n<h3>Itiner\u00e1rio e experi\u00eancia<\/h3>\n<ul>\n<li><strong>Transporte coordenado:<\/strong> Nosso servi\u00e7o de traslado o buscar\u00e1 no ponto pr\u00e9-estabelecido, garantindo conforto desde o in\u00edcio.<\/li>\n<li><strong>Tour exclusivo:<\/strong> Desfrute de 45 minutos de aventura em motos de neve ou quadriciclos, atravessando florestas nevadas e contemplando vistas panor\u00e2micas espetaculares.<\/li>\n<li><strong>Destino: Ref\u00fagio La Cueva:<\/strong> Ao chegar, voc\u00ea ser\u00e1 recebido por uma atmosfera calorosa e m\u00e1gica, ideal para um jantar patag\u00f4nico de quatro pratos oferecido com maestria.<\/li>\n<li><strong>Retorno \u00e0 noite:<\/strong> Volte apreciando a paisagem noturna e a serenidade da montanha.<\/li>\n<\/ul>\n<h3>Hor\u00e1rios e condi\u00e7\u00f5es<\/h3>\n<ul>\n<li><strong>Primeira partida:<\/strong> Pick up \u00e0s 17:30, apresenta\u00e7\u00e3o \u00e0s 18:30 e in\u00edcio \u00e0s 19:00.<\/li>\n<li><strong>Segunda sa\u00edda:<\/strong> Pick up \u00e0s 20:30, apresenta\u00e7\u00e3o \u00e0s 21:30 e in\u00edcio \u00e0s 22:00.<\/li>\n<li><strong>Idade m\u00ednima:<\/strong> 6 anos.<\/li>\n<li><strong>Recomenda\u00e7\u00e3o:<\/strong> Sugere-se o uso de roupas adequadas para as condi\u00e7\u00f5es de inverno, pois n\u00e3o s\u00e3o fornecidas roupas para neve.<\/li>\n<\/ul>\n<h3>Inclui a experi\u00eancia<\/h3>\n<ul>\n<li>Passeio noturno de snowmobile (2 pessoas por ve\u00edculo).<\/li>\n<li>Jantar gourmet de quatro pratos com sabores emblem\u00e1ticos da Patag\u00f4nia.<\/li>\n<li>Traslados de ida e volta completos.<\/li>\n<\/ul>\n<h3>Perguntas frequentes (FAQs)<\/h3>\n<ul>\n<li><strong>Qual \u00e9 o per\u00edodo durante o qual a excurs\u00e3o ocorre?<\/strong> A atividade come\u00e7a em 10 de junho, \u00e9poca em que as colinas ficam cheias de neve, criando uma atmosfera \u00fanica.<\/li>\n<li><strong>O que o servi\u00e7o de transporte inclui?<\/strong> Inclui a retirada no ponto combinado, bem como o traslado de volta em snowmobile ou ATV.<\/li>\n<li><strong>A excurs\u00e3o \u00e9 adequada para crian\u00e7as?<\/strong> Sim, \u00e9 adequado para crian\u00e7as acima de 6 anos de idade, com a devida supervis\u00e3o.<\/li>\n<li><strong>Que roupas devo usar?<\/strong> Recomenda-se o uso de roupas para neve, pois o passeio n\u00e3o inclui roupas especializadas para o frio do inverno.<\/li>\n<\/ul>\n<p>Deixe-se seduzir pela exclusividade e conforto dessa atividade que combina aventura na neve e um jantar de sabores regionais em um ambiente natural inigual\u00e1vel. Uma experi\u00eancia que certamente marcar\u00e1 um antes e um depois em suas mem\u00f3rias patag\u00f4nicas.<\/p>\n<p>Aviso importante: Este passeio j\u00e1 est\u00e1 dispon\u00edvel para pr\u00e9-reserva. As sa\u00eddas operam de 15 de junho a 20 de agosto, sujeitas ao calend\u00e1rio sazonal.<\/p>","protected":false},"excerpt":{"rendered":"<p>Experimente uma aventura de inverno \u00fanica no Cerro Catedral com um passeio noturno de snowmobile e um jantar gourmet patag\u00f4nico. Reserve agora e descubra a magia da montanha.<\/p>","protected":false},"featured_media":231506,"comment_status":"open","ping_status":"closed","template":"","meta":[],"product_brand":[],"product_cat":[38,39,44,32,53,40,49,37],"product_tag":[],"class_list":{"0":"post-230879","1":"product","2":"type-product","3":"status-publish","4":"has-post-thumbnail","6":"product_cat-adultos","7":"product_cat-aventura","8":"product_cat-con-comida","9":"product_cat-familia","10":"product_cat-ninos","11":"product_cat-con-traslado","12":"product_cat-invierno","13":"product_cat-terrestre","15":"first","16":"instock","17":"virtual","18":"sold-individually","19":"purchasable","20":"product-type-booking"},"booking_location":"","booking_location_type":"","booking_duration":3,"booking_duration_unit":"hour","booking_buffer":0,"booking_cost":0,"booking_resources":[],"exclude_global_add_ons":[],"addons":[],"yoast_head":"<!-- This site is optimized with the Yoast SEO Premium plugin v24.5 (Yoast SEO v24.8) - https:\/\/yoast.com\/wordpress\/plugins\/seo\/ -->\n<title>La Cueva - Paseo nocturno y cena - Centro Reservas Bariloche Patagonia Argentina<\/title>\n<meta name=\"robots\" content=\"index, follow, max-snippet:-1, max-image-preview:large, max-video-preview:-1\" \/>\n<link rel=\"canonical\" href=\"https:\/\/centroreservasbariloche.com\/pt\/product\/a-caverna-caminhada-noturna-jantar\/\" \/>\n<meta property=\"og:locale\" content=\"pt_BR\" \/>\n<meta property=\"og:type\" content=\"article\" \/>\n<meta property=\"og:title\" content=\"La Cueva - Paseo nocturno y cena\" \/>\n<meta property=\"og:description\" content=\"Experiment\u00e1 una aventura invernal inigualable en el Cerro Catedral con un paseo nocturno en moto de nieve y una cena patag\u00f3nica gourmet. Reserv\u00e1 ahora y descubr\u00ed la magia de la monta\u00f1a.\" \/>\n<meta property=\"og:url\" content=\"https:\/\/centroreservasbariloche.com\/pt\/product\/a-caverna-caminhada-noturna-jantar\/\" \/>\n<meta property=\"og:site_name\" content=\"Centro Reservas Bariloche Patagonia Argentina\" \/>\n<meta property=\"article:publisher\" content=\"https:\/\/www.facebook.com\/centroreservasbariloche\" \/>\n<meta property=\"article:modified_time\" content=\"2026-04-10T01:13:37+00:00\" \/>\n<meta property=\"og:image\" content=\"https:\/\/buck.getjasper.digital\/2025\/06\/5-B-Airbrush-Image-Enhancer-1755525040220-copia-scaled.jpg\" \/>\n\t<meta property=\"og:image:width\" content=\"1920\" \/>\n\t<meta property=\"og:image:height\" content=\"2560\" \/>\n\t<meta property=\"og:image:type\" content=\"image\/jpeg\" \/>\n<meta name=\"twitter:card\" content=\"summary_large_image\" \/>\n<meta name=\"twitter:label1\" content=\"Pre\u00e7o\" \/>\n\t<meta name=\"twitter:data1\" content=\"&#036;&nbsp;360.000,00\" \/>\n\t<meta name=\"twitter:label2\" content=\"Disponibilidade\" \/>\n\t<meta name=\"twitter:data2\" content=\"Em Estoque\" \/>\n<script type=\"application\/ld+json\" class=\"yoast-schema-graph\">{\"@context\":\"https:\/\/schema.org\",\"@graph\":[{\"@type\":[\"WebPage\",\"ItemPage\"],\"@id\":\"https:\/\/centroreservasbariloche.com\/product\/la-cueva-paseo-nocturno-cena\",\"url\":\"https:\/\/centroreservasbariloche.com\/product\/la-cueva-paseo-nocturno-cena\",\"name\":\"La Cueva - Paseo nocturno y cena - Centro Reservas Bariloche Patagonia Argentina\",\"isPartOf\":{\"@id\":\"https:\/\/centroreservasbariloche.com\/#website\"},\"primaryImageOfPage\":{\"@id\":\"https:\/\/centroreservasbariloche.com\/product\/la-cueva-paseo-nocturno-cena#primaryimage\"},\"image\":{\"@id\":\"https:\/\/centroreservasbariloche.com\/product\/la-cueva-paseo-nocturno-cena#primaryimage\"},\"thumbnailUrl\":\"https:\/\/buck.getjasper.digital\/2025\/06\/5-B-Airbrush-Image-Enhancer-1755525040220-copia-scaled.jpg\",\"datePublished\":\"2025-04-09T17:51:11+00:00\",\"dateModified\":\"2026-04-10T01:13:37+00:00\",\"breadcrumb\":{\"@id\":\"https:\/\/centroreservasbariloche.com\/product\/la-cueva-paseo-nocturno-cena#breadcrumb\"},\"inLanguage\":\"pt-BR\",\"potentialAction\":[{\"@type\":\"ReadAction\",\"target\":[\"https:\/\/centroreservasbariloche.com\/product\/la-cueva-paseo-nocturno-cena\"]}]},{\"@type\":\"ImageObject\",\"inLanguage\":\"pt-BR\",\"@id\":\"https:\/\/centroreservasbariloche.com\/product\/la-cueva-paseo-nocturno-cena#primaryimage\",\"url\":\"https:\/\/buck.getjasper.digital\/2025\/06\/5-B-Airbrush-Image-Enhancer-1755525040220-copia-scaled.jpg\",\"contentUrl\":\"https:\/\/buck.getjasper.digital\/2025\/06\/5-B-Airbrush-Image-Enhancer-1755525040220-copia-scaled.jpg\",\"width\":1920,\"height\":2560},{\"@type\":\"BreadcrumbList\",\"@id\":\"https:\/\/centroreservasbariloche.com\/product\/la-cueva-paseo-nocturno-cena#breadcrumb\",\"itemListElement\":[{\"@type\":\"ListItem\",\"position\":1,\"name\":\"Home\",\"item\":\"https:\/\/centroreservasbariloche.com\/\"},{\"@type\":\"ListItem\",\"position\":2,\"name\":\"Nuestras actividades\",\"item\":\"https:\/\/centroreservasbariloche.com\/shop\"},{\"@type\":\"ListItem\",\"position\":3,\"name\":\"La Cueva &#8211; Paseo nocturno y cena\"}]},{\"@type\":\"WebSite\",\"@id\":\"https:\/\/centroreservasbariloche.com\/#website\",\"url\":\"https:\/\/centroreservasbariloche.com\/\",\"name\":\"Centro Reservas Bariloche Patagonia Argentina\",\"description\":\"Centro Reservas Bariloche Patagonia\",\"publisher\":{\"@id\":\"https:\/\/centroreservasbariloche.com\/#organization\"},\"alternateName\":\"tur centra bariloche\",\"potentialAction\":[{\"@type\":\"SearchAction\",\"target\":{\"@type\":\"EntryPoint\",\"urlTemplate\":\"https:\/\/centroreservasbariloche.com\/?s={search_term_string}\"},\"query-input\":{\"@type\":\"PropertyValueSpecification\",\"valueRequired\":true,\"valueName\":\"search_term_string\"}}],\"inLanguage\":\"pt-BR\"},{\"@type\":[\"Organization\",\"Place\",\"TravelAgency\"],\"@id\":\"https:\/\/centroreservasbariloche.com\/#organization\",\"name\":\"Centro Reservas Bariloche\",\"alternateName\":\"Centro de Reservas\",\"url\":\"https:\/\/centroreservasbariloche.com\/\",\"logo\":{\"@id\":\"https:\/\/centroreservasbariloche.com\/product\/la-cueva-paseo-nocturno-cena#local-main-organization-logo\"},\"image\":{\"@id\":\"https:\/\/centroreservasbariloche.com\/product\/la-cueva-paseo-nocturno-cena#local-main-organization-logo\"},\"sameAs\":[\"https:\/\/www.facebook.com\/centroreservasbariloche\"],\"description\":\"Estamos comprometidos en brindarles una experiencia inolvidable, llena de aventura, belleza natural y descubrimientos. No importa si es su primera visita a Bariloche o si ya ha tenido el placer de conocerla, estamos seguros de que encontrar\u00e1 en nuestras excursiones la oportunidad de crear recuerdos duraderos.\",\"legalName\":\"Centro Reservas Bariloche\",\"address\":{\"@id\":\"https:\/\/centroreservasbariloche.com\/product\/la-cueva-paseo-nocturno-cena#local-main-place-address\"},\"telephone\":[],\"openingHoursSpecification\":[{\"@type\":\"OpeningHoursSpecification\",\"dayOfWeek\":[\"Monday\",\"Tuesday\",\"Wednesday\",\"Thursday\",\"Friday\",\"Saturday\",\"Sunday\"],\"opens\":\"09:00\",\"closes\":\"17:00\"}],\"priceRange\":\"$$\"},{\"@type\":\"PostalAddress\",\"@id\":\"https:\/\/centroreservasbariloche.com\/product\/la-cueva-paseo-nocturno-cena#local-main-place-address\",\"streetAddress\":\"Mitre 131\",\"addressLocality\":\"San Carlos de Bariloche\",\"postalCode\":\"8400\",\"addressRegion\":\"R\u00edo Negro\",\"addressCountry\":\"AR\"},{\"@type\":\"ImageObject\",\"inLanguage\":\"pt-BR\",\"@id\":\"https:\/\/centroreservasbariloche.com\/product\/la-cueva-paseo-nocturno-cena#local-main-organization-logo\",\"url\":\"https:\/\/buck.getjasper.digital\/2025\/06\/centro-de-reservas-2-1.png\",\"contentUrl\":\"https:\/\/buck.getjasper.digital\/2025\/06\/centro-de-reservas-2-1.png\",\"width\":512,\"height\":512,\"caption\":\"Centro Reservas Bariloche\"}]}<\/script>\n<meta property=\"product:price:amount\" content=\"360000.00\" \/>\n<meta property=\"product:price:currency\" content=\"ARS\" \/>\n<meta property=\"og:availability\" content=\"instock\" \/>\n<meta property=\"product:availability\" content=\"instock\" \/>\n<meta property=\"product:retailer_item_id\" content=\"ADV2025LACUP4UN6\" \/>\n<meta property=\"product:condition\" content=\"new\" \/>\n<meta name=\"geo.placename\" content=\"San Carlos de Bariloche\" \/>\n<meta name=\"geo.region\" content=\"Argentina\" \/>\n<!-- \/ Yoast SEO Premium plugin. -->","yoast_head_json":{"title":"La Cueva - Caminhada noturna e jantar - Centro Reservas Bariloche Patag\u00f4nia Argentina","robots":{"index":"index","follow":"follow","max-snippet":"max-snippet:-1","max-image-preview":"max-image-preview:large","max-video-preview":"max-video-preview:-1"},"canonical":"https:\/\/centroreservasbariloche.com\/pt\/product\/a-caverna-caminhada-noturna-jantar\/","og_locale":"pt_BR","og_type":"article","og_title":"La Cueva - Paseo nocturno y cena","og_description":"Experiment\u00e1 una aventura invernal inigualable en el Cerro Catedral con un paseo nocturno en moto de nieve y una cena patag\u00f3nica gourmet. Reserv\u00e1 ahora y descubr\u00ed la magia de la monta\u00f1a.","og_url":"https:\/\/centroreservasbariloche.com\/pt\/product\/a-caverna-caminhada-noturna-jantar\/","og_site_name":"Centro Reservas Bariloche Patagonia Argentina","article_publisher":"https:\/\/www.facebook.com\/centroreservasbariloche","article_modified_time":"2026-04-10T01:13:37+00:00","og_image":[{"width":1920,"height":2560,"url":"https:\/\/buck.getjasper.digital\/2025\/06\/5-B-Airbrush-Image-Enhancer-1755525040220-copia-scaled.jpg","type":"image\/jpeg"}],"twitter_card":"summary_large_image","twitter_misc":{"Pre\u00e7o":"&#36;&nbsp;360.000,00","Disponibilidade":"Em Estoque"},"schema":{"@context":"https:\/\/schema.org","@graph":[{"@type":["WebPage","ItemPage"],"@id":"https:\/\/centroreservasbariloche.com\/product\/la-cueva-paseo-nocturno-cena","url":"https:\/\/centroreservasbariloche.com\/product\/la-cueva-paseo-nocturno-cena","name":"La Cueva - Caminhada noturna e jantar - Centro Reservas Bariloche Patag\u00f4nia Argentina","isPartOf":{"@id":"https:\/\/centroreservasbariloche.com\/#website"},"primaryImageOfPage":{"@id":"https:\/\/centroreservasbariloche.com\/product\/la-cueva-paseo-nocturno-cena#primaryimage"},"image":{"@id":"https:\/\/centroreservasbariloche.com\/product\/la-cueva-paseo-nocturno-cena#primaryimage"},"thumbnailUrl":"https:\/\/buck.getjasper.digital\/2025\/06\/5-B-Airbrush-Image-Enhancer-1755525040220-copia-scaled.jpg","datePublished":"2025-04-09T17:51:11+00:00","dateModified":"2026-04-10T01:13:37+00:00","breadcrumb":{"@id":"https:\/\/centroreservasbariloche.com\/product\/la-cueva-paseo-nocturno-cena#breadcrumb"},"inLanguage":"pt-BR","potentialAction":[{"@type":"ReadAction","target":["https:\/\/centroreservasbariloche.com\/product\/la-cueva-paseo-nocturno-cena"]}]},{"@type":"ImageObject","inLanguage":"pt-BR","@id":"https:\/\/centroreservasbariloche.com\/product\/la-cueva-paseo-nocturno-cena#primaryimage","url":"https:\/\/buck.getjasper.digital\/2025\/06\/5-B-Airbrush-Image-Enhancer-1755525040220-copia-scaled.jpg","contentUrl":"https:\/\/buck.getjasper.digital\/2025\/06\/5-B-Airbrush-Image-Enhancer-1755525040220-copia-scaled.jpg","width":1920,"height":2560},{"@type":"BreadcrumbList","@id":"https:\/\/centroreservasbariloche.com\/product\/la-cueva-paseo-nocturno-cena#breadcrumb","itemListElement":[{"@type":"ListItem","position":1,"name":"Home","item":"https:\/\/centroreservasbariloche.com\/"},{"@type":"ListItem","position":2,"name":"Nuestras actividades","item":"https:\/\/centroreservasbariloche.com\/shop"},{"@type":"ListItem","position":3,"name":"La Cueva &#8211; Paseo nocturno y cena"}]},{"@type":"WebSite","@id":"https:\/\/centroreservasbariloche.com\/#website","url":"https:\/\/centroreservasbariloche.com\/","name":"Centro de Reservas de Bariloche Patag\u00f4nia Argentina","description":"Central de Reservas de Bariloche Patag\u00f4nia","publisher":{"@id":"https:\/\/centroreservasbariloche.com\/#organization"},"alternateName":"tur centra bariloche","potentialAction":[{"@type":"SearchAction","target":{"@type":"EntryPoint","urlTemplate":"https:\/\/centroreservasbariloche.com\/?s={search_term_string}"},"query-input":{"@type":"PropertyValueSpecification","valueRequired":true,"valueName":"search_term_string"}}],"inLanguage":"pt-BR"},{"@type":["Organization","Place","TravelAgency"],"@id":"https:\/\/centroreservasbariloche.com\/#organization","name":"Centro de Reservas de Bariloche","alternateName":"Centro de Reservas","url":"https:\/\/centroreservasbariloche.com\/","logo":{"@id":"https:\/\/centroreservasbariloche.com\/product\/la-cueva-paseo-nocturno-cena#local-main-organization-logo"},"image":{"@id":"https:\/\/centroreservasbariloche.com\/product\/la-cueva-paseo-nocturno-cena#local-main-organization-logo"},"sameAs":["https:\/\/www.facebook.com\/centroreservasbariloche"],"description":"Temos o compromisso de proporcionar a voc\u00ea uma experi\u00eancia inesquec\u00edvel, cheia de aventura, beleza natural e descobertas. Quer seja sua primeira visita a Bariloche ou se j\u00e1 teve o prazer de conhec\u00ea-la, temos certeza de que encontrar\u00e1 em nossas excurs\u00f5es a oportunidade de criar mem\u00f3rias duradouras.","legalName":"Centro Reservas Bariloche","address":{"@id":"https:\/\/centroreservasbariloche.com\/product\/la-cueva-paseo-nocturno-cena#local-main-place-address"},"telephone":[],"openingHoursSpecification":[{"@type":"OpeningHoursSpecification","dayOfWeek":["Monday","Tuesday","Wednesday","Thursday","Friday","Saturday","Sunday"],"opens":"09:00","closes":"17:00"}],"priceRange":"$$"},{"@type":"PostalAddress","@id":"https:\/\/centroreservasbariloche.com\/product\/la-cueva-paseo-nocturno-cena#local-main-place-address","streetAddress":"Mitre 131","addressLocality":"San Carlos de Bariloche","postalCode":"8400","addressRegion":"R\u00edo Negro","addressCountry":"AR"},{"@type":"ImageObject","inLanguage":"pt-BR","@id":"https:\/\/centroreservasbariloche.com\/product\/la-cueva-paseo-nocturno-cena#local-main-organization-logo","url":"https:\/\/buck.getjasper.digital\/2025\/06\/centro-de-reservas-2-1.png","contentUrl":"https:\/\/buck.getjasper.digital\/2025\/06\/centro-de-reservas-2-1.png","width":512,"height":512,"caption":"Centro Reservas Bariloche"}]},"product_price_amount":"360000.00","product_price_currency":"ARS","og_availability":"instock","product_availability":"instock","product_retailer_item_id":"ADV2025LACUP4UN6","product_condition":"new","geo.placename":"San Carlos de Bariloche","geo.region":"Argentina"},"_links":{"self":[{"href":"https:\/\/centroreservasbariloche.com\/pt\/wp-json\/wp\/v2\/product\/230879","targetHints":{"allow":["GET"]}}],"collection":[{"href":"https:\/\/centroreservasbariloche.com\/pt\/wp-json\/wp\/v2\/product"}],"about":[{"href":"https:\/\/centroreservasbariloche.com\/pt\/wp-json\/wp\/v2\/types\/product"}],"replies":[{"embeddable":true,"href":"https:\/\/centroreservasbariloche.com\/pt\/wp-json\/wp\/v2\/comments?post=230879"}],"wp:featuredmedia":[{"embeddable":true,"href":"https:\/\/centroreservasbariloche.com\/pt\/wp-json\/wp\/v2\/media\/231506"}],"wp:attachment":[{"href":"https:\/\/centroreservasbariloche.com\/pt\/wp-json\/wp\/v2\/media?parent=230879"}],"wp:term":[{"taxonomy":"product_brand","embeddable":true,"href":"https:\/\/centroreservasbariloche.com\/pt\/wp-json\/wp\/v2\/product_brand?post=230879"},{"taxonomy":"product_cat","embeddable":true,"href":"https:\/\/centroreservasbariloche.com\/pt\/wp-json\/wp\/v2\/product_cat?post=230879"},{"taxonomy":"product_tag","embeddable":true,"href":"https:\/\/centroreservasbariloche.com\/pt\/wp-json\/wp\/v2\/product_tag?post=230879"}],"curies":[{"name":"wp","href":"https:\/\/api.w.org\/{rel}","templated":true}]}}