{"id":230881,"date":"2025-04-09T15:37:01","date_gmt":"2025-04-09T18:37:01","guid":{"rendered":"https:\/\/centroreservasbariloche.com\/?post_type=product&#038;p=230881"},"modified":"2026-04-09T22:14:41","modified_gmt":"2026-04-10T01:14:41","slug":"la-cueva-travesia-diurna-moto-nieve-cuatriciclos-traslado","status":"publish","type":"product","link":"https:\/\/centroreservasbariloche.com\/pt\/product\/la-cueva-day-trip-snowmobile-quadriciclos-traslado","title":{"rendered":"La Cueva - Excurs\u00e3o de um dia em motos de neve e quadriciclos - Com traslado"},"content":{"rendered":"<p>&nbsp;<\/p>\n<h2>Uma experi\u00eancia inigual\u00e1vel na neve<\/h2>\n<p>Descubra a emo\u00e7\u00e3o de entrar nas paisagens invernais de Bariloche por meio de um passeio exclusivo, combinando a adrenalina das motos de neve e a versatilidade dos quadriciclos. Acompanhado por guias especializados, esse passeio de 7 km permitir\u00e1 que voc\u00ea contemple a majestade das colinas, riachos e florestas de lengas, que chegam a at\u00e9 1.400 metros de altura.<\/p>\n<h3>Itiner\u00e1rio e detalhes da atividade<\/h3>\n<ul>\n<li><strong>Rota:<\/strong> 7 km com paradas em pontos de vista naturais para apreciar a beleza c\u00eanica.<\/li>\n<li><strong>Ve\u00edculos de aventura:<\/strong> Experimente a emo\u00e7\u00e3o em quadriciclos e snowmobiles, ideais para explorar terrenos exclusivos.<\/li>\n<li><strong>Hor\u00e1rios:<\/strong> Das 08:00 hs \u00e0s 13:00 hs, em perfeita sincronia com a luz natural do dia.<\/li>\n<li><strong>Ele inclui:<\/strong> Traslados de ida e volta, 50 minutos de atividade em cada ve\u00edculo (m\u00e1ximo de 2 pessoas por ve\u00edculo) e assist\u00eancia de guias qualificados.<\/li>\n<\/ul>\n<h3>Destaques da excurs\u00e3o<\/h3>\n<ul>\n<li>A atividade ocorre a partir de 15 de junho, quando a neve cobre as colinas em todo o seu esplendor.<\/li>\n<li>Contrata\u00e7\u00e3o opcional sem traslado, sendo necess\u00e1rio estar na base do Cerro Catedral.<\/li>\n<li>Ideal para quem quer combinar aventura, conforto e a majestosa natureza invernal da regi\u00e3o.<\/li>\n<\/ul>\n<h3>Perguntas frequentes (FAQ)<\/h3>\n<ul>\n<li><strong>Quando s\u00e3o realizadas as excurs\u00f5es de inverno?<\/strong>As atividades come\u00e7am a partir de 15 de junho, durante a temporada de neve.<\/li>\n<li><strong>O que a atividade inclui?<\/strong>O pacote inclui traslados completos, 50 minutos de experi\u00eancia em ATVs e snowmobiles e a supervis\u00e3o de guias especializados.<\/li>\n<li><strong>O que devo levar?<\/strong>Recomenda-se levar roupas adequadas para neve, pois elas n\u00e3o est\u00e3o inclu\u00eddas no pacote.<\/li>\n<li><strong>Como fa\u00e7o para chegar ao ponto de partida?<\/strong>No modo sem transfer\u00eancia, \u00e9 necess\u00e1rio ir at\u00e9 a base do Cerro Catedral para iniciar a experi\u00eancia.\n<p>Aviso importante: Este passeio j\u00e1 est\u00e1 dispon\u00edvel para pr\u00e9-reserva. As sa\u00eddas operam de 15 de junho a 20 de agosto, sujeitas ao calend\u00e1rio sazonal.<\/li>\n<\/ul>","protected":false},"excerpt":{"rendered":"<p>Viva uma aventura \u00fanica em Bariloche, percorrendo 7 km em quadriciclos e snowmobiles. Desfrute de paisagens incompar\u00e1veis, com traslados inclu\u00eddos e a orienta\u00e7\u00e3o de especialistas que o acompanhar\u00e3o em todos os momentos.<\/p>","protected":false},"featured_media":231551,"comment_status":"open","ping_status":"closed","template":"","meta":[],"product_brand":[],"product_cat":[38,39,32,53,40,49,36,37],"product_tag":[],"class_list":{"0":"post-230881","1":"product","2":"type-product","3":"status-publish","4":"has-post-thumbnail","6":"product_cat-adultos","7":"product_cat-aventura","8":"product_cat-familia","9":"product_cat-ninos","10":"product_cat-con-traslado","11":"product_cat-invierno","12":"product_cat-sin-comida","13":"product_cat-terrestre","15":"first","16":"instock","17":"virtual","18":"sold-individually","19":"purchasable","20":"product-type-booking"},"booking_location":"","booking_location_type":"","booking_duration":5,"booking_duration_unit":"hour","booking_buffer":0,"booking_cost":0,"booking_resources":[],"exclude_global_add_ons":[],"addons":[],"yoast_head":"<!-- This site is optimized with the Yoast SEO Premium plugin v24.5 (Yoast SEO v24.8) - https:\/\/yoast.com\/wordpress\/plugins\/seo\/ -->\n<title>La Cueva \u2013 Traves\u00eda Diurna en Moto de Nieve y Cuatriciclos- Con traslado - Centro Reservas Bariloche Patagonia Argentina<\/title>\n<meta name=\"robots\" content=\"index, follow, max-snippet:-1, max-image-preview:large, max-video-preview:-1\" \/>\n<link rel=\"canonical\" href=\"https:\/\/centroreservasbariloche.com\/pt\/product\/la-cueva-day-trip-snowmobile-quadriciclos-traslado\/\" \/>\n<meta property=\"og:locale\" content=\"pt_BR\" \/>\n<meta property=\"og:type\" content=\"article\" \/>\n<meta property=\"og:title\" content=\"La Cueva \u2013 Traves\u00eda Diurna en Moto de Nieve y Cuatriciclos- Con traslado\" \/>\n<meta property=\"og:description\" content=\"Viv\u00ed una aventura \u00fanica en Bariloche recorriendo 7 km en cuatriciclos y motos de nieve. Disfrut\u00e1 de paisajes inigualables, con traslados incluidos y la gu\u00eda de expertos que te acompa\u00f1ar\u00e1n en cada instante.\" \/>\n<meta property=\"og:url\" content=\"https:\/\/centroreservasbariloche.com\/pt\/product\/la-cueva-day-trip-snowmobile-quadriciclos-traslado\/\" \/>\n<meta property=\"og:site_name\" content=\"Centro Reservas Bariloche Patagonia Argentina\" \/>\n<meta property=\"article:publisher\" content=\"https:\/\/www.facebook.com\/centroreservasbariloche\" \/>\n<meta property=\"article:modified_time\" content=\"2026-04-10T01:14:41+00:00\" \/>\n<meta property=\"og:image\" content=\"https:\/\/buck.getjasper.digital\/2025\/04\/5-A-IMG_5798-scaled.jpg\" \/>\n\t<meta property=\"og:image:width\" content=\"1927\" \/>\n\t<meta property=\"og:image:height\" content=\"2560\" \/>\n\t<meta property=\"og:image:type\" content=\"image\/jpeg\" \/>\n<meta name=\"twitter:card\" content=\"summary_large_image\" \/>\n<meta name=\"twitter:label1\" content=\"Pre\u00e7o\" \/>\n\t<meta name=\"twitter:data1\" content=\"&#036;&nbsp;216.000,00\" \/>\n\t<meta name=\"twitter:label2\" content=\"Disponibilidade\" \/>\n\t<meta name=\"twitter:data2\" content=\"Em Estoque\" \/>\n<script type=\"application\/ld+json\" class=\"yoast-schema-graph\">{\"@context\":\"https:\/\/schema.org\",\"@graph\":[{\"@type\":[\"WebPage\",\"ItemPage\"],\"@id\":\"https:\/\/centroreservasbariloche.com\/product\/la-cueva-travesia-diurna-moto-nieve-cuatriciclos-traslado\",\"url\":\"https:\/\/centroreservasbariloche.com\/product\/la-cueva-travesia-diurna-moto-nieve-cuatriciclos-traslado\",\"name\":\"La Cueva \u2013 Traves\u00eda Diurna en Moto de Nieve y Cuatriciclos- Con traslado - Centro Reservas Bariloche Patagonia Argentina\",\"isPartOf\":{\"@id\":\"https:\/\/centroreservasbariloche.com\/#website\"},\"primaryImageOfPage\":{\"@id\":\"https:\/\/centroreservasbariloche.com\/product\/la-cueva-travesia-diurna-moto-nieve-cuatriciclos-traslado#primaryimage\"},\"image\":{\"@id\":\"https:\/\/centroreservasbariloche.com\/product\/la-cueva-travesia-diurna-moto-nieve-cuatriciclos-traslado#primaryimage\"},\"thumbnailUrl\":\"https:\/\/buck.getjasper.digital\/2025\/04\/5-A-IMG_5798-scaled.jpg\",\"datePublished\":\"2025-04-09T18:37:01+00:00\",\"dateModified\":\"2026-04-10T01:14:41+00:00\",\"breadcrumb\":{\"@id\":\"https:\/\/centroreservasbariloche.com\/product\/la-cueva-travesia-diurna-moto-nieve-cuatriciclos-traslado#breadcrumb\"},\"inLanguage\":\"pt-BR\",\"potentialAction\":[{\"@type\":\"ReadAction\",\"target\":[\"https:\/\/centroreservasbariloche.com\/product\/la-cueva-travesia-diurna-moto-nieve-cuatriciclos-traslado\"]}]},{\"@type\":\"ImageObject\",\"inLanguage\":\"pt-BR\",\"@id\":\"https:\/\/centroreservasbariloche.com\/product\/la-cueva-travesia-diurna-moto-nieve-cuatriciclos-traslado#primaryimage\",\"url\":\"https:\/\/buck.getjasper.digital\/2025\/04\/5-A-IMG_5798-scaled.jpg\",\"contentUrl\":\"https:\/\/buck.getjasper.digital\/2025\/04\/5-A-IMG_5798-scaled.jpg\",\"width\":1927,\"height\":2560},{\"@type\":\"BreadcrumbList\",\"@id\":\"https:\/\/centroreservasbariloche.com\/product\/la-cueva-travesia-diurna-moto-nieve-cuatriciclos-traslado#breadcrumb\",\"itemListElement\":[{\"@type\":\"ListItem\",\"position\":1,\"name\":\"Home\",\"item\":\"https:\/\/centroreservasbariloche.com\/\"},{\"@type\":\"ListItem\",\"position\":2,\"name\":\"Nuestras actividades\",\"item\":\"https:\/\/centroreservasbariloche.com\/shop\"},{\"@type\":\"ListItem\",\"position\":3,\"name\":\"La Cueva \u2013 Traves\u00eda Diurna en Moto de Nieve y Cuatriciclos- Con traslado\"}]},{\"@type\":\"WebSite\",\"@id\":\"https:\/\/centroreservasbariloche.com\/#website\",\"url\":\"https:\/\/centroreservasbariloche.com\/\",\"name\":\"Centro Reservas Bariloche Patagonia Argentina\",\"description\":\"Centro Reservas Bariloche Patagonia\",\"publisher\":{\"@id\":\"https:\/\/centroreservasbariloche.com\/#organization\"},\"alternateName\":\"tur centra bariloche\",\"potentialAction\":[{\"@type\":\"SearchAction\",\"target\":{\"@type\":\"EntryPoint\",\"urlTemplate\":\"https:\/\/centroreservasbariloche.com\/?s={search_term_string}\"},\"query-input\":{\"@type\":\"PropertyValueSpecification\",\"valueRequired\":true,\"valueName\":\"search_term_string\"}}],\"inLanguage\":\"pt-BR\"},{\"@type\":[\"Organization\",\"Place\",\"TravelAgency\"],\"@id\":\"https:\/\/centroreservasbariloche.com\/#organization\",\"name\":\"Centro Reservas Bariloche\",\"alternateName\":\"Centro de Reservas\",\"url\":\"https:\/\/centroreservasbariloche.com\/\",\"logo\":{\"@id\":\"https:\/\/centroreservasbariloche.com\/product\/la-cueva-travesia-diurna-moto-nieve-cuatriciclos-traslado#local-main-organization-logo\"},\"image\":{\"@id\":\"https:\/\/centroreservasbariloche.com\/product\/la-cueva-travesia-diurna-moto-nieve-cuatriciclos-traslado#local-main-organization-logo\"},\"sameAs\":[\"https:\/\/www.facebook.com\/centroreservasbariloche\"],\"description\":\"Estamos comprometidos en brindarles una experiencia inolvidable, llena de aventura, belleza natural y descubrimientos. No importa si es su primera visita a Bariloche o si ya ha tenido el placer de conocerla, estamos seguros de que encontrar\u00e1 en nuestras excursiones la oportunidad de crear recuerdos duraderos.\",\"legalName\":\"Centro Reservas Bariloche\",\"address\":{\"@id\":\"https:\/\/centroreservasbariloche.com\/product\/la-cueva-travesia-diurna-moto-nieve-cuatriciclos-traslado#local-main-place-address\"},\"telephone\":[],\"openingHoursSpecification\":[{\"@type\":\"OpeningHoursSpecification\",\"dayOfWeek\":[\"Monday\",\"Tuesday\",\"Wednesday\",\"Thursday\",\"Friday\",\"Saturday\",\"Sunday\"],\"opens\":\"09:00\",\"closes\":\"17:00\"}],\"priceRange\":\"$$\"},{\"@type\":\"PostalAddress\",\"@id\":\"https:\/\/centroreservasbariloche.com\/product\/la-cueva-travesia-diurna-moto-nieve-cuatriciclos-traslado#local-main-place-address\",\"streetAddress\":\"Mitre 131\",\"addressLocality\":\"San Carlos de Bariloche\",\"postalCode\":\"8400\",\"addressRegion\":\"R\u00edo Negro\",\"addressCountry\":\"AR\"},{\"@type\":\"ImageObject\",\"inLanguage\":\"pt-BR\",\"@id\":\"https:\/\/centroreservasbariloche.com\/product\/la-cueva-travesia-diurna-moto-nieve-cuatriciclos-traslado#local-main-organization-logo\",\"url\":\"https:\/\/buck.getjasper.digital\/2025\/06\/centro-de-reservas-2-1.png\",\"contentUrl\":\"https:\/\/buck.getjasper.digital\/2025\/06\/centro-de-reservas-2-1.png\",\"width\":512,\"height\":512,\"caption\":\"Centro Reservas Bariloche\"}]}<\/script>\n<meta property=\"product:price:amount\" content=\"216000.00\" \/>\n<meta property=\"product:price:currency\" content=\"ARS\" \/>\n<meta property=\"og:availability\" content=\"instock\" \/>\n<meta property=\"product:availability\" content=\"instock\" \/>\n<meta property=\"product:retailer_item_id\" content=\"ADV2025LACUTS5E5\" \/>\n<meta property=\"product:condition\" content=\"new\" \/>\n<meta name=\"geo.placename\" content=\"San Carlos de Bariloche\" \/>\n<meta name=\"geo.region\" content=\"Argentina\" \/>\n<!-- \/ Yoast SEO Premium plugin. -->","yoast_head_json":{"title":"La Cueva - Excurs\u00e3o de um dia em moto de neve e quadriciclo - Com traslado - Centro Reservas Bariloche Patag\u00f4nia Argentina","robots":{"index":"index","follow":"follow","max-snippet":"max-snippet:-1","max-image-preview":"max-image-preview:large","max-video-preview":"max-video-preview:-1"},"canonical":"https:\/\/centroreservasbariloche.com\/pt\/product\/la-cueva-day-trip-snowmobile-quadriciclos-traslado\/","og_locale":"pt_BR","og_type":"article","og_title":"La Cueva \u2013 Traves\u00eda Diurna en Moto de Nieve y Cuatriciclos- Con traslado","og_description":"Viv\u00ed una aventura \u00fanica en Bariloche recorriendo 7 km en cuatriciclos y motos de nieve. Disfrut\u00e1 de paisajes inigualables, con traslados incluidos y la gu\u00eda de expertos que te acompa\u00f1ar\u00e1n en cada instante.","og_url":"https:\/\/centroreservasbariloche.com\/pt\/product\/la-cueva-day-trip-snowmobile-quadriciclos-traslado\/","og_site_name":"Centro Reservas Bariloche Patagonia Argentina","article_publisher":"https:\/\/www.facebook.com\/centroreservasbariloche","article_modified_time":"2026-04-10T01:14:41+00:00","og_image":[{"width":1927,"height":2560,"url":"https:\/\/buck.getjasper.digital\/2025\/04\/5-A-IMG_5798-scaled.jpg","type":"image\/jpeg"}],"twitter_card":"summary_large_image","twitter_misc":{"Pre\u00e7o":"&#36;&nbsp;216.000,00","Disponibilidade":"Em Estoque"},"schema":{"@context":"https:\/\/schema.org","@graph":[{"@type":["WebPage","ItemPage"],"@id":"https:\/\/centroreservasbariloche.com\/product\/la-cueva-travesia-diurna-moto-nieve-cuatriciclos-traslado","url":"https:\/\/centroreservasbariloche.com\/product\/la-cueva-travesia-diurna-moto-nieve-cuatriciclos-traslado","name":"La Cueva - Excurs\u00e3o de um dia em moto de neve e quadriciclo - Com traslado - Centro Reservas Bariloche Patag\u00f4nia Argentina","isPartOf":{"@id":"https:\/\/centroreservasbariloche.com\/#website"},"primaryImageOfPage":{"@id":"https:\/\/centroreservasbariloche.com\/product\/la-cueva-travesia-diurna-moto-nieve-cuatriciclos-traslado#primaryimage"},"image":{"@id":"https:\/\/centroreservasbariloche.com\/product\/la-cueva-travesia-diurna-moto-nieve-cuatriciclos-traslado#primaryimage"},"thumbnailUrl":"https:\/\/buck.getjasper.digital\/2025\/04\/5-A-IMG_5798-scaled.jpg","datePublished":"2025-04-09T18:37:01+00:00","dateModified":"2026-04-10T01:14:41+00:00","breadcrumb":{"@id":"https:\/\/centroreservasbariloche.com\/product\/la-cueva-travesia-diurna-moto-nieve-cuatriciclos-traslado#breadcrumb"},"inLanguage":"pt-BR","potentialAction":[{"@type":"ReadAction","target":["https:\/\/centroreservasbariloche.com\/product\/la-cueva-travesia-diurna-moto-nieve-cuatriciclos-traslado"]}]},{"@type":"ImageObject","inLanguage":"pt-BR","@id":"https:\/\/centroreservasbariloche.com\/product\/la-cueva-travesia-diurna-moto-nieve-cuatriciclos-traslado#primaryimage","url":"https:\/\/buck.getjasper.digital\/2025\/04\/5-A-IMG_5798-scaled.jpg","contentUrl":"https:\/\/buck.getjasper.digital\/2025\/04\/5-A-IMG_5798-scaled.jpg","width":1927,"height":2560},{"@type":"BreadcrumbList","@id":"https:\/\/centroreservasbariloche.com\/product\/la-cueva-travesia-diurna-moto-nieve-cuatriciclos-traslado#breadcrumb","itemListElement":[{"@type":"ListItem","position":1,"name":"Home","item":"https:\/\/centroreservasbariloche.com\/"},{"@type":"ListItem","position":2,"name":"Nuestras actividades","item":"https:\/\/centroreservasbariloche.com\/shop"},{"@type":"ListItem","position":3,"name":"La Cueva \u2013 Traves\u00eda Diurna en Moto de Nieve y Cuatriciclos- Con traslado"}]},{"@type":"WebSite","@id":"https:\/\/centroreservasbariloche.com\/#website","url":"https:\/\/centroreservasbariloche.com\/","name":"Centro de Reservas de Bariloche Patag\u00f4nia Argentina","description":"Central de Reservas de Bariloche Patag\u00f4nia","publisher":{"@id":"https:\/\/centroreservasbariloche.com\/#organization"},"alternateName":"tur centra bariloche","potentialAction":[{"@type":"SearchAction","target":{"@type":"EntryPoint","urlTemplate":"https:\/\/centroreservasbariloche.com\/?s={search_term_string}"},"query-input":{"@type":"PropertyValueSpecification","valueRequired":true,"valueName":"search_term_string"}}],"inLanguage":"pt-BR"},{"@type":["Organization","Place","TravelAgency"],"@id":"https:\/\/centroreservasbariloche.com\/#organization","name":"Centro de Reservas de Bariloche","alternateName":"Centro de Reservas","url":"https:\/\/centroreservasbariloche.com\/","logo":{"@id":"https:\/\/centroreservasbariloche.com\/product\/la-cueva-travesia-diurna-moto-nieve-cuatriciclos-traslado#local-main-organization-logo"},"image":{"@id":"https:\/\/centroreservasbariloche.com\/product\/la-cueva-travesia-diurna-moto-nieve-cuatriciclos-traslado#local-main-organization-logo"},"sameAs":["https:\/\/www.facebook.com\/centroreservasbariloche"],"description":"Temos o compromisso de proporcionar a voc\u00ea uma experi\u00eancia inesquec\u00edvel, cheia de aventura, beleza natural e descobertas. Quer seja sua primeira visita a Bariloche ou se j\u00e1 teve o prazer de conhec\u00ea-la, temos certeza de que encontrar\u00e1 em nossas excurs\u00f5es a oportunidade de criar mem\u00f3rias duradouras.","legalName":"Centro Reservas Bariloche","address":{"@id":"https:\/\/centroreservasbariloche.com\/product\/la-cueva-travesia-diurna-moto-nieve-cuatriciclos-traslado#local-main-place-address"},"telephone":[],"openingHoursSpecification":[{"@type":"OpeningHoursSpecification","dayOfWeek":["Monday","Tuesday","Wednesday","Thursday","Friday","Saturday","Sunday"],"opens":"09:00","closes":"17:00"}],"priceRange":"$$"},{"@type":"PostalAddress","@id":"https:\/\/centroreservasbariloche.com\/product\/la-cueva-travesia-diurna-moto-nieve-cuatriciclos-traslado#local-main-place-address","streetAddress":"Mitre 131","addressLocality":"San Carlos de Bariloche","postalCode":"8400","addressRegion":"R\u00edo Negro","addressCountry":"AR"},{"@type":"ImageObject","inLanguage":"pt-BR","@id":"https:\/\/centroreservasbariloche.com\/product\/la-cueva-travesia-diurna-moto-nieve-cuatriciclos-traslado#local-main-organization-logo","url":"https:\/\/buck.getjasper.digital\/2025\/06\/centro-de-reservas-2-1.png","contentUrl":"https:\/\/buck.getjasper.digital\/2025\/06\/centro-de-reservas-2-1.png","width":512,"height":512,"caption":"Centro Reservas Bariloche"}]},"product_price_amount":"216000.00","product_price_currency":"ARS","og_availability":"instock","product_availability":"instock","product_retailer_item_id":"ADV2025LACUTS5E5","product_condition":"new","geo.placename":"San Carlos de Bariloche","geo.region":"Argentina"},"_links":{"self":[{"href":"https:\/\/centroreservasbariloche.com\/pt\/wp-json\/wp\/v2\/product\/230881","targetHints":{"allow":["GET"]}}],"collection":[{"href":"https:\/\/centroreservasbariloche.com\/pt\/wp-json\/wp\/v2\/product"}],"about":[{"href":"https:\/\/centroreservasbariloche.com\/pt\/wp-json\/wp\/v2\/types\/product"}],"replies":[{"embeddable":true,"href":"https:\/\/centroreservasbariloche.com\/pt\/wp-json\/wp\/v2\/comments?post=230881"}],"wp:featuredmedia":[{"embeddable":true,"href":"https:\/\/centroreservasbariloche.com\/pt\/wp-json\/wp\/v2\/media\/231551"}],"wp:attachment":[{"href":"https:\/\/centroreservasbariloche.com\/pt\/wp-json\/wp\/v2\/media?parent=230881"}],"wp:term":[{"taxonomy":"product_brand","embeddable":true,"href":"https:\/\/centroreservasbariloche.com\/pt\/wp-json\/wp\/v2\/product_brand?post=230881"},{"taxonomy":"product_cat","embeddable":true,"href":"https:\/\/centroreservasbariloche.com\/pt\/wp-json\/wp\/v2\/product_cat?post=230881"},{"taxonomy":"product_tag","embeddable":true,"href":"https:\/\/centroreservasbariloche.com\/pt\/wp-json\/wp\/v2\/product_tag?post=230881"}],"curies":[{"name":"wp","href":"https:\/\/api.w.org\/{rel}","templated":true}]}}