{"id":230882,"date":"2025-04-09T15:37:52","date_gmt":"2025-04-09T18:37:52","guid":{"rendered":"https:\/\/centroreservasbariloche.com\/?post_type=product&#038;p=230882"},"modified":"2026-04-09T22:15:20","modified_gmt":"2026-04-10T01:15:20","slug":"la-cueva-after-ski","status":"publish","type":"product","link":"https:\/\/centroreservasbariloche.com\/pt\/product\/a-caverna-depois-do-esqui","title":{"rendered":"Depois de esquiar em La Cueva com traslado inclu\u00eddo"},"content":{"rendered":"<h3 data-start=\"543\" data-end=\"614\">Uma excurs\u00e3o projetada para aproveitar a neve com tudo organizado.<\/h3>\n<p data-start=\"615\" data-end=\"872\">Partindo de pontos de encontro estrat\u00e9gicos entre o centro de Bariloche e o km 8 da Av. Bustillo ou Pioneros, essa atividade come\u00e7a em <strong data-start=\"762\" data-end=\"774\">14:30 hs<\/strong>, rumo ao <strong data-start=\"785\" data-end=\"803\">Cerro Catedral<\/strong>, O cen\u00e1rio ideal para uma verdadeira experi\u00eancia na Patag\u00f4nia.<\/p>\n<p data-start=\"874\" data-end=\"1149\">De l\u00e1, uma visita guiada a <strong data-start=\"914\" data-end=\"955\">7 km em snowmobiles ou quadriciclos<\/strong>, cruzando trilhas nevadas atrav\u00e9s de florestas andinas. Durante todo o passeio, um guia especializado acompanha o grupo, garantindo a seguran\u00e7a e a divers\u00e3o de todos, mesmo sem experi\u00eancia pr\u00e9via.<\/p>\n<p data-start=\"1151\" data-end=\"1537\">Chegando ao ref\u00fagio <strong data-start=\"1172\" data-end=\"1184\">A Caverna<\/strong>, O grupo \u00e9 recebido em um ambiente acolhedor, cercado pela natureza. Uma degusta\u00e7\u00e3o completa \u00e9 oferecida no local: <strong data-start=\"1298\" data-end=\"1400\">fondue de queijo, p\u00e3es caseiros, doces, sobremesas, chocolates, cerveja artesanal e bebidas quentes<\/strong>. \u00c9 o final perfeito para uma tarde de aventura e conex\u00e3o com a paisagem. O retorno \u00e0 cidade est\u00e1 programado para <strong data-start=\"1524\" data-end=\"1536\">18:30 hs<\/strong>.<\/p>\n<h3 data-start=\"1544\" data-end=\"1569\">O que est\u00e1 inclu\u00eddo?<\/h3>\n<ul data-start=\"1570\" data-end=\"1869\">\n<li data-start=\"1570\" data-end=\"1635\">\n<p data-start=\"1572\" data-end=\"1635\">Traslado de e para os pontos de encontro estabelecidos.<\/p>\n<\/li>\n<li data-start=\"1636\" data-end=\"1696\">\n<p data-start=\"1638\" data-end=\"1696\">Passeio guiado em snowmobiles ou quadriciclos (7 km).<\/p>\n<\/li>\n<li data-start=\"1697\" data-end=\"1763\">\n<p data-start=\"1699\" data-end=\"1763\">Guias profissionais e equipamento completo (capacete, ve\u00edculo).<\/p>\n<\/li>\n<li data-start=\"1764\" data-end=\"1806\">\n<p data-start=\"1766\" data-end=\"1806\">Acesso ao ref\u00fagio de montanha La Cueva.<\/p>\n<\/li>\n<li data-start=\"1807\" data-end=\"1869\">\n<p data-start=\"1809\" data-end=\"1869\">Degusta\u00e7\u00e3o patag\u00f4nica: fondue, doces, cerveja, caf\u00e9 e muito mais.<\/p>\n<\/li>\n<\/ul>\n<h3 data-start=\"1876\" data-end=\"1898\">Informa\u00e7\u00f5es \u00fateis<\/h3>\n<ul data-start=\"1899\" data-end=\"2166\">\n<li data-start=\"1899\" data-end=\"1943\">\n<p data-start=\"1901\" data-end=\"1943\"><strong data-start=\"1901\" data-end=\"1920\">Dura\u00e7\u00e3o total:<\/strong> das 14:30 \u00e0s 18:30 hs.<\/p>\n<\/li>\n<li data-start=\"1944\" data-end=\"2008\">\n<p data-start=\"1946\" data-end=\"2008\"><strong data-start=\"1946\" data-end=\"1962\">Idade m\u00ednima:<\/strong> 6 anos de idade (somente maiores de 18 anos podem dirigir).<\/p>\n<\/li>\n<li data-start=\"2009\" data-end=\"2078\">\n<p data-start=\"2011\" data-end=\"2078\"><strong data-start=\"2011\" data-end=\"2029\">Restri\u00e7\u00f5es:<\/strong> mulheres gr\u00e1vidas n\u00e3o podem participar.<\/p>\n<\/li>\n<li data-start=\"2079\" data-end=\"2166\">\n<p data-start=\"2081\" data-end=\"2166\"><strong data-start=\"2081\" data-end=\"2105\">Traje sugerido:<\/strong> roupas imperme\u00e1veis, roupas quentes, cal\u00e7ados adequados, chap\u00e9u e luvas.<\/p>\n<\/li>\n<\/ul>\n<h3 data-start=\"2173\" data-end=\"2199\">Perguntas frequentes<\/h3>\n<p data-start=\"2201\" data-end=\"2297\"><strong data-start=\"2201\" data-end=\"2236\">E se eu n\u00e3o quiser dirigir?<\/strong><br data-start=\"2236\" data-end=\"2239\" \/>O guia pode dirigir sua motocicleta ou ATV sem nenhum problema.<\/p>\n<p data-start=\"2299\" data-end=\"2389\"><strong data-start=\"2299\" data-end=\"2338\">A atividade \u00e9 segura para crian\u00e7as?<\/strong><br data-start=\"2338\" data-end=\"2341\" \/>Sim, desde que estejam acompanhados por um adulto.<\/p>\n<p data-start=\"2391\" data-end=\"2489\"><strong data-start=\"2391\" data-end=\"2425\">De onde come\u00e7a a transfer\u00eancia?<\/strong><br data-start=\"2425\" data-end=\"2428\" \/>A partir de pontos previamente coordenados. Nenhum hotel \u00e9 visitado.<\/p>\n<p data-start=\"2491\" data-end=\"2576\"><strong data-start=\"2491\" data-end=\"2520\">A alimenta\u00e7\u00e3o est\u00e1 inclu\u00edda?<\/strong><br data-start=\"2520\" data-end=\"2523\" \/>Sim, uma degusta\u00e7\u00e3o completa \u00e9 oferecida no ref\u00fagio.<br \/>\nAviso importante: Este passeio j\u00e1 est\u00e1 dispon\u00edvel para pr\u00e9-reserva. As sa\u00eddas operam de 15 de junho a 20 de agosto, sujeitas ao calend\u00e1rio sazonal.<\/p>","protected":false},"excerpt":{"rendered":"<p data-start=\"2817\" data-end=\"2985\">Partida \u00e0s 14h30 do ponto de encontro. Inclui traslado, passeio guiado na neve, equipamento completo e jantar de fondue em La Cueva. Retorno \u00e0s 18:30 hs. Ideal para grupos.<\/p>","protected":false},"featured_media":231547,"comment_status":"open","ping_status":"closed","template":"","meta":[],"product_brand":[],"product_cat":[38,39,44,32,53,40,49,37],"product_tag":[],"class_list":{"0":"post-230882","1":"product","2":"type-product","3":"status-publish","4":"has-post-thumbnail","6":"product_cat-adultos","7":"product_cat-aventura","8":"product_cat-con-comida","9":"product_cat-familia","10":"product_cat-ninos","11":"product_cat-con-traslado","12":"product_cat-invierno","13":"product_cat-terrestre","15":"first","16":"instock","17":"virtual","18":"sold-individually","19":"purchasable","20":"product-type-booking"},"booking_location":"","booking_location_type":"","booking_duration":1,"booking_duration_unit":"hour","booking_buffer":0,"booking_cost":0,"booking_resources":[],"exclude_global_add_ons":[],"addons":[],"yoast_head":"<!-- This site is optimized with the Yoast SEO Premium plugin v24.5 (Yoast SEO v24.8) - https:\/\/yoast.com\/wordpress\/plugins\/seo\/ -->\n<title>After Ski en La Cueva con traslado incluido - Centro Reservas Bariloche Patagonia Argentina<\/title>\n<meta name=\"description\" content=\"Excursi\u00f3n con traslado a La Cueva desde Bariloche. 7\u202fkm en nieve con gu\u00eda y fondue en refugio. Ideal para grupos y turistas internacionales que buscan comodidad.\" \/>\n<meta name=\"robots\" content=\"index, follow, max-snippet:-1, max-image-preview:large, max-video-preview:-1\" \/>\n<link rel=\"canonical\" href=\"https:\/\/centroreservasbariloche.com\/pt\/product\/a-caverna-depois-do-esqui\/\" \/>\n<meta property=\"og:locale\" content=\"pt_BR\" \/>\n<meta property=\"og:type\" content=\"article\" \/>\n<meta property=\"og:title\" content=\"After Ski en La Cueva con traslado incluido\" \/>\n<meta property=\"og:description\" content=\"Excursi\u00f3n con traslado a La Cueva desde Bariloche. 7\u202fkm en nieve con gu\u00eda y fondue en refugio. Ideal para grupos y turistas internacionales que buscan comodidad.\" \/>\n<meta property=\"og:url\" content=\"https:\/\/centroreservasbariloche.com\/pt\/product\/a-caverna-depois-do-esqui\/\" \/>\n<meta property=\"og:site_name\" content=\"Centro Reservas Bariloche Patagonia Argentina\" \/>\n<meta property=\"article:publisher\" content=\"https:\/\/www.facebook.com\/centroreservasbariloche\" \/>\n<meta property=\"article:modified_time\" content=\"2026-04-10T01:15:20+00:00\" \/>\n<meta property=\"og:image\" content=\"https:\/\/buck.getjasper.digital\/2025\/04\/5-A-la-cueva-h-scaled.jpg\" \/>\n\t<meta property=\"og:image:width\" content=\"1920\" \/>\n\t<meta property=\"og:image:height\" content=\"2560\" \/>\n\t<meta property=\"og:image:type\" content=\"image\/jpeg\" \/>\n<meta name=\"twitter:card\" content=\"summary_large_image\" \/>\n<meta name=\"twitter:label1\" content=\"Pre\u00e7o\" \/>\n\t<meta name=\"twitter:data1\" content=\"&#036;&nbsp;390.000,00\" \/>\n\t<meta name=\"twitter:label2\" content=\"Disponibilidade\" \/>\n\t<meta name=\"twitter:data2\" content=\"Em Estoque\" \/>\n<script type=\"application\/ld+json\" class=\"yoast-schema-graph\">{\"@context\":\"https:\/\/schema.org\",\"@graph\":[{\"@type\":[\"WebPage\",\"ItemPage\"],\"@id\":\"https:\/\/centroreservasbariloche.com\/product\/la-cueva-after-ski\",\"url\":\"https:\/\/centroreservasbariloche.com\/product\/la-cueva-after-ski\",\"name\":\"After Ski en La Cueva con traslado incluido - Centro Reservas Bariloche Patagonia Argentina\",\"isPartOf\":{\"@id\":\"https:\/\/centroreservasbariloche.com\/#website\"},\"primaryImageOfPage\":{\"@id\":\"https:\/\/centroreservasbariloche.com\/product\/la-cueva-after-ski#primaryimage\"},\"image\":{\"@id\":\"https:\/\/centroreservasbariloche.com\/product\/la-cueva-after-ski#primaryimage\"},\"thumbnailUrl\":\"https:\/\/buck.getjasper.digital\/2025\/04\/5-A-la-cueva-h-scaled.jpg\",\"datePublished\":\"2025-04-09T18:37:52+00:00\",\"dateModified\":\"2026-04-10T01:15:20+00:00\",\"description\":\"Excursi\u00f3n con traslado a La Cueva desde Bariloche. 7\u202fkm en nieve con gu\u00eda y fondue en refugio. Ideal para grupos y turistas internacionales que buscan comodidad.\",\"breadcrumb\":{\"@id\":\"https:\/\/centroreservasbariloche.com\/product\/la-cueva-after-ski#breadcrumb\"},\"inLanguage\":\"pt-BR\",\"potentialAction\":[{\"@type\":\"ReadAction\",\"target\":[\"https:\/\/centroreservasbariloche.com\/product\/la-cueva-after-ski\"]}]},{\"@type\":\"ImageObject\",\"inLanguage\":\"pt-BR\",\"@id\":\"https:\/\/centroreservasbariloche.com\/product\/la-cueva-after-ski#primaryimage\",\"url\":\"https:\/\/buck.getjasper.digital\/2025\/04\/5-A-la-cueva-h-scaled.jpg\",\"contentUrl\":\"https:\/\/buck.getjasper.digital\/2025\/04\/5-A-la-cueva-h-scaled.jpg\",\"width\":1920,\"height\":2560},{\"@type\":\"BreadcrumbList\",\"@id\":\"https:\/\/centroreservasbariloche.com\/product\/la-cueva-after-ski#breadcrumb\",\"itemListElement\":[{\"@type\":\"ListItem\",\"position\":1,\"name\":\"Home\",\"item\":\"https:\/\/centroreservasbariloche.com\/\"},{\"@type\":\"ListItem\",\"position\":2,\"name\":\"Nuestras actividades\",\"item\":\"https:\/\/centroreservasbariloche.com\/shop\"},{\"@type\":\"ListItem\",\"position\":3,\"name\":\"After Ski en La Cueva con traslado incluido\"}]},{\"@type\":\"WebSite\",\"@id\":\"https:\/\/centroreservasbariloche.com\/#website\",\"url\":\"https:\/\/centroreservasbariloche.com\/\",\"name\":\"Centro Reservas Bariloche Patagonia Argentina\",\"description\":\"Centro Reservas Bariloche Patagonia\",\"publisher\":{\"@id\":\"https:\/\/centroreservasbariloche.com\/#organization\"},\"alternateName\":\"tur centra bariloche\",\"potentialAction\":[{\"@type\":\"SearchAction\",\"target\":{\"@type\":\"EntryPoint\",\"urlTemplate\":\"https:\/\/centroreservasbariloche.com\/?s={search_term_string}\"},\"query-input\":{\"@type\":\"PropertyValueSpecification\",\"valueRequired\":true,\"valueName\":\"search_term_string\"}}],\"inLanguage\":\"pt-BR\"},{\"@type\":[\"Organization\",\"Place\",\"TravelAgency\"],\"@id\":\"https:\/\/centroreservasbariloche.com\/#organization\",\"name\":\"Centro Reservas Bariloche\",\"alternateName\":\"Centro de Reservas\",\"url\":\"https:\/\/centroreservasbariloche.com\/\",\"logo\":{\"@id\":\"https:\/\/centroreservasbariloche.com\/product\/la-cueva-after-ski#local-main-organization-logo\"},\"image\":{\"@id\":\"https:\/\/centroreservasbariloche.com\/product\/la-cueva-after-ski#local-main-organization-logo\"},\"sameAs\":[\"https:\/\/www.facebook.com\/centroreservasbariloche\"],\"description\":\"Estamos comprometidos en brindarles una experiencia inolvidable, llena de aventura, belleza natural y descubrimientos. No importa si es su primera visita a Bariloche o si ya ha tenido el placer de conocerla, estamos seguros de que encontrar\u00e1 en nuestras excursiones la oportunidad de crear recuerdos duraderos.\",\"legalName\":\"Centro Reservas Bariloche\",\"address\":{\"@id\":\"https:\/\/centroreservasbariloche.com\/product\/la-cueva-after-ski#local-main-place-address\"},\"telephone\":[],\"openingHoursSpecification\":[{\"@type\":\"OpeningHoursSpecification\",\"dayOfWeek\":[\"Monday\",\"Tuesday\",\"Wednesday\",\"Thursday\",\"Friday\",\"Saturday\",\"Sunday\"],\"opens\":\"09:00\",\"closes\":\"17:00\"}],\"priceRange\":\"$$\"},{\"@type\":\"PostalAddress\",\"@id\":\"https:\/\/centroreservasbariloche.com\/product\/la-cueva-after-ski#local-main-place-address\",\"streetAddress\":\"Mitre 131\",\"addressLocality\":\"San Carlos de Bariloche\",\"postalCode\":\"8400\",\"addressRegion\":\"R\u00edo Negro\",\"addressCountry\":\"AR\"},{\"@type\":\"ImageObject\",\"inLanguage\":\"pt-BR\",\"@id\":\"https:\/\/centroreservasbariloche.com\/product\/la-cueva-after-ski#local-main-organization-logo\",\"url\":\"https:\/\/buck.getjasper.digital\/2025\/06\/centro-de-reservas-2-1.png\",\"contentUrl\":\"https:\/\/buck.getjasper.digital\/2025\/06\/centro-de-reservas-2-1.png\",\"width\":512,\"height\":512,\"caption\":\"Centro Reservas Bariloche\"}]}<\/script>\n<meta property=\"product:price:amount\" content=\"390000.00\" \/>\n<meta property=\"product:price:currency\" content=\"ARS\" \/>\n<meta property=\"og:availability\" content=\"instock\" \/>\n<meta property=\"product:availability\" content=\"instock\" \/>\n<meta property=\"product:retailer_item_id\" content=\"ADV2025LACUAHE69\" \/>\n<meta property=\"product:condition\" content=\"new\" \/>\n<meta name=\"geo.placename\" content=\"San Carlos de Bariloche\" \/>\n<meta name=\"geo.region\" content=\"Argentina\" \/>\n<!-- \/ Yoast SEO Premium plugin. -->","yoast_head_json":{"title":"After Ski em La Cueva com traslado inclu\u00eddo - Centro Reservas Bariloche Patag\u00f4nia Argentina","description":"Excurs\u00e3o com traslado a La Cueva desde Bariloche. 7 km na neve com guia e fondue no ref\u00fagio. Ideal para grupos e turistas internacionais que buscam conforto.","robots":{"index":"index","follow":"follow","max-snippet":"max-snippet:-1","max-image-preview":"max-image-preview:large","max-video-preview":"max-video-preview:-1"},"canonical":"https:\/\/centroreservasbariloche.com\/pt\/product\/a-caverna-depois-do-esqui\/","og_locale":"pt_BR","og_type":"article","og_title":"After Ski en La Cueva con traslado incluido","og_description":"Excursi\u00f3n con traslado a La Cueva desde Bariloche. 7\u202fkm en nieve con gu\u00eda y fondue en refugio. Ideal para grupos y turistas internacionales que buscan comodidad.","og_url":"https:\/\/centroreservasbariloche.com\/pt\/product\/a-caverna-depois-do-esqui\/","og_site_name":"Centro Reservas Bariloche Patagonia Argentina","article_publisher":"https:\/\/www.facebook.com\/centroreservasbariloche","article_modified_time":"2026-04-10T01:15:20+00:00","og_image":[{"width":1920,"height":2560,"url":"https:\/\/buck.getjasper.digital\/2025\/04\/5-A-la-cueva-h-scaled.jpg","type":"image\/jpeg"}],"twitter_card":"summary_large_image","twitter_misc":{"Pre\u00e7o":"&#36;&nbsp;390.000,00","Disponibilidade":"Em Estoque"},"schema":{"@context":"https:\/\/schema.org","@graph":[{"@type":["WebPage","ItemPage"],"@id":"https:\/\/centroreservasbariloche.com\/product\/la-cueva-after-ski","url":"https:\/\/centroreservasbariloche.com\/product\/la-cueva-after-ski","name":"After Ski em La Cueva com traslado inclu\u00eddo - Centro Reservas Bariloche Patag\u00f4nia Argentina","isPartOf":{"@id":"https:\/\/centroreservasbariloche.com\/#website"},"primaryImageOfPage":{"@id":"https:\/\/centroreservasbariloche.com\/product\/la-cueva-after-ski#primaryimage"},"image":{"@id":"https:\/\/centroreservasbariloche.com\/product\/la-cueva-after-ski#primaryimage"},"thumbnailUrl":"https:\/\/buck.getjasper.digital\/2025\/04\/5-A-la-cueva-h-scaled.jpg","datePublished":"2025-04-09T18:37:52+00:00","dateModified":"2026-04-10T01:15:20+00:00","description":"Excurs\u00e3o com traslado a La Cueva desde Bariloche. 7 km na neve com guia e fondue no ref\u00fagio. Ideal para grupos e turistas internacionais que buscam conforto.","breadcrumb":{"@id":"https:\/\/centroreservasbariloche.com\/product\/la-cueva-after-ski#breadcrumb"},"inLanguage":"pt-BR","potentialAction":[{"@type":"ReadAction","target":["https:\/\/centroreservasbariloche.com\/product\/la-cueva-after-ski"]}]},{"@type":"ImageObject","inLanguage":"pt-BR","@id":"https:\/\/centroreservasbariloche.com\/product\/la-cueva-after-ski#primaryimage","url":"https:\/\/buck.getjasper.digital\/2025\/04\/5-A-la-cueva-h-scaled.jpg","contentUrl":"https:\/\/buck.getjasper.digital\/2025\/04\/5-A-la-cueva-h-scaled.jpg","width":1920,"height":2560},{"@type":"BreadcrumbList","@id":"https:\/\/centroreservasbariloche.com\/product\/la-cueva-after-ski#breadcrumb","itemListElement":[{"@type":"ListItem","position":1,"name":"Home","item":"https:\/\/centroreservasbariloche.com\/"},{"@type":"ListItem","position":2,"name":"Nuestras actividades","item":"https:\/\/centroreservasbariloche.com\/shop"},{"@type":"ListItem","position":3,"name":"After Ski en La Cueva con traslado incluido"}]},{"@type":"WebSite","@id":"https:\/\/centroreservasbariloche.com\/#website","url":"https:\/\/centroreservasbariloche.com\/","name":"Centro de Reservas de Bariloche Patag\u00f4nia Argentina","description":"Central de Reservas de Bariloche Patag\u00f4nia","publisher":{"@id":"https:\/\/centroreservasbariloche.com\/#organization"},"alternateName":"tur centra bariloche","potentialAction":[{"@type":"SearchAction","target":{"@type":"EntryPoint","urlTemplate":"https:\/\/centroreservasbariloche.com\/?s={search_term_string}"},"query-input":{"@type":"PropertyValueSpecification","valueRequired":true,"valueName":"search_term_string"}}],"inLanguage":"pt-BR"},{"@type":["Organization","Place","TravelAgency"],"@id":"https:\/\/centroreservasbariloche.com\/#organization","name":"Centro de Reservas de Bariloche","alternateName":"Centro de Reservas","url":"https:\/\/centroreservasbariloche.com\/","logo":{"@id":"https:\/\/centroreservasbariloche.com\/product\/la-cueva-after-ski#local-main-organization-logo"},"image":{"@id":"https:\/\/centroreservasbariloche.com\/product\/la-cueva-after-ski#local-main-organization-logo"},"sameAs":["https:\/\/www.facebook.com\/centroreservasbariloche"],"description":"Temos o compromisso de proporcionar a voc\u00ea uma experi\u00eancia inesquec\u00edvel, cheia de aventura, beleza natural e descobertas. Quer seja sua primeira visita a Bariloche ou se j\u00e1 teve o prazer de conhec\u00ea-la, temos certeza de que encontrar\u00e1 em nossas excurs\u00f5es a oportunidade de criar mem\u00f3rias duradouras.","legalName":"Centro Reservas Bariloche","address":{"@id":"https:\/\/centroreservasbariloche.com\/product\/la-cueva-after-ski#local-main-place-address"},"telephone":[],"openingHoursSpecification":[{"@type":"OpeningHoursSpecification","dayOfWeek":["Monday","Tuesday","Wednesday","Thursday","Friday","Saturday","Sunday"],"opens":"09:00","closes":"17:00"}],"priceRange":"$$"},{"@type":"PostalAddress","@id":"https:\/\/centroreservasbariloche.com\/product\/la-cueva-after-ski#local-main-place-address","streetAddress":"Mitre 131","addressLocality":"San Carlos de Bariloche","postalCode":"8400","addressRegion":"R\u00edo Negro","addressCountry":"AR"},{"@type":"ImageObject","inLanguage":"pt-BR","@id":"https:\/\/centroreservasbariloche.com\/product\/la-cueva-after-ski#local-main-organization-logo","url":"https:\/\/buck.getjasper.digital\/2025\/06\/centro-de-reservas-2-1.png","contentUrl":"https:\/\/buck.getjasper.digital\/2025\/06\/centro-de-reservas-2-1.png","width":512,"height":512,"caption":"Centro Reservas Bariloche"}]},"product_price_amount":"390000.00","product_price_currency":"ARS","og_availability":"instock","product_availability":"instock","product_retailer_item_id":"ADV2025LACUAHE69","product_condition":"new","geo.placename":"San Carlos de Bariloche","geo.region":"Argentina"},"_links":{"self":[{"href":"https:\/\/centroreservasbariloche.com\/pt\/wp-json\/wp\/v2\/product\/230882","targetHints":{"allow":["GET"]}}],"collection":[{"href":"https:\/\/centroreservasbariloche.com\/pt\/wp-json\/wp\/v2\/product"}],"about":[{"href":"https:\/\/centroreservasbariloche.com\/pt\/wp-json\/wp\/v2\/types\/product"}],"replies":[{"embeddable":true,"href":"https:\/\/centroreservasbariloche.com\/pt\/wp-json\/wp\/v2\/comments?post=230882"}],"wp:featuredmedia":[{"embeddable":true,"href":"https:\/\/centroreservasbariloche.com\/pt\/wp-json\/wp\/v2\/media\/231547"}],"wp:attachment":[{"href":"https:\/\/centroreservasbariloche.com\/pt\/wp-json\/wp\/v2\/media?parent=230882"}],"wp:term":[{"taxonomy":"product_brand","embeddable":true,"href":"https:\/\/centroreservasbariloche.com\/pt\/wp-json\/wp\/v2\/product_brand?post=230882"},{"taxonomy":"product_cat","embeddable":true,"href":"https:\/\/centroreservasbariloche.com\/pt\/wp-json\/wp\/v2\/product_cat?post=230882"},{"taxonomy":"product_tag","embeddable":true,"href":"https:\/\/centroreservasbariloche.com\/pt\/wp-json\/wp\/v2\/product_tag?post=230882"}],"curies":[{"name":"wp","href":"https:\/\/api.w.org\/{rel}","templated":true}]}}