{"id":231105,"date":"2025-05-13T12:37:10","date_gmt":"2025-05-13T15:37:10","guid":{"rendered":"https:\/\/centroreservasbariloche.com\/?post_type=product&#038;p=231105"},"modified":"2026-04-09T22:19:20","modified_gmt":"2026-04-10T01:19:20","slug":"villa-la-angostura-y-cerro-bayo","status":"publish","type":"product","link":"https:\/\/centroreservasbariloche.com\/pt\/product\/villa-la-angostura-e-cerro-bayo","title":{"rendered":"Villa La Angostura e Cerro Bayo com traslados organizados"},"content":{"rendered":"<h3 data-start=\"429\" data-end=\"492\">Um passeio ideal para grupos e viajantes internacionais<\/h3>\n<p data-start=\"493\" data-end=\"872\">O passeio come\u00e7a em <strong data-start=\"521\" data-end=\"533\">08:00 hs<\/strong>, com partida de <strong data-start=\"552\" data-end=\"654\">pontos de encontro estabelecidos entre o centro de Bariloche e o km 8 da Av. Bustillo ou Pioneros.<\/strong>. O retorno est\u00e1 programado para cerca de <strong data-start=\"698\" data-end=\"710\">18:00 hs<\/strong>. Todo o itiner\u00e1rio \u00e9 organizado para oferecer um dia inteiro de visita a dois dos destinos mais pitorescos do norte do Parque Nacional Nahuel Huapi.<\/p>\n<p data-start=\"874\" data-end=\"1268\">Durante o passeio, voc\u00ea visitar\u00e1 a charmosa vila de <strong data-start=\"929\" data-end=\"951\">Villa La Angostura<\/strong>, A viagem continua at\u00e9 a montanha, famosa por sua arquitetura montanhosa, suas ba\u00edas nevadas e suas paisagens de florestas andinas. Em seguida, continuamos at\u00e9 o <strong data-start=\"1073\" data-end=\"1087\">Cerro Bayo<\/strong>, O centro de atividades de inverno, onde os passageiros t\u00eam tempo livre para fazer subidas opcionais, caminhar pela base ou simplesmente apreciar a paisagem de neve.<\/p>\n<p data-start=\"1270\" data-end=\"1448\">A excurs\u00e3o \u00e9 acompanhada por um guia que fala ingl\u00eas durante toda a viagem. H\u00e1 a possibilidade de ter um guia bil\u00edngue para grupos, com coordena\u00e7\u00e3o pr\u00e9via e por um custo adicional.<\/p>\n<h3 data-start=\"1455\" data-end=\"1474\">O que ele inclui?<\/h3>\n<ul data-start=\"1475\" data-end=\"1661\">\n<li data-start=\"1475\" data-end=\"1540\">\n<p data-start=\"1477\" data-end=\"1540\">Traslado de ida e volta aos pontos de encontro em Bariloche.<\/p>\n<\/li>\n<li data-start=\"1541\" data-end=\"1610\">\n<p data-start=\"1543\" data-end=\"1610\">Passeio terrestre completo por Villa La Angostura e Cerro Bayo.<\/p>\n<\/li>\n<li data-start=\"1611\" data-end=\"1661\">\n<p data-start=\"1613\" data-end=\"1661\">Guia profissional em espanhol (opcional bil\u00edngue).<\/p>\n<\/li>\n<\/ul>\n<h3 data-start=\"1668\" data-end=\"1684\">N\u00e3o inclui<\/h3>\n<ul data-start=\"1685\" data-end=\"1812\">\n<li data-start=\"1685\" data-end=\"1697\">\n<p data-start=\"1687\" data-end=\"1697\">Refei\u00e7\u00f5es.<\/p>\n<\/li>\n<li data-start=\"1698\" data-end=\"1738\">\n<p data-start=\"1700\" data-end=\"1738\">Taxas de entrada no Parque Nacional.<\/p>\n<\/li>\n<li data-start=\"1739\" data-end=\"1775\">\n<p data-start=\"1741\" data-end=\"1775\">Bilhete de subida ao Cerro Bayo.<\/p>\n<\/li>\n<li data-start=\"1776\" data-end=\"1812\">\n<p data-start=\"1778\" data-end=\"1812\">Aluguel de roupas para neve.<\/p>\n<\/li>\n<\/ul>\n<h3 data-start=\"1819\" data-end=\"1845\">Informa\u00e7\u00f5es pr\u00e1ticas<\/h3>\n<ul data-start=\"1846\" data-end=\"2086\">\n<li data-start=\"1846\" data-end=\"1895\">\n<p data-start=\"1848\" data-end=\"1895\"><strong data-start=\"1848\" data-end=\"1862\">Temporada:<\/strong> inverno (junho a setembro).<\/p>\n<\/li>\n<li data-start=\"1896\" data-end=\"1957\">\n<p data-start=\"1898\" data-end=\"1957\"><strong data-start=\"1898\" data-end=\"1917\">Dias de partida:<\/strong> Segundas, quartas, sextas e domingos.<\/p>\n<\/li>\n<li data-start=\"1958\" data-end=\"1996\">\n<p data-start=\"1960\" data-end=\"1996\"><strong data-start=\"1960\" data-end=\"1973\">Dura\u00e7\u00e3o:<\/strong> das 08:30 \u00e0s 18:00 hs.<\/p>\n<\/li>\n<li data-start=\"1997\" data-end=\"2086\">\n<p data-start=\"1999\" data-end=\"2086\"><strong data-start=\"1999\" data-end=\"2017\">Recomenda\u00e7\u00e3o:<\/strong> Traga roupas quentes adequadas ou alugue roupas para neve com anteced\u00eancia.<\/p>\n<h3 data-start=\"2093\" data-end=\"2119\">Perguntas frequentes<\/h3>\n<p data-start=\"2121\" data-end=\"2232\"><strong data-start=\"2121\" data-end=\"2155\">De onde come\u00e7a a transfer\u00eancia?<\/strong><br data-start=\"2155\" data-end=\"2158\" \/>A partir de pontos de encontro previamente coordenados. N\u00e3o s\u00e3o usados hot\u00e9is.<\/p>\n<p data-start=\"2234\" data-end=\"2366\"><strong data-start=\"2234\" data-end=\"2278\">A subida ao Cerro Bayo est\u00e1 inclu\u00edda?<\/strong><br data-start=\"2278\" data-end=\"2281\" \/>N\u00e3o. As atividades na esta\u00e7\u00e3o de esqui s\u00e3o opcionais e devem ser pagas na chegada.<\/p>\n<p data-start=\"2368\" data-end=\"2454\"><strong data-start=\"2368\" data-end=\"2404\">\u00c9 necess\u00e1rio ter experi\u00eancia anterior?<\/strong><br data-start=\"2404\" data-end=\"2407\" \/>N\u00e3o. \u00c9 uma caminhada terrestre acess\u00edvel a todos.<\/p>\n<p data-start=\"2456\" data-end=\"2572\"><strong data-start=\"2456\" data-end=\"2481\">\u00c9 adequado para grupos?<\/strong><br data-start=\"2481\" data-end=\"2484\" \/>Sim, ideal para grupos de estudantes, grupos corporativos, fam\u00edlias ou viajantes internacionais.<\/p>\n<p>Aviso importante: Este passeio j\u00e1 est\u00e1 dispon\u00edvel para pr\u00e9-reserva. As sa\u00eddas operam de 15 de junho a 20 de agosto, sujeitas ao calend\u00e1rio sazonal.<\/p>\n<\/li>\n<\/ul>","protected":false},"excerpt":{"rendered":"<p data-start=\"2819\" data-end=\"3008\">Excurs\u00e3o de inverno com traslado e guia a partir dos pontos de encontro. Visita a Villa La Angostura e Cerro Bayo, com tempo livre para atividades opcionais. Partida \u00e0s 08:00 hs, retorno \u00e0s 18:00 hs.<\/p>","protected":false},"featured_media":231515,"comment_status":"open","ping_status":"closed","template":"","meta":[],"product_brand":[],"product_cat":[38,32,53,40,49,36,37],"product_tag":[],"class_list":{"0":"post-231105","1":"product","2":"type-product","3":"status-publish","4":"has-post-thumbnail","6":"product_cat-adultos","7":"product_cat-familia","8":"product_cat-ninos","9":"product_cat-con-traslado","10":"product_cat-invierno","11":"product_cat-sin-comida","12":"product_cat-terrestre","14":"first","15":"instock","16":"virtual","17":"sold-individually","18":"purchasable","19":"product-type-booking"},"booking_location":"","booking_location_type":"","booking_duration":1,"booking_duration_unit":"hour","booking_buffer":0,"booking_cost":59400,"booking_resources":[],"exclude_global_add_ons":[],"addons":[],"yoast_head":"<!-- This site is optimized with the Yoast SEO Premium plugin v24.5 (Yoast SEO v24.8) - https:\/\/yoast.com\/wordpress\/plugins\/seo\/ -->\n<title>Villa La Angostura y Cerro Bayo con traslado organizado - Centro Reservas Bariloche Patagonia Argentina<\/title>\n<meta name=\"description\" content=\"Excursi\u00f3n a Villa La Angostura y Cerro Bayo con traslado desde Bariloche. Disfrut\u00e1 paisajes nevados, gu\u00eda profesional y tiempo libre para explorar.\" \/>\n<meta name=\"robots\" content=\"index, follow, max-snippet:-1, max-image-preview:large, max-video-preview:-1\" \/>\n<link rel=\"canonical\" href=\"https:\/\/centroreservasbariloche.com\/pt\/product\/villa-la-angostura-e-cerro-bayo\/\" \/>\n<meta property=\"og:locale\" content=\"pt_BR\" \/>\n<meta property=\"og:type\" content=\"article\" \/>\n<meta property=\"og:title\" content=\"Villa La Angostura y Cerro Bayo con traslado organizado\" \/>\n<meta property=\"og:description\" content=\"Excursi\u00f3n a Villa La Angostura y Cerro Bayo con traslado desde Bariloche. Disfrut\u00e1 paisajes nevados, gu\u00eda profesional y tiempo libre para explorar.\" \/>\n<meta property=\"og:url\" content=\"https:\/\/centroreservasbariloche.com\/pt\/product\/villa-la-angostura-e-cerro-bayo\/\" \/>\n<meta property=\"og:site_name\" content=\"Centro Reservas Bariloche Patagonia Argentina\" \/>\n<meta property=\"article:publisher\" content=\"https:\/\/www.facebook.com\/centroreservasbariloche\" \/>\n<meta property=\"article:modified_time\" content=\"2026-04-10T01:19:20+00:00\" \/>\n<meta property=\"og:image\" content=\"https:\/\/buck.getjasper.digital\/2025\/05\/5-A5-A-copia-copia-scaled.jpg\" \/>\n\t<meta property=\"og:image:width\" content=\"1920\" \/>\n\t<meta property=\"og:image:height\" content=\"2560\" \/>\n\t<meta property=\"og:image:type\" content=\"image\/jpeg\" \/>\n<meta name=\"twitter:card\" content=\"summary_large_image\" \/>\n<meta name=\"twitter:label1\" content=\"Pre\u00e7o\" \/>\n\t<meta name=\"twitter:data1\" content=\"&#036;&nbsp;59.400,00\" \/>\n\t<meta name=\"twitter:label2\" content=\"Disponibilidade\" \/>\n\t<meta name=\"twitter:data2\" content=\"Em Estoque\" \/>\n<script type=\"application\/ld+json\" class=\"yoast-schema-graph\">{\"@context\":\"https:\/\/schema.org\",\"@graph\":[{\"@type\":[\"WebPage\",\"ItemPage\"],\"@id\":\"https:\/\/centroreservasbariloche.com\/product\/villa-la-angostura-y-cerro-bayo\",\"url\":\"https:\/\/centroreservasbariloche.com\/product\/villa-la-angostura-y-cerro-bayo\",\"name\":\"Villa La Angostura y Cerro Bayo con traslado organizado - Centro Reservas Bariloche Patagonia Argentina\",\"isPartOf\":{\"@id\":\"https:\/\/centroreservasbariloche.com\/#website\"},\"primaryImageOfPage\":{\"@id\":\"https:\/\/centroreservasbariloche.com\/product\/villa-la-angostura-y-cerro-bayo#primaryimage\"},\"image\":{\"@id\":\"https:\/\/centroreservasbariloche.com\/product\/villa-la-angostura-y-cerro-bayo#primaryimage\"},\"thumbnailUrl\":\"https:\/\/buck.getjasper.digital\/2025\/05\/5-A5-A-copia-copia-scaled.jpg\",\"datePublished\":\"2025-05-13T15:37:10+00:00\",\"dateModified\":\"2026-04-10T01:19:20+00:00\",\"description\":\"Excursi\u00f3n a Villa La Angostura y Cerro Bayo con traslado desde Bariloche. Disfrut\u00e1 paisajes nevados, gu\u00eda profesional y tiempo libre para explorar.\",\"breadcrumb\":{\"@id\":\"https:\/\/centroreservasbariloche.com\/product\/villa-la-angostura-y-cerro-bayo#breadcrumb\"},\"inLanguage\":\"pt-BR\",\"potentialAction\":[{\"@type\":\"ReadAction\",\"target\":[\"https:\/\/centroreservasbariloche.com\/product\/villa-la-angostura-y-cerro-bayo\"]}]},{\"@type\":\"ImageObject\",\"inLanguage\":\"pt-BR\",\"@id\":\"https:\/\/centroreservasbariloche.com\/product\/villa-la-angostura-y-cerro-bayo#primaryimage\",\"url\":\"https:\/\/buck.getjasper.digital\/2025\/05\/5-A5-A-copia-copia-scaled.jpg\",\"contentUrl\":\"https:\/\/buck.getjasper.digital\/2025\/05\/5-A5-A-copia-copia-scaled.jpg\",\"width\":1920,\"height\":2560},{\"@type\":\"BreadcrumbList\",\"@id\":\"https:\/\/centroreservasbariloche.com\/product\/villa-la-angostura-y-cerro-bayo#breadcrumb\",\"itemListElement\":[{\"@type\":\"ListItem\",\"position\":1,\"name\":\"Home\",\"item\":\"https:\/\/centroreservasbariloche.com\/\"},{\"@type\":\"ListItem\",\"position\":2,\"name\":\"Nuestras actividades\",\"item\":\"https:\/\/centroreservasbariloche.com\/shop\"},{\"@type\":\"ListItem\",\"position\":3,\"name\":\"Villa La Angostura y Cerro Bayo con traslado organizado\"}]},{\"@type\":\"WebSite\",\"@id\":\"https:\/\/centroreservasbariloche.com\/#website\",\"url\":\"https:\/\/centroreservasbariloche.com\/\",\"name\":\"Centro Reservas Bariloche Patagonia Argentina\",\"description\":\"Centro Reservas Bariloche Patagonia\",\"publisher\":{\"@id\":\"https:\/\/centroreservasbariloche.com\/#organization\"},\"alternateName\":\"tur centra bariloche\",\"potentialAction\":[{\"@type\":\"SearchAction\",\"target\":{\"@type\":\"EntryPoint\",\"urlTemplate\":\"https:\/\/centroreservasbariloche.com\/?s={search_term_string}\"},\"query-input\":{\"@type\":\"PropertyValueSpecification\",\"valueRequired\":true,\"valueName\":\"search_term_string\"}}],\"inLanguage\":\"pt-BR\"},{\"@type\":[\"Organization\",\"Place\",\"TravelAgency\"],\"@id\":\"https:\/\/centroreservasbariloche.com\/#organization\",\"name\":\"Centro Reservas Bariloche\",\"alternateName\":\"Centro de Reservas\",\"url\":\"https:\/\/centroreservasbariloche.com\/\",\"logo\":{\"@id\":\"https:\/\/centroreservasbariloche.com\/product\/villa-la-angostura-y-cerro-bayo#local-main-organization-logo\"},\"image\":{\"@id\":\"https:\/\/centroreservasbariloche.com\/product\/villa-la-angostura-y-cerro-bayo#local-main-organization-logo\"},\"sameAs\":[\"https:\/\/www.facebook.com\/centroreservasbariloche\"],\"description\":\"Estamos comprometidos en brindarles una experiencia inolvidable, llena de aventura, belleza natural y descubrimientos. No importa si es su primera visita a Bariloche o si ya ha tenido el placer de conocerla, estamos seguros de que encontrar\u00e1 en nuestras excursiones la oportunidad de crear recuerdos duraderos.\",\"legalName\":\"Centro Reservas Bariloche\",\"address\":{\"@id\":\"https:\/\/centroreservasbariloche.com\/product\/villa-la-angostura-y-cerro-bayo#local-main-place-address\"},\"telephone\":[],\"openingHoursSpecification\":[{\"@type\":\"OpeningHoursSpecification\",\"dayOfWeek\":[\"Monday\",\"Tuesday\",\"Wednesday\",\"Thursday\",\"Friday\",\"Saturday\",\"Sunday\"],\"opens\":\"09:00\",\"closes\":\"17:00\"}],\"priceRange\":\"$$\"},{\"@type\":\"PostalAddress\",\"@id\":\"https:\/\/centroreservasbariloche.com\/product\/villa-la-angostura-y-cerro-bayo#local-main-place-address\",\"streetAddress\":\"Mitre 131\",\"addressLocality\":\"San Carlos de Bariloche\",\"postalCode\":\"8400\",\"addressRegion\":\"R\u00edo Negro\",\"addressCountry\":\"AR\"},{\"@type\":\"ImageObject\",\"inLanguage\":\"pt-BR\",\"@id\":\"https:\/\/centroreservasbariloche.com\/product\/villa-la-angostura-y-cerro-bayo#local-main-organization-logo\",\"url\":\"https:\/\/buck.getjasper.digital\/2025\/06\/centro-de-reservas-2-1.png\",\"contentUrl\":\"https:\/\/buck.getjasper.digital\/2025\/06\/centro-de-reservas-2-1.png\",\"width\":512,\"height\":512,\"caption\":\"Centro Reservas Bariloche\"}]}<\/script>\n<meta property=\"product:price:amount\" content=\"59400.00\" \/>\n<meta property=\"product:price:currency\" content=\"ARS\" \/>\n<meta property=\"og:availability\" content=\"instock\" \/>\n<meta property=\"product:availability\" content=\"instock\" \/>\n<meta property=\"product:retailer_item_id\" content=\"ADV2025VILAANM9K2\" \/>\n<meta property=\"product:condition\" content=\"new\" \/>\n<meta name=\"geo.placename\" content=\"San Carlos de Bariloche\" \/>\n<meta name=\"geo.region\" content=\"Argentina\" \/>\n<!-- \/ Yoast SEO Premium plugin. -->","yoast_head_json":{"title":"Villa La Angostura e Cerro Bayo com traslado organizado - Centro Reservas Bariloche Patag\u00f4nia Argentina","description":"Excurs\u00e3o a Villa La Angostura e Cerro Bayo com traslado de Bariloche. Desfrute de paisagens nevadas, guia profissional e tempo livre para explorar.","robots":{"index":"index","follow":"follow","max-snippet":"max-snippet:-1","max-image-preview":"max-image-preview:large","max-video-preview":"max-video-preview:-1"},"canonical":"https:\/\/centroreservasbariloche.com\/pt\/product\/villa-la-angostura-e-cerro-bayo\/","og_locale":"pt_BR","og_type":"article","og_title":"Villa La Angostura y Cerro Bayo con traslado organizado","og_description":"Excursi\u00f3n a Villa La Angostura y Cerro Bayo con traslado desde Bariloche. Disfrut\u00e1 paisajes nevados, gu\u00eda profesional y tiempo libre para explorar.","og_url":"https:\/\/centroreservasbariloche.com\/pt\/product\/villa-la-angostura-e-cerro-bayo\/","og_site_name":"Centro Reservas Bariloche Patagonia Argentina","article_publisher":"https:\/\/www.facebook.com\/centroreservasbariloche","article_modified_time":"2026-04-10T01:19:20+00:00","og_image":[{"width":1920,"height":2560,"url":"https:\/\/buck.getjasper.digital\/2025\/05\/5-A5-A-copia-copia-scaled.jpg","type":"image\/jpeg"}],"twitter_card":"summary_large_image","twitter_misc":{"Pre\u00e7o":"&#36;&nbsp;59.400,00","Disponibilidade":"Em Estoque"},"schema":{"@context":"https:\/\/schema.org","@graph":[{"@type":["WebPage","ItemPage"],"@id":"https:\/\/centroreservasbariloche.com\/product\/villa-la-angostura-y-cerro-bayo","url":"https:\/\/centroreservasbariloche.com\/product\/villa-la-angostura-y-cerro-bayo","name":"Villa La Angostura e Cerro Bayo com traslado organizado - Centro Reservas Bariloche Patag\u00f4nia Argentina","isPartOf":{"@id":"https:\/\/centroreservasbariloche.com\/#website"},"primaryImageOfPage":{"@id":"https:\/\/centroreservasbariloche.com\/product\/villa-la-angostura-y-cerro-bayo#primaryimage"},"image":{"@id":"https:\/\/centroreservasbariloche.com\/product\/villa-la-angostura-y-cerro-bayo#primaryimage"},"thumbnailUrl":"https:\/\/buck.getjasper.digital\/2025\/05\/5-A5-A-copia-copia-scaled.jpg","datePublished":"2025-05-13T15:37:10+00:00","dateModified":"2026-04-10T01:19:20+00:00","description":"Excurs\u00e3o a Villa La Angostura e Cerro Bayo com traslado de Bariloche. Desfrute de paisagens nevadas, guia profissional e tempo livre para explorar.","breadcrumb":{"@id":"https:\/\/centroreservasbariloche.com\/product\/villa-la-angostura-y-cerro-bayo#breadcrumb"},"inLanguage":"pt-BR","potentialAction":[{"@type":"ReadAction","target":["https:\/\/centroreservasbariloche.com\/product\/villa-la-angostura-y-cerro-bayo"]}]},{"@type":"ImageObject","inLanguage":"pt-BR","@id":"https:\/\/centroreservasbariloche.com\/product\/villa-la-angostura-y-cerro-bayo#primaryimage","url":"https:\/\/buck.getjasper.digital\/2025\/05\/5-A5-A-copia-copia-scaled.jpg","contentUrl":"https:\/\/buck.getjasper.digital\/2025\/05\/5-A5-A-copia-copia-scaled.jpg","width":1920,"height":2560},{"@type":"BreadcrumbList","@id":"https:\/\/centroreservasbariloche.com\/product\/villa-la-angostura-y-cerro-bayo#breadcrumb","itemListElement":[{"@type":"ListItem","position":1,"name":"Home","item":"https:\/\/centroreservasbariloche.com\/"},{"@type":"ListItem","position":2,"name":"Nuestras actividades","item":"https:\/\/centroreservasbariloche.com\/shop"},{"@type":"ListItem","position":3,"name":"Villa La Angostura y Cerro Bayo con traslado organizado"}]},{"@type":"WebSite","@id":"https:\/\/centroreservasbariloche.com\/#website","url":"https:\/\/centroreservasbariloche.com\/","name":"Centro de Reservas de Bariloche Patag\u00f4nia Argentina","description":"Central de Reservas de Bariloche Patag\u00f4nia","publisher":{"@id":"https:\/\/centroreservasbariloche.com\/#organization"},"alternateName":"tur centra bariloche","potentialAction":[{"@type":"SearchAction","target":{"@type":"EntryPoint","urlTemplate":"https:\/\/centroreservasbariloche.com\/?s={search_term_string}"},"query-input":{"@type":"PropertyValueSpecification","valueRequired":true,"valueName":"search_term_string"}}],"inLanguage":"pt-BR"},{"@type":["Organization","Place","TravelAgency"],"@id":"https:\/\/centroreservasbariloche.com\/#organization","name":"Centro de Reservas de Bariloche","alternateName":"Centro de Reservas","url":"https:\/\/centroreservasbariloche.com\/","logo":{"@id":"https:\/\/centroreservasbariloche.com\/product\/villa-la-angostura-y-cerro-bayo#local-main-organization-logo"},"image":{"@id":"https:\/\/centroreservasbariloche.com\/product\/villa-la-angostura-y-cerro-bayo#local-main-organization-logo"},"sameAs":["https:\/\/www.facebook.com\/centroreservasbariloche"],"description":"Temos o compromisso de proporcionar a voc\u00ea uma experi\u00eancia inesquec\u00edvel, cheia de aventura, beleza natural e descobertas. Quer seja sua primeira visita a Bariloche ou se j\u00e1 teve o prazer de conhec\u00ea-la, temos certeza de que encontrar\u00e1 em nossas excurs\u00f5es a oportunidade de criar mem\u00f3rias duradouras.","legalName":"Centro Reservas Bariloche","address":{"@id":"https:\/\/centroreservasbariloche.com\/product\/villa-la-angostura-y-cerro-bayo#local-main-place-address"},"telephone":[],"openingHoursSpecification":[{"@type":"OpeningHoursSpecification","dayOfWeek":["Monday","Tuesday","Wednesday","Thursday","Friday","Saturday","Sunday"],"opens":"09:00","closes":"17:00"}],"priceRange":"$$"},{"@type":"PostalAddress","@id":"https:\/\/centroreservasbariloche.com\/product\/villa-la-angostura-y-cerro-bayo#local-main-place-address","streetAddress":"Mitre 131","addressLocality":"San Carlos de Bariloche","postalCode":"8400","addressRegion":"R\u00edo Negro","addressCountry":"AR"},{"@type":"ImageObject","inLanguage":"pt-BR","@id":"https:\/\/centroreservasbariloche.com\/product\/villa-la-angostura-y-cerro-bayo#local-main-organization-logo","url":"https:\/\/buck.getjasper.digital\/2025\/06\/centro-de-reservas-2-1.png","contentUrl":"https:\/\/buck.getjasper.digital\/2025\/06\/centro-de-reservas-2-1.png","width":512,"height":512,"caption":"Centro Reservas Bariloche"}]},"product_price_amount":"59400.00","product_price_currency":"ARS","og_availability":"instock","product_availability":"instock","product_retailer_item_id":"ADV2025VILAANM9K2","product_condition":"new","geo.placename":"San Carlos de Bariloche","geo.region":"Argentina"},"_links":{"self":[{"href":"https:\/\/centroreservasbariloche.com\/pt\/wp-json\/wp\/v2\/product\/231105","targetHints":{"allow":["GET"]}}],"collection":[{"href":"https:\/\/centroreservasbariloche.com\/pt\/wp-json\/wp\/v2\/product"}],"about":[{"href":"https:\/\/centroreservasbariloche.com\/pt\/wp-json\/wp\/v2\/types\/product"}],"replies":[{"embeddable":true,"href":"https:\/\/centroreservasbariloche.com\/pt\/wp-json\/wp\/v2\/comments?post=231105"}],"wp:featuredmedia":[{"embeddable":true,"href":"https:\/\/centroreservasbariloche.com\/pt\/wp-json\/wp\/v2\/media\/231515"}],"wp:attachment":[{"href":"https:\/\/centroreservasbariloche.com\/pt\/wp-json\/wp\/v2\/media?parent=231105"}],"wp:term":[{"taxonomy":"product_brand","embeddable":true,"href":"https:\/\/centroreservasbariloche.com\/pt\/wp-json\/wp\/v2\/product_brand?post=231105"},{"taxonomy":"product_cat","embeddable":true,"href":"https:\/\/centroreservasbariloche.com\/pt\/wp-json\/wp\/v2\/product_cat?post=231105"},{"taxonomy":"product_tag","embeddable":true,"href":"https:\/\/centroreservasbariloche.com\/pt\/wp-json\/wp\/v2\/product_tag?post=231105"}],"curies":[{"name":"wp","href":"https:\/\/api.w.org\/{rel}","templated":true}]}}