{"id":231106,"date":"2025-05-13T12:37:10","date_gmt":"2025-05-13T15:37:10","guid":{"rendered":"https:\/\/centroreservasbariloche.com\/?post_type=product&#038;p=231106"},"modified":"2026-04-09T22:16:43","modified_gmt":"2026-04-10T01:16:43","slug":"escuelita-de-ski-snowboard-dia-completo-para-ninos","status":"publish","type":"product","link":"https:\/\/centroreservasbariloche.com\/pt\/product\/escola-de-esqui-e-snowboard-de-dia-inteiro-para-criancas","title":{"rendered":"Escola de esqui ou snowboard: aprendizado guiado para crian\u00e7as em um dia inteiro na neve."},"content":{"rendered":"<h3 data-start=\"441\" data-end=\"481\"><strong data-start=\"445\" data-end=\"481\">Uma proposta projetada para todos<\/strong><\/h3>\n<p data-start=\"483\" data-end=\"745\">Essa excurs\u00e3o foi criada para que as crian\u00e7as tenham seu primeiro contato com a neve de forma segura, organizada e divertida. Aulas com instrutores qualificados, equipamento completo, atividades recreativas e almo\u00e7o inclu\u00eddos, em um ambiente natural.<\/p>\n<h3 data-start=\"752\" data-end=\"853\"><strong data-start=\"756\" data-end=\"853\">Um dia inteiro de neve para os pequenos, com tudo organizado<\/strong><\/h3>\n<p data-start=\"855\" data-end=\"1160\">Ideal para fam\u00edlias que viajam do exterior ou em grupos, a escuelita oferece uma experi\u00eancia completa para crian\u00e7as de 4 a 11 anos de idade aprenderem a esquiar ou praticar snowboard em Bariloche. Tudo \u00e9 organizado: dos traslados \u00e0s refei\u00e7\u00f5es, com um servi\u00e7o profissional adaptado \u00e0s suas necessidades.<\/p>\n<p data-start=\"1162\" data-end=\"1427\">O ponto de partida \u00e9 pr\u00f3ximo \u00e0 acomoda\u00e7\u00e3o, na Av. Bustillo ou Av. Pioneros at\u00e9 o km 8. De l\u00e1, voc\u00ea \u00e9 transferido para o centro de atividades, onde o equipamento t\u00e9cnico \u00e9 entregue a cada participante e os instrutores s\u00e3o designados para as aulas em grupo.<\/p>\n<p data-start=\"1429\" data-end=\"1683\">Durante a manh\u00e3, s\u00e3o ministradas duas horas de instru\u00e7\u00e3o de acordo com o n\u00edvel da crian\u00e7a. Depois, h\u00e1 um intervalo para o almo\u00e7o (inclu\u00eddo), seguido de recrea\u00e7\u00e3o supervisionada na neve. O dia termina com o retorno ao ponto de encontro.<\/p>\n<p data-start=\"1685\" data-end=\"1839\">\u00c9 uma atividade ideal para quem viaja com a fam\u00edlia ou com crian\u00e7as e quer contar com um servi\u00e7o bem gerenciado, com foco na seguran\u00e7a e no aprendizado.<\/p>\n<p data-start=\"1841\" data-end=\"2009\">Inclui traslado dos pontos de encontro, equipamento completo de esqui ou snowboard, aulas em grupo, recrea\u00e7\u00e3o e almo\u00e7o. N\u00e3o inclui roupas de neve e ingresso para o telef\u00e9rico.<\/p>\n<h3 data-start=\"2016\" data-end=\"2040\"><strong data-start=\"2020\" data-end=\"2040\">Informa\u00e7\u00f5es \u00fateis<\/strong><\/h3>\n<p data-start=\"2042\" data-end=\"2236\"><strong data-start=\"2042\" data-end=\"2065\">O que est\u00e1 inclu\u00eddo?<\/strong><br data-start=\"2065\" data-end=\"2068\" \/>Traslados de pontos de encontro pr\u00f3ximos \u00e0 acomoda\u00e7\u00e3o, equipamento t\u00e9cnico completo, aulas em grupo de duas horas com instrutores, atividades recreativas e almo\u00e7o.<\/p>\n<p data-start=\"2238\" data-end=\"2335\"><strong data-start=\"2238\" data-end=\"2277\">Para qual faixa et\u00e1ria \u00e9 essa atividade?<\/strong><br data-start=\"2277\" data-end=\"2280\" \/>A escuelita foi projetada para crian\u00e7as entre 4 e 11 anos de idade.<\/p>\n<p data-start=\"2337\" data-end=\"2466\"><strong data-start=\"2337\" data-end=\"2373\">\u00c9 necess\u00e1rio ter experi\u00eancia anterior?<\/strong><br data-start=\"2373\" data-end=\"2376\" \/>N\u00e3o. As crian\u00e7as s\u00e3o agrupadas de acordo com seu n\u00edvel e acompanhadas por instrutores o tempo todo.<\/p>\n<p data-start=\"2468\" data-end=\"2619\"><strong data-start=\"2468\" data-end=\"2492\">O que levar?<\/strong><br data-start=\"2492\" data-end=\"2495\" \/>Roupas quentes ou de neve, luvas, chap\u00e9u e cal\u00e7ados \u00e0 prova d'\u00e1gua. O ingresso para o telef\u00e9rico e as roupas t\u00e9cnicas n\u00e3o est\u00e3o inclu\u00eddos.<br \/>\nAviso importante: Este passeio j\u00e1 est\u00e1 dispon\u00edvel para pr\u00e9-reserva. As sa\u00eddas operam de 15 de junho a 20 de agosto, sujeitas ao calend\u00e1rio sazonal.<\/p>","protected":false},"excerpt":{"rendered":"<p>Experimente um dia de inverno exclusivo para crian\u00e7as, projetado para apresent\u00e1-las ao esqui e ao snowboard em um ambiente seguro e empolgante. Com traslado, equipamento t\u00e9cnico, aulas especializadas e almo\u00e7o, essa excurs\u00e3o \u00e9 a op\u00e7\u00e3o ideal para os pequenos aproveitarem a neve e a montanha.<\/p>","protected":false},"featured_media":231512,"comment_status":"open","ping_status":"closed","template":"","meta":[],"product_brand":[],"product_cat":[39,44,53,40,49,37],"product_tag":[],"class_list":{"0":"post-231106","1":"product","2":"type-product","3":"status-publish","4":"has-post-thumbnail","6":"product_cat-aventura","7":"product_cat-con-comida","8":"product_cat-ninos","9":"product_cat-con-traslado","10":"product_cat-invierno","11":"product_cat-terrestre","13":"first","14":"instock","15":"virtual","16":"sold-individually","17":"purchasable","18":"product-type-booking"},"booking_location":"","booking_location_type":"","booking_duration":1,"booking_duration_unit":"hour","booking_buffer":0,"booking_cost":0,"booking_resources":[],"exclude_global_add_ons":[],"addons":[],"yoast_head":"<!-- This site is optimized with the Yoast SEO Premium plugin v24.5 (Yoast SEO v24.8) - https:\/\/yoast.com\/wordpress\/plugins\/seo\/ -->\n<title>Escuelita de Ski o Snowboard: aprendizaje guiado para los m\u00e1s chicos en una jornada completa de nieve - Centro Reservas Bariloche Patagonia Argentina<\/title>\n<meta name=\"description\" content=\"Escuelita de ski o snowboard para ni\u00f1os en Bariloche. Incluye equipo, clases, recreaci\u00f3n, almuerzo y traslado desde puntos cercanos. Ideal para familias y grupos del exterior.\" \/>\n<meta name=\"robots\" content=\"index, follow, max-snippet:-1, max-image-preview:large, max-video-preview:-1\" \/>\n<link rel=\"canonical\" href=\"https:\/\/centroreservasbariloche.com\/pt\/product\/escola-de-esqui-e-snowboard-de-dia-inteiro-para-criancas\/\" \/>\n<meta property=\"og:locale\" content=\"pt_BR\" \/>\n<meta property=\"og:type\" content=\"article\" \/>\n<meta property=\"og:title\" content=\"Escuelita de Ski o Snowboard: aprendizaje guiado para los m\u00e1s chicos en una jornada completa de nieve\" \/>\n<meta property=\"og:description\" content=\"Escuelita de ski o snowboard para ni\u00f1os en Bariloche. Incluye equipo, clases, recreaci\u00f3n, almuerzo y traslado desde puntos cercanos. Ideal para familias y grupos del exterior.\" \/>\n<meta property=\"og:url\" content=\"https:\/\/centroreservasbariloche.com\/pt\/product\/escola-de-esqui-e-snowboard-de-dia-inteiro-para-criancas\/\" \/>\n<meta property=\"og:site_name\" content=\"Centro Reservas Bariloche Patagonia Argentina\" \/>\n<meta property=\"article:publisher\" content=\"https:\/\/www.facebook.com\/centroreservasbariloche\" \/>\n<meta property=\"article:modified_time\" content=\"2026-04-10T01:16:43+00:00\" \/>\n<meta property=\"og:image\" content=\"https:\/\/buck.getjasper.digital\/2025\/05\/5-B-DOJFGLFDG-scaled.jpg\" \/>\n\t<meta property=\"og:image:width\" content=\"1920\" \/>\n\t<meta property=\"og:image:height\" content=\"2560\" \/>\n\t<meta property=\"og:image:type\" content=\"image\/jpeg\" \/>\n<meta name=\"twitter:card\" content=\"summary_large_image\" \/>\n<meta name=\"twitter:label1\" content=\"Pre\u00e7o\" \/>\n\t<meta name=\"twitter:data1\" content=\"&#036;&nbsp;345.600,00\" \/>\n\t<meta name=\"twitter:label2\" content=\"Disponibilidade\" \/>\n\t<meta name=\"twitter:data2\" content=\"Em Estoque\" \/>\n<script type=\"application\/ld+json\" class=\"yoast-schema-graph\">{\"@context\":\"https:\/\/schema.org\",\"@graph\":[{\"@type\":[\"WebPage\",\"ItemPage\"],\"@id\":\"https:\/\/centroreservasbariloche.com\/product\/escuelita-de-ski-snowboard-dia-completo-para-ninos\",\"url\":\"https:\/\/centroreservasbariloche.com\/product\/escuelita-de-ski-snowboard-dia-completo-para-ninos\",\"name\":\"Escuelita de Ski o Snowboard: aprendizaje guiado para los m\u00e1s chicos en una jornada completa de nieve - Centro Reservas Bariloche Patagonia Argentina\",\"isPartOf\":{\"@id\":\"https:\/\/centroreservasbariloche.com\/#website\"},\"primaryImageOfPage\":{\"@id\":\"https:\/\/centroreservasbariloche.com\/product\/escuelita-de-ski-snowboard-dia-completo-para-ninos#primaryimage\"},\"image\":{\"@id\":\"https:\/\/centroreservasbariloche.com\/product\/escuelita-de-ski-snowboard-dia-completo-para-ninos#primaryimage\"},\"thumbnailUrl\":\"https:\/\/buck.getjasper.digital\/2025\/05\/5-B-DOJFGLFDG-scaled.jpg\",\"datePublished\":\"2025-05-13T15:37:10+00:00\",\"dateModified\":\"2026-04-10T01:16:43+00:00\",\"description\":\"Escuelita de ski o snowboard para ni\u00f1os en Bariloche. Incluye equipo, clases, recreaci\u00f3n, almuerzo y traslado desde puntos cercanos. Ideal para familias y grupos del exterior.\",\"breadcrumb\":{\"@id\":\"https:\/\/centroreservasbariloche.com\/product\/escuelita-de-ski-snowboard-dia-completo-para-ninos#breadcrumb\"},\"inLanguage\":\"pt-BR\",\"potentialAction\":[{\"@type\":\"ReadAction\",\"target\":[\"https:\/\/centroreservasbariloche.com\/product\/escuelita-de-ski-snowboard-dia-completo-para-ninos\"]}]},{\"@type\":\"ImageObject\",\"inLanguage\":\"pt-BR\",\"@id\":\"https:\/\/centroreservasbariloche.com\/product\/escuelita-de-ski-snowboard-dia-completo-para-ninos#primaryimage\",\"url\":\"https:\/\/buck.getjasper.digital\/2025\/05\/5-B-DOJFGLFDG-scaled.jpg\",\"contentUrl\":\"https:\/\/buck.getjasper.digital\/2025\/05\/5-B-DOJFGLFDG-scaled.jpg\",\"width\":1920,\"height\":2560},{\"@type\":\"BreadcrumbList\",\"@id\":\"https:\/\/centroreservasbariloche.com\/product\/escuelita-de-ski-snowboard-dia-completo-para-ninos#breadcrumb\",\"itemListElement\":[{\"@type\":\"ListItem\",\"position\":1,\"name\":\"Home\",\"item\":\"https:\/\/centroreservasbariloche.com\/\"},{\"@type\":\"ListItem\",\"position\":2,\"name\":\"Nuestras actividades\",\"item\":\"https:\/\/centroreservasbariloche.com\/shop\"},{\"@type\":\"ListItem\",\"position\":3,\"name\":\"Escuelita de Ski o Snowboard: aprendizaje guiado para los m\u00e1s chicos en una jornada completa de nieve\"}]},{\"@type\":\"WebSite\",\"@id\":\"https:\/\/centroreservasbariloche.com\/#website\",\"url\":\"https:\/\/centroreservasbariloche.com\/\",\"name\":\"Centro Reservas Bariloche Patagonia Argentina\",\"description\":\"Centro Reservas Bariloche Patagonia\",\"publisher\":{\"@id\":\"https:\/\/centroreservasbariloche.com\/#organization\"},\"alternateName\":\"tur centra bariloche\",\"potentialAction\":[{\"@type\":\"SearchAction\",\"target\":{\"@type\":\"EntryPoint\",\"urlTemplate\":\"https:\/\/centroreservasbariloche.com\/?s={search_term_string}\"},\"query-input\":{\"@type\":\"PropertyValueSpecification\",\"valueRequired\":true,\"valueName\":\"search_term_string\"}}],\"inLanguage\":\"pt-BR\"},{\"@type\":[\"Organization\",\"Place\",\"TravelAgency\"],\"@id\":\"https:\/\/centroreservasbariloche.com\/#organization\",\"name\":\"Centro Reservas Bariloche\",\"alternateName\":\"Centro de Reservas\",\"url\":\"https:\/\/centroreservasbariloche.com\/\",\"logo\":{\"@id\":\"https:\/\/centroreservasbariloche.com\/product\/escuelita-de-ski-snowboard-dia-completo-para-ninos#local-main-organization-logo\"},\"image\":{\"@id\":\"https:\/\/centroreservasbariloche.com\/product\/escuelita-de-ski-snowboard-dia-completo-para-ninos#local-main-organization-logo\"},\"sameAs\":[\"https:\/\/www.facebook.com\/centroreservasbariloche\"],\"description\":\"Estamos comprometidos en brindarles una experiencia inolvidable, llena de aventura, belleza natural y descubrimientos. No importa si es su primera visita a Bariloche o si ya ha tenido el placer de conocerla, estamos seguros de que encontrar\u00e1 en nuestras excursiones la oportunidad de crear recuerdos duraderos.\",\"legalName\":\"Centro Reservas Bariloche\",\"address\":{\"@id\":\"https:\/\/centroreservasbariloche.com\/product\/escuelita-de-ski-snowboard-dia-completo-para-ninos#local-main-place-address\"},\"telephone\":[],\"openingHoursSpecification\":[{\"@type\":\"OpeningHoursSpecification\",\"dayOfWeek\":[\"Monday\",\"Tuesday\",\"Wednesday\",\"Thursday\",\"Friday\",\"Saturday\",\"Sunday\"],\"opens\":\"09:00\",\"closes\":\"17:00\"}],\"priceRange\":\"$$\"},{\"@type\":\"PostalAddress\",\"@id\":\"https:\/\/centroreservasbariloche.com\/product\/escuelita-de-ski-snowboard-dia-completo-para-ninos#local-main-place-address\",\"streetAddress\":\"Mitre 131\",\"addressLocality\":\"San Carlos de Bariloche\",\"postalCode\":\"8400\",\"addressRegion\":\"R\u00edo Negro\",\"addressCountry\":\"AR\"},{\"@type\":\"ImageObject\",\"inLanguage\":\"pt-BR\",\"@id\":\"https:\/\/centroreservasbariloche.com\/product\/escuelita-de-ski-snowboard-dia-completo-para-ninos#local-main-organization-logo\",\"url\":\"https:\/\/buck.getjasper.digital\/2025\/06\/centro-de-reservas-2-1.png\",\"contentUrl\":\"https:\/\/buck.getjasper.digital\/2025\/06\/centro-de-reservas-2-1.png\",\"width\":512,\"height\":512,\"caption\":\"Centro Reservas Bariloche\"}]}<\/script>\n<meta property=\"product:price:amount\" content=\"345600.00\" \/>\n<meta property=\"product:price:currency\" content=\"ARS\" \/>\n<meta property=\"og:availability\" content=\"instock\" \/>\n<meta property=\"product:availability\" content=\"instock\" \/>\n<meta property=\"product:retailer_item_id\" content=\"ADV2025ESSKSNJ9L2\" \/>\n<meta property=\"product:condition\" content=\"new\" \/>\n<meta name=\"geo.placename\" content=\"San Carlos de Bariloche\" \/>\n<meta name=\"geo.region\" content=\"Argentina\" \/>\n<!-- \/ Yoast SEO Premium plugin. -->","yoast_head_json":{"title":"Escola de esqui ou snowboard: aprendizado guiado para crian\u00e7as em um dia inteiro na neve - Centro Reservas Bariloche Patag\u00f4nia Argentina","description":"Escola de esqui ou snowboard para crian\u00e7as em Bariloche. Inclui equipamentos, aulas, recrea\u00e7\u00e3o, almo\u00e7o e traslado de pontos pr\u00f3ximos. Ideal para fam\u00edlias e grupos do exterior.","robots":{"index":"index","follow":"follow","max-snippet":"max-snippet:-1","max-image-preview":"max-image-preview:large","max-video-preview":"max-video-preview:-1"},"canonical":"https:\/\/centroreservasbariloche.com\/pt\/product\/escola-de-esqui-e-snowboard-de-dia-inteiro-para-criancas\/","og_locale":"pt_BR","og_type":"article","og_title":"Escuelita de Ski o Snowboard: aprendizaje guiado para los m\u00e1s chicos en una jornada completa de nieve","og_description":"Escuelita de ski o snowboard para ni\u00f1os en Bariloche. Incluye equipo, clases, recreaci\u00f3n, almuerzo y traslado desde puntos cercanos. Ideal para familias y grupos del exterior.","og_url":"https:\/\/centroreservasbariloche.com\/pt\/product\/escola-de-esqui-e-snowboard-de-dia-inteiro-para-criancas\/","og_site_name":"Centro Reservas Bariloche Patagonia Argentina","article_publisher":"https:\/\/www.facebook.com\/centroreservasbariloche","article_modified_time":"2026-04-10T01:16:43+00:00","og_image":[{"width":1920,"height":2560,"url":"https:\/\/buck.getjasper.digital\/2025\/05\/5-B-DOJFGLFDG-scaled.jpg","type":"image\/jpeg"}],"twitter_card":"summary_large_image","twitter_misc":{"Pre\u00e7o":"&#36;&nbsp;345.600,00","Disponibilidade":"Em Estoque"},"schema":{"@context":"https:\/\/schema.org","@graph":[{"@type":["WebPage","ItemPage"],"@id":"https:\/\/centroreservasbariloche.com\/product\/escuelita-de-ski-snowboard-dia-completo-para-ninos","url":"https:\/\/centroreservasbariloche.com\/product\/escuelita-de-ski-snowboard-dia-completo-para-ninos","name":"Escola de esqui ou snowboard: aprendizado guiado para crian\u00e7as em um dia inteiro na neve - Centro Reservas Bariloche Patag\u00f4nia Argentina","isPartOf":{"@id":"https:\/\/centroreservasbariloche.com\/#website"},"primaryImageOfPage":{"@id":"https:\/\/centroreservasbariloche.com\/product\/escuelita-de-ski-snowboard-dia-completo-para-ninos#primaryimage"},"image":{"@id":"https:\/\/centroreservasbariloche.com\/product\/escuelita-de-ski-snowboard-dia-completo-para-ninos#primaryimage"},"thumbnailUrl":"https:\/\/buck.getjasper.digital\/2025\/05\/5-B-DOJFGLFDG-scaled.jpg","datePublished":"2025-05-13T15:37:10+00:00","dateModified":"2026-04-10T01:16:43+00:00","description":"Escola de esqui ou snowboard para crian\u00e7as em Bariloche. Inclui equipamentos, aulas, recrea\u00e7\u00e3o, almo\u00e7o e traslado de pontos pr\u00f3ximos. Ideal para fam\u00edlias e grupos do exterior.","breadcrumb":{"@id":"https:\/\/centroreservasbariloche.com\/product\/escuelita-de-ski-snowboard-dia-completo-para-ninos#breadcrumb"},"inLanguage":"pt-BR","potentialAction":[{"@type":"ReadAction","target":["https:\/\/centroreservasbariloche.com\/product\/escuelita-de-ski-snowboard-dia-completo-para-ninos"]}]},{"@type":"ImageObject","inLanguage":"pt-BR","@id":"https:\/\/centroreservasbariloche.com\/product\/escuelita-de-ski-snowboard-dia-completo-para-ninos#primaryimage","url":"https:\/\/buck.getjasper.digital\/2025\/05\/5-B-DOJFGLFDG-scaled.jpg","contentUrl":"https:\/\/buck.getjasper.digital\/2025\/05\/5-B-DOJFGLFDG-scaled.jpg","width":1920,"height":2560},{"@type":"BreadcrumbList","@id":"https:\/\/centroreservasbariloche.com\/product\/escuelita-de-ski-snowboard-dia-completo-para-ninos#breadcrumb","itemListElement":[{"@type":"ListItem","position":1,"name":"Home","item":"https:\/\/centroreservasbariloche.com\/"},{"@type":"ListItem","position":2,"name":"Nuestras actividades","item":"https:\/\/centroreservasbariloche.com\/shop"},{"@type":"ListItem","position":3,"name":"Escuelita de Ski o Snowboard: aprendizaje guiado para los m\u00e1s chicos en una jornada completa de nieve"}]},{"@type":"WebSite","@id":"https:\/\/centroreservasbariloche.com\/#website","url":"https:\/\/centroreservasbariloche.com\/","name":"Centro de Reservas de Bariloche Patag\u00f4nia Argentina","description":"Central de Reservas de Bariloche Patag\u00f4nia","publisher":{"@id":"https:\/\/centroreservasbariloche.com\/#organization"},"alternateName":"tur centra bariloche","potentialAction":[{"@type":"SearchAction","target":{"@type":"EntryPoint","urlTemplate":"https:\/\/centroreservasbariloche.com\/?s={search_term_string}"},"query-input":{"@type":"PropertyValueSpecification","valueRequired":true,"valueName":"search_term_string"}}],"inLanguage":"pt-BR"},{"@type":["Organization","Place","TravelAgency"],"@id":"https:\/\/centroreservasbariloche.com\/#organization","name":"Centro de Reservas de Bariloche","alternateName":"Centro de Reservas","url":"https:\/\/centroreservasbariloche.com\/","logo":{"@id":"https:\/\/centroreservasbariloche.com\/product\/escuelita-de-ski-snowboard-dia-completo-para-ninos#local-main-organization-logo"},"image":{"@id":"https:\/\/centroreservasbariloche.com\/product\/escuelita-de-ski-snowboard-dia-completo-para-ninos#local-main-organization-logo"},"sameAs":["https:\/\/www.facebook.com\/centroreservasbariloche"],"description":"Temos o compromisso de proporcionar a voc\u00ea uma experi\u00eancia inesquec\u00edvel, cheia de aventura, beleza natural e descobertas. Quer seja sua primeira visita a Bariloche ou se j\u00e1 teve o prazer de conhec\u00ea-la, temos certeza de que encontrar\u00e1 em nossas excurs\u00f5es a oportunidade de criar mem\u00f3rias duradouras.","legalName":"Centro Reservas Bariloche","address":{"@id":"https:\/\/centroreservasbariloche.com\/product\/escuelita-de-ski-snowboard-dia-completo-para-ninos#local-main-place-address"},"telephone":[],"openingHoursSpecification":[{"@type":"OpeningHoursSpecification","dayOfWeek":["Monday","Tuesday","Wednesday","Thursday","Friday","Saturday","Sunday"],"opens":"09:00","closes":"17:00"}],"priceRange":"$$"},{"@type":"PostalAddress","@id":"https:\/\/centroreservasbariloche.com\/product\/escuelita-de-ski-snowboard-dia-completo-para-ninos#local-main-place-address","streetAddress":"Mitre 131","addressLocality":"San Carlos de Bariloche","postalCode":"8400","addressRegion":"R\u00edo Negro","addressCountry":"AR"},{"@type":"ImageObject","inLanguage":"pt-BR","@id":"https:\/\/centroreservasbariloche.com\/product\/escuelita-de-ski-snowboard-dia-completo-para-ninos#local-main-organization-logo","url":"https:\/\/buck.getjasper.digital\/2025\/06\/centro-de-reservas-2-1.png","contentUrl":"https:\/\/buck.getjasper.digital\/2025\/06\/centro-de-reservas-2-1.png","width":512,"height":512,"caption":"Centro Reservas Bariloche"}]},"product_price_amount":"345600.00","product_price_currency":"ARS","og_availability":"instock","product_availability":"instock","product_retailer_item_id":"ADV2025ESSKSNJ9L2","product_condition":"new","geo.placename":"San Carlos de Bariloche","geo.region":"Argentina"},"_links":{"self":[{"href":"https:\/\/centroreservasbariloche.com\/pt\/wp-json\/wp\/v2\/product\/231106","targetHints":{"allow":["GET"]}}],"collection":[{"href":"https:\/\/centroreservasbariloche.com\/pt\/wp-json\/wp\/v2\/product"}],"about":[{"href":"https:\/\/centroreservasbariloche.com\/pt\/wp-json\/wp\/v2\/types\/product"}],"replies":[{"embeddable":true,"href":"https:\/\/centroreservasbariloche.com\/pt\/wp-json\/wp\/v2\/comments?post=231106"}],"wp:featuredmedia":[{"embeddable":true,"href":"https:\/\/centroreservasbariloche.com\/pt\/wp-json\/wp\/v2\/media\/231512"}],"wp:attachment":[{"href":"https:\/\/centroreservasbariloche.com\/pt\/wp-json\/wp\/v2\/media?parent=231106"}],"wp:term":[{"taxonomy":"product_brand","embeddable":true,"href":"https:\/\/centroreservasbariloche.com\/pt\/wp-json\/wp\/v2\/product_brand?post=231106"},{"taxonomy":"product_cat","embeddable":true,"href":"https:\/\/centroreservasbariloche.com\/pt\/wp-json\/wp\/v2\/product_cat?post=231106"},{"taxonomy":"product_tag","embeddable":true,"href":"https:\/\/centroreservasbariloche.com\/pt\/wp-json\/wp\/v2\/product_tag?post=231106"}],"curies":[{"name":"wp","href":"https:\/\/api.w.org\/{rel}","templated":true}]}}