{"id":231664,"date":"2025-09-12T12:46:52","date_gmt":"2025-09-12T15:46:52","guid":{"rendered":"https:\/\/centroreservasbariloche.com\/?post_type=product&#038;p=231664"},"modified":"2026-04-09T09:15:38","modified_gmt":"2026-04-09T12:15:38","slug":"bariloche-beer-experience-cerveceria","status":"publish","type":"product","link":"https:\/\/centroreservasbariloche.com\/pt\/product\/bariloche-beer-experience-brewery","title":{"rendered":"Experi\u00eancia cervejeira em Bariloche"},"content":{"rendered":"<p data-start=\"333\" data-end=\"413\"><strong data-start=\"336\" data-end=\"411\">Beer Experience Bariloche: um tour cervejeiro \u00fanico na Patag\u00f4nia<\/strong><\/p>\n<p data-start=\"415\" data-end=\"655\">Eu experimentei um passeio exclusivo para maiores de 18 anos com o <strong data-start=\"472\" data-end=\"501\">Beer Experience Bariloche<\/strong>, um tour cervejeiro que combina paisagens, sabores e tradi\u00e7\u00e3o em tr\u00eas das cervejarias mais emblem\u00e1ticas da cidade: <strong data-start=\"621\" data-end=\"652\">Wesley, Patag\u00f4nia e Gilbert<\/strong>.<\/p>\n<p data-start=\"657\" data-end=\"997\">Durante o passeio, voc\u00ea desfrutar\u00e1 de <strong data-start=\"697\" data-end=\"737\">7 half pints de cerveja artesanal<\/strong>, Cada cerveja \u00e9 combinada com petiscos e produtos regionais que real\u00e7am os sabores de cada estilo. Al\u00e9m disso, voc\u00ea aprender\u00e1 em primeira m\u00e3o sobre o processo de fabrica\u00e7\u00e3o da cerveja, os ingredientes e os segredos da cultura cervejeira local, acompanhados de um <strong data-start=\"965\" data-end=\"994\">guia profissional bil\u00edngue<\/strong>.<\/p>\n<p data-start=\"999\" data-end=\"1208\">O plano \u00e9 perfeito para quem est\u00e1 procurando uma experi\u00eancia diferente, aut\u00eantica e gourmet: relaxe com os amigos, descubra a ess\u00eancia da cena cervejeira de Bariloche e leve para casa um presente de anivers\u00e1rio. <strong data-start=\"1166\" data-end=\"1187\">lembran\u00e7a especial<\/strong> no final da turn\u00ea.<\/p>\n<h3 data-start=\"1215\" data-end=\"1244\"><\/h3>\n<h3 data-start=\"1215\" data-end=\"1244\">\u00a0Informa\u00e7\u00f5es pr\u00e1ticas<\/h3>\n<ul data-start=\"1245\" data-end=\"1487\">\n<li data-start=\"1245\" data-end=\"1278\">\n<p data-start=\"1247\" data-end=\"1278\"><strong data-start=\"1247\" data-end=\"1256\">Dias:<\/strong> Quartas e sextas-feiras.<\/p>\n<\/li>\n<li data-start=\"1279\" data-end=\"1312\">\n<p data-start=\"1281\" data-end=\"1312\"><strong data-start=\"1281\" data-end=\"1293\">Hor\u00e1rio:<\/strong> 15:00 \u00e0s 21:00 hs.<\/p>\n<\/li>\n<li data-start=\"1313\" data-end=\"1345\">\n<p data-start=\"1315\" data-end=\"1345\"><strong data-start=\"1315\" data-end=\"1328\">Dura\u00e7\u00e3o:<\/strong> 6 horas aproximadamente.<\/p>\n<\/li>\n<li data-start=\"1346\" data-end=\"1487\">\n<p data-start=\"1348\" data-end=\"1487\"><strong data-start=\"1348\" data-end=\"1371\">Ponto de encontro:<\/strong> A ser coordenado no momento da reserva. Op\u00e7\u00f5es dispon\u00edveis a partir do centro da cidade e das \u00e1reas vizinhas (Bustillo ou Pioneros).<\/p>\n<\/li>\n<\/ul>\n<h3 data-start=\"1494\" data-end=\"1509\">\u00a0Inclui<\/h3>\n<ul data-start=\"1510\" data-end=\"1761\">\n<li data-start=\"1510\" data-end=\"1565\">\n<p data-start=\"1512\" data-end=\"1565\">Traslado de ida e volta para o hotel em uma van tur\u00edstica autorizada.<\/p>\n<\/li>\n<li data-start=\"1566\" data-end=\"1597\">\n<p data-start=\"1568\" data-end=\"1597\">Guia bil\u00edngue especializado.<\/p>\n<\/li>\n<li data-start=\"1598\" data-end=\"1648\">\n<p data-start=\"1600\" data-end=\"1648\">Visitas guiadas em Wesley, Patag\u00f4nia e Gilbert.<\/p>\n<\/li>\n<li data-start=\"1649\" data-end=\"1683\">\n<p data-start=\"1651\" data-end=\"1683\">Degusta\u00e7\u00e3o de 7 half pints.<\/p>\n<\/li>\n<li data-start=\"1684\" data-end=\"1720\">\n<p data-start=\"1686\" data-end=\"1720\">Harmoniza\u00e7\u00e3o com petiscos regionais.<\/p>\n<\/li>\n<li data-start=\"1721\" data-end=\"1761\">\n<p data-start=\"1723\" data-end=\"1761\">Lembran\u00e7a exclusiva da experi\u00eancia.<\/p>\n<\/li>\n<\/ul>\n<h3 data-start=\"1768\" data-end=\"1786\">\u00a0N\u00e3o inclui<\/h3>\n<ul data-start=\"1787\" data-end=\"1864\">\n<li data-start=\"1787\" data-end=\"1799\">\n<p data-start=\"1789\" data-end=\"1799\">Gorjetas.<\/p>\n<\/li>\n<li data-start=\"1800\" data-end=\"1840\">\n<p data-start=\"1802\" data-end=\"1840\">Extras ou consumo fora do programa.<\/p>\n<\/li>\n<li data-start=\"1841\" data-end=\"1864\">\n<p data-start=\"1843\" data-end=\"1864\">Bebidas adicionais.<\/p>\n<\/li>\n<\/ul>","protected":false},"excerpt":{"rendered":"<p>Beer Experience Bariloche: visita a Wesley, Patag\u00f4nia e Gilbert com degusta\u00e7\u00e3o de 7 cervejas, harmoniza\u00e7\u00f5es regionais, guia bil\u00edngue e traslado inclu\u00eddos.<\/p>","protected":false},"featured_media":231681,"comment_status":"open","ping_status":"closed","template":"","meta":[],"product_brand":[],"product_cat":[38,40,37,55],"product_tag":[],"class_list":{"0":"post-231664","1":"product","2":"type-product","3":"status-publish","4":"has-post-thumbnail","6":"product_cat-adultos","7":"product_cat-con-traslado","8":"product_cat-terrestre","9":"product_cat-todo-el-ano-temporada","11":"first","12":"instock","13":"virtual","14":"sold-individually","15":"purchasable","16":"product-type-booking"},"booking_location":"","booking_location_type":"","booking_duration":1,"booking_duration_unit":"hour","booking_buffer":0,"booking_cost":0,"booking_resources":[],"exclude_global_add_ons":false,"addons":[{"name":"ADU: Adulto","type":"input_multiplier","position":0,"required":false,"title_format":"label","default":"","description_enable":false,"description":"","placeholder_enable":false,"placeholder":"","display":"select","restrictions_type":"any_text","adjust_price":true,"price":"222000","price_type":"quantity_based","restrictions":false,"min":"0","max":"0","options":[],"id":1773232132}],"yoast_head":"<!-- This site is optimized with the Yoast SEO Premium plugin v24.5 (Yoast SEO v24.8) - https:\/\/yoast.com\/wordpress\/plugins\/seo\/ -->\n<title>Bariloche Beer Experience - Centro Reservas Bariloche Patagonia Argentina<\/title>\n<meta name=\"description\" content=\"Disfrut\u00e1 la Bariloche Beer Experience: recorridos cerveceros, paisajes \u00fanicos y sabores patag\u00f3nicos. Viv\u00ed una experiencia aut\u00e9ntica en Bariloche.\" \/>\n<meta name=\"robots\" content=\"index, follow, max-snippet:-1, max-image-preview:large, max-video-preview:-1\" \/>\n<link rel=\"canonical\" href=\"https:\/\/centroreservasbariloche.com\/pt\/product\/bariloche-beer-experience-brewery\/\" \/>\n<meta property=\"og:locale\" content=\"pt_BR\" \/>\n<meta property=\"og:type\" content=\"article\" \/>\n<meta property=\"og:title\" content=\"Bariloche Beer Experience\" \/>\n<meta property=\"og:description\" content=\"Disfrut\u00e1 la Bariloche Beer Experience: recorridos cerveceros, paisajes \u00fanicos y sabores patag\u00f3nicos. Viv\u00ed una experiencia aut\u00e9ntica en Bariloche.\" \/>\n<meta property=\"og:url\" content=\"https:\/\/centroreservasbariloche.com\/pt\/product\/bariloche-beer-experience-brewery\/\" \/>\n<meta property=\"og:site_name\" content=\"Centro Reservas Bariloche Patagonia Argentina\" \/>\n<meta property=\"article:publisher\" content=\"https:\/\/www.facebook.com\/centroreservasbariloche\" \/>\n<meta property=\"article:modified_time\" content=\"2026-04-09T12:15:38+00:00\" \/>\n<meta property=\"og:image\" content=\"https:\/\/buck.getjasper.digital\/2025\/09\/5-C-gallery-home-img-5-big-1-scaled.jpg\" \/>\n\t<meta property=\"og:image:width\" content=\"1920\" \/>\n\t<meta property=\"og:image:height\" content=\"2560\" \/>\n\t<meta property=\"og:image:type\" content=\"image\/jpeg\" \/>\n<meta name=\"twitter:card\" content=\"summary_large_image\" \/>\n<meta name=\"twitter:label1\" content=\"Pre\u00e7o\" \/>\n\t<meta name=\"twitter:data1\" content=\"&#036;&nbsp;222.000,00\" \/>\n\t<meta name=\"twitter:label2\" content=\"Disponibilidade\" \/>\n\t<meta name=\"twitter:data2\" content=\"Em Estoque\" \/>\n<script type=\"application\/ld+json\" class=\"yoast-schema-graph\">{\"@context\":\"https:\/\/schema.org\",\"@graph\":[{\"@type\":[\"WebPage\",\"ItemPage\"],\"@id\":\"https:\/\/centroreservasbariloche.com\/product\/bariloche-beer-experience-cerveceria\",\"url\":\"https:\/\/centroreservasbariloche.com\/product\/bariloche-beer-experience-cerveceria\",\"name\":\"Bariloche Beer Experience - Centro Reservas Bariloche Patagonia Argentina\",\"isPartOf\":{\"@id\":\"https:\/\/centroreservasbariloche.com\/#website\"},\"primaryImageOfPage\":{\"@id\":\"https:\/\/centroreservasbariloche.com\/product\/bariloche-beer-experience-cerveceria#primaryimage\"},\"image\":{\"@id\":\"https:\/\/centroreservasbariloche.com\/product\/bariloche-beer-experience-cerveceria#primaryimage\"},\"thumbnailUrl\":\"https:\/\/buck.getjasper.digital\/2025\/09\/5-C-gallery-home-img-5-big-1-scaled.jpg\",\"datePublished\":\"2025-09-12T15:46:52+00:00\",\"dateModified\":\"2026-04-09T12:15:38+00:00\",\"description\":\"Disfrut\u00e1 la Bariloche Beer Experience: recorridos cerveceros, paisajes \u00fanicos y sabores patag\u00f3nicos. Viv\u00ed una experiencia aut\u00e9ntica en Bariloche.\",\"breadcrumb\":{\"@id\":\"https:\/\/centroreservasbariloche.com\/product\/bariloche-beer-experience-cerveceria#breadcrumb\"},\"inLanguage\":\"pt-BR\",\"potentialAction\":[{\"@type\":\"ReadAction\",\"target\":[\"https:\/\/centroreservasbariloche.com\/product\/bariloche-beer-experience-cerveceria\"]}]},{\"@type\":\"ImageObject\",\"inLanguage\":\"pt-BR\",\"@id\":\"https:\/\/centroreservasbariloche.com\/product\/bariloche-beer-experience-cerveceria#primaryimage\",\"url\":\"https:\/\/buck.getjasper.digital\/2025\/09\/5-C-gallery-home-img-5-big-1-scaled.jpg\",\"contentUrl\":\"https:\/\/buck.getjasper.digital\/2025\/09\/5-C-gallery-home-img-5-big-1-scaled.jpg\",\"width\":1920,\"height\":2560},{\"@type\":\"BreadcrumbList\",\"@id\":\"https:\/\/centroreservasbariloche.com\/product\/bariloche-beer-experience-cerveceria#breadcrumb\",\"itemListElement\":[{\"@type\":\"ListItem\",\"position\":1,\"name\":\"Home\",\"item\":\"https:\/\/centroreservasbariloche.com\/\"},{\"@type\":\"ListItem\",\"position\":2,\"name\":\"Nuestras actividades\",\"item\":\"https:\/\/centroreservasbariloche.com\/shop\"},{\"@type\":\"ListItem\",\"position\":3,\"name\":\"Bariloche Beer Experience\"}]},{\"@type\":\"WebSite\",\"@id\":\"https:\/\/centroreservasbariloche.com\/#website\",\"url\":\"https:\/\/centroreservasbariloche.com\/\",\"name\":\"Centro Reservas Bariloche Patagonia Argentina\",\"description\":\"Centro Reservas Bariloche Patagonia\",\"publisher\":{\"@id\":\"https:\/\/centroreservasbariloche.com\/#organization\"},\"alternateName\":\"tur centra bariloche\",\"potentialAction\":[{\"@type\":\"SearchAction\",\"target\":{\"@type\":\"EntryPoint\",\"urlTemplate\":\"https:\/\/centroreservasbariloche.com\/?s={search_term_string}\"},\"query-input\":{\"@type\":\"PropertyValueSpecification\",\"valueRequired\":true,\"valueName\":\"search_term_string\"}}],\"inLanguage\":\"pt-BR\"},{\"@type\":[\"Organization\",\"Place\",\"TravelAgency\"],\"@id\":\"https:\/\/centroreservasbariloche.com\/#organization\",\"name\":\"Centro Reservas Bariloche\",\"alternateName\":\"Centro de Reservas\",\"url\":\"https:\/\/centroreservasbariloche.com\/\",\"logo\":{\"@id\":\"https:\/\/centroreservasbariloche.com\/product\/bariloche-beer-experience-cerveceria#local-main-organization-logo\"},\"image\":{\"@id\":\"https:\/\/centroreservasbariloche.com\/product\/bariloche-beer-experience-cerveceria#local-main-organization-logo\"},\"sameAs\":[\"https:\/\/www.facebook.com\/centroreservasbariloche\"],\"description\":\"Estamos comprometidos en brindarles una experiencia inolvidable, llena de aventura, belleza natural y descubrimientos. No importa si es su primera visita a Bariloche o si ya ha tenido el placer de conocerla, estamos seguros de que encontrar\u00e1 en nuestras excursiones la oportunidad de crear recuerdos duraderos.\",\"legalName\":\"Centro Reservas Bariloche\",\"address\":{\"@id\":\"https:\/\/centroreservasbariloche.com\/product\/bariloche-beer-experience-cerveceria#local-main-place-address\"},\"telephone\":[],\"openingHoursSpecification\":[{\"@type\":\"OpeningHoursSpecification\",\"dayOfWeek\":[\"Monday\",\"Tuesday\",\"Wednesday\",\"Thursday\",\"Friday\",\"Saturday\",\"Sunday\"],\"opens\":\"09:00\",\"closes\":\"17:00\"}],\"priceRange\":\"$$\"},{\"@type\":\"PostalAddress\",\"@id\":\"https:\/\/centroreservasbariloche.com\/product\/bariloche-beer-experience-cerveceria#local-main-place-address\",\"streetAddress\":\"Mitre 131\",\"addressLocality\":\"San Carlos de Bariloche\",\"postalCode\":\"8400\",\"addressRegion\":\"R\u00edo Negro\",\"addressCountry\":\"AR\"},{\"@type\":\"ImageObject\",\"inLanguage\":\"pt-BR\",\"@id\":\"https:\/\/centroreservasbariloche.com\/product\/bariloche-beer-experience-cerveceria#local-main-organization-logo\",\"url\":\"https:\/\/buck.getjasper.digital\/2025\/06\/centro-de-reservas-2-1.png\",\"contentUrl\":\"https:\/\/buck.getjasper.digital\/2025\/06\/centro-de-reservas-2-1.png\",\"width\":512,\"height\":512,\"caption\":\"Centro Reservas Bariloche\"}]}<\/script>\n<meta property=\"product:price:amount\" content=\"222000.00\" \/>\n<meta property=\"product:price:currency\" content=\"ARS\" \/>\n<meta property=\"og:availability\" content=\"instock\" \/>\n<meta property=\"product:availability\" content=\"instock\" \/>\n<meta property=\"product:retailer_item_id\" content=\"ADV2025BABEEX7FQ9\" \/>\n<meta property=\"product:condition\" content=\"new\" \/>\n<meta name=\"geo.placename\" content=\"San Carlos de Bariloche\" \/>\n<meta name=\"geo.region\" content=\"Argentina\" \/>\n<!-- \/ Yoast SEO Premium plugin. -->","yoast_head_json":{"title":"Bariloche Beer Experience - Centro Reservas Bariloche Patag\u00f4nia Argentina","description":"Aproveite a Bariloche Beer Experience: passeios cervejeiros, paisagens \u00fanicas e sabores patag\u00f4nicos. Viva uma experi\u00eancia aut\u00eantica em Bariloche.","robots":{"index":"index","follow":"follow","max-snippet":"max-snippet:-1","max-image-preview":"max-image-preview:large","max-video-preview":"max-video-preview:-1"},"canonical":"https:\/\/centroreservasbariloche.com\/pt\/product\/bariloche-beer-experience-brewery\/","og_locale":"pt_BR","og_type":"article","og_title":"Bariloche Beer Experience","og_description":"Disfrut\u00e1 la Bariloche Beer Experience: recorridos cerveceros, paisajes \u00fanicos y sabores patag\u00f3nicos. Viv\u00ed una experiencia aut\u00e9ntica en Bariloche.","og_url":"https:\/\/centroreservasbariloche.com\/pt\/product\/bariloche-beer-experience-brewery\/","og_site_name":"Centro Reservas Bariloche Patagonia Argentina","article_publisher":"https:\/\/www.facebook.com\/centroreservasbariloche","article_modified_time":"2026-04-09T12:15:38+00:00","og_image":[{"width":1920,"height":2560,"url":"https:\/\/buck.getjasper.digital\/2025\/09\/5-C-gallery-home-img-5-big-1-scaled.jpg","type":"image\/jpeg"}],"twitter_card":"summary_large_image","twitter_misc":{"Pre\u00e7o":"&#36;&nbsp;222.000,00","Disponibilidade":"Em Estoque"},"schema":{"@context":"https:\/\/schema.org","@graph":[{"@type":["WebPage","ItemPage"],"@id":"https:\/\/centroreservasbariloche.com\/product\/bariloche-beer-experience-cerveceria","url":"https:\/\/centroreservasbariloche.com\/product\/bariloche-beer-experience-cerveceria","name":"Bariloche Beer Experience - Centro Reservas Bariloche Patag\u00f4nia Argentina","isPartOf":{"@id":"https:\/\/centroreservasbariloche.com\/#website"},"primaryImageOfPage":{"@id":"https:\/\/centroreservasbariloche.com\/product\/bariloche-beer-experience-cerveceria#primaryimage"},"image":{"@id":"https:\/\/centroreservasbariloche.com\/product\/bariloche-beer-experience-cerveceria#primaryimage"},"thumbnailUrl":"https:\/\/buck.getjasper.digital\/2025\/09\/5-C-gallery-home-img-5-big-1-scaled.jpg","datePublished":"2025-09-12T15:46:52+00:00","dateModified":"2026-04-09T12:15:38+00:00","description":"Aproveite a Bariloche Beer Experience: passeios cervejeiros, paisagens \u00fanicas e sabores patag\u00f4nicos. Viva uma experi\u00eancia aut\u00eantica em Bariloche.","breadcrumb":{"@id":"https:\/\/centroreservasbariloche.com\/product\/bariloche-beer-experience-cerveceria#breadcrumb"},"inLanguage":"pt-BR","potentialAction":[{"@type":"ReadAction","target":["https:\/\/centroreservasbariloche.com\/product\/bariloche-beer-experience-cerveceria"]}]},{"@type":"ImageObject","inLanguage":"pt-BR","@id":"https:\/\/centroreservasbariloche.com\/product\/bariloche-beer-experience-cerveceria#primaryimage","url":"https:\/\/buck.getjasper.digital\/2025\/09\/5-C-gallery-home-img-5-big-1-scaled.jpg","contentUrl":"https:\/\/buck.getjasper.digital\/2025\/09\/5-C-gallery-home-img-5-big-1-scaled.jpg","width":1920,"height":2560},{"@type":"BreadcrumbList","@id":"https:\/\/centroreservasbariloche.com\/product\/bariloche-beer-experience-cerveceria#breadcrumb","itemListElement":[{"@type":"ListItem","position":1,"name":"Home","item":"https:\/\/centroreservasbariloche.com\/"},{"@type":"ListItem","position":2,"name":"Nuestras actividades","item":"https:\/\/centroreservasbariloche.com\/shop"},{"@type":"ListItem","position":3,"name":"Bariloche Beer Experience"}]},{"@type":"WebSite","@id":"https:\/\/centroreservasbariloche.com\/#website","url":"https:\/\/centroreservasbariloche.com\/","name":"Centro de Reservas de Bariloche Patag\u00f4nia Argentina","description":"Central de Reservas de Bariloche Patag\u00f4nia","publisher":{"@id":"https:\/\/centroreservasbariloche.com\/#organization"},"alternateName":"tur centra bariloche","potentialAction":[{"@type":"SearchAction","target":{"@type":"EntryPoint","urlTemplate":"https:\/\/centroreservasbariloche.com\/?s={search_term_string}"},"query-input":{"@type":"PropertyValueSpecification","valueRequired":true,"valueName":"search_term_string"}}],"inLanguage":"pt-BR"},{"@type":["Organization","Place","TravelAgency"],"@id":"https:\/\/centroreservasbariloche.com\/#organization","name":"Centro de Reservas de Bariloche","alternateName":"Centro de Reservas","url":"https:\/\/centroreservasbariloche.com\/","logo":{"@id":"https:\/\/centroreservasbariloche.com\/product\/bariloche-beer-experience-cerveceria#local-main-organization-logo"},"image":{"@id":"https:\/\/centroreservasbariloche.com\/product\/bariloche-beer-experience-cerveceria#local-main-organization-logo"},"sameAs":["https:\/\/www.facebook.com\/centroreservasbariloche"],"description":"Temos o compromisso de proporcionar a voc\u00ea uma experi\u00eancia inesquec\u00edvel, cheia de aventura, beleza natural e descobertas. Quer seja sua primeira visita a Bariloche ou se j\u00e1 teve o prazer de conhec\u00ea-la, temos certeza de que encontrar\u00e1 em nossas excurs\u00f5es a oportunidade de criar mem\u00f3rias duradouras.","legalName":"Centro Reservas Bariloche","address":{"@id":"https:\/\/centroreservasbariloche.com\/product\/bariloche-beer-experience-cerveceria#local-main-place-address"},"telephone":[],"openingHoursSpecification":[{"@type":"OpeningHoursSpecification","dayOfWeek":["Monday","Tuesday","Wednesday","Thursday","Friday","Saturday","Sunday"],"opens":"09:00","closes":"17:00"}],"priceRange":"$$"},{"@type":"PostalAddress","@id":"https:\/\/centroreservasbariloche.com\/product\/bariloche-beer-experience-cerveceria#local-main-place-address","streetAddress":"Mitre 131","addressLocality":"San Carlos de Bariloche","postalCode":"8400","addressRegion":"R\u00edo Negro","addressCountry":"AR"},{"@type":"ImageObject","inLanguage":"pt-BR","@id":"https:\/\/centroreservasbariloche.com\/product\/bariloche-beer-experience-cerveceria#local-main-organization-logo","url":"https:\/\/buck.getjasper.digital\/2025\/06\/centro-de-reservas-2-1.png","contentUrl":"https:\/\/buck.getjasper.digital\/2025\/06\/centro-de-reservas-2-1.png","width":512,"height":512,"caption":"Centro Reservas Bariloche"}]},"product_price_amount":"222000.00","product_price_currency":"ARS","og_availability":"instock","product_availability":"instock","product_retailer_item_id":"ADV2025BABEEX7FQ9","product_condition":"new","geo.placename":"San Carlos de Bariloche","geo.region":"Argentina"},"_links":{"self":[{"href":"https:\/\/centroreservasbariloche.com\/pt\/wp-json\/wp\/v2\/product\/231664","targetHints":{"allow":["GET"]}}],"collection":[{"href":"https:\/\/centroreservasbariloche.com\/pt\/wp-json\/wp\/v2\/product"}],"about":[{"href":"https:\/\/centroreservasbariloche.com\/pt\/wp-json\/wp\/v2\/types\/product"}],"replies":[{"embeddable":true,"href":"https:\/\/centroreservasbariloche.com\/pt\/wp-json\/wp\/v2\/comments?post=231664"}],"wp:featuredmedia":[{"embeddable":true,"href":"https:\/\/centroreservasbariloche.com\/pt\/wp-json\/wp\/v2\/media\/231681"}],"wp:attachment":[{"href":"https:\/\/centroreservasbariloche.com\/pt\/wp-json\/wp\/v2\/media?parent=231664"}],"wp:term":[{"taxonomy":"product_brand","embeddable":true,"href":"https:\/\/centroreservasbariloche.com\/pt\/wp-json\/wp\/v2\/product_brand?post=231664"},{"taxonomy":"product_cat","embeddable":true,"href":"https:\/\/centroreservasbariloche.com\/pt\/wp-json\/wp\/v2\/product_cat?post=231664"},{"taxonomy":"product_tag","embeddable":true,"href":"https:\/\/centroreservasbariloche.com\/pt\/wp-json\/wp\/v2\/product_tag?post=231664"}],"curies":[{"name":"wp","href":"https:\/\/api.w.org\/{rel}","templated":true}]}}