{"id":231841,"date":"2026-01-28T12:52:19","date_gmt":"2026-01-28T15:52:19","guid":{"rendered":"https:\/\/centroreservasbariloche.com\/?post_type=product&#038;p=231841"},"modified":"2026-04-09T09:15:38","modified_gmt":"2026-04-09T12:15:38","slug":"buceo-bautismo-en-bariloche","status":"publish","type":"product","link":"https:\/\/centroreservasbariloche.com\/pt\/product\/batismo-de-mergulho-em-bariloche","title":{"rendered":"Descubra o mergulho em Bariloche"},"content":{"rendered":"<h2 data-start=\"742\" data-end=\"863\"><strong data-start=\"748\" data-end=\"863\">Mergulhe nas \u00e1guas do Lago Moreno e descubra uma experi\u00eancia \u00fanica sob a superf\u00edcie da Patag\u00f4nia.<\/strong><\/h2>\n<p data-start=\"865\" data-end=\"1240\">O <em data-start=\"868\" data-end=\"897\">Descubra o mergulho em Bariloche<\/em> \u00e9 uma proposta ideal para quem quer experimentar seu primeiro mergulho e apreciar a paisagem natural de uma nova perspectiva.<br data-start=\"1028\" data-end=\"1031\" \/>Acompanhados por instrutores certificados e com equipamento completo, cada participante experimenta o mergulho de forma confort\u00e1vel, controlada e com a aten\u00e7\u00e3o personalizada que caracteriza nossos servi\u00e7os.<\/p>\n<p data-start=\"1242\" data-end=\"1560\">Durante aproximadamente duas horas - incluindo 20 a 30 minutos de mergulho - o participante poder\u00e1 observar a clareza do Lago Moreno, suas forma\u00e7\u00f5es naturais e os reflexos da luz que passa por suas \u00e1guas.<br data-start=\"1457\" data-end=\"1460\" \/>Uma atividade projetada para viajantes individuais, bem como para grupos familiares ou contingentes.<\/p>\n<h3 data-start=\"1567\" data-end=\"1607\"><strong data-start=\"1574\" data-end=\"1607\">Por que escolher este passeio<\/strong><\/h3>\n<ul data-start=\"1609\" data-end=\"1959\">\n<li data-start=\"1609\" data-end=\"1673\">\n<p data-start=\"1611\" data-end=\"1673\">Atividade introdut\u00f3ria de mergulho, adequada para iniciantes.<\/p>\n<\/li>\n<li data-start=\"1674\" data-end=\"1740\">\n<p data-start=\"1676\" data-end=\"1740\">Inclui instrutores certificados e equipamento t\u00e9cnico completo.<\/p>\n<\/li>\n<li data-start=\"1741\" data-end=\"1821\">\n<p data-start=\"1743\" data-end=\"1821\">Cen\u00e1rio natural excepcional: Lago Moreno, a minutos do centro de Bariloche.<\/p>\n<\/li>\n<li data-start=\"1822\" data-end=\"1884\">\n<p data-start=\"1824\" data-end=\"1884\">Adapt\u00e1vel a reservas individuais, de grupos ou de ag\u00eancias.<\/p>\n<\/li>\n<li data-start=\"1885\" data-end=\"1959\">\n<p data-start=\"1887\" data-end=\"1959\">Ideal para combinar com programas de aventura ou atividades aqu\u00e1ticas.<\/p>\n<\/li>\n<\/ul>\n<h3 data-start=\"1966\" data-end=\"2001\"><strong data-start=\"1973\" data-end=\"2001\">Como ser\u00e1 a experi\u00eancia<\/strong><\/h3>\n<p data-start=\"2003\" data-end=\"2251\">O ponto de encontro \u00e9 previamente coordenado com cada passageiro ou grupo, desde o centro de Bariloche at\u00e9 o km 8 da Avenida Bustillo.<br data-start=\"2136\" data-end=\"2139\" \/>Ao chegar, os instrutores lhe dar\u00e3o as boas-vindas e far\u00e3o uma breve apresenta\u00e7\u00e3o da equipe e da atividade.<\/p>\n<p data-start=\"2253\" data-end=\"2530\">Ap\u00f3s uma pr\u00e1tica inicial na superf\u00edcie, o mergulho come\u00e7a no Lago Moreno. Acompanhados pelo instrutor, os participantes desfrutar\u00e3o de 20 a 30 minutos de observa\u00e7\u00e3o subaqu\u00e1tica, apreciando a tranquilidade do ambiente e as vistas \u00fanicas do fundo do lago.<\/p>\n<p data-start=\"2532\" data-end=\"2658\">A experi\u00eancia total dura aproximadamente duas horas e inclui transporte, equipamento t\u00e9cnico e guia profissional.<\/p>\n<h3 data-start=\"2665\" data-end=\"2696\"><strong data-start=\"2672\" data-end=\"2696\">Informa\u00e7\u00f5es pr\u00e1ticas<\/strong><\/h3>\n<ul data-start=\"2698\" data-end=\"3332\">\n<li data-start=\"2698\" data-end=\"2774\">\n<p data-start=\"2700\" data-end=\"2774\"><strong data-start=\"2700\" data-end=\"2713\">Hor\u00e1rios:<\/strong> 11:00 \u00e0s 15:00 \/ 13:00 \u00e0s 17:00 (segunda, quarta e domingo).<\/p>\n<\/li>\n<li data-start=\"2775\" data-end=\"2832\">\n<p data-start=\"2777\" data-end=\"2832\"><strong data-start=\"2777\" data-end=\"2790\">Dura\u00e7\u00e3o:<\/strong> Aproximadamente 2 horas (20 a 30 minutos de imers\u00e3o).<\/p>\n<\/li>\n<li data-start=\"2833\" data-end=\"2860\">\n<p data-start=\"2835\" data-end=\"2860\"><strong data-start=\"2835\" data-end=\"2851\">Idade m\u00ednima:<\/strong> 8 anos.<\/p>\n<\/li>\n<li data-start=\"2861\" data-end=\"2948\">\n<p data-start=\"2863\" data-end=\"2948\"><strong data-start=\"2863\" data-end=\"2886\">Ponto de encontro:<\/strong> do centro de Bariloche at\u00e9 o km 8 da Av. Bustillo.<\/p>\n<\/li>\n<li data-start=\"2949\" data-end=\"3033\">\n<p data-start=\"2951\" data-end=\"3033\"><strong data-start=\"2951\" data-end=\"2963\">Ele inclui:<\/strong> instrutores certificados, equipamento t\u00e9cnico completo e transporte.<\/p>\n<\/li>\n<li data-start=\"3034\" data-end=\"3072\">\n<p data-start=\"3036\" data-end=\"3072\"><strong data-start=\"3036\" data-end=\"3051\">N\u00e3o inclu\u00eddo:<\/strong> alimentos e bebidas.<\/p>\n<\/li>\n<li data-start=\"3073\" data-end=\"3160\">\n<p data-start=\"3075\" data-end=\"3160\"><strong data-start=\"3075\" data-end=\"3093\">Recomenda\u00e7\u00e3o:<\/strong> realizar a atividade pelo menos 12 horas antes do voo.<\/p>\n<\/li>\n<\/ul>\n<h3 data-start=\"3339\" data-end=\"3369\"><strong data-start=\"3345\" data-end=\"3369\">Perguntas frequentes<\/strong><\/h3>\n<p data-start=\"3371\" data-end=\"3501\"><strong data-start=\"3371\" data-end=\"3426\">Pessoas sem experi\u00eancia pr\u00e9via podem participar?<\/strong><br data-start=\"3426\" data-end=\"3429\" \/>Sim, ele foi projetado especialmente para mergulhadores de primeira viagem.<\/p>\n<p data-start=\"3503\" data-end=\"3598\"><strong data-start=\"3503\" data-end=\"3527\">\u00c9 adequado para crian\u00e7as?<\/strong><br data-start=\"3527\" data-end=\"3530\" \/>Sim, a partir de 8 anos de idade, acompanhado por um adulto respons\u00e1vel.<\/p>\n<p data-start=\"3600\" data-end=\"3681\"><strong data-start=\"3600\" data-end=\"3624\">O que levar?<\/strong><br data-start=\"3624\" data-end=\"3627\" \/>Roupas confort\u00e1veis, traje de banho, toalha e casaco leve.<\/p>\n<p data-start=\"3683\" data-end=\"3784\"><strong data-start=\"3683\" data-end=\"3718\">Onde a atividade \u00e9 realizada?<\/strong><br data-start=\"3718\" data-end=\"3721\" \/>No Lago Moreno, a cerca de 15 minutos do centro de Bariloche.<\/p>\n<p data-start=\"3786\" data-end=\"3930\"><strong data-start=\"3786\" data-end=\"3833\">Posso solicitar um traslado particular ou em grupo?<\/strong><br data-start=\"3833\" data-end=\"3836\" \/>Sim, o Centro de Reservas coordena os traslados de acordo com o n\u00famero de passageiros e o tipo de servi\u00e7o.<\/p>","protected":false},"excerpt":{"rendered":"<p>Uma experi\u00eancia perfeita para grupos ou viajantes individuais: descubra o mergulho aut\u00f4nomo pela primeira vez no Lago Moreno, com instrutores certificados e todos os equipamentos inclu\u00eddos.<\/p>","protected":false},"featured_media":231842,"comment_status":"open","ping_status":"closed","template":"","meta":[],"product_brand":[],"product_cat":[38,39,32,53,40,36,51],"product_tag":[],"class_list":{"0":"post-231841","1":"product","2":"type-product","3":"status-publish","4":"has-post-thumbnail","6":"product_cat-adultos","7":"product_cat-aventura","8":"product_cat-familia","9":"product_cat-ninos","10":"product_cat-con-traslado","11":"product_cat-sin-comida","12":"product_cat-verano","14":"first","15":"instock","16":"virtual","17":"sold-individually","18":"purchasable","19":"product-type-booking"},"booking_location":"","booking_location_type":"","booking_duration":1,"booking_duration_unit":"hour","booking_buffer":0,"booking_cost":0,"booking_resources":[],"exclude_global_add_ons":false,"addons":[{"name":"STD: Passageiros","type":"input_multiplier","position":0,"required":false,"title_format":"label","default":"","description_enable":false,"description":"","placeholder_enable":false,"placeholder":"","display":"select","restrictions_type":"any_text","adjust_price":true,"price":"132000","price_type":"quantity_based","restrictions":false,"min":"0","max":"0","options":[],"id":1773231509}],"yoast_head":"<!-- This site is optimized with the Yoast SEO Premium plugin v24.5 (Yoast SEO v24.8) - https:\/\/yoast.com\/wordpress\/plugins\/seo\/ -->\n<title>Buceo Bautismo en Bariloche - Centro Reservas Bariloche Patagonia Argentina<\/title>\n<meta name=\"description\" content=\"Viv\u00ed el buceo bautismo en el Lago Moreno con Centro de Reservas Bariloche. Ideal para grupos o agencias. Instructores certificados, equipo y traslado.\" \/>\n<meta name=\"robots\" content=\"index, follow, max-snippet:-1, max-image-preview:large, max-video-preview:-1\" \/>\n<link rel=\"canonical\" href=\"https:\/\/centroreservasbariloche.com\/pt\/product\/batismo-de-mergulho-em-bariloche\/\" \/>\n<meta property=\"og:locale\" content=\"pt_BR\" \/>\n<meta property=\"og:type\" content=\"article\" \/>\n<meta property=\"og:title\" content=\"Buceo Bautismo en Bariloche\" \/>\n<meta property=\"og:description\" content=\"Viv\u00ed el buceo bautismo en el Lago Moreno con Centro de Reservas Bariloche. Ideal para grupos o agencias. Instructores certificados, equipo y traslado.\" \/>\n<meta property=\"og:url\" content=\"https:\/\/centroreservasbariloche.com\/pt\/product\/batismo-de-mergulho-em-bariloche\/\" \/>\n<meta property=\"og:site_name\" content=\"Centro Reservas Bariloche Patagonia Argentina\" \/>\n<meta property=\"article:publisher\" content=\"https:\/\/www.facebook.com\/centroreservasbariloche\" \/>\n<meta property=\"article:modified_time\" content=\"2026-04-09T12:15:38+00:00\" \/>\n<meta property=\"og:image\" content=\"https:\/\/buck.getjasper.digital\/2026\/01\/tikiprincipal.jpeg\" \/>\n\t<meta property=\"og:image:width\" content=\"1120\" \/>\n\t<meta property=\"og:image:height\" content=\"1280\" \/>\n\t<meta property=\"og:image:type\" content=\"image\/jpeg\" \/>\n<meta name=\"twitter:card\" content=\"summary_large_image\" \/>\n<meta name=\"twitter:label1\" content=\"Pre\u00e7o\" \/>\n\t<meta name=\"twitter:data1\" content=\"&#036;&nbsp;132.000,00\" \/>\n\t<meta name=\"twitter:label2\" content=\"Disponibilidade\" \/>\n\t<meta name=\"twitter:data2\" content=\"Em Estoque\" \/>\n<script type=\"application\/ld+json\" class=\"yoast-schema-graph\">{\"@context\":\"https:\/\/schema.org\",\"@graph\":[{\"@type\":[\"WebPage\",\"ItemPage\"],\"@id\":\"https:\/\/centroreservasbariloche.com\/product\/buceo-bautismo-en-bariloche\",\"url\":\"https:\/\/centroreservasbariloche.com\/product\/buceo-bautismo-en-bariloche\",\"name\":\"Buceo Bautismo en Bariloche - Centro Reservas Bariloche Patagonia Argentina\",\"isPartOf\":{\"@id\":\"https:\/\/centroreservasbariloche.com\/#website\"},\"primaryImageOfPage\":{\"@id\":\"https:\/\/centroreservasbariloche.com\/product\/buceo-bautismo-en-bariloche#primaryimage\"},\"image\":{\"@id\":\"https:\/\/centroreservasbariloche.com\/product\/buceo-bautismo-en-bariloche#primaryimage\"},\"thumbnailUrl\":\"https:\/\/buck.getjasper.digital\/2026\/01\/tikiprincipal.jpeg\",\"datePublished\":\"2026-01-28T15:52:19+00:00\",\"dateModified\":\"2026-04-09T12:15:38+00:00\",\"description\":\"Viv\u00ed el buceo bautismo en el Lago Moreno con Centro de Reservas Bariloche. Ideal para grupos o agencias. Instructores certificados, equipo y traslado.\",\"breadcrumb\":{\"@id\":\"https:\/\/centroreservasbariloche.com\/product\/buceo-bautismo-en-bariloche#breadcrumb\"},\"inLanguage\":\"pt-BR\",\"potentialAction\":[{\"@type\":\"ReadAction\",\"target\":[\"https:\/\/centroreservasbariloche.com\/product\/buceo-bautismo-en-bariloche\"]}]},{\"@type\":\"ImageObject\",\"inLanguage\":\"pt-BR\",\"@id\":\"https:\/\/centroreservasbariloche.com\/product\/buceo-bautismo-en-bariloche#primaryimage\",\"url\":\"https:\/\/buck.getjasper.digital\/2026\/01\/tikiprincipal.jpeg\",\"contentUrl\":\"https:\/\/buck.getjasper.digital\/2026\/01\/tikiprincipal.jpeg\",\"width\":1120,\"height\":1280},{\"@type\":\"BreadcrumbList\",\"@id\":\"https:\/\/centroreservasbariloche.com\/product\/buceo-bautismo-en-bariloche#breadcrumb\",\"itemListElement\":[{\"@type\":\"ListItem\",\"position\":1,\"name\":\"Home\",\"item\":\"https:\/\/centroreservasbariloche.com\/\"},{\"@type\":\"ListItem\",\"position\":2,\"name\":\"Nuestras actividades\",\"item\":\"https:\/\/centroreservasbariloche.com\/shop\"},{\"@type\":\"ListItem\",\"position\":3,\"name\":\"Buceo Bautismo en Bariloche\"}]},{\"@type\":\"WebSite\",\"@id\":\"https:\/\/centroreservasbariloche.com\/#website\",\"url\":\"https:\/\/centroreservasbariloche.com\/\",\"name\":\"Centro Reservas Bariloche Patagonia Argentina\",\"description\":\"Centro Reservas Bariloche Patagonia\",\"publisher\":{\"@id\":\"https:\/\/centroreservasbariloche.com\/#organization\"},\"alternateName\":\"tur centra bariloche\",\"potentialAction\":[{\"@type\":\"SearchAction\",\"target\":{\"@type\":\"EntryPoint\",\"urlTemplate\":\"https:\/\/centroreservasbariloche.com\/?s={search_term_string}\"},\"query-input\":{\"@type\":\"PropertyValueSpecification\",\"valueRequired\":true,\"valueName\":\"search_term_string\"}}],\"inLanguage\":\"pt-BR\"},{\"@type\":[\"Organization\",\"Place\",\"TravelAgency\"],\"@id\":\"https:\/\/centroreservasbariloche.com\/#organization\",\"name\":\"Centro Reservas Bariloche\",\"alternateName\":\"Centro de Reservas\",\"url\":\"https:\/\/centroreservasbariloche.com\/\",\"logo\":{\"@id\":\"https:\/\/centroreservasbariloche.com\/product\/buceo-bautismo-en-bariloche#local-main-organization-logo\"},\"image\":{\"@id\":\"https:\/\/centroreservasbariloche.com\/product\/buceo-bautismo-en-bariloche#local-main-organization-logo\"},\"sameAs\":[\"https:\/\/www.facebook.com\/centroreservasbariloche\"],\"description\":\"Estamos comprometidos en brindarles una experiencia inolvidable, llena de aventura, belleza natural y descubrimientos. No importa si es su primera visita a Bariloche o si ya ha tenido el placer de conocerla, estamos seguros de que encontrar\u00e1 en nuestras excursiones la oportunidad de crear recuerdos duraderos.\",\"legalName\":\"Centro Reservas Bariloche\",\"address\":{\"@id\":\"https:\/\/centroreservasbariloche.com\/product\/buceo-bautismo-en-bariloche#local-main-place-address\"},\"telephone\":[],\"openingHoursSpecification\":[{\"@type\":\"OpeningHoursSpecification\",\"dayOfWeek\":[\"Monday\",\"Tuesday\",\"Wednesday\",\"Thursday\",\"Friday\",\"Saturday\",\"Sunday\"],\"opens\":\"09:00\",\"closes\":\"17:00\"}],\"priceRange\":\"$$\"},{\"@type\":\"PostalAddress\",\"@id\":\"https:\/\/centroreservasbariloche.com\/product\/buceo-bautismo-en-bariloche#local-main-place-address\",\"streetAddress\":\"Mitre 131\",\"addressLocality\":\"San Carlos de Bariloche\",\"postalCode\":\"8400\",\"addressRegion\":\"R\u00edo Negro\",\"addressCountry\":\"AR\"},{\"@type\":\"ImageObject\",\"inLanguage\":\"pt-BR\",\"@id\":\"https:\/\/centroreservasbariloche.com\/product\/buceo-bautismo-en-bariloche#local-main-organization-logo\",\"url\":\"https:\/\/buck.getjasper.digital\/2025\/06\/centro-de-reservas-2-1.png\",\"contentUrl\":\"https:\/\/buck.getjasper.digital\/2025\/06\/centro-de-reservas-2-1.png\",\"width\":512,\"height\":512,\"caption\":\"Centro Reservas Bariloche\"}]}<\/script>\n<meta property=\"product:price:amount\" content=\"132000.00\" \/>\n<meta property=\"product:price:currency\" content=\"ARS\" \/>\n<meta property=\"og:availability\" content=\"instock\" \/>\n<meta property=\"product:availability\" content=\"instock\" \/>\n<meta property=\"product:retailer_item_id\" content=\"ADV2026BABU9T4K\" \/>\n<meta property=\"product:condition\" content=\"new\" \/>\n<meta name=\"geo.placename\" content=\"San Carlos de Bariloche\" \/>\n<meta name=\"geo.region\" content=\"Argentina\" \/>\n<!-- \/ Yoast SEO Premium plugin. -->","yoast_head_json":{"title":"Descubra o mergulho em Bariloche - Centro Reservas Bariloche Patag\u00f4nia Argentina","description":"Experimente o mergulho de batismo no Lago Moreno com o Centro de Reservas Bariloche. Ideal para grupos ou ag\u00eancias. Instrutores certificados, equipamentos e traslado.","robots":{"index":"index","follow":"follow","max-snippet":"max-snippet:-1","max-image-preview":"max-image-preview:large","max-video-preview":"max-video-preview:-1"},"canonical":"https:\/\/centroreservasbariloche.com\/pt\/product\/batismo-de-mergulho-em-bariloche\/","og_locale":"pt_BR","og_type":"article","og_title":"Buceo Bautismo en Bariloche","og_description":"Viv\u00ed el buceo bautismo en el Lago Moreno con Centro de Reservas Bariloche. Ideal para grupos o agencias. Instructores certificados, equipo y traslado.","og_url":"https:\/\/centroreservasbariloche.com\/pt\/product\/batismo-de-mergulho-em-bariloche\/","og_site_name":"Centro Reservas Bariloche Patagonia Argentina","article_publisher":"https:\/\/www.facebook.com\/centroreservasbariloche","article_modified_time":"2026-04-09T12:15:38+00:00","og_image":[{"width":1120,"height":1280,"url":"https:\/\/buck.getjasper.digital\/2026\/01\/tikiprincipal.jpeg","type":"image\/jpeg"}],"twitter_card":"summary_large_image","twitter_misc":{"Pre\u00e7o":"&#36;&nbsp;132.000,00","Disponibilidade":"Em Estoque"},"schema":{"@context":"https:\/\/schema.org","@graph":[{"@type":["WebPage","ItemPage"],"@id":"https:\/\/centroreservasbariloche.com\/product\/buceo-bautismo-en-bariloche","url":"https:\/\/centroreservasbariloche.com\/product\/buceo-bautismo-en-bariloche","name":"Descubra o mergulho em Bariloche - Centro Reservas Bariloche Patag\u00f4nia Argentina","isPartOf":{"@id":"https:\/\/centroreservasbariloche.com\/#website"},"primaryImageOfPage":{"@id":"https:\/\/centroreservasbariloche.com\/product\/buceo-bautismo-en-bariloche#primaryimage"},"image":{"@id":"https:\/\/centroreservasbariloche.com\/product\/buceo-bautismo-en-bariloche#primaryimage"},"thumbnailUrl":"https:\/\/buck.getjasper.digital\/2026\/01\/tikiprincipal.jpeg","datePublished":"2026-01-28T15:52:19+00:00","dateModified":"2026-04-09T12:15:38+00:00","description":"Experimente o mergulho de batismo no Lago Moreno com o Centro de Reservas Bariloche. Ideal para grupos ou ag\u00eancias. Instrutores certificados, equipamentos e traslado.","breadcrumb":{"@id":"https:\/\/centroreservasbariloche.com\/product\/buceo-bautismo-en-bariloche#breadcrumb"},"inLanguage":"pt-BR","potentialAction":[{"@type":"ReadAction","target":["https:\/\/centroreservasbariloche.com\/product\/buceo-bautismo-en-bariloche"]}]},{"@type":"ImageObject","inLanguage":"pt-BR","@id":"https:\/\/centroreservasbariloche.com\/product\/buceo-bautismo-en-bariloche#primaryimage","url":"https:\/\/buck.getjasper.digital\/2026\/01\/tikiprincipal.jpeg","contentUrl":"https:\/\/buck.getjasper.digital\/2026\/01\/tikiprincipal.jpeg","width":1120,"height":1280},{"@type":"BreadcrumbList","@id":"https:\/\/centroreservasbariloche.com\/product\/buceo-bautismo-en-bariloche#breadcrumb","itemListElement":[{"@type":"ListItem","position":1,"name":"Home","item":"https:\/\/centroreservasbariloche.com\/"},{"@type":"ListItem","position":2,"name":"Nuestras actividades","item":"https:\/\/centroreservasbariloche.com\/shop"},{"@type":"ListItem","position":3,"name":"Buceo Bautismo en Bariloche"}]},{"@type":"WebSite","@id":"https:\/\/centroreservasbariloche.com\/#website","url":"https:\/\/centroreservasbariloche.com\/","name":"Centro de Reservas de Bariloche Patag\u00f4nia Argentina","description":"Central de Reservas de Bariloche Patag\u00f4nia","publisher":{"@id":"https:\/\/centroreservasbariloche.com\/#organization"},"alternateName":"tur centra bariloche","potentialAction":[{"@type":"SearchAction","target":{"@type":"EntryPoint","urlTemplate":"https:\/\/centroreservasbariloche.com\/?s={search_term_string}"},"query-input":{"@type":"PropertyValueSpecification","valueRequired":true,"valueName":"search_term_string"}}],"inLanguage":"pt-BR"},{"@type":["Organization","Place","TravelAgency"],"@id":"https:\/\/centroreservasbariloche.com\/#organization","name":"Centro de Reservas de Bariloche","alternateName":"Centro de Reservas","url":"https:\/\/centroreservasbariloche.com\/","logo":{"@id":"https:\/\/centroreservasbariloche.com\/product\/buceo-bautismo-en-bariloche#local-main-organization-logo"},"image":{"@id":"https:\/\/centroreservasbariloche.com\/product\/buceo-bautismo-en-bariloche#local-main-organization-logo"},"sameAs":["https:\/\/www.facebook.com\/centroreservasbariloche"],"description":"Temos o compromisso de proporcionar a voc\u00ea uma experi\u00eancia inesquec\u00edvel, cheia de aventura, beleza natural e descobertas. Quer seja sua primeira visita a Bariloche ou se j\u00e1 teve o prazer de conhec\u00ea-la, temos certeza de que encontrar\u00e1 em nossas excurs\u00f5es a oportunidade de criar mem\u00f3rias duradouras.","legalName":"Centro Reservas Bariloche","address":{"@id":"https:\/\/centroreservasbariloche.com\/product\/buceo-bautismo-en-bariloche#local-main-place-address"},"telephone":[],"openingHoursSpecification":[{"@type":"OpeningHoursSpecification","dayOfWeek":["Monday","Tuesday","Wednesday","Thursday","Friday","Saturday","Sunday"],"opens":"09:00","closes":"17:00"}],"priceRange":"$$"},{"@type":"PostalAddress","@id":"https:\/\/centroreservasbariloche.com\/product\/buceo-bautismo-en-bariloche#local-main-place-address","streetAddress":"Mitre 131","addressLocality":"San Carlos de Bariloche","postalCode":"8400","addressRegion":"R\u00edo Negro","addressCountry":"AR"},{"@type":"ImageObject","inLanguage":"pt-BR","@id":"https:\/\/centroreservasbariloche.com\/product\/buceo-bautismo-en-bariloche#local-main-organization-logo","url":"https:\/\/buck.getjasper.digital\/2025\/06\/centro-de-reservas-2-1.png","contentUrl":"https:\/\/buck.getjasper.digital\/2025\/06\/centro-de-reservas-2-1.png","width":512,"height":512,"caption":"Centro Reservas Bariloche"}]},"product_price_amount":"132000.00","product_price_currency":"ARS","og_availability":"instock","product_availability":"instock","product_retailer_item_id":"ADV2026BABU9T4K","product_condition":"new","geo.placename":"San Carlos de Bariloche","geo.region":"Argentina"},"_links":{"self":[{"href":"https:\/\/centroreservasbariloche.com\/pt\/wp-json\/wp\/v2\/product\/231841","targetHints":{"allow":["GET"]}}],"collection":[{"href":"https:\/\/centroreservasbariloche.com\/pt\/wp-json\/wp\/v2\/product"}],"about":[{"href":"https:\/\/centroreservasbariloche.com\/pt\/wp-json\/wp\/v2\/types\/product"}],"replies":[{"embeddable":true,"href":"https:\/\/centroreservasbariloche.com\/pt\/wp-json\/wp\/v2\/comments?post=231841"}],"wp:featuredmedia":[{"embeddable":true,"href":"https:\/\/centroreservasbariloche.com\/pt\/wp-json\/wp\/v2\/media\/231842"}],"wp:attachment":[{"href":"https:\/\/centroreservasbariloche.com\/pt\/wp-json\/wp\/v2\/media?parent=231841"}],"wp:term":[{"taxonomy":"product_brand","embeddable":true,"href":"https:\/\/centroreservasbariloche.com\/pt\/wp-json\/wp\/v2\/product_brand?post=231841"},{"taxonomy":"product_cat","embeddable":true,"href":"https:\/\/centroreservasbariloche.com\/pt\/wp-json\/wp\/v2\/product_cat?post=231841"},{"taxonomy":"product_tag","embeddable":true,"href":"https:\/\/centroreservasbariloche.com\/pt\/wp-json\/wp\/v2\/product_tag?post=231841"}],"curies":[{"name":"wp","href":"https:\/\/api.w.org\/{rel}","templated":true}]}}